{"id":184,"date":"2024-08-13T22:34:10","date_gmt":"2024-08-13T20:34:10","guid":{"rendered":"https:\/\/aikido-ando.nl\/?page_id=184"},"modified":"2025-05-25T19:53:47","modified_gmt":"2025-05-25T17:53:47","slug":"ando","status":"publish","type":"page","link":"https:\/\/aikido-ando.nl\/de\/ando\/","title":{"rendered":"Ando Aikikai Dojo"},"content":{"rendered":"<div data-elementor-type=\"wp-page\" data-elementor-id=\"184\" class=\"elementor elementor-184\" data-elementor-post-type=\"page\">\n\t\t\t\t<div class=\"elementor-element elementor-element-01ca9ca e-flex e-con-boxed e-con e-parent\" data-id=\"01ca9ca\" data-element_type=\"container\" data-e-type=\"container\">\n\t\t\t\t\t<div class=\"e-con-inner\">\n\t\t\t\t<div class=\"elementor-element elementor-element-d06ce41 elementor-widget elementor-widget-heading\" data-id=\"d06ce41\" data-element_type=\"widget\" data-e-type=\"widget\" data-widget_type=\"heading.default\">\n\t\t\t\t<div class=\"elementor-widget-container\">\n\t\t\t\t\t<h2 class=\"elementor-heading-title elementor-size-default\">Wir sind ein Aikikai-Dojo<\/h2>\t\t\t\t<\/div>\n\t\t\t\t<\/div>\n\t\t\t\t<div class=\"elementor-element elementor-element-92ff42e elementor-widget elementor-widget-text-editor\" data-id=\"92ff42e\" data-element_type=\"widget\" data-e-type=\"widget\" data-widget_type=\"text-editor.default\">\n\t\t\t\t<div class=\"elementor-widget-container\">\n\t\t\t\t\t\t\t\t\t<p><strong>Ando ist ein Aikikai Aikido Dojo, was ein \"Stil\" im Aikido ist. Wir werden Ihnen gleich mehr dar\u00fcber erz\u00e4hlen.\u00a0<\/strong><strong>Bei allem, was wir tun, glauben wir, dass jeder Mensch Inspiration, Motivation und ein Beispiel braucht, um das Beste aus sich herauszuholen. Wir glauben an ein anderes Denken, an Bewusstsein.<\/strong><\/p>\t\t\t\t\t\t\t\t<\/div>\n\t\t\t\t<\/div>\n\t\t\t\t<div class=\"elementor-element elementor-element-0d55a6f elementor-widget elementor-widget-text-editor\" data-id=\"0d55a6f\" data-element_type=\"widget\" data-e-type=\"widget\" data-widget_type=\"text-editor.default\">\n\t\t\t\t<div class=\"elementor-widget-container\">\n\t\t\t\t\t\t\t\t\t<p><a href=\"http:\/\/www.aikikai.or.jp\/eng\/aikido\/index.html\">Aikikai<\/a> Aikido ist ein \"Stil\" innerhalb des Aikido. Er wird oft als elegant und effektiv angesehen. Die Techniken sind weniger direkt und f\u00fchlen sich daher weniger plump an.<\/p><p>Die Art und Weise, wie wir Aikido-Unterricht anbieten, ist ein ma\u00dfgeschneidertes Programm f\u00fcr <a href=\"https:\/\/aikido-ando.nl\/de\/aikido-unterricht\/kinder-aikido-7\/\">Kinder<\/a>, <a href=\"https:\/\/aikido-ando.nl\/de\/jeugdles-aikido-12\/\">Jugend<\/a> und <a href=\"https:\/\/aikido-ando.nl\/de\/volwassenles-aikido\/\">Erwachsene<\/a>. Kraftvoll durch Einfachheit und konzentriert auf Ergebnisse. Dies spiegelt sich in unseren Aikido-Kursen wider, aber auch au\u00dferhalb der Matte basiert alles, was wir tun, auf dieser Philosophie.<\/p><p>Wussten Sie, dass Ando auch <a href=\"https:\/\/aikido-ando.nl\/de\/aikido-schule\/\">Schul-Aikido<\/a> an Grund- und Sekundarschulen gibt? <a href=\"https:\/\/aikido-ando.nl\/de\/aikido-schule\/\">Lesen Sie hier mehr dar\u00fcber.<\/a><\/p><p>Wir laden Sie ein, sich auf unserer Website umzusehen und mehr \u00fcber das 'Wie und Warum' des Aikido im Allgemeinen zu lesen. Aber auch \u00fcber Ando das Aikikai Aikido Dojo in den Niederlanden.<\/p><p>Wenn Sie es vorziehen, direkt auf die Matte zu gehen, ist das nat\u00fcrlich auch m\u00f6glich. Sie sind nat\u00fcrlich auch willkommen in <a href=\"https:\/\/aikido-ando.nl\/de\/aikido-locaties-en-tijden\/\">unser Dojo<\/a> in Ihrer N\u00e4he!<\/p>\t\t\t\t\t\t\t\t<\/div>\n\t\t\t\t<\/div>\n\t\t\t\t<div class=\"elementor-element elementor-element-84ff4e6 elementor-widget elementor-widget-image\" data-id=\"84ff4e6\" data-element_type=\"widget\" data-e-type=\"widget\" data-widget_type=\"image.default\">\n\t\t\t\t<div class=\"elementor-widget-container\">\n\t\t\t\t\t\t\t\t\t\t\t\t\t\t\t<img fetchpriority=\"high\" decoding=\"async\" width=\"1400\" height=\"400\" src=\"https:\/\/aikido-ando.nl\/wp-content\/uploads\/VeiligeSporten.webp\" class=\"attachment-large size-large wp-image-195\" alt=\"\" srcset=\"https:\/\/aikido-ando.nl\/wp-content\/uploads\/VeiligeSporten.webp 1400w, https:\/\/aikido-ando.nl\/wp-content\/uploads\/VeiligeSporten-768x219.webp 768w\" sizes=\"(max-width: 1400px) 100vw, 1400px\" \/>\t\t\t\t\t\t\t\t\t\t\t\t\t\t\t<\/div>\n\t\t\t\t<\/div>\n\t\t\t\t<div class=\"elementor-element elementor-element-3cd6d56 elementor-widget elementor-widget-heading\" data-id=\"3cd6d56\" data-element_type=\"widget\" data-e-type=\"widget\" data-widget_type=\"heading.default\">\n\t\t\t\t<div class=\"elementor-widget-container\">\n\t\t\t\t\t<h3 class=\"elementor-heading-title elementor-size-default\">Sicherheit und Integrit\u00e4t<\/h3>\t\t\t\t<\/div>\n\t\t\t\t<\/div>\n\t\t\t\t<div class=\"elementor-element elementor-element-d9d9dc5 elementor-widget elementor-widget-text-editor\" data-id=\"d9d9dc5\" data-element_type=\"widget\" data-e-type=\"widget\" data-widget_type=\"text-editor.default\">\n\t\t\t\t<div class=\"elementor-widget-container\">\n\t\t\t\t\t\t\t\t\t<p>Jeder auf der Matte sollte sich sicher f\u00fchlen. Als Teil der Sicherheit und Integrit\u00e4t in und um das Dojo beim \u00dcben von Aikido, Freiwilligenarbeit und organisatorischer Arbeit, hat die Aikido Schule Ando die folgende Richtlinie.<\/p><p><b>Die Aikido-Schule ANDO h\u00e4lt sich an die Verhaltensregeln<\/b> f\u00fcr Ausbilder und Aufsichtsbeh\u00f6rden, die sich mit grenz\u00fcberschreitendem Verhalten befassen, z. B. mit den Verhaltensregeln\u00a0<a href=\"https:\/\/centrumveiligesport.nl\/preventie\/gedragscodes\/gedragscode-voor-trainerscoaches-en-begeleiders\" target=\"_blank\" rel=\"noopener\">die die NOC*NSF erstellt hat<\/a>.<\/p><p>- Der Verhaltenskodex der Aikido-Schule ANDO f\u00fcr Direktoren, Angestellte und andere Verantwortliche lautet\u00a0<a href=\"https:\/\/aikido-ando.nl\/wp-content\/uploads\/AndoAikido_gedragscodes_Veiligesport_NOCNSF.pdf\" target=\"_blank\" rel=\"noopener\">hier lesen\/downloaden<\/a>.<\/p><p>- Die Aikido-Schule Ando hat eine Einstellungspolitik f\u00fcr neue Freiwillige.<\/p><p>- Aikido-Schule Ando hat <b>Audrey wird zur Vertrauensperson (Kontaktperson) ernannt<\/b> innerhalb ihrer Organisation. Sie ist zu erreichen unter <a href=\"mailto:vertrouwenspersoon@aikido-ando.nl\">vertrouwenspersoon@aikido-ando.nl<\/a>\u00a0Sie ist auch regelm\u00e4\u00dfig bei den Erwachsenenkursen auf der Matte zu finden. Sie ist die erste Anlaufstelle f\u00fcr Beschwerden \u00fcber \u00fcbergriffiges Verhalten, sexuelle Bel\u00e4stigung, Diskriminierung und inakzeptables Verhalten.<\/p>\t\t\t\t\t\t\t\t<\/div>\n\t\t\t\t<\/div>\n\t\t\t\t\t<\/div>\n\t\t\t\t<\/div>\n\t\t<div class=\"elementor-element elementor-element-269908bb e-con-full e-flex e-con e-parent\" data-id=\"269908bb\" data-element_type=\"container\" data-e-type=\"container\">\n\t\t\t\t<div class=\"elementor-element elementor-element-e599216 elementor-widget elementor-widget-shortcode\" data-id=\"e599216\" data-element_type=\"widget\" data-e-type=\"widget\" data-widget_type=\"shortcode.default\">\n\t\t\t\t<div class=\"elementor-widget-container\">\n\t\t\t\t\t\t\t<div class=\"elementor-shortcode\">\t\t<div data-elementor-type=\"section\" data-elementor-id=\"296\" class=\"elementor elementor-296\" data-elementor-post-type=\"elementor_library\">\n\t\t\t<div class=\"elementor-element elementor-element-31eba413 e-flex e-con-boxed e-con e-parent\" data-id=\"31eba413\" data-element_type=\"container\" data-e-type=\"container\" data-settings=\"{&quot;background_background&quot;:&quot;classic&quot;}\">\n\t\t\t\t\t<div class=\"e-con-inner\">\n\t\t\t\t<div class=\"elementor-element elementor-element-15e4890e elementor-widget elementor-widget-heading\" data-id=\"15e4890e\" data-element_type=\"widget\" data-e-type=\"widget\" data-widget_type=\"heading.default\">\n\t\t\t\t<div class=\"elementor-widget-container\">\n\t\t\t\t\t<div class=\"elementor-heading-title elementor-size-default\">Pers\u00f6nlich<br>\nWachstum in den eigenen H\u00e4nden<\/div>\t\t\t\t<\/div>\n\t\t\t\t<\/div>\n\t\t\t\t<div class=\"elementor-element elementor-element-7048f5f elementor-widget elementor-widget-heading\" data-id=\"7048f5f\" data-element_type=\"widget\" data-e-type=\"widget\" data-widget_type=\"heading.default\">\n\t\t\t\t<div class=\"elementor-widget-container\">\n\t\t\t\t\t<div class=\"elementor-heading-title elementor-size-default\">In was auch immer Sie wachsen wollen, mit Aikido werden Sie den Weg finden.<\/div>\t\t\t\t<\/div>\n\t\t\t\t<\/div>\n\t\t\t\t<div class=\"elementor-element elementor-element-7c66c64b elementor-align-center elementor-widget elementor-widget-button\" data-id=\"7c66c64b\" data-element_type=\"widget\" data-e-type=\"widget\" data-widget_type=\"button.default\">\n\t\t\t\t<div class=\"elementor-widget-container\">\n\t\t\t\t\t\t\t\t\t<div class=\"elementor-button-wrapper\">\n\t\t\t\t\t<a class=\"elementor-button elementor-button-link elementor-size-sm\" href=\"https:\/\/ando-aikido.gotgrib.nl\/member\/selfservice\/registration\/628769c029bbb\">\n\t\t\t\t\t\t<span class=\"elementor-button-content-wrapper\">\n\t\t\t\t\t\t\t\t\t<span class=\"elementor-button-text\">Termin f\u00fcr eine Einf\u00fchrungsstunde<\/span>\n\t\t\t\t\t<\/span>\n\t\t\t\t\t<\/a>\n\t\t\t\t<\/div>\n\t\t\t\t\t\t\t\t<\/div>\n\t\t\t\t<\/div>\n\t\t\t\t\t<\/div>\n\t\t\t\t<\/div>\n\t\t\t\t<\/div>\n\t\t<\/div>\n\t\t\t\t\t\t<\/div>\n\t\t\t\t<\/div>\n\t\t\t\t<\/div>\n\t\t\t\t<\/div>","protected":false},"excerpt":{"rendered":"<p>Wij zijn een Aikikai dojo Ando is een Aikikai Aikido dojo, dat is een &#8216;stijl&#8217; in het Aikido. Daarover vertellen we je dadelijk meer.\u00a0In alles wat we doen, geloven wij dat iedereen inspiratie, motivatie en een voorbeeld nodig heeft om het beste uit zichzelf te halen. Wij geloven in anders denken, in bewustwording. Aikikai Aikido [&hellip;]<\/p>\n","protected":false},"author":1,"featured_media":232,"parent":0,"menu_order":0,"comment_status":"closed","ping_status":"closed","template":"elementor_header_footer","meta":{"footnotes":""},"class_list":["post-184","page","type-page","status-publish","has-post-thumbnail","hentry"],"yoast_head":"<!-- This site is optimized with the Yoast SEO Premium plugin v27.3 (Yoast SEO v27.3) - https:\/\/yoast.com\/product\/yoast-seo-premium-wordpress\/ -->\n<title>Ando Aikikai Dojo - Aikido ANDO<\/title>\n<meta name=\"description\" content=\"Train Aikikai Aikido bij Ando in Eindhoven. Onze dojo biedt lessen voor alle leeftijden, geleid door ervaren instructeurs.\" \/>\n<meta name=\"robots\" content=\"index, follow, max-snippet:-1, max-image-preview:large, max-video-preview:-1\" \/>\n<link rel=\"canonical\" href=\"https:\/\/aikido-ando.nl\/de\/ando\/\" \/>\n<meta property=\"og:locale\" content=\"de_DE\" \/>\n<meta property=\"og:type\" content=\"article\" \/>\n<meta property=\"og:title\" content=\"Ando Aikikai Dojo\" \/>\n<meta property=\"og:description\" content=\"Train Aikikai Aikido bij Ando in Eindhoven. Onze dojo biedt lessen voor alle leeftijden, geleid door ervaren instructeurs.\" \/>\n<meta property=\"og:url\" content=\"https:\/\/aikido-ando.nl\/de\/ando\/\" \/>\n<meta property=\"og:site_name\" content=\"Aikido ANDO\" \/>\n<meta property=\"article:publisher\" content=\"https:\/\/www.facebook.com\/andoaikido\" \/>\n<meta property=\"article:modified_time\" content=\"2025-05-25T17:53:47+00:00\" \/>\n<meta property=\"og:image\" content=\"https:\/\/aikido-ando.nl\/wp-content\/uploads\/Kotegeashi.webp\" \/>\n\t<meta property=\"og:image:width\" content=\"1920\" \/>\n\t<meta property=\"og:image:height\" content=\"1080\" \/>\n\t<meta property=\"og:image:type\" content=\"image\/webp\" \/>\n<meta name=\"twitter:card\" content=\"summary_large_image\" \/>\n<meta name=\"twitter:label1\" content=\"Gesch\u00e4tzte Lesezeit\" \/>\n\t<meta name=\"twitter:data1\" content=\"2\u00a0Minuten\" \/>\n<script type=\"application\/ld+json\" class=\"yoast-schema-graph\">{\"@context\":\"https:\\\/\\\/schema.org\",\"@graph\":[{\"@type\":\"WebPage\",\"@id\":\"https:\\\/\\\/aikido-ando.nl\\\/ando\\\/\",\"url\":\"https:\\\/\\\/aikido-ando.nl\\\/ando\\\/\",\"name\":\"Ando Aikikai Dojo - Aikido ANDO\",\"isPartOf\":{\"@id\":\"https:\\\/\\\/aikido-ando.nl\\\/#website\"},\"primaryImageOfPage\":{\"@id\":\"https:\\\/\\\/aikido-ando.nl\\\/ando\\\/#primaryimage\"},\"image\":{\"@id\":\"https:\\\/\\\/aikido-ando.nl\\\/ando\\\/#primaryimage\"},\"thumbnailUrl\":\"https:\\\/\\\/aikido-ando.nl\\\/wp-content\\\/uploads\\\/Kotegeashi.webp\",\"datePublished\":\"2024-08-13T20:34:10+00:00\",\"dateModified\":\"2025-05-25T17:53:47+00:00\",\"description\":\"Train Aikikai Aikido bij Ando in Eindhoven. Onze dojo biedt lessen voor alle leeftijden, geleid door ervaren instructeurs.\",\"breadcrumb\":{\"@id\":\"https:\\\/\\\/aikido-ando.nl\\\/ando\\\/#breadcrumb\"},\"inLanguage\":\"de\",\"potentialAction\":[{\"@type\":\"ReadAction\",\"target\":[\"https:\\\/\\\/aikido-ando.nl\\\/ando\\\/\"]}]},{\"@type\":\"ImageObject\",\"inLanguage\":\"de\",\"@id\":\"https:\\\/\\\/aikido-ando.nl\\\/ando\\\/#primaryimage\",\"url\":\"https:\\\/\\\/aikido-ando.nl\\\/wp-content\\\/uploads\\\/Kotegeashi.webp\",\"contentUrl\":\"https:\\\/\\\/aikido-ando.nl\\\/wp-content\\\/uploads\\\/Kotegeashi.webp\",\"width\":1920,\"height\":1080},{\"@type\":\"BreadcrumbList\",\"@id\":\"https:\\\/\\\/aikido-ando.nl\\\/ando\\\/#breadcrumb\",\"itemListElement\":[{\"@type\":\"ListItem\",\"position\":1,\"name\":\"Home\",\"item\":\"https:\\\/\\\/aikido-ando.nl\\\/\"},{\"@type\":\"ListItem\",\"position\":2,\"name\":\"Ando Aikikai Dojo\"}]},{\"@type\":\"WebSite\",\"@id\":\"https:\\\/\\\/aikido-ando.nl\\\/#website\",\"url\":\"https:\\\/\\\/aikido-ando.nl\\\/\",\"name\":\"Aikido Ando\",\"description\":\"\",\"publisher\":{\"@id\":\"https:\\\/\\\/aikido-ando.nl\\\/#organization\"},\"potentialAction\":[{\"@type\":\"SearchAction\",\"target\":{\"@type\":\"EntryPoint\",\"urlTemplate\":\"https:\\\/\\\/aikido-ando.nl\\\/?s={search_term_string}\"},\"query-input\":{\"@type\":\"PropertyValueSpecification\",\"valueRequired\":true,\"valueName\":\"search_term_string\"}}],\"inLanguage\":\"de\"},{\"@type\":\"Organization\",\"@id\":\"https:\\\/\\\/aikido-ando.nl\\\/#organization\",\"name\":\"Aikido Ando\",\"url\":\"https:\\\/\\\/aikido-ando.nl\\\/\",\"logo\":{\"@type\":\"ImageObject\",\"inLanguage\":\"de\",\"@id\":\"https:\\\/\\\/aikido-ando.nl\\\/#\\\/schema\\\/logo\\\/image\\\/\",\"url\":\"https:\\\/\\\/aikido-ando.nl\\\/wp-content\\\/uploads\\\/Logo.webp\",\"contentUrl\":\"https:\\\/\\\/aikido-ando.nl\\\/wp-content\\\/uploads\\\/Logo.webp\",\"width\":500,\"height\":500,\"caption\":\"Aikido Ando\"},\"image\":{\"@id\":\"https:\\\/\\\/aikido-ando.nl\\\/#\\\/schema\\\/logo\\\/image\\\/\"},\"sameAs\":[\"https:\\\/\\\/www.facebook.com\\\/andoaikido\",\"https:\\\/\\\/www.instagram.com\\\/andoaikido\\\/\",\"https:\\\/\\\/www.tiktok.com\\\/404?fromUrl=\\\/andoaikido\",\"https:\\\/\\\/www.linkedin.com\\\/company\\\/andoaikido?originalSubdomain=nl\"]}]}<\/script>\n<!-- \/ Yoast SEO Premium plugin. -->","yoast_head_json":{"title":"Ando Aikikai Dojo - Aikido ANDO","description":"Train Aikikai Aikido bij Ando in Eindhoven. Onze dojo biedt lessen voor alle leeftijden, geleid door ervaren instructeurs.","robots":{"index":"index","follow":"follow","max-snippet":"max-snippet:-1","max-image-preview":"max-image-preview:large","max-video-preview":"max-video-preview:-1"},"canonical":"https:\/\/aikido-ando.nl\/de\/ando\/","og_locale":"de_DE","og_type":"article","og_title":"Ando Aikikai Dojo","og_description":"Train Aikikai Aikido bij Ando in Eindhoven. Onze dojo biedt lessen voor alle leeftijden, geleid door ervaren instructeurs.","og_url":"https:\/\/aikido-ando.nl\/de\/ando\/","og_site_name":"Aikido ANDO","article_publisher":"https:\/\/www.facebook.com\/andoaikido","article_modified_time":"2025-05-25T17:53:47+00:00","og_image":[{"width":1920,"height":1080,"url":"https:\/\/aikido-ando.nl\/wp-content\/uploads\/Kotegeashi.webp","type":"image\/webp"}],"twitter_card":"summary_large_image","twitter_misc":{"Gesch\u00e4tzte Lesezeit":"2\u00a0Minuten"},"schema":{"@context":"https:\/\/schema.org","@graph":[{"@type":"WebPage","@id":"https:\/\/aikido-ando.nl\/ando\/","url":"https:\/\/aikido-ando.nl\/ando\/","name":"Ando Aikikai Dojo - Aikido ANDO","isPartOf":{"@id":"https:\/\/aikido-ando.nl\/#website"},"primaryImageOfPage":{"@id":"https:\/\/aikido-ando.nl\/ando\/#primaryimage"},"image":{"@id":"https:\/\/aikido-ando.nl\/ando\/#primaryimage"},"thumbnailUrl":"https:\/\/aikido-ando.nl\/wp-content\/uploads\/Kotegeashi.webp","datePublished":"2024-08-13T20:34:10+00:00","dateModified":"2025-05-25T17:53:47+00:00","description":"Train Aikikai Aikido bij Ando in Eindhoven. Onze dojo biedt lessen voor alle leeftijden, geleid door ervaren instructeurs.","breadcrumb":{"@id":"https:\/\/aikido-ando.nl\/ando\/#breadcrumb"},"inLanguage":"de","potentialAction":[{"@type":"ReadAction","target":["https:\/\/aikido-ando.nl\/ando\/"]}]},{"@type":"ImageObject","inLanguage":"de","@id":"https:\/\/aikido-ando.nl\/ando\/#primaryimage","url":"https:\/\/aikido-ando.nl\/wp-content\/uploads\/Kotegeashi.webp","contentUrl":"https:\/\/aikido-ando.nl\/wp-content\/uploads\/Kotegeashi.webp","width":1920,"height":1080},{"@type":"BreadcrumbList","@id":"https:\/\/aikido-ando.nl\/ando\/#breadcrumb","itemListElement":[{"@type":"ListItem","position":1,"name":"Home","item":"https:\/\/aikido-ando.nl\/"},{"@type":"ListItem","position":2,"name":"Ando Aikikai Dojo"}]},{"@type":"WebSite","@id":"https:\/\/aikido-ando.nl\/#website","url":"https:\/\/aikido-ando.nl\/","name":"Aikido Ando","description":"","publisher":{"@id":"https:\/\/aikido-ando.nl\/#organization"},"potentialAction":[{"@type":"SearchAction","target":{"@type":"EntryPoint","urlTemplate":"https:\/\/aikido-ando.nl\/?s={search_term_string}"},"query-input":{"@type":"PropertyValueSpecification","valueRequired":true,"valueName":"search_term_string"}}],"inLanguage":"de"},{"@type":"Organization","@id":"https:\/\/aikido-ando.nl\/#organization","name":"Aikido Ando","url":"https:\/\/aikido-ando.nl\/","logo":{"@type":"ImageObject","inLanguage":"de","@id":"https:\/\/aikido-ando.nl\/#\/schema\/logo\/image\/","url":"https:\/\/aikido-ando.nl\/wp-content\/uploads\/Logo.webp","contentUrl":"https:\/\/aikido-ando.nl\/wp-content\/uploads\/Logo.webp","width":500,"height":500,"caption":"Aikido Ando"},"image":{"@id":"https:\/\/aikido-ando.nl\/#\/schema\/logo\/image\/"},"sameAs":["https:\/\/www.facebook.com\/andoaikido","https:\/\/www.instagram.com\/andoaikido\/","https:\/\/www.tiktok.com\/404?fromUrl=\/andoaikido","https:\/\/www.linkedin.com\/company\/andoaikido?originalSubdomain=nl"]}]}},"_links":{"self":[{"href":"https:\/\/aikido-ando.nl\/de\/wp-json\/wp\/v2\/pages\/184","targetHints":{"allow":["GET"]}}],"collection":[{"href":"https:\/\/aikido-ando.nl\/de\/wp-json\/wp\/v2\/pages"}],"about":[{"href":"https:\/\/aikido-ando.nl\/de\/wp-json\/wp\/v2\/types\/page"}],"author":[{"embeddable":true,"href":"https:\/\/aikido-ando.nl\/de\/wp-json\/wp\/v2\/users\/1"}],"replies":[{"embeddable":true,"href":"https:\/\/aikido-ando.nl\/de\/wp-json\/wp\/v2\/comments?post=184"}],"version-history":[{"count":0,"href":"https:\/\/aikido-ando.nl\/de\/wp-json\/wp\/v2\/pages\/184\/revisions"}],"wp:featuredmedia":[{"embeddable":true,"href":"https:\/\/aikido-ando.nl\/de\/wp-json\/wp\/v2\/media\/232"}],"wp:attachment":[{"href":"https:\/\/aikido-ando.nl\/de\/wp-json\/wp\/v2\/media?parent=184"}],"curies":[{"name":"wp","href":"https:\/\/api.w.org\/{rel}","templated":true}]}}