{"id":339,"date":"2024-08-14T01:43:55","date_gmt":"2024-08-13T23:43:55","guid":{"rendered":"https:\/\/aikido-ando.nl\/?page_id=339"},"modified":"2025-12-30T10:46:21","modified_gmt":"2025-12-30T09:46:21","slug":"aikido-filosofie-2","status":"publish","type":"page","link":"https:\/\/aikido-ando.nl\/de\/aikido-filosofie-2\/","title":{"rendered":"Aikido-Philosophie"},"content":{"rendered":"<div data-elementor-type=\"wp-page\" data-elementor-id=\"339\" class=\"elementor elementor-339\" data-elementor-post-type=\"page\">\n\t\t\t\t<div class=\"elementor-element elementor-element-2bee2a06 e-flex e-con-boxed e-con e-parent\" data-id=\"2bee2a06\" data-element_type=\"container\" data-e-type=\"container\">\n\t\t\t\t\t<div class=\"e-con-inner\">\n\t\t\t\t<div class=\"elementor-element elementor-element-66222565 elementor-widget elementor-widget-heading\" data-id=\"66222565\" data-element_type=\"widget\" data-e-type=\"widget\" data-widget_type=\"heading.default\">\n\t\t\t\t<div class=\"elementor-widget-container\">\n\t\t\t\t\t<h2 class=\"elementor-heading-title elementor-size-default\">Aikido-Philosophie erkl\u00e4rt<\/h2>\t\t\t\t<\/div>\n\t\t\t\t<\/div>\n\t\t\t\t<div class=\"elementor-element elementor-element-17b69581 elementor-widget elementor-widget-text-editor\" data-id=\"17b69581\" data-element_type=\"widget\" data-e-type=\"widget\" data-widget_type=\"text-editor.default\">\n\t\t\t\t<div class=\"elementor-widget-container\">\n\t\t\t\t\t\t\t\t\t<p><strong>Aikido ist keine Kunst, um mit Feinden zu k\u00e4mpfen und sie zu besiegen. Es ist ein Weg, alle Menschen dazu zu bringen, in Harmonie miteinander zu leben, als ob alle eine Familie w\u00e4ren. Das Geheimnis des Aikido besteht darin, sich mit dem Universum zu vereinen und mit seinen nat\u00fcrlichen Bewegungen mitzugehen.\u00a0<\/strong><\/p><p><strong>-\u00a0<a href=\"https:\/\/aikido-ando.nl\/de\/grunder-aikido-2\/\">Morihei Ueshiba<\/a>\u00a0(Gr\u00fcnder)\u00a0\u00a0<\/strong><\/p>\t\t\t\t\t\t\t\t<\/div>\n\t\t\t\t<\/div>\n\t\t\t\t\t<\/div>\n\t\t\t\t<\/div>\n\t\t<div class=\"elementor-element elementor-element-206f03c e-flex e-con-boxed e-con e-parent\" data-id=\"206f03c\" data-element_type=\"container\" data-e-type=\"container\">\n\t\t\t\t\t<div class=\"e-con-inner\">\n\t\t<div class=\"elementor-element elementor-element-9e17305 e-con-full e-flex e-con e-child\" data-id=\"9e17305\" data-element_type=\"container\" data-e-type=\"container\">\n\t\t\t\t<div class=\"elementor-element elementor-element-340c5b36 elementor-widget elementor-widget-text-editor\" data-id=\"340c5b36\" data-element_type=\"widget\" data-e-type=\"widget\" data-widget_type=\"text-editor.default\">\n\t\t\t\t<div class=\"elementor-widget-container\">\n\t\t\t\t\t\t\t\t\t<p>Ando hat vor, seinen Beitrag zu dieser Welt zu leisten. Unter\u00a0<strong>Menschen zu ihrer Individualit\u00e4t zur\u00fcckbringen<\/strong>\u00a0und innere St\u00e4rke. Diese mit ihrer Lebenskraft und dem Universum zu verbinden, wie die Aikido-Philosophie.<\/p><p>Der Schl\u00fcssel liegt in dem Wort ai- verborgen.<b>KI<\/b>-tun. Unser\u00a0<strong>Die st\u00e4rkste Kraft, die es gibt, ist deine innere St\u00e4rke.<\/strong>\u00a0(Ki), auch bekannt als Lebensenergie. Sowohl in der Yoga- als auch in der Aikido-Tradition ist die Lebensenergie die Quelle unserer Existenz. Sie schafft Gleichgewicht und Frieden in unserem Leben.<\/p><p>Das Gleichgewicht im K\u00f6rper ist die Grundlage f\u00fcr\u00a0<strong>Gleichgewicht im Leben<\/strong>. Doch die Hektik des Alltags bringt uns zunehmend aus dem Gleichgewicht. Und schafft einen N\u00e4hrboden, auf dem Unruhe und \u00dcberforderung (Stress) zu viel Raum bekommen. Stress ist oft die Ursache f\u00fcr viele Krankheiten, mit denen wir heute konfrontiert sind.<\/p><p>Das Praktizieren dieser Aikido-Philosophie schafft letztlich einen inneren Frieden, der nicht durch die endlosen Spannungen und K\u00e4mpfe des Lebens gest\u00f6rt wird. Diese japanische Kampfkunst ist auch als der Weg der Harmonie und der Liebe bekannt, aber das ist nat\u00fcrlich leichter gesagt als getan.<\/p>\t\t\t\t\t\t\t\t<\/div>\n\t\t\t\t<\/div>\n\t\t\t\t<\/div>\n\t\t<div class=\"elementor-element elementor-element-8254987 e-con-full e-flex e-con e-child\" data-id=\"8254987\" data-element_type=\"container\" data-e-type=\"container\">\n\t\t\t\t<div class=\"elementor-element elementor-element-61e51cd7 elementor-widget elementor-widget-heading\" data-id=\"61e51cd7\" data-element_type=\"widget\" data-e-type=\"widget\" data-widget_type=\"heading.default\">\n\t\t\t\t<div class=\"elementor-widget-container\">\n\t\t\t\t\t<h3 class=\"elementor-heading-title elementor-size-default\">Selbstentdeckung und Transformation<\/h3>\t\t\t\t<\/div>\n\t\t\t\t<\/div>\n\t\t\t\t<div class=\"elementor-element elementor-element-54809f9d elementor-widget elementor-widget-text-editor\" data-id=\"54809f9d\" data-element_type=\"widget\" data-e-type=\"widget\" data-widget_type=\"text-editor.default\">\n\t\t\t\t<div class=\"elementor-widget-container\">\n\t\t\t\t\t\t\t\t\tSchlie\u00dflich leben wir in der Dualit\u00e4t, d.h. wir haben es mit einem Ego zu tun. Dieses vergleicht sich mit seiner Umwelt (muss besser, sch\u00f6ner usw. sein) und unserem wahren \"Sein\" (Kern).\n\nDas Ego hat in unserer Gesellschaft eine gro\u00dfe Stimme bekommen und verdr\u00e4ngt die eigene innere Stimme.\n\nWir haben begonnen, mehr und mehr nach dem \u00e4u\u00dferen Erscheinungsbild zu leben. W\u00fcnsche von anderen, Akzeptanz von ungl\u00fccklichen Situationen usw.\u00a0<strong>Der Trick besteht darin, zu sich selbst zur\u00fcckzufinden. Wieder in Kontakt mit dieser inneren Stimme und Kraft zu kommen.<\/strong>\u00a0Wer wei\u00df schon, welchen Weg Sie gehen wollen und wie Sie Ihr Leben leben m\u00f6chten. Unabh\u00e4ngig davon, was andere von Ihnen erwarten und denken. Wenn du in deiner eigenen Kraft bist, bist du in Verbindung mit dir und allem um dich herum. Die Lebensenergie (Ki) kann dann flie\u00dfen und erschaffen. Es ist eine unendliche Energie, die jedem zug\u00e4nglich ist.\n\nDer Weg dorthin ist\u00a0<strong>der erste Schritt, um mit Aikido zu beginnen<\/strong>\u00a0Trainingseinheiten. Auf der Matte werden Sie \"eine Begegnung mit sich selbst\" haben. Dies geschieht in einer liebevollen Art und Weise. So wird Ihnen ein Spiegel vorgehalten, w\u00e4hrend Sie \u00fcben\u00a0<a href=\"https:\/\/aikido-ando.nl\/de\/aikido-als-selbstverteidigung\/\">Aikido<\/a>. Die Menschen reagieren auf die Projektionen, die Sie aussenden, und spiegeln Ihr Verhalten wider. Ein Verhalten, das sich aus Mustern ergibt, die durch Gedanken und Gef\u00fchle entstehen. Indem Sie mehr Einsicht in Ihre eigenen Muster gewinnen, k\u00f6nnen Sie sie mit k\u00f6rperlichen Mitteln umkehren oder ver\u00e4ndern. Im Ando Aikido arbeiten wir in Schichten. So wie eine Zwiebel immer tiefer in den Kern vordringt. F\u00fcr diesen Prozess brauchen Sie einen Mentor, einen Sensei, der Sie inspiriert, motiviert und Ihnen ein Beispiel gibt.\t\t\t\t\t\t\t\t<\/div>\n\t\t\t\t<\/div>\n\t\t\t\t<\/div>\n\t\t\t\t\t<\/div>\n\t\t\t\t<\/div>\n\t\t<div class=\"elementor-element elementor-element-1c4f33f e-flex e-con-boxed e-con e-parent\" data-id=\"1c4f33f\" data-element_type=\"container\" data-e-type=\"container\" data-settings=\"{&quot;background_background&quot;:&quot;classic&quot;}\">\n\t\t\t\t\t<div class=\"e-con-inner\">\n\t\t<div class=\"elementor-element elementor-element-5caae40 e-con-full e-flex e-con e-child\" data-id=\"5caae40\" data-element_type=\"container\" data-e-type=\"container\" data-settings=\"{&quot;background_background&quot;:&quot;classic&quot;}\">\n\t\t\t\t<div class=\"elementor-element elementor-element-4774620 elementor-widget elementor-widget-text-editor\" data-id=\"4774620\" data-element_type=\"widget\" data-e-type=\"widget\" data-widget_type=\"text-editor.default\">\n\t\t\t\t<div class=\"elementor-widget-container\">\n\t\t\t\t\t\t\t\t\tMorihei Ueshiba liest\t\t\t\t\t\t\t\t<\/div>\n\t\t\t\t<\/div>\n\t\t\t\t<\/div>\n\t\t<div class=\"elementor-element elementor-element-c95851a e-con-full e-flex e-con e-child\" data-id=\"c95851a\" data-element_type=\"container\" data-e-type=\"container\" data-settings=\"{&quot;background_background&quot;:&quot;classic&quot;}\">\n\t\t\t\t<div class=\"elementor-element elementor-element-48378ed elementor-widget elementor-widget-text-editor\" data-id=\"48378ed\" data-element_type=\"widget\" data-e-type=\"widget\" data-widget_type=\"text-editor.default\">\n\t\t\t\t<div class=\"elementor-widget-container\">\n\t\t\t\t\t\t\t\t\tO'sensei schreibt Kanji\t\t\t\t\t\t\t\t<\/div>\n\t\t\t\t<\/div>\n\t\t\t\t<\/div>\n\t\t<div class=\"elementor-element elementor-element-e8b7b09 e-con-full e-flex e-con e-child\" data-id=\"e8b7b09\" data-element_type=\"container\" data-e-type=\"container\" data-settings=\"{&quot;background_background&quot;:&quot;classic&quot;}\">\n\t\t\t\t<div class=\"elementor-element elementor-element-1adb837 elementor-widget elementor-widget-text-editor\" data-id=\"1adb837\" data-element_type=\"widget\" data-e-type=\"widget\" data-widget_type=\"text-editor.default\">\n\t\t\t\t<div class=\"elementor-widget-container\">\n\t\t\t\t\t\t\t\t\tO'sensei lehrt die Aikido-Philosophie\t\t\t\t\t\t\t\t<\/div>\n\t\t\t\t<\/div>\n\t\t\t\t<\/div>\n\t\t\t\t\t<\/div>\n\t\t\t\t<\/div>\n\t\t<div class=\"elementor-element elementor-element-31a45e5 e-flex e-con-boxed e-con e-parent\" data-id=\"31a45e5\" data-element_type=\"container\" data-e-type=\"container\">\n\t\t\t\t\t<div class=\"e-con-inner\">\n\t\t\t\t<div class=\"elementor-element elementor-element-5c03acd elementor-widget elementor-widget-heading\" data-id=\"5c03acd\" data-element_type=\"widget\" data-e-type=\"widget\" data-widget_type=\"heading.default\">\n\t\t\t\t<div class=\"elementor-widget-container\">\n\t\t\t\t\t<h2 class=\"elementor-heading-title elementor-size-default\">Aikido-Philosophie im t\u00e4glichen Leben<\/h2>\t\t\t\t<\/div>\n\t\t\t\t<\/div>\n\t\t\t\t<div class=\"elementor-element elementor-element-a308199 elementor-widget elementor-widget-text-editor\" data-id=\"a308199\" data-element_type=\"widget\" data-e-type=\"widget\" data-widget_type=\"text-editor.default\">\n\t\t\t\t<div class=\"elementor-widget-container\">\n\t\t\t\t\t\t\t\t\t<p>Aikido ist nicht auf das Dojo beschr\u00e4nkt; Sie werden den Unterschied bemerken, sobald Sie das Prinzip verstanden haben. Wie Wim Slui sagen w\u00fcrde: \"Man sieht es erst, wenn man den Dreh raus hat\". Sensei Edo und Anne beschreiben es als \u00e4hnlich wie das \"Omdenkenken\".<a href=\"https:\/\/aikido-ando.nl\/de\/aikido-im-taglichen-leben\/\"><strong>\u00a0Sehen Sie sich das an und lesen Sie hier mehr.<\/strong><\/a><\/p>\t\t\t\t\t\t\t\t<\/div>\n\t\t\t\t<\/div>\n\t\t\t\t\t<\/div>\n\t\t\t\t<\/div>\n\t\t<div class=\"elementor-element elementor-element-37129fe4 e-con-full e-flex e-con e-parent\" data-id=\"37129fe4\" data-element_type=\"container\" data-e-type=\"container\">\n\t\t\t\t<div class=\"elementor-element elementor-element-6ec94342 elementor-widget elementor-widget-shortcode\" data-id=\"6ec94342\" data-element_type=\"widget\" data-e-type=\"widget\" data-widget_type=\"shortcode.default\">\n\t\t\t\t<div class=\"elementor-widget-container\">\n\t\t\t\t\t\t\t<div class=\"elementor-shortcode\">\t\t<div data-elementor-type=\"section\" data-elementor-id=\"296\" class=\"elementor elementor-296\" data-elementor-post-type=\"elementor_library\">\n\t\t\t<div class=\"elementor-element elementor-element-31eba413 e-flex e-con-boxed e-con e-parent\" data-id=\"31eba413\" data-element_type=\"container\" data-e-type=\"container\" data-settings=\"{&quot;background_background&quot;:&quot;classic&quot;}\">\n\t\t\t\t\t<div class=\"e-con-inner\">\n\t\t\t\t<div class=\"elementor-element elementor-element-15e4890e elementor-widget elementor-widget-heading\" data-id=\"15e4890e\" data-element_type=\"widget\" data-e-type=\"widget\" data-widget_type=\"heading.default\">\n\t\t\t\t<div class=\"elementor-widget-container\">\n\t\t\t\t\t<div class=\"elementor-heading-title elementor-size-default\">Pers\u00f6nlich<br>\nWachstum in den eigenen H\u00e4nden<\/div>\t\t\t\t<\/div>\n\t\t\t\t<\/div>\n\t\t\t\t<div class=\"elementor-element elementor-element-7048f5f elementor-widget elementor-widget-heading\" data-id=\"7048f5f\" data-element_type=\"widget\" data-e-type=\"widget\" data-widget_type=\"heading.default\">\n\t\t\t\t<div class=\"elementor-widget-container\">\n\t\t\t\t\t<div class=\"elementor-heading-title elementor-size-default\">In was auch immer Sie wachsen wollen, mit Aikido werden Sie den Weg finden.<\/div>\t\t\t\t<\/div>\n\t\t\t\t<\/div>\n\t\t\t\t<div class=\"elementor-element elementor-element-7c66c64b elementor-align-center elementor-widget elementor-widget-button\" data-id=\"7c66c64b\" data-element_type=\"widget\" data-e-type=\"widget\" data-widget_type=\"button.default\">\n\t\t\t\t<div class=\"elementor-widget-container\">\n\t\t\t\t\t\t\t\t\t<div class=\"elementor-button-wrapper\">\n\t\t\t\t\t<a class=\"elementor-button elementor-button-link elementor-size-sm\" href=\"https:\/\/ando-aikido.gotgrib.nl\/member\/selfservice\/registration\/628769c029bbb\">\n\t\t\t\t\t\t<span class=\"elementor-button-content-wrapper\">\n\t\t\t\t\t\t\t\t\t<span class=\"elementor-button-text\">Termin f\u00fcr eine Einf\u00fchrungsstunde<\/span>\n\t\t\t\t\t<\/span>\n\t\t\t\t\t<\/a>\n\t\t\t\t<\/div>\n\t\t\t\t\t\t\t\t<\/div>\n\t\t\t\t<\/div>\n\t\t\t\t\t<\/div>\n\t\t\t\t<\/div>\n\t\t\t\t<\/div>\n\t\t<\/div>\n\t\t\t\t\t\t<\/div>\n\t\t\t\t<\/div>\n\t\t\t\t<\/div>\n\t\t\t\t<\/div>","protected":false},"excerpt":{"rendered":"<p>De Aikido filosofie uitgelegd \u2018Aikido is not an art to fight with enemies and defeat them. It is a way to lead all human beings to live in harmony with each other as though everyone were one family. The secret of aikido is to make yourself become one with the universe and to go along [&hellip;]<\/p>\n","protected":false},"author":1,"featured_media":1660,"parent":0,"menu_order":0,"comment_status":"closed","ping_status":"closed","template":"elementor_header_footer","meta":{"footnotes":""},"class_list":["post-339","page","type-page","status-publish","has-post-thumbnail","hentry"],"yoast_head":"<!-- This site is optimized with the Yoast SEO Premium plugin v27.3 (Yoast SEO v27.3) - https:\/\/yoast.com\/product\/yoast-seo-premium-wordpress\/ -->\n<title>Aikido filosofie - Aikido ANDO<\/title>\n<meta name=\"description\" content=\"Aikido filosofie bij Ando: leer de kunst van balans, harmonie en zelfontwikkeling. Ontdek de diepere betekenis van Aikido in Nederland.\" \/>\n<meta name=\"robots\" content=\"index, follow, max-snippet:-1, max-image-preview:large, max-video-preview:-1\" \/>\n<link rel=\"canonical\" href=\"https:\/\/aikido-ando.nl\/de\/aikido-filosofie-2\/\" \/>\n<meta property=\"og:locale\" content=\"de_DE\" \/>\n<meta property=\"og:type\" content=\"article\" \/>\n<meta property=\"og:title\" content=\"Aikido filosofie\" \/>\n<meta property=\"og:description\" content=\"Aikido filosofie bij Ando: leer de kunst van balans, harmonie en zelfontwikkeling. Ontdek de diepere betekenis van Aikido in Nederland.\" \/>\n<meta property=\"og:url\" content=\"https:\/\/aikido-ando.nl\/de\/aikido-filosofie-2\/\" \/>\n<meta property=\"og:site_name\" content=\"Aikido ANDO\" \/>\n<meta property=\"article:publisher\" content=\"https:\/\/www.facebook.com\/andoaikido\" \/>\n<meta property=\"article:modified_time\" content=\"2025-12-30T09:46:21+00:00\" \/>\n<meta property=\"og:image\" content=\"https:\/\/aikido-ando.nl\/wp-content\/uploads\/Ando_Aikido_Dojo_Aikikai_Netherlands_Dutch.webp\" \/>\n\t<meta property=\"og:image:width\" content=\"1920\" \/>\n\t<meta property=\"og:image:height\" content=\"600\" \/>\n\t<meta property=\"og:image:type\" content=\"image\/webp\" \/>\n<meta name=\"twitter:card\" content=\"summary_large_image\" \/>\n<meta name=\"twitter:label1\" content=\"Gesch\u00e4tzte Lesezeit\" \/>\n\t<meta name=\"twitter:data1\" content=\"3\u00a0Minuten\" \/>\n<script type=\"application\/ld+json\" class=\"yoast-schema-graph\">{\"@context\":\"https:\\\/\\\/schema.org\",\"@graph\":[{\"@type\":\"WebPage\",\"@id\":\"https:\\\/\\\/aikido-ando.nl\\\/aikido-filosofie-2\\\/\",\"url\":\"https:\\\/\\\/aikido-ando.nl\\\/aikido-filosofie-2\\\/\",\"name\":\"Aikido filosofie - Aikido ANDO\",\"isPartOf\":{\"@id\":\"https:\\\/\\\/aikido-ando.nl\\\/#website\"},\"primaryImageOfPage\":{\"@id\":\"https:\\\/\\\/aikido-ando.nl\\\/aikido-filosofie-2\\\/#primaryimage\"},\"image\":{\"@id\":\"https:\\\/\\\/aikido-ando.nl\\\/aikido-filosofie-2\\\/#primaryimage\"},\"thumbnailUrl\":\"https:\\\/\\\/aikido-ando.nl\\\/wp-content\\\/uploads\\\/Ando_Aikido_Dojo_Aikikai_Netherlands_Dutch.webp\",\"datePublished\":\"2024-08-13T23:43:55+00:00\",\"dateModified\":\"2025-12-30T09:46:21+00:00\",\"description\":\"Aikido filosofie bij Ando: leer de kunst van balans, harmonie en zelfontwikkeling. Ontdek de diepere betekenis van Aikido in Nederland.\",\"breadcrumb\":{\"@id\":\"https:\\\/\\\/aikido-ando.nl\\\/aikido-filosofie-2\\\/#breadcrumb\"},\"inLanguage\":\"de\",\"potentialAction\":[{\"@type\":\"ReadAction\",\"target\":[\"https:\\\/\\\/aikido-ando.nl\\\/aikido-filosofie-2\\\/\"]}]},{\"@type\":\"ImageObject\",\"inLanguage\":\"de\",\"@id\":\"https:\\\/\\\/aikido-ando.nl\\\/aikido-filosofie-2\\\/#primaryimage\",\"url\":\"https:\\\/\\\/aikido-ando.nl\\\/wp-content\\\/uploads\\\/Ando_Aikido_Dojo_Aikikai_Netherlands_Dutch.webp\",\"contentUrl\":\"https:\\\/\\\/aikido-ando.nl\\\/wp-content\\\/uploads\\\/Ando_Aikido_Dojo_Aikikai_Netherlands_Dutch.webp\",\"width\":1920,\"height\":600,\"caption\":\"Sensei Edo en Anne natuur talent in Aikido. Shidoin titel gekregen door Yoshimitsu Yamada. Geven Aikido geven Aikido les over de hele wereld.\"},{\"@type\":\"BreadcrumbList\",\"@id\":\"https:\\\/\\\/aikido-ando.nl\\\/aikido-filosofie-2\\\/#breadcrumb\",\"itemListElement\":[{\"@type\":\"ListItem\",\"position\":1,\"name\":\"Home\",\"item\":\"https:\\\/\\\/aikido-ando.nl\\\/\"},{\"@type\":\"ListItem\",\"position\":2,\"name\":\"Aikido filosofie\"}]},{\"@type\":\"WebSite\",\"@id\":\"https:\\\/\\\/aikido-ando.nl\\\/#website\",\"url\":\"https:\\\/\\\/aikido-ando.nl\\\/\",\"name\":\"Aikido Ando\",\"description\":\"\",\"publisher\":{\"@id\":\"https:\\\/\\\/aikido-ando.nl\\\/#organization\"},\"potentialAction\":[{\"@type\":\"SearchAction\",\"target\":{\"@type\":\"EntryPoint\",\"urlTemplate\":\"https:\\\/\\\/aikido-ando.nl\\\/?s={search_term_string}\"},\"query-input\":{\"@type\":\"PropertyValueSpecification\",\"valueRequired\":true,\"valueName\":\"search_term_string\"}}],\"inLanguage\":\"de\"},{\"@type\":\"Organization\",\"@id\":\"https:\\\/\\\/aikido-ando.nl\\\/#organization\",\"name\":\"Aikido Ando\",\"url\":\"https:\\\/\\\/aikido-ando.nl\\\/\",\"logo\":{\"@type\":\"ImageObject\",\"inLanguage\":\"de\",\"@id\":\"https:\\\/\\\/aikido-ando.nl\\\/#\\\/schema\\\/logo\\\/image\\\/\",\"url\":\"https:\\\/\\\/aikido-ando.nl\\\/wp-content\\\/uploads\\\/Logo.webp\",\"contentUrl\":\"https:\\\/\\\/aikido-ando.nl\\\/wp-content\\\/uploads\\\/Logo.webp\",\"width\":500,\"height\":500,\"caption\":\"Aikido Ando\"},\"image\":{\"@id\":\"https:\\\/\\\/aikido-ando.nl\\\/#\\\/schema\\\/logo\\\/image\\\/\"},\"sameAs\":[\"https:\\\/\\\/www.facebook.com\\\/andoaikido\",\"https:\\\/\\\/www.instagram.com\\\/andoaikido\\\/\",\"https:\\\/\\\/www.tiktok.com\\\/404?fromUrl=\\\/andoaikido\",\"https:\\\/\\\/www.linkedin.com\\\/company\\\/andoaikido?originalSubdomain=nl\"]}]}<\/script>\n<!-- \/ Yoast SEO Premium plugin. -->","yoast_head_json":{"title":"Aikido filosofie - Aikido ANDO","description":"Aikido filosofie bij Ando: leer de kunst van balans, harmonie en zelfontwikkeling. Ontdek de diepere betekenis van Aikido in Nederland.","robots":{"index":"index","follow":"follow","max-snippet":"max-snippet:-1","max-image-preview":"max-image-preview:large","max-video-preview":"max-video-preview:-1"},"canonical":"https:\/\/aikido-ando.nl\/de\/aikido-filosofie-2\/","og_locale":"de_DE","og_type":"article","og_title":"Aikido filosofie","og_description":"Aikido filosofie bij Ando: leer de kunst van balans, harmonie en zelfontwikkeling. Ontdek de diepere betekenis van Aikido in Nederland.","og_url":"https:\/\/aikido-ando.nl\/de\/aikido-filosofie-2\/","og_site_name":"Aikido ANDO","article_publisher":"https:\/\/www.facebook.com\/andoaikido","article_modified_time":"2025-12-30T09:46:21+00:00","og_image":[{"width":1920,"height":600,"url":"https:\/\/aikido-ando.nl\/wp-content\/uploads\/Ando_Aikido_Dojo_Aikikai_Netherlands_Dutch.webp","type":"image\/webp"}],"twitter_card":"summary_large_image","twitter_misc":{"Gesch\u00e4tzte Lesezeit":"3\u00a0Minuten"},"schema":{"@context":"https:\/\/schema.org","@graph":[{"@type":"WebPage","@id":"https:\/\/aikido-ando.nl\/aikido-filosofie-2\/","url":"https:\/\/aikido-ando.nl\/aikido-filosofie-2\/","name":"Aikido filosofie - Aikido ANDO","isPartOf":{"@id":"https:\/\/aikido-ando.nl\/#website"},"primaryImageOfPage":{"@id":"https:\/\/aikido-ando.nl\/aikido-filosofie-2\/#primaryimage"},"image":{"@id":"https:\/\/aikido-ando.nl\/aikido-filosofie-2\/#primaryimage"},"thumbnailUrl":"https:\/\/aikido-ando.nl\/wp-content\/uploads\/Ando_Aikido_Dojo_Aikikai_Netherlands_Dutch.webp","datePublished":"2024-08-13T23:43:55+00:00","dateModified":"2025-12-30T09:46:21+00:00","description":"Aikido filosofie bij Ando: leer de kunst van balans, harmonie en zelfontwikkeling. Ontdek de diepere betekenis van Aikido in Nederland.","breadcrumb":{"@id":"https:\/\/aikido-ando.nl\/aikido-filosofie-2\/#breadcrumb"},"inLanguage":"de","potentialAction":[{"@type":"ReadAction","target":["https:\/\/aikido-ando.nl\/aikido-filosofie-2\/"]}]},{"@type":"ImageObject","inLanguage":"de","@id":"https:\/\/aikido-ando.nl\/aikido-filosofie-2\/#primaryimage","url":"https:\/\/aikido-ando.nl\/wp-content\/uploads\/Ando_Aikido_Dojo_Aikikai_Netherlands_Dutch.webp","contentUrl":"https:\/\/aikido-ando.nl\/wp-content\/uploads\/Ando_Aikido_Dojo_Aikikai_Netherlands_Dutch.webp","width":1920,"height":600,"caption":"Sensei Edo en Anne natuur talent in Aikido. Shidoin titel gekregen door Yoshimitsu Yamada. Geven Aikido geven Aikido les over de hele wereld."},{"@type":"BreadcrumbList","@id":"https:\/\/aikido-ando.nl\/aikido-filosofie-2\/#breadcrumb","itemListElement":[{"@type":"ListItem","position":1,"name":"Home","item":"https:\/\/aikido-ando.nl\/"},{"@type":"ListItem","position":2,"name":"Aikido filosofie"}]},{"@type":"WebSite","@id":"https:\/\/aikido-ando.nl\/#website","url":"https:\/\/aikido-ando.nl\/","name":"Aikido Ando","description":"","publisher":{"@id":"https:\/\/aikido-ando.nl\/#organization"},"potentialAction":[{"@type":"SearchAction","target":{"@type":"EntryPoint","urlTemplate":"https:\/\/aikido-ando.nl\/?s={search_term_string}"},"query-input":{"@type":"PropertyValueSpecification","valueRequired":true,"valueName":"search_term_string"}}],"inLanguage":"de"},{"@type":"Organization","@id":"https:\/\/aikido-ando.nl\/#organization","name":"Aikido Ando","url":"https:\/\/aikido-ando.nl\/","logo":{"@type":"ImageObject","inLanguage":"de","@id":"https:\/\/aikido-ando.nl\/#\/schema\/logo\/image\/","url":"https:\/\/aikido-ando.nl\/wp-content\/uploads\/Logo.webp","contentUrl":"https:\/\/aikido-ando.nl\/wp-content\/uploads\/Logo.webp","width":500,"height":500,"caption":"Aikido Ando"},"image":{"@id":"https:\/\/aikido-ando.nl\/#\/schema\/logo\/image\/"},"sameAs":["https:\/\/www.facebook.com\/andoaikido","https:\/\/www.instagram.com\/andoaikido\/","https:\/\/www.tiktok.com\/404?fromUrl=\/andoaikido","https:\/\/www.linkedin.com\/company\/andoaikido?originalSubdomain=nl"]}]}},"_links":{"self":[{"href":"https:\/\/aikido-ando.nl\/de\/wp-json\/wp\/v2\/pages\/339","targetHints":{"allow":["GET"]}}],"collection":[{"href":"https:\/\/aikido-ando.nl\/de\/wp-json\/wp\/v2\/pages"}],"about":[{"href":"https:\/\/aikido-ando.nl\/de\/wp-json\/wp\/v2\/types\/page"}],"author":[{"embeddable":true,"href":"https:\/\/aikido-ando.nl\/de\/wp-json\/wp\/v2\/users\/1"}],"replies":[{"embeddable":true,"href":"https:\/\/aikido-ando.nl\/de\/wp-json\/wp\/v2\/comments?post=339"}],"version-history":[{"count":0,"href":"https:\/\/aikido-ando.nl\/de\/wp-json\/wp\/v2\/pages\/339\/revisions"}],"wp:featuredmedia":[{"embeddable":true,"href":"https:\/\/aikido-ando.nl\/de\/wp-json\/wp\/v2\/media\/1660"}],"wp:attachment":[{"href":"https:\/\/aikido-ando.nl\/de\/wp-json\/wp\/v2\/media?parent=339"}],"curies":[{"name":"wp","href":"https:\/\/api.w.org\/{rel}","templated":true}]}}