{"id":352,"date":"2024-08-14T01:54:01","date_gmt":"2024-08-13T23:54:01","guid":{"rendered":"https:\/\/aikido-ando.nl\/?page_id=352"},"modified":"2024-12-10T13:48:09","modified_gmt":"2024-12-10T12:48:09","slug":"expats","status":"publish","type":"page","link":"https:\/\/aikido-ando.nl\/de\/expats\/","title":{"rendered":"Auswanderer"},"content":{"rendered":"<div data-elementor-type=\"wp-page\" data-elementor-id=\"352\" class=\"elementor elementor-352\" data-elementor-post-type=\"page\">\n\t\t\t\t<div class=\"elementor-element elementor-element-5f45cae7 e-flex e-con-boxed e-con e-parent\" data-id=\"5f45cae7\" data-element_type=\"container\" data-e-type=\"container\">\n\t\t\t\t\t<div class=\"e-con-inner\">\n\t\t\t\t<div class=\"elementor-element elementor-element-44626f78 elementor-widget elementor-widget-text-editor\" data-id=\"44626f78\" data-element_type=\"widget\" data-e-type=\"widget\" data-widget_type=\"text-editor.default\">\n\t\t\t\t<div class=\"elementor-widget-container\">\n\t\t\t\t\t\t\t\t\t<p><strong>Sind Sie oder kennen Sie einen Expat in Eindhoven? Dann ist diese Seite f\u00fcr Sie. Schlie\u00dflich ist Ando ein Dojo mit einer Vielzahl von Nationalit\u00e4ten. Von Ungarisch bis Polnisch, Deutsch, Franz\u00f6sisch oder Italienisch, alle Nationalit\u00e4ten sind hier willkommen. Als Auswanderer versucht man nat\u00fcrlich, sich so gut und einfach wie m\u00f6glich in die niederl\u00e4ndische Kultur zu integrieren. Mit einer Sportart\/Kampfkunst wie Aikido ist dies noch einfacher.<\/strong><\/p>\t\t\t\t\t\t\t\t<\/div>\n\t\t\t\t<\/div>\n\t\t\t\t<div class=\"elementor-element elementor-element-48c8bab9 elementor-widget elementor-widget-text-editor\" data-id=\"48c8bab9\" data-element_type=\"widget\" data-e-type=\"widget\" data-widget_type=\"text-editor.default\">\n\t\t\t\t<div class=\"elementor-widget-container\">\n\t\t\t\t\t\t\t\t\t<p>Da es beim Aikido keine Konkurrenz gibt, f\u00fchlt man sich gleich viel wohler.\u00a0<strong>entspannter auf der Matte<\/strong>. Sie konzentrieren sich haupts\u00e4chlich auf die Bewegungen, die demonstriert werden.\u00a0<strong>Das wissen Sensei Edo und Anne nur zu gut.<\/strong>\u00a0Sie standen als Kinder mit Gro\u00dfmeister Christian Tissier auf der Matte, der haupts\u00e4chlich Franz\u00f6sisch sprach. Nun, das war eine Sprache, die sie in der Schule noch nicht gelernt hatten. Also\u00a0<strong>sie lernte haupts\u00e4chlich durch aufmerksames Beobachten und Zuh\u00f6ren<\/strong>. Durch Studenten, die neben ihnen sa\u00dfen und gelegentlich f\u00fcr sie \u00fcbersetzten, begannen sie mehr und mehr zu verstehen, wie alles funktionierte.\u00a0<strong>Im Dojo von Ando ist das nicht anders<\/strong>. Auch in unserer Kindergruppe helfen sich die Kinder gerne gegenseitig, eine weitere gute M\u00f6glichkeit, Englisch in die Praxis umzusetzen.<\/p><p>Dar\u00fcber hinaus\u00a0<strong>Aikido als soziale Gemeinschaft<\/strong>besonders bei Ando. Daher informieren sie sich gerne vor oder nach der Ausbildung \u00fcber alle m\u00f6glichen Dinge. Ein einfacher Weg f\u00fcr einen Auswanderer, ein Gef\u00fchl daf\u00fcr zu bekommen, wie die Dinge hier gemacht werden. Das ist nicht verwunderlich, denn das Ando Dojo liegt direkt neben ASML und NXP. Ganz zu schweigen vom Flughafen Eindhoven. Den wir auch gerne nutzen, weil wir gerne im Ausland trainieren.<span class=\"Apple-converted-space\">\u00a0<\/span><\/p><p>Wir laden auch gerne ein\u00a0<strong>ausl\u00e4ndische Senseis oder Gro\u00dfmeister<\/strong>\u00a0f\u00fcr Aikido-Unterricht in unserem Dojo. Sie sind Experten im Aikido. Dar\u00fcber hinaus kommt es h\u00e4ufiger vor, dass diese Trainer auch ihre eigene Gruppe von Leuten aus Europa\/Welt in unser Dojo bringen. Wie cool ist das denn! Kurzum, wenn Sie einen Expat kennen, der hier in den Niederlanden arbeitet, kommen Sie zu einer Schnupperstunde Aikido.<\/p>\t\t\t\t\t\t\t\t<\/div>\n\t\t\t\t<\/div>\n\t\t\t\t\t<\/div>\n\t\t\t\t<\/div>\n\t\t<div class=\"elementor-element elementor-element-b12af32 e-flex e-con-boxed e-con e-parent\" data-id=\"b12af32\" data-element_type=\"container\" data-e-type=\"container\" data-settings=\"{&quot;background_background&quot;:&quot;classic&quot;}\">\n\t\t\t\t\t<div class=\"e-con-inner\">\n\t\t<div class=\"elementor-element elementor-element-b59af8b e-con-full e-flex e-con e-child\" data-id=\"b59af8b\" data-element_type=\"container\" data-e-type=\"container\" data-settings=\"{&quot;background_background&quot;:&quot;classic&quot;}\">\n\t\t\t\t<div class=\"elementor-element elementor-element-ed63e9d elementor-widget elementor-widget-text-editor\" data-id=\"ed63e9d\" data-element_type=\"widget\" data-e-type=\"widget\" data-widget_type=\"text-editor.default\">\n\t\t\t\t<div class=\"elementor-widget-container\">\n\t\t\t\t\t\t\t\t\tDie Eindhovener Aikido-Schule ANDO gibt eine kleine Vorf\u00fchrung.\t\t\t\t\t\t\t\t<\/div>\n\t\t\t\t<\/div>\n\t\t\t\t<\/div>\n\t\t<div class=\"elementor-element elementor-element-811ee1a e-con-full e-flex e-con e-child\" data-id=\"811ee1a\" data-element_type=\"container\" data-e-type=\"container\" data-settings=\"{&quot;background_background&quot;:&quot;classic&quot;}\">\n\t\t\t\t<div class=\"elementor-element elementor-element-666215d elementor-widget elementor-widget-text-editor\" data-id=\"666215d\" data-element_type=\"widget\" data-e-type=\"widget\" data-widget_type=\"text-editor.default\">\n\t\t\t\t<div class=\"elementor-widget-container\">\n\t\t\t\t\t\t\t\t\tExpat-Tag in Eindhoven\t\t\t\t\t\t\t\t<\/div>\n\t\t\t\t<\/div>\n\t\t\t\t<\/div>\n\t\t\t\t\t<\/div>\n\t\t\t\t<\/div>\n\t\t<div class=\"elementor-element elementor-element-17484c51 e-con-full e-flex e-con e-parent\" data-id=\"17484c51\" data-element_type=\"container\" data-e-type=\"container\">\n\t\t\t\t<div class=\"elementor-element elementor-element-54a3899d elementor-widget elementor-widget-shortcode\" data-id=\"54a3899d\" data-element_type=\"widget\" data-e-type=\"widget\" data-widget_type=\"shortcode.default\">\n\t\t\t\t<div class=\"elementor-widget-container\">\n\t\t\t\t\t\t\t<div class=\"elementor-shortcode\">\t\t<div data-elementor-type=\"section\" data-elementor-id=\"361\" class=\"elementor elementor-361\" data-elementor-post-type=\"elementor_library\">\n\t\t\t<div class=\"elementor-element elementor-element-e66e45d e-flex e-con-boxed e-con e-parent\" data-id=\"e66e45d\" data-element_type=\"container\" data-e-type=\"container\" data-settings=\"{&quot;background_background&quot;:&quot;video&quot;,&quot;background_video_link&quot;:&quot;https:\\\/\\\/vimeo.com\\\/944371002&quot;}\">\n\t\t\t\t\t<div class=\"e-con-inner\">\n\t\t<div class=\"elementor-background-video-container elementor-hidden-mobile\">\n\t\t\t\t\t\t\t<div class=\"elementor-background-video-embed\" role=\"presentation\"><\/div>\n\t\t\t\t\t\t<\/div>\t\t<div class=\"elementor-element elementor-element-d8c9e2c elementor-widget elementor-widget-heading\" data-id=\"d8c9e2c\" data-element_type=\"widget\" data-e-type=\"widget\" data-widget_type=\"heading.default\">\n\t\t\t\t<div class=\"elementor-widget-container\">\n\t\t\t\t\t<div class=\"elementor-heading-title elementor-size-default\">Schlie\u00dfen Sie sich unserem internationalen<br>Aikido-Gemeinschaft<\/div>\t\t\t\t<\/div>\n\t\t\t\t<\/div>\n\t\t\t\t<div class=\"elementor-element elementor-element-59a23af7 elementor-widget elementor-widget-heading\" data-id=\"59a23af7\" data-element_type=\"widget\" data-e-type=\"widget\" data-widget_type=\"heading.default\">\n\t\t\t\t<div class=\"elementor-widget-container\">\n\t\t\t\t\t<div class=\"elementor-heading-title elementor-size-default\">Lernen Sie Aikido und unser Dojo kennen!<\/div>\t\t\t\t<\/div>\n\t\t\t\t<\/div>\n\t\t\t\t<div class=\"elementor-element elementor-element-53925df9 elementor-align-center elementor-widget elementor-widget-button\" data-id=\"53925df9\" data-element_type=\"widget\" data-e-type=\"widget\" data-widget_type=\"button.default\">\n\t\t\t\t<div class=\"elementor-widget-container\">\n\t\t\t\t\t\t\t\t\t<div class=\"elementor-button-wrapper\">\n\t\t\t\t\t<a class=\"elementor-button elementor-button-link elementor-size-sm\" href=\"https:\/\/ando-aikido.gotgrib.nl\/member\/selfservice\/registration\/628769c029bbb\">\n\t\t\t\t\t\t<span class=\"elementor-button-content-wrapper\">\n\t\t\t\t\t\t\t\t\t<span class=\"elementor-button-text\">Einf\u00fchrungsstunde planen<\/span>\n\t\t\t\t\t<\/span>\n\t\t\t\t\t<\/a>\n\t\t\t\t<\/div>\n\t\t\t\t\t\t\t\t<\/div>\n\t\t\t\t<\/div>\n\t\t\t\t\t<\/div>\n\t\t\t\t<\/div>\n\t\t\t\t<\/div>\n\t\t<\/div>\n\t\t\t\t\t\t<\/div>\n\t\t\t\t<\/div>\n\t\t\t\t<\/div>\n\t\t\t\t<\/div>","protected":false},"excerpt":{"rendered":"<p>Ben of ken je een Expat in Eindhoven? Dan is deze pagina wat voor jou. Ando is namelijk een dojo met een diversiteit aan nationaliteiten. Van Hongaars tot Pools, Duits, Frans of Italiaans alle nationaliteiten zijn hier welkom. Als expat probeer je natuurlijk zo goed en makkelijk mogelijk in de Nederlandse cultuur te integreren. Met [&hellip;]<\/p>\n","protected":false},"author":1,"featured_media":1676,"parent":0,"menu_order":0,"comment_status":"closed","ping_status":"closed","template":"elementor_header_footer","meta":{"footnotes":""},"class_list":["post-352","page","type-page","status-publish","has-post-thumbnail","hentry"],"yoast_head":"<!-- This site is optimized with the Yoast SEO Premium plugin v27.3 (Yoast SEO v27.3) - https:\/\/yoast.com\/product\/yoast-seo-premium-wordpress\/ -->\n<title>Expats - Aikido ANDO<\/title>\n<meta name=\"description\" content=\"Nieuw in Nederland en op zoek naar sport? Ando in Eindhoven verwelkomt expats in een internationale omgeving. Doe mee en voel je thuis!\" \/>\n<meta name=\"robots\" content=\"index, follow, max-snippet:-1, max-image-preview:large, max-video-preview:-1\" \/>\n<link rel=\"canonical\" href=\"https:\/\/aikido-ando.nl\/de\/expats\/\" \/>\n<meta property=\"og:locale\" content=\"de_DE\" \/>\n<meta property=\"og:type\" content=\"article\" \/>\n<meta property=\"og:title\" content=\"Expats\" \/>\n<meta property=\"og:description\" content=\"Nieuw in Nederland en op zoek naar sport? Ando in Eindhoven verwelkomt expats in een internationale omgeving. Doe mee en voel je thuis!\" \/>\n<meta property=\"og:url\" content=\"https:\/\/aikido-ando.nl\/de\/expats\/\" \/>\n<meta property=\"og:site_name\" content=\"Aikido ANDO\" \/>\n<meta property=\"article:publisher\" content=\"https:\/\/www.facebook.com\/andoaikido\" \/>\n<meta property=\"article:modified_time\" content=\"2024-12-10T12:48:09+00:00\" \/>\n<meta property=\"og:image\" content=\"https:\/\/aikido-ando.nl\/wp-content\/uploads\/Aikido_Celebration_Ando_Dojo.webp\" \/>\n\t<meta property=\"og:image:width\" content=\"1920\" \/>\n\t<meta property=\"og:image:height\" content=\"600\" \/>\n\t<meta property=\"og:image:type\" content=\"image\/webp\" \/>\n<meta name=\"twitter:card\" content=\"summary_large_image\" \/>\n<meta name=\"twitter:label1\" content=\"Gesch\u00e4tzte Lesezeit\" \/>\n\t<meta name=\"twitter:data1\" content=\"2\u00a0Minuten\" \/>\n<script type=\"application\/ld+json\" class=\"yoast-schema-graph\">{\"@context\":\"https:\\\/\\\/schema.org\",\"@graph\":[{\"@type\":\"WebPage\",\"@id\":\"https:\\\/\\\/aikido-ando.nl\\\/expats\\\/\",\"url\":\"https:\\\/\\\/aikido-ando.nl\\\/expats\\\/\",\"name\":\"Expats - Aikido ANDO\",\"isPartOf\":{\"@id\":\"https:\\\/\\\/aikido-ando.nl\\\/#website\"},\"primaryImageOfPage\":{\"@id\":\"https:\\\/\\\/aikido-ando.nl\\\/expats\\\/#primaryimage\"},\"image\":{\"@id\":\"https:\\\/\\\/aikido-ando.nl\\\/expats\\\/#primaryimage\"},\"thumbnailUrl\":\"https:\\\/\\\/aikido-ando.nl\\\/wp-content\\\/uploads\\\/Aikido_Celebration_Ando_Dojo.webp\",\"datePublished\":\"2024-08-13T23:54:01+00:00\",\"dateModified\":\"2024-12-10T12:48:09+00:00\",\"description\":\"Nieuw in Nederland en op zoek naar sport? Ando in Eindhoven verwelkomt expats in een internationale omgeving. Doe mee en voel je thuis!\",\"breadcrumb\":{\"@id\":\"https:\\\/\\\/aikido-ando.nl\\\/expats\\\/#breadcrumb\"},\"inLanguage\":\"de\",\"potentialAction\":[{\"@type\":\"ReadAction\",\"target\":[\"https:\\\/\\\/aikido-ando.nl\\\/expats\\\/\"]}]},{\"@type\":\"ImageObject\",\"inLanguage\":\"de\",\"@id\":\"https:\\\/\\\/aikido-ando.nl\\\/expats\\\/#primaryimage\",\"url\":\"https:\\\/\\\/aikido-ando.nl\\\/wp-content\\\/uploads\\\/Aikido_Celebration_Ando_Dojo.webp\",\"contentUrl\":\"https:\\\/\\\/aikido-ando.nl\\\/wp-content\\\/uploads\\\/Aikido_Celebration_Ando_Dojo.webp\",\"width\":1920,\"height\":600,\"caption\":\"Color Aikido, een feestelijke afsluiting van de seminar van Ando 15 jaar. Zowel kinder-Aikidoka's als volwassen aikidoka's deden mee. Niet te vergeten jeugd Aikidoka's.\"},{\"@type\":\"BreadcrumbList\",\"@id\":\"https:\\\/\\\/aikido-ando.nl\\\/expats\\\/#breadcrumb\",\"itemListElement\":[{\"@type\":\"ListItem\",\"position\":1,\"name\":\"Home\",\"item\":\"https:\\\/\\\/aikido-ando.nl\\\/\"},{\"@type\":\"ListItem\",\"position\":2,\"name\":\"Expats\"}]},{\"@type\":\"WebSite\",\"@id\":\"https:\\\/\\\/aikido-ando.nl\\\/#website\",\"url\":\"https:\\\/\\\/aikido-ando.nl\\\/\",\"name\":\"Aikido Ando\",\"description\":\"\",\"publisher\":{\"@id\":\"https:\\\/\\\/aikido-ando.nl\\\/#organization\"},\"potentialAction\":[{\"@type\":\"SearchAction\",\"target\":{\"@type\":\"EntryPoint\",\"urlTemplate\":\"https:\\\/\\\/aikido-ando.nl\\\/?s={search_term_string}\"},\"query-input\":{\"@type\":\"PropertyValueSpecification\",\"valueRequired\":true,\"valueName\":\"search_term_string\"}}],\"inLanguage\":\"de\"},{\"@type\":\"Organization\",\"@id\":\"https:\\\/\\\/aikido-ando.nl\\\/#organization\",\"name\":\"Aikido Ando\",\"url\":\"https:\\\/\\\/aikido-ando.nl\\\/\",\"logo\":{\"@type\":\"ImageObject\",\"inLanguage\":\"de\",\"@id\":\"https:\\\/\\\/aikido-ando.nl\\\/#\\\/schema\\\/logo\\\/image\\\/\",\"url\":\"https:\\\/\\\/aikido-ando.nl\\\/wp-content\\\/uploads\\\/Logo.webp\",\"contentUrl\":\"https:\\\/\\\/aikido-ando.nl\\\/wp-content\\\/uploads\\\/Logo.webp\",\"width\":500,\"height\":500,\"caption\":\"Aikido Ando\"},\"image\":{\"@id\":\"https:\\\/\\\/aikido-ando.nl\\\/#\\\/schema\\\/logo\\\/image\\\/\"},\"sameAs\":[\"https:\\\/\\\/www.facebook.com\\\/andoaikido\",\"https:\\\/\\\/www.instagram.com\\\/andoaikido\\\/\",\"https:\\\/\\\/www.tiktok.com\\\/404?fromUrl=\\\/andoaikido\",\"https:\\\/\\\/www.linkedin.com\\\/company\\\/andoaikido?originalSubdomain=nl\"]}]}<\/script>\n<!-- \/ Yoast SEO Premium plugin. -->","yoast_head_json":{"title":"Auswanderer - Aikido ANDO","description":"Neu in den Niederlanden und auf der Suche nach Sport? Ando in Eindhoven hei\u00dft Expats in einem internationalen Umfeld willkommen. Kommen Sie zu uns und f\u00fchlen Sie sich wie zu Hause!","robots":{"index":"index","follow":"follow","max-snippet":"max-snippet:-1","max-image-preview":"max-image-preview:large","max-video-preview":"max-video-preview:-1"},"canonical":"https:\/\/aikido-ando.nl\/de\/expats\/","og_locale":"de_DE","og_type":"article","og_title":"Expats","og_description":"Nieuw in Nederland en op zoek naar sport? Ando in Eindhoven verwelkomt expats in een internationale omgeving. Doe mee en voel je thuis!","og_url":"https:\/\/aikido-ando.nl\/de\/expats\/","og_site_name":"Aikido ANDO","article_publisher":"https:\/\/www.facebook.com\/andoaikido","article_modified_time":"2024-12-10T12:48:09+00:00","og_image":[{"width":1920,"height":600,"url":"https:\/\/aikido-ando.nl\/wp-content\/uploads\/Aikido_Celebration_Ando_Dojo.webp","type":"image\/webp"}],"twitter_card":"summary_large_image","twitter_misc":{"Gesch\u00e4tzte Lesezeit":"2\u00a0Minuten"},"schema":{"@context":"https:\/\/schema.org","@graph":[{"@type":"WebPage","@id":"https:\/\/aikido-ando.nl\/expats\/","url":"https:\/\/aikido-ando.nl\/expats\/","name":"Auswanderer - Aikido ANDO","isPartOf":{"@id":"https:\/\/aikido-ando.nl\/#website"},"primaryImageOfPage":{"@id":"https:\/\/aikido-ando.nl\/expats\/#primaryimage"},"image":{"@id":"https:\/\/aikido-ando.nl\/expats\/#primaryimage"},"thumbnailUrl":"https:\/\/aikido-ando.nl\/wp-content\/uploads\/Aikido_Celebration_Ando_Dojo.webp","datePublished":"2024-08-13T23:54:01+00:00","dateModified":"2024-12-10T12:48:09+00:00","description":"Neu in den Niederlanden und auf der Suche nach Sport? Ando in Eindhoven hei\u00dft Expats in einem internationalen Umfeld willkommen. Kommen Sie zu uns und f\u00fchlen Sie sich wie zu Hause!","breadcrumb":{"@id":"https:\/\/aikido-ando.nl\/expats\/#breadcrumb"},"inLanguage":"de","potentialAction":[{"@type":"ReadAction","target":["https:\/\/aikido-ando.nl\/expats\/"]}]},{"@type":"ImageObject","inLanguage":"de","@id":"https:\/\/aikido-ando.nl\/expats\/#primaryimage","url":"https:\/\/aikido-ando.nl\/wp-content\/uploads\/Aikido_Celebration_Ando_Dojo.webp","contentUrl":"https:\/\/aikido-ando.nl\/wp-content\/uploads\/Aikido_Celebration_Ando_Dojo.webp","width":1920,"height":600,"caption":"Color Aikido, een feestelijke afsluiting van de seminar van Ando 15 jaar. Zowel kinder-Aikidoka's als volwassen aikidoka's deden mee. Niet te vergeten jeugd Aikidoka's."},{"@type":"BreadcrumbList","@id":"https:\/\/aikido-ando.nl\/expats\/#breadcrumb","itemListElement":[{"@type":"ListItem","position":1,"name":"Home","item":"https:\/\/aikido-ando.nl\/"},{"@type":"ListItem","position":2,"name":"Expats"}]},{"@type":"WebSite","@id":"https:\/\/aikido-ando.nl\/#website","url":"https:\/\/aikido-ando.nl\/","name":"Aikido Ando","description":"","publisher":{"@id":"https:\/\/aikido-ando.nl\/#organization"},"potentialAction":[{"@type":"SearchAction","target":{"@type":"EntryPoint","urlTemplate":"https:\/\/aikido-ando.nl\/?s={search_term_string}"},"query-input":{"@type":"PropertyValueSpecification","valueRequired":true,"valueName":"search_term_string"}}],"inLanguage":"de"},{"@type":"Organization","@id":"https:\/\/aikido-ando.nl\/#organization","name":"Aikido Ando","url":"https:\/\/aikido-ando.nl\/","logo":{"@type":"ImageObject","inLanguage":"de","@id":"https:\/\/aikido-ando.nl\/#\/schema\/logo\/image\/","url":"https:\/\/aikido-ando.nl\/wp-content\/uploads\/Logo.webp","contentUrl":"https:\/\/aikido-ando.nl\/wp-content\/uploads\/Logo.webp","width":500,"height":500,"caption":"Aikido Ando"},"image":{"@id":"https:\/\/aikido-ando.nl\/#\/schema\/logo\/image\/"},"sameAs":["https:\/\/www.facebook.com\/andoaikido","https:\/\/www.instagram.com\/andoaikido\/","https:\/\/www.tiktok.com\/404?fromUrl=\/andoaikido","https:\/\/www.linkedin.com\/company\/andoaikido?originalSubdomain=nl"]}]}},"_links":{"self":[{"href":"https:\/\/aikido-ando.nl\/de\/wp-json\/wp\/v2\/pages\/352","targetHints":{"allow":["GET"]}}],"collection":[{"href":"https:\/\/aikido-ando.nl\/de\/wp-json\/wp\/v2\/pages"}],"about":[{"href":"https:\/\/aikido-ando.nl\/de\/wp-json\/wp\/v2\/types\/page"}],"author":[{"embeddable":true,"href":"https:\/\/aikido-ando.nl\/de\/wp-json\/wp\/v2\/users\/1"}],"replies":[{"embeddable":true,"href":"https:\/\/aikido-ando.nl\/de\/wp-json\/wp\/v2\/comments?post=352"}],"version-history":[{"count":0,"href":"https:\/\/aikido-ando.nl\/de\/wp-json\/wp\/v2\/pages\/352\/revisions"}],"wp:featuredmedia":[{"embeddable":true,"href":"https:\/\/aikido-ando.nl\/de\/wp-json\/wp\/v2\/media\/1676"}],"wp:attachment":[{"href":"https:\/\/aikido-ando.nl\/de\/wp-json\/wp\/v2\/media?parent=352"}],"curies":[{"name":"wp","href":"https:\/\/api.w.org\/{rel}","templated":true}]}}