{"id":532,"date":"2024-10-08T21:06:50","date_gmt":"2024-10-08T19:06:50","guid":{"rendered":"https:\/\/aikido-ando.nl\/?page_id=532"},"modified":"2024-12-10T13:19:35","modified_gmt":"2024-12-10T12:19:35","slug":"aikido-jip-und-janneke","status":"publish","type":"page","link":"https:\/\/aikido-ando.nl\/de\/aikido-jip-en-janneke\/","title":{"rendered":"Aikido Jip und Janneke"},"content":{"rendered":"<div data-elementor-type=\"wp-page\" data-elementor-id=\"532\" class=\"elementor elementor-532\" data-elementor-post-type=\"page\">\n\t\t\t\t<div class=\"elementor-element elementor-element-636934f e-flex e-con-boxed e-con e-parent\" data-id=\"636934f\" data-element_type=\"container\" data-e-type=\"container\">\n\t\t\t\t\t<div class=\"e-con-inner\">\n\t\t\t\t<div class=\"elementor-element elementor-element-090e52b elementor-widget elementor-widget-text-editor\" data-id=\"090e52b\" data-element_type=\"widget\" data-e-type=\"widget\" data-widget_type=\"text-editor.default\">\n\t\t\t\t<div class=\"elementor-widget-container\">\n\t\t\t\t\t\t\t\t\t<p><strong>Ando gibt Aikido-Unterricht in Zaltbommel, der Stadt, die durch Annie M.G. Schmidt, die <a href=\"https:\/\/nl.wikipedia.org\/wiki\/Annie_M.G._Schmidt\">Schriftsteller<\/a> Von Jip &amp; Janneke. Inspiriert von den Abenteuern und klugen Lektionen in ihren Geschichten haben wir \"Aikido Jip und Janneke\" f\u00fcr Kinder (und heimlichen Spa\u00df f\u00fcr Erwachsene) entwickelt.<\/strong><\/p>\t\t\t\t\t\t\t\t<\/div>\n\t\t\t\t<\/div>\n\t\t\t\t<div class=\"elementor-element elementor-element-91b018b elementor-widget elementor-widget-text-editor\" data-id=\"91b018b\" data-element_type=\"widget\" data-e-type=\"widget\" data-widget_type=\"text-editor.default\">\n\t\t\t\t<div class=\"elementor-widget-container\">\n\t\t\t\t\t\t\t\t\t<p>An einem sonnigen Tag, bekommt Jip <strong>Schl\u00e4gerei auf dem Schulhof<\/strong> mit einem kleinen Jungen an der Schaukel. \"Er will nicht absteigen\", sagt Jip w\u00fctend zu Joanna. Bevor Janneke etwas sagen kann, l\u00e4utet die Schulglocke. \"Zeit, ins Haus zu gehen\", sagt sie.<\/p><p>Im Unterricht spricht der Lehrer \u00fcber eine besondere Lektion. \"<strong>Tim wird einen Vortrag \u00fcber Aikido halten<\/strong>und dann erhalten wir eine <strong>spezielle Gymnastikstunde von Sensei Edo und Anne<\/strong>\", sagt sie.<\/p><h3>Aikido-Gespr\u00e4ch<\/h3><p>Tim beginnt seinen Vortrag enthusiastisch \u00fcber Aikido. \"Es ist eine japanische Kampfkunst, die fr\u00fcher von <strong>Samurais<\/strong> durchgef\u00fchrt wurde, und dass es keine \u00dcbereinstimmungen in der <strong>Aikido, weil es keine Kampfsportart ist, sondern um Frieden geht<\/strong>.\", sagt er. \"<a href=\"https:\/\/aikido-ando.nl\/de\/oprichter-aikido\/\">Morihei Ueshiba<\/a>Tim, der Sch\u00f6pfer, hielt die Zusammenarbeit f\u00fcr sehr wichtig.\" Nach Tims Vortrag klatschen alle. \"Zieht euch schnell um, wir gehen in die Turnhalle!\" schreit die Lehrerin.<\/p><p>In der Turnhalle gibt es eine gro\u00dfe Matte. \"<strong>Schau, ein Dojo<\/strong>\", sagt Tim. Sensei Edo und Anne stehen schon bereit. \"Fangen wir mit der Begr\u00fc\u00dfung an, das ist h\u00f6flich.\" Sie verbeugen sich h\u00f6flich voreinander und beginnen.<\/p><p><strong>Die Lektion ist spannend.<\/strong> Sie lernen, dass man sich abrollen muss, wenn man f\u00e4llt. Du musst dein Kinn auf deine Brust legen\", sagt Tim. Dann wird man <strong>rund wie ein Ball<\/strong> und feiner fallen. Er lehrt auch, wie man jemanden am Arm packt und auf den Boden legt <strong>ohne zu verletzen<\/strong>. Daf\u00fcr muss man nicht einmal stark sein.\u00a0<\/p><p>\"Sehen Sie\", sagt Sensei Anne mit einem L\u00e4cheln, \"wenn wir uns streiten, denken wir nur daran, was wir f\u00fcr uns selbst wollen. Aber es ist <strong>Es ist wichtig, auch dar\u00fcber nachzudenken, was die andere Person m\u00f6chte.<\/strong>.\" Jip und Janneke h\u00f6ren aufmerksam zu. \"Im Aikido lernt man, sich in die Lage des anderen zu versetzen. Dann sieht man die Dinge anders und ger\u00e4t weniger leicht in Streit.\" <strong>Jip denkt an den kleinen Jungen<\/strong> auf der Schaukel. \"H\u00e4tte ich es anders machen k\u00f6nnen?\", fragt er sich.<\/p><h3>Weiser Aikido-Unterricht<\/h3><p>\"H\u00f6r gut zu\", sagt Sensei Edo in ruhigem Ton. \"Die st\u00e4rkste Kraft, die du hast, hei\u00dft auf Japanisch 'Ki'. <strong>Das ist Ihre innere St\u00e4rke.<\/strong>\" Die Kinder schauen neugierig zu. \"Wenn man stillsitzt und tief atmet, findet man diese Kraft ganz nat\u00fcrlich\", erkl\u00e4rt er. \"Manchmal, wenn man etwas Aufregendes tut oder etwas nicht mag, h\u00e4lt man den Atem an. Das ist <strong>der Moment, um ruhig zu bleiben<\/strong> und atme gut. Dann wird diese Kraft auf nat\u00fcrliche Weise herauskommen. Die Kinder probieren es aus. Jip f\u00fchlt sich ruhig und stark. \"Das ist verr\u00fcckt\", fl\u00fcstert er Joanna zu. \"Ich f\u00fchle mich wirklich ruhig.\"<\/p><p>Nach der Stunde bedanken sie sich bei Sensei Edo und Anne. \"Danke f\u00fcr die Aikido-Stunde\", sagt Jip. \"Wir haben viel gelernt\", f\u00fcgt Janneke hinzu.<\/p><h3>Aikido auf dem Spielplatz<\/h3><p>Nach der Schule l\u00e4uft Jip zur Schaukel, aber der kleine Junge ist schon da. <strong>Jip erinnert sich an die Aikido-Stunde<\/strong>. Er fragt leise: \"Warum willst du die ganze Zeit schaukeln?\" Der kleine Junge erkl\u00e4rt, dass er zu Hause keine Schaukel hat. \"Sollen wir einen Weitsprungwettbewerb machen?\", schl\u00e4gt Jip vor.<\/p><p>Joanna beobachtet gespannt, wie Jip und der kleine Junge ein Schaukelspiel veranstalten. <strong>Sie sieht Jip durch die Luft fliegen<\/strong>Aber bevor er f\u00e4llt, legt er schnell sein Kinn auf die Brust und rollt durch das Gras. \"Das war knapp\", sagt Joanna.<\/p><p>Zu Hause erz\u00e4hlen sie ihrer Mutter von <a href=\"https:\/\/aikido-ando.nl\/de\/aikido-als-sport\/\">Aikido<\/a>. \"Wir haben gelernt, Frieden zu halten und uns zu verteidigen, ohne zu verletzen\", sagt Jip. Die Mutter l\u00e4chelt. \"Was f\u00fcr eine tolle Lektion. <strong>Vielleicht sollte jeder Aikido lernen<\/strong>\", sagt sie. Jip und Janneke lachen. \"Das w\u00e4re doch lustig!\"<\/p><p>Und so endet die Geschichte von Aikido in der Sprache von Jip und Janneke\".<\/p>\t\t\t\t\t\t\t\t<\/div>\n\t\t\t\t<\/div>\n\t\t\t\t\t<\/div>\n\t\t\t\t<\/div>\n\t\t<div class=\"elementor-element elementor-element-0ea74ee e-flex e-con-boxed e-con e-parent\" data-id=\"0ea74ee\" data-element_type=\"container\" data-e-type=\"container\" data-settings=\"{&quot;background_background&quot;:&quot;classic&quot;}\">\n\t\t\t\t\t<div class=\"e-con-inner\">\n\t\t\t\t\t<\/div>\n\t\t\t\t<\/div>\n\t\t<div class=\"elementor-element elementor-element-0c09ed5 e-flex e-con-boxed e-con e-parent\" data-id=\"0c09ed5\" data-element_type=\"container\" data-e-type=\"container\" data-settings=\"{&quot;background_background&quot;:&quot;classic&quot;}\">\n\t\t\t\t\t<div class=\"e-con-inner\">\n\t\t\t\t<div class=\"elementor-element elementor-element-a4041d3 elementor-widget elementor-widget-heading\" data-id=\"a4041d3\" data-element_type=\"widget\" data-e-type=\"widget\" data-widget_type=\"heading.default\">\n\t\t\t\t<div class=\"elementor-widget-container\">\n\t\t\t\t\t<h1 class=\"elementor-heading-title elementor-size-default\">Ando-Trainer bringen Aikido&nbsp;<div>zum Leben auf und neben der Matte<\/div><\/h1>\t\t\t\t<\/div>\n\t\t\t\t<\/div>\n\t\t\t\t<div class=\"elementor-element elementor-element-896f882 elementor-align-center elementor-widget elementor-widget-button\" data-id=\"896f882\" data-element_type=\"widget\" data-e-type=\"widget\" data-widget_type=\"button.default\">\n\t\t\t\t<div class=\"elementor-widget-container\">\n\t\t\t\t\t\t\t\t\t<div class=\"elementor-button-wrapper\">\n\t\t\t\t\t<a class=\"elementor-button elementor-button-link elementor-size-sm\" href=\"https:\/\/aikido-ando.nl\/de\/aikido-kinderbucher\/\">\n\t\t\t\t\t\t<span class=\"elementor-button-content-wrapper\">\n\t\t\t\t\t\t\t\t\t<span class=\"elementor-button-text\">Unsere Kinderb\u00fccher ansehen<\/span>\n\t\t\t\t\t<\/span>\n\t\t\t\t\t<\/a>\n\t\t\t\t<\/div>\n\t\t\t\t\t\t\t\t<\/div>\n\t\t\t\t<\/div>\n\t\t\t\t\t<\/div>\n\t\t\t\t<\/div>\n\t\t<div class=\"elementor-element elementor-element-ab0bd0a e-con-full e-flex e-con e-parent\" data-id=\"ab0bd0a\" data-element_type=\"container\" data-e-type=\"container\">\n\t\t\t\t<div class=\"elementor-element elementor-element-af0c60a elementor-widget elementor-widget-shortcode\" data-id=\"af0c60a\" data-element_type=\"widget\" data-e-type=\"widget\" data-widget_type=\"shortcode.default\">\n\t\t\t\t<div class=\"elementor-widget-container\">\n\t\t\t\t\t\t\t<div class=\"elementor-shortcode\">\t\t<div data-elementor-type=\"section\" data-elementor-id=\"454\" class=\"elementor elementor-454\" data-elementor-post-type=\"elementor_library\">\n\t\t\t<div class=\"elementor-element elementor-element-9f2a222 e-flex e-con-boxed e-con e-parent\" data-id=\"9f2a222\" data-element_type=\"container\" data-e-type=\"container\" data-settings=\"{&quot;background_background&quot;:&quot;video&quot;,&quot;background_video_link&quot;:&quot;https:\\\/\\\/vimeo.com\\\/944371024?share=copy&quot;}\">\n\t\t\t\t\t<div class=\"e-con-inner\">\n\t\t<div class=\"elementor-background-video-container elementor-hidden-mobile\">\n\t\t\t\t\t\t\t<div class=\"elementor-background-video-embed\" role=\"presentation\"><\/div>\n\t\t\t\t\t\t<\/div>\t\t<div class=\"elementor-element elementor-element-49657b84 elementor-widget elementor-widget-heading\" data-id=\"49657b84\" data-element_type=\"widget\" data-e-type=\"widget\" data-widget_type=\"heading.default\">\n\t\t\t\t<div class=\"elementor-widget-container\">\n\t\t\t\t\t<div class=\"elementor-heading-title elementor-size-default\">Verspielt<br>\nResilienz aufbauen<\/div>\t\t\t\t<\/div>\n\t\t\t\t<\/div>\n\t\t\t\t<div class=\"elementor-element elementor-element-47f5274f elementor-widget elementor-widget-heading\" data-id=\"47f5274f\" data-element_type=\"widget\" data-e-type=\"widget\" data-widget_type=\"heading.default\">\n\t\t\t\t<div class=\"elementor-widget-container\">\n\t\t\t\t\t<div class=\"elementor-heading-title elementor-size-default\">Nimm an einem Aikido-Kurs in Zaltbommel teil!<\/div>\t\t\t\t<\/div>\n\t\t\t\t<\/div>\n\t\t\t\t<div class=\"elementor-element elementor-element-1efa8e9a elementor-align-center elementor-widget elementor-widget-button\" data-id=\"1efa8e9a\" data-element_type=\"widget\" data-e-type=\"widget\" data-widget_type=\"button.default\">\n\t\t\t\t<div class=\"elementor-widget-container\">\n\t\t\t\t\t\t\t\t\t<div class=\"elementor-button-wrapper\">\n\t\t\t\t\t<a class=\"elementor-button elementor-button-link elementor-size-sm\" href=\"https:\/\/ando-aikido.gotgrib.nl\/member\/selfservice\/registration\/628769c029bbb\">\n\t\t\t\t\t\t<span class=\"elementor-button-content-wrapper\">\n\t\t\t\t\t\t\t\t\t<span class=\"elementor-button-text\">Planen Sie die kostenlose Probestunde<\/span>\n\t\t\t\t\t<\/span>\n\t\t\t\t\t<\/a>\n\t\t\t\t<\/div>\n\t\t\t\t\t\t\t\t<\/div>\n\t\t\t\t<\/div>\n\t\t\t\t\t<\/div>\n\t\t\t\t<\/div>\n\t\t\t\t<\/div>\n\t\t<\/div>\n\t\t\t\t\t\t<\/div>\n\t\t\t\t<\/div>\n\t\t\t\t<\/div>\n\t\t\t\t<\/div>","protected":false},"excerpt":{"rendered":"<p>Ando geeft Aikidolessen in Zaltbommel, de stad beroemd om Annie M.G. Schmidt, de schrijfster van Jip &amp; Janneke. Ge\u00efnspireerd door de avonturen en wijze lessen in haar verhalen, ontwikkelden we &#8220;Aikido Jip en Janneke&#8221; voor kinderen (en stiekem ook leuk voor volwassenen). Op een zonnige dag krijgt Jip ruzie op het schoolplein met een jongetje [&hellip;]<\/p>\n","protected":false},"author":1,"featured_media":1739,"parent":0,"menu_order":0,"comment_status":"closed","ping_status":"closed","template":"elementor_header_footer","meta":{"footnotes":""},"class_list":["post-532","page","type-page","status-publish","has-post-thumbnail","hentry"],"yoast_head":"<!-- This site is optimized with the Yoast SEO Premium plugin v27.3 (Yoast SEO v27.3) - https:\/\/yoast.com\/product\/yoast-seo-premium-wordpress\/ -->\n<title>Aikido Jip en Janneke - Aikido ANDO<\/title>\n<meta name=\"description\" content=\"Aikido voor iedereen! Begrijp de principes van balans en harmonie eenvoudig uitgelegd in Jip en Janneketaal door Ando.\" \/>\n<meta name=\"robots\" content=\"index, follow, max-snippet:-1, max-image-preview:large, max-video-preview:-1\" \/>\n<link rel=\"canonical\" href=\"https:\/\/aikido-ando.nl\/de\/aikido-jip-und-janneke\/\" \/>\n<meta property=\"og:locale\" content=\"de_DE\" \/>\n<meta property=\"og:type\" content=\"article\" \/>\n<meta property=\"og:title\" content=\"Aikido Jip en Janneke\" \/>\n<meta property=\"og:description\" content=\"Aikido voor iedereen! Begrijp de principes van balans en harmonie eenvoudig uitgelegd in Jip en Janneketaal door Ando.\" \/>\n<meta property=\"og:url\" content=\"https:\/\/aikido-ando.nl\/de\/aikido-jip-und-janneke\/\" \/>\n<meta property=\"og:site_name\" content=\"Aikido ANDO\" \/>\n<meta property=\"article:publisher\" content=\"https:\/\/www.facebook.com\/andoaikido\" \/>\n<meta property=\"article:modified_time\" content=\"2024-12-10T12:19:35+00:00\" \/>\n<meta property=\"og:image\" content=\"https:\/\/aikido-ando.nl\/wp-content\/uploads\/Jip_En_Janneke_Aikido_Verhaal_Ando_Dojo_Zaltbommel.webp\" \/>\n\t<meta property=\"og:image:width\" content=\"1920\" \/>\n\t<meta property=\"og:image:height\" content=\"600\" \/>\n\t<meta property=\"og:image:type\" content=\"image\/webp\" \/>\n<meta name=\"twitter:card\" content=\"summary_large_image\" \/>\n<meta name=\"twitter:label1\" content=\"Gesch\u00e4tzte Lesezeit\" \/>\n\t<meta name=\"twitter:data1\" content=\"4\u00a0Minuten\" \/>\n<script type=\"application\/ld+json\" class=\"yoast-schema-graph\">{\"@context\":\"https:\\\/\\\/schema.org\",\"@graph\":[{\"@type\":\"WebPage\",\"@id\":\"https:\\\/\\\/aikido-ando.nl\\\/aikido-jip-en-janneke\\\/\",\"url\":\"https:\\\/\\\/aikido-ando.nl\\\/aikido-jip-en-janneke\\\/\",\"name\":\"Aikido Jip en Janneke - Aikido ANDO\",\"isPartOf\":{\"@id\":\"https:\\\/\\\/aikido-ando.nl\\\/#website\"},\"primaryImageOfPage\":{\"@id\":\"https:\\\/\\\/aikido-ando.nl\\\/aikido-jip-en-janneke\\\/#primaryimage\"},\"image\":{\"@id\":\"https:\\\/\\\/aikido-ando.nl\\\/aikido-jip-en-janneke\\\/#primaryimage\"},\"thumbnailUrl\":\"https:\\\/\\\/aikido-ando.nl\\\/wp-content\\\/uploads\\\/Jip_En_Janneke_Aikido_Verhaal_Ando_Dojo_Zaltbommel.webp\",\"datePublished\":\"2024-10-08T19:06:50+00:00\",\"dateModified\":\"2024-12-10T12:19:35+00:00\",\"description\":\"Aikido voor iedereen! Begrijp de principes van balans en harmonie eenvoudig uitgelegd in Jip en Janneketaal door Ando.\",\"breadcrumb\":{\"@id\":\"https:\\\/\\\/aikido-ando.nl\\\/aikido-jip-en-janneke\\\/#breadcrumb\"},\"inLanguage\":\"de\",\"potentialAction\":[{\"@type\":\"ReadAction\",\"target\":[\"https:\\\/\\\/aikido-ando.nl\\\/aikido-jip-en-janneke\\\/\"]}]},{\"@type\":\"ImageObject\",\"inLanguage\":\"de\",\"@id\":\"https:\\\/\\\/aikido-ando.nl\\\/aikido-jip-en-janneke\\\/#primaryimage\",\"url\":\"https:\\\/\\\/aikido-ando.nl\\\/wp-content\\\/uploads\\\/Jip_En_Janneke_Aikido_Verhaal_Ando_Dojo_Zaltbommel.webp\",\"contentUrl\":\"https:\\\/\\\/aikido-ando.nl\\\/wp-content\\\/uploads\\\/Jip_En_Janneke_Aikido_Verhaal_Ando_Dojo_Zaltbommel.webp\",\"width\":1920,\"height\":600,\"caption\":\"Jip past Aikido toe in de speeltuin, een verhaal dat over de Japanse zelfverdediging sport Aikido gaat. Ando Aikido geeft les in Zaltbommel, de stad van Annie m.g. Schmidt.\"},{\"@type\":\"BreadcrumbList\",\"@id\":\"https:\\\/\\\/aikido-ando.nl\\\/aikido-jip-en-janneke\\\/#breadcrumb\",\"itemListElement\":[{\"@type\":\"ListItem\",\"position\":1,\"name\":\"Home\",\"item\":\"https:\\\/\\\/aikido-ando.nl\\\/\"},{\"@type\":\"ListItem\",\"position\":2,\"name\":\"Aikido Jip en Janneke\"}]},{\"@type\":\"WebSite\",\"@id\":\"https:\\\/\\\/aikido-ando.nl\\\/#website\",\"url\":\"https:\\\/\\\/aikido-ando.nl\\\/\",\"name\":\"Aikido Ando\",\"description\":\"\",\"publisher\":{\"@id\":\"https:\\\/\\\/aikido-ando.nl\\\/#organization\"},\"potentialAction\":[{\"@type\":\"SearchAction\",\"target\":{\"@type\":\"EntryPoint\",\"urlTemplate\":\"https:\\\/\\\/aikido-ando.nl\\\/?s={search_term_string}\"},\"query-input\":{\"@type\":\"PropertyValueSpecification\",\"valueRequired\":true,\"valueName\":\"search_term_string\"}}],\"inLanguage\":\"de\"},{\"@type\":\"Organization\",\"@id\":\"https:\\\/\\\/aikido-ando.nl\\\/#organization\",\"name\":\"Aikido Ando\",\"url\":\"https:\\\/\\\/aikido-ando.nl\\\/\",\"logo\":{\"@type\":\"ImageObject\",\"inLanguage\":\"de\",\"@id\":\"https:\\\/\\\/aikido-ando.nl\\\/#\\\/schema\\\/logo\\\/image\\\/\",\"url\":\"https:\\\/\\\/aikido-ando.nl\\\/wp-content\\\/uploads\\\/Logo.webp\",\"contentUrl\":\"https:\\\/\\\/aikido-ando.nl\\\/wp-content\\\/uploads\\\/Logo.webp\",\"width\":500,\"height\":500,\"caption\":\"Aikido Ando\"},\"image\":{\"@id\":\"https:\\\/\\\/aikido-ando.nl\\\/#\\\/schema\\\/logo\\\/image\\\/\"},\"sameAs\":[\"https:\\\/\\\/www.facebook.com\\\/andoaikido\",\"https:\\\/\\\/www.instagram.com\\\/andoaikido\\\/\",\"https:\\\/\\\/www.tiktok.com\\\/404?fromUrl=\\\/andoaikido\",\"https:\\\/\\\/www.linkedin.com\\\/company\\\/andoaikido?originalSubdomain=nl\"]}]}<\/script>\n<!-- \/ Yoast SEO Premium plugin. -->","yoast_head_json":{"title":"Aikido Jip und Janneke - Aikido ANDO","description":"Aikido f\u00fcr jedermann! Verstehen Sie die Prinzipien der Balance und Harmonie einfach in Jip und Janneke Sprache von Ando erkl\u00e4rt.","robots":{"index":"index","follow":"follow","max-snippet":"max-snippet:-1","max-image-preview":"max-image-preview:large","max-video-preview":"max-video-preview:-1"},"canonical":"https:\/\/aikido-ando.nl\/de\/aikido-jip-und-janneke\/","og_locale":"de_DE","og_type":"article","og_title":"Aikido Jip en Janneke","og_description":"Aikido voor iedereen! Begrijp de principes van balans en harmonie eenvoudig uitgelegd in Jip en Janneketaal door Ando.","og_url":"https:\/\/aikido-ando.nl\/de\/aikido-jip-und-janneke\/","og_site_name":"Aikido ANDO","article_publisher":"https:\/\/www.facebook.com\/andoaikido","article_modified_time":"2024-12-10T12:19:35+00:00","og_image":[{"width":1920,"height":600,"url":"https:\/\/aikido-ando.nl\/wp-content\/uploads\/Jip_En_Janneke_Aikido_Verhaal_Ando_Dojo_Zaltbommel.webp","type":"image\/webp"}],"twitter_card":"summary_large_image","twitter_misc":{"Gesch\u00e4tzte Lesezeit":"4\u00a0Minuten"},"schema":{"@context":"https:\/\/schema.org","@graph":[{"@type":"WebPage","@id":"https:\/\/aikido-ando.nl\/aikido-jip-en-janneke\/","url":"https:\/\/aikido-ando.nl\/aikido-jip-en-janneke\/","name":"Aikido Jip und Janneke - Aikido ANDO","isPartOf":{"@id":"https:\/\/aikido-ando.nl\/#website"},"primaryImageOfPage":{"@id":"https:\/\/aikido-ando.nl\/aikido-jip-en-janneke\/#primaryimage"},"image":{"@id":"https:\/\/aikido-ando.nl\/aikido-jip-en-janneke\/#primaryimage"},"thumbnailUrl":"https:\/\/aikido-ando.nl\/wp-content\/uploads\/Jip_En_Janneke_Aikido_Verhaal_Ando_Dojo_Zaltbommel.webp","datePublished":"2024-10-08T19:06:50+00:00","dateModified":"2024-12-10T12:19:35+00:00","description":"Aikido f\u00fcr jedermann! Verstehen Sie die Prinzipien der Balance und Harmonie einfach in Jip und Janneke Sprache von Ando erkl\u00e4rt.","breadcrumb":{"@id":"https:\/\/aikido-ando.nl\/aikido-jip-en-janneke\/#breadcrumb"},"inLanguage":"de","potentialAction":[{"@type":"ReadAction","target":["https:\/\/aikido-ando.nl\/aikido-jip-en-janneke\/"]}]},{"@type":"ImageObject","inLanguage":"de","@id":"https:\/\/aikido-ando.nl\/aikido-jip-en-janneke\/#primaryimage","url":"https:\/\/aikido-ando.nl\/wp-content\/uploads\/Jip_En_Janneke_Aikido_Verhaal_Ando_Dojo_Zaltbommel.webp","contentUrl":"https:\/\/aikido-ando.nl\/wp-content\/uploads\/Jip_En_Janneke_Aikido_Verhaal_Ando_Dojo_Zaltbommel.webp","width":1920,"height":600,"caption":"Jip past Aikido toe in de speeltuin, een verhaal dat over de Japanse zelfverdediging sport Aikido gaat. Ando Aikido geeft les in Zaltbommel, de stad van Annie m.g. Schmidt."},{"@type":"BreadcrumbList","@id":"https:\/\/aikido-ando.nl\/aikido-jip-en-janneke\/#breadcrumb","itemListElement":[{"@type":"ListItem","position":1,"name":"Home","item":"https:\/\/aikido-ando.nl\/"},{"@type":"ListItem","position":2,"name":"Aikido Jip en Janneke"}]},{"@type":"WebSite","@id":"https:\/\/aikido-ando.nl\/#website","url":"https:\/\/aikido-ando.nl\/","name":"Aikido Ando","description":"","publisher":{"@id":"https:\/\/aikido-ando.nl\/#organization"},"potentialAction":[{"@type":"SearchAction","target":{"@type":"EntryPoint","urlTemplate":"https:\/\/aikido-ando.nl\/?s={search_term_string}"},"query-input":{"@type":"PropertyValueSpecification","valueRequired":true,"valueName":"search_term_string"}}],"inLanguage":"de"},{"@type":"Organization","@id":"https:\/\/aikido-ando.nl\/#organization","name":"Aikido Ando","url":"https:\/\/aikido-ando.nl\/","logo":{"@type":"ImageObject","inLanguage":"de","@id":"https:\/\/aikido-ando.nl\/#\/schema\/logo\/image\/","url":"https:\/\/aikido-ando.nl\/wp-content\/uploads\/Logo.webp","contentUrl":"https:\/\/aikido-ando.nl\/wp-content\/uploads\/Logo.webp","width":500,"height":500,"caption":"Aikido Ando"},"image":{"@id":"https:\/\/aikido-ando.nl\/#\/schema\/logo\/image\/"},"sameAs":["https:\/\/www.facebook.com\/andoaikido","https:\/\/www.instagram.com\/andoaikido\/","https:\/\/www.tiktok.com\/404?fromUrl=\/andoaikido","https:\/\/www.linkedin.com\/company\/andoaikido?originalSubdomain=nl"]}]}},"_links":{"self":[{"href":"https:\/\/aikido-ando.nl\/de\/wp-json\/wp\/v2\/pages\/532","targetHints":{"allow":["GET"]}}],"collection":[{"href":"https:\/\/aikido-ando.nl\/de\/wp-json\/wp\/v2\/pages"}],"about":[{"href":"https:\/\/aikido-ando.nl\/de\/wp-json\/wp\/v2\/types\/page"}],"author":[{"embeddable":true,"href":"https:\/\/aikido-ando.nl\/de\/wp-json\/wp\/v2\/users\/1"}],"replies":[{"embeddable":true,"href":"https:\/\/aikido-ando.nl\/de\/wp-json\/wp\/v2\/comments?post=532"}],"version-history":[{"count":0,"href":"https:\/\/aikido-ando.nl\/de\/wp-json\/wp\/v2\/pages\/532\/revisions"}],"wp:featuredmedia":[{"embeddable":true,"href":"https:\/\/aikido-ando.nl\/de\/wp-json\/wp\/v2\/media\/1739"}],"wp:attachment":[{"href":"https:\/\/aikido-ando.nl\/de\/wp-json\/wp\/v2\/media?parent=532"}],"curies":[{"name":"wp","href":"https:\/\/api.w.org\/{rel}","templated":true}]}}