{"id":537,"date":"2024-10-08T21:12:38","date_gmt":"2024-10-08T19:12:38","guid":{"rendered":"https:\/\/aikido-ando.nl\/?page_id=537"},"modified":"2024-12-10T13:28:55","modified_gmt":"2024-12-10T12:28:55","slug":"aikido-ratsel","status":"publish","type":"page","link":"https:\/\/aikido-ando.nl\/de\/aikido-puzzle\/","title":{"rendered":"Aikido-R\u00e4tsel"},"content":{"rendered":"<div data-elementor-type=\"wp-page\" data-elementor-id=\"537\" class=\"elementor elementor-537\" data-elementor-post-type=\"page\">\n\t\t\t\t<div class=\"elementor-element elementor-element-24b6a1a e-flex e-con-boxed e-con e-parent\" data-id=\"24b6a1a\" data-element_type=\"container\" data-e-type=\"container\">\n\t\t\t\t\t<div class=\"e-con-inner\">\n\t\t\t\t<div class=\"elementor-element elementor-element-f15a2eb elementor-widget elementor-widget-text-editor\" data-id=\"f15a2eb\" data-element_type=\"widget\" data-e-type=\"widget\" data-widget_type=\"text-editor.default\">\n\t\t\t\t<div class=\"elementor-widget-container\">\n\t\t\t\t\t\t\t\t\t<p><strong>Das Video freischalten<\/strong> indem du die folgende Frage beantwortest: In welchem Jahr hat Ando sein Dojo gegr\u00fcndet? Benutze diese 4 Ziffern, um das Video abzuspielen und herauszufinden, was passiert ist.<\/p>\t\t\t\t\t\t\t\t<\/div>\n\t\t\t\t<\/div>\n\t\t\t\t\t<\/div>\n\t\t\t\t<\/div>\n\t\t<div class=\"elementor-element elementor-element-d6e4c9e e-flex e-con-boxed e-con e-parent\" data-id=\"d6e4c9e\" data-element_type=\"container\" data-e-type=\"container\">\n\t\t\t\t\t<div class=\"e-con-inner\">\n\t\t\t\t<div class=\"elementor-element elementor-element-70d53fe elementor-widget elementor-widget-video\" data-id=\"70d53fe\" data-element_type=\"widget\" data-e-type=\"widget\" data-settings=\"{&quot;video_type&quot;:&quot;vimeo&quot;}\" data-widget_type=\"video.default\">\n\t\t\t\t<div class=\"elementor-widget-container\">\n\t\t\t\t\t\t\t<div class=\"elementor-wrapper elementor-open-inline\">\n\t\t\t<iframe class=\"elementor-video-iframe\" allowfullscreen allow=\"clipboard-write\" title=\"Lecteur vid\u00e9o vimeo\" src=\"https:\/\/player.vimeo.com\/video\/914129559?color&amp;autopause=0&amp;loop=0&amp;muted=0&amp;title=1&amp;portrait=1&amp;byline=1#t=\" data-no-translation-title=\"\"><\/iframe>\t\t<\/div>\n\t\t\t\t\t\t<\/div>\n\t\t\t\t<\/div>\n\t\t\t\t\t<\/div>\n\t\t\t\t<\/div>\n\t\t<div class=\"elementor-element elementor-element-d67fa7b e-flex e-con-boxed e-con e-parent\" data-id=\"d67fa7b\" data-element_type=\"container\" data-e-type=\"container\">\n\t\t\t\t\t<div class=\"e-con-inner\">\n\t\t\t\t<div class=\"elementor-element elementor-element-80fdac2 elementor-widget elementor-widget-text-editor\" data-id=\"80fdac2\" data-element_type=\"widget\" data-e-type=\"widget\" data-widget_type=\"text-editor.default\">\n\t\t\t\t<div class=\"elementor-widget-container\">\n\t\t\t\t\t\t\t\t\t<h1>AIKIDO R\u00c4TSEL PUZZLE<\/h1><p><strong>Dieses Puzzle wurde von Aikidokas f\u00fcr die abenteuerlustigen Herzen aller Altersgruppen entwickelt und ist die ultimative Mischung aus Spa\u00df und Herausforderung. Du hast es bis hierher geschafft, was bedeutet, dass du kurz davor bist, den Code zu knacken! Gib den Code ein, um in das Video einzutauchen. Aber hey, halte die Augen offen! Wenn du blinzelst, verpasst du vielleicht gerade das epische Finale. Bist du bereit, den Hinweis zu finden, bevor er verschwindet?<\/strong><\/p>\t\t\t\t\t\t\t\t<\/div>\n\t\t\t\t<\/div>\n\t\t\t\t<div class=\"elementor-element elementor-element-f98b127 elementor-widget elementor-widget-text-editor\" data-id=\"f98b127\" data-element_type=\"widget\" data-e-type=\"widget\" data-widget_type=\"text-editor.default\">\n\t\t\t\t<div class=\"elementor-widget-container\">\n\t\t\t\t\t\t\t\t\t<p><strong>HABEN SIE DIE ALLE GEFUNDEN?!<\/strong><br \/>1. Haben Sie den Rollstuhl Aikidoka gefunden?<br \/>2. Jemand hat seine blauen Hausschuhe mit rosa Blumen verloren. Wissen Sie, wo sie zu finden sind?<br \/>3. Die Ando-Sensei haben orangefarbene Waffentaschen. Wie viele Lehrer nehmen an diesem Seminar teil?<br \/>4. Wissen Sie, in welchem Land dieses Seminar abgehalten wird?<br \/>5. Evy hat die Blumen f\u00fcr das Portr\u00e4t verloren, wei\u00dft du, wo sie sind?<br \/>6. Wird dieser Workshop demn\u00e4chst beginnen oder ist er bereits beendet?<br \/>7. Wie viele Hakama-Tr\u00e4ger sind anwesend?<br \/>8. Jeroen und Elan sind verliebt, wei\u00dft du, wo sie sind?<br \/>9. Peter hat Hunger, was hat er bestellt?<br \/>10. Wenn du Wendy findest, k\u00f6nntest du sie aufwecken? Sie schl\u00e4ft noch.<br \/>11. Welches Tier ist hier eigentlich nicht erlaubt?<br \/>12. Tim hat Geburtstag, und er tr\u00e4gt einen orangefarbenen G\u00fcrtel. Wei\u00dft du, wo er ist, um ihm zu gratulieren?<br \/>13. Jessica hat ein St\u00fcck Obst verloren, wissen Sie, wo sie es liegen gelassen hat?<br \/>14. Wie viele Uchi-Deshis halten die Matte sauber? Jeder Deshi hat einen eigenen Besen.<br \/>15. Wei\u00dft du, wo der Ball ist, der durch das zerbrochene Fenster hereingekommen ist?<\/p><p>Pr\u00fcfen Sie alle Antworten gleich hier JPG.<\/p>\t\t\t\t\t\t\t\t<\/div>\n\t\t\t\t<\/div>\n\t\t\t\t\t<\/div>\n\t\t\t\t<\/div>\n\t\t\t\t<\/div>","protected":false},"excerpt":{"rendered":"<p>Unlock the video by answering the following question: which year did Ando start their dojo? Use these 4 digits to play the video and figure out what happend. https:\/\/vimeo.com\/914129559?share=copy AIKIDO MYSTERY PUZZLE \u200b Designed by Aikidokas for the adventurous hearts of all ages, this puzzle is the ultimate mix of fun and challenge. You&#8217;ve made [&hellip;]<\/p>\n","protected":false},"author":1,"featured_media":1667,"parent":0,"menu_order":0,"comment_status":"closed","ping_status":"closed","template":"elementor_header_footer","meta":{"footnotes":""},"class_list":["post-537","page","type-page","status-publish","has-post-thumbnail","hentry"],"yoast_head":"<!-- This site is optimized with the Yoast SEO Premium plugin v27.3 (Yoast SEO v27.3) - https:\/\/yoast.com\/product\/yoast-seo-premium-wordpress\/ -->\n<title>Aikido puzzle - Aikido ANDO<\/title>\n<meta name=\"description\" content=\"Een Aikido puzzel waar meer in zit, speciaal voor Aikidoka&#039;s.\" \/>\n<meta name=\"robots\" content=\"index, follow, max-snippet:-1, max-image-preview:large, max-video-preview:-1\" \/>\n<link rel=\"canonical\" href=\"https:\/\/aikido-ando.nl\/de\/aikido-ratsel\/\" \/>\n<meta property=\"og:locale\" content=\"de_DE\" \/>\n<meta property=\"og:type\" content=\"article\" \/>\n<meta property=\"og:title\" content=\"Aikido puzzle\" \/>\n<meta property=\"og:description\" content=\"Een Aikido puzzel waar meer in zit, speciaal voor Aikidoka&#039;s.\" \/>\n<meta property=\"og:url\" content=\"https:\/\/aikido-ando.nl\/de\/aikido-ratsel\/\" \/>\n<meta property=\"og:site_name\" content=\"Aikido ANDO\" \/>\n<meta property=\"article:publisher\" content=\"https:\/\/www.facebook.com\/andoaikido\" \/>\n<meta property=\"article:modified_time\" content=\"2024-12-10T12:28:55+00:00\" \/>\n<meta property=\"og:image\" content=\"https:\/\/aikido-ando.nl\/wp-content\/uploads\/Aikido_Zen_meditation_Relaxation.webp\" \/>\n\t<meta property=\"og:image:width\" content=\"1920\" \/>\n\t<meta property=\"og:image:height\" content=\"600\" \/>\n\t<meta property=\"og:image:type\" content=\"image\/webp\" \/>\n<meta name=\"twitter:card\" content=\"summary_large_image\" \/>\n<meta name=\"twitter:label1\" content=\"Gesch\u00e4tzte Lesezeit\" \/>\n\t<meta name=\"twitter:data1\" content=\"2\u00a0Minuten\" \/>\n<script type=\"application\/ld+json\" class=\"yoast-schema-graph\">{\"@context\":\"https:\\\/\\\/schema.org\",\"@graph\":[{\"@type\":\"WebPage\",\"@id\":\"https:\\\/\\\/aikido-ando.nl\\\/aikido-puzzle\\\/\",\"url\":\"https:\\\/\\\/aikido-ando.nl\\\/aikido-puzzle\\\/\",\"name\":\"Aikido puzzle - Aikido ANDO\",\"isPartOf\":{\"@id\":\"https:\\\/\\\/aikido-ando.nl\\\/#website\"},\"primaryImageOfPage\":{\"@id\":\"https:\\\/\\\/aikido-ando.nl\\\/aikido-puzzle\\\/#primaryimage\"},\"image\":{\"@id\":\"https:\\\/\\\/aikido-ando.nl\\\/aikido-puzzle\\\/#primaryimage\"},\"thumbnailUrl\":\"https:\\\/\\\/aikido-ando.nl\\\/wp-content\\\/uploads\\\/Aikido_Zen_meditation_Relaxation.webp\",\"datePublished\":\"2024-10-08T19:12:38+00:00\",\"dateModified\":\"2024-12-10T12:28:55+00:00\",\"description\":\"Een Aikido puzzel waar meer in zit, speciaal voor Aikidoka's.\",\"breadcrumb\":{\"@id\":\"https:\\\/\\\/aikido-ando.nl\\\/aikido-puzzle\\\/#breadcrumb\"},\"inLanguage\":\"de\",\"potentialAction\":[{\"@type\":\"ReadAction\",\"target\":[\"https:\\\/\\\/aikido-ando.nl\\\/aikido-puzzle\\\/\"]}]},{\"@type\":\"ImageObject\",\"inLanguage\":\"de\",\"@id\":\"https:\\\/\\\/aikido-ando.nl\\\/aikido-puzzle\\\/#primaryimage\",\"url\":\"https:\\\/\\\/aikido-ando.nl\\\/wp-content\\\/uploads\\\/Aikido_Zen_meditation_Relaxation.webp\",\"contentUrl\":\"https:\\\/\\\/aikido-ando.nl\\\/wp-content\\\/uploads\\\/Aikido_Zen_meditation_Relaxation.webp\",\"width\":1920,\"height\":600,\"caption\":\"Aikido training gebeurt in de dojo waar beginners en gevorderde Aikidoka's samenkomen. Aikido kent geen competitie dus iedereen is gelijkwaardig.\"},{\"@type\":\"BreadcrumbList\",\"@id\":\"https:\\\/\\\/aikido-ando.nl\\\/aikido-puzzle\\\/#breadcrumb\",\"itemListElement\":[{\"@type\":\"ListItem\",\"position\":1,\"name\":\"Home\",\"item\":\"https:\\\/\\\/aikido-ando.nl\\\/\"},{\"@type\":\"ListItem\",\"position\":2,\"name\":\"Aikido puzzle\"}]},{\"@type\":\"WebSite\",\"@id\":\"https:\\\/\\\/aikido-ando.nl\\\/#website\",\"url\":\"https:\\\/\\\/aikido-ando.nl\\\/\",\"name\":\"Aikido Ando\",\"description\":\"\",\"publisher\":{\"@id\":\"https:\\\/\\\/aikido-ando.nl\\\/#organization\"},\"potentialAction\":[{\"@type\":\"SearchAction\",\"target\":{\"@type\":\"EntryPoint\",\"urlTemplate\":\"https:\\\/\\\/aikido-ando.nl\\\/?s={search_term_string}\"},\"query-input\":{\"@type\":\"PropertyValueSpecification\",\"valueRequired\":true,\"valueName\":\"search_term_string\"}}],\"inLanguage\":\"de\"},{\"@type\":\"Organization\",\"@id\":\"https:\\\/\\\/aikido-ando.nl\\\/#organization\",\"name\":\"Aikido Ando\",\"url\":\"https:\\\/\\\/aikido-ando.nl\\\/\",\"logo\":{\"@type\":\"ImageObject\",\"inLanguage\":\"de\",\"@id\":\"https:\\\/\\\/aikido-ando.nl\\\/#\\\/schema\\\/logo\\\/image\\\/\",\"url\":\"https:\\\/\\\/aikido-ando.nl\\\/wp-content\\\/uploads\\\/Logo.webp\",\"contentUrl\":\"https:\\\/\\\/aikido-ando.nl\\\/wp-content\\\/uploads\\\/Logo.webp\",\"width\":500,\"height\":500,\"caption\":\"Aikido Ando\"},\"image\":{\"@id\":\"https:\\\/\\\/aikido-ando.nl\\\/#\\\/schema\\\/logo\\\/image\\\/\"},\"sameAs\":[\"https:\\\/\\\/www.facebook.com\\\/andoaikido\",\"https:\\\/\\\/www.instagram.com\\\/andoaikido\\\/\",\"https:\\\/\\\/www.tiktok.com\\\/404?fromUrl=\\\/andoaikido\",\"https:\\\/\\\/www.linkedin.com\\\/company\\\/andoaikido?originalSubdomain=nl\"]}]}<\/script>\n<!-- \/ Yoast SEO Premium plugin. -->","yoast_head_json":{"title":"Aikido-R\u00e4tsel - Aikido ANDO","description":"Ein Aikido-Puzzle mit mehr Inhalt, speziell f\u00fcr Aikidokas.","robots":{"index":"index","follow":"follow","max-snippet":"max-snippet:-1","max-image-preview":"max-image-preview:large","max-video-preview":"max-video-preview:-1"},"canonical":"https:\/\/aikido-ando.nl\/de\/aikido-ratsel\/","og_locale":"de_DE","og_type":"article","og_title":"Aikido puzzle","og_description":"Een Aikido puzzel waar meer in zit, speciaal voor Aikidoka's.","og_url":"https:\/\/aikido-ando.nl\/de\/aikido-ratsel\/","og_site_name":"Aikido ANDO","article_publisher":"https:\/\/www.facebook.com\/andoaikido","article_modified_time":"2024-12-10T12:28:55+00:00","og_image":[{"width":1920,"height":600,"url":"https:\/\/aikido-ando.nl\/wp-content\/uploads\/Aikido_Zen_meditation_Relaxation.webp","type":"image\/webp"}],"twitter_card":"summary_large_image","twitter_misc":{"Gesch\u00e4tzte Lesezeit":"2\u00a0Minuten"},"schema":{"@context":"https:\/\/schema.org","@graph":[{"@type":"WebPage","@id":"https:\/\/aikido-ando.nl\/aikido-puzzle\/","url":"https:\/\/aikido-ando.nl\/aikido-puzzle\/","name":"Aikido-R\u00e4tsel - Aikido ANDO","isPartOf":{"@id":"https:\/\/aikido-ando.nl\/#website"},"primaryImageOfPage":{"@id":"https:\/\/aikido-ando.nl\/aikido-puzzle\/#primaryimage"},"image":{"@id":"https:\/\/aikido-ando.nl\/aikido-puzzle\/#primaryimage"},"thumbnailUrl":"https:\/\/aikido-ando.nl\/wp-content\/uploads\/Aikido_Zen_meditation_Relaxation.webp","datePublished":"2024-10-08T19:12:38+00:00","dateModified":"2024-12-10T12:28:55+00:00","description":"Ein Aikido-Puzzle mit mehr Inhalt, speziell f\u00fcr Aikidokas.","breadcrumb":{"@id":"https:\/\/aikido-ando.nl\/aikido-puzzle\/#breadcrumb"},"inLanguage":"de","potentialAction":[{"@type":"ReadAction","target":["https:\/\/aikido-ando.nl\/aikido-puzzle\/"]}]},{"@type":"ImageObject","inLanguage":"de","@id":"https:\/\/aikido-ando.nl\/aikido-puzzle\/#primaryimage","url":"https:\/\/aikido-ando.nl\/wp-content\/uploads\/Aikido_Zen_meditation_Relaxation.webp","contentUrl":"https:\/\/aikido-ando.nl\/wp-content\/uploads\/Aikido_Zen_meditation_Relaxation.webp","width":1920,"height":600,"caption":"Aikido training gebeurt in de dojo waar beginners en gevorderde Aikidoka's samenkomen. Aikido kent geen competitie dus iedereen is gelijkwaardig."},{"@type":"BreadcrumbList","@id":"https:\/\/aikido-ando.nl\/aikido-puzzle\/#breadcrumb","itemListElement":[{"@type":"ListItem","position":1,"name":"Home","item":"https:\/\/aikido-ando.nl\/"},{"@type":"ListItem","position":2,"name":"Aikido puzzle"}]},{"@type":"WebSite","@id":"https:\/\/aikido-ando.nl\/#website","url":"https:\/\/aikido-ando.nl\/","name":"Aikido Ando","description":"","publisher":{"@id":"https:\/\/aikido-ando.nl\/#organization"},"potentialAction":[{"@type":"SearchAction","target":{"@type":"EntryPoint","urlTemplate":"https:\/\/aikido-ando.nl\/?s={search_term_string}"},"query-input":{"@type":"PropertyValueSpecification","valueRequired":true,"valueName":"search_term_string"}}],"inLanguage":"de"},{"@type":"Organization","@id":"https:\/\/aikido-ando.nl\/#organization","name":"Aikido Ando","url":"https:\/\/aikido-ando.nl\/","logo":{"@type":"ImageObject","inLanguage":"de","@id":"https:\/\/aikido-ando.nl\/#\/schema\/logo\/image\/","url":"https:\/\/aikido-ando.nl\/wp-content\/uploads\/Logo.webp","contentUrl":"https:\/\/aikido-ando.nl\/wp-content\/uploads\/Logo.webp","width":500,"height":500,"caption":"Aikido Ando"},"image":{"@id":"https:\/\/aikido-ando.nl\/#\/schema\/logo\/image\/"},"sameAs":["https:\/\/www.facebook.com\/andoaikido","https:\/\/www.instagram.com\/andoaikido\/","https:\/\/www.tiktok.com\/404?fromUrl=\/andoaikido","https:\/\/www.linkedin.com\/company\/andoaikido?originalSubdomain=nl"]}]}},"_links":{"self":[{"href":"https:\/\/aikido-ando.nl\/de\/wp-json\/wp\/v2\/pages\/537","targetHints":{"allow":["GET"]}}],"collection":[{"href":"https:\/\/aikido-ando.nl\/de\/wp-json\/wp\/v2\/pages"}],"about":[{"href":"https:\/\/aikido-ando.nl\/de\/wp-json\/wp\/v2\/types\/page"}],"author":[{"embeddable":true,"href":"https:\/\/aikido-ando.nl\/de\/wp-json\/wp\/v2\/users\/1"}],"replies":[{"embeddable":true,"href":"https:\/\/aikido-ando.nl\/de\/wp-json\/wp\/v2\/comments?post=537"}],"version-history":[{"count":0,"href":"https:\/\/aikido-ando.nl\/de\/wp-json\/wp\/v2\/pages\/537\/revisions"}],"wp:featuredmedia":[{"embeddable":true,"href":"https:\/\/aikido-ando.nl\/de\/wp-json\/wp\/v2\/media\/1667"}],"wp:attachment":[{"href":"https:\/\/aikido-ando.nl\/de\/wp-json\/wp\/v2\/media?parent=537"}],"curies":[{"name":"wp","href":"https:\/\/api.w.org\/{rel}","templated":true}]}}