{"id":557,"date":"2024-10-08T21:40:13","date_gmt":"2024-10-08T19:40:13","guid":{"rendered":"https:\/\/aikido-ando.nl\/?page_id=557"},"modified":"2024-12-10T13:07:38","modified_gmt":"2024-12-10T12:07:38","slug":"aikido-liga","status":"publish","type":"page","link":"https:\/\/aikido-ando.nl\/de\/aikido-bond\/","title":{"rendered":"Aikido Union"},"content":{"rendered":"<div data-elementor-type=\"wp-page\" data-elementor-id=\"557\" class=\"elementor elementor-557\" data-elementor-post-type=\"page\">\n\t\t\t\t<div class=\"elementor-element elementor-element-82a71b6 e-flex e-con-boxed e-con e-parent\" data-id=\"82a71b6\" data-element_type=\"container\" data-e-type=\"container\">\n\t\t\t\t\t<div class=\"e-con-inner\">\n\t\t\t\t<div class=\"elementor-element elementor-element-6b333ee elementor-widget elementor-widget-text-editor\" data-id=\"6b333ee\" data-element_type=\"widget\" data-e-type=\"widget\" data-widget_type=\"text-editor.default\">\n\t\t\t\t<div class=\"elementor-widget-container\">\n\t\t\t\t\t\t\t\t\t<p><strong>Stichting Ando Nederland, auch SAN genannt, fungiert auch als Aikido-Verband, dessen Schwerpunkt auf Qualit\u00e4t, Harmonie, Individualit\u00e4t und dem Teilen von Aikido liegt, wie es vom Gr\u00fcnder Morihei Ueshiba und seiner Familie in der Linie des Aikikai beabsichtigt war. Im Gegensatz zu anderen Verb\u00e4nden hat Ando eine bewusste Entscheidung getroffen, weder politisch noch wettbewerbsorientiert sein zu wollen. Gerade durch diese Entscheidung kommt alle Energie dort an, wo sie hingeh\u00f6rt, n\u00e4mlich dem Wachstum und der Entwicklung des Aikido und der Menschheit.<\/strong><\/p>\t\t\t\t\t\t\t\t<\/div>\n\t\t\t\t<\/div>\n\t\t\t\t<div class=\"elementor-element elementor-element-c855585 elementor-widget elementor-widget-text-editor\" data-id=\"c855585\" data-element_type=\"widget\" data-e-type=\"widget\" data-widget_type=\"text-editor.default\">\n\t\t\t\t<div class=\"elementor-widget-container\">\n\t\t\t\t\t\t\t\t\t<p>Im Aikido ist es wichtig, dem Hombu-Dojo (Hauptsitz in Japan) angeschlossen zu sein, damit die Dan-Pr\u00fcfungen (schwarzer G\u00fcrtel) international anerkannt werden. Ando hat diese Anerkennung durch Yoshimitsu Yamada Sensei und seine internationale Organisation Sansuikai \/ USAF (Amerika).<br \/>Ando gibt also <strong>international anerkannte Pr\u00fcfungen und Titel<\/strong> af. Neben Pr\u00fcfungen organisiert Ando nationale und internationale Seminare mit verschiedenen Spitzengro\u00dfmeistern (Shihan) und Senseis (Lehrern). Diese Seminare sind oft auch f\u00fcr Externe zug\u00e4nglich.<\/p><p>Um die Qualit\u00e4t auf der Matte zu sichern, braucht es nicht nur qualitativ hochwertige Seminare, sondern auch Trainer, die sich weiter entwickeln. Innerhalb von Ando haben wir eine Plattform (Aikido-Akademie) f\u00fcr Trainer und Assistenztrainer, um sie in ihrer Ausbildung auf verschiedene Weise zu unterst\u00fctzen. Lehren ist eine Kunst, die ernst genommen werden muss. Ando ist sich sehr bewusst, was es braucht, um seinen Trainern durch spezifische Workshops und Schulungen zu helfen. <b>Dar\u00fcber hinaus arbeitet Ando mit einer Vertrauensperson, dem VOG und einem Verhaltenskodex.<\/b> Wir m\u00f6chten <b>alle Sch\u00fcler auf der Matte sich k\u00f6rperlich, geistig und emotional sicher f\u00fchlen<\/b>. <br \/>Dar\u00fcber hinaus hat Ando eine Zusatzversicherung f\u00fcr seine Studenten abgeschlossen, falls erforderlich.<\/p><p>Ando organisiert auch alle Arten von Aktivit\u00e4ten f\u00fcr seine Studenten von der Gewerkschaft. Was dabei auf dem Programm steht, variiert von Jahr zu Jahr. Wir versuchen, f\u00fcr jede Zielgruppe lustige Aktivit\u00e4ten zu organisieren, wie z. B. ein Zeltlager, spezielle thematische Aktivit\u00e4ten oder gemeinsame Saisoner\u00f6ffnungen\/-abschl\u00fcsse. Jedes Jahr haben wir auch ein lustiges Geschenk f\u00fcr unsere Sch\u00fcler. Das reicht von einem Ando-T-Shirt bis hin zu einem selbstgemachten Aikido-Kinderbuch. Ando glaubt, dass es wichtig ist, sich zu verbinden. Seine Sch\u00fcler sind daher wichtig, und wir m\u00f6chten so viel wie m\u00f6glich zur\u00fcckgeben.<\/p><p>Kurzum, was k\u00f6nnen Sie von der Ando-Anleihe erwarten?<br \/>International anerkannte Pr\u00fcfungen und Titel<br \/>Eigener Ando-Pass<br \/>- Willkommenspaket bei der Anmeldung<br \/>- Verschiedene Aktivit\u00e4ten nach Zielgruppen im Laufe des Jahres<br \/>- Top-Seminare in dem Dojo, in dem Sie trainieren<br \/>- Qualifizierte(r) Trainer(in), der\/die sich st\u00e4ndig weiterentwickelt\/entwickeln und sich \u00fcber Aikido, Sicherheit und Lehrt\u00e4tigkeit auf dem Laufenden h\u00e4lt\/halten<br \/>- Aufstiegsm\u00f6glichkeiten innerhalb der Organisation und Weiterbildungsm\u00f6glichkeiten<br \/>- Zusatzversicherung bei der Ausbildung<br \/>- Lustige Ando-Leckerbissen das ganze Jahr \u00fcber<\/p><p>In \u00e4hnlicher Weise haben wir das Stipendium und den Lehrerpass, um die Ausbildung auch bei denjenigen zu f\u00f6rdern, die gering oder \u00fcberbezahlt sind (siehe Stipendium\/Lehrerpass).<\/p><p>Manchmal wird gefragt, ob die M\u00f6glichkeit besteht, dass sich ein Dojo Ando anschlie\u00dft oder die Qualit\u00e4t des Trainings in einem Dojo \u00fcberwacht wird. Nat\u00fcrlich ist das m\u00f6glich! Wir sind offen f\u00fcr Diskussionen. Es ist jedoch gut zu wissen, dass wir w\u00e4hlerisch sind, mit wem wir zusammenarbeiten. Es muss \"Klick\" machen, ein gutes Gef\u00fchl f\u00fcr beide Seiten. Sonst wird es am Ende nicht funktionieren.<\/p>\t\t\t\t\t\t\t\t<\/div>\n\t\t\t\t<\/div>\n\t\t\t\t\t<\/div>\n\t\t\t\t<\/div>\n\t\t<div class=\"elementor-element elementor-element-309767e7 e-flex e-con-boxed e-con e-parent\" data-id=\"309767e7\" data-element_type=\"container\" data-e-type=\"container\" data-settings=\"{&quot;background_background&quot;:&quot;classic&quot;}\">\n\t\t\t\t\t<div class=\"e-con-inner\">\n\t\t<div class=\"elementor-element elementor-element-40def6dd e-con-full e-flex e-con e-child\" data-id=\"40def6dd\" data-element_type=\"container\" data-e-type=\"container\" data-settings=\"{&quot;background_background&quot;:&quot;classic&quot;}\">\n\t\t\t\t<div class=\"elementor-element elementor-element-516c158b elementor-widget elementor-widget-text-editor\" data-id=\"516c158b\" data-element_type=\"widget\" data-e-type=\"widget\" data-widget_type=\"text-editor.default\">\n\t\t\t\t<div class=\"elementor-widget-container\">\n\t\t\t\t\t\t\t\t\t<p>Besondere Ank\u00fcndigung an die Gruppe<\/p>\t\t\t\t\t\t\t\t<\/div>\n\t\t\t\t<\/div>\n\t\t\t\t<\/div>\n\t\t<div class=\"elementor-element elementor-element-5b925702 e-con-full e-flex e-con e-child\" data-id=\"5b925702\" data-element_type=\"container\" data-e-type=\"container\" data-settings=\"{&quot;background_background&quot;:&quot;classic&quot;}\">\n\t\t\t\t<div class=\"elementor-element elementor-element-73bef841 elementor-widget elementor-widget-text-editor\" data-id=\"73bef841\" data-element_type=\"widget\" data-e-type=\"widget\" data-widget_type=\"text-editor.default\">\n\t\t\t\t<div class=\"elementor-widget-container\">\n\t\t\t\t\t\t\t\t\t<p>Seminarfoto von Sensei Claude Berthiaume Shihan aus Kanada<\/p>\t\t\t\t\t\t\t\t<\/div>\n\t\t\t\t<\/div>\n\t\t\t\t<\/div>\n\t\t<div class=\"elementor-element elementor-element-609944fc e-con-full e-flex e-con e-child\" data-id=\"609944fc\" data-element_type=\"container\" data-e-type=\"container\" data-settings=\"{&quot;background_background&quot;:&quot;classic&quot;}\">\n\t\t\t\t<div class=\"elementor-element elementor-element-2517a42f elementor-widget elementor-widget-text-editor\" data-id=\"2517a42f\" data-element_type=\"widget\" data-e-type=\"widget\" data-widget_type=\"text-editor.default\">\n\t\t\t\t<div class=\"elementor-widget-container\">\n\t\t\t\t\t\t\t\t\t<p>Der Ando-Aikido-Lehrerausweis<\/p>\t\t\t\t\t\t\t\t<\/div>\n\t\t\t\t<\/div>\n\t\t\t\t<\/div>\n\t\t\t\t\t<\/div>\n\t\t\t\t<\/div>\n\t\t<div class=\"elementor-element elementor-element-2b3432e e-flex e-con-boxed e-con e-parent\" data-id=\"2b3432e\" data-element_type=\"container\" data-e-type=\"container\">\n\t\t\t\t\t<div class=\"e-con-inner\">\n\t\t\t\t<div class=\"elementor-element elementor-element-918569c elementor-widget elementor-widget-text-editor\" data-id=\"918569c\" data-element_type=\"widget\" data-e-type=\"widget\" data-widget_type=\"text-editor.default\">\n\t\t\t\t<div class=\"elementor-widget-container\">\n\t\t\t\t\t\t\t\t\t<h2>Stipendium<\/h2><p>Die Aikido-Liga \"Stichting Ando Nederland\" vergibt jedes Jahr ein Aikido-Stipendium an talentierte Jugendliche. Dies entstand aus der Idee heraus, dass jeder die M\u00f6glichkeit haben sollte, zum Training zu kommen, auch wenn er Schwierigkeiten hat. Es k\u00f6nnte sein, dass deine finanzielle Situation schwierig ist oder dass du mit deinem Studium besch\u00e4ftigt bist und nicht voll zum Training kommen kannst. Es kann aber auch sein, dass Sie einen Ansto\u00df in die richtige Richtung brauchen, damit Sie noch mehr Aikido \u00fcben k\u00f6nnen.<\/p><p>M\u00f6chten Sie f\u00fcr ein Stipendium ber\u00fccksichtigt werden? Dann sende eine E-Mail an dojo @ aikido-ando.nl mit deiner Begr\u00fcndung.<\/p>\t\t\t\t\t\t\t\t<\/div>\n\t\t\t\t<\/div>\n\t\t\t\t<div class=\"elementor-element elementor-element-cf09e34 elementor-widget elementor-widget-text-editor\" data-id=\"cf09e34\" data-element_type=\"widget\" data-e-type=\"widget\" data-widget_type=\"text-editor.default\">\n\t\t\t\t<div class=\"elementor-widget-container\">\n\t\t\t\t\t\t\t\t\t<h2>Lehrerausweis<\/h2><p><strong>Mit diesem Pass will Ando sowohl die Philosophie des Aikido als auch den Wert der Trainingskurse propagieren.<\/strong> Warum ein Pass f\u00fcr Lehrer? Sie wissen besser als jeder andere, welchen Mehrwert die Teilnahme an einem Aikido-Lehrgang hat. Beim Aikido geht es darum, die Leidenschaft mit anderen zu teilen. <strong>Unsere T\u00fcr steht allen Aikidoka offen, unabh\u00e4ngig davon, wo sie trainieren.<\/strong><\/p><p><strong>Sie haben noch keinen Ausweis?<\/strong> Dann fordern Sie es an! Es wird einmalig kostenlos \u00fcber dojo @ aikido-ando.co.uk? zur Verf\u00fcgung gestellt.<\/p><ul><li>Bevor Sie den Aikido-Lehrerpass benutzen, sollten Sie Folgendes wissen:Dieser Aikido-Lehrerpass kann (derzeit) nur bei Ando-Lehrg\u00e4ngen in den Niederlanden verwendet werden.<\/li><li>Der Lehrer muss zwei zahlende Sch\u00fcler gleichzeitig an der Schulung teilnehmen lassen.F\u00fcr die kostenlose Teilnahme an der Schulung m\u00fcssen sowohl der Lehrer als auch die Sch\u00fcler (sich) anmelden.<\/li><li>Die T\u00e4tigkeit als Trainer ist nicht an einen bestimmten Kyu-Grad gebunden. Wenn Sie gefragt werden, m\u00fcssen Sie jedoch nachweisen k\u00f6nnen, dass Sie unterrichten.<\/li><li>Im Falle eines Verlustes k\u00f6nnen Sie eine neue Karte \u00fcber dojo @ aikido-ando.co.uk? anfordern. Dabei sollten Sie eine Verwaltungsgeb\u00fchr von 5,00 \u20ac einkalkulieren.<\/li><li>Sie m\u00fcssen Ihren Ausweis bei der Anmeldung vor dem Praktikum vorlegen.<br \/>Die Annahme dieses Passes berechtigt Sie zur kostenlosen Teilnahme am Praktikum, wenn Sie zwei Mitglieder mitbringen. Die pers\u00f6nlichen Daten dienen ausschlie\u00dflich dazu, Sie \u00fcber neue Praktika zu informieren. Hier gilt das Gesetz zur Registrierung personenbezogener Daten.<\/li><\/ul>\t\t\t\t\t\t\t\t<\/div>\n\t\t\t\t<\/div>\n\t\t\t\t\t<\/div>\n\t\t\t\t<\/div>\n\t\t\t\t<\/div>","protected":false},"excerpt":{"rendered":"<p>Stichting Ando Nederland, aka SAN, fungeert ook als Aikido Bond waar haar focus ligt op kwaliteit, harmonie, eigenheid en het delen van Aikido zoals bedoelt is door de grondlegger Morihei Ueshiba en zijn familie in de lijn van Aikikai. In tegenstelling tot andere bonden heeft Ando bewust gekozen noch politiek noch concurrerend bezig te willen [&hellip;]<\/p>\n","protected":false},"author":1,"featured_media":1670,"parent":0,"menu_order":0,"comment_status":"closed","ping_status":"closed","template":"elementor_header_footer","meta":{"footnotes":""},"class_list":["post-557","page","type-page","status-publish","has-post-thumbnail","hentry"],"yoast_head":"<!-- This site is optimized with the Yoast SEO Premium plugin v27.5 (Yoast SEO v27.5) - https:\/\/yoast.com\/product\/yoast-seo-premium-wordpress\/ -->\n<title>Aikido Bond - Aikido ANDO<\/title>\n<meta name=\"description\" content=\"Ontdek alles over de Aikido Bond Nederland bij Ando Eindhoven. Voor verbinding, ondersteuning en groei in jouw dojo.\" \/>\n<meta name=\"robots\" content=\"index, follow, max-snippet:-1, max-image-preview:large, max-video-preview:-1\" \/>\n<link rel=\"canonical\" href=\"https:\/\/aikido-ando.nl\/de\/aikido-liga\/\" \/>\n<meta property=\"og:locale\" content=\"de_DE\" \/>\n<meta property=\"og:type\" content=\"article\" \/>\n<meta property=\"og:title\" content=\"Aikido Bond\" \/>\n<meta property=\"og:description\" content=\"Ontdek alles over de Aikido Bond Nederland bij Ando Eindhoven. Voor verbinding, ondersteuning en groei in jouw dojo.\" \/>\n<meta property=\"og:url\" content=\"https:\/\/aikido-ando.nl\/de\/aikido-liga\/\" \/>\n<meta property=\"og:site_name\" content=\"Aikido ANDO\" \/>\n<meta property=\"article:publisher\" content=\"https:\/\/www.facebook.com\/andoaikido\" \/>\n<meta property=\"article:modified_time\" content=\"2024-12-10T12:07:38+00:00\" \/>\n<meta property=\"og:image\" content=\"https:\/\/aikido-ando.nl\/wp-content\/uploads\/Seiza_Kaizen_Aikido_Ando_Dojo.webp\" \/>\n\t<meta property=\"og:image:width\" content=\"1920\" \/>\n\t<meta property=\"og:image:height\" content=\"600\" \/>\n\t<meta property=\"og:image:type\" content=\"image\/webp\" \/>\n<meta name=\"twitter:card\" content=\"summary_large_image\" \/>\n<meta name=\"twitter:label1\" content=\"Gesch\u00e4tzte Lesezeit\" \/>\n\t<meta name=\"twitter:data1\" content=\"5\u00a0Minuten\" \/>\n<script type=\"application\/ld+json\" class=\"yoast-schema-graph\">{\"@context\":\"https:\\\/\\\/schema.org\",\"@graph\":[{\"@type\":\"WebPage\",\"@id\":\"https:\\\/\\\/aikido-ando.nl\\\/aikido-bond\\\/\",\"url\":\"https:\\\/\\\/aikido-ando.nl\\\/aikido-bond\\\/\",\"name\":\"Aikido Bond - Aikido ANDO\",\"isPartOf\":{\"@id\":\"https:\\\/\\\/aikido-ando.nl\\\/#website\"},\"primaryImageOfPage\":{\"@id\":\"https:\\\/\\\/aikido-ando.nl\\\/aikido-bond\\\/#primaryimage\"},\"image\":{\"@id\":\"https:\\\/\\\/aikido-ando.nl\\\/aikido-bond\\\/#primaryimage\"},\"thumbnailUrl\":\"https:\\\/\\\/aikido-ando.nl\\\/wp-content\\\/uploads\\\/Seiza_Kaizen_Aikido_Ando_Dojo.webp\",\"datePublished\":\"2024-10-08T19:40:13+00:00\",\"dateModified\":\"2024-12-10T12:07:38+00:00\",\"description\":\"Ontdek alles over de Aikido Bond Nederland bij Ando Eindhoven. Voor verbinding, ondersteuning en groei in jouw dojo.\",\"breadcrumb\":{\"@id\":\"https:\\\/\\\/aikido-ando.nl\\\/aikido-bond\\\/#breadcrumb\"},\"inLanguage\":\"de\",\"potentialAction\":[{\"@type\":\"ReadAction\",\"target\":[\"https:\\\/\\\/aikido-ando.nl\\\/aikido-bond\\\/\"]}]},{\"@type\":\"ImageObject\",\"inLanguage\":\"de\",\"@id\":\"https:\\\/\\\/aikido-ando.nl\\\/aikido-bond\\\/#primaryimage\",\"url\":\"https:\\\/\\\/aikido-ando.nl\\\/wp-content\\\/uploads\\\/Seiza_Kaizen_Aikido_Ando_Dojo.webp\",\"contentUrl\":\"https:\\\/\\\/aikido-ando.nl\\\/wp-content\\\/uploads\\\/Seiza_Kaizen_Aikido_Ando_Dojo.webp\",\"width\":1920,\"height\":600,\"caption\":\"Ando Aikidoles in Nederland bij Ando die dojo's heeft in Geldrop en omstreken.\"},{\"@type\":\"BreadcrumbList\",\"@id\":\"https:\\\/\\\/aikido-ando.nl\\\/aikido-bond\\\/#breadcrumb\",\"itemListElement\":[{\"@type\":\"ListItem\",\"position\":1,\"name\":\"Home\",\"item\":\"https:\\\/\\\/aikido-ando.nl\\\/\"},{\"@type\":\"ListItem\",\"position\":2,\"name\":\"Aikido Bond\"}]},{\"@type\":\"WebSite\",\"@id\":\"https:\\\/\\\/aikido-ando.nl\\\/#website\",\"url\":\"https:\\\/\\\/aikido-ando.nl\\\/\",\"name\":\"Aikido Ando\",\"description\":\"\",\"publisher\":{\"@id\":\"https:\\\/\\\/aikido-ando.nl\\\/#organization\"},\"potentialAction\":[{\"@type\":\"SearchAction\",\"target\":{\"@type\":\"EntryPoint\",\"urlTemplate\":\"https:\\\/\\\/aikido-ando.nl\\\/?s={search_term_string}\"},\"query-input\":{\"@type\":\"PropertyValueSpecification\",\"valueRequired\":true,\"valueName\":\"search_term_string\"}}],\"inLanguage\":\"de\"},{\"@type\":\"Organization\",\"@id\":\"https:\\\/\\\/aikido-ando.nl\\\/#organization\",\"name\":\"Aikido Ando\",\"url\":\"https:\\\/\\\/aikido-ando.nl\\\/\",\"logo\":{\"@type\":\"ImageObject\",\"inLanguage\":\"de\",\"@id\":\"https:\\\/\\\/aikido-ando.nl\\\/#\\\/schema\\\/logo\\\/image\\\/\",\"url\":\"https:\\\/\\\/aikido-ando.nl\\\/wp-content\\\/uploads\\\/Logo.webp\",\"contentUrl\":\"https:\\\/\\\/aikido-ando.nl\\\/wp-content\\\/uploads\\\/Logo.webp\",\"width\":500,\"height\":500,\"caption\":\"Aikido Ando\"},\"image\":{\"@id\":\"https:\\\/\\\/aikido-ando.nl\\\/#\\\/schema\\\/logo\\\/image\\\/\"},\"sameAs\":[\"https:\\\/\\\/www.facebook.com\\\/andoaikido\",\"https:\\\/\\\/www.instagram.com\\\/andoaikido\\\/\",\"https:\\\/\\\/www.tiktok.com\\\/404?fromUrl=\\\/andoaikido\",\"https:\\\/\\\/www.linkedin.com\\\/company\\\/andoaikido?originalSubdomain=nl\"]}]}<\/script>\n<!-- \/ Yoast SEO Premium plugin. -->","yoast_head_json":{"title":"Aikido Union - Aikido ANDO","description":"Erfahren Sie alles \u00fcber den Aikido Bond Nederland bei Ando Eindhoven. F\u00fcr Verbindung, Unterst\u00fctzung und Wachstum in deinem Dojo.","robots":{"index":"index","follow":"follow","max-snippet":"max-snippet:-1","max-image-preview":"max-image-preview:large","max-video-preview":"max-video-preview:-1"},"canonical":"https:\/\/aikido-ando.nl\/de\/aikido-liga\/","og_locale":"de_DE","og_type":"article","og_title":"Aikido Bond","og_description":"Ontdek alles over de Aikido Bond Nederland bij Ando Eindhoven. Voor verbinding, ondersteuning en groei in jouw dojo.","og_url":"https:\/\/aikido-ando.nl\/de\/aikido-liga\/","og_site_name":"Aikido ANDO","article_publisher":"https:\/\/www.facebook.com\/andoaikido","article_modified_time":"2024-12-10T12:07:38+00:00","og_image":[{"width":1920,"height":600,"url":"https:\/\/aikido-ando.nl\/wp-content\/uploads\/Seiza_Kaizen_Aikido_Ando_Dojo.webp","type":"image\/webp"}],"twitter_card":"summary_large_image","twitter_misc":{"Gesch\u00e4tzte Lesezeit":"5\u00a0Minuten"},"schema":{"@context":"https:\/\/schema.org","@graph":[{"@type":"WebPage","@id":"https:\/\/aikido-ando.nl\/aikido-bond\/","url":"https:\/\/aikido-ando.nl\/aikido-bond\/","name":"Aikido Union - Aikido ANDO","isPartOf":{"@id":"https:\/\/aikido-ando.nl\/#website"},"primaryImageOfPage":{"@id":"https:\/\/aikido-ando.nl\/aikido-bond\/#primaryimage"},"image":{"@id":"https:\/\/aikido-ando.nl\/aikido-bond\/#primaryimage"},"thumbnailUrl":"https:\/\/aikido-ando.nl\/wp-content\/uploads\/Seiza_Kaizen_Aikido_Ando_Dojo.webp","datePublished":"2024-10-08T19:40:13+00:00","dateModified":"2024-12-10T12:07:38+00:00","description":"Erfahren Sie alles \u00fcber den Aikido Bond Nederland bei Ando Eindhoven. F\u00fcr Verbindung, Unterst\u00fctzung und Wachstum in deinem Dojo.","breadcrumb":{"@id":"https:\/\/aikido-ando.nl\/aikido-bond\/#breadcrumb"},"inLanguage":"de","potentialAction":[{"@type":"ReadAction","target":["https:\/\/aikido-ando.nl\/aikido-bond\/"]}]},{"@type":"ImageObject","inLanguage":"de","@id":"https:\/\/aikido-ando.nl\/aikido-bond\/#primaryimage","url":"https:\/\/aikido-ando.nl\/wp-content\/uploads\/Seiza_Kaizen_Aikido_Ando_Dojo.webp","contentUrl":"https:\/\/aikido-ando.nl\/wp-content\/uploads\/Seiza_Kaizen_Aikido_Ando_Dojo.webp","width":1920,"height":600,"caption":"Ando Aikidoles in Nederland bij Ando die dojo's heeft in Geldrop en omstreken."},{"@type":"BreadcrumbList","@id":"https:\/\/aikido-ando.nl\/aikido-bond\/#breadcrumb","itemListElement":[{"@type":"ListItem","position":1,"name":"Home","item":"https:\/\/aikido-ando.nl\/"},{"@type":"ListItem","position":2,"name":"Aikido Bond"}]},{"@type":"WebSite","@id":"https:\/\/aikido-ando.nl\/#website","url":"https:\/\/aikido-ando.nl\/","name":"Aikido Ando","description":"","publisher":{"@id":"https:\/\/aikido-ando.nl\/#organization"},"potentialAction":[{"@type":"SearchAction","target":{"@type":"EntryPoint","urlTemplate":"https:\/\/aikido-ando.nl\/?s={search_term_string}"},"query-input":{"@type":"PropertyValueSpecification","valueRequired":true,"valueName":"search_term_string"}}],"inLanguage":"de"},{"@type":"Organization","@id":"https:\/\/aikido-ando.nl\/#organization","name":"Aikido Ando","url":"https:\/\/aikido-ando.nl\/","logo":{"@type":"ImageObject","inLanguage":"de","@id":"https:\/\/aikido-ando.nl\/#\/schema\/logo\/image\/","url":"https:\/\/aikido-ando.nl\/wp-content\/uploads\/Logo.webp","contentUrl":"https:\/\/aikido-ando.nl\/wp-content\/uploads\/Logo.webp","width":500,"height":500,"caption":"Aikido Ando"},"image":{"@id":"https:\/\/aikido-ando.nl\/#\/schema\/logo\/image\/"},"sameAs":["https:\/\/www.facebook.com\/andoaikido","https:\/\/www.instagram.com\/andoaikido\/","https:\/\/www.tiktok.com\/404?fromUrl=\/andoaikido","https:\/\/www.linkedin.com\/company\/andoaikido?originalSubdomain=nl"]}]}},"_links":{"self":[{"href":"https:\/\/aikido-ando.nl\/de\/wp-json\/wp\/v2\/pages\/557","targetHints":{"allow":["GET"]}}],"collection":[{"href":"https:\/\/aikido-ando.nl\/de\/wp-json\/wp\/v2\/pages"}],"about":[{"href":"https:\/\/aikido-ando.nl\/de\/wp-json\/wp\/v2\/types\/page"}],"author":[{"embeddable":true,"href":"https:\/\/aikido-ando.nl\/de\/wp-json\/wp\/v2\/users\/1"}],"replies":[{"embeddable":true,"href":"https:\/\/aikido-ando.nl\/de\/wp-json\/wp\/v2\/comments?post=557"}],"version-history":[{"count":0,"href":"https:\/\/aikido-ando.nl\/de\/wp-json\/wp\/v2\/pages\/557\/revisions"}],"wp:featuredmedia":[{"embeddable":true,"href":"https:\/\/aikido-ando.nl\/de\/wp-json\/wp\/v2\/media\/1670"}],"wp:attachment":[{"href":"https:\/\/aikido-ando.nl\/de\/wp-json\/wp\/v2\/media?parent=557"}],"curies":[{"name":"wp","href":"https:\/\/api.w.org\/{rel}","templated":true}]}}