{"id":563,"date":"2024-10-08T21:53:30","date_gmt":"2024-10-08T19:53:30","guid":{"rendered":"https:\/\/aikido-ando.nl\/?page_id=563"},"modified":"2026-01-26T14:51:04","modified_gmt":"2026-01-26T13:51:04","slug":"christian-tissier","status":"publish","type":"page","link":"https:\/\/aikido-ando.nl\/de\/christian-tissier\/","title":{"rendered":"Christian Tissier"},"content":{"rendered":"<div data-elementor-type=\"wp-page\" data-elementor-id=\"563\" class=\"elementor elementor-563\" data-elementor-post-type=\"page\">\n\t\t\t\t<div class=\"elementor-element elementor-element-923237c e-flex e-con-boxed e-con e-parent\" data-id=\"923237c\" data-element_type=\"container\" data-e-type=\"container\">\n\t\t\t\t\t<div class=\"e-con-inner\">\n\t\t\t\t<div class=\"elementor-element elementor-element-93f4331 elementor-widget elementor-widget-text-editor\" data-id=\"93f4331\" data-element_type=\"widget\" data-e-type=\"widget\" data-widget_type=\"text-editor.default\">\n\t\t\t\t<div class=\"elementor-widget-container\">\n\t\t\t\t\t\t\t\t\t<p><strong>Bevor Sensei Edo und Anne Sch\u00fcler von Yoshimitsu Yamada Shihan wurden, waren sie etwa acht Jahre lang direkte Sch\u00fcler des franz\u00f6sischen Gro\u00dfmeisters Christian Tissier. Er ist auch f\u00fcr seinen eleganten \"Tissier-Stil\" bekannt. Ihm haben sie es zu verdanken, dass sie ihr eigenes Dojo in Veldhoven gr\u00fcndeten.<\/strong><\/p>\t\t\t\t\t\t\t\t<\/div>\n\t\t\t\t<\/div>\n\t\t\t\t<div class=\"elementor-element elementor-element-c8c7e1d elementor-widget elementor-widget-text-editor\" data-id=\"c8c7e1d\" data-element_type=\"widget\" data-e-type=\"widget\" data-widget_type=\"text-editor.default\">\n\t\t\t\t<div class=\"elementor-widget-container\">\n\t\t\t\t\t\t\t\t\t<p>Geboren in Paris am 7. Februar 1951. Christian Tissier war 11 Jahre alt und \u00fcbte den Judosport aus. Nach dem Judo unterrichtete er Aikido, f\u00fcr etwa drei oder vier M\u00e4nner. <strong>Im Aikido musste man nicht stark sein, deshalb wollte er es ausprobieren.<\/strong> So begann er 1962.<\/p><p>Sein erster Aiki-Lehrer war Tavernier Sensei. Nach drei Monaten kam Nakazono Sensei aus Japan nach Paris und Christian Tissier begann mit ihm zu trainieren. Nakazono Sensei war in Christian Tissiers Augen zu dieser Zeit ein wichtiger Sensei. Er hatte eine enorme Ausstrahlung und praktizierte viele Kampfk\u00fcnste. Nakazono Sensei lehrte ihn neben Aikido auch spirituelle Dinge wie Meditation.\u00a0<\/p><p>Nach seinen Abschlusspr\u00fcfungen <strong>1969 ging er ins ferne Japan<\/strong>. Christian Tissier war zu diesem Zeitpunkt 18 Jahre alt. Er besuchte alle Klassen. Der Doshu war sein Hauptlehrer; er ging jeden Tag dorthin. Er hatte \u00fcberhaupt nichts in Japan, keine Familie und kein Zuhause, aber er wurde sp\u00e4ter von Freunden aus Japan gut versorgt. <strong>Yamaguchi Sensei<\/strong>.<\/p><p>Schlie\u00dflich wohnte er in einer Wohnung gegen\u00fcber dem Haus und Dojo des Doshu.<\/p><p>Unter anderem war Endo Sensei sein *senpai. Au\u00dferdem wurde er von Osawa Sensei und Yamaguchi Sensei beeinflusst. Yama- guchi Sensei war ein sehr menschlicher Mensch. Er war auch im hohen Alter noch sehr flexibel.<\/p><p>Yamaguchi Sensei sprach nur dar\u00fcber, was Aikido ist und die Botschaft der Techniken. <strong>Aikido ist die Suche nach dem Ideal der Vollkommenheit des Selbst.<\/strong>war seine \u00dcberzeugung. Es war Yamaguchi Sensei, der Christian Tissier mit Minoru Inaba, einem Kenjutsu Sensei, bekannt machte. Christian\u00a0<\/p><p>Tissier war sehr beeindruckt von der Demonstration dieses Mannes. <strong>Sensei Minoru hat selbst viel mit dem Schwert trainiert.<\/strong> unterrichtete aber fast keinen Unterricht. Er hatte den Grundsatz: \"Wenn man etwas anf\u00e4ngt, muss man es auch zu Ende bringen\".\u00a0<\/p><p>Er sagte zu Christian Tissier;<br \/>\"Wenn du nach sechs Monaten immer noch hier bist, w\u00fcrde ich gerne dar\u00fcber nachdenken, dich zu unterrichten.\" Christian Tissier hat schlie\u00dflich 7 Jahre lang bei ihm gelernt.\u00a0<\/p><p>1976 kehrte Christian Tissier nach Frankreich zur\u00fcck und er\u00f6ffnete erst sp\u00e4ter sein eigenes Dojo in Paris, das sich noch heute am selben Ort befindet.<\/p><p>Interessiert an anderen Aikido-Gro\u00dfmeistern? Dann lesen Sie hier weiter...<\/p>\t\t\t\t\t\t\t\t<\/div>\n\t\t\t\t<\/div>\n\t\t\t\t<div class=\"elementor-element elementor-element-0ec2e83 elementor-widget elementor-widget-text-editor\" data-id=\"0ec2e83\" data-element_type=\"widget\" data-e-type=\"widget\" data-widget_type=\"text-editor.default\">\n\t\t\t\t<div class=\"elementor-widget-container\">\n\t\t\t\t\t\t\t\t\t<h2>Tissier-Stil<\/h2><p>Sensei Christian Tissier (8e Dan Aikikai) is een prominent figuur in de wereld van het Aikido, bekend om zijn indrukwekkende demonstraties die Aikido als kunstvorm op de kaart zetten. Zijn stijl, vaak aangeduid als &#8216;Tissier-stijl&#8217;, is beroemd om de <strong>gro\u00df, elegant <\/strong>und<strong> dynamische Bewegungen<\/strong>. (Siehe Video unten.) Obwohl Enthusiasten diesen Begriff verwenden, betont Sensei Tissier selbst, dass seine Techniken in der Aikikai-Tradition verwurzelt sind.<\/p>\t\t\t\t\t\t\t\t<\/div>\n\t\t\t\t<\/div>\n\t\t\t\t\t<\/div>\n\t\t\t\t<\/div>\n\t\t<div class=\"elementor-element elementor-element-9e2aaa1 e-flex e-con-boxed e-con e-parent\" data-id=\"9e2aaa1\" data-element_type=\"container\" data-e-type=\"container\">\n\t\t\t\t\t<div class=\"e-con-inner\">\n\t\t\t\t<div class=\"elementor-element elementor-element-7a1d9e7 elementor-widget elementor-widget-video\" data-id=\"7a1d9e7\" data-element_type=\"widget\" data-e-type=\"widget\" data-settings=\"{&quot;video_type&quot;:&quot;vimeo&quot;}\" data-widget_type=\"video.default\">\n\t\t\t\t<div class=\"elementor-widget-container\">\n\t\t\t\t\t\t\t<div class=\"elementor-wrapper elementor-open-inline\">\n\t\t\t<iframe class=\"elementor-video-iframe\" allowfullscreen allow=\"clipboard-write\" title=\"Reproductor de v\u00eddeo vimeo\" src=\"https:\/\/player.vimeo.com\/video\/728945328?color&amp;autopause=0&amp;loop=0&amp;muted=0&amp;title=1&amp;portrait=1&amp;byline=1&amp;h=75db062b20#t=\" data-no-translation-title=\"\"><\/iframe>\t\t<\/div>\n\t\t\t\t\t\t<\/div>\n\t\t\t\t<\/div>\n\t\t\t\t\t<\/div>\n\t\t\t\t<\/div>\n\t\t<div class=\"elementor-element elementor-element-585a0bf e-flex e-con-boxed e-con e-parent\" data-id=\"585a0bf\" data-element_type=\"container\" data-e-type=\"container\">\n\t\t\t\t\t<div class=\"e-con-inner\">\n\t\t\t\t<div class=\"elementor-element elementor-element-abf361c elementor-widget elementor-widget-text-editor\" data-id=\"abf361c\" data-element_type=\"widget\" data-e-type=\"widget\" data-widget_type=\"text-editor.default\">\n\t\t\t\t<div class=\"elementor-widget-container\">\n\t\t\t\t\t\t\t\t\t<h2>Tissier-Stil Niederlande<\/h2>\t\t\t\t\t\t\t\t<\/div>\n\t\t\t\t<\/div>\n\t\t\t\t\t<\/div>\n\t\t\t\t<\/div>\n\t\t<div class=\"elementor-element elementor-element-143c00bb e-flex e-con-boxed e-con e-parent\" data-id=\"143c00bb\" data-element_type=\"container\" data-e-type=\"container\" data-settings=\"{&quot;background_background&quot;:&quot;classic&quot;}\">\n\t\t\t\t\t<div class=\"e-con-inner\">\n\t\t<div class=\"elementor-element elementor-element-77323f e-con-full e-flex e-con e-child\" data-id=\"77323f\" data-element_type=\"container\" data-e-type=\"container\" data-settings=\"{&quot;background_background&quot;:&quot;classic&quot;}\">\n\t\t\t\t<div class=\"elementor-element elementor-element-681452af elementor-widget elementor-widget-text-editor\" data-id=\"681452af\" data-element_type=\"widget\" data-e-type=\"widget\" data-widget_type=\"text-editor.default\">\n\t\t\t\t<div class=\"elementor-widget-container\">\n\t\t\t\t\t\t\t\t\t<p>Edo Sensei w\u00e4hrend eines Praktikums in Frankreich mit Sensei Christian Tissier<\/p>\t\t\t\t\t\t\t\t<\/div>\n\t\t\t\t<\/div>\n\t\t\t\t<\/div>\n\t\t<div class=\"elementor-element elementor-element-fb87854 e-con-full e-flex e-con e-child\" data-id=\"fb87854\" data-element_type=\"container\" data-e-type=\"container\" data-settings=\"{&quot;background_background&quot;:&quot;classic&quot;}\">\n\t\t\t\t<div class=\"elementor-element elementor-element-5e22f2fd elementor-widget elementor-widget-text-editor\" data-id=\"5e22f2fd\" data-element_type=\"widget\" data-e-type=\"widget\" data-widget_type=\"text-editor.default\">\n\t\t\t\t<div class=\"elementor-widget-container\">\n\t\t\t\t\t\t\t\t\t<p>Anne Sensei als Uke von Sensei Christian Tissier<\/p>\t\t\t\t\t\t\t\t<\/div>\n\t\t\t\t<\/div>\n\t\t\t\t<\/div>\n\t\t<div class=\"elementor-element elementor-element-4405e392 e-con-full e-flex e-con e-child\" data-id=\"4405e392\" data-element_type=\"container\" data-e-type=\"container\" data-settings=\"{&quot;background_background&quot;:&quot;classic&quot;}\">\n\t\t\t\t<div class=\"elementor-element elementor-element-2acba1b elementor-widget elementor-widget-text-editor\" data-id=\"2acba1b\" data-element_type=\"widget\" data-e-type=\"widget\" data-widget_type=\"text-editor.default\">\n\t\t\t\t<div class=\"elementor-widget-container\">\n\t\t\t\t\t\t\t\t\t<p>Anne und Edo Sensei legen die 1. Kyu-Pr\u00fcfung ab. Mit Gro\u00dfmeister Christian Tissier in Paris in seinem privaten Dojo.<\/p>\t\t\t\t\t\t\t\t<\/div>\n\t\t\t\t<\/div>\n\t\t\t\t<\/div>\n\t\t\t\t\t<\/div>\n\t\t\t\t<\/div>\n\t\t<div class=\"elementor-element elementor-element-1cd251e3 e-con-full e-flex e-con e-parent\" data-id=\"1cd251e3\" data-element_type=\"container\" data-e-type=\"container\">\n\t\t\t\t<div class=\"elementor-element elementor-element-74d2b671 elementor-widget elementor-widget-shortcode\" data-id=\"74d2b671\" data-element_type=\"widget\" data-e-type=\"widget\" data-widget_type=\"shortcode.default\">\n\t\t\t\t<div class=\"elementor-widget-container\">\n\t\t\t\t\t\t\t<div class=\"elementor-shortcode\">\t\t<div data-elementor-type=\"section\" data-elementor-id=\"296\" class=\"elementor elementor-296\" data-elementor-post-type=\"elementor_library\">\n\t\t\t<div class=\"elementor-element elementor-element-31eba413 e-flex e-con-boxed e-con e-parent\" data-id=\"31eba413\" data-element_type=\"container\" data-e-type=\"container\" data-settings=\"{&quot;background_background&quot;:&quot;classic&quot;}\">\n\t\t\t\t\t<div class=\"e-con-inner\">\n\t\t\t\t<div class=\"elementor-element elementor-element-15e4890e elementor-widget elementor-widget-heading\" data-id=\"15e4890e\" data-element_type=\"widget\" data-e-type=\"widget\" data-widget_type=\"heading.default\">\n\t\t\t\t<div class=\"elementor-widget-container\">\n\t\t\t\t\t<div class=\"elementor-heading-title elementor-size-default\">Pers\u00f6nlich<br>\nWachstum in den eigenen H\u00e4nden<\/div>\t\t\t\t<\/div>\n\t\t\t\t<\/div>\n\t\t\t\t<div class=\"elementor-element elementor-element-7048f5f elementor-widget elementor-widget-heading\" data-id=\"7048f5f\" data-element_type=\"widget\" data-e-type=\"widget\" data-widget_type=\"heading.default\">\n\t\t\t\t<div class=\"elementor-widget-container\">\n\t\t\t\t\t<div class=\"elementor-heading-title elementor-size-default\">In was auch immer Sie wachsen wollen, mit Aikido werden Sie den Weg finden.<\/div>\t\t\t\t<\/div>\n\t\t\t\t<\/div>\n\t\t\t\t<div class=\"elementor-element elementor-element-7c66c64b elementor-align-center elementor-widget elementor-widget-button\" data-id=\"7c66c64b\" data-element_type=\"widget\" data-e-type=\"widget\" data-widget_type=\"button.default\">\n\t\t\t\t<div class=\"elementor-widget-container\">\n\t\t\t\t\t\t\t\t\t<div class=\"elementor-button-wrapper\">\n\t\t\t\t\t<a class=\"elementor-button elementor-button-link elementor-size-sm\" href=\"https:\/\/ando-aikido.gotgrib.nl\/member\/selfservice\/registration\/628769c029bbb\">\n\t\t\t\t\t\t<span class=\"elementor-button-content-wrapper\">\n\t\t\t\t\t\t\t\t\t<span class=\"elementor-button-text\">Termin f\u00fcr eine Einf\u00fchrungsstunde<\/span>\n\t\t\t\t\t<\/span>\n\t\t\t\t\t<\/a>\n\t\t\t\t<\/div>\n\t\t\t\t\t\t\t\t<\/div>\n\t\t\t\t<\/div>\n\t\t\t\t\t<\/div>\n\t\t\t\t<\/div>\n\t\t\t\t<\/div>\n\t\t<\/div>\n\t\t\t\t\t\t<\/div>\n\t\t\t\t<\/div>\n\t\t\t\t<\/div>\n\t\t\t\t<\/div>","protected":false},"excerpt":{"rendered":"<p>Voordat sensei Edo en Anne leerling werden van Yoshimitsu Yamada shihan, waren zij zo\u2019n 8 jaar directe leerling van de Franse grootmeester Christian Tissier. Ook wel bekend om zijn elegante &#8216;Tissier Stijl&#8217;. Mede dankzij hem zijn ze hun eigen dojo begonnen in Veldhoven. Geboren in Parijs op 7 februari 1951. Christian Tissier was 11 jaar [&hellip;]<\/p>\n","protected":false},"author":1,"featured_media":1670,"parent":0,"menu_order":0,"comment_status":"closed","ping_status":"closed","template":"elementor_header_footer","meta":{"footnotes":""},"class_list":["post-563","page","type-page","status-publish","has-post-thumbnail","hentry"],"yoast_head":"<!-- This site is optimized with the Yoast SEO Premium plugin v27.3 (Yoast SEO v27.3) - https:\/\/yoast.com\/product\/yoast-seo-premium-wordpress\/ -->\n<title>Christian Tissier - Aikido ANDO<\/title>\n<meta name=\"description\" content=\"Christian Tissier&#039;s elegante Aikido-stijl wordt mede onderwezen bij Ando in Nederland. Ervaar dynamische bewegingen en diepgaande technieken.\" \/>\n<meta name=\"robots\" content=\"index, follow, max-snippet:-1, max-image-preview:large, max-video-preview:-1\" \/>\n<link rel=\"canonical\" href=\"https:\/\/aikido-ando.nl\/de\/christian-tissier\/\" \/>\n<meta property=\"og:locale\" content=\"de_DE\" \/>\n<meta property=\"og:type\" content=\"article\" \/>\n<meta property=\"og:title\" content=\"Christian Tissier\" \/>\n<meta property=\"og:description\" content=\"Christian Tissier&#039;s elegante Aikido-stijl wordt mede onderwezen bij Ando in Nederland. Ervaar dynamische bewegingen en diepgaande technieken.\" \/>\n<meta property=\"og:url\" content=\"https:\/\/aikido-ando.nl\/de\/christian-tissier\/\" \/>\n<meta property=\"og:site_name\" content=\"Aikido ANDO\" \/>\n<meta property=\"article:publisher\" content=\"https:\/\/www.facebook.com\/andoaikido\" \/>\n<meta property=\"article:modified_time\" content=\"2026-01-26T13:51:04+00:00\" \/>\n<meta property=\"og:image\" content=\"https:\/\/aikido-ando.nl\/wp-content\/uploads\/Seiza_Kaizen_Aikido_Ando_Dojo.webp\" \/>\n\t<meta property=\"og:image:width\" content=\"1920\" \/>\n\t<meta property=\"og:image:height\" content=\"600\" \/>\n\t<meta property=\"og:image:type\" content=\"image\/webp\" \/>\n<meta name=\"twitter:card\" content=\"summary_large_image\" \/>\n<meta name=\"twitter:label1\" content=\"Gesch\u00e4tzte Lesezeit\" \/>\n\t<meta name=\"twitter:data1\" content=\"3\u00a0Minuten\" \/>\n<script type=\"application\/ld+json\" class=\"yoast-schema-graph\">{\"@context\":\"https:\\\/\\\/schema.org\",\"@graph\":[{\"@type\":\"WebPage\",\"@id\":\"https:\\\/\\\/aikido-ando.nl\\\/christian-tissier\\\/\",\"url\":\"https:\\\/\\\/aikido-ando.nl\\\/christian-tissier\\\/\",\"name\":\"Christian Tissier - Aikido ANDO\",\"isPartOf\":{\"@id\":\"https:\\\/\\\/aikido-ando.nl\\\/#website\"},\"primaryImageOfPage\":{\"@id\":\"https:\\\/\\\/aikido-ando.nl\\\/christian-tissier\\\/#primaryimage\"},\"image\":{\"@id\":\"https:\\\/\\\/aikido-ando.nl\\\/christian-tissier\\\/#primaryimage\"},\"thumbnailUrl\":\"https:\\\/\\\/aikido-ando.nl\\\/wp-content\\\/uploads\\\/Seiza_Kaizen_Aikido_Ando_Dojo.webp\",\"datePublished\":\"2024-10-08T19:53:30+00:00\",\"dateModified\":\"2026-01-26T13:51:04+00:00\",\"description\":\"Christian Tissier's elegante Aikido-stijl wordt mede onderwezen bij Ando in Nederland. Ervaar dynamische bewegingen en diepgaande technieken.\",\"breadcrumb\":{\"@id\":\"https:\\\/\\\/aikido-ando.nl\\\/christian-tissier\\\/#breadcrumb\"},\"inLanguage\":\"de\",\"potentialAction\":[{\"@type\":\"ReadAction\",\"target\":[\"https:\\\/\\\/aikido-ando.nl\\\/christian-tissier\\\/\"]}]},{\"@type\":\"ImageObject\",\"inLanguage\":\"de\",\"@id\":\"https:\\\/\\\/aikido-ando.nl\\\/christian-tissier\\\/#primaryimage\",\"url\":\"https:\\\/\\\/aikido-ando.nl\\\/wp-content\\\/uploads\\\/Seiza_Kaizen_Aikido_Ando_Dojo.webp\",\"contentUrl\":\"https:\\\/\\\/aikido-ando.nl\\\/wp-content\\\/uploads\\\/Seiza_Kaizen_Aikido_Ando_Dojo.webp\",\"width\":1920,\"height\":600,\"caption\":\"Ando Aikidoles in Nederland bij Ando die dojo's heeft in Geldrop en omstreken.\"},{\"@type\":\"BreadcrumbList\",\"@id\":\"https:\\\/\\\/aikido-ando.nl\\\/christian-tissier\\\/#breadcrumb\",\"itemListElement\":[{\"@type\":\"ListItem\",\"position\":1,\"name\":\"Home\",\"item\":\"https:\\\/\\\/aikido-ando.nl\\\/\"},{\"@type\":\"ListItem\",\"position\":2,\"name\":\"Christian Tissier\"}]},{\"@type\":\"WebSite\",\"@id\":\"https:\\\/\\\/aikido-ando.nl\\\/#website\",\"url\":\"https:\\\/\\\/aikido-ando.nl\\\/\",\"name\":\"Aikido Ando\",\"description\":\"\",\"publisher\":{\"@id\":\"https:\\\/\\\/aikido-ando.nl\\\/#organization\"},\"potentialAction\":[{\"@type\":\"SearchAction\",\"target\":{\"@type\":\"EntryPoint\",\"urlTemplate\":\"https:\\\/\\\/aikido-ando.nl\\\/?s={search_term_string}\"},\"query-input\":{\"@type\":\"PropertyValueSpecification\",\"valueRequired\":true,\"valueName\":\"search_term_string\"}}],\"inLanguage\":\"de\"},{\"@type\":\"Organization\",\"@id\":\"https:\\\/\\\/aikido-ando.nl\\\/#organization\",\"name\":\"Aikido Ando\",\"url\":\"https:\\\/\\\/aikido-ando.nl\\\/\",\"logo\":{\"@type\":\"ImageObject\",\"inLanguage\":\"de\",\"@id\":\"https:\\\/\\\/aikido-ando.nl\\\/#\\\/schema\\\/logo\\\/image\\\/\",\"url\":\"https:\\\/\\\/aikido-ando.nl\\\/wp-content\\\/uploads\\\/Logo.webp\",\"contentUrl\":\"https:\\\/\\\/aikido-ando.nl\\\/wp-content\\\/uploads\\\/Logo.webp\",\"width\":500,\"height\":500,\"caption\":\"Aikido Ando\"},\"image\":{\"@id\":\"https:\\\/\\\/aikido-ando.nl\\\/#\\\/schema\\\/logo\\\/image\\\/\"},\"sameAs\":[\"https:\\\/\\\/www.facebook.com\\\/andoaikido\",\"https:\\\/\\\/www.instagram.com\\\/andoaikido\\\/\",\"https:\\\/\\\/www.tiktok.com\\\/404?fromUrl=\\\/andoaikido\",\"https:\\\/\\\/www.linkedin.com\\\/company\\\/andoaikido?originalSubdomain=nl\"]}]}<\/script>\n<!-- \/ Yoast SEO Premium plugin. -->","yoast_head_json":{"title":"Christian Tissier - Aikido ANDO","description":"Der elegante Aikido-Stil von Christian Tissier wird bei Ando in den Niederlanden unterrichtet. Erleben Sie dynamische Bewegungen und tiefgreifende Techniken.","robots":{"index":"index","follow":"follow","max-snippet":"max-snippet:-1","max-image-preview":"max-image-preview:large","max-video-preview":"max-video-preview:-1"},"canonical":"https:\/\/aikido-ando.nl\/de\/christian-tissier\/","og_locale":"de_DE","og_type":"article","og_title":"Christian Tissier","og_description":"Christian Tissier's elegante Aikido-stijl wordt mede onderwezen bij Ando in Nederland. Ervaar dynamische bewegingen en diepgaande technieken.","og_url":"https:\/\/aikido-ando.nl\/de\/christian-tissier\/","og_site_name":"Aikido ANDO","article_publisher":"https:\/\/www.facebook.com\/andoaikido","article_modified_time":"2026-01-26T13:51:04+00:00","og_image":[{"width":1920,"height":600,"url":"https:\/\/aikido-ando.nl\/wp-content\/uploads\/Seiza_Kaizen_Aikido_Ando_Dojo.webp","type":"image\/webp"}],"twitter_card":"summary_large_image","twitter_misc":{"Gesch\u00e4tzte Lesezeit":"3\u00a0Minuten"},"schema":{"@context":"https:\/\/schema.org","@graph":[{"@type":"WebPage","@id":"https:\/\/aikido-ando.nl\/christian-tissier\/","url":"https:\/\/aikido-ando.nl\/christian-tissier\/","name":"Christian Tissier - Aikido ANDO","isPartOf":{"@id":"https:\/\/aikido-ando.nl\/#website"},"primaryImageOfPage":{"@id":"https:\/\/aikido-ando.nl\/christian-tissier\/#primaryimage"},"image":{"@id":"https:\/\/aikido-ando.nl\/christian-tissier\/#primaryimage"},"thumbnailUrl":"https:\/\/aikido-ando.nl\/wp-content\/uploads\/Seiza_Kaizen_Aikido_Ando_Dojo.webp","datePublished":"2024-10-08T19:53:30+00:00","dateModified":"2026-01-26T13:51:04+00:00","description":"Der elegante Aikido-Stil von Christian Tissier wird bei Ando in den Niederlanden unterrichtet. Erleben Sie dynamische Bewegungen und tiefgreifende Techniken.","breadcrumb":{"@id":"https:\/\/aikido-ando.nl\/christian-tissier\/#breadcrumb"},"inLanguage":"de","potentialAction":[{"@type":"ReadAction","target":["https:\/\/aikido-ando.nl\/christian-tissier\/"]}]},{"@type":"ImageObject","inLanguage":"de","@id":"https:\/\/aikido-ando.nl\/christian-tissier\/#primaryimage","url":"https:\/\/aikido-ando.nl\/wp-content\/uploads\/Seiza_Kaizen_Aikido_Ando_Dojo.webp","contentUrl":"https:\/\/aikido-ando.nl\/wp-content\/uploads\/Seiza_Kaizen_Aikido_Ando_Dojo.webp","width":1920,"height":600,"caption":"Ando Aikidoles in Nederland bij Ando die dojo's heeft in Geldrop en omstreken."},{"@type":"BreadcrumbList","@id":"https:\/\/aikido-ando.nl\/christian-tissier\/#breadcrumb","itemListElement":[{"@type":"ListItem","position":1,"name":"Home","item":"https:\/\/aikido-ando.nl\/"},{"@type":"ListItem","position":2,"name":"Christian Tissier"}]},{"@type":"WebSite","@id":"https:\/\/aikido-ando.nl\/#website","url":"https:\/\/aikido-ando.nl\/","name":"Aikido Ando","description":"","publisher":{"@id":"https:\/\/aikido-ando.nl\/#organization"},"potentialAction":[{"@type":"SearchAction","target":{"@type":"EntryPoint","urlTemplate":"https:\/\/aikido-ando.nl\/?s={search_term_string}"},"query-input":{"@type":"PropertyValueSpecification","valueRequired":true,"valueName":"search_term_string"}}],"inLanguage":"de"},{"@type":"Organization","@id":"https:\/\/aikido-ando.nl\/#organization","name":"Aikido Ando","url":"https:\/\/aikido-ando.nl\/","logo":{"@type":"ImageObject","inLanguage":"de","@id":"https:\/\/aikido-ando.nl\/#\/schema\/logo\/image\/","url":"https:\/\/aikido-ando.nl\/wp-content\/uploads\/Logo.webp","contentUrl":"https:\/\/aikido-ando.nl\/wp-content\/uploads\/Logo.webp","width":500,"height":500,"caption":"Aikido Ando"},"image":{"@id":"https:\/\/aikido-ando.nl\/#\/schema\/logo\/image\/"},"sameAs":["https:\/\/www.facebook.com\/andoaikido","https:\/\/www.instagram.com\/andoaikido\/","https:\/\/www.tiktok.com\/404?fromUrl=\/andoaikido","https:\/\/www.linkedin.com\/company\/andoaikido?originalSubdomain=nl"]}]}},"_links":{"self":[{"href":"https:\/\/aikido-ando.nl\/de\/wp-json\/wp\/v2\/pages\/563","targetHints":{"allow":["GET"]}}],"collection":[{"href":"https:\/\/aikido-ando.nl\/de\/wp-json\/wp\/v2\/pages"}],"about":[{"href":"https:\/\/aikido-ando.nl\/de\/wp-json\/wp\/v2\/types\/page"}],"author":[{"embeddable":true,"href":"https:\/\/aikido-ando.nl\/de\/wp-json\/wp\/v2\/users\/1"}],"replies":[{"embeddable":true,"href":"https:\/\/aikido-ando.nl\/de\/wp-json\/wp\/v2\/comments?post=563"}],"version-history":[{"count":3,"href":"https:\/\/aikido-ando.nl\/de\/wp-json\/wp\/v2\/pages\/563\/revisions"}],"predecessor-version":[{"id":3752,"href":"https:\/\/aikido-ando.nl\/de\/wp-json\/wp\/v2\/pages\/563\/revisions\/3752"}],"wp:featuredmedia":[{"embeddable":true,"href":"https:\/\/aikido-ando.nl\/de\/wp-json\/wp\/v2\/media\/1670"}],"wp:attachment":[{"href":"https:\/\/aikido-ando.nl\/de\/wp-json\/wp\/v2\/media?parent=563"}],"curies":[{"name":"wp","href":"https:\/\/api.w.org\/{rel}","templated":true}]}}