{"id":577,"date":"2024-10-08T22:12:10","date_gmt":"2024-10-08T20:12:10","guid":{"rendered":"https:\/\/aikido-ando.nl\/?page_id=577"},"modified":"2024-12-10T13:45:36","modified_gmt":"2024-12-10T12:45:36","slug":"donovan-waite","status":"publish","type":"page","link":"https:\/\/aikido-ando.nl\/de\/donovan-waite\/","title":{"rendered":"Donovan Waite"},"content":{"rendered":"<div data-elementor-type=\"wp-page\" data-elementor-id=\"577\" class=\"elementor elementor-577\" data-elementor-post-type=\"page\">\n\t\t\t\t<div class=\"elementor-element elementor-element-f71e5ae e-flex e-con-boxed e-con e-parent\" data-id=\"f71e5ae\" data-element_type=\"container\" data-e-type=\"container\">\n\t\t\t\t\t<div class=\"e-con-inner\">\n\t\t\t\t<div class=\"elementor-element elementor-element-72b4326 elementor-widget elementor-widget-text-editor\" data-id=\"72b4326\" data-element_type=\"widget\" data-e-type=\"widget\" data-widget_type=\"text-editor.default\">\n\t\t\t\t<div class=\"elementor-widget-container\">\n\t\t\t\t\t\t\t\t\t<p><strong>Shihan Donovan Waite war Lehrer im New Yorker Aikikai und in Philadelphia. Er unterrichtete in der ganzen Welt, so kam er auch in die Niederlande, um ein Seminar zu geben. Dort kamen Edo und Anne in Kontakt mit einem besonders charismatischen Aikidoka, der ihnen eine ganz neue Aikido-Welt er\u00f6ffnete.<\/strong><\/p>\t\t\t\t\t\t\t\t<\/div>\n\t\t\t\t<\/div>\n\t\t\t\t<div class=\"elementor-element elementor-element-5d06b93 elementor-widget elementor-widget-text-editor\" data-id=\"5d06b93\" data-element_type=\"widget\" data-e-type=\"widget\" data-widget_type=\"text-editor.default\">\n\t\t\t\t<div class=\"elementor-widget-container\">\n\t\t\t\t\t\t\t\t\t<p>Donovan Waite begann im Alter von 7 Jahren in Birmingham, England, mit dem Judo. Ein Jahr sp\u00e4ter besuchte er seinen ersten Aikido-Kurs im Dojo von Ralph Reynolds. Bis zu seinem 15. Lebensjahr nahm er jedoch weiterhin zweimal pro Woche am Judounterricht teil. Kurz vor seinem 14. Geburtstag erhielt er seine <strong>Shodan Aikikai von Chiba Sensei<\/strong>. In England lernte er auch Tamura Sensei kennen und begann, regelm\u00e4\u00dfig bei ihm in Frankreich Unterricht zu nehmen. Er nahm auch Unterricht bei Saito Sensei.<\/p><p>Saito Sensei \u00f6ffnete ihm die Augen f\u00fcr das Waffentraining und die Art und Weise, wie es die K\u00f6rperbewegung beeinflusst. Einen Gro\u00dfteil seines Waffentrainings erhielt er auch von Chiba Sensei. Als er Aikido professioneller und hauptberuflich praktizieren wollte, entschied er sich auf Empfehlung von Tamura Sensei, Yamada Sensei in New York zu kontaktieren.<\/p><p>1984, im Alter von 24 Jahren, zog er nach New York und wurde <strong>mehr als 10 Jahre Uchi Deshi<\/strong> (resident student) am New Yorker Aikikai, wo er w\u00e4hrend dieser Zeit intensiven Unterricht bei Yamada Sensei und sp\u00e4ter Sugano Sensei nahm.<\/p><p>Shihan Donovan Waite war Lehrer am New Yorker Aikikai und Leiter des Aikido of Center City in Philadelphia. Im Jahr 2009 kam Sensei Donovan Waite in die Niederlande und besuchte unser Ando-Dojo in Boxtel, siehe das Interview unten. Leider ist er 2021 an einem Herzstillstand verstorben und sein Aikido wird von Sch\u00fclern, die mit ihm trainiert haben, wie Edo und Anne Sensei, weitergegeben werden.\u00a0<\/p>\t\t\t\t\t\t\t\t<\/div>\n\t\t\t\t<\/div>\n\t\t\t\t\t<\/div>\n\t\t\t\t<\/div>\n\t\t<div class=\"elementor-element elementor-element-a8c38f8 e-flex e-con-boxed e-con e-parent\" data-id=\"a8c38f8\" data-element_type=\"container\" data-e-type=\"container\">\n\t\t\t\t\t<div class=\"e-con-inner\">\n\t\t<div class=\"elementor-element elementor-element-6b85753 e-con-full e-flex e-con e-child\" data-id=\"6b85753\" data-element_type=\"container\" data-e-type=\"container\">\n\t\t\t\t<div class=\"elementor-element elementor-element-c2941b6 elementor-widget elementor-widget-video\" data-id=\"c2941b6\" data-element_type=\"widget\" data-e-type=\"widget\" data-settings=\"{&quot;youtube_url&quot;:&quot;https:\\\/\\\/www.youtube.com\\\/watch?v=kcfeO-csAnM&quot;,&quot;video_type&quot;:&quot;youtube&quot;,&quot;controls&quot;:&quot;yes&quot;}\" data-widget_type=\"video.default\">\n\t\t\t\t<div class=\"elementor-widget-container\">\n\t\t\t\t\t\t\t<div class=\"elementor-wrapper elementor-open-inline\">\n\t\t\t<div class=\"elementor-video\"><\/div>\t\t<\/div>\n\t\t\t\t\t\t<\/div>\n\t\t\t\t<\/div>\n\t\t\t\t<\/div>\n\t\t<div class=\"elementor-element elementor-element-7f7ab59 e-con-full e-flex e-con e-child\" data-id=\"7f7ab59\" data-element_type=\"container\" data-e-type=\"container\">\n\t\t\t\t<div class=\"elementor-element elementor-element-16ca2fd elementor-widget elementor-widget-video\" data-id=\"16ca2fd\" data-element_type=\"widget\" data-e-type=\"widget\" data-settings=\"{&quot;youtube_url&quot;:&quot;https:\\\/\\\/youtu.be\\\/rbabW9YyVyo&quot;,&quot;video_type&quot;:&quot;youtube&quot;,&quot;controls&quot;:&quot;yes&quot;}\" data-widget_type=\"video.default\">\n\t\t\t\t<div class=\"elementor-widget-container\">\n\t\t\t\t\t\t\t<div class=\"elementor-wrapper elementor-open-inline\">\n\t\t\t<div class=\"elementor-video\"><\/div>\t\t<\/div>\n\t\t\t\t\t\t<\/div>\n\t\t\t\t<\/div>\n\t\t\t\t<\/div>\n\t\t\t\t\t<\/div>\n\t\t\t\t<\/div>\n\t\t<div class=\"elementor-element elementor-element-495c7fc e-flex e-con-boxed e-con e-parent\" data-id=\"495c7fc\" data-element_type=\"container\" data-e-type=\"container\" data-settings=\"{&quot;background_background&quot;:&quot;classic&quot;}\">\n\t\t\t\t\t<div class=\"e-con-inner\">\n\t\t<div class=\"elementor-element elementor-element-dad4861 e-con-full e-flex e-con e-child\" data-id=\"dad4861\" data-element_type=\"container\" data-e-type=\"container\" data-settings=\"{&quot;background_background&quot;:&quot;classic&quot;}\">\n\t\t\t\t<div class=\"elementor-element elementor-element-aa6c1cd elementor-widget elementor-widget-text-editor\" data-id=\"aa6c1cd\" data-element_type=\"widget\" data-e-type=\"widget\" data-widget_type=\"text-editor.default\">\n\t\t\t\t<div class=\"elementor-widget-container\">\n\t\t\t\t\t\t\t\t\t<p>Shihan Donovan Waite absolviert sein Praktikum in den Niederlanden bei Ando.<\/p>\t\t\t\t\t\t\t\t<\/div>\n\t\t\t\t<\/div>\n\t\t\t\t<\/div>\n\t\t<div class=\"elementor-element elementor-element-f2f4b5f e-con-full e-flex e-con e-child\" data-id=\"f2f4b5f\" data-element_type=\"container\" data-e-type=\"container\" data-settings=\"{&quot;background_background&quot;:&quot;classic&quot;}\">\n\t\t\t\t<div class=\"elementor-element elementor-element-29901c7 elementor-widget elementor-widget-text-editor\" data-id=\"29901c7\" data-element_type=\"widget\" data-e-type=\"widget\" data-widget_type=\"text-editor.default\">\n\t\t\t\t<div class=\"elementor-widget-container\">\n\t\t\t\t\t\t\t\t\t<p>Foto mit Sensei Donovan Waite nach dem Training<\/p>\t\t\t\t\t\t\t\t<\/div>\n\t\t\t\t<\/div>\n\t\t\t\t<\/div>\n\t\t<div class=\"elementor-element elementor-element-29845b3 e-con-full e-flex e-con e-child\" data-id=\"29845b3\" data-element_type=\"container\" data-e-type=\"container\" data-settings=\"{&quot;background_background&quot;:&quot;classic&quot;}\">\n\t\t\t\t<div class=\"elementor-element elementor-element-32d4b2c elementor-widget elementor-widget-text-editor\" data-id=\"32d4b2c\" data-element_type=\"widget\" data-e-type=\"widget\" data-widget_type=\"text-editor.default\">\n\t\t\t\t<div class=\"elementor-widget-container\">\n\t\t\t\t\t\t\t\t\t<p>Leider ist Sensei Donovan im Jahr 2021 verstorben.<\/p>\t\t\t\t\t\t\t\t<\/div>\n\t\t\t\t<\/div>\n\t\t\t\t<\/div>\n\t\t\t\t\t<\/div>\n\t\t\t\t<\/div>\n\t\t\t\t<\/div>","protected":false},"excerpt":{"rendered":"<p>Shihan Donovan Waite was leraar in New York Aikikai en Philadelphia. Hij gaf les over de hele wereld, zo kwam hij ook naar Nederland om een seminar te geven. Waar Edo en Anne in aanraking kwamen met een bijzonder charismatische Aikidoka, die een hele nieuwe Aikido wereld opende. Donovan Waite begon met Judo in Birmingham, [&hellip;]<\/p>\n","protected":false},"author":1,"featured_media":1670,"parent":0,"menu_order":0,"comment_status":"closed","ping_status":"closed","template":"elementor_header_footer","meta":{"footnotes":""},"class_list":["post-577","page","type-page","status-publish","has-post-thumbnail","hentry"],"yoast_head":"<!-- This site is optimized with the Yoast SEO Premium plugin v27.5 (Yoast SEO v27.5) - https:\/\/yoast.com\/product\/yoast-seo-premium-wordpress\/ -->\n<title>Donovan Waite - Aikido ANDO<\/title>\n<meta name=\"description\" content=\"Verdiep je Aikido-vaardigheden met lessen ge\u00efnspireerd door Donovan Waite. Beleef de kunst van grote, elegante en dynamische bewegingen\" \/>\n<meta name=\"robots\" content=\"index, follow, max-snippet:-1, max-image-preview:large, max-video-preview:-1\" \/>\n<link rel=\"canonical\" href=\"https:\/\/aikido-ando.nl\/de\/donovan-waite\/\" \/>\n<meta property=\"og:locale\" content=\"de_DE\" \/>\n<meta property=\"og:type\" content=\"article\" \/>\n<meta property=\"og:title\" content=\"Donovan Waite\" \/>\n<meta property=\"og:description\" content=\"Verdiep je Aikido-vaardigheden met lessen ge\u00efnspireerd door Donovan Waite. Beleef de kunst van grote, elegante en dynamische bewegingen\" \/>\n<meta property=\"og:url\" content=\"https:\/\/aikido-ando.nl\/de\/donovan-waite\/\" \/>\n<meta property=\"og:site_name\" content=\"Aikido ANDO\" \/>\n<meta property=\"article:publisher\" content=\"https:\/\/www.facebook.com\/andoaikido\" \/>\n<meta property=\"article:modified_time\" content=\"2024-12-10T12:45:36+00:00\" \/>\n<meta property=\"og:image\" content=\"https:\/\/aikido-ando.nl\/wp-content\/uploads\/Seiza_Kaizen_Aikido_Ando_Dojo.webp\" \/>\n\t<meta property=\"og:image:width\" content=\"1920\" \/>\n\t<meta property=\"og:image:height\" content=\"600\" \/>\n\t<meta property=\"og:image:type\" content=\"image\/webp\" \/>\n<meta name=\"twitter:card\" content=\"summary_large_image\" \/>\n<meta name=\"twitter:label1\" content=\"Gesch\u00e4tzte Lesezeit\" \/>\n\t<meta name=\"twitter:data1\" content=\"2\u00a0Minuten\" \/>\n<script type=\"application\/ld+json\" class=\"yoast-schema-graph\">{\"@context\":\"https:\\\/\\\/schema.org\",\"@graph\":[{\"@type\":\"WebPage\",\"@id\":\"https:\\\/\\\/aikido-ando.nl\\\/donovan-waite\\\/\",\"url\":\"https:\\\/\\\/aikido-ando.nl\\\/donovan-waite\\\/\",\"name\":\"Donovan Waite - Aikido ANDO\",\"isPartOf\":{\"@id\":\"https:\\\/\\\/aikido-ando.nl\\\/#website\"},\"primaryImageOfPage\":{\"@id\":\"https:\\\/\\\/aikido-ando.nl\\\/donovan-waite\\\/#primaryimage\"},\"image\":{\"@id\":\"https:\\\/\\\/aikido-ando.nl\\\/donovan-waite\\\/#primaryimage\"},\"thumbnailUrl\":\"https:\\\/\\\/aikido-ando.nl\\\/wp-content\\\/uploads\\\/Seiza_Kaizen_Aikido_Ando_Dojo.webp\",\"datePublished\":\"2024-10-08T20:12:10+00:00\",\"dateModified\":\"2024-12-10T12:45:36+00:00\",\"description\":\"Verdiep je Aikido-vaardigheden met lessen ge\u00efnspireerd door Donovan Waite. Beleef de kunst van grote, elegante en dynamische bewegingen\",\"breadcrumb\":{\"@id\":\"https:\\\/\\\/aikido-ando.nl\\\/donovan-waite\\\/#breadcrumb\"},\"inLanguage\":\"de\",\"potentialAction\":[{\"@type\":\"ReadAction\",\"target\":[\"https:\\\/\\\/aikido-ando.nl\\\/donovan-waite\\\/\"]}]},{\"@type\":\"ImageObject\",\"inLanguage\":\"de\",\"@id\":\"https:\\\/\\\/aikido-ando.nl\\\/donovan-waite\\\/#primaryimage\",\"url\":\"https:\\\/\\\/aikido-ando.nl\\\/wp-content\\\/uploads\\\/Seiza_Kaizen_Aikido_Ando_Dojo.webp\",\"contentUrl\":\"https:\\\/\\\/aikido-ando.nl\\\/wp-content\\\/uploads\\\/Seiza_Kaizen_Aikido_Ando_Dojo.webp\",\"width\":1920,\"height\":600,\"caption\":\"Ando Aikidoles in Nederland bij Ando die dojo's heeft in Geldrop en omstreken.\"},{\"@type\":\"BreadcrumbList\",\"@id\":\"https:\\\/\\\/aikido-ando.nl\\\/donovan-waite\\\/#breadcrumb\",\"itemListElement\":[{\"@type\":\"ListItem\",\"position\":1,\"name\":\"Home\",\"item\":\"https:\\\/\\\/aikido-ando.nl\\\/\"},{\"@type\":\"ListItem\",\"position\":2,\"name\":\"Donovan Waite\"}]},{\"@type\":\"WebSite\",\"@id\":\"https:\\\/\\\/aikido-ando.nl\\\/#website\",\"url\":\"https:\\\/\\\/aikido-ando.nl\\\/\",\"name\":\"Aikido Ando\",\"description\":\"\",\"publisher\":{\"@id\":\"https:\\\/\\\/aikido-ando.nl\\\/#organization\"},\"potentialAction\":[{\"@type\":\"SearchAction\",\"target\":{\"@type\":\"EntryPoint\",\"urlTemplate\":\"https:\\\/\\\/aikido-ando.nl\\\/?s={search_term_string}\"},\"query-input\":{\"@type\":\"PropertyValueSpecification\",\"valueRequired\":true,\"valueName\":\"search_term_string\"}}],\"inLanguage\":\"de\"},{\"@type\":\"Organization\",\"@id\":\"https:\\\/\\\/aikido-ando.nl\\\/#organization\",\"name\":\"Aikido Ando\",\"url\":\"https:\\\/\\\/aikido-ando.nl\\\/\",\"logo\":{\"@type\":\"ImageObject\",\"inLanguage\":\"de\",\"@id\":\"https:\\\/\\\/aikido-ando.nl\\\/#\\\/schema\\\/logo\\\/image\\\/\",\"url\":\"https:\\\/\\\/aikido-ando.nl\\\/wp-content\\\/uploads\\\/Logo.webp\",\"contentUrl\":\"https:\\\/\\\/aikido-ando.nl\\\/wp-content\\\/uploads\\\/Logo.webp\",\"width\":500,\"height\":500,\"caption\":\"Aikido Ando\"},\"image\":{\"@id\":\"https:\\\/\\\/aikido-ando.nl\\\/#\\\/schema\\\/logo\\\/image\\\/\"},\"sameAs\":[\"https:\\\/\\\/www.facebook.com\\\/andoaikido\",\"https:\\\/\\\/www.instagram.com\\\/andoaikido\\\/\",\"https:\\\/\\\/www.tiktok.com\\\/404?fromUrl=\\\/andoaikido\",\"https:\\\/\\\/www.linkedin.com\\\/company\\\/andoaikido?originalSubdomain=nl\"]}]}<\/script>\n<!-- \/ Yoast SEO Premium plugin. -->","yoast_head_json":{"title":"Donovan Waite - Aikido ANDO","description":"Vertiefen Sie Ihre Aikido-Kenntnisse mit Lektionen, die von Donovan Waite inspiriert sind. Erleben Sie die Kunst der gro\u00dfen, eleganten und dynamischen Bewegungen","robots":{"index":"index","follow":"follow","max-snippet":"max-snippet:-1","max-image-preview":"max-image-preview:large","max-video-preview":"max-video-preview:-1"},"canonical":"https:\/\/aikido-ando.nl\/de\/donovan-waite\/","og_locale":"de_DE","og_type":"article","og_title":"Donovan Waite","og_description":"Verdiep je Aikido-vaardigheden met lessen ge\u00efnspireerd door Donovan Waite. Beleef de kunst van grote, elegante en dynamische bewegingen","og_url":"https:\/\/aikido-ando.nl\/de\/donovan-waite\/","og_site_name":"Aikido ANDO","article_publisher":"https:\/\/www.facebook.com\/andoaikido","article_modified_time":"2024-12-10T12:45:36+00:00","og_image":[{"width":1920,"height":600,"url":"https:\/\/aikido-ando.nl\/wp-content\/uploads\/Seiza_Kaizen_Aikido_Ando_Dojo.webp","type":"image\/webp"}],"twitter_card":"summary_large_image","twitter_misc":{"Gesch\u00e4tzte Lesezeit":"2\u00a0Minuten"},"schema":{"@context":"https:\/\/schema.org","@graph":[{"@type":"WebPage","@id":"https:\/\/aikido-ando.nl\/donovan-waite\/","url":"https:\/\/aikido-ando.nl\/donovan-waite\/","name":"Donovan Waite - Aikido ANDO","isPartOf":{"@id":"https:\/\/aikido-ando.nl\/#website"},"primaryImageOfPage":{"@id":"https:\/\/aikido-ando.nl\/donovan-waite\/#primaryimage"},"image":{"@id":"https:\/\/aikido-ando.nl\/donovan-waite\/#primaryimage"},"thumbnailUrl":"https:\/\/aikido-ando.nl\/wp-content\/uploads\/Seiza_Kaizen_Aikido_Ando_Dojo.webp","datePublished":"2024-10-08T20:12:10+00:00","dateModified":"2024-12-10T12:45:36+00:00","description":"Vertiefen Sie Ihre Aikido-Kenntnisse mit Lektionen, die von Donovan Waite inspiriert sind. Erleben Sie die Kunst der gro\u00dfen, eleganten und dynamischen Bewegungen","breadcrumb":{"@id":"https:\/\/aikido-ando.nl\/donovan-waite\/#breadcrumb"},"inLanguage":"de","potentialAction":[{"@type":"ReadAction","target":["https:\/\/aikido-ando.nl\/donovan-waite\/"]}]},{"@type":"ImageObject","inLanguage":"de","@id":"https:\/\/aikido-ando.nl\/donovan-waite\/#primaryimage","url":"https:\/\/aikido-ando.nl\/wp-content\/uploads\/Seiza_Kaizen_Aikido_Ando_Dojo.webp","contentUrl":"https:\/\/aikido-ando.nl\/wp-content\/uploads\/Seiza_Kaizen_Aikido_Ando_Dojo.webp","width":1920,"height":600,"caption":"Ando Aikidoles in Nederland bij Ando die dojo's heeft in Geldrop en omstreken."},{"@type":"BreadcrumbList","@id":"https:\/\/aikido-ando.nl\/donovan-waite\/#breadcrumb","itemListElement":[{"@type":"ListItem","position":1,"name":"Home","item":"https:\/\/aikido-ando.nl\/"},{"@type":"ListItem","position":2,"name":"Donovan Waite"}]},{"@type":"WebSite","@id":"https:\/\/aikido-ando.nl\/#website","url":"https:\/\/aikido-ando.nl\/","name":"Aikido Ando","description":"","publisher":{"@id":"https:\/\/aikido-ando.nl\/#organization"},"potentialAction":[{"@type":"SearchAction","target":{"@type":"EntryPoint","urlTemplate":"https:\/\/aikido-ando.nl\/?s={search_term_string}"},"query-input":{"@type":"PropertyValueSpecification","valueRequired":true,"valueName":"search_term_string"}}],"inLanguage":"de"},{"@type":"Organization","@id":"https:\/\/aikido-ando.nl\/#organization","name":"Aikido Ando","url":"https:\/\/aikido-ando.nl\/","logo":{"@type":"ImageObject","inLanguage":"de","@id":"https:\/\/aikido-ando.nl\/#\/schema\/logo\/image\/","url":"https:\/\/aikido-ando.nl\/wp-content\/uploads\/Logo.webp","contentUrl":"https:\/\/aikido-ando.nl\/wp-content\/uploads\/Logo.webp","width":500,"height":500,"caption":"Aikido Ando"},"image":{"@id":"https:\/\/aikido-ando.nl\/#\/schema\/logo\/image\/"},"sameAs":["https:\/\/www.facebook.com\/andoaikido","https:\/\/www.instagram.com\/andoaikido\/","https:\/\/www.tiktok.com\/404?fromUrl=\/andoaikido","https:\/\/www.linkedin.com\/company\/andoaikido?originalSubdomain=nl"]}]}},"_links":{"self":[{"href":"https:\/\/aikido-ando.nl\/de\/wp-json\/wp\/v2\/pages\/577","targetHints":{"allow":["GET"]}}],"collection":[{"href":"https:\/\/aikido-ando.nl\/de\/wp-json\/wp\/v2\/pages"}],"about":[{"href":"https:\/\/aikido-ando.nl\/de\/wp-json\/wp\/v2\/types\/page"}],"author":[{"embeddable":true,"href":"https:\/\/aikido-ando.nl\/de\/wp-json\/wp\/v2\/users\/1"}],"replies":[{"embeddable":true,"href":"https:\/\/aikido-ando.nl\/de\/wp-json\/wp\/v2\/comments?post=577"}],"version-history":[{"count":0,"href":"https:\/\/aikido-ando.nl\/de\/wp-json\/wp\/v2\/pages\/577\/revisions"}],"wp:featuredmedia":[{"embeddable":true,"href":"https:\/\/aikido-ando.nl\/de\/wp-json\/wp\/v2\/media\/1670"}],"wp:attachment":[{"href":"https:\/\/aikido-ando.nl\/de\/wp-json\/wp\/v2\/media?parent=577"}],"curies":[{"name":"wp","href":"https:\/\/api.w.org\/{rel}","templated":true}]}}