{"id":612,"date":"2024-10-08T22:48:59","date_gmt":"2024-10-08T20:48:59","guid":{"rendered":"https:\/\/aikido-ando.nl\/?page_id=612"},"modified":"2025-08-09T19:45:49","modified_gmt":"2025-08-09T17:45:49","slug":"grunder-aikido-2","status":"publish","type":"page","link":"https:\/\/aikido-ando.nl\/de\/oprichter-aikido-2\/","title":{"rendered":"Begr\u00fcnder Aikido"},"content":{"rendered":"<div data-elementor-type=\"wp-page\" data-elementor-id=\"612\" class=\"elementor elementor-612\" data-elementor-post-type=\"page\">\n\t\t\t\t<div class=\"elementor-element elementor-element-5fed27d e-flex e-con-boxed e-con e-parent\" data-id=\"5fed27d\" data-element_type=\"container\" data-e-type=\"container\">\n\t\t\t\t\t<div class=\"e-con-inner\">\n\t\t\t\t<div class=\"elementor-element elementor-element-fd5d3f1 elementor-widget elementor-widget-heading\" data-id=\"fd5d3f1\" data-element_type=\"widget\" data-e-type=\"widget\" data-widget_type=\"heading.default\">\n\t\t\t\t<div class=\"elementor-widget-container\">\n\t\t\t\t\t<h1 class=\"elementor-heading-title elementor-size-default\">O'sensei Morihei Ueshiba<\/h1>\t\t\t\t<\/div>\n\t\t\t\t<\/div>\n\t\t\t\t<div class=\"elementor-element elementor-element-59707eb elementor-widget elementor-widget-text-editor\" data-id=\"59707eb\" data-element_type=\"widget\" data-e-type=\"widget\" data-widget_type=\"text-editor.default\">\n\t\t\t\t<div class=\"elementor-widget-container\">\n\t\t\t\t\t\t\t\t\t<p><strong>O'Sensei Morihei Ueshiba ist auf der ganzen Welt als Begr\u00fcnder der Kampfkunst Aikido\" bekannt. Geboren am 14. Dezember 1883 in Tanabe, starb er am 26. April 1969 im Alter von 86 Jahren. Viele werden nur seinen Namen oder sein Portr\u00e4t kennen, das traditionell am Ehrenplatz im Dojo, dem Kamiza, angebracht ist.<\/strong><\/p><p><strong>Morihei Ueshiba praktizierte viele Verteidigungssportarten, darunter Jiujitsu, Judo, Speer- und Schwertkampf.<\/strong><\/p>\t\t\t\t\t\t\t\t<\/div>\n\t\t\t\t<\/div>\n\t\t\t\t<div class=\"elementor-element elementor-element-aad345c elementor-widget elementor-widget-text-editor\" data-id=\"aad345c\" data-element_type=\"widget\" data-e-type=\"widget\" data-widget_type=\"text-editor.default\">\n\t\t\t\t<div class=\"elementor-widget-container\">\n\t\t\t\t\t\t\t\t\t<p>Er war in allem der Beste, aber trotzdem war er nicht zufrieden. Er wollte nicht nur k\u00e4mpfen, um stark zu sein. Es musste mehr im Leben geben. Also dachte er dar\u00fcber nach und erkannte, dass man, wenn man gut im Kampfsport sein will,<strong> K\u00f6rper und Geist in Harmonie<\/strong> sein sollte. Denn wenn K\u00f6rper und Geist im Einklang sind, sp\u00fcrt man den kommenden Angriff besser. Morihei Ueshiba wurde nicht nur von der Kampfkunst gepr\u00e4gt, sondern auch Politik, Religion und Krieg beeinflussten ihn stark. Seine Heimatregion war ein Zentrum sehr alter Traditionen. Schon als Kind zeigte er ein gro\u00dfes Interesse an der alternativen und shintoistischen Denkweise, die er sp\u00e4ter in das Aikido einflie\u00dfen lie\u00df.<\/p><p>Als Morihei 19 Jahre alt war, heiratete er Hatsu. Sie hatten sp\u00e4ter drei S\u00f6hne, von denen Kisshomaru der ber\u00fchmteste war. Kisshomaru machte Aikido f\u00fcr jedermann zug\u00e4nglich. (Inzwischen ist auch er leider verstorben.) W\u00e4hrend seines Milit\u00e4rdienstes hielt er sich <strong>intensiv mit Kampfsportarten besch\u00e4ftigt<\/strong>.<\/p><p>Nach dem Krieg entwickelte sich Morihei Ueshiba weiter als Budo-Gro\u00dfmeister. Er entwickelte sich bis zu dem Punkt, an dem er als \"kleiner Mann\", der nicht gr\u00f6\u00dfer als 1,50 m war, einen starken Mann mit Leichtigkeit \u00fcberw\u00e4ltigen konnte. Morihei Ueshiba konnte mit der Energie eines anderen Menschen und mit seiner eigenen sehr gut umgehen.<\/p><p>Es gibt zum Beispiel eine Geschichte, dass der ber\u00fchmte Box-Champion Horiguchi, \"der Kolben\", im Dojo des Gro\u00dfmeisters vorbeischaute. Er wollte einen Kampf mit Morihei Ueshiba. Dabei forderte ihn der Gro\u00dfmeister auf, ihn mit all seiner Kraft und seinem K\u00f6nnen anzugreifen. Mit voller Kraft und Gewalt versuchte der Boxer, den Gro\u00dfmeister auf die Brust zu schlagen. Schl\u00e4ge und blitzartige St\u00f6\u00dfe kamen auf den Gro\u00dfmeister zu. Bis pl\u00f6tzlich die Arme des Boxers von au\u00dfen von den H\u00e4nden des Gro\u00dfmeisters getroffen wurden. Es war eine flexible, fast unsichtbare Bewegung. Horiguchi st\u00fcrzte mit zwei gebrochenen Armen zu Boden und verbrachte danach zwei Monate im Krankenhaus.<\/p><p>Morihei Ueshiba ist ein gro\u00dfes Vorbild f\u00fcr Menschen, die Aikido praktizieren, er hat in seinem Leben viel erreicht und daf\u00fcr gibt es gro\u00dfen Respekt. Weil Morihei Ueshiba so respektiert wird, nennen sie ihn auch O'Sensei, was auf Japanisch \"gro\u00dfer Lehrer\" bedeutet.<\/p><p>An dem Tag, an dem Morihei Ueshiba starb, verlieh ihm die japanische Regierung den \"Orden des heiligen Schatzes\", die h\u00f6chste Auszeichnung, die er f\u00fcr die Verwirklichung des Aikido erhielt.<\/p>\t\t\t\t\t\t\t\t<\/div>\n\t\t\t\t<\/div>\n\t\t\t\t\t<\/div>\n\t\t\t\t<\/div>\n\t\t<div class=\"elementor-element elementor-element-6bf30e02 e-flex e-con-boxed e-con e-parent\" data-id=\"6bf30e02\" data-element_type=\"container\" data-e-type=\"container\" data-settings=\"{&quot;background_background&quot;:&quot;classic&quot;}\">\n\t\t\t\t\t<div class=\"e-con-inner\">\n\t\t<div class=\"elementor-element elementor-element-640546a5 e-con-full e-flex e-con e-child\" data-id=\"640546a5\" data-element_type=\"container\" data-e-type=\"container\" data-settings=\"{&quot;background_background&quot;:&quot;classic&quot;}\">\n\t\t\t\t<div class=\"elementor-element elementor-element-7b827c55 elementor-widget elementor-widget-text-editor\" data-id=\"7b827c55\" data-element_type=\"widget\" data-e-type=\"widget\" data-widget_type=\"text-editor.default\">\n\t\t\t\t<div class=\"elementor-widget-container\">\n\t\t\t\t\t\t\t\t\t<p>Das ist Morihei Ueshiba, der Gr\u00fcnder des Aikido.<\/p>\t\t\t\t\t\t\t\t<\/div>\n\t\t\t\t<\/div>\n\t\t\t\t<\/div>\n\t\t<div class=\"elementor-element elementor-element-350da80a e-con-full e-flex e-con e-child\" data-id=\"350da80a\" data-element_type=\"container\" data-e-type=\"container\" data-settings=\"{&quot;background_background&quot;:&quot;classic&quot;}\">\n\t\t\t\t<div class=\"elementor-element elementor-element-119b9b26 elementor-widget elementor-widget-text-editor\" data-id=\"119b9b26\" data-element_type=\"widget\" data-e-type=\"widget\" data-widget_type=\"text-editor.default\">\n\t\t\t\t<div class=\"elementor-widget-container\">\n\t\t\t\t\t\t\t\t\t<p>Morihei Ueshiba war sehr an der Denkweise des Shinto interessiert.<\/p>\t\t\t\t\t\t\t\t<\/div>\n\t\t\t\t<\/div>\n\t\t\t\t<\/div>\n\t\t<div class=\"elementor-element elementor-element-47285073 e-con-full e-flex e-con e-child\" data-id=\"47285073\" data-element_type=\"container\" data-e-type=\"container\" data-settings=\"{&quot;background_background&quot;:&quot;classic&quot;}\">\n\t\t\t\t<div class=\"elementor-element elementor-element-5b1a54f7 elementor-widget elementor-widget-text-editor\" data-id=\"5b1a54f7\" data-element_type=\"widget\" data-e-type=\"widget\" data-widget_type=\"text-editor.default\">\n\t\t\t\t<div class=\"elementor-widget-container\">\n\t\t\t\t\t\t\t\t\t<p>O'sensei arbeitete mit gro\u00dfer Leidenschaft mit einem Jo, dem Holzstock.<\/p>\t\t\t\t\t\t\t\t<\/div>\n\t\t\t\t<\/div>\n\t\t\t\t<\/div>\n\t\t\t\t\t<\/div>\n\t\t\t\t<\/div>\n\t\t<div class=\"elementor-element elementor-element-34ea86cf e-flex e-con-boxed e-con e-parent\" data-id=\"34ea86cf\" data-element_type=\"container\" data-e-type=\"container\" data-settings=\"{&quot;background_background&quot;:&quot;classic&quot;}\">\n\t\t\t\t\t<div class=\"e-con-inner\">\n\t\t\t\t<div class=\"elementor-element elementor-element-255ed2dd elementor-widget elementor-widget-heading\" data-id=\"255ed2dd\" data-element_type=\"widget\" data-e-type=\"widget\" data-widget_type=\"heading.default\">\n\t\t\t\t<div class=\"elementor-widget-container\">\n\t\t\t\t\t<div class=\"elementor-heading-title elementor-size-default\">Pers\u00f6nlich<br>\nWachstum in den eigenen H\u00e4nden<\/div>\t\t\t\t<\/div>\n\t\t\t\t<\/div>\n\t\t\t\t<div class=\"elementor-element elementor-element-29e9be7 elementor-widget elementor-widget-heading\" data-id=\"29e9be7\" data-element_type=\"widget\" data-e-type=\"widget\" data-widget_type=\"heading.default\">\n\t\t\t\t<div class=\"elementor-widget-container\">\n\t\t\t\t\t<div class=\"elementor-heading-title elementor-size-default\">In was auch immer Sie wachsen wollen, mit Aikido werden Sie den Weg finden.<\/div>\t\t\t\t<\/div>\n\t\t\t\t<\/div>\n\t\t\t\t<div class=\"elementor-element elementor-element-260bc2b5 elementor-align-center elementor-widget elementor-widget-button\" data-id=\"260bc2b5\" data-element_type=\"widget\" data-e-type=\"widget\" data-widget_type=\"button.default\">\n\t\t\t\t<div class=\"elementor-widget-container\">\n\t\t\t\t\t\t\t\t\t<div class=\"elementor-button-wrapper\">\n\t\t\t\t\t<a class=\"elementor-button elementor-button-link elementor-size-sm\" href=\"https:\/\/ando-aikido.gotgrib.nl\/member\/selfservice\/registration\/628769c029bbb\">\n\t\t\t\t\t\t<span class=\"elementor-button-content-wrapper\">\n\t\t\t\t\t\t\t\t\t<span class=\"elementor-button-text\">Termin f\u00fcr eine Einf\u00fchrungsstunde<\/span>\n\t\t\t\t\t<\/span>\n\t\t\t\t\t<\/a>\n\t\t\t\t<\/div>\n\t\t\t\t\t\t\t\t<\/div>\n\t\t\t\t<\/div>\n\t\t\t\t\t<\/div>\n\t\t\t\t<\/div>\n\t\t\t\t<\/div>","protected":false},"excerpt":{"rendered":"<p>O&#8217;sensei Morihei Ueshiba O\u2019Sensei Morihei Ueshiba staat over de hele wereld bekend als de grondlegger van de martiale kunst \u2018Aikido\u2019. Geboren op 14 december 1883 in Tanabe en op 26 april 1969 is hij op 86 jarige leeftijd overleden. Vele zullen alleen zijn naam of het portret herkennen dat volgens traditie op de ereplaats in [&hellip;]<\/p>\n","protected":false},"author":1,"featured_media":1669,"parent":0,"menu_order":0,"comment_status":"closed","ping_status":"closed","template":"","meta":{"footnotes":""},"class_list":["post-612","page","type-page","status-publish","has-post-thumbnail","hentry"],"yoast_head":"<!-- This site is optimized with the Yoast SEO Premium plugin v27.5 (Yoast SEO v27.5) - https:\/\/yoast.com\/product\/yoast-seo-premium-wordpress\/ -->\n<title>Oprichter Aikido - Aikido ANDO<\/title>\n<meta name=\"description\" content=\"Ontdek het verhaal van O\u2019Sensei Morihei Ueshiba, de oprichter van Aikido. Lees meer over zijn leven, filosofie en zijn invloed op de martiale kunst.\" \/>\n<meta name=\"robots\" content=\"index, follow, max-snippet:-1, max-image-preview:large, max-video-preview:-1\" \/>\n<link rel=\"canonical\" href=\"https:\/\/aikido-ando.nl\/de\/grunder-aikido-2\/\" \/>\n<meta property=\"og:locale\" content=\"de_DE\" \/>\n<meta property=\"og:type\" content=\"article\" \/>\n<meta property=\"og:title\" content=\"Oprichter Aikido\" \/>\n<meta property=\"og:description\" content=\"Ontdek het verhaal van O\u2019Sensei Morihei Ueshiba, de oprichter van Aikido. Lees meer over zijn leven, filosofie en zijn invloed op de martiale kunst.\" \/>\n<meta property=\"og:url\" content=\"https:\/\/aikido-ando.nl\/de\/grunder-aikido-2\/\" \/>\n<meta property=\"og:site_name\" content=\"Aikido ANDO\" \/>\n<meta property=\"article:publisher\" content=\"https:\/\/www.facebook.com\/andoaikido\" \/>\n<meta property=\"article:modified_time\" content=\"2025-08-09T17:45:49+00:00\" \/>\n<meta property=\"og:image\" content=\"https:\/\/aikido-ando.nl\/wp-content\/uploads\/Bokken_Selfdefence_MartialArt_Samurai_Aikido_Ando_Dojo.webp\" \/>\n\t<meta property=\"og:image:width\" content=\"1920\" \/>\n\t<meta property=\"og:image:height\" content=\"600\" \/>\n\t<meta property=\"og:image:type\" content=\"image\/webp\" \/>\n<meta name=\"twitter:card\" content=\"summary_large_image\" \/>\n<meta name=\"twitter:label1\" content=\"Gesch\u00e4tzte Lesezeit\" \/>\n\t<meta name=\"twitter:data1\" content=\"3\u00a0Minuten\" \/>\n<script type=\"application\/ld+json\" class=\"yoast-schema-graph\">{\"@context\":\"https:\\\/\\\/schema.org\",\"@graph\":[{\"@type\":\"WebPage\",\"@id\":\"https:\\\/\\\/aikido-ando.nl\\\/oprichter-aikido-2\\\/\",\"url\":\"https:\\\/\\\/aikido-ando.nl\\\/oprichter-aikido-2\\\/\",\"name\":\"Oprichter Aikido - Aikido ANDO\",\"isPartOf\":{\"@id\":\"https:\\\/\\\/aikido-ando.nl\\\/#website\"},\"primaryImageOfPage\":{\"@id\":\"https:\\\/\\\/aikido-ando.nl\\\/oprichter-aikido-2\\\/#primaryimage\"},\"image\":{\"@id\":\"https:\\\/\\\/aikido-ando.nl\\\/oprichter-aikido-2\\\/#primaryimage\"},\"thumbnailUrl\":\"https:\\\/\\\/aikido-ando.nl\\\/wp-content\\\/uploads\\\/Bokken_Selfdefence_MartialArt_Samurai_Aikido_Ando_Dojo.webp\",\"datePublished\":\"2024-10-08T20:48:59+00:00\",\"dateModified\":\"2025-08-09T17:45:49+00:00\",\"description\":\"Ontdek het verhaal van O\u2019Sensei Morihei Ueshiba, de oprichter van Aikido. Lees meer over zijn leven, filosofie en zijn invloed op de martiale kunst.\",\"breadcrumb\":{\"@id\":\"https:\\\/\\\/aikido-ando.nl\\\/oprichter-aikido-2\\\/#breadcrumb\"},\"inLanguage\":\"de\",\"potentialAction\":[{\"@type\":\"ReadAction\",\"target\":[\"https:\\\/\\\/aikido-ando.nl\\\/oprichter-aikido-2\\\/\"]}]},{\"@type\":\"ImageObject\",\"inLanguage\":\"de\",\"@id\":\"https:\\\/\\\/aikido-ando.nl\\\/oprichter-aikido-2\\\/#primaryimage\",\"url\":\"https:\\\/\\\/aikido-ando.nl\\\/wp-content\\\/uploads\\\/Bokken_Selfdefence_MartialArt_Samurai_Aikido_Ando_Dojo.webp\",\"contentUrl\":\"https:\\\/\\\/aikido-ando.nl\\\/wp-content\\\/uploads\\\/Bokken_Selfdefence_MartialArt_Samurai_Aikido_Ando_Dojo.webp\",\"width\":1920,\"height\":600,\"caption\":\"Aikido bokkenles is een les waarbij met houten zwaard wordt getraind. Dit doen we in Sint-Oedenrode maar ook op andere Ando lokaties\"},{\"@type\":\"BreadcrumbList\",\"@id\":\"https:\\\/\\\/aikido-ando.nl\\\/oprichter-aikido-2\\\/#breadcrumb\",\"itemListElement\":[{\"@type\":\"ListItem\",\"position\":1,\"name\":\"Home\",\"item\":\"https:\\\/\\\/aikido-ando.nl\\\/\"},{\"@type\":\"ListItem\",\"position\":2,\"name\":\"Oprichter Aikido\"}]},{\"@type\":\"WebSite\",\"@id\":\"https:\\\/\\\/aikido-ando.nl\\\/#website\",\"url\":\"https:\\\/\\\/aikido-ando.nl\\\/\",\"name\":\"Aikido Ando\",\"description\":\"\",\"publisher\":{\"@id\":\"https:\\\/\\\/aikido-ando.nl\\\/#organization\"},\"potentialAction\":[{\"@type\":\"SearchAction\",\"target\":{\"@type\":\"EntryPoint\",\"urlTemplate\":\"https:\\\/\\\/aikido-ando.nl\\\/?s={search_term_string}\"},\"query-input\":{\"@type\":\"PropertyValueSpecification\",\"valueRequired\":true,\"valueName\":\"search_term_string\"}}],\"inLanguage\":\"de\"},{\"@type\":\"Organization\",\"@id\":\"https:\\\/\\\/aikido-ando.nl\\\/#organization\",\"name\":\"Aikido Ando\",\"url\":\"https:\\\/\\\/aikido-ando.nl\\\/\",\"logo\":{\"@type\":\"ImageObject\",\"inLanguage\":\"de\",\"@id\":\"https:\\\/\\\/aikido-ando.nl\\\/#\\\/schema\\\/logo\\\/image\\\/\",\"url\":\"https:\\\/\\\/aikido-ando.nl\\\/wp-content\\\/uploads\\\/Logo.webp\",\"contentUrl\":\"https:\\\/\\\/aikido-ando.nl\\\/wp-content\\\/uploads\\\/Logo.webp\",\"width\":500,\"height\":500,\"caption\":\"Aikido Ando\"},\"image\":{\"@id\":\"https:\\\/\\\/aikido-ando.nl\\\/#\\\/schema\\\/logo\\\/image\\\/\"},\"sameAs\":[\"https:\\\/\\\/www.facebook.com\\\/andoaikido\",\"https:\\\/\\\/www.instagram.com\\\/andoaikido\\\/\",\"https:\\\/\\\/www.tiktok.com\\\/404?fromUrl=\\\/andoaikido\",\"https:\\\/\\\/www.linkedin.com\\\/company\\\/andoaikido?originalSubdomain=nl\"]}]}<\/script>\n<!-- \/ Yoast SEO Premium plugin. -->","yoast_head_json":{"title":"Begr\u00fcnder des Aikido - Aikido ANDO","description":"Entdecken Sie die Geschichte von O'Sensei Morihei Ueshiba, dem Gr\u00fcnder des Aikido. Erfahren Sie mehr \u00fcber sein Leben, seine Philosophie und seinen Einfluss auf die Kampfkunst.","robots":{"index":"index","follow":"follow","max-snippet":"max-snippet:-1","max-image-preview":"max-image-preview:large","max-video-preview":"max-video-preview:-1"},"canonical":"https:\/\/aikido-ando.nl\/de\/grunder-aikido-2\/","og_locale":"de_DE","og_type":"article","og_title":"Oprichter Aikido","og_description":"Ontdek het verhaal van O\u2019Sensei Morihei Ueshiba, de oprichter van Aikido. Lees meer over zijn leven, filosofie en zijn invloed op de martiale kunst.","og_url":"https:\/\/aikido-ando.nl\/de\/grunder-aikido-2\/","og_site_name":"Aikido ANDO","article_publisher":"https:\/\/www.facebook.com\/andoaikido","article_modified_time":"2025-08-09T17:45:49+00:00","og_image":[{"width":1920,"height":600,"url":"https:\/\/aikido-ando.nl\/wp-content\/uploads\/Bokken_Selfdefence_MartialArt_Samurai_Aikido_Ando_Dojo.webp","type":"image\/webp"}],"twitter_card":"summary_large_image","twitter_misc":{"Gesch\u00e4tzte Lesezeit":"3\u00a0Minuten"},"schema":{"@context":"https:\/\/schema.org","@graph":[{"@type":"WebPage","@id":"https:\/\/aikido-ando.nl\/oprichter-aikido-2\/","url":"https:\/\/aikido-ando.nl\/oprichter-aikido-2\/","name":"Begr\u00fcnder des Aikido - Aikido ANDO","isPartOf":{"@id":"https:\/\/aikido-ando.nl\/#website"},"primaryImageOfPage":{"@id":"https:\/\/aikido-ando.nl\/oprichter-aikido-2\/#primaryimage"},"image":{"@id":"https:\/\/aikido-ando.nl\/oprichter-aikido-2\/#primaryimage"},"thumbnailUrl":"https:\/\/aikido-ando.nl\/wp-content\/uploads\/Bokken_Selfdefence_MartialArt_Samurai_Aikido_Ando_Dojo.webp","datePublished":"2024-10-08T20:48:59+00:00","dateModified":"2025-08-09T17:45:49+00:00","description":"Entdecken Sie die Geschichte von O'Sensei Morihei Ueshiba, dem Gr\u00fcnder des Aikido. Erfahren Sie mehr \u00fcber sein Leben, seine Philosophie und seinen Einfluss auf die Kampfkunst.","breadcrumb":{"@id":"https:\/\/aikido-ando.nl\/oprichter-aikido-2\/#breadcrumb"},"inLanguage":"de","potentialAction":[{"@type":"ReadAction","target":["https:\/\/aikido-ando.nl\/oprichter-aikido-2\/"]}]},{"@type":"ImageObject","inLanguage":"de","@id":"https:\/\/aikido-ando.nl\/oprichter-aikido-2\/#primaryimage","url":"https:\/\/aikido-ando.nl\/wp-content\/uploads\/Bokken_Selfdefence_MartialArt_Samurai_Aikido_Ando_Dojo.webp","contentUrl":"https:\/\/aikido-ando.nl\/wp-content\/uploads\/Bokken_Selfdefence_MartialArt_Samurai_Aikido_Ando_Dojo.webp","width":1920,"height":600,"caption":"Aikido bokkenles is een les waarbij met houten zwaard wordt getraind. Dit doen we in Sint-Oedenrode maar ook op andere Ando lokaties"},{"@type":"BreadcrumbList","@id":"https:\/\/aikido-ando.nl\/oprichter-aikido-2\/#breadcrumb","itemListElement":[{"@type":"ListItem","position":1,"name":"Home","item":"https:\/\/aikido-ando.nl\/"},{"@type":"ListItem","position":2,"name":"Oprichter Aikido"}]},{"@type":"WebSite","@id":"https:\/\/aikido-ando.nl\/#website","url":"https:\/\/aikido-ando.nl\/","name":"Aikido Ando","description":"","publisher":{"@id":"https:\/\/aikido-ando.nl\/#organization"},"potentialAction":[{"@type":"SearchAction","target":{"@type":"EntryPoint","urlTemplate":"https:\/\/aikido-ando.nl\/?s={search_term_string}"},"query-input":{"@type":"PropertyValueSpecification","valueRequired":true,"valueName":"search_term_string"}}],"inLanguage":"de"},{"@type":"Organization","@id":"https:\/\/aikido-ando.nl\/#organization","name":"Aikido Ando","url":"https:\/\/aikido-ando.nl\/","logo":{"@type":"ImageObject","inLanguage":"de","@id":"https:\/\/aikido-ando.nl\/#\/schema\/logo\/image\/","url":"https:\/\/aikido-ando.nl\/wp-content\/uploads\/Logo.webp","contentUrl":"https:\/\/aikido-ando.nl\/wp-content\/uploads\/Logo.webp","width":500,"height":500,"caption":"Aikido Ando"},"image":{"@id":"https:\/\/aikido-ando.nl\/#\/schema\/logo\/image\/"},"sameAs":["https:\/\/www.facebook.com\/andoaikido","https:\/\/www.instagram.com\/andoaikido\/","https:\/\/www.tiktok.com\/404?fromUrl=\/andoaikido","https:\/\/www.linkedin.com\/company\/andoaikido?originalSubdomain=nl"]}]}},"_links":{"self":[{"href":"https:\/\/aikido-ando.nl\/de\/wp-json\/wp\/v2\/pages\/612","targetHints":{"allow":["GET"]}}],"collection":[{"href":"https:\/\/aikido-ando.nl\/de\/wp-json\/wp\/v2\/pages"}],"about":[{"href":"https:\/\/aikido-ando.nl\/de\/wp-json\/wp\/v2\/types\/page"}],"author":[{"embeddable":true,"href":"https:\/\/aikido-ando.nl\/de\/wp-json\/wp\/v2\/users\/1"}],"replies":[{"embeddable":true,"href":"https:\/\/aikido-ando.nl\/de\/wp-json\/wp\/v2\/comments?post=612"}],"version-history":[{"count":0,"href":"https:\/\/aikido-ando.nl\/de\/wp-json\/wp\/v2\/pages\/612\/revisions"}],"wp:featuredmedia":[{"embeddable":true,"href":"https:\/\/aikido-ando.nl\/de\/wp-json\/wp\/v2\/media\/1669"}],"wp:attachment":[{"href":"https:\/\/aikido-ando.nl\/de\/wp-json\/wp\/v2\/media?parent=612"}],"curies":[{"name":"wp","href":"https:\/\/api.w.org\/{rel}","templated":true}]}}