{"id":617,"date":"2024-10-08T22:51:58","date_gmt":"2024-10-08T20:51:58","guid":{"rendered":"https:\/\/aikido-ando.nl\/?page_id=617"},"modified":"2024-12-10T13:27:36","modified_gmt":"2024-12-10T12:27:36","slug":"aikido-fels-und-wasser","status":"publish","type":"page","link":"https:\/\/aikido-ando.nl\/de\/aikido-rots-en-water\/","title":{"rendered":"Aikido Fels und Wasser"},"content":{"rendered":"<div data-elementor-type=\"wp-page\" data-elementor-id=\"617\" class=\"elementor elementor-617\" data-elementor-post-type=\"page\">\n\t\t\t\t<div class=\"elementor-element elementor-element-0b5acf4 e-flex e-con-boxed e-con e-parent\" data-id=\"0b5acf4\" data-element_type=\"container\" data-e-type=\"container\">\n\t\t\t\t\t<div class=\"e-con-inner\">\n\t\t\t\t<div class=\"elementor-element elementor-element-7f16e1b elementor-widget elementor-widget-text-editor\" data-id=\"7f16e1b\" data-element_type=\"widget\" data-e-type=\"widget\" data-widget_type=\"text-editor.default\">\n\t\t\t\t<div class=\"elementor-widget-container\">\n\t\t\t\t\t\t\t\t\t<h2>Aikido als Fortsetzung des Stein- und Wassertrainings<\/h2><p><strong>Das Rock and Water Training verbindet die Kraft der Selbsterkenntnis (Rock) mit der Fl\u00fcssigkeit der Kommunikation (Water). Fels\" steht f\u00fcr die F\u00e4higkeit, eigene Grenzen zu setzen, unabh\u00e4ngige Entscheidungen zu treffen und einen pers\u00f6nlichen Kurs zu bestimmen. Wasser\" hingegen steht f\u00fcr die F\u00e4higkeit zu kommunizieren, zuzuh\u00f6ren, gemeinsam L\u00f6sungen zu finden und die Grenzen anderer zu respektieren.<\/strong><\/p>\t\t\t\t\t\t\t\t<\/div>\n\t\t\t\t<\/div>\n\t\t\t\t<div class=\"elementor-element elementor-element-0f84fe4 elementor-widget elementor-widget-text-editor\" data-id=\"0f84fe4\" data-element_type=\"widget\" data-e-type=\"widget\" data-widget_type=\"text-editor.default\">\n\t\t\t\t<div class=\"elementor-widget-container\">\n\t\t\t\t\t\t\t\t\t<h3>Aikido wie Fels und Wasser<\/h3><p>Bei Ando sehen wir Aikido als eine logische Fortsetzung des Rock and Water Trainings. In unseren Klassen haben Sie die M\u00f6glichkeit, die sozialen F\u00e4higkeiten zu entwickeln, die Sie w\u00e4hrend des <strong>Habe Fels- und Wassertraining gelernt, \u00fcbe jede Woche weiter<\/strong>. Sie werden sich Ihres eigenen K\u00f6rpers und des K\u00f6rpers anderer w\u00e4hrend der Trainingseinheiten bewusster werden und lernen, wie Sie sich in <strong>verschiedene Situationen<\/strong> und <strong>in der Lage sein, mit (physischem) Widerstand umzugehen<\/strong>.<\/p><p>Unser w\u00f6chentlicher Unterricht bietet Ihnen eine gute Gelegenheit, das im Training Gelernte zu festigen und weiterzuentwickeln. Wir verwenden ein <strong>spielerischer Ansatz<\/strong>So lernen und wachsen die Kinder beim Spielen. Au\u00dferdem ist die Atmosph\u00e4re auf der Matte immer positiv, so dass Sie die M\u00f6glichkeit haben, neue Freunde zu finden. All dies macht unsere Aikido-Kurse nicht nur lehrreich, sondern auch Spa\u00df und inspirierend.<\/p>\t\t\t\t\t\t\t\t<\/div>\n\t\t\t\t<\/div>\n\t\t\t\t\t<\/div>\n\t\t\t\t<\/div>\n\t\t<div class=\"elementor-element elementor-element-6bbd2814 e-flex e-con-boxed e-con e-parent\" data-id=\"6bbd2814\" data-element_type=\"container\" data-e-type=\"container\" data-settings=\"{&quot;background_background&quot;:&quot;classic&quot;}\">\n\t\t\t\t\t<div class=\"e-con-inner\">\n\t\t<div class=\"elementor-element elementor-element-bbcc236 e-con-full e-flex e-con e-child\" data-id=\"bbcc236\" data-element_type=\"container\" data-e-type=\"container\" data-settings=\"{&quot;background_background&quot;:&quot;classic&quot;}\">\n\t\t\t\t<div class=\"elementor-element elementor-element-747b66de elementor-widget elementor-widget-text-editor\" data-id=\"747b66de\" data-element_type=\"widget\" data-e-type=\"widget\" data-widget_type=\"text-editor.default\">\n\t\t\t\t<div class=\"elementor-widget-container\">\n\t\t\t\t\t\t\t\t\t<p>Sensei Edo unterrichtet Folgekurse zum Rock and Water Training.<\/p>\t\t\t\t\t\t\t\t<\/div>\n\t\t\t\t<\/div>\n\t\t\t\t<\/div>\n\t\t<div class=\"elementor-element elementor-element-67e8e603 e-con-full e-flex e-con e-child\" data-id=\"67e8e603\" data-element_type=\"container\" data-e-type=\"container\" data-settings=\"{&quot;background_background&quot;:&quot;classic&quot;}\">\n\t\t\t\t<div class=\"elementor-element elementor-element-5867a749 elementor-widget elementor-widget-text-editor\" data-id=\"5867a749\" data-element_type=\"widget\" data-e-type=\"widget\" data-widget_type=\"text-editor.default\">\n\t\t\t\t<div class=\"elementor-widget-container\">\n\t\t\t\t\t\t\t\t\t<p>Die gemeinsame Arbeit mit dem Mattenlegen, ein Teil des Fels- und Wassertrainings, kommt in jeder Klasse wieder zum Einsatz.<\/p>\t\t\t\t\t\t\t\t<\/div>\n\t\t\t\t<\/div>\n\t\t\t\t<\/div>\n\t\t<div class=\"elementor-element elementor-element-26d3298a e-con-full e-flex e-con e-child\" data-id=\"26d3298a\" data-element_type=\"container\" data-e-type=\"container\" data-settings=\"{&quot;background_background&quot;:&quot;classic&quot;}\">\n\t\t\t\t<div class=\"elementor-element elementor-element-52779fd5 elementor-widget elementor-widget-text-editor\" data-id=\"52779fd5\" data-element_type=\"widget\" data-e-type=\"widget\" data-widget_type=\"text-editor.default\">\n\t\t\t\t<div class=\"elementor-widget-container\">\n\t\t\t\t\t\t\t\t\t<p>Dann geht es weiter zum regul\u00e4ren Unterricht bei Sensei Anne.<\/p>\t\t\t\t\t\t\t\t<\/div>\n\t\t\t\t<\/div>\n\t\t\t\t<\/div>\n\t\t\t\t\t<\/div>\n\t\t\t\t<\/div>\n\t\t<div class=\"elementor-element elementor-element-7cddd2d e-flex e-con-boxed e-con e-parent\" data-id=\"7cddd2d\" data-element_type=\"container\" data-e-type=\"container\">\n\t\t\t\t\t<div class=\"e-con-inner\">\n\t\t\t\t<div class=\"elementor-element elementor-element-33e188c elementor-widget elementor-widget-text-editor\" data-id=\"33e188c\" data-element_type=\"widget\" data-e-type=\"widget\" data-widget_type=\"text-editor.default\">\n\t\t\t\t<div class=\"elementor-widget-container\">\n\t\t\t\t\t\t\t\t\t<h3>DIE WIRKUNG VON AIKIDO &amp; ROCK WATER TRAINING<\/h3>\t\t\t\t\t\t\t\t<\/div>\n\t\t\t\t<\/div>\n\t\t\t\t<div class=\"elementor-element elementor-element-325073e elementor-widget elementor-widget-text-editor\" data-id=\"325073e\" data-element_type=\"widget\" data-e-type=\"widget\" data-widget_type=\"text-editor.default\">\n\t\t\t\t<div class=\"elementor-widget-container\">\n\t\t\t\t\t\t\t\t\t<p>Wie das Fels- und Wassertraining hat auch Aikido eine <strong>positiver Einfluss<\/strong> auf diejenigen, die sie praktizieren. Wenn Sie an unserem Unterricht bei Ando teilnehmen, werden Sie feststellen, dass Sie <strong>das Selbstvertrauen steigt<\/strong>. Aikido lehrt auch die F\u00e4higkeit, mit schwierigen Situationen effektiv umzugehen. Ein wichtiger Teil unseres Trainings ist die<strong> sicheres Stehen lernen<\/strong>Dies ist ein wichtiges Fundament, auf dem wir aufbauen. Wie die <strong>wissen, wie man sich f\u00e4ngt<\/strong> rollt durch. Wie ein japanisches Sprichwort sagt: \"7-mal fallen hei\u00dft 8-mal aufstehen\". <strong>Ando Dojo \/ Gemeinschaft umfasst<\/strong> und hei\u00dft jeden willkommen, unabh\u00e4ngig von seiner Herkunft, seinen F\u00e4higkeiten oder seinem \"Rucksack\". Erleben Sie dies selbst, indem Sie eine Schnupperstunde in Aikido besuchen. Unsere Sch\u00fcler erleben sich auf der Matte zu Hause.\u00a0<\/p><p>All diese Elemente machen Aikido zu einer bereichernden Erfahrung, die \u00fcber das rein k\u00f6rperliche Training hinausgeht, oder Aikido ist eine gute Fortsetzung von Rock and Water!<\/p><p>Wir bieten Aikido f\u00fcr verschiedene Altersgruppen an. <strong>Kinder von 7 bis 8 Jahren<\/strong> sind herzlich eingeladen, mit unseren Grundkursen zu beginnen. F\u00fcr <strong>\u00e4ltere Kinder, von 11 bis 12 Jahren<\/strong>Wir haben spezielle Jugendkurse, die auf den Entwicklungsstand der Jugendlichen zugeschnitten sind. Unsere Trainingseinheiten sind an mehreren Standorten verf\u00fcgbar, unter anderem in Eindhoven, Veldhoven und Zaltbommel, sodass Sie leicht einen Standort in Ihrer N\u00e4he finden k\u00f6nnen.<\/p><p>Alle Zeiten und Orte finden Sie hier.<\/p>\t\t\t\t\t\t\t\t<\/div>\n\t\t\t\t<\/div>\n\t\t\t\t\t<\/div>\n\t\t\t\t<\/div>\n\t\t<div class=\"elementor-element elementor-element-4bf37c5 e-flex e-con-boxed e-con e-parent\" data-id=\"4bf37c5\" data-element_type=\"container\" data-e-type=\"container\">\n\t\t\t\t\t<div class=\"e-con-inner\">\n\t\t\t\t<div class=\"elementor-element elementor-element-7655d9a elementor-widget elementor-widget-text-editor\" data-id=\"7655d9a\" data-element_type=\"widget\" data-e-type=\"widget\" data-widget_type=\"text-editor.default\">\n\t\t\t\t<div class=\"elementor-widget-container\">\n\t\t\t\t\t\t\t\t\t<h3>Felsenwasserlehrer am Apparat<\/h3>\t\t\t\t\t\t\t\t<\/div>\n\t\t\t\t<\/div>\n\t\t\t\t<div class=\"elementor-element elementor-element-8b6030c elementor-widget elementor-widget-text-editor\" data-id=\"8b6030c\" data-element_type=\"widget\" data-e-type=\"widget\" data-widget_type=\"text-editor.default\">\n\t\t\t\t<div class=\"elementor-widget-container\">\n\t\t\t\t\t\t\t\t\t<p><em><strong>Zun\u00e4chst einmal m\u00f6chte ich Ihnen mitteilen, dass ich es als absolutes Privileg empfunden habe, dreimal am Kinderkurs teilzunehmen und Aikido selbst zu erleben.<\/strong><\/em><\/p><p>Was f\u00fcr Talente haben Sie sich zu eigen gemacht und wie sch\u00f6n ist es zu sehen, dass Sie diese Talente aus einer \"nat\u00fcrlichen Bewegung\/Leben\" mit den Menschen um Sie herum teilen!<\/p><p>Da ich dreimal mit dir trainieren durfte, haben wir uns abgestimmt, wie die Trainer von Rock and Water in das Aikido eingef\u00fchrt werden k\u00f6nnen.<\/p><p>Zun\u00e4chst einmal m\u00f6chte ich meine Erfahrungen\/Eindr\u00fccke mit Ihnen teilen:<\/p><p>- Was f\u00fcr eine unglaublich sch\u00f6ne Bewegungskunst ist Aikido, bei der die <strong>Wasserelement' (wie es in Rock and Water genannt wird) im Mittelpunkt steht.<\/strong><\/p><p>- Was f\u00fcr ein <strong>eine wunderbare, engmaschige und \"herzliche\" Aikido-Vereinigung<\/strong> sind Sie; die bedingungslose, bereitwillige Haltung der Mitglieder gegen\u00fcber (neuen Mitgliedern, <strong>Hilfe\/Unterst\u00fctzung von Menschen in der Entwicklung)<\/strong>war sehr sch\u00f6n zu erleben.<\/p><p>- Ich habe <strong>fand den Unterricht f\u00fcr die Kinder sehr wertvoll.<\/strong> Es war gro\u00dfartig, zu sehen, wie <strong>Verst\u00e4ndnis f\u00fcr die Unterst\u00fctzung der Kinder<\/strong> (Konzentration auf die Person, um sie zu bef\u00e4higen, ihr eigenes Gleichgewicht zu entdecken) w\u00e4hrend des Lernprozesses; w\u00e4hrend der Abschlussausbildung <strong>es war beeindruckend<\/strong> um Edo dabei zuzusehen, wie er das M\u00e4dchen (mit H\u00f6rger\u00e4t), das sich nur m\u00fchsam fortbewegen konnte, fast eine halbe Stunde lang individuell begleitet.<\/p><p>- <strong>W\u00e4hrend der Kinderstunde gefiel mir die Ruhe.<\/strong> (sobald die Matte betreten wird), sondern auch Struktur, Vorhersehbarkeit (feste Abl\u00e4ufe wie Aufw\u00e4rmen, Begr\u00fc\u00dfung, Vorf\u00fchrung, Nachahmung und Disziplin) und Freundlichkeit.<\/p><p>Ich denke, Aikido ist ein <strong>kann eine sehr gute Fortsetzung eines Kurses zu Rots und Wasser sein und eignet sich f\u00fcr Sch\u00fcler mit Bew\u00e4ltigungsproblemen (Einstellungsprobleme, weniger durchsetzungsf\u00e4hige Sch\u00fcler, Selbstkontrollprobleme usw.).<\/strong> Das Fehlen eines Wettbewerbselements macht die Bewegungskunst \u00e4u\u00dferst geeignet f\u00fcr unsere Zielgruppe der Sch\u00fcler.<\/p>\t\t\t\t\t\t\t\t<\/div>\n\t\t\t\t<\/div>\n\t\t\t\t\t<\/div>\n\t\t\t\t<\/div>\n\t\t\t\t<\/div>","protected":false},"excerpt":{"rendered":"<p>Aikido als vervolg op Rots en Water training Rots en Water training combineert de kracht van zelfbewustzijn (Rots) met de soepelheid van communicatie (Water). &#8216;Rots&#8217; vertegenwoordigt het vermogen om eigen grenzen te stellen, zelfstandig beslissingen te nemen en een persoonlijke koers te varen. &#8216;Water&#8217; daarentegen, staat voor het vermogen om te communiceren, te luisteren, samen [&hellip;]<\/p>\n","protected":false},"author":1,"featured_media":1664,"parent":0,"menu_order":0,"comment_status":"closed","ping_status":"closed","template":"elementor_header_footer","meta":{"footnotes":""},"class_list":["post-617","page","type-page","status-publish","has-post-thumbnail","hentry"],"yoast_head":"<!-- This site is optimized with the Yoast SEO Premium plugin v27.3 (Yoast SEO v27.3) - https:\/\/yoast.com\/product\/yoast-seo-premium-wordpress\/ -->\n<title>Aikido Rots en Water - Aikido ANDO<\/title>\n<meta name=\"description\" content=\"Ontdek de voordelen van Rots en Water training bij Ando in Eindhoven. Verbeter sociale vaardigheden en innerlijke kracht. Meld je nu aan!\" \/>\n<meta name=\"robots\" content=\"index, follow, max-snippet:-1, max-image-preview:large, max-video-preview:-1\" \/>\n<link rel=\"canonical\" href=\"https:\/\/aikido-ando.nl\/de\/aikido-fels-und-wasser\/\" \/>\n<meta property=\"og:locale\" content=\"de_DE\" \/>\n<meta property=\"og:type\" content=\"article\" \/>\n<meta property=\"og:title\" content=\"Aikido Rots en Water\" \/>\n<meta property=\"og:description\" content=\"Ontdek de voordelen van Rots en Water training bij Ando in Eindhoven. Verbeter sociale vaardigheden en innerlijke kracht. Meld je nu aan!\" \/>\n<meta property=\"og:url\" content=\"https:\/\/aikido-ando.nl\/de\/aikido-fels-und-wasser\/\" \/>\n<meta property=\"og:site_name\" content=\"Aikido ANDO\" \/>\n<meta property=\"article:publisher\" content=\"https:\/\/www.facebook.com\/andoaikido\" \/>\n<meta property=\"article:modified_time\" content=\"2024-12-10T12:27:36+00:00\" \/>\n<meta property=\"og:image\" content=\"https:\/\/aikido-ando.nl\/wp-content\/uploads\/Sensei_Anne_Meerhoven_Instructeur_bedrijfstraining_Eindhoven.webp\" \/>\n\t<meta property=\"og:image:width\" content=\"1920\" \/>\n\t<meta property=\"og:image:height\" content=\"599\" \/>\n\t<meta property=\"og:image:type\" content=\"image\/webp\" \/>\n<meta name=\"twitter:card\" content=\"summary_large_image\" \/>\n<meta name=\"twitter:label1\" content=\"Gesch\u00e4tzte Lesezeit\" \/>\n\t<meta name=\"twitter:data1\" content=\"5\u00a0Minuten\" \/>\n<script type=\"application\/ld+json\" class=\"yoast-schema-graph\">{\"@context\":\"https:\\\/\\\/schema.org\",\"@graph\":[{\"@type\":\"WebPage\",\"@id\":\"https:\\\/\\\/aikido-ando.nl\\\/aikido-rots-en-water\\\/\",\"url\":\"https:\\\/\\\/aikido-ando.nl\\\/aikido-rots-en-water\\\/\",\"name\":\"Aikido Rots en Water - Aikido ANDO\",\"isPartOf\":{\"@id\":\"https:\\\/\\\/aikido-ando.nl\\\/#website\"},\"primaryImageOfPage\":{\"@id\":\"https:\\\/\\\/aikido-ando.nl\\\/aikido-rots-en-water\\\/#primaryimage\"},\"image\":{\"@id\":\"https:\\\/\\\/aikido-ando.nl\\\/aikido-rots-en-water\\\/#primaryimage\"},\"thumbnailUrl\":\"https:\\\/\\\/aikido-ando.nl\\\/wp-content\\\/uploads\\\/Sensei_Anne_Meerhoven_Instructeur_bedrijfstraining_Eindhoven.webp\",\"datePublished\":\"2024-10-08T20:51:58+00:00\",\"dateModified\":\"2024-12-10T12:27:36+00:00\",\"description\":\"Ontdek de voordelen van Rots en Water training bij Ando in Eindhoven. Verbeter sociale vaardigheden en innerlijke kracht. Meld je nu aan!\",\"breadcrumb\":{\"@id\":\"https:\\\/\\\/aikido-ando.nl\\\/aikido-rots-en-water\\\/#breadcrumb\"},\"inLanguage\":\"de\",\"potentialAction\":[{\"@type\":\"ReadAction\",\"target\":[\"https:\\\/\\\/aikido-ando.nl\\\/aikido-rots-en-water\\\/\"]}]},{\"@type\":\"ImageObject\",\"inLanguage\":\"de\",\"@id\":\"https:\\\/\\\/aikido-ando.nl\\\/aikido-rots-en-water\\\/#primaryimage\",\"url\":\"https:\\\/\\\/aikido-ando.nl\\\/wp-content\\\/uploads\\\/Sensei_Anne_Meerhoven_Instructeur_bedrijfstraining_Eindhoven.webp\",\"contentUrl\":\"https:\\\/\\\/aikido-ando.nl\\\/wp-content\\\/uploads\\\/Sensei_Anne_Meerhoven_Instructeur_bedrijfstraining_Eindhoven.webp\",\"width\":1920,\"height\":599,\"caption\":\"Sensei Anne Slui geeft les waar weerbaarheid voor vrouwen. Ze is een voorbeeld voor veel vrouwen en mannen.\"},{\"@type\":\"BreadcrumbList\",\"@id\":\"https:\\\/\\\/aikido-ando.nl\\\/aikido-rots-en-water\\\/#breadcrumb\",\"itemListElement\":[{\"@type\":\"ListItem\",\"position\":1,\"name\":\"Home\",\"item\":\"https:\\\/\\\/aikido-ando.nl\\\/\"},{\"@type\":\"ListItem\",\"position\":2,\"name\":\"Aikido Rots en Water\"}]},{\"@type\":\"WebSite\",\"@id\":\"https:\\\/\\\/aikido-ando.nl\\\/#website\",\"url\":\"https:\\\/\\\/aikido-ando.nl\\\/\",\"name\":\"Aikido Ando\",\"description\":\"\",\"publisher\":{\"@id\":\"https:\\\/\\\/aikido-ando.nl\\\/#organization\"},\"potentialAction\":[{\"@type\":\"SearchAction\",\"target\":{\"@type\":\"EntryPoint\",\"urlTemplate\":\"https:\\\/\\\/aikido-ando.nl\\\/?s={search_term_string}\"},\"query-input\":{\"@type\":\"PropertyValueSpecification\",\"valueRequired\":true,\"valueName\":\"search_term_string\"}}],\"inLanguage\":\"de\"},{\"@type\":\"Organization\",\"@id\":\"https:\\\/\\\/aikido-ando.nl\\\/#organization\",\"name\":\"Aikido Ando\",\"url\":\"https:\\\/\\\/aikido-ando.nl\\\/\",\"logo\":{\"@type\":\"ImageObject\",\"inLanguage\":\"de\",\"@id\":\"https:\\\/\\\/aikido-ando.nl\\\/#\\\/schema\\\/logo\\\/image\\\/\",\"url\":\"https:\\\/\\\/aikido-ando.nl\\\/wp-content\\\/uploads\\\/Logo.webp\",\"contentUrl\":\"https:\\\/\\\/aikido-ando.nl\\\/wp-content\\\/uploads\\\/Logo.webp\",\"width\":500,\"height\":500,\"caption\":\"Aikido Ando\"},\"image\":{\"@id\":\"https:\\\/\\\/aikido-ando.nl\\\/#\\\/schema\\\/logo\\\/image\\\/\"},\"sameAs\":[\"https:\\\/\\\/www.facebook.com\\\/andoaikido\",\"https:\\\/\\\/www.instagram.com\\\/andoaikido\\\/\",\"https:\\\/\\\/www.tiktok.com\\\/404?fromUrl=\\\/andoaikido\",\"https:\\\/\\\/www.linkedin.com\\\/company\\\/andoaikido?originalSubdomain=nl\"]}]}<\/script>\n<!-- \/ Yoast SEO Premium plugin. -->","yoast_head_json":{"title":"Aikido Fels und Wasser - Aikido ANDO","description":"Entdecken Sie die Vorteile von Rots and Water Training bei Ando in Eindhoven. Verbessern Sie Ihre soziale Kompetenz und innere St\u00e4rke. Melden Sie sich jetzt an!","robots":{"index":"index","follow":"follow","max-snippet":"max-snippet:-1","max-image-preview":"max-image-preview:large","max-video-preview":"max-video-preview:-1"},"canonical":"https:\/\/aikido-ando.nl\/de\/aikido-fels-und-wasser\/","og_locale":"de_DE","og_type":"article","og_title":"Aikido Rots en Water","og_description":"Ontdek de voordelen van Rots en Water training bij Ando in Eindhoven. Verbeter sociale vaardigheden en innerlijke kracht. Meld je nu aan!","og_url":"https:\/\/aikido-ando.nl\/de\/aikido-fels-und-wasser\/","og_site_name":"Aikido ANDO","article_publisher":"https:\/\/www.facebook.com\/andoaikido","article_modified_time":"2024-12-10T12:27:36+00:00","og_image":[{"width":1920,"height":599,"url":"https:\/\/aikido-ando.nl\/wp-content\/uploads\/Sensei_Anne_Meerhoven_Instructeur_bedrijfstraining_Eindhoven.webp","type":"image\/webp"}],"twitter_card":"summary_large_image","twitter_misc":{"Gesch\u00e4tzte Lesezeit":"5\u00a0Minuten"},"schema":{"@context":"https:\/\/schema.org","@graph":[{"@type":"WebPage","@id":"https:\/\/aikido-ando.nl\/aikido-rots-en-water\/","url":"https:\/\/aikido-ando.nl\/aikido-rots-en-water\/","name":"Aikido Fels und Wasser - Aikido ANDO","isPartOf":{"@id":"https:\/\/aikido-ando.nl\/#website"},"primaryImageOfPage":{"@id":"https:\/\/aikido-ando.nl\/aikido-rots-en-water\/#primaryimage"},"image":{"@id":"https:\/\/aikido-ando.nl\/aikido-rots-en-water\/#primaryimage"},"thumbnailUrl":"https:\/\/aikido-ando.nl\/wp-content\/uploads\/Sensei_Anne_Meerhoven_Instructeur_bedrijfstraining_Eindhoven.webp","datePublished":"2024-10-08T20:51:58+00:00","dateModified":"2024-12-10T12:27:36+00:00","description":"Entdecken Sie die Vorteile von Rots and Water Training bei Ando in Eindhoven. Verbessern Sie Ihre soziale Kompetenz und innere St\u00e4rke. Melden Sie sich jetzt an!","breadcrumb":{"@id":"https:\/\/aikido-ando.nl\/aikido-rots-en-water\/#breadcrumb"},"inLanguage":"de","potentialAction":[{"@type":"ReadAction","target":["https:\/\/aikido-ando.nl\/aikido-rots-en-water\/"]}]},{"@type":"ImageObject","inLanguage":"de","@id":"https:\/\/aikido-ando.nl\/aikido-rots-en-water\/#primaryimage","url":"https:\/\/aikido-ando.nl\/wp-content\/uploads\/Sensei_Anne_Meerhoven_Instructeur_bedrijfstraining_Eindhoven.webp","contentUrl":"https:\/\/aikido-ando.nl\/wp-content\/uploads\/Sensei_Anne_Meerhoven_Instructeur_bedrijfstraining_Eindhoven.webp","width":1920,"height":599,"caption":"Sensei Anne Slui geeft les waar weerbaarheid voor vrouwen. Ze is een voorbeeld voor veel vrouwen en mannen."},{"@type":"BreadcrumbList","@id":"https:\/\/aikido-ando.nl\/aikido-rots-en-water\/#breadcrumb","itemListElement":[{"@type":"ListItem","position":1,"name":"Home","item":"https:\/\/aikido-ando.nl\/"},{"@type":"ListItem","position":2,"name":"Aikido Rots en Water"}]},{"@type":"WebSite","@id":"https:\/\/aikido-ando.nl\/#website","url":"https:\/\/aikido-ando.nl\/","name":"Aikido Ando","description":"","publisher":{"@id":"https:\/\/aikido-ando.nl\/#organization"},"potentialAction":[{"@type":"SearchAction","target":{"@type":"EntryPoint","urlTemplate":"https:\/\/aikido-ando.nl\/?s={search_term_string}"},"query-input":{"@type":"PropertyValueSpecification","valueRequired":true,"valueName":"search_term_string"}}],"inLanguage":"de"},{"@type":"Organization","@id":"https:\/\/aikido-ando.nl\/#organization","name":"Aikido Ando","url":"https:\/\/aikido-ando.nl\/","logo":{"@type":"ImageObject","inLanguage":"de","@id":"https:\/\/aikido-ando.nl\/#\/schema\/logo\/image\/","url":"https:\/\/aikido-ando.nl\/wp-content\/uploads\/Logo.webp","contentUrl":"https:\/\/aikido-ando.nl\/wp-content\/uploads\/Logo.webp","width":500,"height":500,"caption":"Aikido Ando"},"image":{"@id":"https:\/\/aikido-ando.nl\/#\/schema\/logo\/image\/"},"sameAs":["https:\/\/www.facebook.com\/andoaikido","https:\/\/www.instagram.com\/andoaikido\/","https:\/\/www.tiktok.com\/404?fromUrl=\/andoaikido","https:\/\/www.linkedin.com\/company\/andoaikido?originalSubdomain=nl"]}]}},"_links":{"self":[{"href":"https:\/\/aikido-ando.nl\/de\/wp-json\/wp\/v2\/pages\/617","targetHints":{"allow":["GET"]}}],"collection":[{"href":"https:\/\/aikido-ando.nl\/de\/wp-json\/wp\/v2\/pages"}],"about":[{"href":"https:\/\/aikido-ando.nl\/de\/wp-json\/wp\/v2\/types\/page"}],"author":[{"embeddable":true,"href":"https:\/\/aikido-ando.nl\/de\/wp-json\/wp\/v2\/users\/1"}],"replies":[{"embeddable":true,"href":"https:\/\/aikido-ando.nl\/de\/wp-json\/wp\/v2\/comments?post=617"}],"version-history":[{"count":0,"href":"https:\/\/aikido-ando.nl\/de\/wp-json\/wp\/v2\/pages\/617\/revisions"}],"wp:featuredmedia":[{"embeddable":true,"href":"https:\/\/aikido-ando.nl\/de\/wp-json\/wp\/v2\/media\/1664"}],"wp:attachment":[{"href":"https:\/\/aikido-ando.nl\/de\/wp-json\/wp\/v2\/media?parent=617"}],"curies":[{"name":"wp","href":"https:\/\/api.w.org\/{rel}","templated":true}]}}