{"id":626,"date":"2024-10-13T14:32:59","date_gmt":"2024-10-13T12:32:59","guid":{"rendered":"https:\/\/aikido-ando.nl\/?page_id=626"},"modified":"2024-12-10T14:06:52","modified_gmt":"2024-12-10T13:06:52","slug":"yoshimitsu-yamada","status":"publish","type":"page","link":"https:\/\/aikido-ando.nl\/de\/yoshimitsu-yamada\/","title":{"rendered":"Yoshimitsu Yamada"},"content":{"rendered":"<div data-elementor-type=\"wp-page\" data-elementor-id=\"626\" class=\"elementor elementor-626\" data-elementor-post-type=\"page\">\n\t\t\t\t<div class=\"elementor-element elementor-element-a65cf6e e-flex e-con-boxed e-con e-parent\" data-id=\"a65cf6e\" data-element_type=\"container\" data-e-type=\"container\">\n\t\t\t\t\t<div class=\"e-con-inner\">\n\t\t\t\t<div class=\"elementor-element elementor-element-1e4adff elementor-widget elementor-widget-text-editor\" data-id=\"1e4adff\" data-element_type=\"widget\" data-e-type=\"widget\" data-widget_type=\"text-editor.default\">\n\t\t\t\t<div class=\"elementor-widget-container\">\n\t\t\t\t\t\t\t\t\t<p><strong>Yoshimitsu Yamada, 8. Dan, Shihan | Chefausbilder New York Aikikai Pr\u00e4sident, US Aikido Verband<\/strong><\/p><p><strong>1955 wurde Yamada Sensei als Gastsch\u00fcler in das Honbu Dojo aufgenommen, um direkt von O Sensei, dem Begr\u00fcnder des Aikido, unterrichtet zu werden. Er war 18 Jahre alt und hatte keine Erfahrung in den Kampfk\u00fcnsten. Die Erfahrung, die er machte, war eine reine Aikido-Erfahrung.<\/strong><\/p>\t\t\t\t\t\t\t\t<\/div>\n\t\t\t\t<\/div>\n\t\t\t\t<div class=\"elementor-element elementor-element-f062924 elementor-widget elementor-widget-text-editor\" data-id=\"f062924\" data-element_type=\"widget\" data-e-type=\"widget\" data-widget_type=\"text-editor.default\">\n\t\t\t\t<div class=\"elementor-widget-container\">\n\t\t\t\t\t\t\t\t\t<p>Neben O'Sensei wurde er auch von Aikidomeistern wie Kisshomaru Ueshiba, Koichi Tohei, Kisaburo Osawa, Kenji Tomiki, Hiroshi Tada und Seigo Yamaguchi unterrichtet, um nur einige zu nennen.<\/p><p>Eine Einladung zu einer Aikido-Vorf\u00fchrung auf der Weltausstellung 1964 brachte Yamada Sensei nach New York. <strong>Er blieb dort und wurde Hauptlehrer am New Yorker Aikikai<\/strong>und Aikido an der Ostk\u00fcste der USA einzuf\u00fchren.<\/p><p>Bis 1972 hatte er seine Rolle als weltweiter Botschafter des Aikido \u00fcbernommen und Tausende von dankbaren Sch\u00fclern auf fast allen Kontinenten mit seinem <strong>kraftvoller, inspirierender und fr\u00f6hlicher Unterrichtsstil<\/strong>.<\/p><p>Seit seiner Zeit als Sch\u00fcler hat das Aikido weltweit ein erstaunliches Wachstum erfahren.<\/p><p>Yamada Sensei bleibt bis heute die Essenz und <strong>Seele des Aikido<\/strong> die er von O'Sensei gelernt hat, in jeder Klasse, die er unterrichtet, ob f\u00fcr Anf\u00e4nger oder Fortgeschrittene. Er glaubt, dass ein <strong>solide Grundlage<\/strong> im Aikido ist entscheidend f\u00fcr den Fortschritt eines jeden Sch\u00fclers.<\/p><p>Ohne etwas zu sagen, zeigt seine Lehre, dass er aufrichtig ist, <strong>positives und intensives Training<\/strong> ist der beste Weg zur k\u00f6rperlichen und geistigen Entwicklung.<\/p><p>Yoshimitsu Yamada 8. Dan, Shihan ist am 15.1.2023 verstorben.<\/p>\t\t\t\t\t\t\t\t<\/div>\n\t\t\t\t<\/div>\n\t\t\t\t\t<\/div>\n\t\t\t\t<\/div>\n\t\t<div class=\"elementor-element elementor-element-29a917c2 e-flex e-con-boxed e-con e-parent\" data-id=\"29a917c2\" data-element_type=\"container\" data-e-type=\"container\" data-settings=\"{&quot;background_background&quot;:&quot;classic&quot;}\">\n\t\t\t\t\t<div class=\"e-con-inner\">\n\t\t<div class=\"elementor-element elementor-element-adf477d e-con-full e-flex e-con e-child\" data-id=\"adf477d\" data-element_type=\"container\" data-e-type=\"container\" data-settings=\"{&quot;background_background&quot;:&quot;classic&quot;}\">\n\t\t\t\t<div class=\"elementor-element elementor-element-37fd351c elementor-widget elementor-widget-text-editor\" data-id=\"37fd351c\" data-element_type=\"widget\" data-e-type=\"widget\" data-widget_type=\"text-editor.default\">\n\t\t\t\t<div class=\"elementor-widget-container\">\n\t\t\t\t\t\t\t\t\t<p>Tohei Sensei unterrichtet bei Yamada Sensei in NYA.<\/p>\t\t\t\t\t\t\t\t<\/div>\n\t\t\t\t<\/div>\n\t\t\t\t<\/div>\n\t\t<div class=\"elementor-element elementor-element-50fa79d9 e-con-full e-flex e-con e-child\" data-id=\"50fa79d9\" data-element_type=\"container\" data-e-type=\"container\" data-settings=\"{&quot;background_background&quot;:&quot;classic&quot;}\">\n\t\t\t\t<div class=\"elementor-element elementor-element-47abeea9 elementor-widget elementor-widget-text-editor\" data-id=\"47abeea9\" data-element_type=\"widget\" data-e-type=\"widget\" data-widget_type=\"text-editor.default\">\n\t\t\t\t<div class=\"elementor-widget-container\">\n\t\t\t\t\t\t\t\t\t<p>Gro\u00dfmeister Yoshimitsu Yamada mit Sensei Anne Slui.<\/p>\t\t\t\t\t\t\t\t<\/div>\n\t\t\t\t<\/div>\n\t\t\t\t<\/div>\n\t\t<div class=\"elementor-element elementor-element-1a228509 e-con-full e-flex e-con e-child\" data-id=\"1a228509\" data-element_type=\"container\" data-e-type=\"container\" data-settings=\"{&quot;background_background&quot;:&quot;classic&quot;}\">\n\t\t\t\t<div class=\"elementor-element elementor-element-242a79f2 elementor-widget elementor-widget-text-editor\" data-id=\"242a79f2\" data-element_type=\"widget\" data-e-type=\"widget\" data-widget_type=\"text-editor.default\">\n\t\t\t\t<div class=\"elementor-widget-container\">\n\t\t\t\t\t\t\t\t\t<p>Sensei Edo greift an w\u00e4hrend\u00a0<span style=\"font-family: var( --e-global-typography-text-font-family ), Sans-serif; text-align: var(--text-align);\">Ein Praktikum bei Gro\u00dfmeister Yoshimitsu Yamada<\/span><\/p>\t\t\t\t\t\t\t\t<\/div>\n\t\t\t\t<\/div>\n\t\t\t\t<\/div>\n\t\t\t\t\t<\/div>\n\t\t\t\t<\/div>\n\t\t<div class=\"elementor-element elementor-element-c767707 e-flex e-con-boxed e-con e-parent\" data-id=\"c767707\" data-element_type=\"container\" data-e-type=\"container\">\n\t\t\t\t\t<div class=\"e-con-inner\">\n\t\t\t\t<div class=\"elementor-element elementor-element-6df8b74 elementor-widget elementor-widget-video\" data-id=\"6df8b74\" data-element_type=\"widget\" data-e-type=\"widget\" data-settings=\"{&quot;youtube_url&quot;:&quot;https:\\\/\\\/www.youtube.com\\\/watch?v=43r83q9fMjI&quot;,&quot;video_type&quot;:&quot;youtube&quot;,&quot;controls&quot;:&quot;yes&quot;}\" data-widget_type=\"video.default\">\n\t\t\t\t<div class=\"elementor-widget-container\">\n\t\t\t\t\t\t\t<div class=\"elementor-wrapper elementor-open-inline\">\n\t\t\t<div class=\"elementor-video\"><\/div>\t\t<\/div>\n\t\t\t\t\t\t<\/div>\n\t\t\t\t<\/div>\n\t\t\t\t\t<\/div>\n\t\t\t\t<\/div>\n\t\t\t\t<\/div>","protected":false},"excerpt":{"rendered":"<p>Yoshimitsu Yamada, 8th Dan, Shihan | Chief Instructor New York Aikikai President, US Aikido Federation In 1955 werd Yamada Sensei als inwonende leerling aanvaard bij de Honbu Dojo, om rechtstreeks les te volgen bij O Sensei, de grondlegger van Aikido. Hij was 18 jaar oud en hij had geen ervaring in de martiale kunsten. De [&hellip;]<\/p>\n","protected":false},"author":1,"featured_media":1674,"parent":0,"menu_order":0,"comment_status":"closed","ping_status":"closed","template":"","meta":{"footnotes":""},"class_list":["post-626","page","type-page","status-publish","has-post-thumbnail","hentry"],"yoast_head":"<!-- This site is optimized with the Yoast SEO Premium plugin v27.5 (Yoast SEO v27.5) - https:\/\/yoast.com\/product\/yoast-seo-premium-wordpress\/ -->\n<title>Yoshimitsu Yamada - Aikido ANDO<\/title>\n<meta name=\"description\" content=\"Krijg inzicht in de reis van grootmeester Yoshimitsu Yamada in de wereld van aikido. Ontdek zijn rol als hoofdleraar bij de New York Aikikai en zijn link met O Sensei.\" \/>\n<meta name=\"robots\" content=\"index, follow, max-snippet:-1, max-image-preview:large, max-video-preview:-1\" \/>\n<link rel=\"canonical\" href=\"https:\/\/aikido-ando.nl\/de\/yoshimitsu-yamada\/\" \/>\n<meta property=\"og:locale\" content=\"de_DE\" \/>\n<meta property=\"og:type\" content=\"article\" \/>\n<meta property=\"og:title\" content=\"Yoshimitsu Yamada\" \/>\n<meta property=\"og:description\" content=\"Krijg inzicht in de reis van grootmeester Yoshimitsu Yamada in de wereld van aikido. Ontdek zijn rol als hoofdleraar bij de New York Aikikai en zijn link met O Sensei.\" \/>\n<meta property=\"og:url\" content=\"https:\/\/aikido-ando.nl\/de\/yoshimitsu-yamada\/\" \/>\n<meta property=\"og:site_name\" content=\"Aikido ANDO\" \/>\n<meta property=\"article:publisher\" content=\"https:\/\/www.facebook.com\/andoaikido\" \/>\n<meta property=\"article:modified_time\" content=\"2024-12-10T13:06:52+00:00\" \/>\n<meta property=\"og:image\" content=\"https:\/\/aikido-ando.nl\/wp-content\/uploads\/Yoshimitsu_Yamada_Sensei_Anne_Bernau_Uke-1.webp\" \/>\n\t<meta property=\"og:image:width\" content=\"1920\" \/>\n\t<meta property=\"og:image:height\" content=\"600\" \/>\n\t<meta property=\"og:image:type\" content=\"image\/webp\" \/>\n<meta name=\"twitter:card\" content=\"summary_large_image\" \/>\n<meta name=\"twitter:label1\" content=\"Gesch\u00e4tzte Lesezeit\" \/>\n\t<meta name=\"twitter:data1\" content=\"2\u00a0Minuten\" \/>\n<script type=\"application\/ld+json\" class=\"yoast-schema-graph\">{\"@context\":\"https:\\\/\\\/schema.org\",\"@graph\":[{\"@type\":\"WebPage\",\"@id\":\"https:\\\/\\\/aikido-ando.nl\\\/yoshimitsu-yamada\\\/\",\"url\":\"https:\\\/\\\/aikido-ando.nl\\\/yoshimitsu-yamada\\\/\",\"name\":\"Yoshimitsu Yamada - Aikido ANDO\",\"isPartOf\":{\"@id\":\"https:\\\/\\\/aikido-ando.nl\\\/#website\"},\"primaryImageOfPage\":{\"@id\":\"https:\\\/\\\/aikido-ando.nl\\\/yoshimitsu-yamada\\\/#primaryimage\"},\"image\":{\"@id\":\"https:\\\/\\\/aikido-ando.nl\\\/yoshimitsu-yamada\\\/#primaryimage\"},\"thumbnailUrl\":\"https:\\\/\\\/aikido-ando.nl\\\/wp-content\\\/uploads\\\/Yoshimitsu_Yamada_Sensei_Anne_Bernau_Uke-1.webp\",\"datePublished\":\"2024-10-13T12:32:59+00:00\",\"dateModified\":\"2024-12-10T13:06:52+00:00\",\"description\":\"Krijg inzicht in de reis van grootmeester Yoshimitsu Yamada in de wereld van aikido. Ontdek zijn rol als hoofdleraar bij de New York Aikikai en zijn link met O Sensei.\",\"breadcrumb\":{\"@id\":\"https:\\\/\\\/aikido-ando.nl\\\/yoshimitsu-yamada\\\/#breadcrumb\"},\"inLanguage\":\"de\",\"potentialAction\":[{\"@type\":\"ReadAction\",\"target\":[\"https:\\\/\\\/aikido-ando.nl\\\/yoshimitsu-yamada\\\/\"]}]},{\"@type\":\"ImageObject\",\"inLanguage\":\"de\",\"@id\":\"https:\\\/\\\/aikido-ando.nl\\\/yoshimitsu-yamada\\\/#primaryimage\",\"url\":\"https:\\\/\\\/aikido-ando.nl\\\/wp-content\\\/uploads\\\/Yoshimitsu_Yamada_Sensei_Anne_Bernau_Uke-1.webp\",\"contentUrl\":\"https:\\\/\\\/aikido-ando.nl\\\/wp-content\\\/uploads\\\/Yoshimitsu_Yamada_Sensei_Anne_Bernau_Uke-1.webp\",\"width\":1920,\"height\":600,\"caption\":\"Yoshimitsu Yamada shihan met Uke sensei Anne Slui in Bernau seminar\"},{\"@type\":\"BreadcrumbList\",\"@id\":\"https:\\\/\\\/aikido-ando.nl\\\/yoshimitsu-yamada\\\/#breadcrumb\",\"itemListElement\":[{\"@type\":\"ListItem\",\"position\":1,\"name\":\"Home\",\"item\":\"https:\\\/\\\/aikido-ando.nl\\\/\"},{\"@type\":\"ListItem\",\"position\":2,\"name\":\"Yoshimitsu Yamada\"}]},{\"@type\":\"WebSite\",\"@id\":\"https:\\\/\\\/aikido-ando.nl\\\/#website\",\"url\":\"https:\\\/\\\/aikido-ando.nl\\\/\",\"name\":\"Aikido Ando\",\"description\":\"\",\"publisher\":{\"@id\":\"https:\\\/\\\/aikido-ando.nl\\\/#organization\"},\"potentialAction\":[{\"@type\":\"SearchAction\",\"target\":{\"@type\":\"EntryPoint\",\"urlTemplate\":\"https:\\\/\\\/aikido-ando.nl\\\/?s={search_term_string}\"},\"query-input\":{\"@type\":\"PropertyValueSpecification\",\"valueRequired\":true,\"valueName\":\"search_term_string\"}}],\"inLanguage\":\"de\"},{\"@type\":\"Organization\",\"@id\":\"https:\\\/\\\/aikido-ando.nl\\\/#organization\",\"name\":\"Aikido Ando\",\"url\":\"https:\\\/\\\/aikido-ando.nl\\\/\",\"logo\":{\"@type\":\"ImageObject\",\"inLanguage\":\"de\",\"@id\":\"https:\\\/\\\/aikido-ando.nl\\\/#\\\/schema\\\/logo\\\/image\\\/\",\"url\":\"https:\\\/\\\/aikido-ando.nl\\\/wp-content\\\/uploads\\\/Logo.webp\",\"contentUrl\":\"https:\\\/\\\/aikido-ando.nl\\\/wp-content\\\/uploads\\\/Logo.webp\",\"width\":500,\"height\":500,\"caption\":\"Aikido Ando\"},\"image\":{\"@id\":\"https:\\\/\\\/aikido-ando.nl\\\/#\\\/schema\\\/logo\\\/image\\\/\"},\"sameAs\":[\"https:\\\/\\\/www.facebook.com\\\/andoaikido\",\"https:\\\/\\\/www.instagram.com\\\/andoaikido\\\/\",\"https:\\\/\\\/www.tiktok.com\\\/404?fromUrl=\\\/andoaikido\",\"https:\\\/\\\/www.linkedin.com\\\/company\\\/andoaikido?originalSubdomain=nl\"]}]}<\/script>\n<!-- \/ Yoast SEO Premium plugin. -->","yoast_head_json":{"title":"Yoshimitsu Yamada - Aikido ANDO","description":"Gewinnen Sie einen Einblick in Gro\u00dfmeister Yoshimitsu Yamadas Weg in die Welt des Aikido. Entdecken Sie seine Rolle als Hauptlehrer am New York Aikikai und seine Verbindung zu O Sensei.","robots":{"index":"index","follow":"follow","max-snippet":"max-snippet:-1","max-image-preview":"max-image-preview:large","max-video-preview":"max-video-preview:-1"},"canonical":"https:\/\/aikido-ando.nl\/de\/yoshimitsu-yamada\/","og_locale":"de_DE","og_type":"article","og_title":"Yoshimitsu Yamada","og_description":"Krijg inzicht in de reis van grootmeester Yoshimitsu Yamada in de wereld van aikido. Ontdek zijn rol als hoofdleraar bij de New York Aikikai en zijn link met O Sensei.","og_url":"https:\/\/aikido-ando.nl\/de\/yoshimitsu-yamada\/","og_site_name":"Aikido ANDO","article_publisher":"https:\/\/www.facebook.com\/andoaikido","article_modified_time":"2024-12-10T13:06:52+00:00","og_image":[{"width":1920,"height":600,"url":"https:\/\/aikido-ando.nl\/wp-content\/uploads\/Yoshimitsu_Yamada_Sensei_Anne_Bernau_Uke-1.webp","type":"image\/webp"}],"twitter_card":"summary_large_image","twitter_misc":{"Gesch\u00e4tzte Lesezeit":"2\u00a0Minuten"},"schema":{"@context":"https:\/\/schema.org","@graph":[{"@type":"WebPage","@id":"https:\/\/aikido-ando.nl\/yoshimitsu-yamada\/","url":"https:\/\/aikido-ando.nl\/yoshimitsu-yamada\/","name":"Yoshimitsu Yamada - Aikido ANDO","isPartOf":{"@id":"https:\/\/aikido-ando.nl\/#website"},"primaryImageOfPage":{"@id":"https:\/\/aikido-ando.nl\/yoshimitsu-yamada\/#primaryimage"},"image":{"@id":"https:\/\/aikido-ando.nl\/yoshimitsu-yamada\/#primaryimage"},"thumbnailUrl":"https:\/\/aikido-ando.nl\/wp-content\/uploads\/Yoshimitsu_Yamada_Sensei_Anne_Bernau_Uke-1.webp","datePublished":"2024-10-13T12:32:59+00:00","dateModified":"2024-12-10T13:06:52+00:00","description":"Gewinnen Sie einen Einblick in Gro\u00dfmeister Yoshimitsu Yamadas Weg in die Welt des Aikido. Entdecken Sie seine Rolle als Hauptlehrer am New York Aikikai und seine Verbindung zu O Sensei.","breadcrumb":{"@id":"https:\/\/aikido-ando.nl\/yoshimitsu-yamada\/#breadcrumb"},"inLanguage":"de","potentialAction":[{"@type":"ReadAction","target":["https:\/\/aikido-ando.nl\/yoshimitsu-yamada\/"]}]},{"@type":"ImageObject","inLanguage":"de","@id":"https:\/\/aikido-ando.nl\/yoshimitsu-yamada\/#primaryimage","url":"https:\/\/aikido-ando.nl\/wp-content\/uploads\/Yoshimitsu_Yamada_Sensei_Anne_Bernau_Uke-1.webp","contentUrl":"https:\/\/aikido-ando.nl\/wp-content\/uploads\/Yoshimitsu_Yamada_Sensei_Anne_Bernau_Uke-1.webp","width":1920,"height":600,"caption":"Yoshimitsu Yamada shihan met Uke sensei Anne Slui in Bernau seminar"},{"@type":"BreadcrumbList","@id":"https:\/\/aikido-ando.nl\/yoshimitsu-yamada\/#breadcrumb","itemListElement":[{"@type":"ListItem","position":1,"name":"Home","item":"https:\/\/aikido-ando.nl\/"},{"@type":"ListItem","position":2,"name":"Yoshimitsu Yamada"}]},{"@type":"WebSite","@id":"https:\/\/aikido-ando.nl\/#website","url":"https:\/\/aikido-ando.nl\/","name":"Aikido Ando","description":"","publisher":{"@id":"https:\/\/aikido-ando.nl\/#organization"},"potentialAction":[{"@type":"SearchAction","target":{"@type":"EntryPoint","urlTemplate":"https:\/\/aikido-ando.nl\/?s={search_term_string}"},"query-input":{"@type":"PropertyValueSpecification","valueRequired":true,"valueName":"search_term_string"}}],"inLanguage":"de"},{"@type":"Organization","@id":"https:\/\/aikido-ando.nl\/#organization","name":"Aikido Ando","url":"https:\/\/aikido-ando.nl\/","logo":{"@type":"ImageObject","inLanguage":"de","@id":"https:\/\/aikido-ando.nl\/#\/schema\/logo\/image\/","url":"https:\/\/aikido-ando.nl\/wp-content\/uploads\/Logo.webp","contentUrl":"https:\/\/aikido-ando.nl\/wp-content\/uploads\/Logo.webp","width":500,"height":500,"caption":"Aikido Ando"},"image":{"@id":"https:\/\/aikido-ando.nl\/#\/schema\/logo\/image\/"},"sameAs":["https:\/\/www.facebook.com\/andoaikido","https:\/\/www.instagram.com\/andoaikido\/","https:\/\/www.tiktok.com\/404?fromUrl=\/andoaikido","https:\/\/www.linkedin.com\/company\/andoaikido?originalSubdomain=nl"]}]}},"_links":{"self":[{"href":"https:\/\/aikido-ando.nl\/de\/wp-json\/wp\/v2\/pages\/626","targetHints":{"allow":["GET"]}}],"collection":[{"href":"https:\/\/aikido-ando.nl\/de\/wp-json\/wp\/v2\/pages"}],"about":[{"href":"https:\/\/aikido-ando.nl\/de\/wp-json\/wp\/v2\/types\/page"}],"author":[{"embeddable":true,"href":"https:\/\/aikido-ando.nl\/de\/wp-json\/wp\/v2\/users\/1"}],"replies":[{"embeddable":true,"href":"https:\/\/aikido-ando.nl\/de\/wp-json\/wp\/v2\/comments?post=626"}],"version-history":[{"count":0,"href":"https:\/\/aikido-ando.nl\/de\/wp-json\/wp\/v2\/pages\/626\/revisions"}],"wp:featuredmedia":[{"embeddable":true,"href":"https:\/\/aikido-ando.nl\/de\/wp-json\/wp\/v2\/media\/1674"}],"wp:attachment":[{"href":"https:\/\/aikido-ando.nl\/de\/wp-json\/wp\/v2\/media?parent=626"}],"curies":[{"name":"wp","href":"https:\/\/api.w.org\/{rel}","templated":true}]}}