{"id":635,"date":"2024-10-13T14:41:06","date_gmt":"2024-10-13T12:41:06","guid":{"rendered":"https:\/\/aikido-ando.nl\/?page_id=635"},"modified":"2025-08-09T19:46:18","modified_gmt":"2025-08-09T17:46:18","slug":"sjors-sportlich","status":"publish","type":"page","link":"https:\/\/aikido-ando.nl\/de\/sjors-sportief\/","title":{"rendered":"Sjors Sportlich"},"content":{"rendered":"<div data-elementor-type=\"wp-page\" data-elementor-id=\"635\" class=\"elementor elementor-635\" data-elementor-post-type=\"page\">\n\t\t\t\t<div class=\"elementor-element elementor-element-b80eac5 e-flex e-con-boxed e-con e-parent\" data-id=\"b80eac5\" data-element_type=\"container\" data-e-type=\"container\">\n\t\t\t\t\t<div class=\"e-con-inner\">\n\t\t\t\t<div class=\"elementor-element elementor-element-ed99bf9 elementor-widget elementor-widget-text-editor\" data-id=\"ed99bf9\" data-element_type=\"widget\" data-e-type=\"widget\" data-widget_type=\"text-editor.default\">\n\t\t\t\t<div class=\"elementor-widget-container\">\n\t\t\t\t\t\t\t\t\t<h2>Entdecken Sie Aikido mit Sjors sportive<\/h2><p><strong>Sjors Sportief ist eine kommunale Initiative, die junge Menschen zum Sporttreiben anregen soll. Auf niederschwellige Weise k\u00f6nnen Kinder und Eltern den lokalen Sport kennenlernen. Jedes Jahr werden an allen Grundschulen die bekannten Sjors Sportief-Brosch\u00fcren verteilt, in denen die teilnehmenden Sportarten aufgef\u00fchrt sind, darunter auch Aikido!<\/strong><\/p>\t\t\t\t\t\t\t\t<\/div>\n\t\t\t\t<\/div>\n\t\t\t\t<div class=\"elementor-element elementor-element-230b693 elementor-widget elementor-widget-text-editor\" data-id=\"230b693\" data-element_type=\"widget\" data-e-type=\"widget\" data-widget_type=\"text-editor.default\">\n\t\t\t\t<div class=\"elementor-widget-container\">\n\t\t\t\t\t\t\t\t\t<h3>Aikido-Sportf\u00fchrer<\/h3><p>Grundschulen wie De Startbaan, aber auch Salto Internationaal in Eindhoven, kennen die Aikidoschule Ando bereits. Au\u00dferdem liegt die Grundschule De Slingertouw direkt gegen\u00fcber der Sporthalle in Meerrijk, in der Ando sein Dojo hat. <strong>Jedes Jahr stehen unsere Aikido-Lehrer bereit<\/strong> um diese Gruppe von Kindern aufzunehmen und sie in diese Welt einzuf\u00fchren. <strong>sch\u00f6ner Selbstverteidigungssport<\/strong>. Das Aikido-Programm von Ando zaubert seit Jahren ein breites L\u00e4cheln auf die Gesichter der Menschen. In diesen Aikido-Grundkursen <strong>wichtige Aspekte wie Respekt, Umgangsformen, Rollen<\/strong> aber auch Resilienz aus Gelassenheit. W\u00e4hrend andere Selbstverteidigungssportarten oft von Jungen ausge\u00fcbt werden, sehen wir, dass auch M\u00e4dchen Spa\u00df an unseren Trainingseinheiten haben, schlie\u00dflich m\u00fcssen sie nicht <strong>nicht stark<\/strong> voraus.<\/p><p>Aikido unterscheidet sich von anderen Kampfk\u00fcnsten dadurch, dass es auf dem Prinzip basiert, bei sich selbst zu bleiben und sich nicht herausfordern zu lassen. <strong>Bei Ando lernen Sie, fester in Ihren Schuhen zu stehen.<\/strong> Sie werden <strong>belastbar zu sein, ohne k\u00e4mpfen lernen zu m\u00fcssen<\/strong>. Da Aikido kein Wettkampfsport ist, gibt es keinen Leistungsdruck und der Fokus liegt eher auf <strong>intrinsische Motivation<\/strong>. Dies f\u00f6rdert die positive Entwicklung sowohl der k\u00f6rperlichen als auch der geistigen F\u00e4higkeiten und hilft Ihnen, mit Konflikten auf konstruktive Weise umzugehen.<\/p><p>Sind Sie neugierig zu wissen, ob Aikido zu Ihnen passt? <a href=\"https:\/\/aikido-ando.nl\/de\/aikido-unterricht\/kinder-aikido-7\/\">Dann lesen Sie hier weiter<\/a> \u00fcber die Kurse, die angeboten werden. Oder besuchen Sie einen Aikido-Kurs bei Sjors Sportief!<\/p>\t\t\t\t\t\t\t\t<\/div>\n\t\t\t\t<\/div>\n\t\t\t\t\t<\/div>\n\t\t\t\t<\/div>\n\t\t<div class=\"elementor-element elementor-element-17193379 e-flex e-con-boxed e-con e-parent\" data-id=\"17193379\" data-element_type=\"container\" data-e-type=\"container\" data-settings=\"{&quot;background_background&quot;:&quot;gradient&quot;}\">\n\t\t\t\t\t<div class=\"e-con-inner\">\n\t\t<div class=\"elementor-element elementor-element-7cb65874 e-con-full e-flex e-con e-child\" data-id=\"7cb65874\" data-element_type=\"container\" data-e-type=\"container\">\n\t\t\t\t<div class=\"elementor-element elementor-element-de5421f elementor-widget elementor-widget-text-editor\" data-id=\"de5421f\" data-element_type=\"widget\" data-e-type=\"widget\" data-widget_type=\"text-editor.default\">\n\t\t\t\t<div class=\"elementor-widget-container\">\n\t\t\t\t\t\t\t\t\t<h2>SJORS SPORTLICHER FAVORIT<\/h2>\t\t\t\t\t\t\t\t<\/div>\n\t\t\t\t<\/div>\n\t\t<div class=\"elementor-element elementor-element-7998763 e-con-full e-flex e-con e-child\" data-id=\"7998763\" data-element_type=\"container\" data-e-type=\"container\">\n\t\t\t\t<div class=\"elementor-element elementor-element-fa271b7 elementor-widget elementor-widget-text-editor\" data-id=\"fa271b7\" data-element_type=\"widget\" data-e-type=\"widget\" data-widget_type=\"text-editor.default\">\n\t\t\t\t<div class=\"elementor-widget-container\">\n\t\t\t\t\t\t\t\t\t<p>Wussten Sie, dass <strong>Aikido mit Ando ist ein Hit auf TikTok<\/strong>? Sensei Edo und Anne Slui teilen Tipps und Tricks sowie <strong>viel mehr unterhaltsame Aikido-Inhalte auf den sozialen Medienkan\u00e4len<\/strong>. M\u00f6chten Sie von ihnen unterrichtet werden? Dann melden Sie sich rechtzeitig an, denn die <strong>die Pl\u00e4tze sind begrenzt<\/strong>. Melden Sie sich \u00fcber die Seite von Sjors Sportief an oder melden Sie sich f\u00fcr eine Probestunde an.<\/p>\t\t\t\t\t\t\t\t<\/div>\n\t\t\t\t<\/div>\n\t\t\t\t<\/div>\n\t\t<div class=\"elementor-element elementor-element-750e706d e-con-full e-flex e-con e-child\" data-id=\"750e706d\" data-element_type=\"container\" data-e-type=\"container\">\n\t\t<div class=\"elementor-element elementor-element-6deda48d e-con-full e-flex e-con e-child\" data-id=\"6deda48d\" data-element_type=\"container\" data-e-type=\"container\" data-settings=\"{&quot;background_background&quot;:&quot;classic&quot;}\">\n\t\t\t\t<\/div>\n\t\t<div class=\"elementor-element elementor-element-650c1d7d e-con-full e-flex e-con e-child\" data-id=\"650c1d7d\" data-element_type=\"container\" data-e-type=\"container\" data-settings=\"{&quot;background_background&quot;:&quot;classic&quot;}\">\n\t\t\t\t<\/div>\n\t\t<div class=\"elementor-element elementor-element-6d691d88 e-con-full e-flex e-con e-child\" data-id=\"6d691d88\" data-element_type=\"container\" data-e-type=\"container\" data-settings=\"{&quot;background_background&quot;:&quot;classic&quot;}\">\n\t\t\t\t<\/div>\n\t\t\t\t<\/div>\n\t\t\t\t<div class=\"elementor-element elementor-element-7c0d8736 elementor-widget elementor-widget-button\" data-id=\"7c0d8736\" data-element_type=\"widget\" data-e-type=\"widget\" data-widget_type=\"button.default\">\n\t\t\t\t<div class=\"elementor-widget-container\">\n\t\t\t\t\t\t\t\t\t<div class=\"elementor-button-wrapper\">\n\t\t\t\t\t<a class=\"elementor-button elementor-button-link elementor-size-sm\" href=\"https:\/\/www.youtube.com\/watch?v=ddIdBKsR8Y8&#038;list=PLZ9Y2r2g2g0Sy-VSRcnVLesXxK5qB6vxG\">\n\t\t\t\t\t\t<span class=\"elementor-button-content-wrapper\">\n\t\t\t\t\t\t\t\t\t<span class=\"elementor-button-text\">Videos anschauen<\/span>\n\t\t\t\t\t<\/span>\n\t\t\t\t\t<\/a>\n\t\t\t\t<\/div>\n\t\t\t\t\t\t\t\t<\/div>\n\t\t\t\t<\/div>\n\t\t\t\t<\/div>\n\t\t\t\t\t<\/div>\n\t\t\t\t<\/div>\n\t\t<div class=\"elementor-element elementor-element-6a315482 e-flex e-con-boxed e-con e-parent\" data-id=\"6a315482\" data-element_type=\"container\" data-e-type=\"container\" data-settings=\"{&quot;background_background&quot;:&quot;video&quot;,&quot;background_video_link&quot;:&quot;https:\\\/\\\/vimeo.com\\\/944371024?share=copy&quot;}\">\n\t\t\t\t\t<div class=\"e-con-inner\">\n\t\t<div class=\"elementor-background-video-container elementor-hidden-mobile\">\n\t\t\t\t\t\t\t<div class=\"elementor-background-video-embed\" role=\"presentation\"><\/div>\n\t\t\t\t\t\t<\/div>\t\t<div class=\"elementor-element elementor-element-28704c07 elementor-widget elementor-widget-heading\" data-id=\"28704c07\" data-element_type=\"widget\" data-e-type=\"widget\" data-widget_type=\"heading.default\">\n\t\t\t\t<div class=\"elementor-widget-container\">\n\t\t\t\t\t<div class=\"elementor-heading-title elementor-size-default\">Fester in deinen Schuhen<br>\nmit Aikido ando<\/div>\t\t\t\t<\/div>\n\t\t\t\t<\/div>\n\t\t\t\t<div class=\"elementor-element elementor-element-467d2072 elementor-widget elementor-widget-heading\" data-id=\"467d2072\" data-element_type=\"widget\" data-e-type=\"widget\" data-widget_type=\"heading.default\">\n\t\t\t\t<div class=\"elementor-widget-container\">\n\t\t\t\t\t<div class=\"elementor-heading-title elementor-size-default\">Vereinbaren Sie eine Probestunde in Ihrer N\u00e4he!<\/div>\t\t\t\t<\/div>\n\t\t\t\t<\/div>\n\t\t\t\t<div class=\"elementor-element elementor-element-553c265d elementor-align-center elementor-widget elementor-widget-button\" data-id=\"553c265d\" data-element_type=\"widget\" data-e-type=\"widget\" data-widget_type=\"button.default\">\n\t\t\t\t<div class=\"elementor-widget-container\">\n\t\t\t\t\t\t\t\t\t<div class=\"elementor-button-wrapper\">\n\t\t\t\t\t<a class=\"elementor-button elementor-button-link elementor-size-sm\" href=\"https:\/\/ando-aikido.gotgrib.nl\/member\/selfservice\/registration\/628769c029bbb\">\n\t\t\t\t\t\t<span class=\"elementor-button-content-wrapper\">\n\t\t\t\t\t\t\t\t\t<span class=\"elementor-button-text\">Einf\u00fchrungsstunde planen<\/span>\n\t\t\t\t\t<\/span>\n\t\t\t\t\t<\/a>\n\t\t\t\t<\/div>\n\t\t\t\t\t\t\t\t<\/div>\n\t\t\t\t<\/div>\n\t\t\t\t\t<\/div>\n\t\t\t\t<\/div>\n\t\t\t\t<\/div>","protected":false},"excerpt":{"rendered":"<p>Ontdek Aikido met Sjors sportief Sjors Sportief is een initiatief van de gemeente om jongeren aan te zetten tot sporten. Op een laagdrempelige manier kunnen kinderen en ouders kennismaken met sporten uit de buurt. Elk jaar worden op alle basisscholen de bekende Sjors Sportief-boekjes verspreid met daarin deelnemende sporten, waaronder ook Aikido! Aikido sportwijzer Basisscholen [&hellip;]<\/p>\n","protected":false},"author":1,"featured_media":1676,"parent":0,"menu_order":0,"comment_status":"closed","ping_status":"closed","template":"","meta":{"footnotes":""},"class_list":["post-635","page","type-page","status-publish","has-post-thumbnail","hentry"],"yoast_head":"<!-- This site is optimized with the Yoast SEO Premium plugin v27.3 (Yoast SEO v27.3) - https:\/\/yoast.com\/product\/yoast-seo-premium-wordpress\/ -->\n<title>Sjors Sportief - Aikido ANDO<\/title>\n<meta name=\"description\" content=\"Ontdek hoe Aikido wordt ge\u00efntroduceerd tijdens het Sjors Sportief-initiatief. Leer meer over de voordelen van deze zelfverdedigingssport voor kinderen.\" \/>\n<meta name=\"robots\" content=\"index, follow, max-snippet:-1, max-image-preview:large, max-video-preview:-1\" \/>\n<link rel=\"canonical\" href=\"https:\/\/aikido-ando.nl\/de\/sjors-sportlich\/\" \/>\n<meta property=\"og:locale\" content=\"de_DE\" \/>\n<meta property=\"og:type\" content=\"article\" \/>\n<meta property=\"og:title\" content=\"Sjors Sportief\" \/>\n<meta property=\"og:description\" content=\"Ontdek hoe Aikido wordt ge\u00efntroduceerd tijdens het Sjors Sportief-initiatief. Leer meer over de voordelen van deze zelfverdedigingssport voor kinderen.\" \/>\n<meta property=\"og:url\" content=\"https:\/\/aikido-ando.nl\/de\/sjors-sportlich\/\" \/>\n<meta property=\"og:site_name\" content=\"Aikido ANDO\" \/>\n<meta property=\"article:publisher\" content=\"https:\/\/www.facebook.com\/andoaikido\" \/>\n<meta property=\"article:modified_time\" content=\"2025-08-09T17:46:18+00:00\" \/>\n<meta property=\"og:image\" content=\"https:\/\/aikido-ando.nl\/wp-content\/uploads\/Aikido_Celebration_Ando_Dojo.webp\" \/>\n\t<meta property=\"og:image:width\" content=\"1920\" \/>\n\t<meta property=\"og:image:height\" content=\"600\" \/>\n\t<meta property=\"og:image:type\" content=\"image\/webp\" \/>\n<meta name=\"twitter:card\" content=\"summary_large_image\" \/>\n<meta name=\"twitter:label1\" content=\"Gesch\u00e4tzte Lesezeit\" \/>\n\t<meta name=\"twitter:data1\" content=\"2\u00a0Minuten\" \/>\n<script type=\"application\/ld+json\" class=\"yoast-schema-graph\">{\"@context\":\"https:\\\/\\\/schema.org\",\"@graph\":[{\"@type\":\"WebPage\",\"@id\":\"https:\\\/\\\/aikido-ando.nl\\\/sjors-sportief\\\/\",\"url\":\"https:\\\/\\\/aikido-ando.nl\\\/sjors-sportief\\\/\",\"name\":\"Sjors Sportief - Aikido ANDO\",\"isPartOf\":{\"@id\":\"https:\\\/\\\/aikido-ando.nl\\\/#website\"},\"primaryImageOfPage\":{\"@id\":\"https:\\\/\\\/aikido-ando.nl\\\/sjors-sportief\\\/#primaryimage\"},\"image\":{\"@id\":\"https:\\\/\\\/aikido-ando.nl\\\/sjors-sportief\\\/#primaryimage\"},\"thumbnailUrl\":\"https:\\\/\\\/aikido-ando.nl\\\/wp-content\\\/uploads\\\/Aikido_Celebration_Ando_Dojo.webp\",\"datePublished\":\"2024-10-13T12:41:06+00:00\",\"dateModified\":\"2025-08-09T17:46:18+00:00\",\"description\":\"Ontdek hoe Aikido wordt ge\u00efntroduceerd tijdens het Sjors Sportief-initiatief. Leer meer over de voordelen van deze zelfverdedigingssport voor kinderen.\",\"breadcrumb\":{\"@id\":\"https:\\\/\\\/aikido-ando.nl\\\/sjors-sportief\\\/#breadcrumb\"},\"inLanguage\":\"de\",\"potentialAction\":[{\"@type\":\"ReadAction\",\"target\":[\"https:\\\/\\\/aikido-ando.nl\\\/sjors-sportief\\\/\"]}]},{\"@type\":\"ImageObject\",\"inLanguage\":\"de\",\"@id\":\"https:\\\/\\\/aikido-ando.nl\\\/sjors-sportief\\\/#primaryimage\",\"url\":\"https:\\\/\\\/aikido-ando.nl\\\/wp-content\\\/uploads\\\/Aikido_Celebration_Ando_Dojo.webp\",\"contentUrl\":\"https:\\\/\\\/aikido-ando.nl\\\/wp-content\\\/uploads\\\/Aikido_Celebration_Ando_Dojo.webp\",\"width\":1920,\"height\":600,\"caption\":\"Color Aikido, een feestelijke afsluiting van de seminar van Ando 15 jaar. Zowel kinder-Aikidoka's als volwassen aikidoka's deden mee. Niet te vergeten jeugd Aikidoka's.\"},{\"@type\":\"BreadcrumbList\",\"@id\":\"https:\\\/\\\/aikido-ando.nl\\\/sjors-sportief\\\/#breadcrumb\",\"itemListElement\":[{\"@type\":\"ListItem\",\"position\":1,\"name\":\"Home\",\"item\":\"https:\\\/\\\/aikido-ando.nl\\\/\"},{\"@type\":\"ListItem\",\"position\":2,\"name\":\"Sjors Sportief\"}]},{\"@type\":\"WebSite\",\"@id\":\"https:\\\/\\\/aikido-ando.nl\\\/#website\",\"url\":\"https:\\\/\\\/aikido-ando.nl\\\/\",\"name\":\"Aikido Ando\",\"description\":\"\",\"publisher\":{\"@id\":\"https:\\\/\\\/aikido-ando.nl\\\/#organization\"},\"potentialAction\":[{\"@type\":\"SearchAction\",\"target\":{\"@type\":\"EntryPoint\",\"urlTemplate\":\"https:\\\/\\\/aikido-ando.nl\\\/?s={search_term_string}\"},\"query-input\":{\"@type\":\"PropertyValueSpecification\",\"valueRequired\":true,\"valueName\":\"search_term_string\"}}],\"inLanguage\":\"de\"},{\"@type\":\"Organization\",\"@id\":\"https:\\\/\\\/aikido-ando.nl\\\/#organization\",\"name\":\"Aikido Ando\",\"url\":\"https:\\\/\\\/aikido-ando.nl\\\/\",\"logo\":{\"@type\":\"ImageObject\",\"inLanguage\":\"de\",\"@id\":\"https:\\\/\\\/aikido-ando.nl\\\/#\\\/schema\\\/logo\\\/image\\\/\",\"url\":\"https:\\\/\\\/aikido-ando.nl\\\/wp-content\\\/uploads\\\/Logo.webp\",\"contentUrl\":\"https:\\\/\\\/aikido-ando.nl\\\/wp-content\\\/uploads\\\/Logo.webp\",\"width\":500,\"height\":500,\"caption\":\"Aikido Ando\"},\"image\":{\"@id\":\"https:\\\/\\\/aikido-ando.nl\\\/#\\\/schema\\\/logo\\\/image\\\/\"},\"sameAs\":[\"https:\\\/\\\/www.facebook.com\\\/andoaikido\",\"https:\\\/\\\/www.instagram.com\\\/andoaikido\\\/\",\"https:\\\/\\\/www.tiktok.com\\\/404?fromUrl=\\\/andoaikido\",\"https:\\\/\\\/www.linkedin.com\\\/company\\\/andoaikido?originalSubdomain=nl\"]}]}<\/script>\n<!-- \/ Yoast SEO Premium plugin. -->","yoast_head_json":{"title":"Sjors Sportlich - Aikido ANDO","description":"Erfahren Sie, wie Aikido im Rahmen der Initiative Sjors Sportief eingef\u00fchrt wird. Erfahren Sie mehr \u00fcber die Vorteile dieses Selbstverteidigungssports f\u00fcr Kinder.","robots":{"index":"index","follow":"follow","max-snippet":"max-snippet:-1","max-image-preview":"max-image-preview:large","max-video-preview":"max-video-preview:-1"},"canonical":"https:\/\/aikido-ando.nl\/de\/sjors-sportlich\/","og_locale":"de_DE","og_type":"article","og_title":"Sjors Sportief","og_description":"Ontdek hoe Aikido wordt ge\u00efntroduceerd tijdens het Sjors Sportief-initiatief. Leer meer over de voordelen van deze zelfverdedigingssport voor kinderen.","og_url":"https:\/\/aikido-ando.nl\/de\/sjors-sportlich\/","og_site_name":"Aikido ANDO","article_publisher":"https:\/\/www.facebook.com\/andoaikido","article_modified_time":"2025-08-09T17:46:18+00:00","og_image":[{"width":1920,"height":600,"url":"https:\/\/aikido-ando.nl\/wp-content\/uploads\/Aikido_Celebration_Ando_Dojo.webp","type":"image\/webp"}],"twitter_card":"summary_large_image","twitter_misc":{"Gesch\u00e4tzte Lesezeit":"2\u00a0Minuten"},"schema":{"@context":"https:\/\/schema.org","@graph":[{"@type":"WebPage","@id":"https:\/\/aikido-ando.nl\/sjors-sportief\/","url":"https:\/\/aikido-ando.nl\/sjors-sportief\/","name":"Sjors Sportlich - Aikido ANDO","isPartOf":{"@id":"https:\/\/aikido-ando.nl\/#website"},"primaryImageOfPage":{"@id":"https:\/\/aikido-ando.nl\/sjors-sportief\/#primaryimage"},"image":{"@id":"https:\/\/aikido-ando.nl\/sjors-sportief\/#primaryimage"},"thumbnailUrl":"https:\/\/aikido-ando.nl\/wp-content\/uploads\/Aikido_Celebration_Ando_Dojo.webp","datePublished":"2024-10-13T12:41:06+00:00","dateModified":"2025-08-09T17:46:18+00:00","description":"Erfahren Sie, wie Aikido im Rahmen der Initiative Sjors Sportief eingef\u00fchrt wird. Erfahren Sie mehr \u00fcber die Vorteile dieses Selbstverteidigungssports f\u00fcr Kinder.","breadcrumb":{"@id":"https:\/\/aikido-ando.nl\/sjors-sportief\/#breadcrumb"},"inLanguage":"de","potentialAction":[{"@type":"ReadAction","target":["https:\/\/aikido-ando.nl\/sjors-sportief\/"]}]},{"@type":"ImageObject","inLanguage":"de","@id":"https:\/\/aikido-ando.nl\/sjors-sportief\/#primaryimage","url":"https:\/\/aikido-ando.nl\/wp-content\/uploads\/Aikido_Celebration_Ando_Dojo.webp","contentUrl":"https:\/\/aikido-ando.nl\/wp-content\/uploads\/Aikido_Celebration_Ando_Dojo.webp","width":1920,"height":600,"caption":"Color Aikido, een feestelijke afsluiting van de seminar van Ando 15 jaar. Zowel kinder-Aikidoka's als volwassen aikidoka's deden mee. Niet te vergeten jeugd Aikidoka's."},{"@type":"BreadcrumbList","@id":"https:\/\/aikido-ando.nl\/sjors-sportief\/#breadcrumb","itemListElement":[{"@type":"ListItem","position":1,"name":"Home","item":"https:\/\/aikido-ando.nl\/"},{"@type":"ListItem","position":2,"name":"Sjors Sportief"}]},{"@type":"WebSite","@id":"https:\/\/aikido-ando.nl\/#website","url":"https:\/\/aikido-ando.nl\/","name":"Aikido Ando","description":"","publisher":{"@id":"https:\/\/aikido-ando.nl\/#organization"},"potentialAction":[{"@type":"SearchAction","target":{"@type":"EntryPoint","urlTemplate":"https:\/\/aikido-ando.nl\/?s={search_term_string}"},"query-input":{"@type":"PropertyValueSpecification","valueRequired":true,"valueName":"search_term_string"}}],"inLanguage":"de"},{"@type":"Organization","@id":"https:\/\/aikido-ando.nl\/#organization","name":"Aikido Ando","url":"https:\/\/aikido-ando.nl\/","logo":{"@type":"ImageObject","inLanguage":"de","@id":"https:\/\/aikido-ando.nl\/#\/schema\/logo\/image\/","url":"https:\/\/aikido-ando.nl\/wp-content\/uploads\/Logo.webp","contentUrl":"https:\/\/aikido-ando.nl\/wp-content\/uploads\/Logo.webp","width":500,"height":500,"caption":"Aikido Ando"},"image":{"@id":"https:\/\/aikido-ando.nl\/#\/schema\/logo\/image\/"},"sameAs":["https:\/\/www.facebook.com\/andoaikido","https:\/\/www.instagram.com\/andoaikido\/","https:\/\/www.tiktok.com\/404?fromUrl=\/andoaikido","https:\/\/www.linkedin.com\/company\/andoaikido?originalSubdomain=nl"]}]}},"_links":{"self":[{"href":"https:\/\/aikido-ando.nl\/de\/wp-json\/wp\/v2\/pages\/635","targetHints":{"allow":["GET"]}}],"collection":[{"href":"https:\/\/aikido-ando.nl\/de\/wp-json\/wp\/v2\/pages"}],"about":[{"href":"https:\/\/aikido-ando.nl\/de\/wp-json\/wp\/v2\/types\/page"}],"author":[{"embeddable":true,"href":"https:\/\/aikido-ando.nl\/de\/wp-json\/wp\/v2\/users\/1"}],"replies":[{"embeddable":true,"href":"https:\/\/aikido-ando.nl\/de\/wp-json\/wp\/v2\/comments?post=635"}],"version-history":[{"count":0,"href":"https:\/\/aikido-ando.nl\/de\/wp-json\/wp\/v2\/pages\/635\/revisions"}],"wp:featuredmedia":[{"embeddable":true,"href":"https:\/\/aikido-ando.nl\/de\/wp-json\/wp\/v2\/media\/1676"}],"wp:attachment":[{"href":"https:\/\/aikido-ando.nl\/de\/wp-json\/wp\/v2\/media?parent=635"}],"curies":[{"name":"wp","href":"https:\/\/api.w.org\/{rel}","templated":true}]}}