{"id":645,"date":"2024-10-13T14:53:18","date_gmt":"2024-10-13T12:53:18","guid":{"rendered":"https:\/\/aikido-ando.nl\/?page_id=645"},"modified":"2024-12-10T14:04:22","modified_gmt":"2024-12-10T13:04:22","slug":"aikido-schule","status":"publish","type":"page","link":"https:\/\/aikido-ando.nl\/de\/school-aikido\/","title":{"rendered":"Schul-Aikido"},"content":{"rendered":"<div data-elementor-type=\"wp-page\" data-elementor-id=\"645\" class=\"elementor elementor-645\" data-elementor-post-type=\"page\">\n\t\t\t\t<div class=\"elementor-element elementor-element-85585ed e-flex e-con-boxed e-con e-parent\" data-id=\"85585ed\" data-element_type=\"container\" data-e-type=\"container\">\n\t\t\t\t\t<div class=\"e-con-inner\">\n\t\t\t\t<div class=\"elementor-element elementor-element-66e00e8 elementor-widget elementor-widget-text-editor\" data-id=\"66e00e8\" data-element_type=\"widget\" data-e-type=\"widget\" data-widget_type=\"text-editor.default\">\n\t\t\t\t<div class=\"elementor-widget-container\">\n\t\t\t\t\t\t\t\t\t<h2>Aikidokurse in der Ausbildung<\/h2><p><strong>Schul-Aikido wird von Ando angeboten. Wir bieten Aikidokurse auf verschiedenen Niveaus an, sowohl f\u00fcr Grundschulen als auch f\u00fcr weiterf\u00fchrende Schulen. Unsere Trainer passen das Unterrichtspaket im Voraus an die Bed\u00fcrfnisse an, die die Schule mit Schul-Aikido erf\u00fcllen m\u00f6chte.<\/strong><\/p>\t\t\t\t\t\t\t\t<\/div>\n\t\t\t\t<\/div>\n\t\t\t\t<div class=\"elementor-element elementor-element-2df6b0b elementor-widget elementor-widget-text-editor\" data-id=\"2df6b0b\" data-element_type=\"widget\" data-e-type=\"widget\" data-widget_type=\"text-editor.default\">\n\t\t\t\t<div class=\"elementor-widget-container\">\n\t\t\t\t\t\t\t\t\t<h3>F\u00fcr wen ist die Schule Aikido<\/h3><p>Denken Sie an die Kinder auf der <strong>Grundschule 6-12 Jahre<\/strong>. Aber auch f\u00fcr junge Menschen aus <strong>12-16 Jahre in der Sekundarschule<\/strong> Es gibt <strong>spezielle Schulungskurse entwickelt<\/strong> um Aikido kennenzulernen. Wiederkehrende Themen sind \u2018Aikido als Kampfkunst-Einf\u00fchrungsstunde\u2019, aber <strong>auch Resilienz durch Aikido. Ando umfasst<\/strong> und unterscheidet daher nicht zwischen verschiedenen Gruppen oder Schulen. In der Vergangenheit haben wir auch sehbehinderte Sch\u00fcler unterrichtet, was nat\u00fcrlich einen ganz eigenen und besonderen Ansatz erfordert.<\/p><p><strong>Wichtig zu wissen:<\/strong><br \/>Aikido ist keine Kampfsportart und hat keine Konkurrenz. Dies ist eines der wichtigsten Merkmale, die Aikido erfordern mehr intrinsische Engagement von Ihnen. <strong>Sie m\u00fcssen nicht sportlich oder stark sein<\/strong>; Tats\u00e4chlich wurde diese Kampfsportart von ihrem Gr\u00fcnder entwickelt, der selbst nur 1,50 m gro\u00df war. <strong>Aikido ist ein Sport, den man ein Leben lang aus\u00fcben kann!<\/strong> Zum Beispiel stand unser Gro\u00dfmeister Yoshimitsu Yamada, der 84 Jahre alt war, immer noch auf der Matte.<\/p>\t\t\t\t\t\t\t\t<\/div>\n\t\t\t\t<\/div>\n\t\t\t\t\t<\/div>\n\t\t\t\t<\/div>\n\t\t<div class=\"elementor-element elementor-element-6b0b97b e-flex e-con-boxed e-con e-parent\" data-id=\"6b0b97b\" data-element_type=\"container\" data-e-type=\"container\" data-settings=\"{&quot;background_background&quot;:&quot;classic&quot;}\">\n\t\t\t\t\t<div class=\"e-con-inner\">\n\t\t<div class=\"elementor-element elementor-element-9183106 e-con-full e-flex e-con e-child\" data-id=\"9183106\" data-element_type=\"container\" data-e-type=\"container\" data-settings=\"{&quot;background_background&quot;:&quot;classic&quot;}\">\n\t\t\t\t<div class=\"elementor-element elementor-element-1fd28d9 elementor-widget elementor-widget-text-editor\" data-id=\"1fd28d9\" data-element_type=\"widget\" data-e-type=\"widget\" data-widget_type=\"text-editor.default\">\n\t\t\t\t<div class=\"elementor-widget-container\">\n\t\t\t\t\t\t\t\t\t<p>Sensei Anne unterrichtete Schul-Aikido an der Fransiscusschool in Zaltbommel.<\/p>\t\t\t\t\t\t\t\t<\/div>\n\t\t\t\t<\/div>\n\t\t\t\t<\/div>\n\t\t<div class=\"elementor-element elementor-element-86402f5 e-con-full e-flex e-con e-child\" data-id=\"86402f5\" data-element_type=\"container\" data-e-type=\"container\" data-settings=\"{&quot;background_background&quot;:&quot;classic&quot;}\">\n\t\t\t\t<div class=\"elementor-element elementor-element-34ce0e0 elementor-widget elementor-widget-text-editor\" data-id=\"34ce0e0\" data-element_type=\"widget\" data-e-type=\"widget\" data-widget_type=\"text-editor.default\">\n\t\t\t\t<div class=\"elementor-widget-container\">\n\t\t\t\t\t\t\t\t\t<p>Sensei Edo bietet Urban-Aikido-Training an, bei dem die Kinder auf spielerische Art und Weise Aikido im Freien \u00fcben.<\/p>\t\t\t\t\t\t\t\t<\/div>\n\t\t\t\t<\/div>\n\t\t\t\t<\/div>\n\t\t\t\t\t<\/div>\n\t\t\t\t<\/div>\n\t\t<div class=\"elementor-element elementor-element-2b9e86e e-flex e-con-boxed e-con e-parent\" data-id=\"2b9e86e\" data-element_type=\"container\" data-e-type=\"container\">\n\t\t\t\t\t<div class=\"e-con-inner\">\n\t\t\t\t<div class=\"elementor-element elementor-element-98a4056 elementor-widget elementor-widget-text-editor\" data-id=\"98a4056\" data-element_type=\"widget\" data-e-type=\"widget\" data-widget_type=\"text-editor.default\">\n\t\t\t\t<div class=\"elementor-widget-container\">\n\t\t\t\t\t\t\t\t\t<h3>Was Sie in der Aikido-Schule erwartet<\/h3><p><strong>Jede Schule und jede Situation ist einzigartig<\/strong>, Deshalb wollen wir in der <strong>Vereinbarung mit der Schule<\/strong> um die bestm\u00f6glichen Ergebnisse zu erzielen. Wir k\u00f6nnen zum Beispiel (mehrere) thematische Unterrichtsstunden oder einen einmaligen Besuch f\u00fcr mehrere Gruppen einplanen. Sie k\u00f6nnen sich darauf verlassen, dass wir die <strong>Umwandlung einer Turnhalle in ein echtes Aikido-Dojo<\/strong>. Unsere Aikido-Besuche in Schulen finden haupts\u00e4chlich in<strong>in der N\u00e4he unserer Ando-Dojos<\/strong>.<\/p><p>Bei dieser Ausbildung wird im Voraus ein Beitrag vereinbart, der der Stiftung zugute kommt.<\/p><p>Denken Sie, dass Aikido eine gesunde Aktivit\u00e4t f\u00fcr Ihre Schule ist? Nehmen Sie Kontakt mit uns auf!<\/p>\t\t\t\t\t\t\t\t<\/div>\n\t\t\t\t<\/div>\n\t\t\t\t\t<\/div>\n\t\t\t\t<\/div>\n\t\t<div class=\"elementor-element elementor-element-78ac28a e-flex e-con-boxed e-con e-parent\" data-id=\"78ac28a\" data-element_type=\"container\" data-e-type=\"container\" data-settings=\"{&quot;background_background&quot;:&quot;classic&quot;}\">\n\t\t\t\t\t<div class=\"e-con-inner\">\n\t\t\t\t<div class=\"elementor-element elementor-element-8b8b967 elementor-testimonial--skin-default elementor-testimonial--layout-image_inline elementor-testimonial--align-center elementor-arrows-yes elementor-pagination-type-bullets elementor-widget elementor-widget-testimonial-carousel\" data-id=\"8b8b967\" data-element_type=\"widget\" data-e-type=\"widget\" data-settings=\"{&quot;show_arrows&quot;:&quot;yes&quot;,&quot;pagination&quot;:&quot;bullets&quot;,&quot;speed&quot;:500,&quot;autoplay&quot;:&quot;yes&quot;,&quot;autoplay_speed&quot;:5000,&quot;loop&quot;:&quot;yes&quot;,&quot;pause_on_hover&quot;:&quot;yes&quot;,&quot;pause_on_interaction&quot;:&quot;yes&quot;,&quot;space_between&quot;:{&quot;unit&quot;:&quot;px&quot;,&quot;size&quot;:10,&quot;sizes&quot;:[]},&quot;space_between_tablet&quot;:{&quot;unit&quot;:&quot;px&quot;,&quot;size&quot;:10,&quot;sizes&quot;:[]},&quot;space_between_mobile&quot;:{&quot;unit&quot;:&quot;px&quot;,&quot;size&quot;:10,&quot;sizes&quot;:[]}}\" data-widget_type=\"testimonial-carousel.default\">\n\t\t\t\t<div class=\"elementor-widget-container\">\n\t\t\t\t\t\t\t\t\t<div class=\"elementor-swiper\">\n\t\t\t\t\t<div class=\"elementor-main-swiper swiper\" role=\"region\" aria-roledescription=\"carousel\" aria-label=\"Folien\">\n\t\t\t\t<div class=\"swiper-wrapper\">\n\t\t\t\t\t\t\t\t\t\t\t<div class=\"swiper-slide\" role=\"group\" aria-roledescription=\"slide\">\n\t\t\t\t\t\t\t\t\t<div class=\"elementor-testimonial\">\n\t\t\t\t\t\t\t<div class=\"elementor-testimonial__content\">\n\t\t\t\t\t<div class=\"elementor-testimonial__text\">\n\t\t\t\t\t\tAndo organisierte eine spielerische Unterrichtsstunde w\u00e4hrend der K\u00f6nigsspiele f\u00fcr die Franziskusschule in Zaltbommel. Die Schwester von Edo unterrichtete diese Lektion und fand gro\u00dfen Anklang bei den verschiedenen Gruppen. Sie ist sehr erfahren und wusste, wie sie die Sch\u00fcler an Bord holen konnte. Die Kommunikation mit Edo verlief reibungslos und er denkt gerne mit, eine Wiederholung lohnt sich auf jeden Fall. Vielen Dank im Namen des Elternbeirats der Franciscus Schule Zaltbommel\t\t\t\t\t<\/div>\n\t\t\t\t\t\t\t\t\t<\/div>\n\t\t\t\t\t\t<div class=\"elementor-testimonial__footer\">\n\t\t\t\t\t\t\t\t\t<div class=\"elementor-testimonial__image\">\n\t\t\t\t\t\t<img decoding=\"async\" src=\"https:\/\/aikido-ando.nl\/wp-content\/uploads\/Aikido_Ando_FranciscusschoolBasisonderwijs.webp\" alt=\"St. Francis Schule\">\n\t\t\t\t\t\t\t\t\t\t\t<\/div>\n\t\t\t\t\t\t\t\t<cite class=\"elementor-testimonial__cite\"><span class=\"elementor-testimonial__name\">St. Francis Schule<\/span><span class=\"elementor-testimonial__title\">Zaltbommel<\/span><\/cite>\t\t\t<\/div>\n\t\t<\/div>\n\t\t\t\t\t\t\t\t<\/div>\n\t\t\t\t\t\t\t\t\t\t\t<div class=\"swiper-slide\" role=\"group\" aria-roledescription=\"slide\">\n\t\t\t\t\t\t\t\t\t<div class=\"elementor-testimonial\">\n\t\t\t\t\t\t\t<div class=\"elementor-testimonial__content\">\n\t\t\t\t\t<div class=\"elementor-testimonial__text\">\n\t\t\t\t\t\tEdo hat mehrere Lektionen am Cambium College angeboten. Wir sind sehr zufrieden mit der Art und Weise, wie diese Lektionen durchgef\u00fchrt wurden. Die Lektion wurde klar und deutlich erkl\u00e4rt, und die Anweisungen waren kurz, so dass die Sch\u00fcler schnell loslegen konnten. Der Trainer war sachkundig und erfahren und hat sich gut auf die Zielgruppe eingestellt. Die Kommunikation mit Edo war angenehm, alles war klar und gut organisiert. Wir vom Cambium College sind der Meinung, dass es auf jeden Fall eine Wiederholung wert ist.\t\t\t\t\t<\/div>\n\t\t\t\t\t\t\t\t\t<\/div>\n\t\t\t\t\t\t<div class=\"elementor-testimonial__footer\">\n\t\t\t\t\t\t\t\t\t<div class=\"elementor-testimonial__image\">\n\t\t\t\t\t\t<img decoding=\"async\" src=\"https:\/\/aikido-ando.nl\/wp-content\/uploads\/AndoAikido_CambiumCollege.webp\" alt=\"Kambium-Kolleg\">\n\t\t\t\t\t\t\t\t\t\t\t<\/div>\n\t\t\t\t\t\t\t\t<cite class=\"elementor-testimonial__cite\"><span class=\"elementor-testimonial__name\">Kambium-Kolleg<\/span><span class=\"elementor-testimonial__title\">Zaltbommel<\/span><\/cite>\t\t\t<\/div>\n\t\t<\/div>\n\t\t\t\t\t\t\t\t<\/div>\n\t\t\t\t\t\t\t\t\t\t\t<div class=\"swiper-slide\" role=\"group\" aria-roledescription=\"slide\">\n\t\t\t\t\t\t\t\t\t<div class=\"elementor-testimonial\">\n\t\t\t\t\t\t\t<div class=\"elementor-testimonial__content\">\n\t\t\t\t\t<div class=\"elementor-testimonial__text\">\n\t\t\t\t\t\tMehrmals haben wir Aikido ando bei gro\u00dfen und weniger gro\u00dfen Veranstaltungen in unseren R\u00e4umlichkeiten einen Lehrgang geben lassen.\nW\u00e4hrend des Lehrgangs sieht man, dass es sich um einen erfahrenen und kompetenten Trainer handelt, der in der Lage ist, die Werte des Sports auf eine klare\/spielerische Weise zu vermitteln.\nPro Gruppe wird immer darauf geachtet, was angemessen ist und was gut passt. Dar\u00fcber hinaus ist die Kommunikation immer sehr nett und klar.\t\t\t\t\t<\/div>\n\t\t\t\t\t\t\t\t\t<\/div>\n\t\t\t\t\t\t<div class=\"elementor-testimonial__footer\">\n\t\t\t\t\t\t\t\t\t<div class=\"elementor-testimonial__image\">\n\t\t\t\t\t\t<img decoding=\"async\" src=\"https:\/\/aikido-ando.nl\/wp-content\/uploads\/Spel_Zaltbommel.webp\" alt=\"Nick\">\n\t\t\t\t\t\t\t\t\t\t\t<\/div>\n\t\t\t\t\t\t\t\t<cite class=\"elementor-testimonial__cite\"><span class=\"elementor-testimonial__name\">Nick<\/span><span class=\"elementor-testimonial__title\">Sportlehrer aus der Nachbarschaft<\/span><\/cite>\t\t\t<\/div>\n\t\t<\/div>\n\t\t\t\t\t\t\t\t<\/div>\n\t\t\t\t\t\t\t\t\t<\/div>\n\t\t\t\t\t\t\t\t\t\t\t\t\t\t\t<div class=\"elementor-swiper-button elementor-swiper-button-prev\" role=\"button\" tabindex=\"0\" aria-label=\"Previous\" data-no-translation-aria-label=\"\">\n\t\t\t\t\t\t\t<svg aria-hidden=\"true\" class=\"e-font-icon-svg e-eicon-chevron-left\" viewbox=\"0 0 1000 1000\" xmlns=\"http:\/\/www.w3.org\/2000\/svg\"><path d=\"M646 125C629 125 613 133 604 142L308 442C296 454 292 471 292 487 292 504 296 521 308 533L604 854C617 867 629 875 646 875 663 875 679 871 692 858 704 846 713 829 713 812 713 796 708 779 692 767L438 487 692 225C700 217 708 204 708 187 708 171 704 154 692 142 675 129 663 125 646 125Z\"><\/path><\/svg>\t\t\t\t\t\t<\/div>\n\t\t\t\t\t\t<div class=\"elementor-swiper-button elementor-swiper-button-next\" role=\"button\" tabindex=\"0\" aria-label=\"Next\" data-no-translation-aria-label=\"\">\n\t\t\t\t\t\t\t<svg aria-hidden=\"true\" class=\"e-font-icon-svg e-eicon-chevron-right\" viewbox=\"0 0 1000 1000\" xmlns=\"http:\/\/www.w3.org\/2000\/svg\"><path d=\"M696 533C708 521 713 504 713 487 713 471 708 454 696 446L400 146C388 133 375 125 354 125 338 125 325 129 313 142 300 154 292 171 292 187 292 204 296 221 308 233L563 492 304 771C292 783 288 800 288 817 288 833 296 850 308 863 321 871 338 875 354 875 371 875 388 867 400 854L696 533Z\"><\/path><\/svg>\t\t\t\t\t\t<\/div>\n\t\t\t\t\t\t\t\t\t\t\t\t\t\t\t\t<div class=\"swiper-pagination\"><\/div>\n\t\t\t\t\t\t\t\t\t\t\t\t<\/div>\n\t\t\t\t<\/div>\n\t\t\t\t\t\t\t\t<\/div>\n\t\t\t\t<\/div>\n\t\t\t\t\t<\/div>\n\t\t\t\t<\/div>\n\t\t\t\t<\/div>","protected":false},"excerpt":{"rendered":"<p>Aikido lessen in het onderwijs School Aikido wordt verzorgd door Ando. Wij bieden Aikido-lessen aan op verschillende niveaus, zowel voor het basisonderwijs als het voortgezet onderwijs. Onze trainers stemmen het lespakket van tevoren af op de behoeften die de school wil invullen met schoolaikido. Voor wie is school-Aikido Denk aan kinderen op de basisschool van [&hellip;]<\/p>\n","protected":false},"author":1,"featured_media":1677,"parent":0,"menu_order":0,"comment_status":"closed","ping_status":"closed","template":"elementor_header_footer","meta":{"footnotes":""},"class_list":["post-645","page","type-page","status-publish","has-post-thumbnail","hentry"],"yoast_head":"<!-- This site is optimized with the Yoast SEO Premium plugin v27.3 (Yoast SEO v27.3) - https:\/\/yoast.com\/product\/yoast-seo-premium-wordpress\/ -->\n<title>School-Aikido - Aikido ANDO<\/title>\n<meta name=\"description\" content=\"Ando biedt inclusieve Aikido-lessen voor scholen. Van basisschoolkinderen tot jongeren op de middelbare school, ontdek hoe Aikido de weerbaarheid en het zelfvertrouwen bevordert.\" \/>\n<meta name=\"robots\" content=\"index, follow, max-snippet:-1, max-image-preview:large, max-video-preview:-1\" \/>\n<link rel=\"canonical\" href=\"https:\/\/aikido-ando.nl\/de\/aikido-schule\/\" \/>\n<meta property=\"og:locale\" content=\"de_DE\" \/>\n<meta property=\"og:type\" content=\"article\" \/>\n<meta property=\"og:title\" content=\"School-Aikido\" \/>\n<meta property=\"og:description\" content=\"Ando biedt inclusieve Aikido-lessen voor scholen. Van basisschoolkinderen tot jongeren op de middelbare school, ontdek hoe Aikido de weerbaarheid en het zelfvertrouwen bevordert.\" \/>\n<meta property=\"og:url\" content=\"https:\/\/aikido-ando.nl\/de\/aikido-schule\/\" \/>\n<meta property=\"og:site_name\" content=\"Aikido ANDO\" \/>\n<meta property=\"article:publisher\" content=\"https:\/\/www.facebook.com\/andoaikido\" \/>\n<meta property=\"article:modified_time\" content=\"2024-12-10T13:04:22+00:00\" \/>\n<meta property=\"og:image\" content=\"https:\/\/aikido-ando.nl\/wp-content\/uploads\/Weerbaarheid_Aikido_les_by_AnneSlui.webp\" \/>\n\t<meta property=\"og:image:width\" content=\"1920\" \/>\n\t<meta property=\"og:image:height\" content=\"600\" \/>\n\t<meta property=\"og:image:type\" content=\"image\/webp\" \/>\n<meta name=\"twitter:card\" content=\"summary_large_image\" \/>\n<meta name=\"twitter:label1\" content=\"Gesch\u00e4tzte Lesezeit\" \/>\n\t<meta name=\"twitter:data1\" content=\"4\u00a0Minuten\" \/>\n<script type=\"application\/ld+json\" class=\"yoast-schema-graph\">{\"@context\":\"https:\\\/\\\/schema.org\",\"@graph\":[{\"@type\":\"WebPage\",\"@id\":\"https:\\\/\\\/aikido-ando.nl\\\/school-aikido\\\/\",\"url\":\"https:\\\/\\\/aikido-ando.nl\\\/school-aikido\\\/\",\"name\":\"School-Aikido - Aikido ANDO\",\"isPartOf\":{\"@id\":\"https:\\\/\\\/aikido-ando.nl\\\/#website\"},\"primaryImageOfPage\":{\"@id\":\"https:\\\/\\\/aikido-ando.nl\\\/school-aikido\\\/#primaryimage\"},\"image\":{\"@id\":\"https:\\\/\\\/aikido-ando.nl\\\/school-aikido\\\/#primaryimage\"},\"thumbnailUrl\":\"https:\\\/\\\/aikido-ando.nl\\\/wp-content\\\/uploads\\\/Weerbaarheid_Aikido_les_by_AnneSlui.webp\",\"datePublished\":\"2024-10-13T12:53:18+00:00\",\"dateModified\":\"2024-12-10T13:04:22+00:00\",\"description\":\"Ando biedt inclusieve Aikido-lessen voor scholen. Van basisschoolkinderen tot jongeren op de middelbare school, ontdek hoe Aikido de weerbaarheid en het zelfvertrouwen bevordert.\",\"breadcrumb\":{\"@id\":\"https:\\\/\\\/aikido-ando.nl\\\/school-aikido\\\/#breadcrumb\"},\"inLanguage\":\"de\",\"potentialAction\":[{\"@type\":\"ReadAction\",\"target\":[\"https:\\\/\\\/aikido-ando.nl\\\/school-aikido\\\/\"]}]},{\"@type\":\"ImageObject\",\"inLanguage\":\"de\",\"@id\":\"https:\\\/\\\/aikido-ando.nl\\\/school-aikido\\\/#primaryimage\",\"url\":\"https:\\\/\\\/aikido-ando.nl\\\/wp-content\\\/uploads\\\/Weerbaarheid_Aikido_les_by_AnneSlui.webp\",\"contentUrl\":\"https:\\\/\\\/aikido-ando.nl\\\/wp-content\\\/uploads\\\/Weerbaarheid_Aikido_les_by_AnneSlui.webp\",\"width\":1920,\"height\":600,\"caption\":\"sensei Anne gooit een Uke in Meerhoven op de mat in de dojo. Tijdens de volwassen Aikidoles waarbij jong en oud, hoog en laag gegradueerd traint.\"},{\"@type\":\"BreadcrumbList\",\"@id\":\"https:\\\/\\\/aikido-ando.nl\\\/school-aikido\\\/#breadcrumb\",\"itemListElement\":[{\"@type\":\"ListItem\",\"position\":1,\"name\":\"Home\",\"item\":\"https:\\\/\\\/aikido-ando.nl\\\/\"},{\"@type\":\"ListItem\",\"position\":2,\"name\":\"School-Aikido\"}]},{\"@type\":\"WebSite\",\"@id\":\"https:\\\/\\\/aikido-ando.nl\\\/#website\",\"url\":\"https:\\\/\\\/aikido-ando.nl\\\/\",\"name\":\"Aikido Ando\",\"description\":\"\",\"publisher\":{\"@id\":\"https:\\\/\\\/aikido-ando.nl\\\/#organization\"},\"potentialAction\":[{\"@type\":\"SearchAction\",\"target\":{\"@type\":\"EntryPoint\",\"urlTemplate\":\"https:\\\/\\\/aikido-ando.nl\\\/?s={search_term_string}\"},\"query-input\":{\"@type\":\"PropertyValueSpecification\",\"valueRequired\":true,\"valueName\":\"search_term_string\"}}],\"inLanguage\":\"de\"},{\"@type\":\"Organization\",\"@id\":\"https:\\\/\\\/aikido-ando.nl\\\/#organization\",\"name\":\"Aikido Ando\",\"url\":\"https:\\\/\\\/aikido-ando.nl\\\/\",\"logo\":{\"@type\":\"ImageObject\",\"inLanguage\":\"de\",\"@id\":\"https:\\\/\\\/aikido-ando.nl\\\/#\\\/schema\\\/logo\\\/image\\\/\",\"url\":\"https:\\\/\\\/aikido-ando.nl\\\/wp-content\\\/uploads\\\/Logo.webp\",\"contentUrl\":\"https:\\\/\\\/aikido-ando.nl\\\/wp-content\\\/uploads\\\/Logo.webp\",\"width\":500,\"height\":500,\"caption\":\"Aikido Ando\"},\"image\":{\"@id\":\"https:\\\/\\\/aikido-ando.nl\\\/#\\\/schema\\\/logo\\\/image\\\/\"},\"sameAs\":[\"https:\\\/\\\/www.facebook.com\\\/andoaikido\",\"https:\\\/\\\/www.instagram.com\\\/andoaikido\\\/\",\"https:\\\/\\\/www.tiktok.com\\\/404?fromUrl=\\\/andoaikido\",\"https:\\\/\\\/www.linkedin.com\\\/company\\\/andoaikido?originalSubdomain=nl\"]}]}<\/script>\n<!-- \/ Yoast SEO Premium plugin. -->","yoast_head_json":{"title":"Schul-Aikido - Aikido ANDO","description":"Ando bietet integrative Aikidokurse f\u00fcr Schulen an. Entdecken Sie, wie Aikido die Widerstandsf\u00e4higkeit und das Selbstvertrauen von Grundsch\u00fclern und Gymnasiasten f\u00f6rdert.","robots":{"index":"index","follow":"follow","max-snippet":"max-snippet:-1","max-image-preview":"max-image-preview:large","max-video-preview":"max-video-preview:-1"},"canonical":"https:\/\/aikido-ando.nl\/de\/aikido-schule\/","og_locale":"de_DE","og_type":"article","og_title":"School-Aikido","og_description":"Ando biedt inclusieve Aikido-lessen voor scholen. Van basisschoolkinderen tot jongeren op de middelbare school, ontdek hoe Aikido de weerbaarheid en het zelfvertrouwen bevordert.","og_url":"https:\/\/aikido-ando.nl\/de\/aikido-schule\/","og_site_name":"Aikido ANDO","article_publisher":"https:\/\/www.facebook.com\/andoaikido","article_modified_time":"2024-12-10T13:04:22+00:00","og_image":[{"width":1920,"height":600,"url":"https:\/\/aikido-ando.nl\/wp-content\/uploads\/Weerbaarheid_Aikido_les_by_AnneSlui.webp","type":"image\/webp"}],"twitter_card":"summary_large_image","twitter_misc":{"Gesch\u00e4tzte Lesezeit":"4\u00a0Minuten"},"schema":{"@context":"https:\/\/schema.org","@graph":[{"@type":"WebPage","@id":"https:\/\/aikido-ando.nl\/school-aikido\/","url":"https:\/\/aikido-ando.nl\/school-aikido\/","name":"Schul-Aikido - Aikido ANDO","isPartOf":{"@id":"https:\/\/aikido-ando.nl\/#website"},"primaryImageOfPage":{"@id":"https:\/\/aikido-ando.nl\/school-aikido\/#primaryimage"},"image":{"@id":"https:\/\/aikido-ando.nl\/school-aikido\/#primaryimage"},"thumbnailUrl":"https:\/\/aikido-ando.nl\/wp-content\/uploads\/Weerbaarheid_Aikido_les_by_AnneSlui.webp","datePublished":"2024-10-13T12:53:18+00:00","dateModified":"2024-12-10T13:04:22+00:00","description":"Ando bietet integrative Aikidokurse f\u00fcr Schulen an. Entdecken Sie, wie Aikido die Widerstandsf\u00e4higkeit und das Selbstvertrauen von Grundsch\u00fclern und Gymnasiasten f\u00f6rdert.","breadcrumb":{"@id":"https:\/\/aikido-ando.nl\/school-aikido\/#breadcrumb"},"inLanguage":"de","potentialAction":[{"@type":"ReadAction","target":["https:\/\/aikido-ando.nl\/school-aikido\/"]}]},{"@type":"ImageObject","inLanguage":"de","@id":"https:\/\/aikido-ando.nl\/school-aikido\/#primaryimage","url":"https:\/\/aikido-ando.nl\/wp-content\/uploads\/Weerbaarheid_Aikido_les_by_AnneSlui.webp","contentUrl":"https:\/\/aikido-ando.nl\/wp-content\/uploads\/Weerbaarheid_Aikido_les_by_AnneSlui.webp","width":1920,"height":600,"caption":"sensei Anne gooit een Uke in Meerhoven op de mat in de dojo. Tijdens de volwassen Aikidoles waarbij jong en oud, hoog en laag gegradueerd traint."},{"@type":"BreadcrumbList","@id":"https:\/\/aikido-ando.nl\/school-aikido\/#breadcrumb","itemListElement":[{"@type":"ListItem","position":1,"name":"Home","item":"https:\/\/aikido-ando.nl\/"},{"@type":"ListItem","position":2,"name":"School-Aikido"}]},{"@type":"WebSite","@id":"https:\/\/aikido-ando.nl\/#website","url":"https:\/\/aikido-ando.nl\/","name":"Aikido Ando","description":"","publisher":{"@id":"https:\/\/aikido-ando.nl\/#organization"},"potentialAction":[{"@type":"SearchAction","target":{"@type":"EntryPoint","urlTemplate":"https:\/\/aikido-ando.nl\/?s={search_term_string}"},"query-input":{"@type":"PropertyValueSpecification","valueRequired":true,"valueName":"search_term_string"}}],"inLanguage":"de"},{"@type":"Organization","@id":"https:\/\/aikido-ando.nl\/#organization","name":"Aikido Ando","url":"https:\/\/aikido-ando.nl\/","logo":{"@type":"ImageObject","inLanguage":"de","@id":"https:\/\/aikido-ando.nl\/#\/schema\/logo\/image\/","url":"https:\/\/aikido-ando.nl\/wp-content\/uploads\/Logo.webp","contentUrl":"https:\/\/aikido-ando.nl\/wp-content\/uploads\/Logo.webp","width":500,"height":500,"caption":"Aikido Ando"},"image":{"@id":"https:\/\/aikido-ando.nl\/#\/schema\/logo\/image\/"},"sameAs":["https:\/\/www.facebook.com\/andoaikido","https:\/\/www.instagram.com\/andoaikido\/","https:\/\/www.tiktok.com\/404?fromUrl=\/andoaikido","https:\/\/www.linkedin.com\/company\/andoaikido?originalSubdomain=nl"]}]}},"_links":{"self":[{"href":"https:\/\/aikido-ando.nl\/de\/wp-json\/wp\/v2\/pages\/645","targetHints":{"allow":["GET"]}}],"collection":[{"href":"https:\/\/aikido-ando.nl\/de\/wp-json\/wp\/v2\/pages"}],"about":[{"href":"https:\/\/aikido-ando.nl\/de\/wp-json\/wp\/v2\/types\/page"}],"author":[{"embeddable":true,"href":"https:\/\/aikido-ando.nl\/de\/wp-json\/wp\/v2\/users\/1"}],"replies":[{"embeddable":true,"href":"https:\/\/aikido-ando.nl\/de\/wp-json\/wp\/v2\/comments?post=645"}],"version-history":[{"count":0,"href":"https:\/\/aikido-ando.nl\/de\/wp-json\/wp\/v2\/pages\/645\/revisions"}],"wp:featuredmedia":[{"embeddable":true,"href":"https:\/\/aikido-ando.nl\/de\/wp-json\/wp\/v2\/media\/1677"}],"wp:attachment":[{"href":"https:\/\/aikido-ando.nl\/de\/wp-json\/wp\/v2\/media?parent=645"}],"curies":[{"name":"wp","href":"https:\/\/api.w.org\/{rel}","templated":true}]}}