{"id":650,"date":"2024-10-13T15:05:09","date_gmt":"2024-10-13T13:05:09","guid":{"rendered":"https:\/\/aikido-ando.nl\/?page_id=650"},"modified":"2024-12-10T14:06:09","modified_gmt":"2024-12-10T13:06:09","slug":"japanisches-kanji","status":"publish","type":"page","link":"https:\/\/aikido-ando.nl\/de\/japanese-kanji\/","title":{"rendered":"Japanisches Kanji"},"content":{"rendered":"<div data-elementor-type=\"wp-page\" data-elementor-id=\"650\" class=\"elementor elementor-650\" data-elementor-post-type=\"page\">\n\t\t\t\t<div class=\"elementor-element elementor-element-e16da8d e-flex e-con-boxed e-con e-parent\" data-id=\"e16da8d\" data-element_type=\"container\" data-e-type=\"container\">\n\t\t\t\t\t<div class=\"e-con-inner\">\n\t\t\t\t<div class=\"elementor-element elementor-element-32427be elementor-widget elementor-widget-text-editor\" data-id=\"32427be\" data-element_type=\"widget\" data-e-type=\"widget\" data-widget_type=\"text-editor.default\">\n\t\t\t\t<div class=\"elementor-widget-container\">\n\t\t\t\t\t\t\t\t\t<h2>IHR NAME AUF JAPANISCH<\/h2><p><strong>Aikido ist japanisch. Und hat eine sch\u00f6ne und reiche Kultur. Zum Beispiel haben sie verschiedene Schriften, darunter Katakana. Diesen Kanji, wie sie genannt werden, begegnet man im Aikido h\u00e4ufig. Willst du wissen, wie du deinen Namen schreiben kannst? Dann lies weiter oder generiere deinen Namen auf Japanisch mit uns!<\/strong><\/p>\t\t\t\t\t\t\t\t<\/div>\n\t\t\t\t<\/div>\n\t\t\t\t<div class=\"elementor-element elementor-element-693edd2 elementor-widget elementor-widget-text-editor\" data-id=\"693edd2\" data-element_type=\"widget\" data-e-type=\"widget\" data-widget_type=\"text-editor.default\">\n\t\t\t\t<div class=\"elementor-widget-container\">\n\t\t\t\t\t\t\t\t\t<p>Katakana wird zur Beschreibung von W\u00f6rtern verwendet, die <strong>nicht-japanischer Herkunft<\/strong> Anzeige. Dabei kann es sich um Lehnw\u00f6rter wie Kaffee oder Bier handeln. Die Verwendung von Katakana erfolgt \u00fcber den Klang oder die Klangimitation. <strong>Dies ist also phonetisch<\/strong>. Zum Beispiel schreibt man baker, spricht es aber als bah-ker aus (das kann man auch in einem W\u00f6rterbuch nachschlagen). Auf diese Weise kann alles auf Japanisch geschrieben werden.\u00a0<\/p><p>Diese japanischen Kanji zu lernen, macht Spa\u00df, denn sie sind doch sehr raffiniert <strong>eine Art Geheimschrift<\/strong>!? Dieser Schriftzug hilft dir auch auf der Matte. So sieht man oft, dass Aikidokas, die schon l\u00e4nger trainieren, ihren Namen auf den Hakama oder den \u00c4rmel des Anzugs sticken lassen. Das ist nicht nur praktisch, um den eigenen Anzug in einer Trainingsphase wiederzufinden, wenn er zum Trocknen ausliegt, sondern auch f\u00fcr den Sensei. Auf diese Weise kann er Sie leichter beim Namen nennen. <strong>Wenn Sie noch ein bisschen weiter lesen, wird es bald m\u00f6glich sein<\/strong>!<\/p><p>Du fragst dich, wie du deinen Namen schreiben sollst? Dann benutze den Namensgenerator unten!<\/p>\t\t\t\t\t\t\t\t<\/div>\n\t\t\t\t<\/div>\n\t\t\t\t\t<\/div>\n\t\t\t\t<\/div>\n\t\t<div class=\"elementor-element elementor-element-4079593 e-flex e-con-boxed e-con e-parent\" data-id=\"4079593\" data-element_type=\"container\" data-e-type=\"container\" data-settings=\"{&quot;background_background&quot;:&quot;classic&quot;}\">\n\t\t\t\t\t<div class=\"e-con-inner\">\n\t\t<div class=\"elementor-element elementor-element-ef9ff0b e-con-full e-flex e-con e-child\" data-id=\"ef9ff0b\" data-element_type=\"container\" data-e-type=\"container\">\n\t\t\t\t<div class=\"elementor-element elementor-element-e8552b8 elementor-widget elementor-widget-text-editor\" data-id=\"e8552b8\" data-element_type=\"widget\" data-e-type=\"widget\" data-widget_type=\"text-editor.default\">\n\t\t\t\t<div class=\"elementor-widget-container\">\n\t\t\t\t\t\t\t\t\t<p>KATAKANA<\/p><h3>KANJI ENTR\u00c4TSELT<\/h3><p><strong>M\u00f6chten Sie selbst mit dem Lernen von Katakana beginnen? Dann fangen Sie mit diesem sch\u00f6n gestalteten Kanji-Poster an.<\/strong><\/p>\t\t\t\t\t\t\t\t<\/div>\n\t\t\t\t<\/div>\n\t\t\t\t<div class=\"elementor-element elementor-element-dc98ee4 elementor-widget elementor-widget-text-editor\" data-id=\"dc98ee4\" data-element_type=\"widget\" data-e-type=\"widget\" data-widget_type=\"text-editor.default\">\n\t\t\t\t<div class=\"elementor-widget-container\">\n\t\t\t\t\t\t\t\t\t<p>Dieses Poster zeigt alle Lautkombinationen, die f\u00fcr Katakana bekannt sind. Es listet auch die 50 h\u00e4ufigsten Namen auf, um den Umgang mit diesen Zeichen zu \u00fcben.<\/p><p>Sie k\u00f6nnen die entsprechende Arbeitsmappe auch von dieser Seite herunterladen, scrollen Sie dazu ein wenig weiter nach unten.<\/p>\t\t\t\t\t\t\t\t<\/div>\n\t\t\t\t<\/div>\n\t\t\t\t<\/div>\n\t\t<div class=\"elementor-element elementor-element-8dd9d00 e-con-full e-flex e-con e-child\" data-id=\"8dd9d00\" data-element_type=\"container\" data-e-type=\"container\">\n\t\t\t\t<div class=\"elementor-element elementor-element-558f8fd elementor-widget elementor-widget-image\" data-id=\"558f8fd\" data-element_type=\"widget\" data-e-type=\"widget\" data-widget_type=\"image.default\">\n\t\t\t\t<div class=\"elementor-widget-container\">\n\t\t\t\t\t\t\t\t\t\t\t\t\t\t\t<img fetchpriority=\"high\" decoding=\"async\" width=\"1500\" height=\"1500\" src=\"https:\/\/aikido-ando.nl\/wp-content\/uploads\/AikidoKanjiPoster.webp\" class=\"attachment-large size-large wp-image-1484\" alt=\"Sch\u00f6nes japanisches Kanji-Poster im Aikido-Shop erh\u00e4ltlich\" srcset=\"https:\/\/aikido-ando.nl\/wp-content\/uploads\/AikidoKanjiPoster.webp 1500w, https:\/\/aikido-ando.nl\/wp-content\/uploads\/AikidoKanjiPoster-768x768.webp 768w\" sizes=\"(max-width: 1500px) 100vw, 1500px\" \/>\t\t\t\t\t\t\t\t\t\t\t\t\t\t\t<\/div>\n\t\t\t\t<\/div>\n\t\t\t\t<\/div>\n\t\t\t\t\t<\/div>\n\t\t\t\t<\/div>\n\t\t<div class=\"elementor-element elementor-element-906e0ab e-con-full e-flex e-con e-parent\" data-id=\"906e0ab\" data-element_type=\"container\" data-e-type=\"container\">\n\t\t<div class=\"elementor-element elementor-element-6661f17 e-con-full e-flex e-con e-child\" data-id=\"6661f17\" data-element_type=\"container\" data-e-type=\"container\" data-settings=\"{&quot;background_background&quot;:&quot;classic&quot;}\">\n\t\t<div class=\"elementor-element elementor-element-b46128a e-con-full e-flex e-con e-child\" data-id=\"b46128a\" data-element_type=\"container\" data-e-type=\"container\">\n\t\t\t\t<div class=\"elementor-element elementor-element-e0be7e6 elementor-widget elementor-widget-heading\" data-id=\"e0be7e6\" data-element_type=\"widget\" data-e-type=\"widget\" data-widget_type=\"heading.default\">\n\t\t\t\t<div class=\"elementor-widget-container\">\n\t\t\t\t\t<span class=\"elementor-heading-title elementor-size-default\">Welchen Namen wollen Sie \u00fcbersetzen?<\/span>\t\t\t\t<\/div>\n\t\t\t\t<\/div>\n\t\t\t\t<div class=\"elementor-element elementor-element-8863669 elementor-widget__width-initial elementor-widget elementor-widget-html\" data-id=\"8863669\" data-element_type=\"widget\" data-e-type=\"widget\" data-widget_type=\"html.default\">\n\t\t\t\t<div class=\"elementor-widget-container\">\n\t\t\t\t\t<input type=\"text\" id=\"name\" name=\"name\" placeholder=\"Name\" style=\"margin-bottom: 0px;border-radius: 20px; text-align:center;border-width: 0px;\" >\r\n<script>\r\ndocument.addEventListener(\"DOMContentLoaded\", function(event) {\r\n  jQuery('#generate-button a').click(function(){\r\n\tlet text1 = \"Ziet er zo uit '\";\r\n\tlet sentence = text1.concat(document.getElementById('name').value, \"' \ud83c\uddef\ud83c\uddf5<br><div style = \\\"font-size: 52px; font-weight: 800;\\\">\", wanakana.toKatakana(document.getElementById('name').value),\"<\/div>\");\r\n\r\n  document.getElementById('generated-name').innerHTML = sentence;\r\n  });\r\n});\r\n<\/script>\r\n<script src=\"https:\/\/unpkg.com\/wanakana@5.1.0\/wanakana.min.js\"><\/script>\t\t\t\t<\/div>\n\t\t\t\t<\/div>\n\t\t\t\t<div class=\"elementor-element elementor-element-b45ae30 elementor-align-center elementor-widget elementor-widget-button\" data-id=\"b45ae30\" data-element_type=\"widget\" data-e-type=\"widget\" id=\"generate-button\" data-widget_type=\"button.default\">\n\t\t\t\t<div class=\"elementor-widget-container\">\n\t\t\t\t\t\t\t\t\t<div class=\"elementor-button-wrapper\">\n\t\t\t\t\t<a class=\"elementor-button elementor-size-sm elementor-animation-grow\" role=\"button\">\n\t\t\t\t\t\t<span class=\"elementor-button-content-wrapper\">\n\t\t\t\t\t\t\t\t\t<span class=\"elementor-button-text\">Erzeugen \u270d<\/span>\n\t\t\t\t\t<\/span>\n\t\t\t\t\t<\/a>\n\t\t\t\t<\/div>\n\t\t\t\t\t\t\t\t<\/div>\n\t\t\t\t<\/div>\n\t\t\t\t<\/div>\n\t\t\t\t<\/div>\n\t\t<div class=\"elementor-element elementor-element-bceb7ac e-con-full e-flex e-con e-child\" data-id=\"bceb7ac\" data-element_type=\"container\" data-e-type=\"container\">\n\t\t<div class=\"elementor-element elementor-element-1dc92e6 e-con-full e-flex e-con e-child\" data-id=\"1dc92e6\" data-element_type=\"container\" data-e-type=\"container\">\n\t\t\t\t<div class=\"elementor-element elementor-element-2f27f91 elementor-widget elementor-widget-heading\" data-id=\"2f27f91\" data-element_type=\"widget\" data-e-type=\"widget\" data-widget_type=\"heading.default\">\n\t\t\t\t<div class=\"elementor-widget-container\">\n\t\t\t\t\t<span class=\"elementor-heading-title elementor-size-default\">Ihr Name in japanischem Kanji<\/span>\t\t\t\t<\/div>\n\t\t\t\t<\/div>\n\t\t\t\t<div class=\"elementor-element elementor-element-4d8004f elementor-widget elementor-widget-text-editor\" data-id=\"4d8004f\" data-element_type=\"widget\" data-e-type=\"widget\" id=\"generated-name\" data-widget_type=\"text-editor.default\">\n\t\t\t\t<div class=\"elementor-widget-container\">\n\t\t\t\t\t\t\t\t\t Wird hier unten sein \ud83d\udc47\t\t\t\t\t\t\t\t<\/div>\n\t\t\t\t<\/div>\n\t\t\t\t<\/div>\n\t\t\t\t<\/div>\n\t\t\t\t<\/div>\n\t\t<div class=\"elementor-element elementor-element-2bb45bd e-flex e-con-boxed e-con e-parent\" data-id=\"2bb45bd\" data-element_type=\"container\" data-e-type=\"container\" data-settings=\"{&quot;background_background&quot;:&quot;classic&quot;}\">\n\t\t\t\t\t<div class=\"e-con-inner\">\n\t\t<div class=\"elementor-element elementor-element-110145e e-con-full e-flex e-con e-child\" data-id=\"110145e\" data-element_type=\"container\" data-e-type=\"container\">\n\t\t\t\t<div class=\"elementor-element elementor-element-127601e elementor-widget elementor-widget-text-editor\" data-id=\"127601e\" data-element_type=\"widget\" data-e-type=\"widget\" data-widget_type=\"text-editor.default\">\n\t\t\t\t<div class=\"elementor-widget-container\">\n\t\t\t\t\t\t\t\t\t<h2>DAS AIKIDO-GEHEIMNIS L\u00dcFTEN: JAPANISCHE KANJI<\/h2>\t\t\t\t\t\t\t\t<\/div>\n\t\t\t\t<\/div>\n\t\t<div class=\"elementor-element elementor-element-c654ff3 e-con-full e-flex e-con e-child\" data-id=\"c654ff3\" data-element_type=\"container\" data-e-type=\"container\">\n\t\t<div class=\"elementor-element elementor-element-e5bb399 e-con-full e-flex e-con e-child\" data-id=\"e5bb399\" data-element_type=\"container\" data-e-type=\"container\" data-settings=\"{&quot;background_background&quot;:&quot;classic&quot;}\">\n\t\t\t\t<div class=\"elementor-element elementor-element-c2bdcec elementor-widget elementor-widget-button\" data-id=\"c2bdcec\" data-element_type=\"widget\" data-e-type=\"widget\" data-widget_type=\"button.default\">\n\t\t\t\t<div class=\"elementor-widget-container\">\n\t\t\t\t\t\t\t\t\t<div class=\"elementor-button-wrapper\">\n\t\t\t\t\t<a class=\"elementor-button elementor-button-link elementor-size-sm\" href=\"https:\/\/aikido-shop.nl\/pages\/aikido-original\">\n\t\t\t\t\t\t<span class=\"elementor-button-content-wrapper\">\n\t\t\t\t\t\t\t\t\t<span class=\"elementor-button-text\">Aikido-Shop<\/span>\n\t\t\t\t\t<\/span>\n\t\t\t\t\t<\/a>\n\t\t\t\t<\/div>\n\t\t\t\t\t\t\t\t<\/div>\n\t\t\t\t<\/div>\n\t\t\t\t<\/div>\n\t\t<div class=\"elementor-element elementor-element-92d40bc e-con-full e-flex e-con e-child\" data-id=\"92d40bc\" data-element_type=\"container\" data-e-type=\"container\" data-settings=\"{&quot;background_background&quot;:&quot;classic&quot;}\">\n\t\t\t\t<div class=\"elementor-element elementor-element-6826349 elementor-widget elementor-widget-button\" data-id=\"6826349\" data-element_type=\"widget\" data-e-type=\"widget\" data-widget_type=\"button.default\">\n\t\t\t\t<div class=\"elementor-widget-container\">\n\t\t\t\t\t\t\t\t\t<div class=\"elementor-button-wrapper\">\n\t\t\t\t\t<a class=\"elementor-button elementor-button-link elementor-size-sm\" href=\"https:\/\/aikido-ando.nl\/wp-content\/uploads\/AndoAikidoKanji.pdf\">\n\t\t\t\t\t\t<span class=\"elementor-button-content-wrapper\">\n\t\t\t\t\t\t\t\t\t<span class=\"elementor-button-text\">Poster drucken<\/span>\n\t\t\t\t\t<\/span>\n\t\t\t\t\t<\/a>\n\t\t\t\t<\/div>\n\t\t\t\t\t\t\t\t<\/div>\n\t\t\t\t<\/div>\n\t\t\t\t<\/div>\n\t\t<div class=\"elementor-element elementor-element-eaaafd6 e-con-full e-flex e-con e-child\" data-id=\"eaaafd6\" data-element_type=\"container\" data-e-type=\"container\" data-settings=\"{&quot;background_background&quot;:&quot;classic&quot;}\">\n\t\t\t\t<div class=\"elementor-element elementor-element-006a182 elementor-widget elementor-widget-button\" data-id=\"006a182\" data-element_type=\"widget\" data-e-type=\"widget\" data-widget_type=\"button.default\">\n\t\t\t\t<div class=\"elementor-widget-container\">\n\t\t\t\t\t\t\t\t\t<div class=\"elementor-button-wrapper\">\n\t\t\t\t\t<a class=\"elementor-button elementor-button-link elementor-size-sm\" href=\"https:\/\/aikido-ando.nl\/wp-content\/uploads\/JapaneseKataganaWerkboek_Download.pdf\">\n\t\t\t\t\t\t<span class=\"elementor-button-content-wrapper\">\n\t\t\t\t\t\t\t\t\t<span class=\"elementor-button-text\">Arbeitsbuch herunterladen<\/span>\n\t\t\t\t\t<\/span>\n\t\t\t\t\t<\/a>\n\t\t\t\t<\/div>\n\t\t\t\t\t\t\t\t<\/div>\n\t\t\t\t<\/div>\n\t\t\t\t<\/div>\n\t\t\t\t<\/div>\n\t\t\t\t<\/div>\n\t\t<div class=\"elementor-element elementor-element-adb2821 e-con-full e-flex e-con e-child\" data-id=\"adb2821\" data-element_type=\"container\" data-e-type=\"container\">\n\t\t\t\t<div class=\"elementor-element elementor-element-f15022d elementor-widget elementor-widget-text-editor\" data-id=\"f15022d\" data-element_type=\"widget\" data-e-type=\"widget\" data-widget_type=\"text-editor.default\">\n\t\t\t\t<div class=\"elementor-widget-container\">\n\t\t\t\t\t\t\t\t\t<p>Bestellen Sie den A3-Druck jetzt im Aikido-Shop.de oder laden Sie das A4-Poster kostenlos herunter. Die Aikido Universit\u00e4t bietet auch ein kostenloses Arbeitsbuch an, um Ihren Aikido-Lernweg noch mehr zu bereichern.<\/p>\t\t\t\t\t\t\t\t<\/div>\n\t\t\t\t<\/div>\n\t\t\t\t<div class=\"elementor-element elementor-element-756b872 elementor-widget elementor-widget-button\" data-id=\"756b872\" data-element_type=\"widget\" data-e-type=\"widget\" data-widget_type=\"button.default\">\n\t\t\t\t<div class=\"elementor-widget-container\">\n\t\t\t\t\t\t\t\t\t<div class=\"elementor-button-wrapper\">\n\t\t\t\t\t<a class=\"elementor-button elementor-button-link elementor-size-sm\" href=\"mailto:ando-aikido@gmail.com\">\n\t\t\t\t\t\t<span class=\"elementor-button-content-wrapper\">\n\t\t\t\t\t\t\t\t\t<span class=\"elementor-button-text\">1 kaufen, 1 gratis erhalten<\/span>\n\t\t\t\t\t<\/span>\n\t\t\t\t\t<\/a>\n\t\t\t\t<\/div>\n\t\t\t\t\t\t\t\t<\/div>\n\t\t\t\t<\/div>\n\t\t\t\t<\/div>\n\t\t\t\t\t<\/div>\n\t\t\t\t<\/div>\n\t\t\t\t<\/div>","protected":false},"excerpt":{"rendered":"<p>JOUW NAAM IN HET JAPANS\u200b Aikido is Japans. En heeft een mooie en rijke cultuur. Zo hebben ze verschillende schriften waaronder katakana. Deze Kanji zoals ze dat noemen, kom je in het Aikido regelmatig tegen. Wil jij weten hoe je je naam schrijft? Lees dan verder of genereer met ons je naam in het Japans! [&hellip;]<\/p>\n","protected":false},"author":1,"featured_media":1666,"parent":0,"menu_order":0,"comment_status":"closed","ping_status":"closed","template":"elementor_header_footer","meta":{"footnotes":""},"class_list":["post-650","page","type-page","status-publish","has-post-thumbnail","hentry"],"yoast_head":"<!-- This site is optimized with the Yoast SEO Premium plugin v27.5 (Yoast SEO v27.5) - https:\/\/yoast.com\/product\/yoast-seo-premium-wordpress\/ -->\n<title>Japanese Kanji - Aikido ANDO<\/title>\n<meta name=\"description\" content=\"Leer je naam schrijven in het Japanse Kanji en ontdek de fascinerende wereld van Aikido en zijn culturele schriften.\" \/>\n<meta name=\"robots\" content=\"index, follow, max-snippet:-1, max-image-preview:large, max-video-preview:-1\" \/>\n<link rel=\"canonical\" href=\"https:\/\/aikido-ando.nl\/de\/japanisches-kanji\/\" \/>\n<meta property=\"og:locale\" content=\"de_DE\" \/>\n<meta property=\"og:type\" content=\"article\" \/>\n<meta property=\"og:title\" content=\"Japanese Kanji\" \/>\n<meta property=\"og:description\" content=\"Leer je naam schrijven in het Japanse Kanji en ontdek de fascinerende wereld van Aikido en zijn culturele schriften.\" \/>\n<meta property=\"og:url\" content=\"https:\/\/aikido-ando.nl\/de\/japanisches-kanji\/\" \/>\n<meta property=\"og:site_name\" content=\"Aikido ANDO\" \/>\n<meta property=\"article:publisher\" content=\"https:\/\/www.facebook.com\/andoaikido\" \/>\n<meta property=\"article:modified_time\" content=\"2024-12-10T13:06:09+00:00\" \/>\n<meta property=\"og:image\" content=\"https:\/\/aikido-ando.nl\/wp-content\/uploads\/Aikido_Hakama_training_End_Ando_Dojo.webp\" \/>\n\t<meta property=\"og:image:width\" content=\"1920\" \/>\n\t<meta property=\"og:image:height\" content=\"600\" \/>\n\t<meta property=\"og:image:type\" content=\"image\/webp\" \/>\n<meta name=\"twitter:card\" content=\"summary_large_image\" \/>\n<meta name=\"twitter:label1\" content=\"Gesch\u00e4tzte Lesezeit\" \/>\n\t<meta name=\"twitter:data1\" content=\"3\u00a0Minuten\" \/>\n<script type=\"application\/ld+json\" class=\"yoast-schema-graph\">{\"@context\":\"https:\\\/\\\/schema.org\",\"@graph\":[{\"@type\":\"WebPage\",\"@id\":\"https:\\\/\\\/aikido-ando.nl\\\/japanese-kanji\\\/\",\"url\":\"https:\\\/\\\/aikido-ando.nl\\\/japanese-kanji\\\/\",\"name\":\"Japanese Kanji - Aikido ANDO\",\"isPartOf\":{\"@id\":\"https:\\\/\\\/aikido-ando.nl\\\/#website\"},\"primaryImageOfPage\":{\"@id\":\"https:\\\/\\\/aikido-ando.nl\\\/japanese-kanji\\\/#primaryimage\"},\"image\":{\"@id\":\"https:\\\/\\\/aikido-ando.nl\\\/japanese-kanji\\\/#primaryimage\"},\"thumbnailUrl\":\"https:\\\/\\\/aikido-ando.nl\\\/wp-content\\\/uploads\\\/Aikido_Hakama_training_End_Ando_Dojo.webp\",\"datePublished\":\"2024-10-13T13:05:09+00:00\",\"dateModified\":\"2024-12-10T13:06:09+00:00\",\"description\":\"Leer je naam schrijven in het Japanse Kanji en ontdek de fascinerende wereld van Aikido en zijn culturele schriften.\",\"breadcrumb\":{\"@id\":\"https:\\\/\\\/aikido-ando.nl\\\/japanese-kanji\\\/#breadcrumb\"},\"inLanguage\":\"de\",\"potentialAction\":[{\"@type\":\"ReadAction\",\"target\":[\"https:\\\/\\\/aikido-ando.nl\\\/japanese-kanji\\\/\"]}]},{\"@type\":\"ImageObject\",\"inLanguage\":\"de\",\"@id\":\"https:\\\/\\\/aikido-ando.nl\\\/japanese-kanji\\\/#primaryimage\",\"url\":\"https:\\\/\\\/aikido-ando.nl\\\/wp-content\\\/uploads\\\/Aikido_Hakama_training_End_Ando_Dojo.webp\",\"contentUrl\":\"https:\\\/\\\/aikido-ando.nl\\\/wp-content\\\/uploads\\\/Aikido_Hakama_training_End_Ando_Dojo.webp\",\"width\":1920,\"height\":600,\"caption\":\"Aikido hakama is opgevouwen en ligt klaar op de tatami in Zaltbommel. Waar Ando een dojo heeft, net als in Geldrop en Sint-Oedenrode.\"},{\"@type\":\"BreadcrumbList\",\"@id\":\"https:\\\/\\\/aikido-ando.nl\\\/japanese-kanji\\\/#breadcrumb\",\"itemListElement\":[{\"@type\":\"ListItem\",\"position\":1,\"name\":\"Home\",\"item\":\"https:\\\/\\\/aikido-ando.nl\\\/\"},{\"@type\":\"ListItem\",\"position\":2,\"name\":\"Japanese Kanji\"}]},{\"@type\":\"WebSite\",\"@id\":\"https:\\\/\\\/aikido-ando.nl\\\/#website\",\"url\":\"https:\\\/\\\/aikido-ando.nl\\\/\",\"name\":\"Aikido Ando\",\"description\":\"\",\"publisher\":{\"@id\":\"https:\\\/\\\/aikido-ando.nl\\\/#organization\"},\"potentialAction\":[{\"@type\":\"SearchAction\",\"target\":{\"@type\":\"EntryPoint\",\"urlTemplate\":\"https:\\\/\\\/aikido-ando.nl\\\/?s={search_term_string}\"},\"query-input\":{\"@type\":\"PropertyValueSpecification\",\"valueRequired\":true,\"valueName\":\"search_term_string\"}}],\"inLanguage\":\"de\"},{\"@type\":\"Organization\",\"@id\":\"https:\\\/\\\/aikido-ando.nl\\\/#organization\",\"name\":\"Aikido Ando\",\"url\":\"https:\\\/\\\/aikido-ando.nl\\\/\",\"logo\":{\"@type\":\"ImageObject\",\"inLanguage\":\"de\",\"@id\":\"https:\\\/\\\/aikido-ando.nl\\\/#\\\/schema\\\/logo\\\/image\\\/\",\"url\":\"https:\\\/\\\/aikido-ando.nl\\\/wp-content\\\/uploads\\\/Logo.webp\",\"contentUrl\":\"https:\\\/\\\/aikido-ando.nl\\\/wp-content\\\/uploads\\\/Logo.webp\",\"width\":500,\"height\":500,\"caption\":\"Aikido Ando\"},\"image\":{\"@id\":\"https:\\\/\\\/aikido-ando.nl\\\/#\\\/schema\\\/logo\\\/image\\\/\"},\"sameAs\":[\"https:\\\/\\\/www.facebook.com\\\/andoaikido\",\"https:\\\/\\\/www.instagram.com\\\/andoaikido\\\/\",\"https:\\\/\\\/www.tiktok.com\\\/404?fromUrl=\\\/andoaikido\",\"https:\\\/\\\/www.linkedin.com\\\/company\\\/andoaikido?originalSubdomain=nl\"]}]}<\/script>\n<!-- \/ Yoast SEO Premium plugin. -->","yoast_head_json":{"title":"Japanische Kanji - Aikido ANDO","description":"Lernen Sie, Ihren Namen in japanischen Kanji zu schreiben und entdecken Sie die faszinierende Welt des Aikido und seine kulturellen Schriften.","robots":{"index":"index","follow":"follow","max-snippet":"max-snippet:-1","max-image-preview":"max-image-preview:large","max-video-preview":"max-video-preview:-1"},"canonical":"https:\/\/aikido-ando.nl\/de\/japanisches-kanji\/","og_locale":"de_DE","og_type":"article","og_title":"Japanese Kanji","og_description":"Leer je naam schrijven in het Japanse Kanji en ontdek de fascinerende wereld van Aikido en zijn culturele schriften.","og_url":"https:\/\/aikido-ando.nl\/de\/japanisches-kanji\/","og_site_name":"Aikido ANDO","article_publisher":"https:\/\/www.facebook.com\/andoaikido","article_modified_time":"2024-12-10T13:06:09+00:00","og_image":[{"width":1920,"height":600,"url":"https:\/\/aikido-ando.nl\/wp-content\/uploads\/Aikido_Hakama_training_End_Ando_Dojo.webp","type":"image\/webp"}],"twitter_card":"summary_large_image","twitter_misc":{"Gesch\u00e4tzte Lesezeit":"3\u00a0Minuten"},"schema":{"@context":"https:\/\/schema.org","@graph":[{"@type":"WebPage","@id":"https:\/\/aikido-ando.nl\/japanese-kanji\/","url":"https:\/\/aikido-ando.nl\/japanese-kanji\/","name":"Japanische Kanji - Aikido ANDO","isPartOf":{"@id":"https:\/\/aikido-ando.nl\/#website"},"primaryImageOfPage":{"@id":"https:\/\/aikido-ando.nl\/japanese-kanji\/#primaryimage"},"image":{"@id":"https:\/\/aikido-ando.nl\/japanese-kanji\/#primaryimage"},"thumbnailUrl":"https:\/\/aikido-ando.nl\/wp-content\/uploads\/Aikido_Hakama_training_End_Ando_Dojo.webp","datePublished":"2024-10-13T13:05:09+00:00","dateModified":"2024-12-10T13:06:09+00:00","description":"Lernen Sie, Ihren Namen in japanischen Kanji zu schreiben und entdecken Sie die faszinierende Welt des Aikido und seine kulturellen Schriften.","breadcrumb":{"@id":"https:\/\/aikido-ando.nl\/japanese-kanji\/#breadcrumb"},"inLanguage":"de","potentialAction":[{"@type":"ReadAction","target":["https:\/\/aikido-ando.nl\/japanese-kanji\/"]}]},{"@type":"ImageObject","inLanguage":"de","@id":"https:\/\/aikido-ando.nl\/japanese-kanji\/#primaryimage","url":"https:\/\/aikido-ando.nl\/wp-content\/uploads\/Aikido_Hakama_training_End_Ando_Dojo.webp","contentUrl":"https:\/\/aikido-ando.nl\/wp-content\/uploads\/Aikido_Hakama_training_End_Ando_Dojo.webp","width":1920,"height":600,"caption":"Aikido hakama is opgevouwen en ligt klaar op de tatami in Zaltbommel. Waar Ando een dojo heeft, net als in Geldrop en Sint-Oedenrode."},{"@type":"BreadcrumbList","@id":"https:\/\/aikido-ando.nl\/japanese-kanji\/#breadcrumb","itemListElement":[{"@type":"ListItem","position":1,"name":"Home","item":"https:\/\/aikido-ando.nl\/"},{"@type":"ListItem","position":2,"name":"Japanese Kanji"}]},{"@type":"WebSite","@id":"https:\/\/aikido-ando.nl\/#website","url":"https:\/\/aikido-ando.nl\/","name":"Aikido Ando","description":"","publisher":{"@id":"https:\/\/aikido-ando.nl\/#organization"},"potentialAction":[{"@type":"SearchAction","target":{"@type":"EntryPoint","urlTemplate":"https:\/\/aikido-ando.nl\/?s={search_term_string}"},"query-input":{"@type":"PropertyValueSpecification","valueRequired":true,"valueName":"search_term_string"}}],"inLanguage":"de"},{"@type":"Organization","@id":"https:\/\/aikido-ando.nl\/#organization","name":"Aikido Ando","url":"https:\/\/aikido-ando.nl\/","logo":{"@type":"ImageObject","inLanguage":"de","@id":"https:\/\/aikido-ando.nl\/#\/schema\/logo\/image\/","url":"https:\/\/aikido-ando.nl\/wp-content\/uploads\/Logo.webp","contentUrl":"https:\/\/aikido-ando.nl\/wp-content\/uploads\/Logo.webp","width":500,"height":500,"caption":"Aikido Ando"},"image":{"@id":"https:\/\/aikido-ando.nl\/#\/schema\/logo\/image\/"},"sameAs":["https:\/\/www.facebook.com\/andoaikido","https:\/\/www.instagram.com\/andoaikido\/","https:\/\/www.tiktok.com\/404?fromUrl=\/andoaikido","https:\/\/www.linkedin.com\/company\/andoaikido?originalSubdomain=nl"]}]}},"_links":{"self":[{"href":"https:\/\/aikido-ando.nl\/de\/wp-json\/wp\/v2\/pages\/650","targetHints":{"allow":["GET"]}}],"collection":[{"href":"https:\/\/aikido-ando.nl\/de\/wp-json\/wp\/v2\/pages"}],"about":[{"href":"https:\/\/aikido-ando.nl\/de\/wp-json\/wp\/v2\/types\/page"}],"author":[{"embeddable":true,"href":"https:\/\/aikido-ando.nl\/de\/wp-json\/wp\/v2\/users\/1"}],"replies":[{"embeddable":true,"href":"https:\/\/aikido-ando.nl\/de\/wp-json\/wp\/v2\/comments?post=650"}],"version-history":[{"count":0,"href":"https:\/\/aikido-ando.nl\/de\/wp-json\/wp\/v2\/pages\/650\/revisions"}],"wp:featuredmedia":[{"embeddable":true,"href":"https:\/\/aikido-ando.nl\/de\/wp-json\/wp\/v2\/media\/1666"}],"wp:attachment":[{"href":"https:\/\/aikido-ando.nl\/de\/wp-json\/wp\/v2\/media?parent=650"}],"curies":[{"name":"wp","href":"https:\/\/api.w.org\/{rel}","templated":true}]}}