{"id":184,"date":"2024-08-13T22:34:10","date_gmt":"2024-08-13T20:34:10","guid":{"rendered":"https:\/\/aikido-ando.nl\/?page_id=184"},"modified":"2025-05-25T19:53:47","modified_gmt":"2025-05-25T17:53:47","slug":"ando","status":"publish","type":"page","link":"https:\/\/aikido-ando.nl\/es\/ando\/","title":{"rendered":"Ando Aikikai Dojo"},"content":{"rendered":"<div data-elementor-type=\"wp-page\" data-elementor-id=\"184\" class=\"elementor elementor-184\" data-elementor-post-type=\"page\">\n\t\t\t\t<div class=\"elementor-element elementor-element-01ca9ca e-flex e-con-boxed e-con e-parent\" data-id=\"01ca9ca\" data-element_type=\"container\" data-e-type=\"container\">\n\t\t\t\t\t<div class=\"e-con-inner\">\n\t\t\t\t<div class=\"elementor-element elementor-element-d06ce41 elementor-widget elementor-widget-heading\" data-id=\"d06ce41\" data-element_type=\"widget\" data-e-type=\"widget\" data-widget_type=\"heading.default\">\n\t\t\t\t<div class=\"elementor-widget-container\">\n\t\t\t\t\t<h2 class=\"elementor-heading-title elementor-size-default\">Somos un dojo Aikikai<\/h2>\t\t\t\t<\/div>\n\t\t\t\t<\/div>\n\t\t\t\t<div class=\"elementor-element elementor-element-92ff42e elementor-widget elementor-widget-text-editor\" data-id=\"92ff42e\" data-element_type=\"widget\" data-e-type=\"widget\" data-widget_type=\"text-editor.default\">\n\t\t\t\t<div class=\"elementor-widget-container\">\n\t\t\t\t\t\t\t\t\t<p><strong>Ando es un dojo de Aikikai Aikido, que es un \"estilo\" en Aikido. Te contaremos m\u00e1s sobre eso en un momento.\u00a0<\/strong><strong>En todo lo que hacemos, creemos que todo el mundo necesita inspiraci\u00f3n, motivaci\u00f3n y un ejemplo para sacar lo mejor de s\u00ed mismo. Creemos en el pensamiento diferente, en la concienciaci\u00f3n.<\/strong><\/p>\t\t\t\t\t\t\t\t<\/div>\n\t\t\t\t<\/div>\n\t\t\t\t<div class=\"elementor-element elementor-element-0d55a6f elementor-widget elementor-widget-text-editor\" data-id=\"0d55a6f\" data-element_type=\"widget\" data-e-type=\"widget\" data-widget_type=\"text-editor.default\">\n\t\t\t\t<div class=\"elementor-widget-container\">\n\t\t\t\t\t\t\t\t\t<p><a href=\"http:\/\/www.aikikai.or.jp\/eng\/aikido\/index.html\">Aikikai<\/a> El Aikido es un \"estilo\" dentro del Aikido. A menudo se considera elegante y eficaz. Las t\u00e9cnicas son menos directas y, por tanto, menos torpes.<\/p><p>La forma en que ofrecemos las clases de Aikido es a trav\u00e9s de un programa adaptado a <a href=\"https:\/\/aikido-ando.nl\/es\/clases-de-aikido\/kinder-aikido-7\/\">ni\u00f1os<\/a>, <a href=\"https:\/\/aikido-ando.nl\/es\/jeugdles-aikido-12\/\">j\u00f3venes<\/a> y <a href=\"https:\/\/aikido-ando.nl\/es\/volwassenles-aikido\/\">adultos<\/a>. Poderoso a trav\u00e9s de la simplicidad y centrado en los resultados. Esto se refleja en nuestras clases de Aikido, pero tambi\u00e9n fuera del tatami, todo lo que hacemos se basa en esta filosof\u00eda.<\/p><p>\u00bfSab\u00edas que Ando tambi\u00e9n <a href=\"https:\/\/aikido-ando.nl\/es\/escuela-de-aikido\/\">Escuela-Aikido<\/a> da en primaria y secundaria? <a href=\"https:\/\/aikido-ando.nl\/es\/escuela-de-aikido\/\">M\u00e1s informaci\u00f3n aqu\u00ed.<\/a><\/p><p>Le invitamos a echar un vistazo a nuestro sitio y leer m\u00e1s sobre el \"c\u00f3mo y por qu\u00e9\" del Aikido en general. Pero tambi\u00e9n conocer sobre Ando el dojo de Aikikai Aikido en los Pa\u00edses Bajos.<\/p><p>Si prefiere subir directamente a la colchoneta, tambi\u00e9n puede hacerlo. Por supuesto, tambi\u00e9n ser\u00e1 bienvenido en <a href=\"https:\/\/aikido-ando.nl\/es\/aikido-locaties-en-tijden\/\">nuestro dojo<\/a> \u00a1cerca de ti!<\/p>\t\t\t\t\t\t\t\t<\/div>\n\t\t\t\t<\/div>\n\t\t\t\t<div class=\"elementor-element elementor-element-84ff4e6 elementor-widget elementor-widget-image\" data-id=\"84ff4e6\" data-element_type=\"widget\" data-e-type=\"widget\" data-widget_type=\"image.default\">\n\t\t\t\t<div class=\"elementor-widget-container\">\n\t\t\t\t\t\t\t\t\t\t\t\t\t\t\t<img fetchpriority=\"high\" decoding=\"async\" width=\"1400\" height=\"400\" src=\"https:\/\/aikido-ando.nl\/wp-content\/uploads\/VeiligeSporten.webp\" class=\"attachment-large size-large wp-image-195\" alt=\"\" srcset=\"https:\/\/aikido-ando.nl\/wp-content\/uploads\/VeiligeSporten.webp 1400w, https:\/\/aikido-ando.nl\/wp-content\/uploads\/VeiligeSporten-768x219.webp 768w\" sizes=\"(max-width: 1400px) 100vw, 1400px\" \/>\t\t\t\t\t\t\t\t\t\t\t\t\t\t\t<\/div>\n\t\t\t\t<\/div>\n\t\t\t\t<div class=\"elementor-element elementor-element-3cd6d56 elementor-widget elementor-widget-heading\" data-id=\"3cd6d56\" data-element_type=\"widget\" data-e-type=\"widget\" data-widget_type=\"heading.default\">\n\t\t\t\t<div class=\"elementor-widget-container\">\n\t\t\t\t\t<h3 class=\"elementor-heading-title elementor-size-default\">Seguridad e integridad<\/h3>\t\t\t\t<\/div>\n\t\t\t\t<\/div>\n\t\t\t\t<div class=\"elementor-element elementor-element-d9d9dc5 elementor-widget elementor-widget-text-editor\" data-id=\"d9d9dc5\" data-element_type=\"widget\" data-e-type=\"widget\" data-widget_type=\"text-editor.default\">\n\t\t\t\t<div class=\"elementor-widget-container\">\n\t\t\t\t\t\t\t\t\t<p>Todos en el tatami deben sentirse seguros. Como parte de la seguridad e Integridad en y alrededor del dojo cuando se practica Aikido, voluntariado y trabajo de organizaci\u00f3n, la escuela de Aikido Ando tiene la siguiente pol\u00edtica.<\/p><p><b>La escuela de Aikido ANDO mantiene las normas de conducta<\/b> para formadores y supervisores sobre el comportamiento transfronterizo, como las normas de conducta\u00a0<a href=\"https:\/\/centrumveiligesport.nl\/preventie\/gedragscodes\/gedragscode-voor-trainerscoaches-en-begeleiders\" target=\"_blank\" rel=\"noopener\">que la NOC*NSF ha elaborado<\/a>.<\/p><p>- C\u00f3digo de conducta de la escuela de Aikido ANDO para directores, empleados u otros oficiales, es\u00a0<a href=\"https:\/\/aikido-ando.nl\/wp-content\/uploads\/AndoAikido_gedragscodes_Veiligesport_NOCNSF.pdf\" target=\"_blank\" rel=\"noopener\">leer\/descargar aqu\u00ed<\/a>.<\/p><p>- La escuela de aikido Ando tiene una pol\u00edtica de contrataci\u00f3n de nuevos voluntarios.<\/p><p>- La escuela de Aikido Ando tiene <b>Audrey nombrada persona de confianza (contacto)<\/b> dentro de su organizaci\u00f3n. Puede contactarse en <a href=\"mailto:vertrouwenspersoon@aikido-ando.nl\">vertrouwenspersoon@aikido-ando.nl<\/a>\u00a0Tambi\u00e9n se la puede encontrar regularmente en la colchoneta durante las clases de adultos. Es el primer punto de contacto para las quejas sobre comportamientos transgresores, acoso sexual, discriminaci\u00f3n y conductas inaceptables.<\/p>\t\t\t\t\t\t\t\t<\/div>\n\t\t\t\t<\/div>\n\t\t\t\t\t<\/div>\n\t\t\t\t<\/div>\n\t\t<div class=\"elementor-element elementor-element-269908bb e-con-full e-flex e-con e-parent\" data-id=\"269908bb\" data-element_type=\"container\" data-e-type=\"container\">\n\t\t\t\t<div class=\"elementor-element elementor-element-e599216 elementor-widget elementor-widget-shortcode\" data-id=\"e599216\" data-element_type=\"widget\" data-e-type=\"widget\" data-widget_type=\"shortcode.default\">\n\t\t\t\t<div class=\"elementor-widget-container\">\n\t\t\t\t\t\t\t<div class=\"elementor-shortcode\">\t\t<div data-elementor-type=\"section\" data-elementor-id=\"296\" class=\"elementor elementor-296\" data-elementor-post-type=\"elementor_library\">\n\t\t\t<div class=\"elementor-element elementor-element-31eba413 e-flex e-con-boxed e-con e-parent\" data-id=\"31eba413\" data-element_type=\"container\" data-e-type=\"container\" data-settings=\"{&quot;background_background&quot;:&quot;classic&quot;}\">\n\t\t\t\t\t<div class=\"e-con-inner\">\n\t\t\t\t<div class=\"elementor-element elementor-element-15e4890e elementor-widget elementor-widget-heading\" data-id=\"15e4890e\" data-element_type=\"widget\" data-e-type=\"widget\" data-widget_type=\"heading.default\">\n\t\t\t\t<div class=\"elementor-widget-container\">\n\t\t\t\t\t<div class=\"elementor-heading-title elementor-size-default\">Personal<br>\nel crecimiento en tus manos<\/div>\t\t\t\t<\/div>\n\t\t\t\t<\/div>\n\t\t\t\t<div class=\"elementor-element elementor-element-7048f5f elementor-widget elementor-widget-heading\" data-id=\"7048f5f\" data-element_type=\"widget\" data-e-type=\"widget\" data-widget_type=\"heading.default\">\n\t\t\t\t<div class=\"elementor-widget-container\">\n\t\t\t\t\t<div class=\"elementor-heading-title elementor-size-default\">Sea lo que sea en lo que quieras crecer, con el Aikido encontrar\u00e1s el camino.<\/div>\t\t\t\t<\/div>\n\t\t\t\t<\/div>\n\t\t\t\t<div class=\"elementor-element elementor-element-7c66c64b elementor-align-center elementor-widget elementor-widget-button\" data-id=\"7c66c64b\" data-element_type=\"widget\" data-e-type=\"widget\" data-widget_type=\"button.default\">\n\t\t\t\t<div class=\"elementor-widget-container\">\n\t\t\t\t\t\t\t\t\t<div class=\"elementor-button-wrapper\">\n\t\t\t\t\t<a class=\"elementor-button elementor-button-link elementor-size-sm\" href=\"https:\/\/ando-aikido.gotgrib.nl\/member\/selfservice\/registration\/628769c029bbb\">\n\t\t\t\t\t\t<span class=\"elementor-button-content-wrapper\">\n\t\t\t\t\t\t\t\t\t<span class=\"elementor-button-text\">Programar una clase introductoria<\/span>\n\t\t\t\t\t<\/span>\n\t\t\t\t\t<\/a>\n\t\t\t\t<\/div>\n\t\t\t\t\t\t\t\t<\/div>\n\t\t\t\t<\/div>\n\t\t\t\t\t<\/div>\n\t\t\t\t<\/div>\n\t\t\t\t<\/div>\n\t\t<\/div>\n\t\t\t\t\t\t<\/div>\n\t\t\t\t<\/div>\n\t\t\t\t<\/div>\n\t\t\t\t<\/div>","protected":false},"excerpt":{"rendered":"<p>Wij zijn een Aikikai dojo Ando is een Aikikai Aikido dojo, dat is een &#8216;stijl&#8217; in het Aikido. Daarover vertellen we je dadelijk meer.\u00a0In alles wat we doen, geloven wij dat iedereen inspiratie, motivatie en een voorbeeld nodig heeft om het beste uit zichzelf te halen. Wij geloven in anders denken, in bewustwording. Aikikai Aikido [&hellip;]<\/p>\n","protected":false},"author":1,"featured_media":232,"parent":0,"menu_order":0,"comment_status":"closed","ping_status":"closed","template":"elementor_header_footer","meta":{"footnotes":""},"class_list":["post-184","page","type-page","status-publish","has-post-thumbnail","hentry"],"yoast_head":"<!-- This site is optimized with the Yoast SEO Premium plugin v27.3 (Yoast SEO v27.3) - https:\/\/yoast.com\/product\/yoast-seo-premium-wordpress\/ -->\n<title>Ando Aikikai Dojo - Aikido ANDO<\/title>\n<meta name=\"description\" content=\"Train Aikikai Aikido bij Ando in Eindhoven. Onze dojo biedt lessen voor alle leeftijden, geleid door ervaren instructeurs.\" \/>\n<meta name=\"robots\" content=\"index, follow, max-snippet:-1, max-image-preview:large, max-video-preview:-1\" \/>\n<link rel=\"canonical\" href=\"https:\/\/aikido-ando.nl\/es\/ando\/\" \/>\n<meta property=\"og:locale\" content=\"es_ES\" \/>\n<meta property=\"og:type\" content=\"article\" \/>\n<meta property=\"og:title\" content=\"Ando Aikikai Dojo\" \/>\n<meta property=\"og:description\" content=\"Train Aikikai Aikido bij Ando in Eindhoven. Onze dojo biedt lessen voor alle leeftijden, geleid door ervaren instructeurs.\" \/>\n<meta property=\"og:url\" content=\"https:\/\/aikido-ando.nl\/es\/ando\/\" \/>\n<meta property=\"og:site_name\" content=\"Aikido ANDO\" \/>\n<meta property=\"article:publisher\" content=\"https:\/\/www.facebook.com\/andoaikido\" \/>\n<meta property=\"article:modified_time\" content=\"2025-05-25T17:53:47+00:00\" \/>\n<meta property=\"og:image\" content=\"https:\/\/aikido-ando.nl\/wp-content\/uploads\/Kotegeashi.webp\" \/>\n\t<meta property=\"og:image:width\" content=\"1920\" \/>\n\t<meta property=\"og:image:height\" content=\"1080\" \/>\n\t<meta property=\"og:image:type\" content=\"image\/webp\" \/>\n<meta name=\"twitter:card\" content=\"summary_large_image\" \/>\n<meta name=\"twitter:label1\" content=\"Tiempo de lectura\" \/>\n\t<meta name=\"twitter:data1\" content=\"2 minutos\" \/>\n<script type=\"application\/ld+json\" class=\"yoast-schema-graph\">{\"@context\":\"https:\\\/\\\/schema.org\",\"@graph\":[{\"@type\":\"WebPage\",\"@id\":\"https:\\\/\\\/aikido-ando.nl\\\/ando\\\/\",\"url\":\"https:\\\/\\\/aikido-ando.nl\\\/ando\\\/\",\"name\":\"Ando Aikikai Dojo - Aikido ANDO\",\"isPartOf\":{\"@id\":\"https:\\\/\\\/aikido-ando.nl\\\/#website\"},\"primaryImageOfPage\":{\"@id\":\"https:\\\/\\\/aikido-ando.nl\\\/ando\\\/#primaryimage\"},\"image\":{\"@id\":\"https:\\\/\\\/aikido-ando.nl\\\/ando\\\/#primaryimage\"},\"thumbnailUrl\":\"https:\\\/\\\/aikido-ando.nl\\\/wp-content\\\/uploads\\\/Kotegeashi.webp\",\"datePublished\":\"2024-08-13T20:34:10+00:00\",\"dateModified\":\"2025-05-25T17:53:47+00:00\",\"description\":\"Train Aikikai Aikido bij Ando in Eindhoven. Onze dojo biedt lessen voor alle leeftijden, geleid door ervaren instructeurs.\",\"breadcrumb\":{\"@id\":\"https:\\\/\\\/aikido-ando.nl\\\/ando\\\/#breadcrumb\"},\"inLanguage\":\"es\",\"potentialAction\":[{\"@type\":\"ReadAction\",\"target\":[\"https:\\\/\\\/aikido-ando.nl\\\/ando\\\/\"]}]},{\"@type\":\"ImageObject\",\"inLanguage\":\"es\",\"@id\":\"https:\\\/\\\/aikido-ando.nl\\\/ando\\\/#primaryimage\",\"url\":\"https:\\\/\\\/aikido-ando.nl\\\/wp-content\\\/uploads\\\/Kotegeashi.webp\",\"contentUrl\":\"https:\\\/\\\/aikido-ando.nl\\\/wp-content\\\/uploads\\\/Kotegeashi.webp\",\"width\":1920,\"height\":1080},{\"@type\":\"BreadcrumbList\",\"@id\":\"https:\\\/\\\/aikido-ando.nl\\\/ando\\\/#breadcrumb\",\"itemListElement\":[{\"@type\":\"ListItem\",\"position\":1,\"name\":\"Home\",\"item\":\"https:\\\/\\\/aikido-ando.nl\\\/\"},{\"@type\":\"ListItem\",\"position\":2,\"name\":\"Ando Aikikai Dojo\"}]},{\"@type\":\"WebSite\",\"@id\":\"https:\\\/\\\/aikido-ando.nl\\\/#website\",\"url\":\"https:\\\/\\\/aikido-ando.nl\\\/\",\"name\":\"Aikido Ando\",\"description\":\"\",\"publisher\":{\"@id\":\"https:\\\/\\\/aikido-ando.nl\\\/#organization\"},\"potentialAction\":[{\"@type\":\"SearchAction\",\"target\":{\"@type\":\"EntryPoint\",\"urlTemplate\":\"https:\\\/\\\/aikido-ando.nl\\\/?s={search_term_string}\"},\"query-input\":{\"@type\":\"PropertyValueSpecification\",\"valueRequired\":true,\"valueName\":\"search_term_string\"}}],\"inLanguage\":\"es\"},{\"@type\":\"Organization\",\"@id\":\"https:\\\/\\\/aikido-ando.nl\\\/#organization\",\"name\":\"Aikido Ando\",\"url\":\"https:\\\/\\\/aikido-ando.nl\\\/\",\"logo\":{\"@type\":\"ImageObject\",\"inLanguage\":\"es\",\"@id\":\"https:\\\/\\\/aikido-ando.nl\\\/#\\\/schema\\\/logo\\\/image\\\/\",\"url\":\"https:\\\/\\\/aikido-ando.nl\\\/wp-content\\\/uploads\\\/Logo.webp\",\"contentUrl\":\"https:\\\/\\\/aikido-ando.nl\\\/wp-content\\\/uploads\\\/Logo.webp\",\"width\":500,\"height\":500,\"caption\":\"Aikido Ando\"},\"image\":{\"@id\":\"https:\\\/\\\/aikido-ando.nl\\\/#\\\/schema\\\/logo\\\/image\\\/\"},\"sameAs\":[\"https:\\\/\\\/www.facebook.com\\\/andoaikido\",\"https:\\\/\\\/www.instagram.com\\\/andoaikido\\\/\",\"https:\\\/\\\/www.tiktok.com\\\/404?fromUrl=\\\/andoaikido\",\"https:\\\/\\\/www.linkedin.com\\\/company\\\/andoaikido?originalSubdomain=nl\"]}]}<\/script>\n<!-- \/ Yoast SEO Premium plugin. -->","yoast_head_json":{"title":"Ando Aikikai Dojo - Aikido ANDO","description":"Entrene Aikikai Aikido en Ando en Eindhoven. Nuestro dojo ofrece clases para todas las edades, dirigidas por instructores experimentados.","robots":{"index":"index","follow":"follow","max-snippet":"max-snippet:-1","max-image-preview":"max-image-preview:large","max-video-preview":"max-video-preview:-1"},"canonical":"https:\/\/aikido-ando.nl\/es\/ando\/","og_locale":"es_ES","og_type":"article","og_title":"Ando Aikikai Dojo","og_description":"Train Aikikai Aikido bij Ando in Eindhoven. Onze dojo biedt lessen voor alle leeftijden, geleid door ervaren instructeurs.","og_url":"https:\/\/aikido-ando.nl\/es\/ando\/","og_site_name":"Aikido ANDO","article_publisher":"https:\/\/www.facebook.com\/andoaikido","article_modified_time":"2025-05-25T17:53:47+00:00","og_image":[{"width":1920,"height":1080,"url":"https:\/\/aikido-ando.nl\/wp-content\/uploads\/Kotegeashi.webp","type":"image\/webp"}],"twitter_card":"summary_large_image","twitter_misc":{"Tiempo de lectura":"2 minutos"},"schema":{"@context":"https:\/\/schema.org","@graph":[{"@type":"WebPage","@id":"https:\/\/aikido-ando.nl\/ando\/","url":"https:\/\/aikido-ando.nl\/ando\/","name":"Ando Aikikai Dojo - Aikido ANDO","isPartOf":{"@id":"https:\/\/aikido-ando.nl\/#website"},"primaryImageOfPage":{"@id":"https:\/\/aikido-ando.nl\/ando\/#primaryimage"},"image":{"@id":"https:\/\/aikido-ando.nl\/ando\/#primaryimage"},"thumbnailUrl":"https:\/\/aikido-ando.nl\/wp-content\/uploads\/Kotegeashi.webp","datePublished":"2024-08-13T20:34:10+00:00","dateModified":"2025-05-25T17:53:47+00:00","description":"Entrene Aikikai Aikido en Ando en Eindhoven. Nuestro dojo ofrece clases para todas las edades, dirigidas por instructores experimentados.","breadcrumb":{"@id":"https:\/\/aikido-ando.nl\/ando\/#breadcrumb"},"inLanguage":"es","potentialAction":[{"@type":"ReadAction","target":["https:\/\/aikido-ando.nl\/ando\/"]}]},{"@type":"ImageObject","inLanguage":"es","@id":"https:\/\/aikido-ando.nl\/ando\/#primaryimage","url":"https:\/\/aikido-ando.nl\/wp-content\/uploads\/Kotegeashi.webp","contentUrl":"https:\/\/aikido-ando.nl\/wp-content\/uploads\/Kotegeashi.webp","width":1920,"height":1080},{"@type":"BreadcrumbList","@id":"https:\/\/aikido-ando.nl\/ando\/#breadcrumb","itemListElement":[{"@type":"ListItem","position":1,"name":"Home","item":"https:\/\/aikido-ando.nl\/"},{"@type":"ListItem","position":2,"name":"Ando Aikikai Dojo"}]},{"@type":"WebSite","@id":"https:\/\/aikido-ando.nl\/#website","url":"https:\/\/aikido-ando.nl\/","name":"Aikido Ando","description":"","publisher":{"@id":"https:\/\/aikido-ando.nl\/#organization"},"potentialAction":[{"@type":"SearchAction","target":{"@type":"EntryPoint","urlTemplate":"https:\/\/aikido-ando.nl\/?s={search_term_string}"},"query-input":{"@type":"PropertyValueSpecification","valueRequired":true,"valueName":"search_term_string"}}],"inLanguage":"es"},{"@type":"Organization","@id":"https:\/\/aikido-ando.nl\/#organization","name":"Aikido Ando","url":"https:\/\/aikido-ando.nl\/","logo":{"@type":"ImageObject","inLanguage":"es","@id":"https:\/\/aikido-ando.nl\/#\/schema\/logo\/image\/","url":"https:\/\/aikido-ando.nl\/wp-content\/uploads\/Logo.webp","contentUrl":"https:\/\/aikido-ando.nl\/wp-content\/uploads\/Logo.webp","width":500,"height":500,"caption":"Aikido Ando"},"image":{"@id":"https:\/\/aikido-ando.nl\/#\/schema\/logo\/image\/"},"sameAs":["https:\/\/www.facebook.com\/andoaikido","https:\/\/www.instagram.com\/andoaikido\/","https:\/\/www.tiktok.com\/404?fromUrl=\/andoaikido","https:\/\/www.linkedin.com\/company\/andoaikido?originalSubdomain=nl"]}]}},"_links":{"self":[{"href":"https:\/\/aikido-ando.nl\/es\/wp-json\/wp\/v2\/pages\/184","targetHints":{"allow":["GET"]}}],"collection":[{"href":"https:\/\/aikido-ando.nl\/es\/wp-json\/wp\/v2\/pages"}],"about":[{"href":"https:\/\/aikido-ando.nl\/es\/wp-json\/wp\/v2\/types\/page"}],"author":[{"embeddable":true,"href":"https:\/\/aikido-ando.nl\/es\/wp-json\/wp\/v2\/users\/1"}],"replies":[{"embeddable":true,"href":"https:\/\/aikido-ando.nl\/es\/wp-json\/wp\/v2\/comments?post=184"}],"version-history":[{"count":0,"href":"https:\/\/aikido-ando.nl\/es\/wp-json\/wp\/v2\/pages\/184\/revisions"}],"wp:featuredmedia":[{"embeddable":true,"href":"https:\/\/aikido-ando.nl\/es\/wp-json\/wp\/v2\/media\/232"}],"wp:attachment":[{"href":"https:\/\/aikido-ando.nl\/es\/wp-json\/wp\/v2\/media?parent=184"}],"curies":[{"name":"wp","href":"https:\/\/api.w.org\/{rel}","templated":true}]}}