{"id":2213,"date":"2025-01-04T16:12:38","date_gmt":"2025-01-04T15:12:38","guid":{"rendered":"https:\/\/aikido-ando.nl\/?page_id=2213"},"modified":"2025-01-04T20:21:38","modified_gmt":"2025-01-04T19:21:38","slug":"cursos-de-aikido","status":"publish","type":"page","link":"https:\/\/aikido-ando.nl\/es\/aikido-stages\/","title":{"rendered":"Pr\u00e1cticas de aikido"},"content":{"rendered":"<div data-elementor-type=\"wp-page\" data-elementor-id=\"2213\" class=\"elementor elementor-2213\" data-elementor-post-type=\"page\">\n\t\t\t\t<div class=\"elementor-element elementor-element-da85172 e-flex e-con-boxed e-con e-parent\" data-id=\"da85172\" data-element_type=\"container\" data-e-type=\"container\">\n\t\t\t\t\t<div class=\"e-con-inner\">\n\t\t\t\t<div class=\"elementor-element elementor-element-2cf2111 elementor-widget elementor-widget-text-editor\" data-id=\"2cf2111\" data-element_type=\"widget\" data-e-type=\"widget\" data-widget_type=\"text-editor.default\">\n\t\t\t\t<div class=\"elementor-widget-container\">\n\t\t\t\t\t\t\t\t\t<h1 class=\"p1\"><b>Pr\u00e1cticas de Aikido: Aprender, crecer e inspirar juntos<\/b><b><\/b><\/h1><p class=\"p3\">Las pr\u00e1cticas de Aikido sirven para aprender y crecer en un entorno sin competiciones. Aunque el Aikido no tiene competiciones, las pr\u00e1cticas ofrecen un <strong>oportunidad \u00fanica de entrenar con otros<\/strong> fuera de tu propio dojo. La gran ventaja es que todo el mundo en el tatami comparte la misma pasi\u00f3n. Adem\u00e1s, aprendes nuevas perspectivas y t\u00e9cnicas de otros profesores, lo que ampl\u00eda tus horizontes. Se llega a conocer el <a href=\"https:\/\/aikido-ando.nl\/es\/comunidad\/\">Comunidad Aikido<\/a>, La creaci\u00f3n de una sensaci\u00f3n de conexi\u00f3n e inspiraci\u00f3n.<\/p><p class=\"p3\">En tu propio dojo, a menudo entrenas con las mismas personas. Sabes qui\u00e9n entrena de forma agradable y qui\u00e9n no. El <strong>valor a\u00f1adido de las pr\u00e1cticas es precisamente la variedad<\/strong>aprendes a lidiar con diferentes energ\u00edas y estilos. Esto no solo te ayuda a entender mejor las t\u00e9cnicas, sino tambi\u00e9n a afrontar nuevas situaciones con m\u00e1s fuerza mental.<\/p>\t\t\t\t\t\t\t\t<\/div>\n\t\t\t\t<\/div>\n\t\t\t\t\t<\/div>\n\t\t\t\t<\/div>\n\t\t<div class=\"elementor-element elementor-element-0a5dd44 e-flex e-con-boxed e-con e-parent\" data-id=\"0a5dd44\" data-element_type=\"container\" data-e-type=\"container\">\n\t\t\t\t\t<div class=\"e-con-inner\">\n\t\t\t\t<div class=\"elementor-element elementor-element-b7dcb2e elementor-widget elementor-widget-text-editor\" data-id=\"b7dcb2e\" data-element_type=\"widget\" data-e-type=\"widget\" data-widget_type=\"text-editor.default\">\n\t\t\t\t<div class=\"elementor-widget-container\">\n\t\t\t\t\t\t\t\t\t<h3 class=\"p1\"><b>Aikidokas avanzados y principiantes mezclados<\/b><b><\/b><\/h3><p class=\"p3\"><strong>Todos los niveles son bienvenidos<\/strong> durante una etapa de Aikido. Los principiantes entrenan con los avanzados y viceversa. El Aikido es inclusivo: hombres, mujeres, j\u00f3venes, mayores... todos entrenan con todos. Tambi\u00e9n existen <i>Yudansha<\/i>-etapas para cinturones negros o superiores.<\/p><p class=\"p3\">Normalmente, las pr\u00e1cticas se dan sin armas, como la <i>tanto<\/i>, <i>buck<\/i> o <i>jo<\/i>. Sin embargo, esto depende del formador y del pa\u00eds donde se realicen las pr\u00e1cticas. Los formadores suelen tener en cuenta que los viajeros no lleven armas. En muchas pr\u00e1cticas, si es necesario, puedes pedir prestada un arma a trav\u00e9s del organizador.<\/p>\t\t\t\t\t\t\t\t<\/div>\n\t\t\t\t<\/div>\n\t\t\t\t\t<\/div>\n\t\t\t\t<\/div>\n\t\t<div class=\"elementor-element elementor-element-dbff2ea e-flex e-con-boxed e-con e-parent\" data-id=\"dbff2ea\" data-element_type=\"container\" data-e-type=\"container\" data-settings=\"{&quot;background_background&quot;:&quot;classic&quot;}\">\n\t\t\t\t\t<div class=\"e-con-inner\">\n\t\t\t\t\t<\/div>\n\t\t\t\t<\/div>\n\t\t<div class=\"elementor-element elementor-element-68024aa e-flex e-con-boxed e-con e-parent\" data-id=\"68024aa\" data-element_type=\"container\" data-e-type=\"container\">\n\t\t\t\t\t<div class=\"e-con-inner\">\n\t\t\t\t<div class=\"elementor-element elementor-element-af45f61 elementor-widget elementor-widget-text-editor\" data-id=\"af45f61\" data-element_type=\"widget\" data-e-type=\"widget\" data-widget_type=\"text-editor.default\">\n\t\t\t\t<div class=\"elementor-widget-container\">\n\t\t\t\t\t\t\t\t\t<h3 class=\"p1\"><b>\u00bfA qu\u00e9 hay que prestar atenci\u00f3n durante un entrenamiento de Aikido?<\/b><b><\/b><\/h3><p class=\"p3\">Al igual que en tu propio dojo, la etiqueta del dojo tambi\u00e9n se aplica durante las pr\u00e1cticas. Adem\u00e1s, hay que tener en cuenta algunas cosas:<\/p><ol><li class=\"p4\"><b>Traiga su pasaporte de Aikido<\/b>: Tendr\u00e1s que firmarlo con el comit\u00e9 de pr\u00e1cticas antes de la formaci\u00f3n.<\/li><li class=\"p4\"><b>Conc\u00e9ntrate en tu propia formaci\u00f3n<\/b>Evita hablar demasiado con tu pareja, mant\u00e9n la concentraci\u00f3n.<\/li><li class=\"p4\"><b>Cambiar de socio con regularidad<\/b>: A menudo hay una se\u00f1al que indica que ha llegado el momento de cambiar. Intenta formarte con personas diferentes, incluidos licenciados de alto nivel.<\/li><li class=\"p4\"><b>Seguir al profesor<\/b>Durante las pr\u00e1cticas, s\u00f3lo hay un profesor que es el que est\u00e1 al frente del grupo. No te dejes distraer por los consejos bienintencionados de los dem\u00e1s.<\/li><li class=\"p4\"><b>Sea consciente de su entorno<\/b>: Aseguraos de lanzaros en un lugar seguro y prestad mucha atenci\u00f3n a los Aikidokas que os rodean para que no choquen contra vosotros.<\/li><\/ol>\t\t\t\t\t\t\t\t<\/div>\n\t\t\t\t<\/div>\n\t\t\t\t\t<\/div>\n\t\t\t\t<\/div>\n\t\t<div class=\"elementor-element elementor-element-43c290b e-flex e-con-boxed e-con e-parent\" data-id=\"43c290b\" data-element_type=\"container\" data-e-type=\"container\">\n\t\t\t\t\t<div class=\"e-con-inner\">\n\t\t\t\t<div class=\"elementor-element elementor-element-4d1e170 elementor-widget elementor-widget-text-editor\" data-id=\"4d1e170\" data-element_type=\"widget\" data-e-type=\"widget\" data-widget_type=\"text-editor.default\">\n\t\t\t\t<div class=\"elementor-widget-container\">\n\t\t\t\t\t\t\t\t\t<h3 class=\"p1\"><b>\u00bfQu\u00e9 pr\u00e1cticas te convienen?<\/b><b><\/b><\/h3><p class=\"p3\">La mayor\u00eda de las pr\u00e1cticas de Aikido est\u00e1n abiertas a todo el mundo. A menudo los dojos desalientan la participaci\u00f3n en pr\u00e1cticas fuera de su propio estilo, pero en Ando lo vemos de otra manera. Sensei<a href=\"https:\/\/aikido-ando.nl\/es\/yoshimitsu-yamada\/\"> Yoshimitsu Yamada<\/a> nos ense\u00f1\u00f3 que el Aikido es \u00fanico para cada individuo. M\u00faltiples perspectivas enriquecen tu punto de vista y te ayudan a entender mejor las t\u00e9cnicas. Otro maestro puede proporcionar esa visi\u00f3n que hace que una t\u00e9cnica de repente haga clic.<\/p><p class=\"p1\"><b>\u00bfCu\u00e1l es la diferencia entre una pr\u00e1ctica de Aikido y una clase normal?<\/b><b><\/b><\/p><p class=\"p3\">Durante las clases regulares, a menudo se trabaja en la \u2018planificaci\u00f3n de ex\u00e1menes\u2019, entren\u00e1ndose para un nivel espec\u00edfico. En cambio, las pr\u00e1cticas se centran en la inspiraci\u00f3n y no tienen en cuenta este aspecto. La organizaci\u00f3n o el profesor eligen un tema pensado para inspirar a todos, independientemente del nivel.<\/p>\t\t\t\t\t\t\t\t<\/div>\n\t\t\t\t<\/div>\n\t\t\t\t\t<\/div>\n\t\t\t\t<\/div>\n\t\t<div class=\"elementor-element elementor-element-a5564dc e-flex e-con-boxed e-con e-parent\" data-id=\"a5564dc\" data-element_type=\"container\" data-e-type=\"container\">\n\t\t\t\t\t<div class=\"e-con-inner\">\n\t\t\t\t<div class=\"elementor-element elementor-element-054d83a elementor-widget elementor-widget-heading\" data-id=\"054d83a\" data-element_type=\"widget\" data-e-type=\"widget\" data-widget_type=\"heading.default\">\n\t\t\t\t<div class=\"elementor-widget-container\">\n\t\t\t\t\t<h2 class=\"elementor-heading-title elementor-size-default\">\u00bfPor qu\u00e9 son importantes las pr\u00e1cticas de Aikido?<\/h2>\t\t\t\t<\/div>\n\t\t\t\t<\/div>\n\t\t\t\t<div class=\"elementor-element elementor-element-c540b49 elementor-widget elementor-widget-text-editor\" data-id=\"c540b49\" data-element_type=\"widget\" data-e-type=\"widget\" data-widget_type=\"text-editor.default\">\n\t\t\t\t<div class=\"elementor-widget-container\">\n\t\t\t\t\t\t\t\t\t<p>Gran Maestro <a href=\"https:\/\/aikido-ando.nl\/es\/donovan-waite\/\">Donovan Waite<\/a> explica por qu\u00e9 es tan importante hacer pr\u00e1cticas de Aikido en el siguiente v\u00eddeo.\u00a0<\/p>\t\t\t\t\t\t\t\t<\/div>\n\t\t\t\t<\/div>\n\t\t\t\t<div class=\"elementor-element elementor-element-24bfbd5 elementor-widget elementor-widget-video\" data-id=\"24bfbd5\" data-element_type=\"widget\" data-e-type=\"widget\" data-settings=\"{&quot;video_type&quot;:&quot;vimeo&quot;}\" data-widget_type=\"video.default\">\n\t\t\t\t<div class=\"elementor-widget-container\">\n\t\t\t\t\t\t\t<div class=\"elementor-wrapper elementor-open-inline\">\n\t\t\t<iframe class=\"elementor-video-iframe\" allowfullscreen allow=\"clipboard-write\" title=\"Lecteur vid\u00e9o vimeo\" src=\"https:\/\/player.vimeo.com\/video\/789485379?color&amp;autopause=0&amp;loop=0&amp;muted=0&amp;title=0&amp;portrait=0&amp;byline=0#t=\" data-no-translation-title=\"\"><\/iframe>\t\t<\/div>\n\t\t\t\t\t\t<\/div>\n\t\t\t\t<\/div>\n\t\t\t\t\t<\/div>\n\t\t\t\t<\/div>\n\t\t<div class=\"elementor-element elementor-element-f8135e5 e-flex e-con-boxed e-con e-parent\" data-id=\"f8135e5\" data-element_type=\"container\" data-e-type=\"container\">\n\t\t\t\t\t<div class=\"e-con-inner\">\n\t\t<div class=\"elementor-element elementor-element-9f269e3 e-con-full e-flex e-con e-child\" data-id=\"9f269e3\" data-element_type=\"container\" data-e-type=\"container\">\n\t\t\t\t<div class=\"elementor-element elementor-element-bfecf51 elementor-widget elementor-widget-text-editor\" data-id=\"bfecf51\" data-element_type=\"widget\" data-e-type=\"widget\" data-widget_type=\"text-editor.default\">\n\t\t\t\t<div class=\"elementor-widget-container\">\n\t\t\t\t\t\t\t\t\t<h1 class=\"p1\"><b>Aikido para ni\u00f1os<\/b><b><\/b><\/h1><p class=\"p3\">En Ando organizamos todos los a\u00f1os cursos de formaci\u00f3n para ni\u00f1os. Estas sesiones de formaci\u00f3n de bajo <a href=\"https:\/\/youtu.be\/ROLCgNhDYd0\">forma l\u00fadica<\/a> Aumentar la diversi\u00f3n en el tatami y hacer nuevos amigos. En <strong>el objetivo es que los ni\u00f1os tengan m\u00e1s confianza en s\u00ed mismos<\/strong> y ampliar su mundo.<\/p><p class=\"p3\"><strong>Los padres desempe\u00f1an aqu\u00ed un papel importante.<\/strong> Anime a su hijo a participar en una pr\u00e1ctica, a acompa\u00f1arle o a que vaya con un amigo de Aikido. <strong>Que sea una experiencia divertida<\/strong>, por ejemplo, cogiendo algo para el camino, como un <a href=\"https:\/\/aikido-ando.nl\/es\/libros-infantiles-de-aikido\/\">Libro de puzzles de aikido<\/a>.<\/p>\t\t\t\t\t\t\t\t<\/div>\n\t\t\t\t<\/div>\n\t\t\t\t<\/div>\n\t\t<div class=\"elementor-element elementor-element-57967ae e-con-full e-flex e-con e-child\" data-id=\"57967ae\" data-element_type=\"container\" data-e-type=\"container\">\n\t\t\t\t<div class=\"elementor-element elementor-element-2cc2267 elementor-widget elementor-widget-video\" data-id=\"2cc2267\" data-element_type=\"widget\" data-e-type=\"widget\" data-settings=\"{&quot;youtube_url&quot;:&quot;https:\\\/\\\/youtu.be\\\/ROLCgNhDYd0&quot;,&quot;video_type&quot;:&quot;youtube&quot;,&quot;controls&quot;:&quot;yes&quot;}\" data-widget_type=\"video.default\">\n\t\t\t\t<div class=\"elementor-widget-container\">\n\t\t\t\t\t\t\t<div class=\"elementor-wrapper elementor-open-inline\">\n\t\t\t<div class=\"elementor-video\"><\/div>\t\t<\/div>\n\t\t\t\t\t\t<\/div>\n\t\t\t\t<\/div>\n\t\t\t\t<\/div>\n\t\t\t\t\t<\/div>\n\t\t\t\t<\/div>\n\t\t<div class=\"elementor-element elementor-element-2407665 e-flex e-con-boxed e-con e-parent\" data-id=\"2407665\" data-element_type=\"container\" data-e-type=\"container\">\n\t\t\t\t\t<div class=\"e-con-inner\">\n\t\t<div class=\"elementor-element elementor-element-41e00ed e-con-full e-flex e-con e-child\" data-id=\"41e00ed\" data-element_type=\"container\" data-e-type=\"container\">\n\t\t\t\t<div class=\"elementor-element elementor-element-8b56334 elementor-widget elementor-widget-video\" data-id=\"8b56334\" data-element_type=\"widget\" data-e-type=\"widget\" data-settings=\"{&quot;youtube_url&quot;:&quot;https:\\\/\\\/www.youtube.com\\\/watch?v=ddIdBKsR8Y8&quot;,&quot;video_type&quot;:&quot;youtube&quot;,&quot;controls&quot;:&quot;yes&quot;}\" data-widget_type=\"video.default\">\n\t\t\t\t<div class=\"elementor-widget-container\">\n\t\t\t\t\t\t\t<div class=\"elementor-wrapper elementor-open-inline\">\n\t\t\t<div class=\"elementor-video\"><\/div>\t\t<\/div>\n\t\t\t\t\t\t<\/div>\n\t\t\t\t<\/div>\n\t\t\t\t<\/div>\n\t\t<div class=\"elementor-element elementor-element-64eeb3c e-con-full e-flex e-con e-child\" data-id=\"64eeb3c\" data-element_type=\"container\" data-e-type=\"container\">\n\t\t\t\t<div class=\"elementor-element elementor-element-dfd8a3a elementor-widget elementor-widget-text-editor\" data-id=\"dfd8a3a\" data-element_type=\"widget\" data-e-type=\"widget\" data-widget_type=\"text-editor.default\">\n\t\t\t\t<div class=\"elementor-widget-container\">\n\t\t\t\t\t\t\t\t\t<h3 class=\"p1\"><b>Pr\u00e1cticas en el extranjero<\/b><b><\/b><\/h3><p class=\"p3\">Las pr\u00e1cticas de Aikido en el extranjero son al menos tan divertidas como las nacionales. Aunque implica un poco m\u00e1s de planificaci\u00f3n, es una oportunidad \u00fanica para sumergirse en otra cultura y conocer gente nueva. A menudo compartes una conexi\u00f3n instant\u00e1nea con los dem\u00e1s debido a la pasi\u00f3n compartida por el Aikido.<\/p><p class=\"p3\">Por ejemplo, empieza por las pr\u00e1cticas de un profesor que ya conozcas, o ve a unas pr\u00e1cticas nacionales por las que sientas curiosidad, aunque no conozcas a nadie all\u00ed. Ponte en contacto con el organizador si tienes dudas sobre el alojamiento u otras cuestiones pr\u00e1cticas.<\/p><p class=\"p3\">Unas pr\u00e1cticas internacionales tambi\u00e9n ofrecen la <strong>oportunidad de formarse con senseis a los que sigue en las redes sociales<\/strong>\u00a0O que tu profesor admira. Esto puede ser una valiosa adici\u00f3n a su viaje de Aikido.<\/p><p>Lo m\u00e1s importante es planificar con antelaci\u00f3n, \u00bfsabe una fecha... p\u00f3ngala en su <a href=\"https:\/\/aikido-shop.nl\/pages\/aikido-original\">Calendario de Aikido<\/a>. Porque cuanto antes tenga todo reservado, m\u00e1s barato le saldr\u00e1.<\/p>\t\t\t\t\t\t\t\t<\/div>\n\t\t\t\t<\/div>\n\t\t\t\t<\/div>\n\t\t\t\t\t<\/div>\n\t\t\t\t<\/div>\n\t\t<div class=\"elementor-element elementor-element-3211263 e-flex e-con-boxed e-con e-parent\" data-id=\"3211263\" data-element_type=\"container\" data-e-type=\"container\" data-settings=\"{&quot;background_background&quot;:&quot;classic&quot;}\">\n\t\t\t\t\t<div class=\"e-con-inner\">\n\t\t\t\t<div class=\"elementor-element elementor-element-e10f6f8 elementor-widget elementor-widget-text-editor\" data-id=\"e10f6f8\" data-element_type=\"widget\" data-e-type=\"widget\" data-widget_type=\"text-editor.default\">\n\t\t\t\t<div class=\"elementor-widget-container\">\n\t\t\t\t\t\t\t\t\t<p class=\"p1\"><b>\u00a1Haga que los cursos de formaci\u00f3n de Aikido sean a\u00fan m\u00e1s divertidos!<\/b><b><\/b><\/p><p>Haz que un curso de Aikido sea m\u00e1s divertido convirti\u00e9ndolo en un d\u00eda. Por ejemplo, puedes combinar un viaje a B\u00e9lgica con comer aut\u00e9nticas patatas fritas belgas en una tienda de patatas fritas. Pero tambi\u00e9n puede ir con un grupo de personas del dojo (sus amigos de Aikido), compartir el coche para ir al curso de formaci\u00f3n es, por supuesto, mucho m\u00e1s acogedor que sentarse en el coche con un grupo de amigos. <a href=\"https:\/\/open.spotify.com\/show\/6pOw3PYSgc9lK3upG8GlGw?si=b7ce211e60ae4115\">un podcast<\/a> en el fondo. Juntos creamos recuerdos muy divertidos.<\/p><p>Si se pregunta qu\u00e9 pr\u00e1cticas organizamos, consulte cu\u00e1les son <a href=\"https:\/\/aikido-ando.nl\/es\/ando-seminar\/\">Curso de Aikido<\/a> que estamos planeando.<\/p><p>\u00a0<\/p>\t\t\t\t\t\t\t\t<\/div>\n\t\t\t\t<\/div>\n\t\t\t\t\t<\/div>\n\t\t\t\t<\/div>\n\t\t\t\t<\/div>","protected":false},"excerpt":{"rendered":"<p>Aikido Stages: Samen Leren, Groeien en Inspireren Aikido stages zijn er om te leren en te groeien in een omgeving zonder competitie. Hoewel Aikido geen wedstrijden kent, bieden stages een unieke kans om te trainen met anderen buiten je eigen dojo. Het grote voordeel is dat iedereen die op de mat staat dezelfde passie deelt. [&hellip;]<\/p>\n","protected":false},"author":1,"featured_media":1377,"parent":0,"menu_order":0,"comment_status":"closed","ping_status":"closed","template":"elementor_header_footer","meta":{"footnotes":""},"class_list":["post-2213","page","type-page","status-publish","has-post-thumbnail","hentry"],"yoast_head":"<!-- This site is optimized with the Yoast SEO Premium plugin v27.3 (Yoast SEO v27.3) - https:\/\/yoast.com\/product\/yoast-seo-premium-wordpress\/ -->\n<title>Aikido stage&#039;s - Aikido ANDO<\/title>\n<meta name=\"robots\" content=\"index, follow, max-snippet:-1, max-image-preview:large, max-video-preview:-1\" \/>\n<link rel=\"canonical\" href=\"https:\/\/aikido-ando.nl\/es\/cursos-de-aikido\/\" \/>\n<meta property=\"og:locale\" content=\"es_ES\" \/>\n<meta property=\"og:type\" content=\"article\" \/>\n<meta property=\"og:title\" content=\"Aikido stage&#039;s\" \/>\n<meta property=\"og:description\" content=\"Aikido Stages: Samen Leren, Groeien en Inspireren Aikido stages zijn er om te leren en te groeien in een omgeving zonder competitie. Hoewel Aikido geen wedstrijden kent, bieden stages een unieke kans om te trainen met anderen buiten je eigen dojo. Het grote voordeel is dat iedereen die op de mat staat dezelfde passie deelt. [&hellip;]\" \/>\n<meta property=\"og:url\" content=\"https:\/\/aikido-ando.nl\/es\/cursos-de-aikido\/\" \/>\n<meta property=\"og:site_name\" content=\"Aikido ANDO\" \/>\n<meta property=\"article:publisher\" content=\"https:\/\/www.facebook.com\/andoaikido\" \/>\n<meta property=\"article:modified_time\" content=\"2025-01-04T19:21:38+00:00\" \/>\n<meta property=\"og:image\" content=\"https:\/\/aikido-ando.nl\/wp-content\/uploads\/Aikido_Jeugd_Eindhoven_Strijps_Meerhoven_040.webp\" \/>\n\t<meta property=\"og:image:width\" content=\"1920\" \/>\n\t<meta property=\"og:image:height\" content=\"1080\" \/>\n\t<meta property=\"og:image:type\" content=\"image\/webp\" \/>\n<meta name=\"twitter:card\" content=\"summary_large_image\" \/>\n<meta name=\"twitter:label1\" content=\"Tiempo de lectura\" \/>\n\t<meta name=\"twitter:data1\" content=\"5 minutos\" \/>\n<script type=\"application\/ld+json\" class=\"yoast-schema-graph\">{\"@context\":\"https:\\\/\\\/schema.org\",\"@graph\":[{\"@type\":\"WebPage\",\"@id\":\"https:\\\/\\\/aikido-ando.nl\\\/aikido-stages\\\/\",\"url\":\"https:\\\/\\\/aikido-ando.nl\\\/aikido-stages\\\/\",\"name\":\"Aikido stage's - Aikido ANDO\",\"isPartOf\":{\"@id\":\"https:\\\/\\\/aikido-ando.nl\\\/#website\"},\"primaryImageOfPage\":{\"@id\":\"https:\\\/\\\/aikido-ando.nl\\\/aikido-stages\\\/#primaryimage\"},\"image\":{\"@id\":\"https:\\\/\\\/aikido-ando.nl\\\/aikido-stages\\\/#primaryimage\"},\"thumbnailUrl\":\"https:\\\/\\\/aikido-ando.nl\\\/wp-content\\\/uploads\\\/Aikido_Jeugd_Eindhoven_Strijps_Meerhoven_040.webp\",\"datePublished\":\"2025-01-04T15:12:38+00:00\",\"dateModified\":\"2025-01-04T19:21:38+00:00\",\"breadcrumb\":{\"@id\":\"https:\\\/\\\/aikido-ando.nl\\\/aikido-stages\\\/#breadcrumb\"},\"inLanguage\":\"es\",\"potentialAction\":[{\"@type\":\"ReadAction\",\"target\":[\"https:\\\/\\\/aikido-ando.nl\\\/aikido-stages\\\/\"]}]},{\"@type\":\"ImageObject\",\"inLanguage\":\"es\",\"@id\":\"https:\\\/\\\/aikido-ando.nl\\\/aikido-stages\\\/#primaryimage\",\"url\":\"https:\\\/\\\/aikido-ando.nl\\\/wp-content\\\/uploads\\\/Aikido_Jeugd_Eindhoven_Strijps_Meerhoven_040.webp\",\"contentUrl\":\"https:\\\/\\\/aikido-ando.nl\\\/wp-content\\\/uploads\\\/Aikido_Jeugd_Eindhoven_Strijps_Meerhoven_040.webp\",\"width\":1920,\"height\":1080,\"caption\":\"Maak plaats voor een Aikido demonstratie van sensei Edo in de dojo. Weerbaarheid voor jeugd zonder te leren vechten.\"},{\"@type\":\"BreadcrumbList\",\"@id\":\"https:\\\/\\\/aikido-ando.nl\\\/aikido-stages\\\/#breadcrumb\",\"itemListElement\":[{\"@type\":\"ListItem\",\"position\":1,\"name\":\"Home\",\"item\":\"https:\\\/\\\/aikido-ando.nl\\\/\"},{\"@type\":\"ListItem\",\"position\":2,\"name\":\"Aikido stage&#8217;s\"}]},{\"@type\":\"WebSite\",\"@id\":\"https:\\\/\\\/aikido-ando.nl\\\/#website\",\"url\":\"https:\\\/\\\/aikido-ando.nl\\\/\",\"name\":\"Aikido Ando\",\"description\":\"\",\"publisher\":{\"@id\":\"https:\\\/\\\/aikido-ando.nl\\\/#organization\"},\"potentialAction\":[{\"@type\":\"SearchAction\",\"target\":{\"@type\":\"EntryPoint\",\"urlTemplate\":\"https:\\\/\\\/aikido-ando.nl\\\/?s={search_term_string}\"},\"query-input\":{\"@type\":\"PropertyValueSpecification\",\"valueRequired\":true,\"valueName\":\"search_term_string\"}}],\"inLanguage\":\"es\"},{\"@type\":\"Organization\",\"@id\":\"https:\\\/\\\/aikido-ando.nl\\\/#organization\",\"name\":\"Aikido Ando\",\"url\":\"https:\\\/\\\/aikido-ando.nl\\\/\",\"logo\":{\"@type\":\"ImageObject\",\"inLanguage\":\"es\",\"@id\":\"https:\\\/\\\/aikido-ando.nl\\\/#\\\/schema\\\/logo\\\/image\\\/\",\"url\":\"https:\\\/\\\/aikido-ando.nl\\\/wp-content\\\/uploads\\\/Logo.webp\",\"contentUrl\":\"https:\\\/\\\/aikido-ando.nl\\\/wp-content\\\/uploads\\\/Logo.webp\",\"width\":500,\"height\":500,\"caption\":\"Aikido Ando\"},\"image\":{\"@id\":\"https:\\\/\\\/aikido-ando.nl\\\/#\\\/schema\\\/logo\\\/image\\\/\"},\"sameAs\":[\"https:\\\/\\\/www.facebook.com\\\/andoaikido\",\"https:\\\/\\\/www.instagram.com\\\/andoaikido\\\/\",\"https:\\\/\\\/www.tiktok.com\\\/404?fromUrl=\\\/andoaikido\",\"https:\\\/\\\/www.linkedin.com\\\/company\\\/andoaikido?originalSubdomain=nl\"]}]}<\/script>\n<!-- \/ Yoast SEO Premium plugin. -->","yoast_head_json":{"title":"Pr\u00e1cticas de Aikido - Aikido ANDO","robots":{"index":"index","follow":"follow","max-snippet":"max-snippet:-1","max-image-preview":"max-image-preview:large","max-video-preview":"max-video-preview:-1"},"canonical":"https:\/\/aikido-ando.nl\/es\/cursos-de-aikido\/","og_locale":"es_ES","og_type":"article","og_title":"Aikido stage's","og_description":"Aikido Stages: Samen Leren, Groeien en Inspireren Aikido stages zijn er om te leren en te groeien in een omgeving zonder competitie. Hoewel Aikido geen wedstrijden kent, bieden stages een unieke kans om te trainen met anderen buiten je eigen dojo. Het grote voordeel is dat iedereen die op de mat staat dezelfde passie deelt. [&hellip;]","og_url":"https:\/\/aikido-ando.nl\/es\/cursos-de-aikido\/","og_site_name":"Aikido ANDO","article_publisher":"https:\/\/www.facebook.com\/andoaikido","article_modified_time":"2025-01-04T19:21:38+00:00","og_image":[{"width":1920,"height":1080,"url":"https:\/\/aikido-ando.nl\/wp-content\/uploads\/Aikido_Jeugd_Eindhoven_Strijps_Meerhoven_040.webp","type":"image\/webp"}],"twitter_card":"summary_large_image","twitter_misc":{"Tiempo de lectura":"5 minutos"},"schema":{"@context":"https:\/\/schema.org","@graph":[{"@type":"WebPage","@id":"https:\/\/aikido-ando.nl\/aikido-stages\/","url":"https:\/\/aikido-ando.nl\/aikido-stages\/","name":"Pr\u00e1cticas de Aikido - Aikido ANDO","isPartOf":{"@id":"https:\/\/aikido-ando.nl\/#website"},"primaryImageOfPage":{"@id":"https:\/\/aikido-ando.nl\/aikido-stages\/#primaryimage"},"image":{"@id":"https:\/\/aikido-ando.nl\/aikido-stages\/#primaryimage"},"thumbnailUrl":"https:\/\/aikido-ando.nl\/wp-content\/uploads\/Aikido_Jeugd_Eindhoven_Strijps_Meerhoven_040.webp","datePublished":"2025-01-04T15:12:38+00:00","dateModified":"2025-01-04T19:21:38+00:00","breadcrumb":{"@id":"https:\/\/aikido-ando.nl\/aikido-stages\/#breadcrumb"},"inLanguage":"es","potentialAction":[{"@type":"ReadAction","target":["https:\/\/aikido-ando.nl\/aikido-stages\/"]}]},{"@type":"ImageObject","inLanguage":"es","@id":"https:\/\/aikido-ando.nl\/aikido-stages\/#primaryimage","url":"https:\/\/aikido-ando.nl\/wp-content\/uploads\/Aikido_Jeugd_Eindhoven_Strijps_Meerhoven_040.webp","contentUrl":"https:\/\/aikido-ando.nl\/wp-content\/uploads\/Aikido_Jeugd_Eindhoven_Strijps_Meerhoven_040.webp","width":1920,"height":1080,"caption":"Maak plaats voor een Aikido demonstratie van sensei Edo in de dojo. Weerbaarheid voor jeugd zonder te leren vechten."},{"@type":"BreadcrumbList","@id":"https:\/\/aikido-ando.nl\/aikido-stages\/#breadcrumb","itemListElement":[{"@type":"ListItem","position":1,"name":"Home","item":"https:\/\/aikido-ando.nl\/"},{"@type":"ListItem","position":2,"name":"Aikido stage&#8217;s"}]},{"@type":"WebSite","@id":"https:\/\/aikido-ando.nl\/#website","url":"https:\/\/aikido-ando.nl\/","name":"Aikido Ando","description":"","publisher":{"@id":"https:\/\/aikido-ando.nl\/#organization"},"potentialAction":[{"@type":"SearchAction","target":{"@type":"EntryPoint","urlTemplate":"https:\/\/aikido-ando.nl\/?s={search_term_string}"},"query-input":{"@type":"PropertyValueSpecification","valueRequired":true,"valueName":"search_term_string"}}],"inLanguage":"es"},{"@type":"Organization","@id":"https:\/\/aikido-ando.nl\/#organization","name":"Aikido Ando","url":"https:\/\/aikido-ando.nl\/","logo":{"@type":"ImageObject","inLanguage":"es","@id":"https:\/\/aikido-ando.nl\/#\/schema\/logo\/image\/","url":"https:\/\/aikido-ando.nl\/wp-content\/uploads\/Logo.webp","contentUrl":"https:\/\/aikido-ando.nl\/wp-content\/uploads\/Logo.webp","width":500,"height":500,"caption":"Aikido Ando"},"image":{"@id":"https:\/\/aikido-ando.nl\/#\/schema\/logo\/image\/"},"sameAs":["https:\/\/www.facebook.com\/andoaikido","https:\/\/www.instagram.com\/andoaikido\/","https:\/\/www.tiktok.com\/404?fromUrl=\/andoaikido","https:\/\/www.linkedin.com\/company\/andoaikido?originalSubdomain=nl"]}]}},"_links":{"self":[{"href":"https:\/\/aikido-ando.nl\/es\/wp-json\/wp\/v2\/pages\/2213","targetHints":{"allow":["GET"]}}],"collection":[{"href":"https:\/\/aikido-ando.nl\/es\/wp-json\/wp\/v2\/pages"}],"about":[{"href":"https:\/\/aikido-ando.nl\/es\/wp-json\/wp\/v2\/types\/page"}],"author":[{"embeddable":true,"href":"https:\/\/aikido-ando.nl\/es\/wp-json\/wp\/v2\/users\/1"}],"replies":[{"embeddable":true,"href":"https:\/\/aikido-ando.nl\/es\/wp-json\/wp\/v2\/comments?post=2213"}],"version-history":[{"count":0,"href":"https:\/\/aikido-ando.nl\/es\/wp-json\/wp\/v2\/pages\/2213\/revisions"}],"wp:featuredmedia":[{"embeddable":true,"href":"https:\/\/aikido-ando.nl\/es\/wp-json\/wp\/v2\/media\/1377"}],"wp:attachment":[{"href":"https:\/\/aikido-ando.nl\/es\/wp-json\/wp\/v2\/media?parent=2213"}],"curies":[{"name":"wp","href":"https:\/\/api.w.org\/{rel}","templated":true}]}}