{"id":283,"date":"2024-08-14T00:46:22","date_gmt":"2024-08-13T22:46:22","guid":{"rendered":"https:\/\/aikido-ando.nl\/?page_id=283"},"modified":"2025-12-30T10:43:34","modified_gmt":"2025-12-30T09:43:34","slug":"aikido-como-defensa-personal","status":"publish","type":"page","link":"https:\/\/aikido-ando.nl\/es\/aikido-als-zelfverdediging\/","title":{"rendered":"Aikido"},"content":{"rendered":"<div data-elementor-type=\"wp-page\" data-elementor-id=\"283\" class=\"elementor elementor-283\" data-elementor-post-type=\"page\">\n\t\t\t\t<div class=\"elementor-element elementor-element-6315c2db e-flex e-con-boxed e-con e-parent\" data-id=\"6315c2db\" data-element_type=\"container\" data-e-type=\"container\">\n\t\t\t\t\t<div class=\"e-con-inner\">\n\t\t\t\t<div class=\"elementor-element elementor-element-0e82f12 elementor-widget elementor-widget-heading\" data-id=\"0e82f12\" data-element_type=\"widget\" data-e-type=\"widget\" data-widget_type=\"heading.default\">\n\t\t\t\t<div class=\"elementor-widget-container\">\n\t\t\t\t\t<h2 class=\"elementor-heading-title elementor-size-default\">Aikido como defensa personal<wbr>deporte<\/h2>\t\t\t\t<\/div>\n\t\t\t\t<\/div>\n\t\t\t\t<div class=\"elementor-element elementor-element-3641511 elementor-widget elementor-widget-text-editor\" data-id=\"3641511\" data-element_type=\"widget\" data-e-type=\"widget\" data-widget_type=\"text-editor.default\">\n\t\t\t\t<div class=\"elementor-widget-container\">\n\t\t\t\t\t\t\t\t\t<p><strong style=\"font-family: var( --e-global-typography-text-font-family ), Sans-serif; text-align: var(--text-align);\">El aikido es un deporte de defensa personal, pero sin elementos de competici\u00f3n. Es un arte marcial japon\u00e9s basado en una filosof\u00eda de no violencia y armon\u00eda. Nace de las antiguas tradiciones y habilidades de los samur\u00e1is japoneses. A pesar de su naturaleza no violenta, o quiz\u00e1 precisamente por ello, el Aikido se considera un m\u00e9todo de defensa personal muy eficaz. Por eso, entre otras cosas, el Aikido forma parte de la formaci\u00f3n b\u00e1sica de la polic\u00eda.<\/strong><\/p>\t\t\t\t\t\t\t\t<\/div>\n\t\t\t\t<\/div>\n\t\t<div class=\"elementor-element elementor-element-b232055 e-con-full e-flex e-con e-child\" data-id=\"b232055\" data-element_type=\"container\" data-e-type=\"container\">\n\t\t<div class=\"elementor-element elementor-element-e4c2853 e-con-full e-flex e-con e-child\" data-id=\"e4c2853\" data-element_type=\"container\" data-e-type=\"container\">\n\t\t\t\t<div class=\"elementor-element elementor-element-583ebc4 elementor-widget elementor-widget-heading\" data-id=\"583ebc4\" data-element_type=\"widget\" data-e-type=\"widget\" data-widget_type=\"heading.default\">\n\t\t\t\t<div class=\"elementor-widget-container\">\n\t\t\t\t\t<h3 class=\"elementor-heading-title elementor-size-default\">Caracter\u00edsticas del Aikido<\/h3>\t\t\t\t<\/div>\n\t\t\t\t<\/div>\n\t\t\t\t<div class=\"elementor-element elementor-element-2a4fe76a elementor-widget elementor-widget-text-editor\" data-id=\"2a4fe76a\" data-element_type=\"widget\" data-e-type=\"widget\" data-widget_type=\"text-editor.default\">\n\t\t\t\t<div class=\"elementor-widget-container\">\n\t\t\t\t\t\t\t\t\t<p>En el Aikido, la fuerza f\u00edsica se reduce al m\u00ednimo. Este deporte de defensa personal fomenta la flexibilidad, el dinamismo, la flexibilidad y la fuerza interior. Al fin y al cabo, siempre hay alguien m\u00e1s fuerte que t\u00fa, sobre todo en lo que respecta a la proporci\u00f3n entre hombres y mujeres. Por lo tanto, es m\u00e1s inteligente\u00a0<b>usar la fuerza de tu oponente en su contra<\/b>\u00a0al ejecutar una t\u00e9cnica. Para ello, salimos de la l\u00ednea de ataque y utilizamos\u00a0<b>movimientos circulares<\/b>\u00a0para luego controlar demasiado al atacante con una pinza o tirar. Por lo tanto, las t\u00e9cnicas requieren poca fuerza f\u00edsica y pueden ser practicadas tanto por j\u00f3venes como por mayores.<\/p><p>Adem\u00e1s,\u00a0<strong>Aikido sin competiciones<\/strong>. Cuando los deportes \u2018ordinarios\u2019 fomentan el progreso t\u00e9cnico mediante la competici\u00f3n, el\u00a0<a href=\"https:\/\/aikido-ando.nl\/es\/oprichter-aikido-morihei-ueshiba\/\">fundador<\/a>\u00a0de Aikido muy deliberadamente no eligi\u00f3 esta opci\u00f3n. Ante todo, el Aikido es una disciplina, dise\u00f1ada para comprender el significado interno de la igualdad y tiene como objetivo servir, refinar la humanidad. En las competiciones, hay un ganador. La gente desarrolla la actitud mental de ir a por todas para ganar. Esta actitud puede desvirtuar la personalidad. Una victoria es relativa y fr\u00e1gil, pero\u00a0<strong>una victoria sobre ti mismo es absoluta<\/strong>!<\/p>\t\t\t\t\t\t\t\t<\/div>\n\t\t\t\t<\/div>\n\t\t\t\t<\/div>\n\t\t<div class=\"elementor-element elementor-element-684a23a e-con-full e-flex e-con e-child\" data-id=\"684a23a\" data-element_type=\"container\" data-e-type=\"container\">\n\t\t\t\t<div class=\"elementor-element elementor-element-94b9602 elementor-widget elementor-widget-heading\" data-id=\"94b9602\" data-element_type=\"widget\" data-e-type=\"widget\" data-widget_type=\"heading.default\">\n\t\t\t\t<div class=\"elementor-widget-container\">\n\t\t\t\t\t<h3 class=\"elementor-heading-title elementor-size-default\">Principio del Aikido<\/h3>\t\t\t\t<\/div>\n\t\t\t\t<\/div>\n\t\t\t\t<div class=\"elementor-element elementor-element-2b01228 elementor-widget elementor-widget-text-editor\" data-id=\"2b01228\" data-element_type=\"widget\" data-e-type=\"widget\" data-widget_type=\"text-editor.default\">\n\t\t\t\t<div class=\"elementor-widget-container\">\n\t\t\t\t\t\t\t\t\t<p>\u201cEl Aikido es un camino sin resistencia y, por lo tanto, es imbatible desde el principio. Debemos hacernos uno con nuestro pensamiento, sentimiento y con la gracia y compasi\u00f3n de la mente universal. En \u00e9l hay amor (Ai), no hay competencia, enemigo ni oposici\u00f3n a nadie. Aquel cuyo sentimiento no coincide con su mentalidad no puede de ninguna manera entrar en armon\u00eda con las leyes del universo\u201d. Morihei Ueshiba (fundador)<\/p><p>En Aikido, aprender\u00e1s \u2018c\u00f3mo\u2019 ganar sin luchar. Tambi\u00e9n aprender\u00e1s gradualmente \u2018<strong>un encuentro consigo mismo<\/strong>\u2019en el tatami. As\u00ed te conocer\u00e1s un poco mejor y establecer\u00e1s una conexi\u00f3n entre las experiencias vividas y la vida cotidiana. Tambi\u00e9n te mover\u00e1s con m\u00e1s libertad y te centrar\u00e1s m\u00e1s en lo que te conviene.\u00a0<strong>Te vuelves m\u00e1s consciente de ti mismo y experimentas tu fuerza interior.<\/strong>\u00a0El entorno que Ando proporciona para ello es un factor determinante. El aikido como deporte de defensa personal no te hace m\u00e1s guapo por fuera, pero s\u00ed...\u00a0<strong>m\u00e1s fuerte por dentro<\/strong>.<\/p><p>Dato curioso: el aikido est\u00e1 reconocido oficialmente por el Ministerio de Sanidad, ya que este arte marcial contribuye positivamente a la salud f\u00edsica y mental de las personas.<\/p><p>Adem\u00e1s, O'Sensei Morihei Ueshiba (fundador) recibi\u00f3 un premio del emperador de Jap\u00f3n por la contribuci\u00f3n del Aikido a la cultura del pa\u00eds.<\/p>\t\t\t\t\t\t\t\t<\/div>\n\t\t\t\t<\/div>\n\t\t\t\t<\/div>\n\t\t\t\t<\/div>\n\t\t\t\t\t<\/div>\n\t\t\t\t<\/div>\n\t\t<div class=\"elementor-element elementor-element-ab5fc2b e-flex e-con-boxed e-con e-parent\" data-id=\"ab5fc2b\" data-element_type=\"container\" data-e-type=\"container\" data-settings=\"{&quot;background_background&quot;:&quot;classic&quot;}\">\n\t\t\t\t\t<div class=\"e-con-inner\">\n\t\t<div class=\"elementor-element elementor-element-8fa114e e-con-full e-flex e-con e-child\" data-id=\"8fa114e\" data-element_type=\"container\" data-e-type=\"container\" data-settings=\"{&quot;background_background&quot;:&quot;classic&quot;}\">\n\t\t\t\t<div class=\"elementor-element elementor-element-4c2e41d elementor-widget elementor-widget-text-editor\" data-id=\"4c2e41d\" data-element_type=\"widget\" data-e-type=\"widget\" data-widget_type=\"text-editor.default\">\n\t\t\t\t<div class=\"elementor-widget-container\">\n\t\t\t\t\t\t\t\t\t<p>Sensei Anne lanza a Edo con un lanzamiento din\u00e1mico.<\/p>\t\t\t\t\t\t\t\t<\/div>\n\t\t\t\t<\/div>\n\t\t\t\t<\/div>\n\t\t<div class=\"elementor-element elementor-element-d7d04c6 e-con-full e-flex e-con e-child\" data-id=\"d7d04c6\" data-element_type=\"container\" data-e-type=\"container\" data-settings=\"{&quot;background_background&quot;:&quot;classic&quot;}\">\n\t\t\t\t<div class=\"elementor-element elementor-element-2ebccaa elementor-widget elementor-widget-text-editor\" data-id=\"2ebccaa\" data-element_type=\"widget\" data-e-type=\"widget\" data-widget_type=\"text-editor.default\">\n\t\t\t\t<div class=\"elementor-widget-container\">\n\t\t\t\t\t\t\t\t\t<p>Nuestro gran maestro Yoshimitsu Yamada Sensei con sensei<br \/>Anne Slui como uke durante las pr\u00e1cticas.<\/p>\t\t\t\t\t\t\t\t<\/div>\n\t\t\t\t<\/div>\n\t\t\t\t<\/div>\n\t\t<div class=\"elementor-element elementor-element-164325a e-con-full e-flex e-con e-child\" data-id=\"164325a\" data-element_type=\"container\" data-e-type=\"container\" data-settings=\"{&quot;background_background&quot;:&quot;classic&quot;}\">\n\t\t\t\t<div class=\"elementor-element elementor-element-c3eba33 elementor-widget elementor-widget-text-editor\" data-id=\"c3eba33\" data-element_type=\"widget\" data-e-type=\"widget\" data-widget_type=\"text-editor.default\">\n\t\t\t\t<div class=\"elementor-widget-container\">\n\t\t\t\t\t\t\t\t\t<p>Edo sensei lanza a Anne con un lanzamiento muy efectivo, sumi otoshi.<\/p>\t\t\t\t\t\t\t\t<\/div>\n\t\t\t\t<\/div>\n\t\t\t\t<\/div>\n\t\t\t\t\t<\/div>\n\t\t\t\t<\/div>\n\t\t<div class=\"elementor-element elementor-element-1df7586 e-flex e-con-boxed e-con e-parent\" data-id=\"1df7586\" data-element_type=\"container\" data-e-type=\"container\">\n\t\t\t\t\t<div class=\"e-con-inner\">\n\t\t\t\t<div class=\"elementor-element elementor-element-77d35efe elementor-widget elementor-widget-heading\" data-id=\"77d35efe\" data-element_type=\"widget\" data-e-type=\"widget\" data-widget_type=\"heading.default\">\n\t\t\t\t<div class=\"elementor-widget-container\">\n\t\t\t\t\t<h2 class=\"elementor-heading-title elementor-size-default\">AIKIKAI AIKIDO<\/h2>\t\t\t\t<\/div>\n\t\t\t\t<\/div>\n\t\t\t\t<div class=\"elementor-element elementor-element-81f39c1 elementor-widget elementor-widget-text-editor\" data-id=\"81f39c1\" data-element_type=\"widget\" data-e-type=\"widget\" data-widget_type=\"text-editor.default\">\n\t\t\t\t<div class=\"elementor-widget-container\">\n\t\t\t\t\t\t\t\t\t<p>Aikikai es una de las\u00a0<b>estilos m\u00e1s conocidos dentro del Aikido<\/b>\u00a0y tambi\u00e9n se conoce como\u00a0<a href=\"http:\/\/www.aikikai.or.jp\/eng\/information\/index.html\">Fundaci\u00f3n Aikikai<\/a>. La sede (Hombu) de este estilo se encuentra en Tokio, Jap\u00f3n. Donde se imparten clases de Aikido todos los d\u00edas por varios grandes maestros, entre ellos el doshu. Esta es la persona m\u00e1s importante dentro del Aikikai. El sucesor oficial del fundador del Aikido,\u00a0<a href=\"https:\/\/aikido-ando.nl\/es\/oprichter-aikido-morihei-ueshiba\/\">Morihei Ueshiba<\/a>. Actualmente, este papel lo desempe\u00f1a su nieto, Moriteru Ueshiba.<\/p><p>En\u00a0<b>La tarea de Aikikai es<\/b>\u00a0Apoyar el Aikido en todo el mundo y\u00a0<b>certificar instructores y dojos<\/b>. Por lo tanto, los entrenadores de Ando, incluyendo sensei\u00a0<b>Edo y Anne Slui 5\u00ba dan certificado<\/b>\u00a0por Aikikai. Tienen\u00a0<b>tambi\u00e9n el t\u00edtulo shidoin<\/b>\u00a0recibido de su gran maestro,\u00a0<a href=\"https:\/\/aikido-ando.nl\/es\/yoshimitsu-yamada\/\">Yoshimitsu Yamada<\/a>, lo que demuestra que son muy h\u00e1biles en Aikido. Esto le da la seguridad de que el Aikido se ense\u00f1a bien como deporte de defensa personal. Visite\u00a0<a href=\"https:\/\/aikido-ando.nl\/es\/past-aikido-bij-jou\/\">aqu\u00ed el autotest<\/a>\u00a0Para saber si el Aikido es adecuado para ti.<\/p>\t\t\t\t\t\t\t\t<\/div>\n\t\t\t\t<\/div>\n\t\t\t\t\t<\/div>\n\t\t\t\t<\/div>\n\t\t<div class=\"elementor-element elementor-element-64e9f762 e-con-full e-flex e-con e-parent\" data-id=\"64e9f762\" data-element_type=\"container\" data-e-type=\"container\">\n\t\t\t\t<div class=\"elementor-element elementor-element-20e2f71 elementor-widget elementor-widget-shortcode\" data-id=\"20e2f71\" data-element_type=\"widget\" data-e-type=\"widget\" data-widget_type=\"shortcode.default\">\n\t\t\t\t<div class=\"elementor-widget-container\">\n\t\t\t\t\t\t\t<div class=\"elementor-shortcode\">\t\t<div data-elementor-type=\"section\" data-elementor-id=\"296\" class=\"elementor elementor-296\" data-elementor-post-type=\"elementor_library\">\n\t\t\t<div class=\"elementor-element elementor-element-31eba413 e-flex e-con-boxed e-con e-parent\" data-id=\"31eba413\" data-element_type=\"container\" data-e-type=\"container\" data-settings=\"{&quot;background_background&quot;:&quot;classic&quot;}\">\n\t\t\t\t\t<div class=\"e-con-inner\">\n\t\t\t\t<div class=\"elementor-element elementor-element-15e4890e elementor-widget elementor-widget-heading\" data-id=\"15e4890e\" data-element_type=\"widget\" data-e-type=\"widget\" data-widget_type=\"heading.default\">\n\t\t\t\t<div class=\"elementor-widget-container\">\n\t\t\t\t\t<div class=\"elementor-heading-title elementor-size-default\">Personal<br>\nel crecimiento en tus manos<\/div>\t\t\t\t<\/div>\n\t\t\t\t<\/div>\n\t\t\t\t<div class=\"elementor-element elementor-element-7048f5f elementor-widget elementor-widget-heading\" data-id=\"7048f5f\" data-element_type=\"widget\" data-e-type=\"widget\" data-widget_type=\"heading.default\">\n\t\t\t\t<div class=\"elementor-widget-container\">\n\t\t\t\t\t<div class=\"elementor-heading-title elementor-size-default\">Sea lo que sea en lo que quieras crecer, con el Aikido encontrar\u00e1s el camino.<\/div>\t\t\t\t<\/div>\n\t\t\t\t<\/div>\n\t\t\t\t<div class=\"elementor-element elementor-element-7c66c64b elementor-align-center elementor-widget elementor-widget-button\" data-id=\"7c66c64b\" data-element_type=\"widget\" data-e-type=\"widget\" data-widget_type=\"button.default\">\n\t\t\t\t<div class=\"elementor-widget-container\">\n\t\t\t\t\t\t\t\t\t<div class=\"elementor-button-wrapper\">\n\t\t\t\t\t<a class=\"elementor-button elementor-button-link elementor-size-sm\" href=\"https:\/\/ando-aikido.gotgrib.nl\/member\/selfservice\/registration\/628769c029bbb\">\n\t\t\t\t\t\t<span class=\"elementor-button-content-wrapper\">\n\t\t\t\t\t\t\t\t\t<span class=\"elementor-button-text\">Programar una clase introductoria<\/span>\n\t\t\t\t\t<\/span>\n\t\t\t\t\t<\/a>\n\t\t\t\t<\/div>\n\t\t\t\t\t\t\t\t<\/div>\n\t\t\t\t<\/div>\n\t\t\t\t\t<\/div>\n\t\t\t\t<\/div>\n\t\t\t\t<\/div>\n\t\t<\/div>\n\t\t\t\t\t\t<\/div>\n\t\t\t\t<\/div>\n\t\t\t\t<\/div>\n\t\t\t\t<\/div>","protected":false},"excerpt":{"rendered":"<p>Aikido als zelfverdedigingssport Aikido is een zelfverdedigingssport, maar dan zonder competitie element. Een Japanse krijgskunst gebaseerd op een filosofie van geweldloosheid en harmonie. Ontstaan uit de oude tradities en vaardigheden van de Japanse samoerai. Ondanks of juist misschien dankzij het geweldloze karakter, geldt Aikido als een uiterst effectieve zelfverdedigingsmethode. Dat maakt waarom Aikido o.a. deel [&hellip;]<\/p>\n","protected":false},"author":1,"featured_media":1657,"parent":0,"menu_order":0,"comment_status":"closed","ping_status":"closed","template":"elementor_header_footer","meta":{"footnotes":""},"class_list":["post-283","page","type-page","status-publish","has-post-thumbnail","hentry"],"yoast_head":"<!-- This site is optimized with the Yoast SEO Premium plugin v27.3 (Yoast SEO v27.3) - https:\/\/yoast.com\/product\/yoast-seo-premium-wordpress\/ -->\n<title>Aikido - Aikido ANDO<\/title>\n<meta name=\"description\" content=\"Aikido de Japanse zelfverdedigingssport van harmonie en geweldloosheid. Geschikt voor alle leeftijden, versterkt zowel fysiek als mentaal.\" \/>\n<meta name=\"robots\" content=\"index, follow, max-snippet:-1, max-image-preview:large, max-video-preview:-1\" \/>\n<link rel=\"canonical\" href=\"https:\/\/aikido-ando.nl\/es\/aikido-como-defensa-personal\/\" \/>\n<meta property=\"og:locale\" content=\"es_ES\" \/>\n<meta property=\"og:type\" content=\"article\" \/>\n<meta property=\"og:title\" content=\"Aikido\" \/>\n<meta property=\"og:description\" content=\"Aikido de Japanse zelfverdedigingssport van harmonie en geweldloosheid. Geschikt voor alle leeftijden, versterkt zowel fysiek als mentaal.\" \/>\n<meta property=\"og:url\" content=\"https:\/\/aikido-ando.nl\/es\/aikido-como-defensa-personal\/\" \/>\n<meta property=\"og:site_name\" content=\"Aikido ANDO\" \/>\n<meta property=\"article:publisher\" content=\"https:\/\/www.facebook.com\/andoaikido\" \/>\n<meta property=\"article:modified_time\" content=\"2025-12-30T09:43:34+00:00\" \/>\n<meta property=\"og:image\" content=\"https:\/\/aikido-ando.nl\/wp-content\/uploads\/Aikido_Fotoshoot_Ando_Dojo_SintOedenrode_Edo_Anne_Slui_Aikikai_Dojo_Netherlands.webp\" \/>\n\t<meta property=\"og:image:width\" content=\"1920\" \/>\n\t<meta property=\"og:image:height\" content=\"600\" \/>\n\t<meta property=\"og:image:type\" content=\"image\/webp\" \/>\n<meta name=\"twitter:card\" content=\"summary_large_image\" \/>\n<meta name=\"twitter:label1\" content=\"Tiempo de lectura\" \/>\n\t<meta name=\"twitter:data1\" content=\"4 minutos\" \/>\n<script type=\"application\/ld+json\" class=\"yoast-schema-graph\">{\"@context\":\"https:\\\/\\\/schema.org\",\"@graph\":[{\"@type\":\"WebPage\",\"@id\":\"https:\\\/\\\/aikido-ando.nl\\\/aikido-als-zelfverdediging\\\/\",\"url\":\"https:\\\/\\\/aikido-ando.nl\\\/aikido-als-zelfverdediging\\\/\",\"name\":\"Aikido - Aikido ANDO\",\"isPartOf\":{\"@id\":\"https:\\\/\\\/aikido-ando.nl\\\/#website\"},\"primaryImageOfPage\":{\"@id\":\"https:\\\/\\\/aikido-ando.nl\\\/aikido-als-zelfverdediging\\\/#primaryimage\"},\"image\":{\"@id\":\"https:\\\/\\\/aikido-ando.nl\\\/aikido-als-zelfverdediging\\\/#primaryimage\"},\"thumbnailUrl\":\"https:\\\/\\\/aikido-ando.nl\\\/wp-content\\\/uploads\\\/Aikido_Fotoshoot_Ando_Dojo_SintOedenrode_Edo_Anne_Slui_Aikikai_Dojo_Netherlands.webp\",\"datePublished\":\"2024-08-13T22:46:22+00:00\",\"dateModified\":\"2025-12-30T09:43:34+00:00\",\"description\":\"Aikido de Japanse zelfverdedigingssport van harmonie en geweldloosheid. Geschikt voor alle leeftijden, versterkt zowel fysiek als mentaal.\",\"breadcrumb\":{\"@id\":\"https:\\\/\\\/aikido-ando.nl\\\/aikido-als-zelfverdediging\\\/#breadcrumb\"},\"inLanguage\":\"es\",\"potentialAction\":[{\"@type\":\"ReadAction\",\"target\":[\"https:\\\/\\\/aikido-ando.nl\\\/aikido-als-zelfverdediging\\\/\"]}]},{\"@type\":\"ImageObject\",\"inLanguage\":\"es\",\"@id\":\"https:\\\/\\\/aikido-ando.nl\\\/aikido-als-zelfverdediging\\\/#primaryimage\",\"url\":\"https:\\\/\\\/aikido-ando.nl\\\/wp-content\\\/uploads\\\/Aikido_Fotoshoot_Ando_Dojo_SintOedenrode_Edo_Anne_Slui_Aikikai_Dojo_Netherlands.webp\",\"contentUrl\":\"https:\\\/\\\/aikido-ando.nl\\\/wp-content\\\/uploads\\\/Aikido_Fotoshoot_Ando_Dojo_SintOedenrode_Edo_Anne_Slui_Aikikai_Dojo_Netherlands.webp\",\"width\":1920,\"height\":600,\"caption\":\"Sensei Edo met uke Anne Slui geven een Aikido demonstratie in de natuur om te laten zien hoe prachtig deze sport is die natuurlijke beweging kent.\"},{\"@type\":\"BreadcrumbList\",\"@id\":\"https:\\\/\\\/aikido-ando.nl\\\/aikido-als-zelfverdediging\\\/#breadcrumb\",\"itemListElement\":[{\"@type\":\"ListItem\",\"position\":1,\"name\":\"Home\",\"item\":\"https:\\\/\\\/aikido-ando.nl\\\/\"},{\"@type\":\"ListItem\",\"position\":2,\"name\":\"Aikido\"}]},{\"@type\":\"WebSite\",\"@id\":\"https:\\\/\\\/aikido-ando.nl\\\/#website\",\"url\":\"https:\\\/\\\/aikido-ando.nl\\\/\",\"name\":\"Aikido Ando\",\"description\":\"\",\"publisher\":{\"@id\":\"https:\\\/\\\/aikido-ando.nl\\\/#organization\"},\"potentialAction\":[{\"@type\":\"SearchAction\",\"target\":{\"@type\":\"EntryPoint\",\"urlTemplate\":\"https:\\\/\\\/aikido-ando.nl\\\/?s={search_term_string}\"},\"query-input\":{\"@type\":\"PropertyValueSpecification\",\"valueRequired\":true,\"valueName\":\"search_term_string\"}}],\"inLanguage\":\"es\"},{\"@type\":\"Organization\",\"@id\":\"https:\\\/\\\/aikido-ando.nl\\\/#organization\",\"name\":\"Aikido Ando\",\"url\":\"https:\\\/\\\/aikido-ando.nl\\\/\",\"logo\":{\"@type\":\"ImageObject\",\"inLanguage\":\"es\",\"@id\":\"https:\\\/\\\/aikido-ando.nl\\\/#\\\/schema\\\/logo\\\/image\\\/\",\"url\":\"https:\\\/\\\/aikido-ando.nl\\\/wp-content\\\/uploads\\\/Logo.webp\",\"contentUrl\":\"https:\\\/\\\/aikido-ando.nl\\\/wp-content\\\/uploads\\\/Logo.webp\",\"width\":500,\"height\":500,\"caption\":\"Aikido Ando\"},\"image\":{\"@id\":\"https:\\\/\\\/aikido-ando.nl\\\/#\\\/schema\\\/logo\\\/image\\\/\"},\"sameAs\":[\"https:\\\/\\\/www.facebook.com\\\/andoaikido\",\"https:\\\/\\\/www.instagram.com\\\/andoaikido\\\/\",\"https:\\\/\\\/www.tiktok.com\\\/404?fromUrl=\\\/andoaikido\",\"https:\\\/\\\/www.linkedin.com\\\/company\\\/andoaikido?originalSubdomain=nl\"]}]}<\/script>\n<!-- \/ Yoast SEO Premium plugin. -->","yoast_head_json":{"title":"Aikido - Aikido ANDO","description":"Aikido, el deporte japon\u00e9s de defensa personal basado en la armon\u00eda y la no violencia. Apto para todas las edades, fortalece tanto f\u00edsica como mentalmente.","robots":{"index":"index","follow":"follow","max-snippet":"max-snippet:-1","max-image-preview":"max-image-preview:large","max-video-preview":"max-video-preview:-1"},"canonical":"https:\/\/aikido-ando.nl\/es\/aikido-como-defensa-personal\/","og_locale":"es_ES","og_type":"article","og_title":"Aikido","og_description":"Aikido de Japanse zelfverdedigingssport van harmonie en geweldloosheid. Geschikt voor alle leeftijden, versterkt zowel fysiek als mentaal.","og_url":"https:\/\/aikido-ando.nl\/es\/aikido-como-defensa-personal\/","og_site_name":"Aikido ANDO","article_publisher":"https:\/\/www.facebook.com\/andoaikido","article_modified_time":"2025-12-30T09:43:34+00:00","og_image":[{"width":1920,"height":600,"url":"https:\/\/aikido-ando.nl\/wp-content\/uploads\/Aikido_Fotoshoot_Ando_Dojo_SintOedenrode_Edo_Anne_Slui_Aikikai_Dojo_Netherlands.webp","type":"image\/webp"}],"twitter_card":"summary_large_image","twitter_misc":{"Tiempo de lectura":"4 minutos"},"schema":{"@context":"https:\/\/schema.org","@graph":[{"@type":"WebPage","@id":"https:\/\/aikido-ando.nl\/aikido-als-zelfverdediging\/","url":"https:\/\/aikido-ando.nl\/aikido-als-zelfverdediging\/","name":"Aikido - Aikido ANDO","isPartOf":{"@id":"https:\/\/aikido-ando.nl\/#website"},"primaryImageOfPage":{"@id":"https:\/\/aikido-ando.nl\/aikido-als-zelfverdediging\/#primaryimage"},"image":{"@id":"https:\/\/aikido-ando.nl\/aikido-als-zelfverdediging\/#primaryimage"},"thumbnailUrl":"https:\/\/aikido-ando.nl\/wp-content\/uploads\/Aikido_Fotoshoot_Ando_Dojo_SintOedenrode_Edo_Anne_Slui_Aikikai_Dojo_Netherlands.webp","datePublished":"2024-08-13T22:46:22+00:00","dateModified":"2025-12-30T09:43:34+00:00","description":"Aikido, el deporte japon\u00e9s de defensa personal basado en la armon\u00eda y la no violencia. Apto para todas las edades, fortalece tanto f\u00edsica como mentalmente.","breadcrumb":{"@id":"https:\/\/aikido-ando.nl\/aikido-als-zelfverdediging\/#breadcrumb"},"inLanguage":"es","potentialAction":[{"@type":"ReadAction","target":["https:\/\/aikido-ando.nl\/aikido-als-zelfverdediging\/"]}]},{"@type":"ImageObject","inLanguage":"es","@id":"https:\/\/aikido-ando.nl\/aikido-als-zelfverdediging\/#primaryimage","url":"https:\/\/aikido-ando.nl\/wp-content\/uploads\/Aikido_Fotoshoot_Ando_Dojo_SintOedenrode_Edo_Anne_Slui_Aikikai_Dojo_Netherlands.webp","contentUrl":"https:\/\/aikido-ando.nl\/wp-content\/uploads\/Aikido_Fotoshoot_Ando_Dojo_SintOedenrode_Edo_Anne_Slui_Aikikai_Dojo_Netherlands.webp","width":1920,"height":600,"caption":"Sensei Edo met uke Anne Slui geven een Aikido demonstratie in de natuur om te laten zien hoe prachtig deze sport is die natuurlijke beweging kent."},{"@type":"BreadcrumbList","@id":"https:\/\/aikido-ando.nl\/aikido-als-zelfverdediging\/#breadcrumb","itemListElement":[{"@type":"ListItem","position":1,"name":"Home","item":"https:\/\/aikido-ando.nl\/"},{"@type":"ListItem","position":2,"name":"Aikido"}]},{"@type":"WebSite","@id":"https:\/\/aikido-ando.nl\/#website","url":"https:\/\/aikido-ando.nl\/","name":"Aikido Ando","description":"","publisher":{"@id":"https:\/\/aikido-ando.nl\/#organization"},"potentialAction":[{"@type":"SearchAction","target":{"@type":"EntryPoint","urlTemplate":"https:\/\/aikido-ando.nl\/?s={search_term_string}"},"query-input":{"@type":"PropertyValueSpecification","valueRequired":true,"valueName":"search_term_string"}}],"inLanguage":"es"},{"@type":"Organization","@id":"https:\/\/aikido-ando.nl\/#organization","name":"Aikido Ando","url":"https:\/\/aikido-ando.nl\/","logo":{"@type":"ImageObject","inLanguage":"es","@id":"https:\/\/aikido-ando.nl\/#\/schema\/logo\/image\/","url":"https:\/\/aikido-ando.nl\/wp-content\/uploads\/Logo.webp","contentUrl":"https:\/\/aikido-ando.nl\/wp-content\/uploads\/Logo.webp","width":500,"height":500,"caption":"Aikido Ando"},"image":{"@id":"https:\/\/aikido-ando.nl\/#\/schema\/logo\/image\/"},"sameAs":["https:\/\/www.facebook.com\/andoaikido","https:\/\/www.instagram.com\/andoaikido\/","https:\/\/www.tiktok.com\/404?fromUrl=\/andoaikido","https:\/\/www.linkedin.com\/company\/andoaikido?originalSubdomain=nl"]}]}},"_links":{"self":[{"href":"https:\/\/aikido-ando.nl\/es\/wp-json\/wp\/v2\/pages\/283","targetHints":{"allow":["GET"]}}],"collection":[{"href":"https:\/\/aikido-ando.nl\/es\/wp-json\/wp\/v2\/pages"}],"about":[{"href":"https:\/\/aikido-ando.nl\/es\/wp-json\/wp\/v2\/types\/page"}],"author":[{"embeddable":true,"href":"https:\/\/aikido-ando.nl\/es\/wp-json\/wp\/v2\/users\/1"}],"replies":[{"embeddable":true,"href":"https:\/\/aikido-ando.nl\/es\/wp-json\/wp\/v2\/comments?post=283"}],"version-history":[{"count":0,"href":"https:\/\/aikido-ando.nl\/es\/wp-json\/wp\/v2\/pages\/283\/revisions"}],"wp:featuredmedia":[{"embeddable":true,"href":"https:\/\/aikido-ando.nl\/es\/wp-json\/wp\/v2\/media\/1657"}],"wp:attachment":[{"href":"https:\/\/aikido-ando.nl\/es\/wp-json\/wp\/v2\/media?parent=283"}],"curies":[{"name":"wp","href":"https:\/\/api.w.org\/{rel}","templated":true}]}}