{"id":499,"date":"2024-10-08T20:10:27","date_gmt":"2024-10-08T18:10:27","guid":{"rendered":"https:\/\/aikido-ando.nl\/?page_id=499"},"modified":"2025-08-09T19:59:20","modified_gmt":"2025-08-09T17:59:20","slug":"aikido-zelfverdediging","status":"publish","type":"page","link":"https:\/\/aikido-ando.nl\/es\/aikido-zelfverdediging\/","title":{"rendered":"Aikido Eindhoven"},"content":{"rendered":"<div data-elementor-type=\"wp-page\" data-elementor-id=\"499\" class=\"elementor elementor-499\" data-elementor-post-type=\"page\">\n\t\t\t\t<div class=\"elementor-element elementor-element-3ba6958 e-flex e-con-boxed e-con e-parent\" data-id=\"3ba6958\" data-element_type=\"container\" data-e-type=\"container\">\n\t\t\t\t\t<div class=\"e-con-inner\">\n\t\t<div class=\"elementor-element elementor-element-a9b9daf e-con-full e-flex e-con e-child\" data-id=\"a9b9daf\" data-element_type=\"container\" data-e-type=\"container\">\n\t\t\t\t<div class=\"elementor-element elementor-element-28b4ca3 elementor-widget elementor-widget-text-editor\" data-id=\"28b4ca3\" data-element_type=\"widget\" data-e-type=\"widget\" data-widget_type=\"text-editor.default\">\n\t\t\t\t<div class=\"elementor-widget-container\">\n\t\t\t\t\t\t\t\t\t<p><strong>Ando verzorgt al 20 jaar Aikido-lessen in Eindhoven en heeft zich hiermee als een gevestigde naam gepositioneerd. De trainers, sensei Edo en Anne Slui, beschikken beiden over de 5e dan Aikikai en zijn de jongste docenten die op dit hoge niveau lesgeven. Uniek in Eindhoven! Zij waren directe leerlingen van grootmeesters zoals Christian Tissier en Yoshimitsu Yamada, wat hen een solide basis heeft gegeven. Wil je meer weten over deze grootmeesters? Lees hier verder.<\/strong><\/p>\t\t\t\t\t\t\t\t<\/div>\n\t\t\t\t<\/div>\n\t\t\t\t<div class=\"elementor-element elementor-element-6d660bf elementor-widget elementor-widget-text-editor\" data-id=\"6d660bf\" data-element_type=\"widget\" data-e-type=\"widget\" data-widget_type=\"text-editor.default\">\n\t\t\t\t<div class=\"elementor-widget-container\">\n\t\t\t\t\t\t\t\t\t<h3>Aikikai Aikido<\/h3><p>Ons Aikido kenmerkt zich doordat het niet lomp, hard of gemeen is, maar eerder <strong>vloeiend, controlerend<\/strong> y <strong>stevig<\/strong>. Aikido is tenslotte geen vechtsport, maar een <strong>zelfverdedigingskunst<\/strong>. Iets wat je van een Aikikai dojo mag verwachten. Bekijk de kleine video impressie hieronder opgenomen bij Fontys Eindhoven. Onze trainers weten als geen ander een vertaalslag te maken naar zowel onze kinder- en jeugdgroepen als naar onze volwassen groepen door hun <b>eigen Aikido-lesmethode <\/b>die aansluit bij zowel beginners als gevorderden.<\/p><h3>Internationale Dojo<\/h3><p>De leerlingen op de mat zijn niet alleen uit Eindhoven, maar de dojo heeft ook een <b>internationale allure <\/b>met expats die hun weg naar de dojo vinden. De deuren van onze dojo staan altijd open voor iedereen die kennis wil maken met deze interessante en uitdagende krijgskunst. <b>Jaarlijks worden er seminars georganiseerd<\/b> met grootmeesters uit het buitenland, waarbij we al gastheren zijn geweest voor <a href=\"https:\/\/aikido-ando.nl\/es\/yoshimitsu-yamada\/\">Yoshimitsu Yamada<\/a> (8e dan), Fukakusa sensei (8e dan), Harvey Konigsberg (8e dan) en <a href=\"https:\/\/aikido-ando.nl\/es\/donovan-waite\/\">Donovan Waite<\/a> (7e dan). Daarnaast organiseren we priv\u00e9seminars met bijvoorbeeld\u00a0Michelle Feilen shihan\u00a0om themagericht te trainen.<\/p>\t\t\t\t\t\t\t\t<\/div>\n\t\t\t\t<\/div>\n\t\t\t\t<\/div>\n\t\t\t\t\t<\/div>\n\t\t\t\t<\/div>\n\t\t<div class=\"elementor-element elementor-element-1d8e3ca e-flex e-con-boxed e-con e-parent\" data-id=\"1d8e3ca\" data-element_type=\"container\" data-e-type=\"container\">\n\t\t\t\t\t<div class=\"e-con-inner\">\n\t\t\t\t<div class=\"elementor-element elementor-element-5529c63 elementor-widget elementor-widget-video\" data-id=\"5529c63\" data-element_type=\"widget\" data-e-type=\"widget\" data-settings=\"{&quot;youtube_url&quot;:&quot;https:\\\/\\\/www.youtube.com\\\/watch?v=FLPRkAyDW6w&quot;,&quot;video_type&quot;:&quot;youtube&quot;,&quot;controls&quot;:&quot;yes&quot;}\" data-widget_type=\"video.default\">\n\t\t\t\t<div class=\"elementor-widget-container\">\n\t\t\t\t\t\t\t<div class=\"elementor-wrapper elementor-open-inline\">\n\t\t\t<div class=\"elementor-video\"><\/div>\t\t<\/div>\n\t\t\t\t\t\t<\/div>\n\t\t\t\t<\/div>\n\t\t\t\t\t<\/div>\n\t\t\t\t<\/div>\n\t\t<div class=\"elementor-element elementor-element-af35f1d e-flex e-con-boxed e-con e-parent\" data-id=\"af35f1d\" data-element_type=\"container\" data-e-type=\"container\">\n\t\t\t\t\t<div class=\"e-con-inner\">\n\t\t\t\t<div class=\"elementor-element elementor-element-aef182c elementor-widget elementor-widget-text-editor\" data-id=\"aef182c\" data-element_type=\"widget\" data-e-type=\"widget\" data-widget_type=\"text-editor.default\">\n\t\t\t\t<div class=\"elementor-widget-container\">\n\t\t\t\t\t\t\t\t\t<h3>Aikido dojo bij jou in de buurt<\/h3><p>Elke locatie van Ando is uniek, maar ongeacht of je een beginner of gevorderde bent, je voelt je direct thuis, ongeacht je leeftijd. Onze <strong>Aikikai-gecertificeerde trainers<\/strong> bieden begeleiding tijdens zowel de kinder- en jeugdlessen als de trainingen voor volwassenen. Ze dagen je uit om je <strong>fysieke en mentale veerkracht<\/strong> te versterken, waardoor je weerbaarder wordt in een samenleving die steeds minder sociaal lijkt te worden. In tegenstelling tot andere verdedigingssporten, bieden wij de mogelijkheid voor ouders om langs de rand van de mat toe te kijken.<\/p><p><strong>Ben je benieuwd of Aikido iets voor jou is?<\/strong> Doe hier de zelftest of lees recensies over ons op social media. In onze community vind je leuke filmpjes, posts en verslagen van city-trips die we ondernemen met onze leden.<\/p><p><a href=\"https:\/\/aikido-ando.nl\/es\/aikido-locaties-en-tijden\/\">Hier vind je lokaties en tijden.<\/a><\/p>\t\t\t\t\t\t\t\t<\/div>\n\t\t\t\t<\/div>\n\t\t\t\t\t<\/div>\n\t\t\t\t<\/div>\n\t\t<div class=\"elementor-element elementor-element-7d23b1b9 e-flex e-con-boxed e-con e-parent\" data-id=\"7d23b1b9\" data-element_type=\"container\" data-e-type=\"container\" data-settings=\"{&quot;background_background&quot;:&quot;classic&quot;}\">\n\t\t\t\t\t<div class=\"e-con-inner\">\n\t\t<div class=\"elementor-element elementor-element-454d3339 e-con-full e-flex e-con e-child\" data-id=\"454d3339\" data-element_type=\"container\" data-e-type=\"container\" data-settings=\"{&quot;background_background&quot;:&quot;classic&quot;}\">\n\t\t\t\t<div class=\"elementor-element elementor-element-272a1616 elementor-widget elementor-widget-text-editor\" data-id=\"272a1616\" data-element_type=\"widget\" data-e-type=\"widget\" data-widget_type=\"text-editor.default\">\n\t\t\t\t<div class=\"elementor-widget-container\">\n\t\t\t\t\t\t\t\t\t<p>Aikido Ando geeft demonstratie in Eindhoven bij het Philips klokkengebouw<\/p>\t\t\t\t\t\t\t\t<\/div>\n\t\t\t\t<\/div>\n\t\t\t\t<\/div>\n\t\t<div class=\"elementor-element elementor-element-10dea3ab e-con-full e-flex e-con e-child\" data-id=\"10dea3ab\" data-element_type=\"container\" data-e-type=\"container\" data-settings=\"{&quot;background_background&quot;:&quot;classic&quot;}\">\n\t\t\t\t<div class=\"elementor-element elementor-element-57a855f0 elementor-widget elementor-widget-text-editor\" data-id=\"57a855f0\" data-element_type=\"widget\" data-e-type=\"widget\" data-widget_type=\"text-editor.default\">\n\t\t\t\t<div class=\"elementor-widget-container\">\n\t\t\t\t\t\t\t\t\t<p>Sensei Anne werpt Edo door de lucht met de Jo in Strijp-S\u00a0<\/p>\t\t\t\t\t\t\t\t<\/div>\n\t\t\t\t<\/div>\n\t\t\t\t<\/div>\n\t\t\t\t\t<\/div>\n\t\t\t\t<\/div>\n\t\t<div class=\"elementor-element elementor-element-71895111 e-flex e-con-boxed e-con e-parent\" data-id=\"71895111\" data-element_type=\"container\" data-e-type=\"container\" data-settings=\"{&quot;background_background&quot;:&quot;classic&quot;}\">\n\t\t\t\t\t<div class=\"e-con-inner\">\n\t\t\t\t<div class=\"elementor-element elementor-element-1b692427 elementor-widget elementor-widget-heading\" data-id=\"1b692427\" data-element_type=\"widget\" data-e-type=\"widget\" data-widget_type=\"heading.default\">\n\t\t\t\t<div class=\"elementor-widget-container\">\n\t\t\t\t\t<div class=\"elementor-heading-title elementor-size-default\">Personal<br>\nel crecimiento en tus manos<\/div>\t\t\t\t<\/div>\n\t\t\t\t<\/div>\n\t\t\t\t<div class=\"elementor-element elementor-element-643e5a8c elementor-widget elementor-widget-heading\" data-id=\"643e5a8c\" data-element_type=\"widget\" data-e-type=\"widget\" data-widget_type=\"heading.default\">\n\t\t\t\t<div class=\"elementor-widget-container\">\n\t\t\t\t\t<div class=\"elementor-heading-title elementor-size-default\">Sea lo que sea en lo que quieras crecer, con el Aikido encontrar\u00e1s el camino.<\/div>\t\t\t\t<\/div>\n\t\t\t\t<\/div>\n\t\t\t\t<div class=\"elementor-element elementor-element-f4f700f elementor-align-center elementor-widget elementor-widget-button\" data-id=\"f4f700f\" data-element_type=\"widget\" data-e-type=\"widget\" data-widget_type=\"button.default\">\n\t\t\t\t<div class=\"elementor-widget-container\">\n\t\t\t\t\t\t\t\t\t<div class=\"elementor-button-wrapper\">\n\t\t\t\t\t<a class=\"elementor-button elementor-button-link elementor-size-sm\" href=\"https:\/\/ando-aikido.gotgrib.nl\/member\/selfservice\/registration\/628769c029bbb\">\n\t\t\t\t\t\t<span class=\"elementor-button-content-wrapper\">\n\t\t\t\t\t\t\t\t\t<span class=\"elementor-button-text\">Programar una clase introductoria<\/span>\n\t\t\t\t\t<\/span>\n\t\t\t\t\t<\/a>\n\t\t\t\t<\/div>\n\t\t\t\t\t\t\t\t<\/div>\n\t\t\t\t<\/div>\n\t\t\t\t\t<\/div>\n\t\t\t\t<\/div>\n\t\t\t\t<\/div>","protected":false},"excerpt":{"rendered":"<p>Ando verzorgt al 20 jaar Aikido-lessen in Eindhoven en heeft zich hiermee als een gevestigde naam gepositioneerd. De trainers, sensei Edo en Anne Slui, beschikken beiden over de 5e dan Aikikai en zijn de jongste docenten die op dit hoge niveau lesgeven. Uniek in Eindhoven! Zij waren directe leerlingen van grootmeesters zoals Christian Tissier en [&hellip;]<\/p>\n","protected":false},"author":1,"featured_media":1675,"parent":0,"menu_order":0,"comment_status":"closed","ping_status":"closed","template":"","meta":{"footnotes":""},"class_list":["post-499","page","type-page","status-publish","has-post-thumbnail","hentry"],"yoast_head":"<!-- This site is optimized with the Yoast SEO Premium plugin v27.3 (Yoast SEO v27.3) - https:\/\/yoast.com\/product\/yoast-seo-premium-wordpress\/ -->\n<title>Aikido Eindhoven - Aikido ANDO<\/title>\n<meta name=\"description\" content=\"Leer Aikido bij Ando: een unieke combinatie van zelfverdediging, harmonie en persoonlijke groei. Plan je introductieles vandaag!\" \/>\n<meta name=\"robots\" content=\"index, follow, max-snippet:-1, max-image-preview:large, max-video-preview:-1\" \/>\n<link rel=\"canonical\" href=\"https:\/\/aikido-ando.nl\/es\/aikido-zelfverdediging\/\" \/>\n<meta property=\"og:locale\" content=\"es_ES\" \/>\n<meta property=\"og:type\" content=\"article\" \/>\n<meta property=\"og:title\" content=\"Aikido Eindhoven\" \/>\n<meta property=\"og:description\" content=\"Leer Aikido bij Ando: een unieke combinatie van zelfverdediging, harmonie en persoonlijke groei. Plan je introductieles vandaag!\" \/>\n<meta property=\"og:url\" content=\"https:\/\/aikido-ando.nl\/es\/aikido-zelfverdediging\/\" \/>\n<meta property=\"og:site_name\" content=\"Aikido ANDO\" \/>\n<meta property=\"article:publisher\" content=\"https:\/\/www.facebook.com\/andoaikido\" \/>\n<meta property=\"article:modified_time\" content=\"2025-08-09T17:59:20+00:00\" \/>\n<meta property=\"og:image\" content=\"https:\/\/aikido-ando.nl\/wp-content\/uploads\/Ando_Eindhoven_Klokgebouw_AnneSlui_Sensei-1.webp\" \/>\n\t<meta property=\"og:image:width\" content=\"1920\" \/>\n\t<meta property=\"og:image:height\" content=\"600\" \/>\n\t<meta property=\"og:image:type\" content=\"image\/webp\" \/>\n<meta name=\"twitter:card\" content=\"summary_large_image\" \/>\n<meta name=\"twitter:label1\" content=\"Tiempo de lectura\" \/>\n\t<meta name=\"twitter:data1\" content=\"3 minutos\" \/>\n<script type=\"application\/ld+json\" class=\"yoast-schema-graph\">{\"@context\":\"https:\\\/\\\/schema.org\",\"@graph\":[{\"@type\":\"WebPage\",\"@id\":\"https:\\\/\\\/aikido-ando.nl\\\/aikido-zelfverdediging\\\/\",\"url\":\"https:\\\/\\\/aikido-ando.nl\\\/aikido-zelfverdediging\\\/\",\"name\":\"Aikido Eindhoven - Aikido ANDO\",\"isPartOf\":{\"@id\":\"https:\\\/\\\/aikido-ando.nl\\\/#website\"},\"primaryImageOfPage\":{\"@id\":\"https:\\\/\\\/aikido-ando.nl\\\/aikido-zelfverdediging\\\/#primaryimage\"},\"image\":{\"@id\":\"https:\\\/\\\/aikido-ando.nl\\\/aikido-zelfverdediging\\\/#primaryimage\"},\"thumbnailUrl\":\"https:\\\/\\\/aikido-ando.nl\\\/wp-content\\\/uploads\\\/Ando_Eindhoven_Klokgebouw_AnneSlui_Sensei-1.webp\",\"datePublished\":\"2024-10-08T18:10:27+00:00\",\"dateModified\":\"2025-08-09T17:59:20+00:00\",\"description\":\"Leer Aikido bij Ando: een unieke combinatie van zelfverdediging, harmonie en persoonlijke groei. Plan je introductieles vandaag!\",\"breadcrumb\":{\"@id\":\"https:\\\/\\\/aikido-ando.nl\\\/aikido-zelfverdediging\\\/#breadcrumb\"},\"inLanguage\":\"es\",\"potentialAction\":[{\"@type\":\"ReadAction\",\"target\":[\"https:\\\/\\\/aikido-ando.nl\\\/aikido-zelfverdediging\\\/\"]}]},{\"@type\":\"ImageObject\",\"inLanguage\":\"es\",\"@id\":\"https:\\\/\\\/aikido-ando.nl\\\/aikido-zelfverdediging\\\/#primaryimage\",\"url\":\"https:\\\/\\\/aikido-ando.nl\\\/wp-content\\\/uploads\\\/Ando_Eindhoven_Klokgebouw_AnneSlui_Sensei-1.webp\",\"contentUrl\":\"https:\\\/\\\/aikido-ando.nl\\\/wp-content\\\/uploads\\\/Ando_Eindhoven_Klokgebouw_AnneSlui_Sensei-1.webp\",\"width\":1920,\"height\":600,\"caption\":\"Sensei Edo en Anne geven Aikido demonstratie op Strijp-S bij Klokkengebouw in Eindhoven. Ando dojo vind je in Eindhoven.\"},{\"@type\":\"BreadcrumbList\",\"@id\":\"https:\\\/\\\/aikido-ando.nl\\\/aikido-zelfverdediging\\\/#breadcrumb\",\"itemListElement\":[{\"@type\":\"ListItem\",\"position\":1,\"name\":\"Home\",\"item\":\"https:\\\/\\\/aikido-ando.nl\\\/\"},{\"@type\":\"ListItem\",\"position\":2,\"name\":\"Aikido Eindhoven\"}]},{\"@type\":\"WebSite\",\"@id\":\"https:\\\/\\\/aikido-ando.nl\\\/#website\",\"url\":\"https:\\\/\\\/aikido-ando.nl\\\/\",\"name\":\"Aikido Ando\",\"description\":\"\",\"publisher\":{\"@id\":\"https:\\\/\\\/aikido-ando.nl\\\/#organization\"},\"potentialAction\":[{\"@type\":\"SearchAction\",\"target\":{\"@type\":\"EntryPoint\",\"urlTemplate\":\"https:\\\/\\\/aikido-ando.nl\\\/?s={search_term_string}\"},\"query-input\":{\"@type\":\"PropertyValueSpecification\",\"valueRequired\":true,\"valueName\":\"search_term_string\"}}],\"inLanguage\":\"es\"},{\"@type\":\"Organization\",\"@id\":\"https:\\\/\\\/aikido-ando.nl\\\/#organization\",\"name\":\"Aikido Ando\",\"url\":\"https:\\\/\\\/aikido-ando.nl\\\/\",\"logo\":{\"@type\":\"ImageObject\",\"inLanguage\":\"es\",\"@id\":\"https:\\\/\\\/aikido-ando.nl\\\/#\\\/schema\\\/logo\\\/image\\\/\",\"url\":\"https:\\\/\\\/aikido-ando.nl\\\/wp-content\\\/uploads\\\/Logo.webp\",\"contentUrl\":\"https:\\\/\\\/aikido-ando.nl\\\/wp-content\\\/uploads\\\/Logo.webp\",\"width\":500,\"height\":500,\"caption\":\"Aikido Ando\"},\"image\":{\"@id\":\"https:\\\/\\\/aikido-ando.nl\\\/#\\\/schema\\\/logo\\\/image\\\/\"},\"sameAs\":[\"https:\\\/\\\/www.facebook.com\\\/andoaikido\",\"https:\\\/\\\/www.instagram.com\\\/andoaikido\\\/\",\"https:\\\/\\\/www.tiktok.com\\\/404?fromUrl=\\\/andoaikido\",\"https:\\\/\\\/www.linkedin.com\\\/company\\\/andoaikido?originalSubdomain=nl\"]}]}<\/script>\n<!-- \/ Yoast SEO Premium plugin. -->","yoast_head_json":{"title":"Aikido Eindhoven - Aikido ANDO","description":"Aprenda Aikido en Ando: una combinaci\u00f3n \u00fanica de defensa personal, armon\u00eda y crecimiento personal. \u00a1Programe su clase introductoria hoy mismo!","robots":{"index":"index","follow":"follow","max-snippet":"max-snippet:-1","max-image-preview":"max-image-preview:large","max-video-preview":"max-video-preview:-1"},"canonical":"https:\/\/aikido-ando.nl\/es\/aikido-zelfverdediging\/","og_locale":"es_ES","og_type":"article","og_title":"Aikido Eindhoven","og_description":"Leer Aikido bij Ando: een unieke combinatie van zelfverdediging, harmonie en persoonlijke groei. Plan je introductieles vandaag!","og_url":"https:\/\/aikido-ando.nl\/es\/aikido-zelfverdediging\/","og_site_name":"Aikido ANDO","article_publisher":"https:\/\/www.facebook.com\/andoaikido","article_modified_time":"2025-08-09T17:59:20+00:00","og_image":[{"width":1920,"height":600,"url":"https:\/\/aikido-ando.nl\/wp-content\/uploads\/Ando_Eindhoven_Klokgebouw_AnneSlui_Sensei-1.webp","type":"image\/webp"}],"twitter_card":"summary_large_image","twitter_misc":{"Tiempo de lectura":"3 minutos"},"schema":{"@context":"https:\/\/schema.org","@graph":[{"@type":"WebPage","@id":"https:\/\/aikido-ando.nl\/aikido-zelfverdediging\/","url":"https:\/\/aikido-ando.nl\/aikido-zelfverdediging\/","name":"Aikido Eindhoven - Aikido ANDO","isPartOf":{"@id":"https:\/\/aikido-ando.nl\/#website"},"primaryImageOfPage":{"@id":"https:\/\/aikido-ando.nl\/aikido-zelfverdediging\/#primaryimage"},"image":{"@id":"https:\/\/aikido-ando.nl\/aikido-zelfverdediging\/#primaryimage"},"thumbnailUrl":"https:\/\/aikido-ando.nl\/wp-content\/uploads\/Ando_Eindhoven_Klokgebouw_AnneSlui_Sensei-1.webp","datePublished":"2024-10-08T18:10:27+00:00","dateModified":"2025-08-09T17:59:20+00:00","description":"Aprenda Aikido en Ando: una combinaci\u00f3n \u00fanica de defensa personal, armon\u00eda y crecimiento personal. \u00a1Programe su clase introductoria hoy mismo!","breadcrumb":{"@id":"https:\/\/aikido-ando.nl\/aikido-zelfverdediging\/#breadcrumb"},"inLanguage":"es","potentialAction":[{"@type":"ReadAction","target":["https:\/\/aikido-ando.nl\/aikido-zelfverdediging\/"]}]},{"@type":"ImageObject","inLanguage":"es","@id":"https:\/\/aikido-ando.nl\/aikido-zelfverdediging\/#primaryimage","url":"https:\/\/aikido-ando.nl\/wp-content\/uploads\/Ando_Eindhoven_Klokgebouw_AnneSlui_Sensei-1.webp","contentUrl":"https:\/\/aikido-ando.nl\/wp-content\/uploads\/Ando_Eindhoven_Klokgebouw_AnneSlui_Sensei-1.webp","width":1920,"height":600,"caption":"Sensei Edo en Anne geven Aikido demonstratie op Strijp-S bij Klokkengebouw in Eindhoven. Ando dojo vind je in Eindhoven."},{"@type":"BreadcrumbList","@id":"https:\/\/aikido-ando.nl\/aikido-zelfverdediging\/#breadcrumb","itemListElement":[{"@type":"ListItem","position":1,"name":"Home","item":"https:\/\/aikido-ando.nl\/"},{"@type":"ListItem","position":2,"name":"Aikido Eindhoven"}]},{"@type":"WebSite","@id":"https:\/\/aikido-ando.nl\/#website","url":"https:\/\/aikido-ando.nl\/","name":"Aikido Ando","description":"","publisher":{"@id":"https:\/\/aikido-ando.nl\/#organization"},"potentialAction":[{"@type":"SearchAction","target":{"@type":"EntryPoint","urlTemplate":"https:\/\/aikido-ando.nl\/?s={search_term_string}"},"query-input":{"@type":"PropertyValueSpecification","valueRequired":true,"valueName":"search_term_string"}}],"inLanguage":"es"},{"@type":"Organization","@id":"https:\/\/aikido-ando.nl\/#organization","name":"Aikido Ando","url":"https:\/\/aikido-ando.nl\/","logo":{"@type":"ImageObject","inLanguage":"es","@id":"https:\/\/aikido-ando.nl\/#\/schema\/logo\/image\/","url":"https:\/\/aikido-ando.nl\/wp-content\/uploads\/Logo.webp","contentUrl":"https:\/\/aikido-ando.nl\/wp-content\/uploads\/Logo.webp","width":500,"height":500,"caption":"Aikido Ando"},"image":{"@id":"https:\/\/aikido-ando.nl\/#\/schema\/logo\/image\/"},"sameAs":["https:\/\/www.facebook.com\/andoaikido","https:\/\/www.instagram.com\/andoaikido\/","https:\/\/www.tiktok.com\/404?fromUrl=\/andoaikido","https:\/\/www.linkedin.com\/company\/andoaikido?originalSubdomain=nl"]}]}},"_links":{"self":[{"href":"https:\/\/aikido-ando.nl\/es\/wp-json\/wp\/v2\/pages\/499","targetHints":{"allow":["GET"]}}],"collection":[{"href":"https:\/\/aikido-ando.nl\/es\/wp-json\/wp\/v2\/pages"}],"about":[{"href":"https:\/\/aikido-ando.nl\/es\/wp-json\/wp\/v2\/types\/page"}],"author":[{"embeddable":true,"href":"https:\/\/aikido-ando.nl\/es\/wp-json\/wp\/v2\/users\/1"}],"replies":[{"embeddable":true,"href":"https:\/\/aikido-ando.nl\/es\/wp-json\/wp\/v2\/comments?post=499"}],"version-history":[{"count":0,"href":"https:\/\/aikido-ando.nl\/es\/wp-json\/wp\/v2\/pages\/499\/revisions"}],"wp:featuredmedia":[{"embeddable":true,"href":"https:\/\/aikido-ando.nl\/es\/wp-json\/wp\/v2\/media\/1675"}],"wp:attachment":[{"href":"https:\/\/aikido-ando.nl\/es\/wp-json\/wp\/v2\/media?parent=499"}],"curies":[{"name":"wp","href":"https:\/\/api.w.org\/{rel}","templated":true}]}}