{"id":520,"date":"2024-10-08T20:40:38","date_gmt":"2024-10-08T18:40:38","guid":{"rendered":"https:\/\/aikido-ando.nl\/?page_id=520"},"modified":"2025-08-09T20:00:08","modified_gmt":"2025-08-09T18:00:08","slug":"el-aikido-en-la-vida-cotidiana","status":"publish","type":"page","link":"https:\/\/aikido-ando.nl\/es\/aikido-in-het-dagelijksleven\/","title":{"rendered":"Aikido en la vida cotidiana"},"content":{"rendered":"<div data-elementor-type=\"wp-page\" data-elementor-id=\"520\" class=\"elementor elementor-520\" data-elementor-post-type=\"page\">\n\t\t\t\t<div class=\"elementor-element elementor-element-0f01fff e-flex e-con-boxed e-con e-parent\" data-id=\"0f01fff\" data-element_type=\"container\" data-e-type=\"container\">\n\t\t\t\t\t<div class=\"e-con-inner\">\n\t\t\t\t<div class=\"elementor-element elementor-element-4e67a20 elementor-widget elementor-widget-text-editor\" data-id=\"4e67a20\" data-element_type=\"widget\" data-e-type=\"widget\" data-widget_type=\"text-editor.default\">\n\t\t\t\t<div class=\"elementor-widget-container\">\n\t\t\t\t\t\t\t\t\t<h2><strong>AIKIDO EN LA VIDA COTIDIANA, \u00bfC\u00d3MO ES?<\/strong><\/h2><p><strong>La mu\u00f1equera Ando es algo que hace saltar nuestro \u5fc3 coraz\u00f3n de Aikido (Kokoro). <\/strong><br \/><strong>Entrenamos Aikido todas las semanas, pero como sabes, este arte marcial no consiste s\u00f3lo en aprender t\u00e9cnicas y lanzamientos para defenderse. Por el contrario, se trata de acercarnos los unos a los otros. Eso es el Aikido en la vida cotidiana.<\/strong><\/p>\t\t\t\t\t\t\t\t<\/div>\n\t\t\t\t<\/div>\n\t\t\t\t<div class=\"elementor-element elementor-element-1534b07 elementor-widget elementor-widget-text-editor\" data-id=\"1534b07\" data-element_type=\"widget\" data-e-type=\"widget\" data-widget_type=\"text-editor.default\">\n\t\t\t\t<div class=\"elementor-widget-container\">\n\t\t\t\t\t\t\t\t\t<p>Como <a href=\"https:\/\/aikido-ando.nl\/es\/aikido-als-sport\/\">Aikido<\/a> en el dojo, esta situaci\u00f3n a menudo s\u00f3lo se presenta cuando te encuentras con algo. Por ejemplo, piensa en una situaci\u00f3n en la que est\u00e9s restringido. <strong>Sobre el tapete<\/strong> puede ser cuando alguien te agarra f\u00edsicamente. En lugar de pensar en limitaciones, los aikidokas buscamos posibilidades y soluciones. Cuando alguien nos agarra de la mu\u00f1eca, desplegamos un Nikyo para liberarnos. <strong>Nos entrenamos para reconocer las situaciones y responder a ellas adecuadamente<\/strong>, con el resultado m\u00e1s favorable posible en ese momento. As\u00ed, desplegamos la pinza para avisar a alguien (es decir, para no romper) como control para evitar la escalada.<\/p><p>En la escuela, por ejemplo, esa limitaci\u00f3n podr\u00eda ser una clase a la que no te apetece asistir. Desde el Aikido, sabes que no puedes cambiar nada de la situaci\u00f3n en s\u00ed. <strong>BIEN a tu forma de verlo y de afrontarlo.<\/strong> Puede que pienses lo siguiente: \u2018Menos mal que esta clase s\u00f3lo dura una hora\u2019.<\/p><p>En el trabajo no es diferente. Tal vez te encuentres con un problema con un jefe o una situaci\u00f3n inc\u00f3moda con un compa\u00f1ero. Usted mismo <strong>pasar a c\u00f3mo manejar esto en la colchoneta<\/strong> ofrece perspectiva para ah\u00ed fuera. \u00bfEmpieza ya a ver soluciones? Y no, no nos referimos a \u2018ense\u00f1ar todos los rincones del felpudo\u2019. Piensa m\u00e1s en tu forma de comunicarte. \u00bfCu\u00e1l es tu actitud al comunicarte? \u00bfReacciona usted irritado o de lado? \u00bfTu colega es visual y es mejor prologar algo, o es m\u00e1s \u00fatil una se\u00f1al auditiva? As\u00ed es tambi\u00e9n como sintonizas con tu \u2018compa\u00f1ero\u2019 fuera del tatami. Como en el Aikido, no llevan un cintur\u00f3n de color, as\u00ed que no sabes en qu\u00e9 nivel est\u00e1 cada uno.<\/p>\t\t\t\t\t\t\t\t<\/div>\n\t\t\t\t<\/div>\n\t\t\t\t\t<\/div>\n\t\t\t\t<\/div>\n\t\t<div class=\"elementor-element elementor-element-09f3c50 e-flex e-con-boxed e-con e-parent\" data-id=\"09f3c50\" data-element_type=\"container\" data-e-type=\"container\">\n\t\t\t\t\t<div class=\"e-con-inner\">\n\t\t\t\t<div class=\"elementor-element elementor-element-8438af2 elementor-widget elementor-widget-video\" data-id=\"8438af2\" data-element_type=\"widget\" data-e-type=\"widget\" data-settings=\"{&quot;video_type&quot;:&quot;vimeo&quot;}\" data-widget_type=\"video.default\">\n\t\t\t\t<div class=\"elementor-widget-container\">\n\t\t\t\t\t\t\t<div class=\"elementor-wrapper elementor-open-inline\">\n\t\t\t<iframe class=\"elementor-video-iframe\" allowfullscreen allow=\"clipboard-write\" title=\"Lecteur vid\u00e9o vimeo\" src=\"https:\/\/player.vimeo.com\/video\/735246611?color&amp;autopause=0&amp;loop=0&amp;muted=0&amp;title=1&amp;portrait=1&amp;byline=1#t=\" data-no-translation-title=\"\"><\/iframe>\t\t<\/div>\n\t\t\t\t\t\t<\/div>\n\t\t\t\t<\/div>\n\t\t\t\t\t<\/div>\n\t\t\t\t<\/div>\n\t\t<div class=\"elementor-element elementor-element-350d3a9 e-flex e-con-boxed e-con e-parent\" data-id=\"350d3a9\" data-element_type=\"container\" data-e-type=\"container\">\n\t\t\t\t\t<div class=\"e-con-inner\">\n\t\t\t\t<div class=\"elementor-element elementor-element-794ed3a elementor-widget elementor-widget-heading\" data-id=\"794ed3a\" data-element_type=\"widget\" data-e-type=\"widget\" data-widget_type=\"heading.default\">\n\t\t\t\t<div class=\"elementor-widget-container\">\n\t\t\t\t\t<h3 class=\"elementor-heading-title elementor-size-default\">Aikido en la vida cotidiana, m\u00e1s que una buena broma<\/h3>\t\t\t\t<\/div>\n\t\t\t\t<\/div>\n\t\t\t\t<div class=\"elementor-element elementor-element-2d529bb elementor-widget elementor-widget-text-editor\" data-id=\"2d529bb\" data-element_type=\"widget\" data-e-type=\"widget\" data-widget_type=\"text-editor.default\">\n\t\t\t\t<div class=\"elementor-widget-container\">\n\t\t\t\t\t\t\t\t\t<p>Hoy en d\u00eda, los seres humanos nos preocupamos mucho por todo lo que nos rodea. Y no es necesario. Por ejemplo, nuestro padre (fallecido en 2021) nos se\u00f1al\u00f3 un fragmento de Roue Verveer (de la serie \u2018Heppie de Peppie\u2019, disponible en Netflix) que conecta maravillosamente con el Aikido en la vida cotidiana.<\/p>\t\t\t\t\t\t\t\t<\/div>\n\t\t\t\t<\/div>\n\t\t\t\t<div class=\"elementor-element elementor-element-15024b9 elementor-widget elementor-widget-text-editor\" data-id=\"15024b9\" data-element_type=\"widget\" data-e-type=\"widget\" data-widget_type=\"text-editor.default\">\n\t\t\t\t<div class=\"elementor-widget-container\">\n\t\t\t\t\t\t\t\t\t<p>Lo que Roue se\u00f1ala es que hoy en d\u00eda no se da por sentado que todo el mundo sea alegre. <strong>Que t\u00fa tienes el control.<\/strong> V\u00e9ase el diagrama de flujo m\u00e1s abajo. Un mensaje reconocible que tambi\u00e9n <a href=\"https:\/\/www.omdenken.nl\">Berthold Gunster<\/a> de \u2018Omdenkenken\u2019 proclama. Durante una sesi\u00f3n de inspiraci\u00f3n, llam\u00f3 a esto \u2018Jiujitsu verbal\u2019 (bueno, entonces no conoc\u00eda el Aikido). El <strong>Omdenkmatrix nos da herramientas para trabajar con ella nosotros mismos<\/strong>.\u00a0<\/p><p>Al igual que en el tatami, el \u2018Aikido en la vida diaria\u2019 requiere tiempo.<\/p><p>Por lo tanto, le retamos a <strong>66 d\u00edas<\/strong> lleva esta pulsera. En cuanto hayas conseguido convertir un encuentro (en una experiencia positiva) cambia la pulsera de lado a lado. De este modo, te conciencias y te aseguras de que se convierta en un h\u00e1bito. Despu\u00e9s, ver\u00e1s que llevar\u00e1s la pulsera m\u00e1s como una pieza de joyer\u00eda.<\/p><p><strong>As\u00ed es como en Ando queremos influir de forma positiva y significativa.<\/strong> \u00a1An\u00edmese a aplicar el Aikido en la vida diaria de esta manera! Experimente lo obvio que es aplicar el Aikido en la vida diaria.<\/p>\t\t\t\t\t\t\t\t<\/div>\n\t\t\t\t<\/div>\n\t\t\t\t\t<\/div>\n\t\t\t\t<\/div>\n\t\t<div class=\"elementor-element elementor-element-728c07bb e-flex e-con-boxed e-con e-parent\" data-id=\"728c07bb\" data-element_type=\"container\" data-e-type=\"container\" data-settings=\"{&quot;background_background&quot;:&quot;classic&quot;}\">\n\t\t\t\t\t<div class=\"e-con-inner\">\n\t\t<div class=\"elementor-element elementor-element-9f9ddd8 e-con-full e-flex e-con e-child\" data-id=\"9f9ddd8\" data-element_type=\"container\" data-e-type=\"container\" data-settings=\"{&quot;background_background&quot;:&quot;classic&quot;}\">\n\t\t\t\t<\/div>\n\t\t<div class=\"elementor-element elementor-element-5fba4770 e-con-full e-flex e-con e-child\" data-id=\"5fba4770\" data-element_type=\"container\" data-e-type=\"container\" data-settings=\"{&quot;background_background&quot;:&quot;classic&quot;}\">\n\t\t\t\t<\/div>\n\t\t<div class=\"elementor-element elementor-element-4603dba2 e-con-full e-flex e-con e-child\" data-id=\"4603dba2\" data-element_type=\"container\" data-e-type=\"container\" data-settings=\"{&quot;background_background&quot;:&quot;classic&quot;}\">\n\t\t\t\t<div class=\"elementor-element elementor-element-7677ac9 elementor-widget elementor-widget-text-editor\" data-id=\"7677ac9\" data-element_type=\"widget\" data-e-type=\"widget\" data-widget_type=\"text-editor.default\">\n\t\t\t\t<div class=\"elementor-widget-container\">\n\t\t\t\t\t\t\t\t\t<p>Sensei Edo y Berthold Gunster<\/p>\t\t\t\t\t\t\t\t<\/div>\n\t\t\t\t<\/div>\n\t\t\t\t<\/div>\n\t\t\t\t\t<\/div>\n\t\t\t\t<\/div>\n\t\t<div class=\"elementor-element elementor-element-dea65c7 e-flex e-con-boxed e-con e-parent\" data-id=\"dea65c7\" data-element_type=\"container\" data-e-type=\"container\" data-settings=\"{&quot;background_background&quot;:&quot;classic&quot;}\">\n\t\t\t\t\t<div class=\"e-con-inner\">\n\t\t\t\t<div class=\"elementor-element elementor-element-a864a5e elementor-widget elementor-widget-heading\" data-id=\"a864a5e\" data-element_type=\"widget\" data-e-type=\"widget\" data-widget_type=\"heading.default\">\n\t\t\t\t<div class=\"elementor-widget-container\">\n\t\t\t\t\t<div class=\"elementor-heading-title elementor-size-default\">Personal<br>\nel crecimiento en tus manos<\/div>\t\t\t\t<\/div>\n\t\t\t\t<\/div>\n\t\t\t\t<div class=\"elementor-element elementor-element-37be65f elementor-widget elementor-widget-heading\" data-id=\"37be65f\" data-element_type=\"widget\" data-e-type=\"widget\" data-widget_type=\"heading.default\">\n\t\t\t\t<div class=\"elementor-widget-container\">\n\t\t\t\t\t<div class=\"elementor-heading-title elementor-size-default\">Sea lo que sea en lo que quieras crecer, con el Aikido encontrar\u00e1s el camino.<\/div>\t\t\t\t<\/div>\n\t\t\t\t<\/div>\n\t\t\t\t<div class=\"elementor-element elementor-element-7f88665e elementor-align-center elementor-widget elementor-widget-button\" data-id=\"7f88665e\" data-element_type=\"widget\" data-e-type=\"widget\" data-widget_type=\"button.default\">\n\t\t\t\t<div class=\"elementor-widget-container\">\n\t\t\t\t\t\t\t\t\t<div class=\"elementor-button-wrapper\">\n\t\t\t\t\t<a class=\"elementor-button elementor-button-link elementor-size-sm\" href=\"https:\/\/ando-aikido.gotgrib.nl\/member\/selfservice\/registration\/628769c029bbb\">\n\t\t\t\t\t\t<span class=\"elementor-button-content-wrapper\">\n\t\t\t\t\t\t\t\t\t<span class=\"elementor-button-text\">Programar una clase introductoria<\/span>\n\t\t\t\t\t<\/span>\n\t\t\t\t\t<\/a>\n\t\t\t\t<\/div>\n\t\t\t\t\t\t\t\t<\/div>\n\t\t\t\t<\/div>\n\t\t\t\t\t<\/div>\n\t\t\t\t<\/div>\n\t\t\t\t<\/div>","protected":false},"excerpt":{"rendered":"<p>AIKIDO IN HET DAGELIJKS LEVEN, HOE ZIET DAT ER UIT?\u200b De Ando wristband is iets waar ons Aikido hart \u5fc3 (Kokoro) een sprongetje van maakt. We trainen elke week Aikido, maar zoals je weet gaat deze Martial Art niet alleen maar om het leren van technieken en worpen om jezelf te verdedigen. Het gaat juist [&hellip;]<\/p>\n","protected":false},"author":1,"featured_media":1657,"parent":0,"menu_order":0,"comment_status":"closed","ping_status":"closed","template":"","meta":{"footnotes":""},"class_list":["post-520","page","type-page","status-publish","has-post-thumbnail","hentry"],"yoast_head":"<!-- This site is optimized with the Yoast SEO Premium plugin v27.3 (Yoast SEO v27.3) - https:\/\/yoast.com\/product\/yoast-seo-premium-wordpress\/ -->\n<title>Aikido in het dagelijksleven - Aikido ANDO<\/title>\n<meta name=\"description\" content=\"Aikido is meer dan een sport. Ontwikkel innerlijke rust en praktische inzichten voor je dagelijks leven bij Ando in Nederland.\" \/>\n<meta name=\"robots\" content=\"index, follow, max-snippet:-1, max-image-preview:large, max-video-preview:-1\" \/>\n<link rel=\"canonical\" href=\"https:\/\/aikido-ando.nl\/es\/el-aikido-en-la-vida-cotidiana\/\" \/>\n<meta property=\"og:locale\" content=\"es_ES\" \/>\n<meta property=\"og:type\" content=\"article\" \/>\n<meta property=\"og:title\" content=\"Aikido in het dagelijksleven\" \/>\n<meta property=\"og:description\" content=\"Aikido is meer dan een sport. Ontwikkel innerlijke rust en praktische inzichten voor je dagelijks leven bij Ando in Nederland.\" \/>\n<meta property=\"og:url\" content=\"https:\/\/aikido-ando.nl\/es\/el-aikido-en-la-vida-cotidiana\/\" \/>\n<meta property=\"og:site_name\" content=\"Aikido ANDO\" \/>\n<meta property=\"article:publisher\" content=\"https:\/\/www.facebook.com\/andoaikido\" \/>\n<meta property=\"article:modified_time\" content=\"2025-08-09T18:00:08+00:00\" \/>\n<meta property=\"og:image\" content=\"https:\/\/aikido-ando.nl\/wp-content\/uploads\/Aikido_Fotoshoot_Ando_Dojo_SintOedenrode_Edo_Anne_Slui_Aikikai_Dojo_Netherlands.webp\" \/>\n\t<meta property=\"og:image:width\" content=\"1920\" \/>\n\t<meta property=\"og:image:height\" content=\"600\" \/>\n\t<meta property=\"og:image:type\" content=\"image\/webp\" \/>\n<meta name=\"twitter:card\" content=\"summary_large_image\" \/>\n<meta name=\"twitter:label1\" content=\"Tiempo de lectura\" \/>\n\t<meta name=\"twitter:data1\" content=\"4 minutos\" \/>\n<script type=\"application\/ld+json\" class=\"yoast-schema-graph\">{\"@context\":\"https:\\\/\\\/schema.org\",\"@graph\":[{\"@type\":\"WebPage\",\"@id\":\"https:\\\/\\\/aikido-ando.nl\\\/aikido-in-het-dagelijksleven\\\/\",\"url\":\"https:\\\/\\\/aikido-ando.nl\\\/aikido-in-het-dagelijksleven\\\/\",\"name\":\"Aikido in het dagelijksleven - Aikido ANDO\",\"isPartOf\":{\"@id\":\"https:\\\/\\\/aikido-ando.nl\\\/#website\"},\"primaryImageOfPage\":{\"@id\":\"https:\\\/\\\/aikido-ando.nl\\\/aikido-in-het-dagelijksleven\\\/#primaryimage\"},\"image\":{\"@id\":\"https:\\\/\\\/aikido-ando.nl\\\/aikido-in-het-dagelijksleven\\\/#primaryimage\"},\"thumbnailUrl\":\"https:\\\/\\\/aikido-ando.nl\\\/wp-content\\\/uploads\\\/Aikido_Fotoshoot_Ando_Dojo_SintOedenrode_Edo_Anne_Slui_Aikikai_Dojo_Netherlands.webp\",\"datePublished\":\"2024-10-08T18:40:38+00:00\",\"dateModified\":\"2025-08-09T18:00:08+00:00\",\"description\":\"Aikido is meer dan een sport. Ontwikkel innerlijke rust en praktische inzichten voor je dagelijks leven bij Ando in Nederland.\",\"breadcrumb\":{\"@id\":\"https:\\\/\\\/aikido-ando.nl\\\/aikido-in-het-dagelijksleven\\\/#breadcrumb\"},\"inLanguage\":\"es\",\"potentialAction\":[{\"@type\":\"ReadAction\",\"target\":[\"https:\\\/\\\/aikido-ando.nl\\\/aikido-in-het-dagelijksleven\\\/\"]}]},{\"@type\":\"ImageObject\",\"inLanguage\":\"es\",\"@id\":\"https:\\\/\\\/aikido-ando.nl\\\/aikido-in-het-dagelijksleven\\\/#primaryimage\",\"url\":\"https:\\\/\\\/aikido-ando.nl\\\/wp-content\\\/uploads\\\/Aikido_Fotoshoot_Ando_Dojo_SintOedenrode_Edo_Anne_Slui_Aikikai_Dojo_Netherlands.webp\",\"contentUrl\":\"https:\\\/\\\/aikido-ando.nl\\\/wp-content\\\/uploads\\\/Aikido_Fotoshoot_Ando_Dojo_SintOedenrode_Edo_Anne_Slui_Aikikai_Dojo_Netherlands.webp\",\"width\":1920,\"height\":600,\"caption\":\"Sensei Edo met uke Anne Slui geven een Aikido demonstratie in de natuur om te laten zien hoe prachtig deze sport is die natuurlijke beweging kent.\"},{\"@type\":\"BreadcrumbList\",\"@id\":\"https:\\\/\\\/aikido-ando.nl\\\/aikido-in-het-dagelijksleven\\\/#breadcrumb\",\"itemListElement\":[{\"@type\":\"ListItem\",\"position\":1,\"name\":\"Home\",\"item\":\"https:\\\/\\\/aikido-ando.nl\\\/\"},{\"@type\":\"ListItem\",\"position\":2,\"name\":\"Aikido in het dagelijksleven\"}]},{\"@type\":\"WebSite\",\"@id\":\"https:\\\/\\\/aikido-ando.nl\\\/#website\",\"url\":\"https:\\\/\\\/aikido-ando.nl\\\/\",\"name\":\"Aikido Ando\",\"description\":\"\",\"publisher\":{\"@id\":\"https:\\\/\\\/aikido-ando.nl\\\/#organization\"},\"potentialAction\":[{\"@type\":\"SearchAction\",\"target\":{\"@type\":\"EntryPoint\",\"urlTemplate\":\"https:\\\/\\\/aikido-ando.nl\\\/?s={search_term_string}\"},\"query-input\":{\"@type\":\"PropertyValueSpecification\",\"valueRequired\":true,\"valueName\":\"search_term_string\"}}],\"inLanguage\":\"es\"},{\"@type\":\"Organization\",\"@id\":\"https:\\\/\\\/aikido-ando.nl\\\/#organization\",\"name\":\"Aikido Ando\",\"url\":\"https:\\\/\\\/aikido-ando.nl\\\/\",\"logo\":{\"@type\":\"ImageObject\",\"inLanguage\":\"es\",\"@id\":\"https:\\\/\\\/aikido-ando.nl\\\/#\\\/schema\\\/logo\\\/image\\\/\",\"url\":\"https:\\\/\\\/aikido-ando.nl\\\/wp-content\\\/uploads\\\/Logo.webp\",\"contentUrl\":\"https:\\\/\\\/aikido-ando.nl\\\/wp-content\\\/uploads\\\/Logo.webp\",\"width\":500,\"height\":500,\"caption\":\"Aikido Ando\"},\"image\":{\"@id\":\"https:\\\/\\\/aikido-ando.nl\\\/#\\\/schema\\\/logo\\\/image\\\/\"},\"sameAs\":[\"https:\\\/\\\/www.facebook.com\\\/andoaikido\",\"https:\\\/\\\/www.instagram.com\\\/andoaikido\\\/\",\"https:\\\/\\\/www.tiktok.com\\\/404?fromUrl=\\\/andoaikido\",\"https:\\\/\\\/www.linkedin.com\\\/company\\\/andoaikido?originalSubdomain=nl\"]}]}<\/script>\n<!-- \/ Yoast SEO Premium plugin. -->","yoast_head_json":{"title":"Aikido en la vida cotidiana - Aikido ANDO","description":"El aikido es m\u00e1s que un deporte. Desarrolla la paz interior y conocimientos pr\u00e1cticos para tu vida diaria en Ando, en los Pa\u00edses Bajos.","robots":{"index":"index","follow":"follow","max-snippet":"max-snippet:-1","max-image-preview":"max-image-preview:large","max-video-preview":"max-video-preview:-1"},"canonical":"https:\/\/aikido-ando.nl\/es\/el-aikido-en-la-vida-cotidiana\/","og_locale":"es_ES","og_type":"article","og_title":"Aikido in het dagelijksleven","og_description":"Aikido is meer dan een sport. Ontwikkel innerlijke rust en praktische inzichten voor je dagelijks leven bij Ando in Nederland.","og_url":"https:\/\/aikido-ando.nl\/es\/el-aikido-en-la-vida-cotidiana\/","og_site_name":"Aikido ANDO","article_publisher":"https:\/\/www.facebook.com\/andoaikido","article_modified_time":"2025-08-09T18:00:08+00:00","og_image":[{"width":1920,"height":600,"url":"https:\/\/aikido-ando.nl\/wp-content\/uploads\/Aikido_Fotoshoot_Ando_Dojo_SintOedenrode_Edo_Anne_Slui_Aikikai_Dojo_Netherlands.webp","type":"image\/webp"}],"twitter_card":"summary_large_image","twitter_misc":{"Tiempo de lectura":"4 minutos"},"schema":{"@context":"https:\/\/schema.org","@graph":[{"@type":"WebPage","@id":"https:\/\/aikido-ando.nl\/aikido-in-het-dagelijksleven\/","url":"https:\/\/aikido-ando.nl\/aikido-in-het-dagelijksleven\/","name":"Aikido en la vida cotidiana - Aikido ANDO","isPartOf":{"@id":"https:\/\/aikido-ando.nl\/#website"},"primaryImageOfPage":{"@id":"https:\/\/aikido-ando.nl\/aikido-in-het-dagelijksleven\/#primaryimage"},"image":{"@id":"https:\/\/aikido-ando.nl\/aikido-in-het-dagelijksleven\/#primaryimage"},"thumbnailUrl":"https:\/\/aikido-ando.nl\/wp-content\/uploads\/Aikido_Fotoshoot_Ando_Dojo_SintOedenrode_Edo_Anne_Slui_Aikikai_Dojo_Netherlands.webp","datePublished":"2024-10-08T18:40:38+00:00","dateModified":"2025-08-09T18:00:08+00:00","description":"El aikido es m\u00e1s que un deporte. Desarrolla la paz interior y conocimientos pr\u00e1cticos para tu vida diaria en Ando, en los Pa\u00edses Bajos.","breadcrumb":{"@id":"https:\/\/aikido-ando.nl\/aikido-in-het-dagelijksleven\/#breadcrumb"},"inLanguage":"es","potentialAction":[{"@type":"ReadAction","target":["https:\/\/aikido-ando.nl\/aikido-in-het-dagelijksleven\/"]}]},{"@type":"ImageObject","inLanguage":"es","@id":"https:\/\/aikido-ando.nl\/aikido-in-het-dagelijksleven\/#primaryimage","url":"https:\/\/aikido-ando.nl\/wp-content\/uploads\/Aikido_Fotoshoot_Ando_Dojo_SintOedenrode_Edo_Anne_Slui_Aikikai_Dojo_Netherlands.webp","contentUrl":"https:\/\/aikido-ando.nl\/wp-content\/uploads\/Aikido_Fotoshoot_Ando_Dojo_SintOedenrode_Edo_Anne_Slui_Aikikai_Dojo_Netherlands.webp","width":1920,"height":600,"caption":"Sensei Edo met uke Anne Slui geven een Aikido demonstratie in de natuur om te laten zien hoe prachtig deze sport is die natuurlijke beweging kent."},{"@type":"BreadcrumbList","@id":"https:\/\/aikido-ando.nl\/aikido-in-het-dagelijksleven\/#breadcrumb","itemListElement":[{"@type":"ListItem","position":1,"name":"Home","item":"https:\/\/aikido-ando.nl\/"},{"@type":"ListItem","position":2,"name":"Aikido in het dagelijksleven"}]},{"@type":"WebSite","@id":"https:\/\/aikido-ando.nl\/#website","url":"https:\/\/aikido-ando.nl\/","name":"Aikido Ando","description":"","publisher":{"@id":"https:\/\/aikido-ando.nl\/#organization"},"potentialAction":[{"@type":"SearchAction","target":{"@type":"EntryPoint","urlTemplate":"https:\/\/aikido-ando.nl\/?s={search_term_string}"},"query-input":{"@type":"PropertyValueSpecification","valueRequired":true,"valueName":"search_term_string"}}],"inLanguage":"es"},{"@type":"Organization","@id":"https:\/\/aikido-ando.nl\/#organization","name":"Aikido Ando","url":"https:\/\/aikido-ando.nl\/","logo":{"@type":"ImageObject","inLanguage":"es","@id":"https:\/\/aikido-ando.nl\/#\/schema\/logo\/image\/","url":"https:\/\/aikido-ando.nl\/wp-content\/uploads\/Logo.webp","contentUrl":"https:\/\/aikido-ando.nl\/wp-content\/uploads\/Logo.webp","width":500,"height":500,"caption":"Aikido Ando"},"image":{"@id":"https:\/\/aikido-ando.nl\/#\/schema\/logo\/image\/"},"sameAs":["https:\/\/www.facebook.com\/andoaikido","https:\/\/www.instagram.com\/andoaikido\/","https:\/\/www.tiktok.com\/404?fromUrl=\/andoaikido","https:\/\/www.linkedin.com\/company\/andoaikido?originalSubdomain=nl"]}]}},"_links":{"self":[{"href":"https:\/\/aikido-ando.nl\/es\/wp-json\/wp\/v2\/pages\/520","targetHints":{"allow":["GET"]}}],"collection":[{"href":"https:\/\/aikido-ando.nl\/es\/wp-json\/wp\/v2\/pages"}],"about":[{"href":"https:\/\/aikido-ando.nl\/es\/wp-json\/wp\/v2\/types\/page"}],"author":[{"embeddable":true,"href":"https:\/\/aikido-ando.nl\/es\/wp-json\/wp\/v2\/users\/1"}],"replies":[{"embeddable":true,"href":"https:\/\/aikido-ando.nl\/es\/wp-json\/wp\/v2\/comments?post=520"}],"version-history":[{"count":0,"href":"https:\/\/aikido-ando.nl\/es\/wp-json\/wp\/v2\/pages\/520\/revisions"}],"wp:featuredmedia":[{"embeddable":true,"href":"https:\/\/aikido-ando.nl\/es\/wp-json\/wp\/v2\/media\/1657"}],"wp:attachment":[{"href":"https:\/\/aikido-ando.nl\/es\/wp-json\/wp\/v2\/media?parent=520"}],"curies":[{"name":"wp","href":"https:\/\/api.w.org\/{rel}","templated":true}]}}