{"id":532,"date":"2024-10-08T21:06:50","date_gmt":"2024-10-08T19:06:50","guid":{"rendered":"https:\/\/aikido-ando.nl\/?page_id=532"},"modified":"2024-12-10T13:19:35","modified_gmt":"2024-12-10T12:19:35","slug":"aikido-jip-y-janneke","status":"publish","type":"page","link":"https:\/\/aikido-ando.nl\/es\/aikido-jip-en-janneke\/","title":{"rendered":"Aikido Jip y Janneke"},"content":{"rendered":"<div data-elementor-type=\"wp-page\" data-elementor-id=\"532\" class=\"elementor elementor-532\" data-elementor-post-type=\"page\">\n\t\t\t\t<div class=\"elementor-element elementor-element-636934f e-flex e-con-boxed e-con e-parent\" data-id=\"636934f\" data-element_type=\"container\" data-e-type=\"container\">\n\t\t\t\t\t<div class=\"e-con-inner\">\n\t\t\t\t<div class=\"elementor-element elementor-element-090e52b elementor-widget elementor-widget-text-editor\" data-id=\"090e52b\" data-element_type=\"widget\" data-e-type=\"widget\" data-widget_type=\"text-editor.default\">\n\t\t\t\t<div class=\"elementor-widget-container\">\n\t\t\t\t\t\t\t\t\t<p><strong>Ando imparte clases de Aikido en Zaltbommel, la ciudad famosa por Annie M.G. Schmidt, la <a href=\"https:\/\/nl.wikipedia.org\/wiki\/Annie_M.G._Schmidt\">escritor<\/a> De Jip y Janneke. Inspirados por las aventuras y sabias lecciones de sus historias, desarrollamos \u201cAikido Jip y Janneke\u201d para ni\u00f1os (y secretamente divertido tambi\u00e9n para adultos).<\/strong><\/p>\t\t\t\t\t\t\t\t<\/div>\n\t\t\t\t<\/div>\n\t\t\t\t<div class=\"elementor-element elementor-element-91b018b elementor-widget elementor-widget-text-editor\" data-id=\"91b018b\" data-element_type=\"widget\" data-e-type=\"widget\" data-widget_type=\"text-editor.default\">\n\t\t\t\t<div class=\"elementor-widget-container\">\n\t\t\t\t\t\t\t\t\t<p>En un d\u00eda soleado, Jip consigue <strong>pelea en el patio del colegio<\/strong> con un ni\u00f1o junto al columpio. \u201cNo quiere bajarse\u201d, le dice Jip enfadado a Joanna. Antes de que Janneke pueda decir nada, suena el timbre del colegio. \u201cEs hora de entrar\u201d, dice.<\/p><p>En clase, el profesor habla de una lecci\u00f3n especial. \u201c<strong>Tim dar\u00e1 una charla sobre Aikido<\/strong>, y entonces obtenemos a <strong>clase especial de gimnasia a cargo de sensei Edo y Anne<\/strong>,dice.<\/p><h3>Charla de Aikido<\/h3><p>Tim comienza su charla hablando con entusiasmo del Aikido. \u201cEs un arte marcial japon\u00e9s practicado antiguamente por <strong>samur\u00e1is<\/strong> y que no hay coincidencias en el <strong>Aikido porque no es un arte marcial, sino que trata de la paz.<\/strong>.\u201d, dice. \u201c<a href=\"https:\/\/aikido-ando.nl\/es\/oprichter-aikido\/\">Morihei Ueshiba<\/a>, el creador, pens\u00f3 que la colaboraci\u00f3n era muy importante\u201d. Tras la charla de Tim, todos aplauden. \u201c\u00a1R\u00e1pido, c\u00e1mbiense de ropa, que nos vamos al gimnasio!\u201d grita el profesor.<\/p><p>Hay una gran colchoneta en el gimnasio. \u201c<strong>Mira, un dojo<\/strong>,dice Tim. Sensei Edo y Anne ya est\u00e1n a su lado. \u201dEmpecemos con los saludos, es de buena educaci\u00f3n\u201c. Se saludan amablemente y comienzan.<\/p><p><strong>La lecci\u00f3n es apasionante.<\/strong> Aprenden que cuando te caes, tienes que rodar. Tienes que apoyar la barbilla en el pecho\u2018, dice Tim. Entonces te conviertes en <strong>redondo como una pelota<\/strong> y caer mejor. Tambi\u00e9n ense\u00f1a c\u00f3mo agarrar a alguien por el brazo y ponerlo en el suelo <strong>sin herir<\/strong>. Ni siquiera tienes que ser fuerte para ello.\u00a0<\/p><p>\u201cMira\u201d, dice la sensei Anne con una sonrisa, \u201ccuando discutimos, s\u00f3lo pensamos en lo que queremos para nosotros. Pero es <strong>importante pensar tambi\u00e9n en lo que quiere la otra persona<\/strong>.\u201d Jip y Janneke escuchan atentamente. \u201cEn el Aikido aprendes a ponerte en el lugar del otro. Entonces ves las cosas de otra manera y es menos probable que te metas en discusiones\u201d.\u201d <strong>Jip piensa en el ni\u00f1o<\/strong> en el columpio. \u201c\u00bfPodr\u00eda haberlo hecho de otra manera?\u201d, se pregunta.<\/p><h3>Clases de aikido Wise<\/h3><p>\u201cEscucha con atenci\u00f3n\u201d, dice sensei Edo en tono tranquilo. \u201cEl poder m\u00e1s fuerte que tienes se llama \u2018Ki\u2019 en japon\u00e9s. <strong>Esa es tu fuerza interior.<\/strong>\u201d Los ni\u00f1os observan con curiosidad. \u201cSi te quedas quieto y respiras profundamente, encuentras esa fuerza de forma natural\u201d, explica. \u201cA veces, cuando haces algo emocionante o algo no te gusta, aguantas la respiraci\u00f3n. Eso es <strong>el momento de mantener la calma<\/strong> y respira bien. Entonces este poder saldr\u00e1 de forma natural. Los ni\u00f1os lo prueban. Jip se siente tranquilo y fuerte. \u201cEsto es una locura\u201d, le susurra a Joanna. \u201cMe siento muy tranquilo\u201d.\u201d<\/p><p>Despu\u00e9s de la clase, dan las gracias al sensei Edo y a Anne. \u201cGracias por la clase de Aikido\u201d, dice Jip. \u201cHemos aprendido mucho\u201d, a\u00f1ade Janneke.<\/p><h3>Aikido en el patio de recreo<\/h3><p>Despu\u00e9s del colegio, Jip corre hacia el columpio, pero el ni\u00f1o ya est\u00e1 all\u00ed. <strong>Jip recuerda la lecci\u00f3n de Aikido<\/strong>. Le pregunta en voz baja: \u201c\u00bfPor qu\u00e9 quieres columpiarte todo el rato?\u201d. El ni\u00f1o explica que no tiene columpio en casa. \u201cHagamos una competici\u00f3n de salto de longitud\u201d, sugiere Jip.<\/p><p>Joanna observa ansiosa c\u00f3mo Jip y el ni\u00f1o juegan a columpiarse. <strong>Ve a Jip volando por el aire<\/strong>, pero antes de caer, se lleva r\u00e1pidamente la barbilla al pecho y rueda por la hierba. \u201cHa llegado justo a tiempo\u201d, dice Joanna.<\/p><p>En casa, le cuentan a su madre <a href=\"https:\/\/aikido-ando.nl\/es\/aikido-als-sport\/\">Aikido<\/a>. \u201cAprendimos a mantener la paz y a defendernos sin hacer da\u00f1o\u201d, dice Jip. La madre sonr\u00ede. \u201cQu\u00e9 gran lecci\u00f3n. <strong>Tal vez todo el mundo deber\u00eda aprender Aikido<\/strong>,dice. Jip y Janneke se r\u00eden. \u201d\u00a1Ser\u00eda divertido!\u201c<\/p><p>Y as\u00ed termina la historia del \u2018Aikido en el idioma de Jip y Janneke\u2019.<\/p>\t\t\t\t\t\t\t\t<\/div>\n\t\t\t\t<\/div>\n\t\t\t\t\t<\/div>\n\t\t\t\t<\/div>\n\t\t<div class=\"elementor-element elementor-element-0ea74ee e-flex e-con-boxed e-con e-parent\" data-id=\"0ea74ee\" data-element_type=\"container\" data-e-type=\"container\" data-settings=\"{&quot;background_background&quot;:&quot;classic&quot;}\">\n\t\t\t\t\t<div class=\"e-con-inner\">\n\t\t\t\t\t<\/div>\n\t\t\t\t<\/div>\n\t\t<div class=\"elementor-element elementor-element-0c09ed5 e-flex e-con-boxed e-con e-parent\" data-id=\"0c09ed5\" data-element_type=\"container\" data-e-type=\"container\" data-settings=\"{&quot;background_background&quot;:&quot;classic&quot;}\">\n\t\t\t\t\t<div class=\"e-con-inner\">\n\t\t\t\t<div class=\"elementor-element elementor-element-a4041d3 elementor-widget elementor-widget-heading\" data-id=\"a4041d3\" data-element_type=\"widget\" data-e-type=\"widget\" data-widget_type=\"heading.default\">\n\t\t\t\t<div class=\"elementor-widget-container\">\n\t\t\t\t\t<h1 class=\"elementor-heading-title elementor-size-default\">Los entrenadores de Ando llevan el aikido&nbsp;<div>a la vida dentro y fuera del tatami<\/div><\/h1>\t\t\t\t<\/div>\n\t\t\t\t<\/div>\n\t\t\t\t<div class=\"elementor-element elementor-element-896f882 elementor-align-center elementor-widget elementor-widget-button\" data-id=\"896f882\" data-element_type=\"widget\" data-e-type=\"widget\" data-widget_type=\"button.default\">\n\t\t\t\t<div class=\"elementor-widget-container\">\n\t\t\t\t\t\t\t\t\t<div class=\"elementor-button-wrapper\">\n\t\t\t\t\t<a class=\"elementor-button elementor-button-link elementor-size-sm\" href=\"https:\/\/aikido-ando.nl\/es\/libros-infantiles-de-aikido\/\">\n\t\t\t\t\t\t<span class=\"elementor-button-content-wrapper\">\n\t\t\t\t\t\t\t\t\t<span class=\"elementor-button-text\">Ver nuestros libros infantiles<\/span>\n\t\t\t\t\t<\/span>\n\t\t\t\t\t<\/a>\n\t\t\t\t<\/div>\n\t\t\t\t\t\t\t\t<\/div>\n\t\t\t\t<\/div>\n\t\t\t\t\t<\/div>\n\t\t\t\t<\/div>\n\t\t<div class=\"elementor-element elementor-element-ab0bd0a e-con-full e-flex e-con e-parent\" data-id=\"ab0bd0a\" data-element_type=\"container\" data-e-type=\"container\">\n\t\t\t\t<div class=\"elementor-element elementor-element-af0c60a elementor-widget elementor-widget-shortcode\" data-id=\"af0c60a\" data-element_type=\"widget\" data-e-type=\"widget\" data-widget_type=\"shortcode.default\">\n\t\t\t\t<div class=\"elementor-widget-container\">\n\t\t\t\t\t\t\t<div class=\"elementor-shortcode\">\t\t<div data-elementor-type=\"section\" data-elementor-id=\"454\" class=\"elementor elementor-454\" data-elementor-post-type=\"elementor_library\">\n\t\t\t<div class=\"elementor-element elementor-element-9f2a222 e-flex e-con-boxed e-con e-parent\" data-id=\"9f2a222\" data-element_type=\"container\" data-e-type=\"container\" data-settings=\"{&quot;background_background&quot;:&quot;video&quot;,&quot;background_video_link&quot;:&quot;https:\\\/\\\/vimeo.com\\\/944371024?share=copy&quot;}\">\n\t\t\t\t\t<div class=\"e-con-inner\">\n\t\t<div class=\"elementor-background-video-container elementor-hidden-mobile\">\n\t\t\t\t\t\t\t<div class=\"elementor-background-video-embed\" role=\"presentation\"><\/div>\n\t\t\t\t\t\t<\/div>\t\t<div class=\"elementor-element elementor-element-49657b84 elementor-widget elementor-widget-heading\" data-id=\"49657b84\" data-element_type=\"widget\" data-e-type=\"widget\" data-widget_type=\"heading.default\">\n\t\t\t\t<div class=\"elementor-widget-container\">\n\t\t\t\t\t<div class=\"elementor-heading-title elementor-size-default\">Juguet\u00f3n<br>\ncrear resiliencia<\/div>\t\t\t\t<\/div>\n\t\t\t\t<\/div>\n\t\t\t\t<div class=\"elementor-element elementor-element-47f5274f elementor-widget elementor-widget-heading\" data-id=\"47f5274f\" data-element_type=\"widget\" data-e-type=\"widget\" data-widget_type=\"heading.default\">\n\t\t\t\t<div class=\"elementor-widget-container\">\n\t\t\t\t\t<div class=\"elementor-heading-title elementor-size-default\">\u00a1Ap\u00fantate a una clase de Aikido en Zaltbommel!<\/div>\t\t\t\t<\/div>\n\t\t\t\t<\/div>\n\t\t\t\t<div class=\"elementor-element elementor-element-1efa8e9a elementor-align-center elementor-widget elementor-widget-button\" data-id=\"1efa8e9a\" data-element_type=\"widget\" data-e-type=\"widget\" data-widget_type=\"button.default\">\n\t\t\t\t<div class=\"elementor-widget-container\">\n\t\t\t\t\t\t\t\t\t<div class=\"elementor-button-wrapper\">\n\t\t\t\t\t<a class=\"elementor-button elementor-button-link elementor-size-sm\" href=\"https:\/\/ando-aikido.gotgrib.nl\/member\/selfservice\/registration\/628769c029bbb\">\n\t\t\t\t\t\t<span class=\"elementor-button-content-wrapper\">\n\t\t\t\t\t\t\t\t\t<span class=\"elementor-button-text\">Programe una clase de prueba gratuita<\/span>\n\t\t\t\t\t<\/span>\n\t\t\t\t\t<\/a>\n\t\t\t\t<\/div>\n\t\t\t\t\t\t\t\t<\/div>\n\t\t\t\t<\/div>\n\t\t\t\t\t<\/div>\n\t\t\t\t<\/div>\n\t\t\t\t<\/div>\n\t\t<\/div>\n\t\t\t\t\t\t<\/div>\n\t\t\t\t<\/div>\n\t\t\t\t<\/div>\n\t\t\t\t<\/div>","protected":false},"excerpt":{"rendered":"<p>Ando geeft Aikidolessen in Zaltbommel, de stad beroemd om Annie M.G. Schmidt, de schrijfster van Jip &amp; Janneke. Ge\u00efnspireerd door de avonturen en wijze lessen in haar verhalen, ontwikkelden we &#8220;Aikido Jip en Janneke&#8221; voor kinderen (en stiekem ook leuk voor volwassenen). Op een zonnige dag krijgt Jip ruzie op het schoolplein met een jongetje [&hellip;]<\/p>\n","protected":false},"author":1,"featured_media":1739,"parent":0,"menu_order":0,"comment_status":"closed","ping_status":"closed","template":"elementor_header_footer","meta":{"footnotes":""},"class_list":["post-532","page","type-page","status-publish","has-post-thumbnail","hentry"],"yoast_head":"<!-- This site is optimized with the Yoast SEO Premium plugin v27.3 (Yoast SEO v27.3) - https:\/\/yoast.com\/product\/yoast-seo-premium-wordpress\/ -->\n<title>Aikido Jip en Janneke - Aikido ANDO<\/title>\n<meta name=\"description\" content=\"Aikido voor iedereen! Begrijp de principes van balans en harmonie eenvoudig uitgelegd in Jip en Janneketaal door Ando.\" \/>\n<meta name=\"robots\" content=\"index, follow, max-snippet:-1, max-image-preview:large, max-video-preview:-1\" \/>\n<link rel=\"canonical\" href=\"https:\/\/aikido-ando.nl\/es\/aikido-jip-y-janneke\/\" \/>\n<meta property=\"og:locale\" content=\"es_ES\" \/>\n<meta property=\"og:type\" content=\"article\" \/>\n<meta property=\"og:title\" content=\"Aikido Jip en Janneke\" \/>\n<meta property=\"og:description\" content=\"Aikido voor iedereen! Begrijp de principes van balans en harmonie eenvoudig uitgelegd in Jip en Janneketaal door Ando.\" \/>\n<meta property=\"og:url\" content=\"https:\/\/aikido-ando.nl\/es\/aikido-jip-y-janneke\/\" \/>\n<meta property=\"og:site_name\" content=\"Aikido ANDO\" \/>\n<meta property=\"article:publisher\" content=\"https:\/\/www.facebook.com\/andoaikido\" \/>\n<meta property=\"article:modified_time\" content=\"2024-12-10T12:19:35+00:00\" \/>\n<meta property=\"og:image\" content=\"https:\/\/aikido-ando.nl\/wp-content\/uploads\/Jip_En_Janneke_Aikido_Verhaal_Ando_Dojo_Zaltbommel.webp\" \/>\n\t<meta property=\"og:image:width\" content=\"1920\" \/>\n\t<meta property=\"og:image:height\" content=\"600\" \/>\n\t<meta property=\"og:image:type\" content=\"image\/webp\" \/>\n<meta name=\"twitter:card\" content=\"summary_large_image\" \/>\n<meta name=\"twitter:label1\" content=\"Tiempo de lectura\" \/>\n\t<meta name=\"twitter:data1\" content=\"4 minutos\" \/>\n<script type=\"application\/ld+json\" class=\"yoast-schema-graph\">{\"@context\":\"https:\\\/\\\/schema.org\",\"@graph\":[{\"@type\":\"WebPage\",\"@id\":\"https:\\\/\\\/aikido-ando.nl\\\/aikido-jip-en-janneke\\\/\",\"url\":\"https:\\\/\\\/aikido-ando.nl\\\/aikido-jip-en-janneke\\\/\",\"name\":\"Aikido Jip en Janneke - Aikido ANDO\",\"isPartOf\":{\"@id\":\"https:\\\/\\\/aikido-ando.nl\\\/#website\"},\"primaryImageOfPage\":{\"@id\":\"https:\\\/\\\/aikido-ando.nl\\\/aikido-jip-en-janneke\\\/#primaryimage\"},\"image\":{\"@id\":\"https:\\\/\\\/aikido-ando.nl\\\/aikido-jip-en-janneke\\\/#primaryimage\"},\"thumbnailUrl\":\"https:\\\/\\\/aikido-ando.nl\\\/wp-content\\\/uploads\\\/Jip_En_Janneke_Aikido_Verhaal_Ando_Dojo_Zaltbommel.webp\",\"datePublished\":\"2024-10-08T19:06:50+00:00\",\"dateModified\":\"2024-12-10T12:19:35+00:00\",\"description\":\"Aikido voor iedereen! Begrijp de principes van balans en harmonie eenvoudig uitgelegd in Jip en Janneketaal door Ando.\",\"breadcrumb\":{\"@id\":\"https:\\\/\\\/aikido-ando.nl\\\/aikido-jip-en-janneke\\\/#breadcrumb\"},\"inLanguage\":\"es\",\"potentialAction\":[{\"@type\":\"ReadAction\",\"target\":[\"https:\\\/\\\/aikido-ando.nl\\\/aikido-jip-en-janneke\\\/\"]}]},{\"@type\":\"ImageObject\",\"inLanguage\":\"es\",\"@id\":\"https:\\\/\\\/aikido-ando.nl\\\/aikido-jip-en-janneke\\\/#primaryimage\",\"url\":\"https:\\\/\\\/aikido-ando.nl\\\/wp-content\\\/uploads\\\/Jip_En_Janneke_Aikido_Verhaal_Ando_Dojo_Zaltbommel.webp\",\"contentUrl\":\"https:\\\/\\\/aikido-ando.nl\\\/wp-content\\\/uploads\\\/Jip_En_Janneke_Aikido_Verhaal_Ando_Dojo_Zaltbommel.webp\",\"width\":1920,\"height\":600,\"caption\":\"Jip past Aikido toe in de speeltuin, een verhaal dat over de Japanse zelfverdediging sport Aikido gaat. Ando Aikido geeft les in Zaltbommel, de stad van Annie m.g. Schmidt.\"},{\"@type\":\"BreadcrumbList\",\"@id\":\"https:\\\/\\\/aikido-ando.nl\\\/aikido-jip-en-janneke\\\/#breadcrumb\",\"itemListElement\":[{\"@type\":\"ListItem\",\"position\":1,\"name\":\"Home\",\"item\":\"https:\\\/\\\/aikido-ando.nl\\\/\"},{\"@type\":\"ListItem\",\"position\":2,\"name\":\"Aikido Jip en Janneke\"}]},{\"@type\":\"WebSite\",\"@id\":\"https:\\\/\\\/aikido-ando.nl\\\/#website\",\"url\":\"https:\\\/\\\/aikido-ando.nl\\\/\",\"name\":\"Aikido Ando\",\"description\":\"\",\"publisher\":{\"@id\":\"https:\\\/\\\/aikido-ando.nl\\\/#organization\"},\"potentialAction\":[{\"@type\":\"SearchAction\",\"target\":{\"@type\":\"EntryPoint\",\"urlTemplate\":\"https:\\\/\\\/aikido-ando.nl\\\/?s={search_term_string}\"},\"query-input\":{\"@type\":\"PropertyValueSpecification\",\"valueRequired\":true,\"valueName\":\"search_term_string\"}}],\"inLanguage\":\"es\"},{\"@type\":\"Organization\",\"@id\":\"https:\\\/\\\/aikido-ando.nl\\\/#organization\",\"name\":\"Aikido Ando\",\"url\":\"https:\\\/\\\/aikido-ando.nl\\\/\",\"logo\":{\"@type\":\"ImageObject\",\"inLanguage\":\"es\",\"@id\":\"https:\\\/\\\/aikido-ando.nl\\\/#\\\/schema\\\/logo\\\/image\\\/\",\"url\":\"https:\\\/\\\/aikido-ando.nl\\\/wp-content\\\/uploads\\\/Logo.webp\",\"contentUrl\":\"https:\\\/\\\/aikido-ando.nl\\\/wp-content\\\/uploads\\\/Logo.webp\",\"width\":500,\"height\":500,\"caption\":\"Aikido Ando\"},\"image\":{\"@id\":\"https:\\\/\\\/aikido-ando.nl\\\/#\\\/schema\\\/logo\\\/image\\\/\"},\"sameAs\":[\"https:\\\/\\\/www.facebook.com\\\/andoaikido\",\"https:\\\/\\\/www.instagram.com\\\/andoaikido\\\/\",\"https:\\\/\\\/www.tiktok.com\\\/404?fromUrl=\\\/andoaikido\",\"https:\\\/\\\/www.linkedin.com\\\/company\\\/andoaikido?originalSubdomain=nl\"]}]}<\/script>\n<!-- \/ Yoast SEO Premium plugin. -->","yoast_head_json":{"title":"Aikido Jip y Janneke - Aikido ANDO","description":"\u00a1Aikido para todos! Comprende los principios de equilibrio y armon\u00eda explicados de forma sencilla en lenguaje Jip y Janneke por Ando.","robots":{"index":"index","follow":"follow","max-snippet":"max-snippet:-1","max-image-preview":"max-image-preview:large","max-video-preview":"max-video-preview:-1"},"canonical":"https:\/\/aikido-ando.nl\/es\/aikido-jip-y-janneke\/","og_locale":"es_ES","og_type":"article","og_title":"Aikido Jip en Janneke","og_description":"Aikido voor iedereen! Begrijp de principes van balans en harmonie eenvoudig uitgelegd in Jip en Janneketaal door Ando.","og_url":"https:\/\/aikido-ando.nl\/es\/aikido-jip-y-janneke\/","og_site_name":"Aikido ANDO","article_publisher":"https:\/\/www.facebook.com\/andoaikido","article_modified_time":"2024-12-10T12:19:35+00:00","og_image":[{"width":1920,"height":600,"url":"https:\/\/aikido-ando.nl\/wp-content\/uploads\/Jip_En_Janneke_Aikido_Verhaal_Ando_Dojo_Zaltbommel.webp","type":"image\/webp"}],"twitter_card":"summary_large_image","twitter_misc":{"Tiempo de lectura":"4 minutos"},"schema":{"@context":"https:\/\/schema.org","@graph":[{"@type":"WebPage","@id":"https:\/\/aikido-ando.nl\/aikido-jip-en-janneke\/","url":"https:\/\/aikido-ando.nl\/aikido-jip-en-janneke\/","name":"Aikido Jip y Janneke - Aikido ANDO","isPartOf":{"@id":"https:\/\/aikido-ando.nl\/#website"},"primaryImageOfPage":{"@id":"https:\/\/aikido-ando.nl\/aikido-jip-en-janneke\/#primaryimage"},"image":{"@id":"https:\/\/aikido-ando.nl\/aikido-jip-en-janneke\/#primaryimage"},"thumbnailUrl":"https:\/\/aikido-ando.nl\/wp-content\/uploads\/Jip_En_Janneke_Aikido_Verhaal_Ando_Dojo_Zaltbommel.webp","datePublished":"2024-10-08T19:06:50+00:00","dateModified":"2024-12-10T12:19:35+00:00","description":"\u00a1Aikido para todos! Comprende los principios de equilibrio y armon\u00eda explicados de forma sencilla en lenguaje Jip y Janneke por Ando.","breadcrumb":{"@id":"https:\/\/aikido-ando.nl\/aikido-jip-en-janneke\/#breadcrumb"},"inLanguage":"es","potentialAction":[{"@type":"ReadAction","target":["https:\/\/aikido-ando.nl\/aikido-jip-en-janneke\/"]}]},{"@type":"ImageObject","inLanguage":"es","@id":"https:\/\/aikido-ando.nl\/aikido-jip-en-janneke\/#primaryimage","url":"https:\/\/aikido-ando.nl\/wp-content\/uploads\/Jip_En_Janneke_Aikido_Verhaal_Ando_Dojo_Zaltbommel.webp","contentUrl":"https:\/\/aikido-ando.nl\/wp-content\/uploads\/Jip_En_Janneke_Aikido_Verhaal_Ando_Dojo_Zaltbommel.webp","width":1920,"height":600,"caption":"Jip past Aikido toe in de speeltuin, een verhaal dat over de Japanse zelfverdediging sport Aikido gaat. Ando Aikido geeft les in Zaltbommel, de stad van Annie m.g. Schmidt."},{"@type":"BreadcrumbList","@id":"https:\/\/aikido-ando.nl\/aikido-jip-en-janneke\/#breadcrumb","itemListElement":[{"@type":"ListItem","position":1,"name":"Home","item":"https:\/\/aikido-ando.nl\/"},{"@type":"ListItem","position":2,"name":"Aikido Jip en Janneke"}]},{"@type":"WebSite","@id":"https:\/\/aikido-ando.nl\/#website","url":"https:\/\/aikido-ando.nl\/","name":"Aikido Ando","description":"","publisher":{"@id":"https:\/\/aikido-ando.nl\/#organization"},"potentialAction":[{"@type":"SearchAction","target":{"@type":"EntryPoint","urlTemplate":"https:\/\/aikido-ando.nl\/?s={search_term_string}"},"query-input":{"@type":"PropertyValueSpecification","valueRequired":true,"valueName":"search_term_string"}}],"inLanguage":"es"},{"@type":"Organization","@id":"https:\/\/aikido-ando.nl\/#organization","name":"Aikido Ando","url":"https:\/\/aikido-ando.nl\/","logo":{"@type":"ImageObject","inLanguage":"es","@id":"https:\/\/aikido-ando.nl\/#\/schema\/logo\/image\/","url":"https:\/\/aikido-ando.nl\/wp-content\/uploads\/Logo.webp","contentUrl":"https:\/\/aikido-ando.nl\/wp-content\/uploads\/Logo.webp","width":500,"height":500,"caption":"Aikido Ando"},"image":{"@id":"https:\/\/aikido-ando.nl\/#\/schema\/logo\/image\/"},"sameAs":["https:\/\/www.facebook.com\/andoaikido","https:\/\/www.instagram.com\/andoaikido\/","https:\/\/www.tiktok.com\/404?fromUrl=\/andoaikido","https:\/\/www.linkedin.com\/company\/andoaikido?originalSubdomain=nl"]}]}},"_links":{"self":[{"href":"https:\/\/aikido-ando.nl\/es\/wp-json\/wp\/v2\/pages\/532","targetHints":{"allow":["GET"]}}],"collection":[{"href":"https:\/\/aikido-ando.nl\/es\/wp-json\/wp\/v2\/pages"}],"about":[{"href":"https:\/\/aikido-ando.nl\/es\/wp-json\/wp\/v2\/types\/page"}],"author":[{"embeddable":true,"href":"https:\/\/aikido-ando.nl\/es\/wp-json\/wp\/v2\/users\/1"}],"replies":[{"embeddable":true,"href":"https:\/\/aikido-ando.nl\/es\/wp-json\/wp\/v2\/comments?post=532"}],"version-history":[{"count":0,"href":"https:\/\/aikido-ando.nl\/es\/wp-json\/wp\/v2\/pages\/532\/revisions"}],"wp:featuredmedia":[{"embeddable":true,"href":"https:\/\/aikido-ando.nl\/es\/wp-json\/wp\/v2\/media\/1739"}],"wp:attachment":[{"href":"https:\/\/aikido-ando.nl\/es\/wp-json\/wp\/v2\/media?parent=532"}],"curies":[{"name":"wp","href":"https:\/\/api.w.org\/{rel}","templated":true}]}}