{"id":537,"date":"2024-10-08T21:12:38","date_gmt":"2024-10-08T19:12:38","guid":{"rendered":"https:\/\/aikido-ando.nl\/?page_id=537"},"modified":"2024-12-10T13:28:55","modified_gmt":"2024-12-10T12:28:55","slug":"rompecabezas-de-aikido","status":"publish","type":"page","link":"https:\/\/aikido-ando.nl\/es\/aikido-puzzle\/","title":{"rendered":"Puzzle de Aikido"},"content":{"rendered":"<div data-elementor-type=\"wp-page\" data-elementor-id=\"537\" class=\"elementor elementor-537\" data-elementor-post-type=\"page\">\n\t\t\t\t<div class=\"elementor-element elementor-element-24b6a1a e-flex e-con-boxed e-con e-parent\" data-id=\"24b6a1a\" data-element_type=\"container\" data-e-type=\"container\">\n\t\t\t\t\t<div class=\"e-con-inner\">\n\t\t\t\t<div class=\"elementor-element elementor-element-f15a2eb elementor-widget elementor-widget-text-editor\" data-id=\"f15a2eb\" data-element_type=\"widget\" data-e-type=\"widget\" data-widget_type=\"text-editor.default\">\n\t\t\t\t<div class=\"elementor-widget-container\">\n\t\t\t\t\t\t\t\t\t<p><strong>Desbloquear el v\u00eddeo<\/strong> respondiendo a la siguiente pregunta: \u00bfen qu\u00e9 a\u00f1o fund\u00f3 Ando su dojo? Utiliza estos 4 d\u00edgitos para reproducir el v\u00eddeo y averiguar qu\u00e9 ocurri\u00f3.<\/p>\t\t\t\t\t\t\t\t<\/div>\n\t\t\t\t<\/div>\n\t\t\t\t\t<\/div>\n\t\t\t\t<\/div>\n\t\t<div class=\"elementor-element elementor-element-d6e4c9e e-flex e-con-boxed e-con e-parent\" data-id=\"d6e4c9e\" data-element_type=\"container\" data-e-type=\"container\">\n\t\t\t\t\t<div class=\"e-con-inner\">\n\t\t\t\t<div class=\"elementor-element elementor-element-70d53fe elementor-widget elementor-widget-video\" data-id=\"70d53fe\" data-element_type=\"widget\" data-e-type=\"widget\" data-settings=\"{&quot;video_type&quot;:&quot;vimeo&quot;}\" data-widget_type=\"video.default\">\n\t\t\t\t<div class=\"elementor-widget-container\">\n\t\t\t\t\t\t\t<div class=\"elementor-wrapper elementor-open-inline\">\n\t\t\t<iframe class=\"elementor-video-iframe\" allowfullscreen allow=\"clipboard-write\" title=\"Lecteur vid\u00e9o vimeo\" src=\"https:\/\/player.vimeo.com\/video\/914129559?color&amp;autopause=0&amp;loop=0&amp;muted=0&amp;title=1&amp;portrait=1&amp;byline=1#t=\" data-no-translation-title=\"\"><\/iframe>\t\t<\/div>\n\t\t\t\t\t\t<\/div>\n\t\t\t\t<\/div>\n\t\t\t\t\t<\/div>\n\t\t\t\t<\/div>\n\t\t<div class=\"elementor-element elementor-element-d67fa7b e-flex e-con-boxed e-con e-parent\" data-id=\"d67fa7b\" data-element_type=\"container\" data-e-type=\"container\">\n\t\t\t\t\t<div class=\"e-con-inner\">\n\t\t\t\t<div class=\"elementor-element elementor-element-80fdac2 elementor-widget elementor-widget-text-editor\" data-id=\"80fdac2\" data-element_type=\"widget\" data-e-type=\"widget\" data-widget_type=\"text-editor.default\">\n\t\t\t\t<div class=\"elementor-widget-container\">\n\t\t\t\t\t\t\t\t\t<h1>ROMPECABEZAS MISTERIOSO DE AIKIDO<\/h1><p><strong>Dise\u00f1ado por Aikidokas para los corazones aventureros de todas las edades, este puzzle es la mezcla definitiva de diversi\u00f3n y desaf\u00edo. Has llegado hasta aqu\u00ed, \u00a1lo que significa que est\u00e1s muy cerca de descifrar el c\u00f3digo! Introduce el c\u00f3digo para sumergirte en el v\u00eddeo. Pero, \u00a1mant\u00e9n los ojos bien abiertos! Si parpadeas, podr\u00edas perderte el \u00e9pico final. \u00bfListo para atrapar la pista antes de que desaparezca?<\/strong><\/p>\t\t\t\t\t\t\t\t<\/div>\n\t\t\t\t<\/div>\n\t\t\t\t<div class=\"elementor-element elementor-element-f98b127 elementor-widget elementor-widget-text-editor\" data-id=\"f98b127\" data-element_type=\"widget\" data-e-type=\"widget\" data-widget_type=\"text-editor.default\">\n\t\t\t\t<div class=\"elementor-widget-container\">\n\t\t\t\t\t\t\t\t\t<p><strong>\u00a1\u00bfHAS ENCONTRADO TODOS ESTOS?!<\/strong><br \/>1. \u00bfHas encontrado la silla de ruedas Aikidoka?<br \/>2. Alguien ha perdido sus zapatillas azules con flores rosas. \u00bfSabes d\u00f3nde encontrarlas?<br \/>3. Los sensei Ando tienen bolsas de armas naranjas, \u00bfcu\u00e1ntos profesores participan en este seminario?<br \/>4. \u00bfSabe en qu\u00e9 pa\u00eds se celebra este seminario?<br \/>5. Evy ha perdido las flores para el retrato, \u00bfsabes d\u00f3nde est\u00e1n?<br \/>6. \u00bfEste taller est\u00e1 a punto de empezar o ya ha terminado?<br \/>7. \u00bfCu\u00e1ntos usuarios de hakama hay?<br \/>8. Jeroen y Elan est\u00e1n enamorados, \u00bfsabes d\u00f3nde est\u00e1n?<br \/>9. Pedro tiene hambre, \u00bfqu\u00e9 comida ha pedido?<br \/>10. Si encuentras a Wendy, \u00bfpodr\u00edas despertarla? Todav\u00eda est\u00e1 durmiendo.<br \/>11. \u00bfQu\u00e9 animal no puede entrar aqu\u00ed?<br \/>12. Es el cumplea\u00f1os de Tim y lleva un cintur\u00f3n naranja, \u00bfsabes d\u00f3nde est\u00e1 para felicitarle?<br \/>13. Jessica ha perdido una pieza de fruta, \u00bfsabes d\u00f3nde la ha dejado?<br \/>14. \u00bfCu\u00e1ntos uchi deshis mantienen limpia la esterilla? Cada deshi tiene su propia escoba.<br \/>15. \u00bfSabes d\u00f3nde est\u00e1 la pelota que entr\u00f3 por la ventana rota?<\/p><p>Consulta todas las respuestas aqu\u00ed JPG.<\/p>\t\t\t\t\t\t\t\t<\/div>\n\t\t\t\t<\/div>\n\t\t\t\t\t<\/div>\n\t\t\t\t<\/div>\n\t\t\t\t<\/div>","protected":false},"excerpt":{"rendered":"<p>Unlock the video by answering the following question: which year did Ando start their dojo? Use these 4 digits to play the video and figure out what happend. https:\/\/vimeo.com\/914129559?share=copy AIKIDO MYSTERY PUZZLE \u200b Designed by Aikidokas for the adventurous hearts of all ages, this puzzle is the ultimate mix of fun and challenge. You&#8217;ve made [&hellip;]<\/p>\n","protected":false},"author":1,"featured_media":1667,"parent":0,"menu_order":0,"comment_status":"closed","ping_status":"closed","template":"elementor_header_footer","meta":{"footnotes":""},"class_list":["post-537","page","type-page","status-publish","has-post-thumbnail","hentry"],"yoast_head":"<!-- This site is optimized with the Yoast SEO Premium plugin v27.3 (Yoast SEO v27.3) - https:\/\/yoast.com\/product\/yoast-seo-premium-wordpress\/ -->\n<title>Aikido puzzle - Aikido ANDO<\/title>\n<meta name=\"description\" content=\"Een Aikido puzzel waar meer in zit, speciaal voor Aikidoka&#039;s.\" \/>\n<meta name=\"robots\" content=\"index, follow, max-snippet:-1, max-image-preview:large, max-video-preview:-1\" \/>\n<link rel=\"canonical\" href=\"https:\/\/aikido-ando.nl\/es\/rompecabezas-de-aikido\/\" \/>\n<meta property=\"og:locale\" content=\"es_ES\" \/>\n<meta property=\"og:type\" content=\"article\" \/>\n<meta property=\"og:title\" content=\"Aikido puzzle\" \/>\n<meta property=\"og:description\" content=\"Een Aikido puzzel waar meer in zit, speciaal voor Aikidoka&#039;s.\" \/>\n<meta property=\"og:url\" content=\"https:\/\/aikido-ando.nl\/es\/rompecabezas-de-aikido\/\" \/>\n<meta property=\"og:site_name\" content=\"Aikido ANDO\" \/>\n<meta property=\"article:publisher\" content=\"https:\/\/www.facebook.com\/andoaikido\" \/>\n<meta property=\"article:modified_time\" content=\"2024-12-10T12:28:55+00:00\" \/>\n<meta property=\"og:image\" content=\"https:\/\/aikido-ando.nl\/wp-content\/uploads\/Aikido_Zen_meditation_Relaxation.webp\" \/>\n\t<meta property=\"og:image:width\" content=\"1920\" \/>\n\t<meta property=\"og:image:height\" content=\"600\" \/>\n\t<meta property=\"og:image:type\" content=\"image\/webp\" \/>\n<meta name=\"twitter:card\" content=\"summary_large_image\" \/>\n<meta name=\"twitter:label1\" content=\"Tiempo de lectura\" \/>\n\t<meta name=\"twitter:data1\" content=\"2 minutos\" \/>\n<script type=\"application\/ld+json\" class=\"yoast-schema-graph\">{\"@context\":\"https:\\\/\\\/schema.org\",\"@graph\":[{\"@type\":\"WebPage\",\"@id\":\"https:\\\/\\\/aikido-ando.nl\\\/aikido-puzzle\\\/\",\"url\":\"https:\\\/\\\/aikido-ando.nl\\\/aikido-puzzle\\\/\",\"name\":\"Aikido puzzle - Aikido ANDO\",\"isPartOf\":{\"@id\":\"https:\\\/\\\/aikido-ando.nl\\\/#website\"},\"primaryImageOfPage\":{\"@id\":\"https:\\\/\\\/aikido-ando.nl\\\/aikido-puzzle\\\/#primaryimage\"},\"image\":{\"@id\":\"https:\\\/\\\/aikido-ando.nl\\\/aikido-puzzle\\\/#primaryimage\"},\"thumbnailUrl\":\"https:\\\/\\\/aikido-ando.nl\\\/wp-content\\\/uploads\\\/Aikido_Zen_meditation_Relaxation.webp\",\"datePublished\":\"2024-10-08T19:12:38+00:00\",\"dateModified\":\"2024-12-10T12:28:55+00:00\",\"description\":\"Een Aikido puzzel waar meer in zit, speciaal voor Aikidoka's.\",\"breadcrumb\":{\"@id\":\"https:\\\/\\\/aikido-ando.nl\\\/aikido-puzzle\\\/#breadcrumb\"},\"inLanguage\":\"es\",\"potentialAction\":[{\"@type\":\"ReadAction\",\"target\":[\"https:\\\/\\\/aikido-ando.nl\\\/aikido-puzzle\\\/\"]}]},{\"@type\":\"ImageObject\",\"inLanguage\":\"es\",\"@id\":\"https:\\\/\\\/aikido-ando.nl\\\/aikido-puzzle\\\/#primaryimage\",\"url\":\"https:\\\/\\\/aikido-ando.nl\\\/wp-content\\\/uploads\\\/Aikido_Zen_meditation_Relaxation.webp\",\"contentUrl\":\"https:\\\/\\\/aikido-ando.nl\\\/wp-content\\\/uploads\\\/Aikido_Zen_meditation_Relaxation.webp\",\"width\":1920,\"height\":600,\"caption\":\"Aikido training gebeurt in de dojo waar beginners en gevorderde Aikidoka's samenkomen. Aikido kent geen competitie dus iedereen is gelijkwaardig.\"},{\"@type\":\"BreadcrumbList\",\"@id\":\"https:\\\/\\\/aikido-ando.nl\\\/aikido-puzzle\\\/#breadcrumb\",\"itemListElement\":[{\"@type\":\"ListItem\",\"position\":1,\"name\":\"Home\",\"item\":\"https:\\\/\\\/aikido-ando.nl\\\/\"},{\"@type\":\"ListItem\",\"position\":2,\"name\":\"Aikido puzzle\"}]},{\"@type\":\"WebSite\",\"@id\":\"https:\\\/\\\/aikido-ando.nl\\\/#website\",\"url\":\"https:\\\/\\\/aikido-ando.nl\\\/\",\"name\":\"Aikido Ando\",\"description\":\"\",\"publisher\":{\"@id\":\"https:\\\/\\\/aikido-ando.nl\\\/#organization\"},\"potentialAction\":[{\"@type\":\"SearchAction\",\"target\":{\"@type\":\"EntryPoint\",\"urlTemplate\":\"https:\\\/\\\/aikido-ando.nl\\\/?s={search_term_string}\"},\"query-input\":{\"@type\":\"PropertyValueSpecification\",\"valueRequired\":true,\"valueName\":\"search_term_string\"}}],\"inLanguage\":\"es\"},{\"@type\":\"Organization\",\"@id\":\"https:\\\/\\\/aikido-ando.nl\\\/#organization\",\"name\":\"Aikido Ando\",\"url\":\"https:\\\/\\\/aikido-ando.nl\\\/\",\"logo\":{\"@type\":\"ImageObject\",\"inLanguage\":\"es\",\"@id\":\"https:\\\/\\\/aikido-ando.nl\\\/#\\\/schema\\\/logo\\\/image\\\/\",\"url\":\"https:\\\/\\\/aikido-ando.nl\\\/wp-content\\\/uploads\\\/Logo.webp\",\"contentUrl\":\"https:\\\/\\\/aikido-ando.nl\\\/wp-content\\\/uploads\\\/Logo.webp\",\"width\":500,\"height\":500,\"caption\":\"Aikido Ando\"},\"image\":{\"@id\":\"https:\\\/\\\/aikido-ando.nl\\\/#\\\/schema\\\/logo\\\/image\\\/\"},\"sameAs\":[\"https:\\\/\\\/www.facebook.com\\\/andoaikido\",\"https:\\\/\\\/www.instagram.com\\\/andoaikido\\\/\",\"https:\\\/\\\/www.tiktok.com\\\/404?fromUrl=\\\/andoaikido\",\"https:\\\/\\\/www.linkedin.com\\\/company\\\/andoaikido?originalSubdomain=nl\"]}]}<\/script>\n<!-- \/ Yoast SEO Premium plugin. -->","yoast_head_json":{"title":"Puzzle de Aikido - Aikido ANDO","description":"Un puzzle de Aikido con m\u00e1s cosas, especialmente para Aikidokas.","robots":{"index":"index","follow":"follow","max-snippet":"max-snippet:-1","max-image-preview":"max-image-preview:large","max-video-preview":"max-video-preview:-1"},"canonical":"https:\/\/aikido-ando.nl\/es\/rompecabezas-de-aikido\/","og_locale":"es_ES","og_type":"article","og_title":"Aikido puzzle","og_description":"Een Aikido puzzel waar meer in zit, speciaal voor Aikidoka's.","og_url":"https:\/\/aikido-ando.nl\/es\/rompecabezas-de-aikido\/","og_site_name":"Aikido ANDO","article_publisher":"https:\/\/www.facebook.com\/andoaikido","article_modified_time":"2024-12-10T12:28:55+00:00","og_image":[{"width":1920,"height":600,"url":"https:\/\/aikido-ando.nl\/wp-content\/uploads\/Aikido_Zen_meditation_Relaxation.webp","type":"image\/webp"}],"twitter_card":"summary_large_image","twitter_misc":{"Tiempo de lectura":"2 minutos"},"schema":{"@context":"https:\/\/schema.org","@graph":[{"@type":"WebPage","@id":"https:\/\/aikido-ando.nl\/aikido-puzzle\/","url":"https:\/\/aikido-ando.nl\/aikido-puzzle\/","name":"Puzzle de Aikido - Aikido ANDO","isPartOf":{"@id":"https:\/\/aikido-ando.nl\/#website"},"primaryImageOfPage":{"@id":"https:\/\/aikido-ando.nl\/aikido-puzzle\/#primaryimage"},"image":{"@id":"https:\/\/aikido-ando.nl\/aikido-puzzle\/#primaryimage"},"thumbnailUrl":"https:\/\/aikido-ando.nl\/wp-content\/uploads\/Aikido_Zen_meditation_Relaxation.webp","datePublished":"2024-10-08T19:12:38+00:00","dateModified":"2024-12-10T12:28:55+00:00","description":"Un puzzle de Aikido con m\u00e1s cosas, especialmente para Aikidokas.","breadcrumb":{"@id":"https:\/\/aikido-ando.nl\/aikido-puzzle\/#breadcrumb"},"inLanguage":"es","potentialAction":[{"@type":"ReadAction","target":["https:\/\/aikido-ando.nl\/aikido-puzzle\/"]}]},{"@type":"ImageObject","inLanguage":"es","@id":"https:\/\/aikido-ando.nl\/aikido-puzzle\/#primaryimage","url":"https:\/\/aikido-ando.nl\/wp-content\/uploads\/Aikido_Zen_meditation_Relaxation.webp","contentUrl":"https:\/\/aikido-ando.nl\/wp-content\/uploads\/Aikido_Zen_meditation_Relaxation.webp","width":1920,"height":600,"caption":"Aikido training gebeurt in de dojo waar beginners en gevorderde Aikidoka's samenkomen. Aikido kent geen competitie dus iedereen is gelijkwaardig."},{"@type":"BreadcrumbList","@id":"https:\/\/aikido-ando.nl\/aikido-puzzle\/#breadcrumb","itemListElement":[{"@type":"ListItem","position":1,"name":"Home","item":"https:\/\/aikido-ando.nl\/"},{"@type":"ListItem","position":2,"name":"Aikido puzzle"}]},{"@type":"WebSite","@id":"https:\/\/aikido-ando.nl\/#website","url":"https:\/\/aikido-ando.nl\/","name":"Aikido Ando","description":"","publisher":{"@id":"https:\/\/aikido-ando.nl\/#organization"},"potentialAction":[{"@type":"SearchAction","target":{"@type":"EntryPoint","urlTemplate":"https:\/\/aikido-ando.nl\/?s={search_term_string}"},"query-input":{"@type":"PropertyValueSpecification","valueRequired":true,"valueName":"search_term_string"}}],"inLanguage":"es"},{"@type":"Organization","@id":"https:\/\/aikido-ando.nl\/#organization","name":"Aikido Ando","url":"https:\/\/aikido-ando.nl\/","logo":{"@type":"ImageObject","inLanguage":"es","@id":"https:\/\/aikido-ando.nl\/#\/schema\/logo\/image\/","url":"https:\/\/aikido-ando.nl\/wp-content\/uploads\/Logo.webp","contentUrl":"https:\/\/aikido-ando.nl\/wp-content\/uploads\/Logo.webp","width":500,"height":500,"caption":"Aikido Ando"},"image":{"@id":"https:\/\/aikido-ando.nl\/#\/schema\/logo\/image\/"},"sameAs":["https:\/\/www.facebook.com\/andoaikido","https:\/\/www.instagram.com\/andoaikido\/","https:\/\/www.tiktok.com\/404?fromUrl=\/andoaikido","https:\/\/www.linkedin.com\/company\/andoaikido?originalSubdomain=nl"]}]}},"_links":{"self":[{"href":"https:\/\/aikido-ando.nl\/es\/wp-json\/wp\/v2\/pages\/537","targetHints":{"allow":["GET"]}}],"collection":[{"href":"https:\/\/aikido-ando.nl\/es\/wp-json\/wp\/v2\/pages"}],"about":[{"href":"https:\/\/aikido-ando.nl\/es\/wp-json\/wp\/v2\/types\/page"}],"author":[{"embeddable":true,"href":"https:\/\/aikido-ando.nl\/es\/wp-json\/wp\/v2\/users\/1"}],"replies":[{"embeddable":true,"href":"https:\/\/aikido-ando.nl\/es\/wp-json\/wp\/v2\/comments?post=537"}],"version-history":[{"count":0,"href":"https:\/\/aikido-ando.nl\/es\/wp-json\/wp\/v2\/pages\/537\/revisions"}],"wp:featuredmedia":[{"embeddable":true,"href":"https:\/\/aikido-ando.nl\/es\/wp-json\/wp\/v2\/media\/1667"}],"wp:attachment":[{"href":"https:\/\/aikido-ando.nl\/es\/wp-json\/wp\/v2\/media?parent=537"}],"curies":[{"name":"wp","href":"https:\/\/api.w.org\/{rel}","templated":true}]}}