{"id":552,"date":"2024-10-08T21:33:58","date_gmt":"2024-10-08T19:33:58","guid":{"rendered":"https:\/\/aikido-ando.nl\/?page_id=552"},"modified":"2025-04-29T09:49:13","modified_gmt":"2025-04-29T07:49:13","slug":"ando-dia-2","status":"publish","type":"page","link":"https:\/\/aikido-ando.nl\/es\/ando-dag-2\/","title":{"rendered":"D\u00eda de Ando"},"content":{"rendered":"<div data-elementor-type=\"wp-page\" data-elementor-id=\"552\" class=\"elementor elementor-552\" data-elementor-post-type=\"page\">\n\t\t\t\t<div class=\"elementor-element elementor-element-8e48532 e-flex e-con-boxed e-con e-parent\" data-id=\"8e48532\" data-element_type=\"container\" data-e-type=\"container\">\n\t\t\t\t\t<div class=\"e-con-inner\">\n\t\t\t\t<div class=\"elementor-element elementor-element-3fd4b24 elementor-widget elementor-widget-text-editor\" data-id=\"3fd4b24\" data-element_type=\"widget\" data-e-type=\"widget\" data-widget_type=\"text-editor.default\">\n\t\t\t\t<div class=\"elementor-widget-container\">\n\t\t\t\t\t\t\t\t\t<h2>CONCIENCIACI\u00d3N Y CRECIMIENTO<\/h2><p><strong>Las palabras clave de Andoday. Se trata de un d\u00eda memorable lleno de inspiraci\u00f3n, diversi\u00f3n y nuevos conocimientos que expanden la conciencia. Es una extensi\u00f3n de Ando, en la que la \u2018conciencia\u2019 ocupa un lugar central. Es un d\u00eda en el que ponemos a\u00fan m\u00e1s \u00e9nfasis en el desarrollo personal y en que se te permita ser t\u00fa mismo. El programa seguir\u00e1 siendo una sorpresa, as\u00ed que todo el mundo entrar\u00e1 con la mente abierta. Se prestar\u00e1 atenci\u00f3n tanto dentro como fuera del tatami. Todo ello para crear cierta conciencia en todos los que participen en esta actividad.\u00a0<\/strong><\/p>\t\t\t\t\t\t\t\t<\/div>\n\t\t\t\t<\/div>\n\t\t\t\t<div class=\"elementor-element elementor-element-19a36ef elementor-widget elementor-widget-text-editor\" data-id=\"19a36ef\" data-element_type=\"widget\" data-e-type=\"widget\" data-widget_type=\"text-editor.default\">\n\t\t\t\t<div class=\"elementor-widget-container\">\n\t\t\t\t\t\t\t\t\t<h3>Aprovechar la vida al m\u00e1ximo<\/h3><p>El tema <strong>\u2018concienciaci\u00f3n\u2019<\/strong>\u00a0es muy amplio y cada a\u00f1o trata de encontrar un \u00e1ngulo diferente. Ya sea sobre <strong>conciencia de s\u00ed mismo o de su entorno<\/strong>. En 2016, por ejemplo, el tema fue \u2018Unifiyed Centre\u2019, traducido libremente como \u2018centro unificado\u2019. En resumen, cada vez se presta m\u00e1s atenci\u00f3n a un tema diferente.<\/p><p>El D\u00eda de Android se cre\u00f3 por la p\u00e9rdida de <strong>Marga<\/strong> y m\u00e1s tarde tambi\u00e9n <strong>Wim, ambos fundadores y padres de Edo y Anne.<\/strong> Su misi\u00f3n en la vida era ayudar a las personas a volver a ser ellas mismas, <strong>dar ideas y herramientas para sacar m\u00e1s partido a la vida.<\/strong> Marga lo hizo desde la perspectiva de la sanidad (alternativa) y Wim desde su pasi\u00f3n por el marketing y la ense\u00f1anza. Ambos eran personas sabias y serviciales que ayudaron a convertir Ando en lo que es hoy. Una \u2018familia\u2019 afectuosa en la que puedes ser t\u00fa mismo. Por \u00faltimo <strong>la base para abrirse y desarrollarse<\/strong>. A partir de esta base, estos padres fundadores con el prop\u00f3sito de su vida se destacan extra por su <strong>continuar con la positividad y la inspiraci\u00f3n<\/strong> en el Andoday.<\/p>\t\t\t\t\t\t\t\t<\/div>\n\t\t\t\t<\/div>\n\t\t\t\t\t<\/div>\n\t\t\t\t<\/div>\n\t\t<div class=\"elementor-element elementor-element-668d9ee4 e-flex e-con-boxed e-con e-parent\" data-id=\"668d9ee4\" data-element_type=\"container\" data-e-type=\"container\" data-settings=\"{&quot;background_background&quot;:&quot;classic&quot;}\">\n\t\t\t\t\t<div class=\"e-con-inner\">\n\t\t<div class=\"elementor-element elementor-element-588f5aec e-con-full e-flex e-con e-child\" data-id=\"588f5aec\" data-element_type=\"container\" data-e-type=\"container\" data-settings=\"{&quot;background_background&quot;:&quot;classic&quot;}\">\n\t\t\t\t<div class=\"elementor-element elementor-element-72f9c348 elementor-widget elementor-widget-text-editor\" data-id=\"72f9c348\" data-element_type=\"widget\" data-e-type=\"widget\" data-widget_type=\"text-editor.default\">\n\t\t\t\t<div class=\"elementor-widget-container\">\n\t\t\t\t\t\t\t\t\t<p>Wim Slui 13.10.2021<\/p><p><span style=\"font-family: var( --e-global-typography-text-font-family ), Sans-serif; text-align: var(--text-align);\">Marga Slui 14.4.2012<\/span><\/p>\t\t\t\t\t\t\t\t<\/div>\n\t\t\t\t<\/div>\n\t\t\t\t<\/div>\n\t\t<div class=\"elementor-element elementor-element-26dc9a5e e-con-full e-flex e-con e-child\" data-id=\"26dc9a5e\" data-element_type=\"container\" data-e-type=\"container\" data-settings=\"{&quot;background_background&quot;:&quot;classic&quot;}\">\n\t\t\t\t<div class=\"elementor-element elementor-element-6e130ea0 elementor-widget elementor-widget-text-editor\" data-id=\"6e130ea0\" data-element_type=\"widget\" data-e-type=\"widget\" data-widget_type=\"text-editor.default\">\n\t\t\t\t<div class=\"elementor-widget-container\">\n\t\t\t\t\t\t\t\t\t<p>Padres de sensei Edo y Anne, que ya no viven. Pero donde el pensamiento sigue fluyendo.<\/p>\t\t\t\t\t\t\t\t<\/div>\n\t\t\t\t<\/div>\n\t\t\t\t<\/div>\n\t\t<div class=\"elementor-element elementor-element-405d63d2 e-con-full e-flex e-con e-child\" data-id=\"405d63d2\" data-element_type=\"container\" data-e-type=\"container\" data-settings=\"{&quot;background_background&quot;:&quot;classic&quot;}\">\n\t\t\t\t<div class=\"elementor-element elementor-element-3f6b1f68 elementor-widget elementor-widget-text-editor\" data-id=\"3f6b1f68\" data-element_type=\"widget\" data-e-type=\"widget\" data-widget_type=\"text-editor.default\">\n\t\t\t\t<div class=\"elementor-widget-container\">\n\t\t\t\t\t\t\t\t\t<p>Hermano y hermana ense\u00f1an Aikido juntos desde 2002<\/p>\t\t\t\t\t\t\t\t<\/div>\n\t\t\t\t<\/div>\n\t\t\t\t<\/div>\n\t\t\t\t\t<\/div>\n\t\t\t\t<\/div>\n\t\t<div class=\"elementor-element elementor-element-325a5c08 e-con-full e-flex e-con e-parent\" data-id=\"325a5c08\" data-element_type=\"container\" data-e-type=\"container\">\n\t\t\t\t<div class=\"elementor-element elementor-element-37dba785 elementor-widget elementor-widget-shortcode\" data-id=\"37dba785\" data-element_type=\"widget\" data-e-type=\"widget\" data-widget_type=\"shortcode.default\">\n\t\t\t\t<div class=\"elementor-widget-container\">\n\t\t\t\t\t\t\t<div class=\"elementor-shortcode\">\t\t<div data-elementor-type=\"section\" data-elementor-id=\"296\" class=\"elementor elementor-296\" data-elementor-post-type=\"elementor_library\">\n\t\t\t<div class=\"elementor-element elementor-element-31eba413 e-flex e-con-boxed e-con e-parent\" data-id=\"31eba413\" data-element_type=\"container\" data-e-type=\"container\" data-settings=\"{&quot;background_background&quot;:&quot;classic&quot;}\">\n\t\t\t\t\t<div class=\"e-con-inner\">\n\t\t\t\t<div class=\"elementor-element elementor-element-15e4890e elementor-widget elementor-widget-heading\" data-id=\"15e4890e\" data-element_type=\"widget\" data-e-type=\"widget\" data-widget_type=\"heading.default\">\n\t\t\t\t<div class=\"elementor-widget-container\">\n\t\t\t\t\t<div class=\"elementor-heading-title elementor-size-default\">Personal<br>\nel crecimiento en tus manos<\/div>\t\t\t\t<\/div>\n\t\t\t\t<\/div>\n\t\t\t\t<div class=\"elementor-element elementor-element-7048f5f elementor-widget elementor-widget-heading\" data-id=\"7048f5f\" data-element_type=\"widget\" data-e-type=\"widget\" data-widget_type=\"heading.default\">\n\t\t\t\t<div class=\"elementor-widget-container\">\n\t\t\t\t\t<div class=\"elementor-heading-title elementor-size-default\">Sea lo que sea en lo que quieras crecer, con el Aikido encontrar\u00e1s el camino.<\/div>\t\t\t\t<\/div>\n\t\t\t\t<\/div>\n\t\t\t\t<div class=\"elementor-element elementor-element-7c66c64b elementor-align-center elementor-widget elementor-widget-button\" data-id=\"7c66c64b\" data-element_type=\"widget\" data-e-type=\"widget\" data-widget_type=\"button.default\">\n\t\t\t\t<div class=\"elementor-widget-container\">\n\t\t\t\t\t\t\t\t\t<div class=\"elementor-button-wrapper\">\n\t\t\t\t\t<a class=\"elementor-button elementor-button-link elementor-size-sm\" href=\"https:\/\/ando-aikido.gotgrib.nl\/member\/selfservice\/registration\/628769c029bbb\">\n\t\t\t\t\t\t<span class=\"elementor-button-content-wrapper\">\n\t\t\t\t\t\t\t\t\t<span class=\"elementor-button-text\">Programar una clase introductoria<\/span>\n\t\t\t\t\t<\/span>\n\t\t\t\t\t<\/a>\n\t\t\t\t<\/div>\n\t\t\t\t\t\t\t\t<\/div>\n\t\t\t\t<\/div>\n\t\t\t\t\t<\/div>\n\t\t\t\t<\/div>\n\t\t\t\t<\/div>\n\t\t<\/div>\n\t\t\t\t\t\t<\/div>\n\t\t\t\t<\/div>\n\t\t\t\t<\/div>\n\t\t\t\t<\/div>","protected":false},"excerpt":{"rendered":"<p>BEWUSTWORDING &amp; GROEI De kernwoorden van Andodag. Dat is een gedenkwaardige dag vol met inspiratie, plezier en nieuwe inzichten die het bewustzijn verruimt. Het is een verlengstuk van Ando, waarin \u2018bewustzijn\u2019 centraal staat. Het is een dag waar we nog meer nadruk leggen op eigen ontwikkeling en jezelf mogen zijn. Het programma blijft een verrassing, [&hellip;]<\/p>\n","protected":false},"author":1,"featured_media":1679,"parent":0,"menu_order":0,"comment_status":"closed","ping_status":"closed","template":"elementor_header_footer","meta":{"footnotes":""},"class_list":["post-552","page","type-page","status-publish","has-post-thumbnail","hentry"],"yoast_head":"<!-- This site is optimized with the Yoast SEO Premium plugin v27.3 (Yoast SEO v27.3) - https:\/\/yoast.com\/product\/yoast-seo-premium-wordpress\/ -->\n<title>Ando dag - Aikido ANDO<\/title>\n<meta name=\"description\" content=\"Ervaar persoonlijke groei tijdens de Dag van Bewustwording bij Aikido Ando. Ontdek de kracht van Ando en vergroot je zelfinzicht.\" \/>\n<meta name=\"robots\" content=\"index, follow, max-snippet:-1, max-image-preview:large, max-video-preview:-1\" \/>\n<link rel=\"canonical\" href=\"https:\/\/aikido-ando.nl\/es\/ando-dia-2\/\" \/>\n<meta property=\"og:locale\" content=\"es_ES\" \/>\n<meta property=\"og:type\" content=\"article\" \/>\n<meta property=\"og:title\" content=\"Ando dag\" \/>\n<meta property=\"og:description\" content=\"Ervaar persoonlijke groei tijdens de Dag van Bewustwording bij Aikido Ando. Ontdek de kracht van Ando en vergroot je zelfinzicht.\" \/>\n<meta property=\"og:url\" content=\"https:\/\/aikido-ando.nl\/es\/ando-dia-2\/\" \/>\n<meta property=\"og:site_name\" content=\"Aikido ANDO\" \/>\n<meta property=\"article:publisher\" content=\"https:\/\/www.facebook.com\/andoaikido\" \/>\n<meta property=\"article:modified_time\" content=\"2025-04-29T07:49:13+00:00\" \/>\n<meta property=\"og:image\" content=\"https:\/\/aikido-ando.nl\/wp-content\/uploads\/Aikido_Familie_Slui_Edo_Wim_Marga_Anne_Slui.webp\" \/>\n\t<meta property=\"og:image:width\" content=\"1920\" \/>\n\t<meta property=\"og:image:height\" content=\"600\" \/>\n\t<meta property=\"og:image:type\" content=\"image\/webp\" \/>\n<meta name=\"twitter:card\" content=\"summary_large_image\" \/>\n<meta name=\"twitter:label1\" content=\"Tiempo de lectura\" \/>\n\t<meta name=\"twitter:data1\" content=\"2 minutos\" \/>\n<script type=\"application\/ld+json\" class=\"yoast-schema-graph\">{\"@context\":\"https:\\\/\\\/schema.org\",\"@graph\":[{\"@type\":\"WebPage\",\"@id\":\"https:\\\/\\\/aikido-ando.nl\\\/ando-dag-2\\\/\",\"url\":\"https:\\\/\\\/aikido-ando.nl\\\/ando-dag-2\\\/\",\"name\":\"Ando dag - Aikido ANDO\",\"isPartOf\":{\"@id\":\"https:\\\/\\\/aikido-ando.nl\\\/#website\"},\"primaryImageOfPage\":{\"@id\":\"https:\\\/\\\/aikido-ando.nl\\\/ando-dag-2\\\/#primaryimage\"},\"image\":{\"@id\":\"https:\\\/\\\/aikido-ando.nl\\\/ando-dag-2\\\/#primaryimage\"},\"thumbnailUrl\":\"https:\\\/\\\/aikido-ando.nl\\\/wp-content\\\/uploads\\\/Aikido_Familie_Slui_Edo_Wim_Marga_Anne_Slui.webp\",\"datePublished\":\"2024-10-08T19:33:58+00:00\",\"dateModified\":\"2025-04-29T07:49:13+00:00\",\"description\":\"Ervaar persoonlijke groei tijdens de Dag van Bewustwording bij Aikido Ando. Ontdek de kracht van Ando en vergroot je zelfinzicht.\",\"breadcrumb\":{\"@id\":\"https:\\\/\\\/aikido-ando.nl\\\/ando-dag-2\\\/#breadcrumb\"},\"inLanguage\":\"es\",\"potentialAction\":[{\"@type\":\"ReadAction\",\"target\":[\"https:\\\/\\\/aikido-ando.nl\\\/ando-dag-2\\\/\"]}]},{\"@type\":\"ImageObject\",\"inLanguage\":\"es\",\"@id\":\"https:\\\/\\\/aikido-ando.nl\\\/ando-dag-2\\\/#primaryimage\",\"url\":\"https:\\\/\\\/aikido-ando.nl\\\/wp-content\\\/uploads\\\/Aikido_Familie_Slui_Edo_Wim_Marga_Anne_Slui.webp\",\"contentUrl\":\"https:\\\/\\\/aikido-ando.nl\\\/wp-content\\\/uploads\\\/Aikido_Familie_Slui_Edo_Wim_Marga_Anne_Slui.webp\",\"width\":1920,\"height\":600,\"caption\":\"Sensei Edo en Anne Slui met de ouders Wim Slui en Marga Slui-Swart. Beide ouders zijn inmiddels overleden. Maar het werk wordt door Edo en Anne voortgezet.\"},{\"@type\":\"BreadcrumbList\",\"@id\":\"https:\\\/\\\/aikido-ando.nl\\\/ando-dag-2\\\/#breadcrumb\",\"itemListElement\":[{\"@type\":\"ListItem\",\"position\":1,\"name\":\"Home\",\"item\":\"https:\\\/\\\/aikido-ando.nl\\\/\"},{\"@type\":\"ListItem\",\"position\":2,\"name\":\"Ando dag\"}]},{\"@type\":\"WebSite\",\"@id\":\"https:\\\/\\\/aikido-ando.nl\\\/#website\",\"url\":\"https:\\\/\\\/aikido-ando.nl\\\/\",\"name\":\"Aikido Ando\",\"description\":\"\",\"publisher\":{\"@id\":\"https:\\\/\\\/aikido-ando.nl\\\/#organization\"},\"potentialAction\":[{\"@type\":\"SearchAction\",\"target\":{\"@type\":\"EntryPoint\",\"urlTemplate\":\"https:\\\/\\\/aikido-ando.nl\\\/?s={search_term_string}\"},\"query-input\":{\"@type\":\"PropertyValueSpecification\",\"valueRequired\":true,\"valueName\":\"search_term_string\"}}],\"inLanguage\":\"es\"},{\"@type\":\"Organization\",\"@id\":\"https:\\\/\\\/aikido-ando.nl\\\/#organization\",\"name\":\"Aikido Ando\",\"url\":\"https:\\\/\\\/aikido-ando.nl\\\/\",\"logo\":{\"@type\":\"ImageObject\",\"inLanguage\":\"es\",\"@id\":\"https:\\\/\\\/aikido-ando.nl\\\/#\\\/schema\\\/logo\\\/image\\\/\",\"url\":\"https:\\\/\\\/aikido-ando.nl\\\/wp-content\\\/uploads\\\/Logo.webp\",\"contentUrl\":\"https:\\\/\\\/aikido-ando.nl\\\/wp-content\\\/uploads\\\/Logo.webp\",\"width\":500,\"height\":500,\"caption\":\"Aikido Ando\"},\"image\":{\"@id\":\"https:\\\/\\\/aikido-ando.nl\\\/#\\\/schema\\\/logo\\\/image\\\/\"},\"sameAs\":[\"https:\\\/\\\/www.facebook.com\\\/andoaikido\",\"https:\\\/\\\/www.instagram.com\\\/andoaikido\\\/\",\"https:\\\/\\\/www.tiktok.com\\\/404?fromUrl=\\\/andoaikido\",\"https:\\\/\\\/www.linkedin.com\\\/company\\\/andoaikido?originalSubdomain=nl\"]}]}<\/script>\n<!-- \/ Yoast SEO Premium plugin. -->","yoast_head_json":{"title":"D\u00eda Ando - Aikido ANDO","description":"Experimenta el crecimiento personal durante el D\u00eda de la Conciencia en Aikido Ando. Descubra el poder de Ando y aumente su visi\u00f3n de s\u00ed mismo.","robots":{"index":"index","follow":"follow","max-snippet":"max-snippet:-1","max-image-preview":"max-image-preview:large","max-video-preview":"max-video-preview:-1"},"canonical":"https:\/\/aikido-ando.nl\/es\/ando-dia-2\/","og_locale":"es_ES","og_type":"article","og_title":"Ando dag","og_description":"Ervaar persoonlijke groei tijdens de Dag van Bewustwording bij Aikido Ando. Ontdek de kracht van Ando en vergroot je zelfinzicht.","og_url":"https:\/\/aikido-ando.nl\/es\/ando-dia-2\/","og_site_name":"Aikido ANDO","article_publisher":"https:\/\/www.facebook.com\/andoaikido","article_modified_time":"2025-04-29T07:49:13+00:00","og_image":[{"width":1920,"height":600,"url":"https:\/\/aikido-ando.nl\/wp-content\/uploads\/Aikido_Familie_Slui_Edo_Wim_Marga_Anne_Slui.webp","type":"image\/webp"}],"twitter_card":"summary_large_image","twitter_misc":{"Tiempo de lectura":"2 minutos"},"schema":{"@context":"https:\/\/schema.org","@graph":[{"@type":"WebPage","@id":"https:\/\/aikido-ando.nl\/ando-dag-2\/","url":"https:\/\/aikido-ando.nl\/ando-dag-2\/","name":"D\u00eda Ando - Aikido ANDO","isPartOf":{"@id":"https:\/\/aikido-ando.nl\/#website"},"primaryImageOfPage":{"@id":"https:\/\/aikido-ando.nl\/ando-dag-2\/#primaryimage"},"image":{"@id":"https:\/\/aikido-ando.nl\/ando-dag-2\/#primaryimage"},"thumbnailUrl":"https:\/\/aikido-ando.nl\/wp-content\/uploads\/Aikido_Familie_Slui_Edo_Wim_Marga_Anne_Slui.webp","datePublished":"2024-10-08T19:33:58+00:00","dateModified":"2025-04-29T07:49:13+00:00","description":"Experimenta el crecimiento personal durante el D\u00eda de la Conciencia en Aikido Ando. Descubra el poder de Ando y aumente su visi\u00f3n de s\u00ed mismo.","breadcrumb":{"@id":"https:\/\/aikido-ando.nl\/ando-dag-2\/#breadcrumb"},"inLanguage":"es","potentialAction":[{"@type":"ReadAction","target":["https:\/\/aikido-ando.nl\/ando-dag-2\/"]}]},{"@type":"ImageObject","inLanguage":"es","@id":"https:\/\/aikido-ando.nl\/ando-dag-2\/#primaryimage","url":"https:\/\/aikido-ando.nl\/wp-content\/uploads\/Aikido_Familie_Slui_Edo_Wim_Marga_Anne_Slui.webp","contentUrl":"https:\/\/aikido-ando.nl\/wp-content\/uploads\/Aikido_Familie_Slui_Edo_Wim_Marga_Anne_Slui.webp","width":1920,"height":600,"caption":"Sensei Edo en Anne Slui met de ouders Wim Slui en Marga Slui-Swart. Beide ouders zijn inmiddels overleden. Maar het werk wordt door Edo en Anne voortgezet."},{"@type":"BreadcrumbList","@id":"https:\/\/aikido-ando.nl\/ando-dag-2\/#breadcrumb","itemListElement":[{"@type":"ListItem","position":1,"name":"Home","item":"https:\/\/aikido-ando.nl\/"},{"@type":"ListItem","position":2,"name":"Ando dag"}]},{"@type":"WebSite","@id":"https:\/\/aikido-ando.nl\/#website","url":"https:\/\/aikido-ando.nl\/","name":"Aikido Ando","description":"","publisher":{"@id":"https:\/\/aikido-ando.nl\/#organization"},"potentialAction":[{"@type":"SearchAction","target":{"@type":"EntryPoint","urlTemplate":"https:\/\/aikido-ando.nl\/?s={search_term_string}"},"query-input":{"@type":"PropertyValueSpecification","valueRequired":true,"valueName":"search_term_string"}}],"inLanguage":"es"},{"@type":"Organization","@id":"https:\/\/aikido-ando.nl\/#organization","name":"Aikido Ando","url":"https:\/\/aikido-ando.nl\/","logo":{"@type":"ImageObject","inLanguage":"es","@id":"https:\/\/aikido-ando.nl\/#\/schema\/logo\/image\/","url":"https:\/\/aikido-ando.nl\/wp-content\/uploads\/Logo.webp","contentUrl":"https:\/\/aikido-ando.nl\/wp-content\/uploads\/Logo.webp","width":500,"height":500,"caption":"Aikido Ando"},"image":{"@id":"https:\/\/aikido-ando.nl\/#\/schema\/logo\/image\/"},"sameAs":["https:\/\/www.facebook.com\/andoaikido","https:\/\/www.instagram.com\/andoaikido\/","https:\/\/www.tiktok.com\/404?fromUrl=\/andoaikido","https:\/\/www.linkedin.com\/company\/andoaikido?originalSubdomain=nl"]}]}},"_links":{"self":[{"href":"https:\/\/aikido-ando.nl\/es\/wp-json\/wp\/v2\/pages\/552","targetHints":{"allow":["GET"]}}],"collection":[{"href":"https:\/\/aikido-ando.nl\/es\/wp-json\/wp\/v2\/pages"}],"about":[{"href":"https:\/\/aikido-ando.nl\/es\/wp-json\/wp\/v2\/types\/page"}],"author":[{"embeddable":true,"href":"https:\/\/aikido-ando.nl\/es\/wp-json\/wp\/v2\/users\/1"}],"replies":[{"embeddable":true,"href":"https:\/\/aikido-ando.nl\/es\/wp-json\/wp\/v2\/comments?post=552"}],"version-history":[{"count":0,"href":"https:\/\/aikido-ando.nl\/es\/wp-json\/wp\/v2\/pages\/552\/revisions"}],"wp:featuredmedia":[{"embeddable":true,"href":"https:\/\/aikido-ando.nl\/es\/wp-json\/wp\/v2\/media\/1679"}],"wp:attachment":[{"href":"https:\/\/aikido-ando.nl\/es\/wp-json\/wp\/v2\/media?parent=552"}],"curies":[{"name":"wp","href":"https:\/\/api.w.org\/{rel}","templated":true}]}}