{"id":557,"date":"2024-10-08T21:40:13","date_gmt":"2024-10-08T19:40:13","guid":{"rendered":"https:\/\/aikido-ando.nl\/?page_id=557"},"modified":"2024-12-10T13:07:38","modified_gmt":"2024-12-10T12:07:38","slug":"liga-de-aikido","status":"publish","type":"page","link":"https:\/\/aikido-ando.nl\/es\/aikido-bond\/","title":{"rendered":"Uni\u00f3n de Aikido"},"content":{"rendered":"<div data-elementor-type=\"wp-page\" data-elementor-id=\"557\" class=\"elementor elementor-557\" data-elementor-post-type=\"page\">\n\t\t\t\t<div class=\"elementor-element elementor-element-82a71b6 e-flex e-con-boxed e-con e-parent\" data-id=\"82a71b6\" data-element_type=\"container\" data-e-type=\"container\">\n\t\t\t\t\t<div class=\"e-con-inner\">\n\t\t\t\t<div class=\"elementor-element elementor-element-6b333ee elementor-widget elementor-widget-text-editor\" data-id=\"6b333ee\" data-element_type=\"widget\" data-e-type=\"widget\" data-widget_type=\"text-editor.default\">\n\t\t\t\t<div class=\"elementor-widget-container\">\n\t\t\t\t\t\t\t\t\t<p><strong>Stichting Ando Nederland, tambi\u00e9n conocida como SAN, tambi\u00e9n funciona como una Asociaci\u00f3n de Aikido en la que se centra en la calidad, la armon\u00eda, la individualidad y en compartir el Aikido tal y como lo concibieron el fundador Morihei Ueshiba y su familia en el linaje del Aikikai. A diferencia de otras federaciones, Ando ha tomado la decisi\u00f3n consciente de no querer ser ni pol\u00edtica ni competitiva. Particularmente debido a esta decisi\u00f3n, toda la energ\u00eda beneficia a donde pertenece, a saber, el crecimiento y el desarrollo del Aikido y de la humanidad.<\/strong><\/p>\t\t\t\t\t\t\t\t<\/div>\n\t\t\t\t<\/div>\n\t\t\t\t<div class=\"elementor-element elementor-element-c855585 elementor-widget elementor-widget-text-editor\" data-id=\"c855585\" data-element_type=\"widget\" data-e-type=\"widget\" data-widget_type=\"text-editor.default\">\n\t\t\t\t<div class=\"elementor-widget-container\">\n\t\t\t\t\t\t\t\t\t<p>Dentro del Aikido, es importante estar afiliado al Hombu dojo (sede en Jap\u00f3n) para que los ex\u00e1menes de Dan (cintur\u00f3n negro) sean reconocidos internacionalmente. Ando tiene este reconocimiento a trav\u00e9s de Yoshimitsu Yamada sensei y su organizaci\u00f3n internacional Sansuikai \/ USAF (Am\u00e9rica).<br \/>Ando da as\u00ed <strong>ex\u00e1menes y t\u00edtulos reconocidos internacionalmente<\/strong> af. Adem\u00e1s de examinar, Ando organiza seminarios nacionales e internacionales con varios grandes maestros (shihan) y senseis (profesores) de alto nivel. A menudo, estos seminarios tambi\u00e9n est\u00e1n abiertos a la participaci\u00f3n externa.<\/p><p>Garantizar la calidad en el tatami requiere no s\u00f3lo seminarios de alta calidad, sino tambi\u00e9n entrenadores que sigan desarroll\u00e1ndose. Dentro de Ando, tenemos una plataforma (Academia de Aikido) para entrenadores y asistentes de entrenadores para apoyarles en su formaci\u00f3n de diversas maneras. La ense\u00f1anza es un arte que hay que tomarse en serio. Ando es muy consciente de lo que supone ayudar a sus entrenadores ofreci\u00e9ndoles talleres y formaci\u00f3n espec\u00edficos. <b>Adem\u00e1s, Ando trabaja con un asesor confidencial, un VOG y un c\u00f3digo de conducta.<\/b> Nos gustar\u00eda <b>que todos los alumnos se sientan seguros f\u00edsica, mental y emocionalmente.<\/b>. <br \/>Adem\u00e1s, Ando dispone de un seguro complementario para sus estudiantes en caso de necesidad.<\/p><p>Ando tambi\u00e9n organiza todo tipo de actividades para sus estudiantes desde el sindicato. El programa var\u00eda de un a\u00f1o a otro. Lo que intentamos es organizar actividades divertidas para cada grupo destinatario, como un campamento, actividades tem\u00e1ticas especiales o la apertura\/cierre conjunto de la temporada. Todos los a\u00f1os tenemos tambi\u00e9n alg\u00fan regalo divertido para nuestros alumnos. Esto va desde una camiseta de Ando hasta un libro infantil de Aikido hecho en casa. Ando cree que es importante conectar. Por lo tanto, sus alumnos son importantes y nos gusta devolverles todo lo que podamos.<\/p><p>En resumen, \u00bfqu\u00e9 se puede esperar del Ando Bond?<br \/>Ex\u00e1menes y t\u00edtulos reconocidos internacionalmente<br \/>Pasaporte Ando propio<br \/>- Paquete de bienvenida en el momento de la inscripci\u00f3n<br \/>- Diversas actividades por grupos destinatarios a lo largo del a\u00f1o<br \/>- Seminarios de alto nivel en el dojo donde entrena<br \/>- Entrenador(es) cualificado(s) que contin\u00faa(n) desarroll\u00e1ndose, sigue(n) las actualizaciones sobre Aikido, seguridad e instrucci\u00f3n.<br \/>- Oportunidad de progresar en la organizaci\u00f3n y de formaci\u00f3n continua<br \/>- Seguro adicional durante la formaci\u00f3n<br \/>- Divertidas golosinas Ando durante todo el a\u00f1o<\/p><p>Del mismo modo, tenemos la beca y el pase de profesor para promover la formaci\u00f3n tambi\u00e9n entre los que tienen un salario bajo o excesivo. texto ver beca\/ pase de profesor.<\/p><p>A veces la gente pregunta si existe la posibilidad de que un dojo se una a Ando o alg\u00fan tipo de control de la calidad del entrenamiento en un dojo. Por supuesto que es posible. Estamos abiertos al debate. Sin embargo, es bueno saber que somos selectivos a la hora de elegir con qui\u00e9n trabajamos. Tiene que haber un clic, un buen feeling para ambas partes. De lo contrario, al final no funcionar\u00e1.<\/p>\t\t\t\t\t\t\t\t<\/div>\n\t\t\t\t<\/div>\n\t\t\t\t\t<\/div>\n\t\t\t\t<\/div>\n\t\t<div class=\"elementor-element elementor-element-309767e7 e-flex e-con-boxed e-con e-parent\" data-id=\"309767e7\" data-element_type=\"container\" data-e-type=\"container\" data-settings=\"{&quot;background_background&quot;:&quot;classic&quot;}\">\n\t\t\t\t\t<div class=\"e-con-inner\">\n\t\t<div class=\"elementor-element elementor-element-40def6dd e-con-full e-flex e-con e-child\" data-id=\"40def6dd\" data-element_type=\"container\" data-e-type=\"container\" data-settings=\"{&quot;background_background&quot;:&quot;classic&quot;}\">\n\t\t\t\t<div class=\"elementor-element elementor-element-516c158b elementor-widget elementor-widget-text-editor\" data-id=\"516c158b\" data-element_type=\"widget\" data-e-type=\"widget\" data-widget_type=\"text-editor.default\">\n\t\t\t\t<div class=\"elementor-widget-container\">\n\t\t\t\t\t\t\t\t\t<p>Anuncio especial al grupo<\/p>\t\t\t\t\t\t\t\t<\/div>\n\t\t\t\t<\/div>\n\t\t\t\t<\/div>\n\t\t<div class=\"elementor-element elementor-element-5b925702 e-con-full e-flex e-con e-child\" data-id=\"5b925702\" data-element_type=\"container\" data-e-type=\"container\" data-settings=\"{&quot;background_background&quot;:&quot;classic&quot;}\">\n\t\t\t\t<div class=\"elementor-element elementor-element-73bef841 elementor-widget elementor-widget-text-editor\" data-id=\"73bef841\" data-element_type=\"widget\" data-e-type=\"widget\" data-widget_type=\"text-editor.default\">\n\t\t\t\t<div class=\"elementor-widget-container\">\n\t\t\t\t\t\t\t\t\t<p>Foto del seminario por sensei Claude Berthiaume Shihan de Canad\u00e1<\/p>\t\t\t\t\t\t\t\t<\/div>\n\t\t\t\t<\/div>\n\t\t\t\t<\/div>\n\t\t<div class=\"elementor-element elementor-element-609944fc e-con-full e-flex e-con e-child\" data-id=\"609944fc\" data-element_type=\"container\" data-e-type=\"container\" data-settings=\"{&quot;background_background&quot;:&quot;classic&quot;}\">\n\t\t\t\t<div class=\"elementor-element elementor-element-2517a42f elementor-widget elementor-widget-text-editor\" data-id=\"2517a42f\" data-element_type=\"widget\" data-e-type=\"widget\" data-widget_type=\"text-editor.default\">\n\t\t\t\t<div class=\"elementor-widget-container\">\n\t\t\t\t\t\t\t\t\t<p>El pase de profesor de Ando-Aikido<\/p>\t\t\t\t\t\t\t\t<\/div>\n\t\t\t\t<\/div>\n\t\t\t\t<\/div>\n\t\t\t\t\t<\/div>\n\t\t\t\t<\/div>\n\t\t<div class=\"elementor-element elementor-element-2b3432e e-flex e-con-boxed e-con e-parent\" data-id=\"2b3432e\" data-element_type=\"container\" data-e-type=\"container\">\n\t\t\t\t\t<div class=\"e-con-inner\">\n\t\t\t\t<div class=\"elementor-element elementor-element-918569c elementor-widget elementor-widget-text-editor\" data-id=\"918569c\" data-element_type=\"widget\" data-e-type=\"widget\" data-widget_type=\"text-editor.default\">\n\t\t\t\t<div class=\"elementor-widget-container\">\n\t\t\t\t\t\t\t\t\t<h2>Beca<\/h2><p>Cada a\u00f1o, la liga de aikido \u2018Stichting Ando Nederland\u2019 pone a disposici\u00f3n de j\u00f3venes talentos una Beca de Aikido. Esto surgi\u00f3 de la idea de que todo el mundo debe ser capaz de venir a entrenar, incluso si est\u00e1n luchando. Puede ser que tu situaci\u00f3n financiera sea dif\u00edcil o que est\u00e9s ocupado con tus estudios y no puedas venir completamente a entrenar. Pero tambi\u00e9n puede ser que necesites un empuj\u00f3n en la direcci\u00f3n correcta, para que puedas practicar Aikido a\u00fan m\u00e1s.<\/p><p>\u00bfQuieres que te tengamos en cuenta para una beca? Entonces env\u00eda un correo electr\u00f3nico a dojo @ aikido-ando.nl con tu justificaci\u00f3n.<\/p>\t\t\t\t\t\t\t\t<\/div>\n\t\t\t\t<\/div>\n\t\t\t\t<div class=\"elementor-element elementor-element-cf09e34 elementor-widget elementor-widget-text-editor\" data-id=\"cf09e34\" data-element_type=\"widget\" data-e-type=\"widget\" data-widget_type=\"text-editor.default\">\n\t\t\t\t<div class=\"elementor-widget-container\">\n\t\t\t\t\t\t\t\t\t<h2>Pase de profesor<\/h2><p><strong>Con este pase, Ando quiere propagar tanto la filosof\u00eda del Aikido como el valor de los cursos de formaci\u00f3n.<\/strong> \u00bfPor qu\u00e9 un pase para profesores? Ellos conocen mejor que nadie el valor a\u00f1adido de asistir a los cursos de formaci\u00f3n de aikido. El aikido consiste en compartir la pasi\u00f3n con los dem\u00e1s. <strong>Nuestra puerta est\u00e1 abierta a cualquier aikidoka, independientemente de d\u00f3nde entrene.<\/strong><\/p><p><strong>\u00bfA\u00fan no tiene pase?<\/strong> Entonces, \u00a1solic\u00edtelo! Se proporcionar\u00e1 una vez de forma gratuita a trav\u00e9s de dojo @ aikido-ando.co.uk?<\/p><ul><li>Antes de utilizar el pase de profesor de Aikido, es importante saber lo siguiente:Este pase de profesor de Aikido (actualmente) s\u00f3lo se puede utilizar en los cursos de formaci\u00f3n de Ando en los Pa\u00edses Bajos.<\/li><li>El profesor debe tener dos alumnos de pago que participen en la formaci\u00f3n al mismo tiempo.Para la participaci\u00f3n gratuita en el curso de formaci\u00f3n, tanto el profesor como los alumnos deben (inscribirse).<\/li><li>Ser entrenador no est\u00e1 vinculado a un grado kyu concreto. Sin embargo, cuando te lo pidan, debes poder demostrar que ense\u00f1as.<\/li><li>En caso de p\u00e9rdida, puede solicitar una nueva tarjeta a trav\u00e9s de dojo @ aikido-ando.co.uk... Al hacerlo, deber\u00e1 tener en cuenta unos gastos de administraci\u00f3n de 5,00 euros.<\/li><li>Deber\u00e1 presentar su pase al inscribirse antes de las pr\u00e1cticas.<br \/>La aceptaci\u00f3n de este pase le da derecho a participar gratuitamente en las pr\u00e1cticas si trae a dos miembros. Los datos personales sirven exclusivamente para informarle de nuevas pr\u00e1cticas. En este caso se aplica la Ley de Registro de Datos Personales.<\/li><\/ul>\t\t\t\t\t\t\t\t<\/div>\n\t\t\t\t<\/div>\n\t\t\t\t\t<\/div>\n\t\t\t\t<\/div>\n\t\t\t\t<\/div>","protected":false},"excerpt":{"rendered":"<p>Stichting Ando Nederland, aka SAN, fungeert ook als Aikido Bond waar haar focus ligt op kwaliteit, harmonie, eigenheid en het delen van Aikido zoals bedoelt is door de grondlegger Morihei Ueshiba en zijn familie in de lijn van Aikikai. In tegenstelling tot andere bonden heeft Ando bewust gekozen noch politiek noch concurrerend bezig te willen [&hellip;]<\/p>\n","protected":false},"author":1,"featured_media":1670,"parent":0,"menu_order":0,"comment_status":"closed","ping_status":"closed","template":"elementor_header_footer","meta":{"footnotes":""},"class_list":["post-557","page","type-page","status-publish","has-post-thumbnail","hentry"],"yoast_head":"<!-- This site is optimized with the Yoast SEO Premium plugin v27.3 (Yoast SEO v27.3) - https:\/\/yoast.com\/product\/yoast-seo-premium-wordpress\/ -->\n<title>Aikido Bond - Aikido ANDO<\/title>\n<meta name=\"description\" content=\"Ontdek alles over de Aikido Bond Nederland bij Ando Eindhoven. Voor verbinding, ondersteuning en groei in jouw dojo.\" \/>\n<meta name=\"robots\" content=\"index, follow, max-snippet:-1, max-image-preview:large, max-video-preview:-1\" \/>\n<link rel=\"canonical\" href=\"https:\/\/aikido-ando.nl\/es\/liga-de-aikido\/\" \/>\n<meta property=\"og:locale\" content=\"es_ES\" \/>\n<meta property=\"og:type\" content=\"article\" \/>\n<meta property=\"og:title\" content=\"Aikido Bond\" \/>\n<meta property=\"og:description\" content=\"Ontdek alles over de Aikido Bond Nederland bij Ando Eindhoven. Voor verbinding, ondersteuning en groei in jouw dojo.\" \/>\n<meta property=\"og:url\" content=\"https:\/\/aikido-ando.nl\/es\/liga-de-aikido\/\" \/>\n<meta property=\"og:site_name\" content=\"Aikido ANDO\" \/>\n<meta property=\"article:publisher\" content=\"https:\/\/www.facebook.com\/andoaikido\" \/>\n<meta property=\"article:modified_time\" content=\"2024-12-10T12:07:38+00:00\" \/>\n<meta property=\"og:image\" content=\"https:\/\/aikido-ando.nl\/wp-content\/uploads\/Seiza_Kaizen_Aikido_Ando_Dojo.webp\" \/>\n\t<meta property=\"og:image:width\" content=\"1920\" \/>\n\t<meta property=\"og:image:height\" content=\"600\" \/>\n\t<meta property=\"og:image:type\" content=\"image\/webp\" \/>\n<meta name=\"twitter:card\" content=\"summary_large_image\" \/>\n<meta name=\"twitter:label1\" content=\"Tiempo de lectura\" \/>\n\t<meta name=\"twitter:data1\" content=\"5 minutos\" \/>\n<script type=\"application\/ld+json\" class=\"yoast-schema-graph\">{\"@context\":\"https:\\\/\\\/schema.org\",\"@graph\":[{\"@type\":\"WebPage\",\"@id\":\"https:\\\/\\\/aikido-ando.nl\\\/aikido-bond\\\/\",\"url\":\"https:\\\/\\\/aikido-ando.nl\\\/aikido-bond\\\/\",\"name\":\"Aikido Bond - Aikido ANDO\",\"isPartOf\":{\"@id\":\"https:\\\/\\\/aikido-ando.nl\\\/#website\"},\"primaryImageOfPage\":{\"@id\":\"https:\\\/\\\/aikido-ando.nl\\\/aikido-bond\\\/#primaryimage\"},\"image\":{\"@id\":\"https:\\\/\\\/aikido-ando.nl\\\/aikido-bond\\\/#primaryimage\"},\"thumbnailUrl\":\"https:\\\/\\\/aikido-ando.nl\\\/wp-content\\\/uploads\\\/Seiza_Kaizen_Aikido_Ando_Dojo.webp\",\"datePublished\":\"2024-10-08T19:40:13+00:00\",\"dateModified\":\"2024-12-10T12:07:38+00:00\",\"description\":\"Ontdek alles over de Aikido Bond Nederland bij Ando Eindhoven. Voor verbinding, ondersteuning en groei in jouw dojo.\",\"breadcrumb\":{\"@id\":\"https:\\\/\\\/aikido-ando.nl\\\/aikido-bond\\\/#breadcrumb\"},\"inLanguage\":\"es\",\"potentialAction\":[{\"@type\":\"ReadAction\",\"target\":[\"https:\\\/\\\/aikido-ando.nl\\\/aikido-bond\\\/\"]}]},{\"@type\":\"ImageObject\",\"inLanguage\":\"es\",\"@id\":\"https:\\\/\\\/aikido-ando.nl\\\/aikido-bond\\\/#primaryimage\",\"url\":\"https:\\\/\\\/aikido-ando.nl\\\/wp-content\\\/uploads\\\/Seiza_Kaizen_Aikido_Ando_Dojo.webp\",\"contentUrl\":\"https:\\\/\\\/aikido-ando.nl\\\/wp-content\\\/uploads\\\/Seiza_Kaizen_Aikido_Ando_Dojo.webp\",\"width\":1920,\"height\":600,\"caption\":\"Ando Aikidoles in Nederland bij Ando die dojo's heeft in Geldrop en omstreken.\"},{\"@type\":\"BreadcrumbList\",\"@id\":\"https:\\\/\\\/aikido-ando.nl\\\/aikido-bond\\\/#breadcrumb\",\"itemListElement\":[{\"@type\":\"ListItem\",\"position\":1,\"name\":\"Home\",\"item\":\"https:\\\/\\\/aikido-ando.nl\\\/\"},{\"@type\":\"ListItem\",\"position\":2,\"name\":\"Aikido Bond\"}]},{\"@type\":\"WebSite\",\"@id\":\"https:\\\/\\\/aikido-ando.nl\\\/#website\",\"url\":\"https:\\\/\\\/aikido-ando.nl\\\/\",\"name\":\"Aikido Ando\",\"description\":\"\",\"publisher\":{\"@id\":\"https:\\\/\\\/aikido-ando.nl\\\/#organization\"},\"potentialAction\":[{\"@type\":\"SearchAction\",\"target\":{\"@type\":\"EntryPoint\",\"urlTemplate\":\"https:\\\/\\\/aikido-ando.nl\\\/?s={search_term_string}\"},\"query-input\":{\"@type\":\"PropertyValueSpecification\",\"valueRequired\":true,\"valueName\":\"search_term_string\"}}],\"inLanguage\":\"es\"},{\"@type\":\"Organization\",\"@id\":\"https:\\\/\\\/aikido-ando.nl\\\/#organization\",\"name\":\"Aikido Ando\",\"url\":\"https:\\\/\\\/aikido-ando.nl\\\/\",\"logo\":{\"@type\":\"ImageObject\",\"inLanguage\":\"es\",\"@id\":\"https:\\\/\\\/aikido-ando.nl\\\/#\\\/schema\\\/logo\\\/image\\\/\",\"url\":\"https:\\\/\\\/aikido-ando.nl\\\/wp-content\\\/uploads\\\/Logo.webp\",\"contentUrl\":\"https:\\\/\\\/aikido-ando.nl\\\/wp-content\\\/uploads\\\/Logo.webp\",\"width\":500,\"height\":500,\"caption\":\"Aikido Ando\"},\"image\":{\"@id\":\"https:\\\/\\\/aikido-ando.nl\\\/#\\\/schema\\\/logo\\\/image\\\/\"},\"sameAs\":[\"https:\\\/\\\/www.facebook.com\\\/andoaikido\",\"https:\\\/\\\/www.instagram.com\\\/andoaikido\\\/\",\"https:\\\/\\\/www.tiktok.com\\\/404?fromUrl=\\\/andoaikido\",\"https:\\\/\\\/www.linkedin.com\\\/company\\\/andoaikido?originalSubdomain=nl\"]}]}<\/script>\n<!-- \/ Yoast SEO Premium plugin. -->","yoast_head_json":{"title":"Uni\u00f3n de Aikido - Aikido ANDO","description":"Inf\u00f3rmate sobre el Aikido Bond Nederland en Ando Eindhoven. Para la conexi\u00f3n, el apoyo y el crecimiento en su dojo.","robots":{"index":"index","follow":"follow","max-snippet":"max-snippet:-1","max-image-preview":"max-image-preview:large","max-video-preview":"max-video-preview:-1"},"canonical":"https:\/\/aikido-ando.nl\/es\/liga-de-aikido\/","og_locale":"es_ES","og_type":"article","og_title":"Aikido Bond","og_description":"Ontdek alles over de Aikido Bond Nederland bij Ando Eindhoven. Voor verbinding, ondersteuning en groei in jouw dojo.","og_url":"https:\/\/aikido-ando.nl\/es\/liga-de-aikido\/","og_site_name":"Aikido ANDO","article_publisher":"https:\/\/www.facebook.com\/andoaikido","article_modified_time":"2024-12-10T12:07:38+00:00","og_image":[{"width":1920,"height":600,"url":"https:\/\/aikido-ando.nl\/wp-content\/uploads\/Seiza_Kaizen_Aikido_Ando_Dojo.webp","type":"image\/webp"}],"twitter_card":"summary_large_image","twitter_misc":{"Tiempo de lectura":"5 minutos"},"schema":{"@context":"https:\/\/schema.org","@graph":[{"@type":"WebPage","@id":"https:\/\/aikido-ando.nl\/aikido-bond\/","url":"https:\/\/aikido-ando.nl\/aikido-bond\/","name":"Uni\u00f3n de Aikido - Aikido ANDO","isPartOf":{"@id":"https:\/\/aikido-ando.nl\/#website"},"primaryImageOfPage":{"@id":"https:\/\/aikido-ando.nl\/aikido-bond\/#primaryimage"},"image":{"@id":"https:\/\/aikido-ando.nl\/aikido-bond\/#primaryimage"},"thumbnailUrl":"https:\/\/aikido-ando.nl\/wp-content\/uploads\/Seiza_Kaizen_Aikido_Ando_Dojo.webp","datePublished":"2024-10-08T19:40:13+00:00","dateModified":"2024-12-10T12:07:38+00:00","description":"Inf\u00f3rmate sobre el Aikido Bond Nederland en Ando Eindhoven. Para la conexi\u00f3n, el apoyo y el crecimiento en su dojo.","breadcrumb":{"@id":"https:\/\/aikido-ando.nl\/aikido-bond\/#breadcrumb"},"inLanguage":"es","potentialAction":[{"@type":"ReadAction","target":["https:\/\/aikido-ando.nl\/aikido-bond\/"]}]},{"@type":"ImageObject","inLanguage":"es","@id":"https:\/\/aikido-ando.nl\/aikido-bond\/#primaryimage","url":"https:\/\/aikido-ando.nl\/wp-content\/uploads\/Seiza_Kaizen_Aikido_Ando_Dojo.webp","contentUrl":"https:\/\/aikido-ando.nl\/wp-content\/uploads\/Seiza_Kaizen_Aikido_Ando_Dojo.webp","width":1920,"height":600,"caption":"Ando Aikidoles in Nederland bij Ando die dojo's heeft in Geldrop en omstreken."},{"@type":"BreadcrumbList","@id":"https:\/\/aikido-ando.nl\/aikido-bond\/#breadcrumb","itemListElement":[{"@type":"ListItem","position":1,"name":"Home","item":"https:\/\/aikido-ando.nl\/"},{"@type":"ListItem","position":2,"name":"Aikido Bond"}]},{"@type":"WebSite","@id":"https:\/\/aikido-ando.nl\/#website","url":"https:\/\/aikido-ando.nl\/","name":"Aikido Ando","description":"","publisher":{"@id":"https:\/\/aikido-ando.nl\/#organization"},"potentialAction":[{"@type":"SearchAction","target":{"@type":"EntryPoint","urlTemplate":"https:\/\/aikido-ando.nl\/?s={search_term_string}"},"query-input":{"@type":"PropertyValueSpecification","valueRequired":true,"valueName":"search_term_string"}}],"inLanguage":"es"},{"@type":"Organization","@id":"https:\/\/aikido-ando.nl\/#organization","name":"Aikido Ando","url":"https:\/\/aikido-ando.nl\/","logo":{"@type":"ImageObject","inLanguage":"es","@id":"https:\/\/aikido-ando.nl\/#\/schema\/logo\/image\/","url":"https:\/\/aikido-ando.nl\/wp-content\/uploads\/Logo.webp","contentUrl":"https:\/\/aikido-ando.nl\/wp-content\/uploads\/Logo.webp","width":500,"height":500,"caption":"Aikido Ando"},"image":{"@id":"https:\/\/aikido-ando.nl\/#\/schema\/logo\/image\/"},"sameAs":["https:\/\/www.facebook.com\/andoaikido","https:\/\/www.instagram.com\/andoaikido\/","https:\/\/www.tiktok.com\/404?fromUrl=\/andoaikido","https:\/\/www.linkedin.com\/company\/andoaikido?originalSubdomain=nl"]}]}},"_links":{"self":[{"href":"https:\/\/aikido-ando.nl\/es\/wp-json\/wp\/v2\/pages\/557","targetHints":{"allow":["GET"]}}],"collection":[{"href":"https:\/\/aikido-ando.nl\/es\/wp-json\/wp\/v2\/pages"}],"about":[{"href":"https:\/\/aikido-ando.nl\/es\/wp-json\/wp\/v2\/types\/page"}],"author":[{"embeddable":true,"href":"https:\/\/aikido-ando.nl\/es\/wp-json\/wp\/v2\/users\/1"}],"replies":[{"embeddable":true,"href":"https:\/\/aikido-ando.nl\/es\/wp-json\/wp\/v2\/comments?post=557"}],"version-history":[{"count":0,"href":"https:\/\/aikido-ando.nl\/es\/wp-json\/wp\/v2\/pages\/557\/revisions"}],"wp:featuredmedia":[{"embeddable":true,"href":"https:\/\/aikido-ando.nl\/es\/wp-json\/wp\/v2\/media\/1670"}],"wp:attachment":[{"href":"https:\/\/aikido-ando.nl\/es\/wp-json\/wp\/v2\/media?parent=557"}],"curies":[{"name":"wp","href":"https:\/\/api.w.org\/{rel}","templated":true}]}}