{"id":563,"date":"2024-10-08T21:53:30","date_gmt":"2024-10-08T19:53:30","guid":{"rendered":"https:\/\/aikido-ando.nl\/?page_id=563"},"modified":"2026-01-26T14:51:04","modified_gmt":"2026-01-26T13:51:04","slug":"christian-tissier","status":"publish","type":"page","link":"https:\/\/aikido-ando.nl\/es\/christian-tissier\/","title":{"rendered":"Christian Tissier"},"content":{"rendered":"<div data-elementor-type=\"wp-page\" data-elementor-id=\"563\" class=\"elementor elementor-563\" data-elementor-post-type=\"page\">\n\t\t\t\t<div class=\"elementor-element elementor-element-923237c e-flex e-con-boxed e-con e-parent\" data-id=\"923237c\" data-element_type=\"container\" data-e-type=\"container\">\n\t\t\t\t\t<div class=\"e-con-inner\">\n\t\t\t\t<div class=\"elementor-element elementor-element-93f4331 elementor-widget elementor-widget-text-editor\" data-id=\"93f4331\" data-element_type=\"widget\" data-e-type=\"widget\" data-widget_type=\"text-editor.default\">\n\t\t\t\t<div class=\"elementor-widget-container\">\n\t\t\t\t\t\t\t\t\t<p><strong>Antes de que sensei Edo y Anne se convirtieran en alumnos del shihan Yoshimitsu Yamada, fueron alumnos directos del gran maestro franc\u00e9s Christian Tissier durante unos ocho a\u00f1os. Tambi\u00e9n conocido por su elegante \u2018Estilo Tissier\u2019. En parte gracias a \u00e9l, fundaron su propio dojo en Veldhoven.<\/strong><\/p>\t\t\t\t\t\t\t\t<\/div>\n\t\t\t\t<\/div>\n\t\t\t\t<div class=\"elementor-element elementor-element-c8c7e1d elementor-widget elementor-widget-text-editor\" data-id=\"c8c7e1d\" data-element_type=\"widget\" data-e-type=\"widget\" data-widget_type=\"text-editor.default\">\n\t\t\t\t<div class=\"elementor-widget-container\">\n\t\t\t\t\t\t\t\t\t<p>Naci\u00f3 en Par\u00eds el 7 de febrero de 1951. Christian Tissier ten\u00eda 11 a\u00f1os y practicaba el deporte del Judo. Despu\u00e9s de Judo, ense\u00f1\u00f3 Aikido, a unos tres o cuatro hombres. <strong>En el Aikido no hac\u00eda falta ser fuerte, por eso quiso probar.<\/strong> As\u00ed empez\u00f3 en 1962.<\/p><p>Su primer maestro de Aiki fue Tavernier Sensei. Al cabo de tres meses, Nakazono Sensei lleg\u00f3 a Par\u00eds desde Jap\u00f3n y Christian Tissier empez\u00f3 a entrenar con \u00e9l. Nakazono Sensei era un Sensei importante a los ojos de Christian Tissier en aquella \u00e9poca. Ten\u00eda un carisma tremendo y practicaba muchas artes marciales. Nakazono Sensei le ense\u00f1\u00f3 cosas espirituales como la meditaci\u00f3n, adem\u00e1s del Aikido.\u00a0<\/p><p>Despu\u00e9s de sus ex\u00e1menes finales <strong>en 1969, se march\u00f3 al lejano Jap\u00f3n<\/strong>. Christian Tissier ten\u00eda entonces 18 a\u00f1os. Asist\u00eda a todas las clases. El Doshu era su principal profesor; iba all\u00ed todos los d\u00edas. No ten\u00eda nada en Jap\u00f3n, ni familia ni casa, pero m\u00e1s tarde fue bien cuidado por amigos de <strong>Yamaguchi Sensei<\/strong>.<\/p><p>Con el tiempo, vivi\u00f3 en un piso frente a la casa y el dojo del Doshu.<\/p><p>Entre otros, Endo Sensei fue su *senpai. Adem\u00e1s, recibi\u00f3 influencias de Osawa Sensei y Yamaguchi Sensei. Yamaguchi Sensei era una persona muy humana. Era muy flexible incluso a una edad avanzada.<\/p><p>Yamaguchi Sensei s\u00f3lo habl\u00f3 de lo que es el Aikido y del mensaje de las t\u00e9cnicas. <strong>\u2018El aikido es la b\u00fasqueda del ideal de la perfecci\u00f3n del yo\u2019.\u2019<\/strong>, era su convicci\u00f3n. Fue Yamaguchi Sensei quien present\u00f3 a Christian Tissier a Minoru Inaba, un Sensei de Kenjutsu. Christian\u00a0<\/p><p>Tissier qued\u00f3 muy impresionado por la demostraci\u00f3n de este hombre. <strong>El propio Sensei Minoru entren\u00f3 mucho con la espada.<\/strong> pero casi no daba clases. Ten\u00eda un principio: \u201cSi empiezas algo, tienes que llevarlo hasta el final\u201d.\u00a0<\/p><p>Le dijo a Christian Tissier;<br \/>\u201cSi sigues aqu\u00ed despu\u00e9s de seis meses, me gustar\u00eda pensar en darte clases\u201d. Christian Tissier acab\u00f3 entrenando con \u00e9l durante 7 a\u00f1os.\u00a0<\/p><p>En 1976, Christian Tissier regres\u00f3 a Francia y, poco despu\u00e9s, abri\u00f3 su propio dojo en Par\u00eds, que a\u00fan hoy sigue en el mismo lugar.<\/p><p>\u00bfLe interesan otros grandes maestros de Aikido? Entonces siga leyendo...<\/p>\t\t\t\t\t\t\t\t<\/div>\n\t\t\t\t<\/div>\n\t\t\t\t<div class=\"elementor-element elementor-element-0ec2e83 elementor-widget elementor-widget-text-editor\" data-id=\"0ec2e83\" data-element_type=\"widget\" data-e-type=\"widget\" data-widget_type=\"text-editor.default\">\n\t\t\t\t<div class=\"elementor-widget-container\">\n\t\t\t\t\t\t\t\t\t<h2>Estilo Tissier<\/h2><p>Sensei Christian Tissier (8e Dan Aikikai) is een prominent figuur in de wereld van het Aikido, bekend om zijn indrukwekkende demonstraties die Aikido als kunstvorm op de kaart zetten. Zijn stijl, vaak aangeduid als &#8216;Tissier-stijl&#8217;, is beroemd om de <strong>grande, elegante <\/strong>y<strong> movimientos din\u00e1micos<\/strong>. (Aunque los entusiastas utilizan este t\u00e9rmino, el propio sensei Tissier subraya que sus t\u00e9cnicas est\u00e1n enraizadas en la tradici\u00f3n Aikikai.<\/p>\t\t\t\t\t\t\t\t<\/div>\n\t\t\t\t<\/div>\n\t\t\t\t\t<\/div>\n\t\t\t\t<\/div>\n\t\t<div class=\"elementor-element elementor-element-9e2aaa1 e-flex e-con-boxed e-con e-parent\" data-id=\"9e2aaa1\" data-element_type=\"container\" data-e-type=\"container\">\n\t\t\t\t\t<div class=\"e-con-inner\">\n\t\t\t\t<div class=\"elementor-element elementor-element-7a1d9e7 elementor-widget elementor-widget-video\" data-id=\"7a1d9e7\" data-element_type=\"widget\" data-e-type=\"widget\" data-settings=\"{&quot;video_type&quot;:&quot;vimeo&quot;}\" data-widget_type=\"video.default\">\n\t\t\t\t<div class=\"elementor-widget-container\">\n\t\t\t\t\t\t\t<div class=\"elementor-wrapper elementor-open-inline\">\n\t\t\t<iframe class=\"elementor-video-iframe\" allowfullscreen allow=\"clipboard-write\" title=\"Reproductor de v\u00eddeo vimeo\" src=\"https:\/\/player.vimeo.com\/video\/728945328?color&amp;autopause=0&amp;loop=0&amp;muted=0&amp;title=1&amp;portrait=1&amp;byline=1&amp;h=75db062b20#t=\" data-no-translation-title=\"\"><\/iframe>\t\t<\/div>\n\t\t\t\t\t\t<\/div>\n\t\t\t\t<\/div>\n\t\t\t\t\t<\/div>\n\t\t\t\t<\/div>\n\t\t<div class=\"elementor-element elementor-element-585a0bf e-flex e-con-boxed e-con e-parent\" data-id=\"585a0bf\" data-element_type=\"container\" data-e-type=\"container\">\n\t\t\t\t\t<div class=\"e-con-inner\">\n\t\t\t\t<div class=\"elementor-element elementor-element-abf361c elementor-widget elementor-widget-text-editor\" data-id=\"abf361c\" data-element_type=\"widget\" data-e-type=\"widget\" data-widget_type=\"text-editor.default\">\n\t\t\t\t<div class=\"elementor-widget-container\">\n\t\t\t\t\t\t\t\t\t<h2>Pa\u00edses Bajos a la Tissier<\/h2>\t\t\t\t\t\t\t\t<\/div>\n\t\t\t\t<\/div>\n\t\t\t\t\t<\/div>\n\t\t\t\t<\/div>\n\t\t<div class=\"elementor-element elementor-element-143c00bb e-flex e-con-boxed e-con e-parent\" data-id=\"143c00bb\" data-element_type=\"container\" data-e-type=\"container\" data-settings=\"{&quot;background_background&quot;:&quot;classic&quot;}\">\n\t\t\t\t\t<div class=\"e-con-inner\">\n\t\t<div class=\"elementor-element elementor-element-77323f e-con-full e-flex e-con e-child\" data-id=\"77323f\" data-element_type=\"container\" data-e-type=\"container\" data-settings=\"{&quot;background_background&quot;:&quot;classic&quot;}\">\n\t\t\t\t<div class=\"elementor-element elementor-element-681452af elementor-widget elementor-widget-text-editor\" data-id=\"681452af\" data-element_type=\"widget\" data-e-type=\"widget\" data-widget_type=\"text-editor.default\">\n\t\t\t\t<div class=\"elementor-widget-container\">\n\t\t\t\t\t\t\t\t\t<p>Edo sensei en pr\u00e1cticas en Francia con sensei Christian Tissier<\/p>\t\t\t\t\t\t\t\t<\/div>\n\t\t\t\t<\/div>\n\t\t\t\t<\/div>\n\t\t<div class=\"elementor-element elementor-element-fb87854 e-con-full e-flex e-con e-child\" data-id=\"fb87854\" data-element_type=\"container\" data-e-type=\"container\" data-settings=\"{&quot;background_background&quot;:&quot;classic&quot;}\">\n\t\t\t\t<div class=\"elementor-element elementor-element-5e22f2fd elementor-widget elementor-widget-text-editor\" data-id=\"5e22f2fd\" data-element_type=\"widget\" data-e-type=\"widget\" data-widget_type=\"text-editor.default\">\n\t\t\t\t<div class=\"elementor-widget-container\">\n\t\t\t\t\t\t\t\t\t<p>Anne sensei como uke del sensei Christian Tissier<\/p>\t\t\t\t\t\t\t\t<\/div>\n\t\t\t\t<\/div>\n\t\t\t\t<\/div>\n\t\t<div class=\"elementor-element elementor-element-4405e392 e-con-full e-flex e-con e-child\" data-id=\"4405e392\" data-element_type=\"container\" data-e-type=\"container\" data-settings=\"{&quot;background_background&quot;:&quot;classic&quot;}\">\n\t\t\t\t<div class=\"elementor-element elementor-element-2acba1b elementor-widget elementor-widget-text-editor\" data-id=\"2acba1b\" data-element_type=\"widget\" data-e-type=\"widget\" data-widget_type=\"text-editor.default\">\n\t\t\t\t<div class=\"elementor-widget-container\">\n\t\t\t\t\t\t\t\t\t<p>Anne y Edo sensei se examinan de 1er kyu. Con el gran maestro Christian Tissier en Par\u00eds, en su dojo privado.<\/p>\t\t\t\t\t\t\t\t<\/div>\n\t\t\t\t<\/div>\n\t\t\t\t<\/div>\n\t\t\t\t\t<\/div>\n\t\t\t\t<\/div>\n\t\t<div class=\"elementor-element elementor-element-1cd251e3 e-con-full e-flex e-con e-parent\" data-id=\"1cd251e3\" data-element_type=\"container\" data-e-type=\"container\">\n\t\t\t\t<div class=\"elementor-element elementor-element-74d2b671 elementor-widget elementor-widget-shortcode\" data-id=\"74d2b671\" data-element_type=\"widget\" data-e-type=\"widget\" data-widget_type=\"shortcode.default\">\n\t\t\t\t<div class=\"elementor-widget-container\">\n\t\t\t\t\t\t\t<div class=\"elementor-shortcode\">\t\t<div data-elementor-type=\"section\" data-elementor-id=\"296\" class=\"elementor elementor-296\" data-elementor-post-type=\"elementor_library\">\n\t\t\t<div class=\"elementor-element elementor-element-31eba413 e-flex e-con-boxed e-con e-parent\" data-id=\"31eba413\" data-element_type=\"container\" data-e-type=\"container\" data-settings=\"{&quot;background_background&quot;:&quot;classic&quot;}\">\n\t\t\t\t\t<div class=\"e-con-inner\">\n\t\t\t\t<div class=\"elementor-element elementor-element-15e4890e elementor-widget elementor-widget-heading\" data-id=\"15e4890e\" data-element_type=\"widget\" data-e-type=\"widget\" data-widget_type=\"heading.default\">\n\t\t\t\t<div class=\"elementor-widget-container\">\n\t\t\t\t\t<div class=\"elementor-heading-title elementor-size-default\">Personal<br>\nel crecimiento en tus manos<\/div>\t\t\t\t<\/div>\n\t\t\t\t<\/div>\n\t\t\t\t<div class=\"elementor-element elementor-element-7048f5f elementor-widget elementor-widget-heading\" data-id=\"7048f5f\" data-element_type=\"widget\" data-e-type=\"widget\" data-widget_type=\"heading.default\">\n\t\t\t\t<div class=\"elementor-widget-container\">\n\t\t\t\t\t<div class=\"elementor-heading-title elementor-size-default\">Sea lo que sea en lo que quieras crecer, con el Aikido encontrar\u00e1s el camino.<\/div>\t\t\t\t<\/div>\n\t\t\t\t<\/div>\n\t\t\t\t<div class=\"elementor-element elementor-element-7c66c64b elementor-align-center elementor-widget elementor-widget-button\" data-id=\"7c66c64b\" data-element_type=\"widget\" data-e-type=\"widget\" data-widget_type=\"button.default\">\n\t\t\t\t<div class=\"elementor-widget-container\">\n\t\t\t\t\t\t\t\t\t<div class=\"elementor-button-wrapper\">\n\t\t\t\t\t<a class=\"elementor-button elementor-button-link elementor-size-sm\" href=\"https:\/\/ando-aikido.gotgrib.nl\/member\/selfservice\/registration\/628769c029bbb\">\n\t\t\t\t\t\t<span class=\"elementor-button-content-wrapper\">\n\t\t\t\t\t\t\t\t\t<span class=\"elementor-button-text\">Programar una clase introductoria<\/span>\n\t\t\t\t\t<\/span>\n\t\t\t\t\t<\/a>\n\t\t\t\t<\/div>\n\t\t\t\t\t\t\t\t<\/div>\n\t\t\t\t<\/div>\n\t\t\t\t\t<\/div>\n\t\t\t\t<\/div>\n\t\t\t\t<\/div>\n\t\t<\/div>\n\t\t\t\t\t\t<\/div>\n\t\t\t\t<\/div>\n\t\t\t\t<\/div>\n\t\t\t\t<\/div>","protected":false},"excerpt":{"rendered":"<p>Voordat sensei Edo en Anne leerling werden van Yoshimitsu Yamada shihan, waren zij zo\u2019n 8 jaar directe leerling van de Franse grootmeester Christian Tissier. Ook wel bekend om zijn elegante &#8216;Tissier Stijl&#8217;. Mede dankzij hem zijn ze hun eigen dojo begonnen in Veldhoven. Geboren in Parijs op 7 februari 1951. Christian Tissier was 11 jaar [&hellip;]<\/p>\n","protected":false},"author":1,"featured_media":1670,"parent":0,"menu_order":0,"comment_status":"closed","ping_status":"closed","template":"elementor_header_footer","meta":{"footnotes":""},"class_list":["post-563","page","type-page","status-publish","has-post-thumbnail","hentry"],"yoast_head":"<!-- This site is optimized with the Yoast SEO Premium plugin v27.3 (Yoast SEO v27.3) - https:\/\/yoast.com\/product\/yoast-seo-premium-wordpress\/ -->\n<title>Christian Tissier - Aikido ANDO<\/title>\n<meta name=\"description\" content=\"Christian Tissier&#039;s elegante Aikido-stijl wordt mede onderwezen bij Ando in Nederland. Ervaar dynamische bewegingen en diepgaande technieken.\" \/>\n<meta name=\"robots\" content=\"index, follow, max-snippet:-1, max-image-preview:large, max-video-preview:-1\" \/>\n<link rel=\"canonical\" href=\"https:\/\/aikido-ando.nl\/es\/christian-tissier\/\" \/>\n<meta property=\"og:locale\" content=\"es_ES\" \/>\n<meta property=\"og:type\" content=\"article\" \/>\n<meta property=\"og:title\" content=\"Christian Tissier\" \/>\n<meta property=\"og:description\" content=\"Christian Tissier&#039;s elegante Aikido-stijl wordt mede onderwezen bij Ando in Nederland. Ervaar dynamische bewegingen en diepgaande technieken.\" \/>\n<meta property=\"og:url\" content=\"https:\/\/aikido-ando.nl\/es\/christian-tissier\/\" \/>\n<meta property=\"og:site_name\" content=\"Aikido ANDO\" \/>\n<meta property=\"article:publisher\" content=\"https:\/\/www.facebook.com\/andoaikido\" \/>\n<meta property=\"article:modified_time\" content=\"2026-01-26T13:51:04+00:00\" \/>\n<meta property=\"og:image\" content=\"https:\/\/aikido-ando.nl\/wp-content\/uploads\/Seiza_Kaizen_Aikido_Ando_Dojo.webp\" \/>\n\t<meta property=\"og:image:width\" content=\"1920\" \/>\n\t<meta property=\"og:image:height\" content=\"600\" \/>\n\t<meta property=\"og:image:type\" content=\"image\/webp\" \/>\n<meta name=\"twitter:card\" content=\"summary_large_image\" \/>\n<meta name=\"twitter:label1\" content=\"Tiempo de lectura\" \/>\n\t<meta name=\"twitter:data1\" content=\"3 minutos\" \/>\n<script type=\"application\/ld+json\" class=\"yoast-schema-graph\">{\"@context\":\"https:\\\/\\\/schema.org\",\"@graph\":[{\"@type\":\"WebPage\",\"@id\":\"https:\\\/\\\/aikido-ando.nl\\\/christian-tissier\\\/\",\"url\":\"https:\\\/\\\/aikido-ando.nl\\\/christian-tissier\\\/\",\"name\":\"Christian Tissier - Aikido ANDO\",\"isPartOf\":{\"@id\":\"https:\\\/\\\/aikido-ando.nl\\\/#website\"},\"primaryImageOfPage\":{\"@id\":\"https:\\\/\\\/aikido-ando.nl\\\/christian-tissier\\\/#primaryimage\"},\"image\":{\"@id\":\"https:\\\/\\\/aikido-ando.nl\\\/christian-tissier\\\/#primaryimage\"},\"thumbnailUrl\":\"https:\\\/\\\/aikido-ando.nl\\\/wp-content\\\/uploads\\\/Seiza_Kaizen_Aikido_Ando_Dojo.webp\",\"datePublished\":\"2024-10-08T19:53:30+00:00\",\"dateModified\":\"2026-01-26T13:51:04+00:00\",\"description\":\"Christian Tissier's elegante Aikido-stijl wordt mede onderwezen bij Ando in Nederland. Ervaar dynamische bewegingen en diepgaande technieken.\",\"breadcrumb\":{\"@id\":\"https:\\\/\\\/aikido-ando.nl\\\/christian-tissier\\\/#breadcrumb\"},\"inLanguage\":\"es\",\"potentialAction\":[{\"@type\":\"ReadAction\",\"target\":[\"https:\\\/\\\/aikido-ando.nl\\\/christian-tissier\\\/\"]}]},{\"@type\":\"ImageObject\",\"inLanguage\":\"es\",\"@id\":\"https:\\\/\\\/aikido-ando.nl\\\/christian-tissier\\\/#primaryimage\",\"url\":\"https:\\\/\\\/aikido-ando.nl\\\/wp-content\\\/uploads\\\/Seiza_Kaizen_Aikido_Ando_Dojo.webp\",\"contentUrl\":\"https:\\\/\\\/aikido-ando.nl\\\/wp-content\\\/uploads\\\/Seiza_Kaizen_Aikido_Ando_Dojo.webp\",\"width\":1920,\"height\":600,\"caption\":\"Ando Aikidoles in Nederland bij Ando die dojo's heeft in Geldrop en omstreken.\"},{\"@type\":\"BreadcrumbList\",\"@id\":\"https:\\\/\\\/aikido-ando.nl\\\/christian-tissier\\\/#breadcrumb\",\"itemListElement\":[{\"@type\":\"ListItem\",\"position\":1,\"name\":\"Home\",\"item\":\"https:\\\/\\\/aikido-ando.nl\\\/\"},{\"@type\":\"ListItem\",\"position\":2,\"name\":\"Christian Tissier\"}]},{\"@type\":\"WebSite\",\"@id\":\"https:\\\/\\\/aikido-ando.nl\\\/#website\",\"url\":\"https:\\\/\\\/aikido-ando.nl\\\/\",\"name\":\"Aikido Ando\",\"description\":\"\",\"publisher\":{\"@id\":\"https:\\\/\\\/aikido-ando.nl\\\/#organization\"},\"potentialAction\":[{\"@type\":\"SearchAction\",\"target\":{\"@type\":\"EntryPoint\",\"urlTemplate\":\"https:\\\/\\\/aikido-ando.nl\\\/?s={search_term_string}\"},\"query-input\":{\"@type\":\"PropertyValueSpecification\",\"valueRequired\":true,\"valueName\":\"search_term_string\"}}],\"inLanguage\":\"es\"},{\"@type\":\"Organization\",\"@id\":\"https:\\\/\\\/aikido-ando.nl\\\/#organization\",\"name\":\"Aikido Ando\",\"url\":\"https:\\\/\\\/aikido-ando.nl\\\/\",\"logo\":{\"@type\":\"ImageObject\",\"inLanguage\":\"es\",\"@id\":\"https:\\\/\\\/aikido-ando.nl\\\/#\\\/schema\\\/logo\\\/image\\\/\",\"url\":\"https:\\\/\\\/aikido-ando.nl\\\/wp-content\\\/uploads\\\/Logo.webp\",\"contentUrl\":\"https:\\\/\\\/aikido-ando.nl\\\/wp-content\\\/uploads\\\/Logo.webp\",\"width\":500,\"height\":500,\"caption\":\"Aikido Ando\"},\"image\":{\"@id\":\"https:\\\/\\\/aikido-ando.nl\\\/#\\\/schema\\\/logo\\\/image\\\/\"},\"sameAs\":[\"https:\\\/\\\/www.facebook.com\\\/andoaikido\",\"https:\\\/\\\/www.instagram.com\\\/andoaikido\\\/\",\"https:\\\/\\\/www.tiktok.com\\\/404?fromUrl=\\\/andoaikido\",\"https:\\\/\\\/www.linkedin.com\\\/company\\\/andoaikido?originalSubdomain=nl\"]}]}<\/script>\n<!-- \/ Yoast SEO Premium plugin. -->","yoast_head_json":{"title":"Christian Tissier - Aikido ANDO","description":"El elegante estilo de Aikido de Christian Tissier se imparte en Ando (Pa\u00edses Bajos). Experimenta movimientos din\u00e1micos y t\u00e9cnicas profundas.","robots":{"index":"index","follow":"follow","max-snippet":"max-snippet:-1","max-image-preview":"max-image-preview:large","max-video-preview":"max-video-preview:-1"},"canonical":"https:\/\/aikido-ando.nl\/es\/christian-tissier\/","og_locale":"es_ES","og_type":"article","og_title":"Christian Tissier","og_description":"Christian Tissier's elegante Aikido-stijl wordt mede onderwezen bij Ando in Nederland. Ervaar dynamische bewegingen en diepgaande technieken.","og_url":"https:\/\/aikido-ando.nl\/es\/christian-tissier\/","og_site_name":"Aikido ANDO","article_publisher":"https:\/\/www.facebook.com\/andoaikido","article_modified_time":"2026-01-26T13:51:04+00:00","og_image":[{"width":1920,"height":600,"url":"https:\/\/aikido-ando.nl\/wp-content\/uploads\/Seiza_Kaizen_Aikido_Ando_Dojo.webp","type":"image\/webp"}],"twitter_card":"summary_large_image","twitter_misc":{"Tiempo de lectura":"3 minutos"},"schema":{"@context":"https:\/\/schema.org","@graph":[{"@type":"WebPage","@id":"https:\/\/aikido-ando.nl\/christian-tissier\/","url":"https:\/\/aikido-ando.nl\/christian-tissier\/","name":"Christian Tissier - Aikido ANDO","isPartOf":{"@id":"https:\/\/aikido-ando.nl\/#website"},"primaryImageOfPage":{"@id":"https:\/\/aikido-ando.nl\/christian-tissier\/#primaryimage"},"image":{"@id":"https:\/\/aikido-ando.nl\/christian-tissier\/#primaryimage"},"thumbnailUrl":"https:\/\/aikido-ando.nl\/wp-content\/uploads\/Seiza_Kaizen_Aikido_Ando_Dojo.webp","datePublished":"2024-10-08T19:53:30+00:00","dateModified":"2026-01-26T13:51:04+00:00","description":"El elegante estilo de Aikido de Christian Tissier se imparte en Ando (Pa\u00edses Bajos). Experimenta movimientos din\u00e1micos y t\u00e9cnicas profundas.","breadcrumb":{"@id":"https:\/\/aikido-ando.nl\/christian-tissier\/#breadcrumb"},"inLanguage":"es","potentialAction":[{"@type":"ReadAction","target":["https:\/\/aikido-ando.nl\/christian-tissier\/"]}]},{"@type":"ImageObject","inLanguage":"es","@id":"https:\/\/aikido-ando.nl\/christian-tissier\/#primaryimage","url":"https:\/\/aikido-ando.nl\/wp-content\/uploads\/Seiza_Kaizen_Aikido_Ando_Dojo.webp","contentUrl":"https:\/\/aikido-ando.nl\/wp-content\/uploads\/Seiza_Kaizen_Aikido_Ando_Dojo.webp","width":1920,"height":600,"caption":"Ando Aikidoles in Nederland bij Ando die dojo's heeft in Geldrop en omstreken."},{"@type":"BreadcrumbList","@id":"https:\/\/aikido-ando.nl\/christian-tissier\/#breadcrumb","itemListElement":[{"@type":"ListItem","position":1,"name":"Home","item":"https:\/\/aikido-ando.nl\/"},{"@type":"ListItem","position":2,"name":"Christian Tissier"}]},{"@type":"WebSite","@id":"https:\/\/aikido-ando.nl\/#website","url":"https:\/\/aikido-ando.nl\/","name":"Aikido Ando","description":"","publisher":{"@id":"https:\/\/aikido-ando.nl\/#organization"},"potentialAction":[{"@type":"SearchAction","target":{"@type":"EntryPoint","urlTemplate":"https:\/\/aikido-ando.nl\/?s={search_term_string}"},"query-input":{"@type":"PropertyValueSpecification","valueRequired":true,"valueName":"search_term_string"}}],"inLanguage":"es"},{"@type":"Organization","@id":"https:\/\/aikido-ando.nl\/#organization","name":"Aikido Ando","url":"https:\/\/aikido-ando.nl\/","logo":{"@type":"ImageObject","inLanguage":"es","@id":"https:\/\/aikido-ando.nl\/#\/schema\/logo\/image\/","url":"https:\/\/aikido-ando.nl\/wp-content\/uploads\/Logo.webp","contentUrl":"https:\/\/aikido-ando.nl\/wp-content\/uploads\/Logo.webp","width":500,"height":500,"caption":"Aikido Ando"},"image":{"@id":"https:\/\/aikido-ando.nl\/#\/schema\/logo\/image\/"},"sameAs":["https:\/\/www.facebook.com\/andoaikido","https:\/\/www.instagram.com\/andoaikido\/","https:\/\/www.tiktok.com\/404?fromUrl=\/andoaikido","https:\/\/www.linkedin.com\/company\/andoaikido?originalSubdomain=nl"]}]}},"_links":{"self":[{"href":"https:\/\/aikido-ando.nl\/es\/wp-json\/wp\/v2\/pages\/563","targetHints":{"allow":["GET"]}}],"collection":[{"href":"https:\/\/aikido-ando.nl\/es\/wp-json\/wp\/v2\/pages"}],"about":[{"href":"https:\/\/aikido-ando.nl\/es\/wp-json\/wp\/v2\/types\/page"}],"author":[{"embeddable":true,"href":"https:\/\/aikido-ando.nl\/es\/wp-json\/wp\/v2\/users\/1"}],"replies":[{"embeddable":true,"href":"https:\/\/aikido-ando.nl\/es\/wp-json\/wp\/v2\/comments?post=563"}],"version-history":[{"count":3,"href":"https:\/\/aikido-ando.nl\/es\/wp-json\/wp\/v2\/pages\/563\/revisions"}],"predecessor-version":[{"id":3752,"href":"https:\/\/aikido-ando.nl\/es\/wp-json\/wp\/v2\/pages\/563\/revisions\/3752"}],"wp:featuredmedia":[{"embeddable":true,"href":"https:\/\/aikido-ando.nl\/es\/wp-json\/wp\/v2\/media\/1670"}],"wp:attachment":[{"href":"https:\/\/aikido-ando.nl\/es\/wp-json\/wp\/v2\/media?parent=563"}],"curies":[{"name":"wp","href":"https:\/\/api.w.org\/{rel}","templated":true}]}}