{"id":594,"date":"2024-10-08T22:32:33","date_gmt":"2024-10-08T20:32:33","guid":{"rendered":"https:\/\/aikido-ando.nl\/?page_id=594"},"modified":"2025-08-09T19:53:18","modified_gmt":"2025-08-09T17:53:18","slug":"expatriados-en-eindhoven","status":"publish","type":"page","link":"https:\/\/aikido-ando.nl\/es\/expats-in-eindhoven\/","title":{"rendered":"Expatriados en Eindhoven"},"content":{"rendered":"<div data-elementor-type=\"wp-page\" data-elementor-id=\"594\" class=\"elementor elementor-594\" data-elementor-post-type=\"page\">\n\t\t\t\t<div class=\"elementor-element elementor-element-7792a94 e-flex e-con-boxed e-con e-parent\" data-id=\"7792a94\" data-element_type=\"container\" data-e-type=\"container\">\n\t\t\t\t\t<div class=\"e-con-inner\">\n\t\t\t\t<div class=\"elementor-element elementor-element-4f50972 elementor-widget elementor-widget-text-editor\" data-id=\"4f50972\" data-element_type=\"widget\" data-e-type=\"widget\" data-widget_type=\"text-editor.default\">\n\t\t\t\t<div class=\"elementor-widget-container\">\n\t\t\t\t\t\t\t\t\t<p><strong>\u00bfEres o conoces un expatriado en Eindhoven? Entonces esta p\u00e1gina es para ti. Al fin y al cabo, Ando es un dojo con diversidad de nacionalidades. Desde h\u00fangaros a polacos, alemanes, franceses o italianos, todas las nacionalidades son bienvenidas aqu\u00ed. Como expatriado, naturalmente intentas integrarte en la cultura holandesa lo mejor y m\u00e1s f\u00e1cilmente posible. Con un deporte \/ arte marcial como el Aikido, esto es a\u00fan m\u00e1s f\u00e1cil.<\/strong><\/p>\t\t\t\t\t\t\t\t<\/div>\n\t\t\t\t<\/div>\n\t\t\t\t<div class=\"elementor-element elementor-element-83eb9b6 elementor-widget elementor-widget-text-editor\" data-id=\"83eb9b6\" data-element_type=\"widget\" data-e-type=\"widget\" data-widget_type=\"text-editor.default\">\n\t\t\t\t<div class=\"elementor-widget-container\">\n\t\t\t\t\t\t\t\t\t<p>Como el Aikido no tiene competencia, te sientes mucho m\u00e1s a gusto desde el primer momento. <strong>m\u00e1s relajado en la esterilla<\/strong>. Te concentras sobre todo en los movimientos que se demuestran.<strong> Algo que el sensei Edo y Anne saben muy bien.<\/strong> De ni\u00f1os, estuvieron en el tatami con el gran maestro Christian Tissier, que hablaba sobre todo franc\u00e9s. Era un idioma que a\u00fan no hab\u00edan aprendido en la escuela. As\u00ed que <strong>aprendi\u00f3 sobre todo observando y escuchando atentamente<\/strong>. Gracias a los estudiantes que se sentaban a su lado y les traduc\u00edan de vez en cuando, empezaron a entender cada vez mejor c\u00f3mo funcionaba todo. <strong>En el dojo de Ando, esto no es diferente.<\/strong> Incluso en nuestro grupo infantil, los ni\u00f1os disfrutan ayud\u00e1ndose unos a otros, otra forma estupenda de poner en pr\u00e1ctica el ingl\u00e9s para ellos.<\/p><p>Adem\u00e1s <strong>El aikido, una comunidad social<\/strong>, sobre todo en Ando. As\u00ed que les gusta ponerse al d\u00eda en todo tipo de cosas antes o despu\u00e9s del entrenamiento. Una forma f\u00e1cil para un expatriado de hacerse una idea de c\u00f3mo funcionan las cosas aqu\u00ed. No es de extra\u00f1ar, ya que Ando dojo est\u00e1 justo al lado de ASML y NXP. Por no hablar del aeropuerto de Eindhoven. Que tambi\u00e9n nos gusta utilizar, porque nos encanta la formaci\u00f3n en el extranjero.\u00a0<\/p><p>Tambi\u00e9n nos gusta invitar a <strong>senseis o grandes maestros extranjeros<\/strong> para clases de Aikido en nuestro dojo. Son expertos en Aikido. Adem\u00e1s, sucede m\u00e1s a menudo que estos entrenador(es) tambi\u00e9n traen su propio grupo de personas de Europa\/Mundo a nuestro dojo. \u00a1Qu\u00e9 guay! En resumen, si usted es o conoce a un expatriado que trabaja aqu\u00ed en los Pa\u00edses Bajos, venga a una clase de prueba de Aikido.<\/p>\t\t\t\t\t\t\t\t<\/div>\n\t\t\t\t<\/div>\n\t\t\t\t\t<\/div>\n\t\t\t\t<\/div>\n\t\t<div class=\"elementor-element elementor-element-29e5967 e-flex e-con-boxed e-con e-parent\" data-id=\"29e5967\" data-element_type=\"container\" data-e-type=\"container\" data-settings=\"{&quot;background_background&quot;:&quot;classic&quot;}\">\n\t\t\t\t\t<div class=\"e-con-inner\">\n\t\t<div class=\"elementor-element elementor-element-febfc3b e-con-full e-flex e-con e-child\" data-id=\"febfc3b\" data-element_type=\"container\" data-e-type=\"container\" data-settings=\"{&quot;background_background&quot;:&quot;classic&quot;}\">\n\t\t\t\t<div class=\"elementor-element elementor-element-995160b elementor-widget elementor-widget-text-editor\" data-id=\"995160b\" data-element_type=\"widget\" data-e-type=\"widget\" data-widget_type=\"text-editor.default\">\n\t\t\t\t<div class=\"elementor-widget-container\">\n\t\t\t\t\t\t\t\t\tLa escuela de Aikido ANDO de Eindhoven realiza una peque\u00f1a demostraci\u00f3n.\t\t\t\t\t\t\t\t<\/div>\n\t\t\t\t<\/div>\n\t\t\t\t<\/div>\n\t\t<div class=\"elementor-element elementor-element-0a73ec5 e-con-full e-flex e-con e-child\" data-id=\"0a73ec5\" data-element_type=\"container\" data-e-type=\"container\" data-settings=\"{&quot;background_background&quot;:&quot;classic&quot;}\">\n\t\t\t\t<div class=\"elementor-element elementor-element-879581d elementor-widget elementor-widget-text-editor\" data-id=\"879581d\" data-element_type=\"widget\" data-e-type=\"widget\" data-widget_type=\"text-editor.default\">\n\t\t\t\t<div class=\"elementor-widget-container\">\n\t\t\t\t\t\t\t\t\tD\u00eda del expatriado en Eindhoven\t\t\t\t\t\t\t\t<\/div>\n\t\t\t\t<\/div>\n\t\t\t\t<\/div>\n\t\t\t\t\t<\/div>\n\t\t\t\t<\/div>\n\t\t<div class=\"elementor-element elementor-element-2287b762 e-con-full e-flex e-con e-parent\" data-id=\"2287b762\" data-element_type=\"container\" data-e-type=\"container\">\n\t\t\t\t<div class=\"elementor-element elementor-element-2d880746 elementor-widget elementor-widget-shortcode\" data-id=\"2d880746\" data-element_type=\"widget\" data-e-type=\"widget\" data-widget_type=\"shortcode.default\">\n\t\t\t\t<div class=\"elementor-widget-container\">\n\t\t\t\t\t\t\t<div class=\"elementor-shortcode\">\t\t<div data-elementor-type=\"section\" data-elementor-id=\"296\" class=\"elementor elementor-296\" data-elementor-post-type=\"elementor_library\">\n\t\t\t<div class=\"elementor-element elementor-element-31eba413 e-flex e-con-boxed e-con e-parent\" data-id=\"31eba413\" data-element_type=\"container\" data-e-type=\"container\" data-settings=\"{&quot;background_background&quot;:&quot;classic&quot;}\">\n\t\t\t\t\t<div class=\"e-con-inner\">\n\t\t\t\t<div class=\"elementor-element elementor-element-15e4890e elementor-widget elementor-widget-heading\" data-id=\"15e4890e\" data-element_type=\"widget\" data-e-type=\"widget\" data-widget_type=\"heading.default\">\n\t\t\t\t<div class=\"elementor-widget-container\">\n\t\t\t\t\t<div class=\"elementor-heading-title elementor-size-default\">Personal<br>\nel crecimiento en tus manos<\/div>\t\t\t\t<\/div>\n\t\t\t\t<\/div>\n\t\t\t\t<div class=\"elementor-element elementor-element-7048f5f elementor-widget elementor-widget-heading\" data-id=\"7048f5f\" data-element_type=\"widget\" data-e-type=\"widget\" data-widget_type=\"heading.default\">\n\t\t\t\t<div class=\"elementor-widget-container\">\n\t\t\t\t\t<div class=\"elementor-heading-title elementor-size-default\">Sea lo que sea en lo que quieras crecer, con el Aikido encontrar\u00e1s el camino.<\/div>\t\t\t\t<\/div>\n\t\t\t\t<\/div>\n\t\t\t\t<div class=\"elementor-element elementor-element-7c66c64b elementor-align-center elementor-widget elementor-widget-button\" data-id=\"7c66c64b\" data-element_type=\"widget\" data-e-type=\"widget\" data-widget_type=\"button.default\">\n\t\t\t\t<div class=\"elementor-widget-container\">\n\t\t\t\t\t\t\t\t\t<div class=\"elementor-button-wrapper\">\n\t\t\t\t\t<a class=\"elementor-button elementor-button-link elementor-size-sm\" href=\"https:\/\/ando-aikido.gotgrib.nl\/member\/selfservice\/registration\/628769c029bbb\">\n\t\t\t\t\t\t<span class=\"elementor-button-content-wrapper\">\n\t\t\t\t\t\t\t\t\t<span class=\"elementor-button-text\">Programar una clase introductoria<\/span>\n\t\t\t\t\t<\/span>\n\t\t\t\t\t<\/a>\n\t\t\t\t<\/div>\n\t\t\t\t\t\t\t\t<\/div>\n\t\t\t\t<\/div>\n\t\t\t\t\t<\/div>\n\t\t\t\t<\/div>\n\t\t\t\t<\/div>\n\t\t<\/div>\n\t\t\t\t\t\t<\/div>\n\t\t\t\t<\/div>\n\t\t\t\t<\/div>\n\t\t\t\t<\/div>","protected":false},"excerpt":{"rendered":"<p>Ben of ken je een Expat in Eindhoven? Dan is deze pagina wat voor jou. Ando is namelijk een dojo met een diversiteit aan nationaliteiten. Van Hongaars tot Pools, Duits, Frans of Italiaans alle nationaliteiten zijn hier welkom. Als expat probeer je natuurlijk zo goed en makkelijk mogelijk in de Nederlandse cultuur te integreren. Met [&hellip;]<\/p>\n","protected":false},"author":1,"featured_media":1675,"parent":0,"menu_order":0,"comment_status":"closed","ping_status":"closed","template":"elementor_header_footer","meta":{"footnotes":""},"class_list":["post-594","page","type-page","status-publish","has-post-thumbnail","hentry"],"yoast_head":"<!-- This site is optimized with the Yoast SEO Premium plugin v27.3 (Yoast SEO v27.3) - https:\/\/yoast.com\/product\/yoast-seo-premium-wordpress\/ -->\n<title>Expats in Eindhoven - Aikido ANDO<\/title>\n<meta name=\"description\" content=\"Nieuw in Nederland en op zoek naar Aikido? Ando in Eindhoven verwelkomt expats in een internationale omgeving. Doe mee en voel je thuis!\" \/>\n<meta name=\"robots\" content=\"index, follow, max-snippet:-1, max-image-preview:large, max-video-preview:-1\" \/>\n<link rel=\"canonical\" href=\"https:\/\/aikido-ando.nl\/es\/expatriados-en-eindhoven\/\" \/>\n<meta property=\"og:locale\" content=\"es_ES\" \/>\n<meta property=\"og:type\" content=\"article\" \/>\n<meta property=\"og:title\" content=\"Expats in Eindhoven\" \/>\n<meta property=\"og:description\" content=\"Nieuw in Nederland en op zoek naar Aikido? Ando in Eindhoven verwelkomt expats in een internationale omgeving. Doe mee en voel je thuis!\" \/>\n<meta property=\"og:url\" content=\"https:\/\/aikido-ando.nl\/es\/expatriados-en-eindhoven\/\" \/>\n<meta property=\"og:site_name\" content=\"Aikido ANDO\" \/>\n<meta property=\"article:publisher\" content=\"https:\/\/www.facebook.com\/andoaikido\" \/>\n<meta property=\"article:modified_time\" content=\"2025-08-09T17:53:18+00:00\" \/>\n<meta property=\"og:image\" content=\"https:\/\/aikido-ando.nl\/wp-content\/uploads\/Ando_Eindhoven_Klokgebouw_AnneSlui_Sensei-1.webp\" \/>\n\t<meta property=\"og:image:width\" content=\"1920\" \/>\n\t<meta property=\"og:image:height\" content=\"600\" \/>\n\t<meta property=\"og:image:type\" content=\"image\/webp\" \/>\n<meta name=\"twitter:card\" content=\"summary_large_image\" \/>\n<meta name=\"twitter:label1\" content=\"Tiempo de lectura\" \/>\n\t<meta name=\"twitter:data1\" content=\"2 minutos\" \/>\n<script type=\"application\/ld+json\" class=\"yoast-schema-graph\">{\"@context\":\"https:\\\/\\\/schema.org\",\"@graph\":[{\"@type\":\"WebPage\",\"@id\":\"https:\\\/\\\/aikido-ando.nl\\\/expats-in-eindhoven\\\/\",\"url\":\"https:\\\/\\\/aikido-ando.nl\\\/expats-in-eindhoven\\\/\",\"name\":\"Expats in Eindhoven - Aikido ANDO\",\"isPartOf\":{\"@id\":\"https:\\\/\\\/aikido-ando.nl\\\/#website\"},\"primaryImageOfPage\":{\"@id\":\"https:\\\/\\\/aikido-ando.nl\\\/expats-in-eindhoven\\\/#primaryimage\"},\"image\":{\"@id\":\"https:\\\/\\\/aikido-ando.nl\\\/expats-in-eindhoven\\\/#primaryimage\"},\"thumbnailUrl\":\"https:\\\/\\\/aikido-ando.nl\\\/wp-content\\\/uploads\\\/Ando_Eindhoven_Klokgebouw_AnneSlui_Sensei-1.webp\",\"datePublished\":\"2024-10-08T20:32:33+00:00\",\"dateModified\":\"2025-08-09T17:53:18+00:00\",\"description\":\"Nieuw in Nederland en op zoek naar Aikido? Ando in Eindhoven verwelkomt expats in een internationale omgeving. Doe mee en voel je thuis!\",\"breadcrumb\":{\"@id\":\"https:\\\/\\\/aikido-ando.nl\\\/expats-in-eindhoven\\\/#breadcrumb\"},\"inLanguage\":\"es\",\"potentialAction\":[{\"@type\":\"ReadAction\",\"target\":[\"https:\\\/\\\/aikido-ando.nl\\\/expats-in-eindhoven\\\/\"]}]},{\"@type\":\"ImageObject\",\"inLanguage\":\"es\",\"@id\":\"https:\\\/\\\/aikido-ando.nl\\\/expats-in-eindhoven\\\/#primaryimage\",\"url\":\"https:\\\/\\\/aikido-ando.nl\\\/wp-content\\\/uploads\\\/Ando_Eindhoven_Klokgebouw_AnneSlui_Sensei-1.webp\",\"contentUrl\":\"https:\\\/\\\/aikido-ando.nl\\\/wp-content\\\/uploads\\\/Ando_Eindhoven_Klokgebouw_AnneSlui_Sensei-1.webp\",\"width\":1920,\"height\":600,\"caption\":\"Sensei Edo en Anne geven Aikido demonstratie op Strijp-S bij Klokkengebouw in Eindhoven. Ando dojo vind je in Eindhoven.\"},{\"@type\":\"BreadcrumbList\",\"@id\":\"https:\\\/\\\/aikido-ando.nl\\\/expats-in-eindhoven\\\/#breadcrumb\",\"itemListElement\":[{\"@type\":\"ListItem\",\"position\":1,\"name\":\"Home\",\"item\":\"https:\\\/\\\/aikido-ando.nl\\\/\"},{\"@type\":\"ListItem\",\"position\":2,\"name\":\"Expats in Eindhoven\"}]},{\"@type\":\"WebSite\",\"@id\":\"https:\\\/\\\/aikido-ando.nl\\\/#website\",\"url\":\"https:\\\/\\\/aikido-ando.nl\\\/\",\"name\":\"Aikido Ando\",\"description\":\"\",\"publisher\":{\"@id\":\"https:\\\/\\\/aikido-ando.nl\\\/#organization\"},\"potentialAction\":[{\"@type\":\"SearchAction\",\"target\":{\"@type\":\"EntryPoint\",\"urlTemplate\":\"https:\\\/\\\/aikido-ando.nl\\\/?s={search_term_string}\"},\"query-input\":{\"@type\":\"PropertyValueSpecification\",\"valueRequired\":true,\"valueName\":\"search_term_string\"}}],\"inLanguage\":\"es\"},{\"@type\":\"Organization\",\"@id\":\"https:\\\/\\\/aikido-ando.nl\\\/#organization\",\"name\":\"Aikido Ando\",\"url\":\"https:\\\/\\\/aikido-ando.nl\\\/\",\"logo\":{\"@type\":\"ImageObject\",\"inLanguage\":\"es\",\"@id\":\"https:\\\/\\\/aikido-ando.nl\\\/#\\\/schema\\\/logo\\\/image\\\/\",\"url\":\"https:\\\/\\\/aikido-ando.nl\\\/wp-content\\\/uploads\\\/Logo.webp\",\"contentUrl\":\"https:\\\/\\\/aikido-ando.nl\\\/wp-content\\\/uploads\\\/Logo.webp\",\"width\":500,\"height\":500,\"caption\":\"Aikido Ando\"},\"image\":{\"@id\":\"https:\\\/\\\/aikido-ando.nl\\\/#\\\/schema\\\/logo\\\/image\\\/\"},\"sameAs\":[\"https:\\\/\\\/www.facebook.com\\\/andoaikido\",\"https:\\\/\\\/www.instagram.com\\\/andoaikido\\\/\",\"https:\\\/\\\/www.tiktok.com\\\/404?fromUrl=\\\/andoaikido\",\"https:\\\/\\\/www.linkedin.com\\\/company\\\/andoaikido?originalSubdomain=nl\"]}]}<\/script>\n<!-- \/ Yoast SEO Premium plugin. -->","yoast_head_json":{"title":"Expatriados en Eindhoven - Aikido ANDO","description":"\u00bfEres nuevo en Holanda y buscas Aikido? Ando en Eindhoven da la bienvenida a expatriados en un ambiente internacional. \u00a1\u00danete a nosotros y si\u00e9ntete como en casa!","robots":{"index":"index","follow":"follow","max-snippet":"max-snippet:-1","max-image-preview":"max-image-preview:large","max-video-preview":"max-video-preview:-1"},"canonical":"https:\/\/aikido-ando.nl\/es\/expatriados-en-eindhoven\/","og_locale":"es_ES","og_type":"article","og_title":"Expats in Eindhoven","og_description":"Nieuw in Nederland en op zoek naar Aikido? Ando in Eindhoven verwelkomt expats in een internationale omgeving. Doe mee en voel je thuis!","og_url":"https:\/\/aikido-ando.nl\/es\/expatriados-en-eindhoven\/","og_site_name":"Aikido ANDO","article_publisher":"https:\/\/www.facebook.com\/andoaikido","article_modified_time":"2025-08-09T17:53:18+00:00","og_image":[{"width":1920,"height":600,"url":"https:\/\/aikido-ando.nl\/wp-content\/uploads\/Ando_Eindhoven_Klokgebouw_AnneSlui_Sensei-1.webp","type":"image\/webp"}],"twitter_card":"summary_large_image","twitter_misc":{"Tiempo de lectura":"2 minutos"},"schema":{"@context":"https:\/\/schema.org","@graph":[{"@type":"WebPage","@id":"https:\/\/aikido-ando.nl\/expats-in-eindhoven\/","url":"https:\/\/aikido-ando.nl\/expats-in-eindhoven\/","name":"Expatriados en Eindhoven - Aikido ANDO","isPartOf":{"@id":"https:\/\/aikido-ando.nl\/#website"},"primaryImageOfPage":{"@id":"https:\/\/aikido-ando.nl\/expats-in-eindhoven\/#primaryimage"},"image":{"@id":"https:\/\/aikido-ando.nl\/expats-in-eindhoven\/#primaryimage"},"thumbnailUrl":"https:\/\/aikido-ando.nl\/wp-content\/uploads\/Ando_Eindhoven_Klokgebouw_AnneSlui_Sensei-1.webp","datePublished":"2024-10-08T20:32:33+00:00","dateModified":"2025-08-09T17:53:18+00:00","description":"\u00bfEres nuevo en Holanda y buscas Aikido? Ando en Eindhoven da la bienvenida a expatriados en un ambiente internacional. \u00a1\u00danete a nosotros y si\u00e9ntete como en casa!","breadcrumb":{"@id":"https:\/\/aikido-ando.nl\/expats-in-eindhoven\/#breadcrumb"},"inLanguage":"es","potentialAction":[{"@type":"ReadAction","target":["https:\/\/aikido-ando.nl\/expats-in-eindhoven\/"]}]},{"@type":"ImageObject","inLanguage":"es","@id":"https:\/\/aikido-ando.nl\/expats-in-eindhoven\/#primaryimage","url":"https:\/\/aikido-ando.nl\/wp-content\/uploads\/Ando_Eindhoven_Klokgebouw_AnneSlui_Sensei-1.webp","contentUrl":"https:\/\/aikido-ando.nl\/wp-content\/uploads\/Ando_Eindhoven_Klokgebouw_AnneSlui_Sensei-1.webp","width":1920,"height":600,"caption":"Sensei Edo en Anne geven Aikido demonstratie op Strijp-S bij Klokkengebouw in Eindhoven. Ando dojo vind je in Eindhoven."},{"@type":"BreadcrumbList","@id":"https:\/\/aikido-ando.nl\/expats-in-eindhoven\/#breadcrumb","itemListElement":[{"@type":"ListItem","position":1,"name":"Home","item":"https:\/\/aikido-ando.nl\/"},{"@type":"ListItem","position":2,"name":"Expats in Eindhoven"}]},{"@type":"WebSite","@id":"https:\/\/aikido-ando.nl\/#website","url":"https:\/\/aikido-ando.nl\/","name":"Aikido Ando","description":"","publisher":{"@id":"https:\/\/aikido-ando.nl\/#organization"},"potentialAction":[{"@type":"SearchAction","target":{"@type":"EntryPoint","urlTemplate":"https:\/\/aikido-ando.nl\/?s={search_term_string}"},"query-input":{"@type":"PropertyValueSpecification","valueRequired":true,"valueName":"search_term_string"}}],"inLanguage":"es"},{"@type":"Organization","@id":"https:\/\/aikido-ando.nl\/#organization","name":"Aikido Ando","url":"https:\/\/aikido-ando.nl\/","logo":{"@type":"ImageObject","inLanguage":"es","@id":"https:\/\/aikido-ando.nl\/#\/schema\/logo\/image\/","url":"https:\/\/aikido-ando.nl\/wp-content\/uploads\/Logo.webp","contentUrl":"https:\/\/aikido-ando.nl\/wp-content\/uploads\/Logo.webp","width":500,"height":500,"caption":"Aikido Ando"},"image":{"@id":"https:\/\/aikido-ando.nl\/#\/schema\/logo\/image\/"},"sameAs":["https:\/\/www.facebook.com\/andoaikido","https:\/\/www.instagram.com\/andoaikido\/","https:\/\/www.tiktok.com\/404?fromUrl=\/andoaikido","https:\/\/www.linkedin.com\/company\/andoaikido?originalSubdomain=nl"]}]}},"_links":{"self":[{"href":"https:\/\/aikido-ando.nl\/es\/wp-json\/wp\/v2\/pages\/594","targetHints":{"allow":["GET"]}}],"collection":[{"href":"https:\/\/aikido-ando.nl\/es\/wp-json\/wp\/v2\/pages"}],"about":[{"href":"https:\/\/aikido-ando.nl\/es\/wp-json\/wp\/v2\/types\/page"}],"author":[{"embeddable":true,"href":"https:\/\/aikido-ando.nl\/es\/wp-json\/wp\/v2\/users\/1"}],"replies":[{"embeddable":true,"href":"https:\/\/aikido-ando.nl\/es\/wp-json\/wp\/v2\/comments?post=594"}],"version-history":[{"count":0,"href":"https:\/\/aikido-ando.nl\/es\/wp-json\/wp\/v2\/pages\/594\/revisions"}],"wp:featuredmedia":[{"embeddable":true,"href":"https:\/\/aikido-ando.nl\/es\/wp-json\/wp\/v2\/media\/1675"}],"wp:attachment":[{"href":"https:\/\/aikido-ando.nl\/es\/wp-json\/wp\/v2\/media?parent=594"}],"curies":[{"name":"wp","href":"https:\/\/api.w.org\/{rel}","templated":true}]}}