{"id":612,"date":"2024-10-08T22:48:59","date_gmt":"2024-10-08T20:48:59","guid":{"rendered":"https:\/\/aikido-ando.nl\/?page_id=612"},"modified":"2025-08-09T19:45:49","modified_gmt":"2025-08-09T17:45:49","slug":"fundador-aikido-2","status":"publish","type":"page","link":"https:\/\/aikido-ando.nl\/es\/oprichter-aikido-2\/","title":{"rendered":"Fundador Aikido"},"content":{"rendered":"<div data-elementor-type=\"wp-page\" data-elementor-id=\"612\" class=\"elementor elementor-612\" data-elementor-post-type=\"page\">\n\t\t\t\t<div class=\"elementor-element elementor-element-5fed27d e-flex e-con-boxed e-con e-parent\" data-id=\"5fed27d\" data-element_type=\"container\" data-e-type=\"container\">\n\t\t\t\t\t<div class=\"e-con-inner\">\n\t\t\t\t<div class=\"elementor-element elementor-element-fd5d3f1 elementor-widget elementor-widget-heading\" data-id=\"fd5d3f1\" data-element_type=\"widget\" data-e-type=\"widget\" data-widget_type=\"heading.default\">\n\t\t\t\t<div class=\"elementor-widget-container\">\n\t\t\t\t\t<h1 class=\"elementor-heading-title elementor-size-default\">O'sensei Morihei Ueshiba<\/h1>\t\t\t\t<\/div>\n\t\t\t\t<\/div>\n\t\t\t\t<div class=\"elementor-element elementor-element-59707eb elementor-widget elementor-widget-text-editor\" data-id=\"59707eb\" data-element_type=\"widget\" data-e-type=\"widget\" data-widget_type=\"text-editor.default\">\n\t\t\t\t<div class=\"elementor-widget-container\">\n\t\t\t\t\t\t\t\t\t<p><strong>O'Sensei Morihei Ueshiba es conocido en todo el mundo como el fundador del arte marcial \u2018Aikido\u2019. Nacido el 14 de diciembre de 1883 en Tanabe, muri\u00f3 el 26 de abril de 1969 a la edad de 86 a\u00f1os. Muchos s\u00f3lo reconocer\u00e1n su nombre o el retrato que tradicionalmente se exhibe en el lugar de honor del dojo, el kamiza.<\/strong><\/p><p><strong>Morihei Ueshiba practic\u00f3 muchos deportes defensivos, como el jiujitsu, el judo y la lucha con lanzas y espadas.<\/strong><\/p>\t\t\t\t\t\t\t\t<\/div>\n\t\t\t\t<\/div>\n\t\t\t\t<div class=\"elementor-element elementor-element-aad345c elementor-widget elementor-widget-text-editor\" data-id=\"aad345c\" data-element_type=\"widget\" data-e-type=\"widget\" data-widget_type=\"text-editor.default\">\n\t\t\t\t<div class=\"elementor-widget-container\">\n\t\t\t\t\t\t\t\t\t<p>Era el mejor en todo, pero no estaba satisfecho. No quer\u00eda luchar para ser fuerte. Ten\u00eda que haber algo m\u00e1s en la vida. As\u00ed que pens\u00f3 en ello y se dio cuenta de que si quieres ser bueno en artes marciales,<strong> cuerpo y mente en armon\u00eda<\/strong> debe ser. Porque cuando tu cuerpo y tu mente est\u00e1n en armon\u00eda, sientes mejor el ataque\". Morihei Ueshiba no s\u00f3lo se form\u00f3 gracias a las artes marciales, sino que la pol\u00edtica, la religi\u00f3n y la guerra tambi\u00e9n influyeron mucho en \u00e9l. Su regi\u00f3n natal era un centro de tradici\u00f3n muy antigua. Ya de ni\u00f1o mostr\u00f3 un gran inter\u00e9s por el pensamiento alternativo y sinto\u00edsta, que m\u00e1s tarde incorpor\u00f3 al Aikido.<\/p><p>Cuando Morihei ten\u00eda 19 a\u00f1os, se cas\u00f3 con Hatsu. M\u00e1s tarde tuvieron tres hijos, siendo Kisshomaru el m\u00e1s famoso. Kisshomaru puso el Aikido al alcance de todos. (Mientras tanto, \u00e9l tambi\u00e9n ha fallecido tristemente.) Durante su servicio militar, se mantuvo <strong>se dedica intensamente a las artes marciales<\/strong>.<\/p><p>Tras la guerra, Morihei Ueshiba sigui\u00f3 desarroll\u00e1ndose como gran maestro de budo. Se desarroll\u00f3 hasta el punto de que, siendo un \u2018hombrecillo\u2019 de no m\u00e1s de 1m50 de altura, pod\u00eda derrotar a un hombre fuerte con facilidad. Morihei Ueshiba pod\u00eda manejar muy bien la energ\u00eda de otra persona y la suya propia.<\/p><p>Por ejemplo, se cuenta que el famoso campe\u00f3n de boxeo Horiguchi, \u201cEl pist\u00f3n\u201d, se dej\u00f3 caer por el dojo del gran maestro. Quer\u00eda un combate con Morihei Ueshiba. Al hacerlo, el gran maestro le invit\u00f3 a atacarle con toda su fuerza y habilidad. Con toda su potencia y violencia, el boxeador intent\u00f3 golpear al gran maestro en el pecho. Pu\u00f1etazos y bocanadas fulminantes se dirigieron hacia el gran maestro. Hasta que de repente los brazos del boxeador fueron golpeados desde fuera con las manos del gran maestro. Fue un movimiento flexible casi invisible. Horiguchi cay\u00f3 al suelo con los dos brazos rotos y pas\u00f3 despu\u00e9s dos meses en el hospital.<\/p><p>Morihei Ueshiba es un gran ejemplo para la gente que practica Aikido, ha conseguido mucho en su vida y hay un gran respeto por ello. Como Morihei Ueshiba es tan respetado, tambi\u00e9n le llaman O'Sensei, que significa \u2018gran maestro\u2019 en japon\u00e9s.<\/p><p>El d\u00eda de la muerte de Morihei Ueshiba, el gobierno japon\u00e9s le ofreci\u00f3 la \u2018orden del tesoro sagrado\u2019, el m\u00e1s alto honor que recibi\u00f3 por la realizaci\u00f3n del Aikido.<\/p>\t\t\t\t\t\t\t\t<\/div>\n\t\t\t\t<\/div>\n\t\t\t\t\t<\/div>\n\t\t\t\t<\/div>\n\t\t<div class=\"elementor-element elementor-element-6bf30e02 e-flex e-con-boxed e-con e-parent\" data-id=\"6bf30e02\" data-element_type=\"container\" data-e-type=\"container\" data-settings=\"{&quot;background_background&quot;:&quot;classic&quot;}\">\n\t\t\t\t\t<div class=\"e-con-inner\">\n\t\t<div class=\"elementor-element elementor-element-640546a5 e-con-full e-flex e-con e-child\" data-id=\"640546a5\" data-element_type=\"container\" data-e-type=\"container\" data-settings=\"{&quot;background_background&quot;:&quot;classic&quot;}\">\n\t\t\t\t<div class=\"elementor-element elementor-element-7b827c55 elementor-widget elementor-widget-text-editor\" data-id=\"7b827c55\" data-element_type=\"widget\" data-e-type=\"widget\" data-widget_type=\"text-editor.default\">\n\t\t\t\t<div class=\"elementor-widget-container\">\n\t\t\t\t\t\t\t\t\t<p>Este es Morihei Ueshiba, fundador del Aikido.<\/p>\t\t\t\t\t\t\t\t<\/div>\n\t\t\t\t<\/div>\n\t\t\t\t<\/div>\n\t\t<div class=\"elementor-element elementor-element-350da80a e-con-full e-flex e-con e-child\" data-id=\"350da80a\" data-element_type=\"container\" data-e-type=\"container\" data-settings=\"{&quot;background_background&quot;:&quot;classic&quot;}\">\n\t\t\t\t<div class=\"elementor-element elementor-element-119b9b26 elementor-widget elementor-widget-text-editor\" data-id=\"119b9b26\" data-element_type=\"widget\" data-e-type=\"widget\" data-widget_type=\"text-editor.default\">\n\t\t\t\t<div class=\"elementor-widget-container\">\n\t\t\t\t\t\t\t\t\t<p>Morihei Ueshiba estaba muy interesado en la forma de pensar sinto\u00edsta.<\/p>\t\t\t\t\t\t\t\t<\/div>\n\t\t\t\t<\/div>\n\t\t\t\t<\/div>\n\t\t<div class=\"elementor-element elementor-element-47285073 e-con-full e-flex e-con e-child\" data-id=\"47285073\" data-element_type=\"container\" data-e-type=\"container\" data-settings=\"{&quot;background_background&quot;:&quot;classic&quot;}\">\n\t\t\t\t<div class=\"elementor-element elementor-element-5b1a54f7 elementor-widget elementor-widget-text-editor\" data-id=\"5b1a54f7\" data-element_type=\"widget\" data-e-type=\"widget\" data-widget_type=\"text-editor.default\">\n\t\t\t\t<div class=\"elementor-widget-container\">\n\t\t\t\t\t\t\t\t\t<p>A O'sensei le apasionaba trabajar con un Jo, el palo de madera.<\/p>\t\t\t\t\t\t\t\t<\/div>\n\t\t\t\t<\/div>\n\t\t\t\t<\/div>\n\t\t\t\t\t<\/div>\n\t\t\t\t<\/div>\n\t\t<div class=\"elementor-element elementor-element-34ea86cf e-flex e-con-boxed e-con e-parent\" data-id=\"34ea86cf\" data-element_type=\"container\" data-e-type=\"container\" data-settings=\"{&quot;background_background&quot;:&quot;classic&quot;}\">\n\t\t\t\t\t<div class=\"e-con-inner\">\n\t\t\t\t<div class=\"elementor-element elementor-element-255ed2dd elementor-widget elementor-widget-heading\" data-id=\"255ed2dd\" data-element_type=\"widget\" data-e-type=\"widget\" data-widget_type=\"heading.default\">\n\t\t\t\t<div class=\"elementor-widget-container\">\n\t\t\t\t\t<div class=\"elementor-heading-title elementor-size-default\">Personal<br>\nel crecimiento en tus manos<\/div>\t\t\t\t<\/div>\n\t\t\t\t<\/div>\n\t\t\t\t<div class=\"elementor-element elementor-element-29e9be7 elementor-widget elementor-widget-heading\" data-id=\"29e9be7\" data-element_type=\"widget\" data-e-type=\"widget\" data-widget_type=\"heading.default\">\n\t\t\t\t<div class=\"elementor-widget-container\">\n\t\t\t\t\t<div class=\"elementor-heading-title elementor-size-default\">Sea lo que sea en lo que quieras crecer, con el Aikido encontrar\u00e1s el camino.<\/div>\t\t\t\t<\/div>\n\t\t\t\t<\/div>\n\t\t\t\t<div class=\"elementor-element elementor-element-260bc2b5 elementor-align-center elementor-widget elementor-widget-button\" data-id=\"260bc2b5\" data-element_type=\"widget\" data-e-type=\"widget\" data-widget_type=\"button.default\">\n\t\t\t\t<div class=\"elementor-widget-container\">\n\t\t\t\t\t\t\t\t\t<div class=\"elementor-button-wrapper\">\n\t\t\t\t\t<a class=\"elementor-button elementor-button-link elementor-size-sm\" href=\"https:\/\/ando-aikido.gotgrib.nl\/member\/selfservice\/registration\/628769c029bbb\">\n\t\t\t\t\t\t<span class=\"elementor-button-content-wrapper\">\n\t\t\t\t\t\t\t\t\t<span class=\"elementor-button-text\">Programar una clase introductoria<\/span>\n\t\t\t\t\t<\/span>\n\t\t\t\t\t<\/a>\n\t\t\t\t<\/div>\n\t\t\t\t\t\t\t\t<\/div>\n\t\t\t\t<\/div>\n\t\t\t\t\t<\/div>\n\t\t\t\t<\/div>\n\t\t\t\t<\/div>","protected":false},"excerpt":{"rendered":"<p>O&#8217;sensei Morihei Ueshiba O\u2019Sensei Morihei Ueshiba staat over de hele wereld bekend als de grondlegger van de martiale kunst \u2018Aikido\u2019. Geboren op 14 december 1883 in Tanabe en op 26 april 1969 is hij op 86 jarige leeftijd overleden. Vele zullen alleen zijn naam of het portret herkennen dat volgens traditie op de ereplaats in [&hellip;]<\/p>\n","protected":false},"author":1,"featured_media":1669,"parent":0,"menu_order":0,"comment_status":"closed","ping_status":"closed","template":"","meta":{"footnotes":""},"class_list":["post-612","page","type-page","status-publish","has-post-thumbnail","hentry"],"yoast_head":"<!-- This site is optimized with the Yoast SEO Premium plugin v27.3 (Yoast SEO v27.3) - https:\/\/yoast.com\/product\/yoast-seo-premium-wordpress\/ -->\n<title>Oprichter Aikido - Aikido ANDO<\/title>\n<meta name=\"description\" content=\"Ontdek het verhaal van O\u2019Sensei Morihei Ueshiba, de oprichter van Aikido. Lees meer over zijn leven, filosofie en zijn invloed op de martiale kunst.\" \/>\n<meta name=\"robots\" content=\"index, follow, max-snippet:-1, max-image-preview:large, max-video-preview:-1\" \/>\n<link rel=\"canonical\" href=\"https:\/\/aikido-ando.nl\/es\/fundador-aikido-2\/\" \/>\n<meta property=\"og:locale\" content=\"es_ES\" \/>\n<meta property=\"og:type\" content=\"article\" \/>\n<meta property=\"og:title\" content=\"Oprichter Aikido\" \/>\n<meta property=\"og:description\" content=\"Ontdek het verhaal van O\u2019Sensei Morihei Ueshiba, de oprichter van Aikido. Lees meer over zijn leven, filosofie en zijn invloed op de martiale kunst.\" \/>\n<meta property=\"og:url\" content=\"https:\/\/aikido-ando.nl\/es\/fundador-aikido-2\/\" \/>\n<meta property=\"og:site_name\" content=\"Aikido ANDO\" \/>\n<meta property=\"article:publisher\" content=\"https:\/\/www.facebook.com\/andoaikido\" \/>\n<meta property=\"article:modified_time\" content=\"2025-08-09T17:45:49+00:00\" \/>\n<meta property=\"og:image\" content=\"https:\/\/aikido-ando.nl\/wp-content\/uploads\/Bokken_Selfdefence_MartialArt_Samurai_Aikido_Ando_Dojo.webp\" \/>\n\t<meta property=\"og:image:width\" content=\"1920\" \/>\n\t<meta property=\"og:image:height\" content=\"600\" \/>\n\t<meta property=\"og:image:type\" content=\"image\/webp\" \/>\n<meta name=\"twitter:card\" content=\"summary_large_image\" \/>\n<meta name=\"twitter:label1\" content=\"Tiempo de lectura\" \/>\n\t<meta name=\"twitter:data1\" content=\"3 minutos\" \/>\n<script type=\"application\/ld+json\" class=\"yoast-schema-graph\">{\"@context\":\"https:\\\/\\\/schema.org\",\"@graph\":[{\"@type\":\"WebPage\",\"@id\":\"https:\\\/\\\/aikido-ando.nl\\\/oprichter-aikido-2\\\/\",\"url\":\"https:\\\/\\\/aikido-ando.nl\\\/oprichter-aikido-2\\\/\",\"name\":\"Oprichter Aikido - Aikido ANDO\",\"isPartOf\":{\"@id\":\"https:\\\/\\\/aikido-ando.nl\\\/#website\"},\"primaryImageOfPage\":{\"@id\":\"https:\\\/\\\/aikido-ando.nl\\\/oprichter-aikido-2\\\/#primaryimage\"},\"image\":{\"@id\":\"https:\\\/\\\/aikido-ando.nl\\\/oprichter-aikido-2\\\/#primaryimage\"},\"thumbnailUrl\":\"https:\\\/\\\/aikido-ando.nl\\\/wp-content\\\/uploads\\\/Bokken_Selfdefence_MartialArt_Samurai_Aikido_Ando_Dojo.webp\",\"datePublished\":\"2024-10-08T20:48:59+00:00\",\"dateModified\":\"2025-08-09T17:45:49+00:00\",\"description\":\"Ontdek het verhaal van O\u2019Sensei Morihei Ueshiba, de oprichter van Aikido. Lees meer over zijn leven, filosofie en zijn invloed op de martiale kunst.\",\"breadcrumb\":{\"@id\":\"https:\\\/\\\/aikido-ando.nl\\\/oprichter-aikido-2\\\/#breadcrumb\"},\"inLanguage\":\"es\",\"potentialAction\":[{\"@type\":\"ReadAction\",\"target\":[\"https:\\\/\\\/aikido-ando.nl\\\/oprichter-aikido-2\\\/\"]}]},{\"@type\":\"ImageObject\",\"inLanguage\":\"es\",\"@id\":\"https:\\\/\\\/aikido-ando.nl\\\/oprichter-aikido-2\\\/#primaryimage\",\"url\":\"https:\\\/\\\/aikido-ando.nl\\\/wp-content\\\/uploads\\\/Bokken_Selfdefence_MartialArt_Samurai_Aikido_Ando_Dojo.webp\",\"contentUrl\":\"https:\\\/\\\/aikido-ando.nl\\\/wp-content\\\/uploads\\\/Bokken_Selfdefence_MartialArt_Samurai_Aikido_Ando_Dojo.webp\",\"width\":1920,\"height\":600,\"caption\":\"Aikido bokkenles is een les waarbij met houten zwaard wordt getraind. Dit doen we in Sint-Oedenrode maar ook op andere Ando lokaties\"},{\"@type\":\"BreadcrumbList\",\"@id\":\"https:\\\/\\\/aikido-ando.nl\\\/oprichter-aikido-2\\\/#breadcrumb\",\"itemListElement\":[{\"@type\":\"ListItem\",\"position\":1,\"name\":\"Home\",\"item\":\"https:\\\/\\\/aikido-ando.nl\\\/\"},{\"@type\":\"ListItem\",\"position\":2,\"name\":\"Oprichter Aikido\"}]},{\"@type\":\"WebSite\",\"@id\":\"https:\\\/\\\/aikido-ando.nl\\\/#website\",\"url\":\"https:\\\/\\\/aikido-ando.nl\\\/\",\"name\":\"Aikido Ando\",\"description\":\"\",\"publisher\":{\"@id\":\"https:\\\/\\\/aikido-ando.nl\\\/#organization\"},\"potentialAction\":[{\"@type\":\"SearchAction\",\"target\":{\"@type\":\"EntryPoint\",\"urlTemplate\":\"https:\\\/\\\/aikido-ando.nl\\\/?s={search_term_string}\"},\"query-input\":{\"@type\":\"PropertyValueSpecification\",\"valueRequired\":true,\"valueName\":\"search_term_string\"}}],\"inLanguage\":\"es\"},{\"@type\":\"Organization\",\"@id\":\"https:\\\/\\\/aikido-ando.nl\\\/#organization\",\"name\":\"Aikido Ando\",\"url\":\"https:\\\/\\\/aikido-ando.nl\\\/\",\"logo\":{\"@type\":\"ImageObject\",\"inLanguage\":\"es\",\"@id\":\"https:\\\/\\\/aikido-ando.nl\\\/#\\\/schema\\\/logo\\\/image\\\/\",\"url\":\"https:\\\/\\\/aikido-ando.nl\\\/wp-content\\\/uploads\\\/Logo.webp\",\"contentUrl\":\"https:\\\/\\\/aikido-ando.nl\\\/wp-content\\\/uploads\\\/Logo.webp\",\"width\":500,\"height\":500,\"caption\":\"Aikido Ando\"},\"image\":{\"@id\":\"https:\\\/\\\/aikido-ando.nl\\\/#\\\/schema\\\/logo\\\/image\\\/\"},\"sameAs\":[\"https:\\\/\\\/www.facebook.com\\\/andoaikido\",\"https:\\\/\\\/www.instagram.com\\\/andoaikido\\\/\",\"https:\\\/\\\/www.tiktok.com\\\/404?fromUrl=\\\/andoaikido\",\"https:\\\/\\\/www.linkedin.com\\\/company\\\/andoaikido?originalSubdomain=nl\"]}]}<\/script>\n<!-- \/ Yoast SEO Premium plugin. -->","yoast_head_json":{"title":"Fundador Aikido - Aikido ANDO","description":"Descubra la historia de O'Sensei Morihei Ueshiba, el fundador del Aikido. Aprende m\u00e1s sobre su vida, filosof\u00eda e influencia en el arte marcial.","robots":{"index":"index","follow":"follow","max-snippet":"max-snippet:-1","max-image-preview":"max-image-preview:large","max-video-preview":"max-video-preview:-1"},"canonical":"https:\/\/aikido-ando.nl\/es\/fundador-aikido-2\/","og_locale":"es_ES","og_type":"article","og_title":"Oprichter Aikido","og_description":"Ontdek het verhaal van O\u2019Sensei Morihei Ueshiba, de oprichter van Aikido. Lees meer over zijn leven, filosofie en zijn invloed op de martiale kunst.","og_url":"https:\/\/aikido-ando.nl\/es\/fundador-aikido-2\/","og_site_name":"Aikido ANDO","article_publisher":"https:\/\/www.facebook.com\/andoaikido","article_modified_time":"2025-08-09T17:45:49+00:00","og_image":[{"width":1920,"height":600,"url":"https:\/\/aikido-ando.nl\/wp-content\/uploads\/Bokken_Selfdefence_MartialArt_Samurai_Aikido_Ando_Dojo.webp","type":"image\/webp"}],"twitter_card":"summary_large_image","twitter_misc":{"Tiempo de lectura":"3 minutos"},"schema":{"@context":"https:\/\/schema.org","@graph":[{"@type":"WebPage","@id":"https:\/\/aikido-ando.nl\/oprichter-aikido-2\/","url":"https:\/\/aikido-ando.nl\/oprichter-aikido-2\/","name":"Fundador Aikido - Aikido ANDO","isPartOf":{"@id":"https:\/\/aikido-ando.nl\/#website"},"primaryImageOfPage":{"@id":"https:\/\/aikido-ando.nl\/oprichter-aikido-2\/#primaryimage"},"image":{"@id":"https:\/\/aikido-ando.nl\/oprichter-aikido-2\/#primaryimage"},"thumbnailUrl":"https:\/\/aikido-ando.nl\/wp-content\/uploads\/Bokken_Selfdefence_MartialArt_Samurai_Aikido_Ando_Dojo.webp","datePublished":"2024-10-08T20:48:59+00:00","dateModified":"2025-08-09T17:45:49+00:00","description":"Descubra la historia de O'Sensei Morihei Ueshiba, el fundador del Aikido. Aprende m\u00e1s sobre su vida, filosof\u00eda e influencia en el arte marcial.","breadcrumb":{"@id":"https:\/\/aikido-ando.nl\/oprichter-aikido-2\/#breadcrumb"},"inLanguage":"es","potentialAction":[{"@type":"ReadAction","target":["https:\/\/aikido-ando.nl\/oprichter-aikido-2\/"]}]},{"@type":"ImageObject","inLanguage":"es","@id":"https:\/\/aikido-ando.nl\/oprichter-aikido-2\/#primaryimage","url":"https:\/\/aikido-ando.nl\/wp-content\/uploads\/Bokken_Selfdefence_MartialArt_Samurai_Aikido_Ando_Dojo.webp","contentUrl":"https:\/\/aikido-ando.nl\/wp-content\/uploads\/Bokken_Selfdefence_MartialArt_Samurai_Aikido_Ando_Dojo.webp","width":1920,"height":600,"caption":"Aikido bokkenles is een les waarbij met houten zwaard wordt getraind. Dit doen we in Sint-Oedenrode maar ook op andere Ando lokaties"},{"@type":"BreadcrumbList","@id":"https:\/\/aikido-ando.nl\/oprichter-aikido-2\/#breadcrumb","itemListElement":[{"@type":"ListItem","position":1,"name":"Home","item":"https:\/\/aikido-ando.nl\/"},{"@type":"ListItem","position":2,"name":"Oprichter Aikido"}]},{"@type":"WebSite","@id":"https:\/\/aikido-ando.nl\/#website","url":"https:\/\/aikido-ando.nl\/","name":"Aikido Ando","description":"","publisher":{"@id":"https:\/\/aikido-ando.nl\/#organization"},"potentialAction":[{"@type":"SearchAction","target":{"@type":"EntryPoint","urlTemplate":"https:\/\/aikido-ando.nl\/?s={search_term_string}"},"query-input":{"@type":"PropertyValueSpecification","valueRequired":true,"valueName":"search_term_string"}}],"inLanguage":"es"},{"@type":"Organization","@id":"https:\/\/aikido-ando.nl\/#organization","name":"Aikido Ando","url":"https:\/\/aikido-ando.nl\/","logo":{"@type":"ImageObject","inLanguage":"es","@id":"https:\/\/aikido-ando.nl\/#\/schema\/logo\/image\/","url":"https:\/\/aikido-ando.nl\/wp-content\/uploads\/Logo.webp","contentUrl":"https:\/\/aikido-ando.nl\/wp-content\/uploads\/Logo.webp","width":500,"height":500,"caption":"Aikido Ando"},"image":{"@id":"https:\/\/aikido-ando.nl\/#\/schema\/logo\/image\/"},"sameAs":["https:\/\/www.facebook.com\/andoaikido","https:\/\/www.instagram.com\/andoaikido\/","https:\/\/www.tiktok.com\/404?fromUrl=\/andoaikido","https:\/\/www.linkedin.com\/company\/andoaikido?originalSubdomain=nl"]}]}},"_links":{"self":[{"href":"https:\/\/aikido-ando.nl\/es\/wp-json\/wp\/v2\/pages\/612","targetHints":{"allow":["GET"]}}],"collection":[{"href":"https:\/\/aikido-ando.nl\/es\/wp-json\/wp\/v2\/pages"}],"about":[{"href":"https:\/\/aikido-ando.nl\/es\/wp-json\/wp\/v2\/types\/page"}],"author":[{"embeddable":true,"href":"https:\/\/aikido-ando.nl\/es\/wp-json\/wp\/v2\/users\/1"}],"replies":[{"embeddable":true,"href":"https:\/\/aikido-ando.nl\/es\/wp-json\/wp\/v2\/comments?post=612"}],"version-history":[{"count":0,"href":"https:\/\/aikido-ando.nl\/es\/wp-json\/wp\/v2\/pages\/612\/revisions"}],"wp:featuredmedia":[{"embeddable":true,"href":"https:\/\/aikido-ando.nl\/es\/wp-json\/wp\/v2\/media\/1669"}],"wp:attachment":[{"href":"https:\/\/aikido-ando.nl\/es\/wp-json\/wp\/v2\/media?parent=612"}],"curies":[{"name":"wp","href":"https:\/\/api.w.org\/{rel}","templated":true}]}}