{"id":617,"date":"2024-10-08T22:51:58","date_gmt":"2024-10-08T20:51:58","guid":{"rendered":"https:\/\/aikido-ando.nl\/?page_id=617"},"modified":"2024-12-10T13:27:36","modified_gmt":"2024-12-10T12:27:36","slug":"aikido-roca-y-agua","status":"publish","type":"page","link":"https:\/\/aikido-ando.nl\/es\/aikido-rots-en-water\/","title":{"rendered":"Aikido Roca y Agua"},"content":{"rendered":"<div data-elementor-type=\"wp-page\" data-elementor-id=\"617\" class=\"elementor elementor-617\" data-elementor-post-type=\"page\">\n\t\t\t\t<div class=\"elementor-element elementor-element-0b5acf4 e-flex e-con-boxed e-con e-parent\" data-id=\"0b5acf4\" data-element_type=\"container\" data-e-type=\"container\">\n\t\t\t\t\t<div class=\"e-con-inner\">\n\t\t\t\t<div class=\"elementor-element elementor-element-7f16e1b elementor-widget elementor-widget-text-editor\" data-id=\"7f16e1b\" data-element_type=\"widget\" data-e-type=\"widget\" data-widget_type=\"text-editor.default\">\n\t\t\t\t<div class=\"elementor-widget-container\">\n\t\t\t\t\t\t\t\t\t<h2>El aikido como secuela del entrenamiento Rock and Water<\/h2><p><strong>El entrenamiento Roca y Agua combina el poder de la autoconciencia (Roca) con la fluidez de la comunicaci\u00f3n (Agua). La \u2018Roca\u2019 representa la capacidad de establecer tus propios l\u00edmites, tomar decisiones independientes y trazar un rumbo personal. Agua\u2018, por su parte, representa la capacidad de comunicar, escuchar, encontrar soluciones juntos y respetar los l\u00edmites de los dem\u00e1s.<\/strong><\/p>\t\t\t\t\t\t\t\t<\/div>\n\t\t\t\t<\/div>\n\t\t\t\t<div class=\"elementor-element elementor-element-0f84fe4 elementor-widget elementor-widget-text-editor\" data-id=\"0f84fe4\" data-element_type=\"widget\" data-e-type=\"widget\" data-widget_type=\"text-editor.default\">\n\t\t\t\t<div class=\"elementor-widget-container\">\n\t\t\t\t\t\t\t\t\t<h3>Aikido como la roca y el agua<\/h3><p>En Ando, vemos el Aikido como una continuaci\u00f3n l\u00f3gica del entrenamiento en roca y agua. En nuestras clases, tienes la oportunidad de desarrollar las habilidades sociales que aprendiste durante el <strong>Han aprendido el entrenamiento de roca y agua, siguen practicando cada semana<\/strong>. Ser\u00e1s m\u00e1s consciente de tu propio cuerpo y del de los dem\u00e1s durante las sesiones de entrenamiento, y aprender\u00e1s a estar en <strong>situaciones diferentes<\/strong> y <strong>ser capaz de hacer frente a la resistencia (f\u00edsica)<\/strong>.<\/p><p>Nuestras clases semanales te ofrecen una gran oportunidad para reforzar y desarrollar lo que has aprendido en el entrenamiento. Utilizamos un <strong>enfoque l\u00fadico<\/strong>, As\u00ed, los ni\u00f1os aprenden y crecen mientras juegan. Adem\u00e1s, el ambiente en el tatami es siempre positivo, lo que te da la oportunidad de hacer nuevos amigos. Todo esto hace que nuestras clases de Aikido no s\u00f3lo sean instructivas, sino tambi\u00e9n divertidas e inspiradoras.<\/p>\t\t\t\t\t\t\t\t<\/div>\n\t\t\t\t<\/div>\n\t\t\t\t\t<\/div>\n\t\t\t\t<\/div>\n\t\t<div class=\"elementor-element elementor-element-6bbd2814 e-flex e-con-boxed e-con e-parent\" data-id=\"6bbd2814\" data-element_type=\"container\" data-e-type=\"container\" data-settings=\"{&quot;background_background&quot;:&quot;classic&quot;}\">\n\t\t\t\t\t<div class=\"e-con-inner\">\n\t\t<div class=\"elementor-element elementor-element-bbcc236 e-con-full e-flex e-con e-child\" data-id=\"bbcc236\" data-element_type=\"container\" data-e-type=\"container\" data-settings=\"{&quot;background_background&quot;:&quot;classic&quot;}\">\n\t\t\t\t<div class=\"elementor-element elementor-element-747b66de elementor-widget elementor-widget-text-editor\" data-id=\"747b66de\" data-element_type=\"widget\" data-e-type=\"widget\" data-widget_type=\"text-editor.default\">\n\t\t\t\t<div class=\"elementor-widget-container\">\n\t\t\t\t\t\t\t\t\t<p>Sensei Edo imparte clases de seguimiento del entrenamiento en roca y agua.<\/p>\t\t\t\t\t\t\t\t<\/div>\n\t\t\t\t<\/div>\n\t\t\t\t<\/div>\n\t\t<div class=\"elementor-element elementor-element-67e8e603 e-con-full e-flex e-con e-child\" data-id=\"67e8e603\" data-element_type=\"container\" data-e-type=\"container\" data-settings=\"{&quot;background_background&quot;:&quot;classic&quot;}\">\n\t\t\t\t<div class=\"elementor-element elementor-element-5867a749 elementor-widget elementor-widget-text-editor\" data-id=\"5867a749\" data-element_type=\"widget\" data-e-type=\"widget\" data-widget_type=\"text-editor.default\">\n\t\t\t\t<div class=\"elementor-widget-container\">\n\t\t\t\t\t\t\t\t\t<p>El trabajo conjunto con la colocaci\u00f3n de esterillas, parte del entrenamiento en roca y agua, vuelve a nosotros en cada clase.<\/p>\t\t\t\t\t\t\t\t<\/div>\n\t\t\t\t<\/div>\n\t\t\t\t<\/div>\n\t\t<div class=\"elementor-element elementor-element-26d3298a e-con-full e-flex e-con e-child\" data-id=\"26d3298a\" data-element_type=\"container\" data-e-type=\"container\" data-settings=\"{&quot;background_background&quot;:&quot;classic&quot;}\">\n\t\t\t\t<div class=\"elementor-element elementor-element-52779fd5 elementor-widget elementor-widget-text-editor\" data-id=\"52779fd5\" data-element_type=\"widget\" data-e-type=\"widget\" data-widget_type=\"text-editor.default\">\n\t\t\t\t<div class=\"elementor-widget-container\">\n\t\t\t\t\t\t\t\t\t<p>Luego pasar a clases regulares con sensei Anne.<\/p>\t\t\t\t\t\t\t\t<\/div>\n\t\t\t\t<\/div>\n\t\t\t\t<\/div>\n\t\t\t\t\t<\/div>\n\t\t\t\t<\/div>\n\t\t<div class=\"elementor-element elementor-element-7cddd2d e-flex e-con-boxed e-con e-parent\" data-id=\"7cddd2d\" data-element_type=\"container\" data-e-type=\"container\">\n\t\t\t\t\t<div class=\"e-con-inner\">\n\t\t\t\t<div class=\"elementor-element elementor-element-33e188c elementor-widget elementor-widget-text-editor\" data-id=\"33e188c\" data-element_type=\"widget\" data-e-type=\"widget\" data-widget_type=\"text-editor.default\">\n\t\t\t\t<div class=\"elementor-widget-container\">\n\t\t\t\t\t\t\t\t\t<h3>EL EFECTO DEL ENTRENAMIENTO DE AIKIDO Y ROCK WATER<\/h3>\t\t\t\t\t\t\t\t<\/div>\n\t\t\t\t<\/div>\n\t\t\t\t<div class=\"elementor-element elementor-element-325073e elementor-widget elementor-widget-text-editor\" data-id=\"325073e\" data-element_type=\"widget\" data-e-type=\"widget\" data-widget_type=\"text-editor.default\">\n\t\t\t\t<div class=\"elementor-widget-container\">\n\t\t\t\t\t\t\t\t\t<p>Al igual que el entrenamiento de la Roca y el Agua, el Aikido tiene un <strong>influencia positiva<\/strong> en quienes lo practican. Al participar en nuestras clases en Ando, descubrir\u00e1s que eres <strong>aumenta la confianza en uno mismo<\/strong>. El Aikido tambi\u00e9n te ense\u00f1a habilidades para enfrentarte eficazmente a situaciones dif\u00edciles. Una parte importante de nuestro entrenamiento es la<strong> aprender a mantenerse de pie con seguridad<\/strong>, que es una base importante sobre la que construimos. Al igual que el <strong>saber cogerse<\/strong> rodando. Como dice el refr\u00e1n japon\u00e9s, \u2018caer 7 veces es levantarse 8\u2019. <strong>Ando dojo \/ comunidad incluye<\/strong> y da la bienvenida a todo el mundo, independientemente de sus antecedentes o nivel de habilidad o \u2018mochila\u2019. Experim\u00e9ntelo usted mismo tomando una clase de prueba de Aikido. Nuestros alumnos se sienten como en casa sobre el tatami.\u00a0<\/p><p>Todos estos elementos hacen del Aikido una experiencia enriquecedora que va m\u00e1s all\u00e1 del mero entrenamiento f\u00edsico, \u00a1o el Aikido es una buena secuela de Piedra y Agua!<\/p><p>Ofrecemos Aikido para diferentes grupos de edad. <strong>Ni\u00f1os de 7 a 8 a\u00f1os<\/strong> son bienvenidos a nuestras sesiones de formaci\u00f3n b\u00e1sica. Para <strong>ni\u00f1os mayores, de 11 a 12 a\u00f1os<\/strong>, tenemos clases espec\u00edficas para j\u00f3venes adaptadas a su nivel de desarrollo. Nuestras sesiones de entrenamiento son accesibles en varios lugares, incluyendo en Eindhoven, Veldhoven, y Zaltbommel, por lo que puede encontrar f\u00e1cilmente un lugar cerca de usted.<\/p><p>Consulte aqu\u00ed todos nuestros horarios y ubicaciones.<\/p>\t\t\t\t\t\t\t\t<\/div>\n\t\t\t\t<\/div>\n\t\t\t\t\t<\/div>\n\t\t\t\t<\/div>\n\t\t<div class=\"elementor-element elementor-element-4bf37c5 e-flex e-con-boxed e-con e-parent\" data-id=\"4bf37c5\" data-element_type=\"container\" data-e-type=\"container\">\n\t\t\t\t\t<div class=\"e-con-inner\">\n\t\t\t\t<div class=\"elementor-element elementor-element-7655d9a elementor-widget elementor-widget-text-editor\" data-id=\"7655d9a\" data-element_type=\"widget\" data-e-type=\"widget\" data-widget_type=\"text-editor.default\">\n\t\t\t\t<div class=\"elementor-widget-container\">\n\t\t\t\t\t\t\t\t\t<h3>Profesor de agua de roca al habla<\/h3>\t\t\t\t\t\t\t\t<\/div>\n\t\t\t\t<\/div>\n\t\t\t\t<div class=\"elementor-element elementor-element-8b6030c elementor-widget elementor-widget-text-editor\" data-id=\"8b6030c\" data-element_type=\"widget\" data-e-type=\"widget\" data-widget_type=\"text-editor.default\">\n\t\t\t\t<div class=\"elementor-widget-container\">\n\t\t\t\t\t\t\t\t\t<p><em><strong>En primer lugar, me gustar\u00eda compartir con ustedes que experiment\u00e9 como un privilegio absoluto asistir a la clase de ni\u00f1os tres veces y experimentar el Aikido por m\u00ed mismo.<\/strong><\/em><\/p><p>\u00a1Qu\u00e9 talentos has hecho tuyos y qu\u00e9 maravilloso ver que compartes estos talentos de un \u2018movimiento\/vida natural\u2019 con la gente que te rodea!<\/p><p>Como resultado de las tres veces que se me permiti\u00f3 entrenar contigo, coordinar\u00edamos la forma de introducir a los entrenadores de Roca y Agua en el Aikido.<\/p><p>En primer lugar, me gustar\u00eda compartir con ustedes mis experiencias\/impresiones:<\/p><p>- Qu\u00e9 arte de movimiento tan incre\u00edblemente bello es el Aikido, en el que el <strong>\u2018El \u2019elemento agua\" (como se denomina en Rock and Water) ocupa un lugar central.<\/strong><\/p><p>- Qu\u00e9 <strong>asociaci\u00f3n de Aikido maravillosa, unida y \u2018c\u00e1lida<\/strong> eres t\u00fa; la actitud incondicional y dispuesta de los miembros hacia (los nuevos miembros, <strong>ayudar\/apoyar a las personas en desarrollo)<\/strong>, Fue una experiencia muy agradable.<\/p><p>- Tengo <strong>encontraron muy valiosas las lecciones a los ni\u00f1os.<\/strong> Fue estupendo poder ver c\u00f3mo <strong>comprender que apoyas a los ni\u00f1os<\/strong> (centrarse en la persona para capacitarla y que aprenda a descubrir su propio equilibrio) durante el proceso de aprendizaje; durante la formaci\u00f3n final <strong>fue impresionante<\/strong> para ver c\u00f3mo Edo guiaba individualmente a la ni\u00f1a (con apoyo auditivo) que se esforzaba por rodar, durante casi media hora.<\/p><p>\u2013 <strong>Durante la lecci\u00f3n de los ni\u00f1os, la calma me atrajo<\/strong> (en cuanto se pisa la colchoneta), sino tambi\u00e9n la estructura, la previsibilidad (rutinas establecidas como el calentamiento, el saludo, la demostraci\u00f3n, la imitaci\u00f3n y la disciplina) y la amabilidad.<\/p><p>Creo que el Aikido es un <strong>puede ser una muy buena continuaci\u00f3n de un curso de Ra\u00edces y Agua y puede convenir a alumnos con problemas de afrontamiento (problemas de sinton\u00eda, alumnos menos asertivos, problemas de autocontrol, etc.).<\/strong> La falta de un elemento de competici\u00f3n hace que el arte del movimiento sea extremadamente adecuado para nuestro grupo objetivo de estudiantes.<\/p>\t\t\t\t\t\t\t\t<\/div>\n\t\t\t\t<\/div>\n\t\t\t\t\t<\/div>\n\t\t\t\t<\/div>\n\t\t\t\t<\/div>","protected":false},"excerpt":{"rendered":"<p>Aikido als vervolg op Rots en Water training Rots en Water training combineert de kracht van zelfbewustzijn (Rots) met de soepelheid van communicatie (Water). &#8216;Rots&#8217; vertegenwoordigt het vermogen om eigen grenzen te stellen, zelfstandig beslissingen te nemen en een persoonlijke koers te varen. &#8216;Water&#8217; daarentegen, staat voor het vermogen om te communiceren, te luisteren, samen [&hellip;]<\/p>\n","protected":false},"author":1,"featured_media":1664,"parent":0,"menu_order":0,"comment_status":"closed","ping_status":"closed","template":"elementor_header_footer","meta":{"footnotes":""},"class_list":["post-617","page","type-page","status-publish","has-post-thumbnail","hentry"],"yoast_head":"<!-- This site is optimized with the Yoast SEO Premium plugin v27.3 (Yoast SEO v27.3) - https:\/\/yoast.com\/product\/yoast-seo-premium-wordpress\/ -->\n<title>Aikido Rots en Water - Aikido ANDO<\/title>\n<meta name=\"description\" content=\"Ontdek de voordelen van Rots en Water training bij Ando in Eindhoven. Verbeter sociale vaardigheden en innerlijke kracht. Meld je nu aan!\" \/>\n<meta name=\"robots\" content=\"index, follow, max-snippet:-1, max-image-preview:large, max-video-preview:-1\" \/>\n<link rel=\"canonical\" href=\"https:\/\/aikido-ando.nl\/es\/aikido-roca-y-agua\/\" \/>\n<meta property=\"og:locale\" content=\"es_ES\" \/>\n<meta property=\"og:type\" content=\"article\" \/>\n<meta property=\"og:title\" content=\"Aikido Rots en Water\" \/>\n<meta property=\"og:description\" content=\"Ontdek de voordelen van Rots en Water training bij Ando in Eindhoven. Verbeter sociale vaardigheden en innerlijke kracht. Meld je nu aan!\" \/>\n<meta property=\"og:url\" content=\"https:\/\/aikido-ando.nl\/es\/aikido-roca-y-agua\/\" \/>\n<meta property=\"og:site_name\" content=\"Aikido ANDO\" \/>\n<meta property=\"article:publisher\" content=\"https:\/\/www.facebook.com\/andoaikido\" \/>\n<meta property=\"article:modified_time\" content=\"2024-12-10T12:27:36+00:00\" \/>\n<meta property=\"og:image\" content=\"https:\/\/aikido-ando.nl\/wp-content\/uploads\/Sensei_Anne_Meerhoven_Instructeur_bedrijfstraining_Eindhoven.webp\" \/>\n\t<meta property=\"og:image:width\" content=\"1920\" \/>\n\t<meta property=\"og:image:height\" content=\"599\" \/>\n\t<meta property=\"og:image:type\" content=\"image\/webp\" \/>\n<meta name=\"twitter:card\" content=\"summary_large_image\" \/>\n<meta name=\"twitter:label1\" content=\"Tiempo de lectura\" \/>\n\t<meta name=\"twitter:data1\" content=\"5 minutos\" \/>\n<script type=\"application\/ld+json\" class=\"yoast-schema-graph\">{\"@context\":\"https:\\\/\\\/schema.org\",\"@graph\":[{\"@type\":\"WebPage\",\"@id\":\"https:\\\/\\\/aikido-ando.nl\\\/aikido-rots-en-water\\\/\",\"url\":\"https:\\\/\\\/aikido-ando.nl\\\/aikido-rots-en-water\\\/\",\"name\":\"Aikido Rots en Water - Aikido ANDO\",\"isPartOf\":{\"@id\":\"https:\\\/\\\/aikido-ando.nl\\\/#website\"},\"primaryImageOfPage\":{\"@id\":\"https:\\\/\\\/aikido-ando.nl\\\/aikido-rots-en-water\\\/#primaryimage\"},\"image\":{\"@id\":\"https:\\\/\\\/aikido-ando.nl\\\/aikido-rots-en-water\\\/#primaryimage\"},\"thumbnailUrl\":\"https:\\\/\\\/aikido-ando.nl\\\/wp-content\\\/uploads\\\/Sensei_Anne_Meerhoven_Instructeur_bedrijfstraining_Eindhoven.webp\",\"datePublished\":\"2024-10-08T20:51:58+00:00\",\"dateModified\":\"2024-12-10T12:27:36+00:00\",\"description\":\"Ontdek de voordelen van Rots en Water training bij Ando in Eindhoven. Verbeter sociale vaardigheden en innerlijke kracht. Meld je nu aan!\",\"breadcrumb\":{\"@id\":\"https:\\\/\\\/aikido-ando.nl\\\/aikido-rots-en-water\\\/#breadcrumb\"},\"inLanguage\":\"es\",\"potentialAction\":[{\"@type\":\"ReadAction\",\"target\":[\"https:\\\/\\\/aikido-ando.nl\\\/aikido-rots-en-water\\\/\"]}]},{\"@type\":\"ImageObject\",\"inLanguage\":\"es\",\"@id\":\"https:\\\/\\\/aikido-ando.nl\\\/aikido-rots-en-water\\\/#primaryimage\",\"url\":\"https:\\\/\\\/aikido-ando.nl\\\/wp-content\\\/uploads\\\/Sensei_Anne_Meerhoven_Instructeur_bedrijfstraining_Eindhoven.webp\",\"contentUrl\":\"https:\\\/\\\/aikido-ando.nl\\\/wp-content\\\/uploads\\\/Sensei_Anne_Meerhoven_Instructeur_bedrijfstraining_Eindhoven.webp\",\"width\":1920,\"height\":599,\"caption\":\"Sensei Anne Slui geeft les waar weerbaarheid voor vrouwen. Ze is een voorbeeld voor veel vrouwen en mannen.\"},{\"@type\":\"BreadcrumbList\",\"@id\":\"https:\\\/\\\/aikido-ando.nl\\\/aikido-rots-en-water\\\/#breadcrumb\",\"itemListElement\":[{\"@type\":\"ListItem\",\"position\":1,\"name\":\"Home\",\"item\":\"https:\\\/\\\/aikido-ando.nl\\\/\"},{\"@type\":\"ListItem\",\"position\":2,\"name\":\"Aikido Rots en Water\"}]},{\"@type\":\"WebSite\",\"@id\":\"https:\\\/\\\/aikido-ando.nl\\\/#website\",\"url\":\"https:\\\/\\\/aikido-ando.nl\\\/\",\"name\":\"Aikido Ando\",\"description\":\"\",\"publisher\":{\"@id\":\"https:\\\/\\\/aikido-ando.nl\\\/#organization\"},\"potentialAction\":[{\"@type\":\"SearchAction\",\"target\":{\"@type\":\"EntryPoint\",\"urlTemplate\":\"https:\\\/\\\/aikido-ando.nl\\\/?s={search_term_string}\"},\"query-input\":{\"@type\":\"PropertyValueSpecification\",\"valueRequired\":true,\"valueName\":\"search_term_string\"}}],\"inLanguage\":\"es\"},{\"@type\":\"Organization\",\"@id\":\"https:\\\/\\\/aikido-ando.nl\\\/#organization\",\"name\":\"Aikido Ando\",\"url\":\"https:\\\/\\\/aikido-ando.nl\\\/\",\"logo\":{\"@type\":\"ImageObject\",\"inLanguage\":\"es\",\"@id\":\"https:\\\/\\\/aikido-ando.nl\\\/#\\\/schema\\\/logo\\\/image\\\/\",\"url\":\"https:\\\/\\\/aikido-ando.nl\\\/wp-content\\\/uploads\\\/Logo.webp\",\"contentUrl\":\"https:\\\/\\\/aikido-ando.nl\\\/wp-content\\\/uploads\\\/Logo.webp\",\"width\":500,\"height\":500,\"caption\":\"Aikido Ando\"},\"image\":{\"@id\":\"https:\\\/\\\/aikido-ando.nl\\\/#\\\/schema\\\/logo\\\/image\\\/\"},\"sameAs\":[\"https:\\\/\\\/www.facebook.com\\\/andoaikido\",\"https:\\\/\\\/www.instagram.com\\\/andoaikido\\\/\",\"https:\\\/\\\/www.tiktok.com\\\/404?fromUrl=\\\/andoaikido\",\"https:\\\/\\\/www.linkedin.com\\\/company\\\/andoaikido?originalSubdomain=nl\"]}]}<\/script>\n<!-- \/ Yoast SEO Premium plugin. -->","yoast_head_json":{"title":"Aikido Roca y Agua - Aikido ANDO","description":"Descubra los beneficios del entrenamiento Rots and Water en Ando, Eindhoven. Mejora tus habilidades sociales y tu fuerza interior. \u00a1Inscr\u00edbete ya!","robots":{"index":"index","follow":"follow","max-snippet":"max-snippet:-1","max-image-preview":"max-image-preview:large","max-video-preview":"max-video-preview:-1"},"canonical":"https:\/\/aikido-ando.nl\/es\/aikido-roca-y-agua\/","og_locale":"es_ES","og_type":"article","og_title":"Aikido Rots en Water","og_description":"Ontdek de voordelen van Rots en Water training bij Ando in Eindhoven. Verbeter sociale vaardigheden en innerlijke kracht. Meld je nu aan!","og_url":"https:\/\/aikido-ando.nl\/es\/aikido-roca-y-agua\/","og_site_name":"Aikido ANDO","article_publisher":"https:\/\/www.facebook.com\/andoaikido","article_modified_time":"2024-12-10T12:27:36+00:00","og_image":[{"width":1920,"height":599,"url":"https:\/\/aikido-ando.nl\/wp-content\/uploads\/Sensei_Anne_Meerhoven_Instructeur_bedrijfstraining_Eindhoven.webp","type":"image\/webp"}],"twitter_card":"summary_large_image","twitter_misc":{"Tiempo de lectura":"5 minutos"},"schema":{"@context":"https:\/\/schema.org","@graph":[{"@type":"WebPage","@id":"https:\/\/aikido-ando.nl\/aikido-rots-en-water\/","url":"https:\/\/aikido-ando.nl\/aikido-rots-en-water\/","name":"Aikido Roca y Agua - Aikido ANDO","isPartOf":{"@id":"https:\/\/aikido-ando.nl\/#website"},"primaryImageOfPage":{"@id":"https:\/\/aikido-ando.nl\/aikido-rots-en-water\/#primaryimage"},"image":{"@id":"https:\/\/aikido-ando.nl\/aikido-rots-en-water\/#primaryimage"},"thumbnailUrl":"https:\/\/aikido-ando.nl\/wp-content\/uploads\/Sensei_Anne_Meerhoven_Instructeur_bedrijfstraining_Eindhoven.webp","datePublished":"2024-10-08T20:51:58+00:00","dateModified":"2024-12-10T12:27:36+00:00","description":"Descubra los beneficios del entrenamiento Rots and Water en Ando, Eindhoven. Mejora tus habilidades sociales y tu fuerza interior. \u00a1Inscr\u00edbete ya!","breadcrumb":{"@id":"https:\/\/aikido-ando.nl\/aikido-rots-en-water\/#breadcrumb"},"inLanguage":"es","potentialAction":[{"@type":"ReadAction","target":["https:\/\/aikido-ando.nl\/aikido-rots-en-water\/"]}]},{"@type":"ImageObject","inLanguage":"es","@id":"https:\/\/aikido-ando.nl\/aikido-rots-en-water\/#primaryimage","url":"https:\/\/aikido-ando.nl\/wp-content\/uploads\/Sensei_Anne_Meerhoven_Instructeur_bedrijfstraining_Eindhoven.webp","contentUrl":"https:\/\/aikido-ando.nl\/wp-content\/uploads\/Sensei_Anne_Meerhoven_Instructeur_bedrijfstraining_Eindhoven.webp","width":1920,"height":599,"caption":"Sensei Anne Slui geeft les waar weerbaarheid voor vrouwen. Ze is een voorbeeld voor veel vrouwen en mannen."},{"@type":"BreadcrumbList","@id":"https:\/\/aikido-ando.nl\/aikido-rots-en-water\/#breadcrumb","itemListElement":[{"@type":"ListItem","position":1,"name":"Home","item":"https:\/\/aikido-ando.nl\/"},{"@type":"ListItem","position":2,"name":"Aikido Rots en Water"}]},{"@type":"WebSite","@id":"https:\/\/aikido-ando.nl\/#website","url":"https:\/\/aikido-ando.nl\/","name":"Aikido Ando","description":"","publisher":{"@id":"https:\/\/aikido-ando.nl\/#organization"},"potentialAction":[{"@type":"SearchAction","target":{"@type":"EntryPoint","urlTemplate":"https:\/\/aikido-ando.nl\/?s={search_term_string}"},"query-input":{"@type":"PropertyValueSpecification","valueRequired":true,"valueName":"search_term_string"}}],"inLanguage":"es"},{"@type":"Organization","@id":"https:\/\/aikido-ando.nl\/#organization","name":"Aikido Ando","url":"https:\/\/aikido-ando.nl\/","logo":{"@type":"ImageObject","inLanguage":"es","@id":"https:\/\/aikido-ando.nl\/#\/schema\/logo\/image\/","url":"https:\/\/aikido-ando.nl\/wp-content\/uploads\/Logo.webp","contentUrl":"https:\/\/aikido-ando.nl\/wp-content\/uploads\/Logo.webp","width":500,"height":500,"caption":"Aikido Ando"},"image":{"@id":"https:\/\/aikido-ando.nl\/#\/schema\/logo\/image\/"},"sameAs":["https:\/\/www.facebook.com\/andoaikido","https:\/\/www.instagram.com\/andoaikido\/","https:\/\/www.tiktok.com\/404?fromUrl=\/andoaikido","https:\/\/www.linkedin.com\/company\/andoaikido?originalSubdomain=nl"]}]}},"_links":{"self":[{"href":"https:\/\/aikido-ando.nl\/es\/wp-json\/wp\/v2\/pages\/617","targetHints":{"allow":["GET"]}}],"collection":[{"href":"https:\/\/aikido-ando.nl\/es\/wp-json\/wp\/v2\/pages"}],"about":[{"href":"https:\/\/aikido-ando.nl\/es\/wp-json\/wp\/v2\/types\/page"}],"author":[{"embeddable":true,"href":"https:\/\/aikido-ando.nl\/es\/wp-json\/wp\/v2\/users\/1"}],"replies":[{"embeddable":true,"href":"https:\/\/aikido-ando.nl\/es\/wp-json\/wp\/v2\/comments?post=617"}],"version-history":[{"count":0,"href":"https:\/\/aikido-ando.nl\/es\/wp-json\/wp\/v2\/pages\/617\/revisions"}],"wp:featuredmedia":[{"embeddable":true,"href":"https:\/\/aikido-ando.nl\/es\/wp-json\/wp\/v2\/media\/1664"}],"wp:attachment":[{"href":"https:\/\/aikido-ando.nl\/es\/wp-json\/wp\/v2\/media?parent=617"}],"curies":[{"name":"wp","href":"https:\/\/api.w.org\/{rel}","templated":true}]}}