{"id":645,"date":"2024-10-13T14:53:18","date_gmt":"2024-10-13T12:53:18","guid":{"rendered":"https:\/\/aikido-ando.nl\/?page_id=645"},"modified":"2024-12-10T14:04:22","modified_gmt":"2024-12-10T13:04:22","slug":"escuela-de-aikido","status":"publish","type":"page","link":"https:\/\/aikido-ando.nl\/es\/school-aikido\/","title":{"rendered":"Escuela-Aikido"},"content":{"rendered":"<div data-elementor-type=\"wp-page\" data-elementor-id=\"645\" class=\"elementor elementor-645\" data-elementor-post-type=\"page\">\n\t\t\t\t<div class=\"elementor-element elementor-element-85585ed e-flex e-con-boxed e-con e-parent\" data-id=\"85585ed\" data-element_type=\"container\" data-e-type=\"container\">\n\t\t\t\t\t<div class=\"e-con-inner\">\n\t\t\t\t<div class=\"elementor-element elementor-element-66e00e8 elementor-widget elementor-widget-text-editor\" data-id=\"66e00e8\" data-element_type=\"widget\" data-e-type=\"widget\" data-widget_type=\"text-editor.default\">\n\t\t\t\t<div class=\"elementor-widget-container\">\n\t\t\t\t\t\t\t\t\t<h2>Clases de aikido en la ense\u00f1anza<\/h2><p><strong>El Aikido escolar es impartido por Ando. Ofrecemos clases de Aikido en diferentes niveles, tanto para escuelas primarias como secundarias. Nuestros instructores adaptan el paquete de clases con antelaci\u00f3n a las necesidades que la escuela quiera cubrir con el Aikido escolar.<\/strong><\/p>\t\t\t\t\t\t\t\t<\/div>\n\t\t\t\t<\/div>\n\t\t\t\t<div class=\"elementor-element elementor-element-2df6b0b elementor-widget elementor-widget-text-editor\" data-id=\"2df6b0b\" data-element_type=\"widget\" data-e-type=\"widget\" data-widget_type=\"text-editor.default\">\n\t\t\t\t<div class=\"elementor-widget-container\">\n\t\t\t\t\t\t\t\t\t<h3>Para qui\u00e9n es la escuela de Aikido<\/h3><p>Piensa en los ni\u00f1os de la <strong>escuela primaria de 6 a 12 a\u00f1os<\/strong>. Pero tambi\u00e9n para los j\u00f3venes de <strong>12-16 a\u00f1os en secundaria<\/strong> hay <strong>cursos especiales de formaci\u00f3n desarrollados<\/strong> para familiarizarse con el Aikido. Los temas recurrentes son \u2018Aikido como lecci\u00f3n introductoria al arte marcial\u2019, pero <strong>tambi\u00e9n la resiliencia a trav\u00e9s del Aikido. Ando incluye<\/strong> y, por tanto, no distingue entre distintos grupos o escuelas. En el pasado, tambi\u00e9n hemos ense\u00f1ado a alumnos con discapacidad visual, lo que obviamente requiere un enfoque \u00fanico y distinto.<\/p><p><strong>Es importante saberlo:<\/strong><br \/>El Aikido no es un arte marcial y no tiene competencia. Esta es una de las caracter\u00edsticas clave que hacen que el Aikido requiera m\u00e1s compromiso intr\u00ednseco de tu parte. <strong>No hace falta ser atl\u00e9tico ni fuerte<\/strong>; De hecho, este arte marcial fue desarrollado por su fundador, que s\u00f3lo med\u00eda 1,50 m. <strong>El aikido es un deporte que se practica de por vida.<\/strong> Por ejemplo, nuestro gran maestro Yoshimitsu Yamada, que ten\u00eda 84 a\u00f1os, segu\u00eda en el tatami.<\/p>\t\t\t\t\t\t\t\t<\/div>\n\t\t\t\t<\/div>\n\t\t\t\t\t<\/div>\n\t\t\t\t<\/div>\n\t\t<div class=\"elementor-element elementor-element-6b0b97b e-flex e-con-boxed e-con e-parent\" data-id=\"6b0b97b\" data-element_type=\"container\" data-e-type=\"container\" data-settings=\"{&quot;background_background&quot;:&quot;classic&quot;}\">\n\t\t\t\t\t<div class=\"e-con-inner\">\n\t\t<div class=\"elementor-element elementor-element-9183106 e-con-full e-flex e-con e-child\" data-id=\"9183106\" data-element_type=\"container\" data-e-type=\"container\" data-settings=\"{&quot;background_background&quot;:&quot;classic&quot;}\">\n\t\t\t\t<div class=\"elementor-element elementor-element-1fd28d9 elementor-widget elementor-widget-text-editor\" data-id=\"1fd28d9\" data-element_type=\"widget\" data-e-type=\"widget\" data-widget_type=\"text-editor.default\">\n\t\t\t\t<div class=\"elementor-widget-container\">\n\t\t\t\t\t\t\t\t\t<p>Sensei Anne ense\u00f1\u00f3 Aikido Escolar en Fransiscusschool en Zaltbommel.<\/p>\t\t\t\t\t\t\t\t<\/div>\n\t\t\t\t<\/div>\n\t\t\t\t<\/div>\n\t\t<div class=\"elementor-element elementor-element-86402f5 e-con-full e-flex e-con e-child\" data-id=\"86402f5\" data-element_type=\"container\" data-e-type=\"container\" data-settings=\"{&quot;background_background&quot;:&quot;classic&quot;}\">\n\t\t\t\t<div class=\"elementor-element elementor-element-34ce0e0 elementor-widget elementor-widget-text-editor\" data-id=\"34ce0e0\" data-element_type=\"widget\" data-e-type=\"widget\" data-widget_type=\"text-editor.default\">\n\t\t\t\t<div class=\"elementor-widget-container\">\n\t\t\t\t\t\t\t\t\t<p>Sensei Edo imparte formaci\u00f3n de Urban-Aikido, en la que los ni\u00f1os practican Aikido al aire libre de forma l\u00fadica.<\/p>\t\t\t\t\t\t\t\t<\/div>\n\t\t\t\t<\/div>\n\t\t\t\t<\/div>\n\t\t\t\t\t<\/div>\n\t\t\t\t<\/div>\n\t\t<div class=\"elementor-element elementor-element-2b9e86e e-flex e-con-boxed e-con e-parent\" data-id=\"2b9e86e\" data-element_type=\"container\" data-e-type=\"container\">\n\t\t\t\t\t<div class=\"e-con-inner\">\n\t\t\t\t<div class=\"elementor-element elementor-element-98a4056 elementor-widget elementor-widget-text-editor\" data-id=\"98a4056\" data-element_type=\"widget\" data-e-type=\"widget\" data-widget_type=\"text-editor.default\">\n\t\t\t\t<div class=\"elementor-widget-container\">\n\t\t\t\t\t\t\t\t\t<h3>Qu\u00e9 esperar en la escuela de Aikido<\/h3><p><strong>Cada escuela y cada situaci\u00f3n son \u00fanicas<\/strong>, Por eso queremos estar en <strong>acuerdo con la escuela<\/strong> para lograr los mejores resultados posibles. Por ejemplo, podemos organizar (varias) clases tem\u00e1ticas o una visita \u00fanica para varios grupos. Puede estar seguro de que mantendremos el <strong>Gimnasio convertido en un aut\u00e9ntico dojo de Aikido<\/strong>. Nuestras visitas de Aikido a las escuelas tienen lugar principalmente i<strong>n los alrededores de nuestros dojos de Ando<\/strong>.<\/p><p>Con esta formaci\u00f3n se acuerda por adelantado una contribuci\u00f3n que beneficia a la Fundaci\u00f3n.<\/p><p>\u00bfCrees que el Aikido es una actividad saludable para tu escuela? \u00a1Ponte en contacto con nosotros!<\/p>\t\t\t\t\t\t\t\t<\/div>\n\t\t\t\t<\/div>\n\t\t\t\t\t<\/div>\n\t\t\t\t<\/div>\n\t\t<div class=\"elementor-element elementor-element-78ac28a e-flex e-con-boxed e-con e-parent\" data-id=\"78ac28a\" data-element_type=\"container\" data-e-type=\"container\" data-settings=\"{&quot;background_background&quot;:&quot;classic&quot;}\">\n\t\t\t\t\t<div class=\"e-con-inner\">\n\t\t\t\t<div class=\"elementor-element elementor-element-8b8b967 elementor-testimonial--skin-default elementor-testimonial--layout-image_inline elementor-testimonial--align-center elementor-arrows-yes elementor-pagination-type-bullets elementor-widget elementor-widget-testimonial-carousel\" data-id=\"8b8b967\" data-element_type=\"widget\" data-e-type=\"widget\" data-settings=\"{&quot;show_arrows&quot;:&quot;yes&quot;,&quot;pagination&quot;:&quot;bullets&quot;,&quot;speed&quot;:500,&quot;autoplay&quot;:&quot;yes&quot;,&quot;autoplay_speed&quot;:5000,&quot;loop&quot;:&quot;yes&quot;,&quot;pause_on_hover&quot;:&quot;yes&quot;,&quot;pause_on_interaction&quot;:&quot;yes&quot;,&quot;space_between&quot;:{&quot;unit&quot;:&quot;px&quot;,&quot;size&quot;:10,&quot;sizes&quot;:[]},&quot;space_between_tablet&quot;:{&quot;unit&quot;:&quot;px&quot;,&quot;size&quot;:10,&quot;sizes&quot;:[]},&quot;space_between_mobile&quot;:{&quot;unit&quot;:&quot;px&quot;,&quot;size&quot;:10,&quot;sizes&quot;:[]}}\" data-widget_type=\"testimonial-carousel.default\">\n\t\t\t\t<div class=\"elementor-widget-container\">\n\t\t\t\t\t\t\t\t\t<div class=\"elementor-swiper\">\n\t\t\t\t\t<div class=\"elementor-main-swiper swiper\" role=\"region\" aria-roledescription=\"carousel\" aria-label=\"Diapositivas\">\n\t\t\t\t<div class=\"swiper-wrapper\">\n\t\t\t\t\t\t\t\t\t\t\t<div class=\"swiper-slide\" role=\"group\" aria-roledescription=\"slide\">\n\t\t\t\t\t\t\t\t\t<div class=\"elementor-testimonial\">\n\t\t\t\t\t\t\t<div class=\"elementor-testimonial__content\">\n\t\t\t\t\t<div class=\"elementor-testimonial__text\">\n\t\t\t\t\t\tAndo organiz\u00f3 una lecci\u00f3n l\u00fadica durante los Juegos del Rey para la escuela Franciscus de Zaltbommel. La hermana de Edo imparti\u00f3 esta lecci\u00f3n y conect\u00f3 enormemente con los diferentes grupos, ella tiene mucha experiencia y supo hacer que los alumnos se implicaran. La comunicaci\u00f3n con Edo fue fluida y le gusta pensar a lo largo, definitivamente vale la pena repetir. Gracias en nombre del consejo de padres del colegio Franciscus de Zaltbommel.\t\t\t\t\t<\/div>\n\t\t\t\t\t\t\t\t\t<\/div>\n\t\t\t\t\t\t<div class=\"elementor-testimonial__footer\">\n\t\t\t\t\t\t\t\t\t<div class=\"elementor-testimonial__image\">\n\t\t\t\t\t\t<img decoding=\"async\" src=\"https:\/\/aikido-ando.nl\/wp-content\/uploads\/Aikido_Ando_FranciscusschoolBasisonderwijs.webp\" alt=\"Escuela San Francisco\">\n\t\t\t\t\t\t\t\t\t\t\t<\/div>\n\t\t\t\t\t\t\t\t<cite class=\"elementor-testimonial__cite\"><span class=\"elementor-testimonial__name\">Escuela San Francisco<\/span><span class=\"elementor-testimonial__title\">Zaltbommel<\/span><\/cite>\t\t\t<\/div>\n\t\t<\/div>\n\t\t\t\t\t\t\t\t<\/div>\n\t\t\t\t\t\t\t\t\t\t\t<div class=\"swiper-slide\" role=\"group\" aria-roledescription=\"slide\">\n\t\t\t\t\t\t\t\t\t<div class=\"elementor-testimonial\">\n\t\t\t\t\t\t\t<div class=\"elementor-testimonial__content\">\n\t\t\t\t\t<div class=\"elementor-testimonial__text\">\n\t\t\t\t\t\tEdo ha impartido varias clases en el Cambium College. Estamos muy satisfechos con la forma en que se impartieron estas lecciones. La lecci\u00f3n se explic\u00f3 de forma clara y la instrucci\u00f3n fue breve para que los alumnos pudieran empezar r\u00e1pidamente. El formador ten\u00eda conocimientos y experiencia, y se adapt\u00f3 bien al grupo destinatario. La comunicaci\u00f3n con Edo fue agradable, todo estaba claro y bien organizado. Desde Cambium College, creemos que sin duda merece la pena repetir.\t\t\t\t\t<\/div>\n\t\t\t\t\t\t\t\t\t<\/div>\n\t\t\t\t\t\t<div class=\"elementor-testimonial__footer\">\n\t\t\t\t\t\t\t\t\t<div class=\"elementor-testimonial__image\">\n\t\t\t\t\t\t<img decoding=\"async\" src=\"https:\/\/aikido-ando.nl\/wp-content\/uploads\/AndoAikido_CambiumCollege.webp\" alt=\"Colegio Cambium\">\n\t\t\t\t\t\t\t\t\t\t\t<\/div>\n\t\t\t\t\t\t\t\t<cite class=\"elementor-testimonial__cite\"><span class=\"elementor-testimonial__name\">Colegio Cambium<\/span><span class=\"elementor-testimonial__title\">Zaltbommel<\/span><\/cite>\t\t\t<\/div>\n\t\t<\/div>\n\t\t\t\t\t\t\t\t<\/div>\n\t\t\t\t\t\t\t\t\t\t\t<div class=\"swiper-slide\" role=\"group\" aria-roledescription=\"slide\">\n\t\t\t\t\t\t\t\t\t<div class=\"elementor-testimonial\">\n\t\t\t\t\t\t\t<div class=\"elementor-testimonial__content\">\n\t\t\t\t\t<div class=\"elementor-testimonial__text\">\n\t\t\t\t\t\tVarias veces hemos tenido a Aikido ando dar un clinic en eventos grandes y no tan grandes en nuestras instalaciones.\nDurante la cl\u00ednica, se ve que hay un entrenador experimentado y h\u00e1bil que es capaz de transmitir los valores del deporte de una manera clara \/ l\u00fadica.\nPor grupo, siempre se mira lo que es apropiado y lo que encaja bien. Adem\u00e1s, la comunicaci\u00f3n es siempre muy agradable y clara.\t\t\t\t\t<\/div>\n\t\t\t\t\t\t\t\t\t<\/div>\n\t\t\t\t\t\t<div class=\"elementor-testimonial__footer\">\n\t\t\t\t\t\t\t\t\t<div class=\"elementor-testimonial__image\">\n\t\t\t\t\t\t<img decoding=\"async\" src=\"https:\/\/aikido-ando.nl\/wp-content\/uploads\/Spel_Zaltbommel.webp\" alt=\"Nick\">\n\t\t\t\t\t\t\t\t\t\t\t<\/div>\n\t\t\t\t\t\t\t\t<cite class=\"elementor-testimonial__cite\"><span class=\"elementor-testimonial__name\">Nick<\/span><span class=\"elementor-testimonial__title\">Entrenador deportivo de barrio<\/span><\/cite>\t\t\t<\/div>\n\t\t<\/div>\n\t\t\t\t\t\t\t\t<\/div>\n\t\t\t\t\t\t\t\t\t<\/div>\n\t\t\t\t\t\t\t\t\t\t\t\t\t\t\t<div class=\"elementor-swiper-button elementor-swiper-button-prev\" role=\"button\" tabindex=\"0\" aria-label=\"Previous\" data-no-translation-aria-label=\"\">\n\t\t\t\t\t\t\t<svg aria-hidden=\"true\" class=\"e-font-icon-svg e-eicon-chevron-left\" viewbox=\"0 0 1000 1000\" xmlns=\"http:\/\/www.w3.org\/2000\/svg\"><path d=\"M646 125C629 125 613 133 604 142L308 442C296 454 292 471 292 487 292 504 296 521 308 533L604 854C617 867 629 875 646 875 663 875 679 871 692 858 704 846 713 829 713 812 713 796 708 779 692 767L438 487 692 225C700 217 708 204 708 187 708 171 704 154 692 142 675 129 663 125 646 125Z\"><\/path><\/svg>\t\t\t\t\t\t<\/div>\n\t\t\t\t\t\t<div class=\"elementor-swiper-button elementor-swiper-button-next\" role=\"button\" tabindex=\"0\" aria-label=\"Next\" data-no-translation-aria-label=\"\">\n\t\t\t\t\t\t\t<svg aria-hidden=\"true\" class=\"e-font-icon-svg e-eicon-chevron-right\" viewbox=\"0 0 1000 1000\" xmlns=\"http:\/\/www.w3.org\/2000\/svg\"><path d=\"M696 533C708 521 713 504 713 487 713 471 708 454 696 446L400 146C388 133 375 125 354 125 338 125 325 129 313 142 300 154 292 171 292 187 292 204 296 221 308 233L563 492 304 771C292 783 288 800 288 817 288 833 296 850 308 863 321 871 338 875 354 875 371 875 388 867 400 854L696 533Z\"><\/path><\/svg>\t\t\t\t\t\t<\/div>\n\t\t\t\t\t\t\t\t\t\t\t\t\t\t\t\t<div class=\"swiper-pagination\"><\/div>\n\t\t\t\t\t\t\t\t\t\t\t\t<\/div>\n\t\t\t\t<\/div>\n\t\t\t\t\t\t\t\t<\/div>\n\t\t\t\t<\/div>\n\t\t\t\t\t<\/div>\n\t\t\t\t<\/div>\n\t\t\t\t<\/div>","protected":false},"excerpt":{"rendered":"<p>Aikido lessen in het onderwijs School Aikido wordt verzorgd door Ando. Wij bieden Aikido-lessen aan op verschillende niveaus, zowel voor het basisonderwijs als het voortgezet onderwijs. Onze trainers stemmen het lespakket van tevoren af op de behoeften die de school wil invullen met schoolaikido. Voor wie is school-Aikido Denk aan kinderen op de basisschool van [&hellip;]<\/p>\n","protected":false},"author":1,"featured_media":1677,"parent":0,"menu_order":0,"comment_status":"closed","ping_status":"closed","template":"elementor_header_footer","meta":{"footnotes":""},"class_list":["post-645","page","type-page","status-publish","has-post-thumbnail","hentry"],"yoast_head":"<!-- This site is optimized with the Yoast SEO Premium plugin v27.3 (Yoast SEO v27.3) - https:\/\/yoast.com\/product\/yoast-seo-premium-wordpress\/ -->\n<title>School-Aikido - Aikido ANDO<\/title>\n<meta name=\"description\" content=\"Ando biedt inclusieve Aikido-lessen voor scholen. Van basisschoolkinderen tot jongeren op de middelbare school, ontdek hoe Aikido de weerbaarheid en het zelfvertrouwen bevordert.\" \/>\n<meta name=\"robots\" content=\"index, follow, max-snippet:-1, max-image-preview:large, max-video-preview:-1\" \/>\n<link rel=\"canonical\" href=\"https:\/\/aikido-ando.nl\/es\/escuela-de-aikido\/\" \/>\n<meta property=\"og:locale\" content=\"es_ES\" \/>\n<meta property=\"og:type\" content=\"article\" \/>\n<meta property=\"og:title\" content=\"School-Aikido\" \/>\n<meta property=\"og:description\" content=\"Ando biedt inclusieve Aikido-lessen voor scholen. Van basisschoolkinderen tot jongeren op de middelbare school, ontdek hoe Aikido de weerbaarheid en het zelfvertrouwen bevordert.\" \/>\n<meta property=\"og:url\" content=\"https:\/\/aikido-ando.nl\/es\/escuela-de-aikido\/\" \/>\n<meta property=\"og:site_name\" content=\"Aikido ANDO\" \/>\n<meta property=\"article:publisher\" content=\"https:\/\/www.facebook.com\/andoaikido\" \/>\n<meta property=\"article:modified_time\" content=\"2024-12-10T13:04:22+00:00\" \/>\n<meta property=\"og:image\" content=\"https:\/\/aikido-ando.nl\/wp-content\/uploads\/Weerbaarheid_Aikido_les_by_AnneSlui.webp\" \/>\n\t<meta property=\"og:image:width\" content=\"1920\" \/>\n\t<meta property=\"og:image:height\" content=\"600\" \/>\n\t<meta property=\"og:image:type\" content=\"image\/webp\" \/>\n<meta name=\"twitter:card\" content=\"summary_large_image\" \/>\n<meta name=\"twitter:label1\" content=\"Tiempo de lectura\" \/>\n\t<meta name=\"twitter:data1\" content=\"4 minutos\" \/>\n<script type=\"application\/ld+json\" class=\"yoast-schema-graph\">{\"@context\":\"https:\\\/\\\/schema.org\",\"@graph\":[{\"@type\":\"WebPage\",\"@id\":\"https:\\\/\\\/aikido-ando.nl\\\/school-aikido\\\/\",\"url\":\"https:\\\/\\\/aikido-ando.nl\\\/school-aikido\\\/\",\"name\":\"School-Aikido - Aikido ANDO\",\"isPartOf\":{\"@id\":\"https:\\\/\\\/aikido-ando.nl\\\/#website\"},\"primaryImageOfPage\":{\"@id\":\"https:\\\/\\\/aikido-ando.nl\\\/school-aikido\\\/#primaryimage\"},\"image\":{\"@id\":\"https:\\\/\\\/aikido-ando.nl\\\/school-aikido\\\/#primaryimage\"},\"thumbnailUrl\":\"https:\\\/\\\/aikido-ando.nl\\\/wp-content\\\/uploads\\\/Weerbaarheid_Aikido_les_by_AnneSlui.webp\",\"datePublished\":\"2024-10-13T12:53:18+00:00\",\"dateModified\":\"2024-12-10T13:04:22+00:00\",\"description\":\"Ando biedt inclusieve Aikido-lessen voor scholen. Van basisschoolkinderen tot jongeren op de middelbare school, ontdek hoe Aikido de weerbaarheid en het zelfvertrouwen bevordert.\",\"breadcrumb\":{\"@id\":\"https:\\\/\\\/aikido-ando.nl\\\/school-aikido\\\/#breadcrumb\"},\"inLanguage\":\"es\",\"potentialAction\":[{\"@type\":\"ReadAction\",\"target\":[\"https:\\\/\\\/aikido-ando.nl\\\/school-aikido\\\/\"]}]},{\"@type\":\"ImageObject\",\"inLanguage\":\"es\",\"@id\":\"https:\\\/\\\/aikido-ando.nl\\\/school-aikido\\\/#primaryimage\",\"url\":\"https:\\\/\\\/aikido-ando.nl\\\/wp-content\\\/uploads\\\/Weerbaarheid_Aikido_les_by_AnneSlui.webp\",\"contentUrl\":\"https:\\\/\\\/aikido-ando.nl\\\/wp-content\\\/uploads\\\/Weerbaarheid_Aikido_les_by_AnneSlui.webp\",\"width\":1920,\"height\":600,\"caption\":\"sensei Anne gooit een Uke in Meerhoven op de mat in de dojo. Tijdens de volwassen Aikidoles waarbij jong en oud, hoog en laag gegradueerd traint.\"},{\"@type\":\"BreadcrumbList\",\"@id\":\"https:\\\/\\\/aikido-ando.nl\\\/school-aikido\\\/#breadcrumb\",\"itemListElement\":[{\"@type\":\"ListItem\",\"position\":1,\"name\":\"Home\",\"item\":\"https:\\\/\\\/aikido-ando.nl\\\/\"},{\"@type\":\"ListItem\",\"position\":2,\"name\":\"School-Aikido\"}]},{\"@type\":\"WebSite\",\"@id\":\"https:\\\/\\\/aikido-ando.nl\\\/#website\",\"url\":\"https:\\\/\\\/aikido-ando.nl\\\/\",\"name\":\"Aikido Ando\",\"description\":\"\",\"publisher\":{\"@id\":\"https:\\\/\\\/aikido-ando.nl\\\/#organization\"},\"potentialAction\":[{\"@type\":\"SearchAction\",\"target\":{\"@type\":\"EntryPoint\",\"urlTemplate\":\"https:\\\/\\\/aikido-ando.nl\\\/?s={search_term_string}\"},\"query-input\":{\"@type\":\"PropertyValueSpecification\",\"valueRequired\":true,\"valueName\":\"search_term_string\"}}],\"inLanguage\":\"es\"},{\"@type\":\"Organization\",\"@id\":\"https:\\\/\\\/aikido-ando.nl\\\/#organization\",\"name\":\"Aikido Ando\",\"url\":\"https:\\\/\\\/aikido-ando.nl\\\/\",\"logo\":{\"@type\":\"ImageObject\",\"inLanguage\":\"es\",\"@id\":\"https:\\\/\\\/aikido-ando.nl\\\/#\\\/schema\\\/logo\\\/image\\\/\",\"url\":\"https:\\\/\\\/aikido-ando.nl\\\/wp-content\\\/uploads\\\/Logo.webp\",\"contentUrl\":\"https:\\\/\\\/aikido-ando.nl\\\/wp-content\\\/uploads\\\/Logo.webp\",\"width\":500,\"height\":500,\"caption\":\"Aikido Ando\"},\"image\":{\"@id\":\"https:\\\/\\\/aikido-ando.nl\\\/#\\\/schema\\\/logo\\\/image\\\/\"},\"sameAs\":[\"https:\\\/\\\/www.facebook.com\\\/andoaikido\",\"https:\\\/\\\/www.instagram.com\\\/andoaikido\\\/\",\"https:\\\/\\\/www.tiktok.com\\\/404?fromUrl=\\\/andoaikido\",\"https:\\\/\\\/www.linkedin.com\\\/company\\\/andoaikido?originalSubdomain=nl\"]}]}<\/script>\n<!-- \/ Yoast SEO Premium plugin. -->","yoast_head_json":{"title":"Escuela-Aikido - Aikido ANDO","description":"Ando ofrece clases de Aikido inclusivas para escuelas. Desde ni\u00f1os de primaria hasta j\u00f3venes de secundaria, descubra c\u00f3mo el Aikido fomenta la resiliencia y la confianza en uno mismo.","robots":{"index":"index","follow":"follow","max-snippet":"max-snippet:-1","max-image-preview":"max-image-preview:large","max-video-preview":"max-video-preview:-1"},"canonical":"https:\/\/aikido-ando.nl\/es\/escuela-de-aikido\/","og_locale":"es_ES","og_type":"article","og_title":"School-Aikido","og_description":"Ando biedt inclusieve Aikido-lessen voor scholen. Van basisschoolkinderen tot jongeren op de middelbare school, ontdek hoe Aikido de weerbaarheid en het zelfvertrouwen bevordert.","og_url":"https:\/\/aikido-ando.nl\/es\/escuela-de-aikido\/","og_site_name":"Aikido ANDO","article_publisher":"https:\/\/www.facebook.com\/andoaikido","article_modified_time":"2024-12-10T13:04:22+00:00","og_image":[{"width":1920,"height":600,"url":"https:\/\/aikido-ando.nl\/wp-content\/uploads\/Weerbaarheid_Aikido_les_by_AnneSlui.webp","type":"image\/webp"}],"twitter_card":"summary_large_image","twitter_misc":{"Tiempo de lectura":"4 minutos"},"schema":{"@context":"https:\/\/schema.org","@graph":[{"@type":"WebPage","@id":"https:\/\/aikido-ando.nl\/school-aikido\/","url":"https:\/\/aikido-ando.nl\/school-aikido\/","name":"Escuela-Aikido - Aikido ANDO","isPartOf":{"@id":"https:\/\/aikido-ando.nl\/#website"},"primaryImageOfPage":{"@id":"https:\/\/aikido-ando.nl\/school-aikido\/#primaryimage"},"image":{"@id":"https:\/\/aikido-ando.nl\/school-aikido\/#primaryimage"},"thumbnailUrl":"https:\/\/aikido-ando.nl\/wp-content\/uploads\/Weerbaarheid_Aikido_les_by_AnneSlui.webp","datePublished":"2024-10-13T12:53:18+00:00","dateModified":"2024-12-10T13:04:22+00:00","description":"Ando ofrece clases de Aikido inclusivas para escuelas. Desde ni\u00f1os de primaria hasta j\u00f3venes de secundaria, descubra c\u00f3mo el Aikido fomenta la resiliencia y la confianza en uno mismo.","breadcrumb":{"@id":"https:\/\/aikido-ando.nl\/school-aikido\/#breadcrumb"},"inLanguage":"es","potentialAction":[{"@type":"ReadAction","target":["https:\/\/aikido-ando.nl\/school-aikido\/"]}]},{"@type":"ImageObject","inLanguage":"es","@id":"https:\/\/aikido-ando.nl\/school-aikido\/#primaryimage","url":"https:\/\/aikido-ando.nl\/wp-content\/uploads\/Weerbaarheid_Aikido_les_by_AnneSlui.webp","contentUrl":"https:\/\/aikido-ando.nl\/wp-content\/uploads\/Weerbaarheid_Aikido_les_by_AnneSlui.webp","width":1920,"height":600,"caption":"sensei Anne gooit een Uke in Meerhoven op de mat in de dojo. Tijdens de volwassen Aikidoles waarbij jong en oud, hoog en laag gegradueerd traint."},{"@type":"BreadcrumbList","@id":"https:\/\/aikido-ando.nl\/school-aikido\/#breadcrumb","itemListElement":[{"@type":"ListItem","position":1,"name":"Home","item":"https:\/\/aikido-ando.nl\/"},{"@type":"ListItem","position":2,"name":"School-Aikido"}]},{"@type":"WebSite","@id":"https:\/\/aikido-ando.nl\/#website","url":"https:\/\/aikido-ando.nl\/","name":"Aikido Ando","description":"","publisher":{"@id":"https:\/\/aikido-ando.nl\/#organization"},"potentialAction":[{"@type":"SearchAction","target":{"@type":"EntryPoint","urlTemplate":"https:\/\/aikido-ando.nl\/?s={search_term_string}"},"query-input":{"@type":"PropertyValueSpecification","valueRequired":true,"valueName":"search_term_string"}}],"inLanguage":"es"},{"@type":"Organization","@id":"https:\/\/aikido-ando.nl\/#organization","name":"Aikido Ando","url":"https:\/\/aikido-ando.nl\/","logo":{"@type":"ImageObject","inLanguage":"es","@id":"https:\/\/aikido-ando.nl\/#\/schema\/logo\/image\/","url":"https:\/\/aikido-ando.nl\/wp-content\/uploads\/Logo.webp","contentUrl":"https:\/\/aikido-ando.nl\/wp-content\/uploads\/Logo.webp","width":500,"height":500,"caption":"Aikido Ando"},"image":{"@id":"https:\/\/aikido-ando.nl\/#\/schema\/logo\/image\/"},"sameAs":["https:\/\/www.facebook.com\/andoaikido","https:\/\/www.instagram.com\/andoaikido\/","https:\/\/www.tiktok.com\/404?fromUrl=\/andoaikido","https:\/\/www.linkedin.com\/company\/andoaikido?originalSubdomain=nl"]}]}},"_links":{"self":[{"href":"https:\/\/aikido-ando.nl\/es\/wp-json\/wp\/v2\/pages\/645","targetHints":{"allow":["GET"]}}],"collection":[{"href":"https:\/\/aikido-ando.nl\/es\/wp-json\/wp\/v2\/pages"}],"about":[{"href":"https:\/\/aikido-ando.nl\/es\/wp-json\/wp\/v2\/types\/page"}],"author":[{"embeddable":true,"href":"https:\/\/aikido-ando.nl\/es\/wp-json\/wp\/v2\/users\/1"}],"replies":[{"embeddable":true,"href":"https:\/\/aikido-ando.nl\/es\/wp-json\/wp\/v2\/comments?post=645"}],"version-history":[{"count":0,"href":"https:\/\/aikido-ando.nl\/es\/wp-json\/wp\/v2\/pages\/645\/revisions"}],"wp:featuredmedia":[{"embeddable":true,"href":"https:\/\/aikido-ando.nl\/es\/wp-json\/wp\/v2\/media\/1677"}],"wp:attachment":[{"href":"https:\/\/aikido-ando.nl\/es\/wp-json\/wp\/v2\/media?parent=645"}],"curies":[{"name":"wp","href":"https:\/\/api.w.org\/{rel}","templated":true}]}}