{"id":650,"date":"2024-10-13T15:05:09","date_gmt":"2024-10-13T13:05:09","guid":{"rendered":"https:\/\/aikido-ando.nl\/?page_id=650"},"modified":"2024-12-10T14:06:09","modified_gmt":"2024-12-10T13:06:09","slug":"kanji-japones","status":"publish","type":"page","link":"https:\/\/aikido-ando.nl\/es\/japanese-kanji\/","title":{"rendered":"Kanji japon\u00e9s"},"content":{"rendered":"<div data-elementor-type=\"wp-page\" data-elementor-id=\"650\" class=\"elementor elementor-650\" data-elementor-post-type=\"page\">\n\t\t\t\t<div class=\"elementor-element elementor-element-e16da8d e-flex e-con-boxed e-con e-parent\" data-id=\"e16da8d\" data-element_type=\"container\" data-e-type=\"container\">\n\t\t\t\t\t<div class=\"e-con-inner\">\n\t\t\t\t<div class=\"elementor-element elementor-element-32427be elementor-widget elementor-widget-text-editor\" data-id=\"32427be\" data-element_type=\"widget\" data-e-type=\"widget\" data-widget_type=\"text-editor.default\">\n\t\t\t\t<div class=\"elementor-widget-container\">\n\t\t\t\t\t\t\t\t\t<h2>TU NOMBRE EN JAPON\u00c9S<\/h2><p><strong>El aikido es japon\u00e9s. Y tiene una hermosa y rica cultura. Por ejemplo, tienen diferentes escrituras incluyendo katakana. Estos Kanji como ellos los llaman, se encuentran frecuentemente en el Aikido. \u00bfQuieres saber c\u00f3mo se escribe tu nombre? Entonces sigue leyendo o genera tu nombre en japon\u00e9s con nosotros.<\/strong><\/p>\t\t\t\t\t\t\t\t<\/div>\n\t\t\t\t<\/div>\n\t\t\t\t<div class=\"elementor-element elementor-element-693edd2 elementor-widget elementor-widget-text-editor\" data-id=\"693edd2\" data-element_type=\"widget\" data-e-type=\"widget\" data-widget_type=\"text-editor.default\">\n\t\t\t\t<div class=\"elementor-widget-container\">\n\t\t\t\t\t\t\t\t\t<p>El katakana se utiliza para describir palabras de <strong>origen no japon\u00e9s<\/strong> mostrar. Puede tratarse de palabras prestadas, como caf\u00e9 o cerveza. La forma de utilizar el katakana es por sonido, o imitaci\u00f3n de sonido. <strong>As\u00ed que esto es fon\u00e9tica<\/strong>. Por ejemplo, se escribe baker pero se pronuncia bah-ker (tambi\u00e9n se puede encontrar en un diccionario). De este modo, todo puede escribirse en japon\u00e9s.\u00a0<\/p><p>Aprender este Kanji japon\u00e9s es una actividad divertida, porque al fin y al cabo parece furtivo <strong>una especie de escritura secreta<\/strong>!? Esta escritura tambi\u00e9n te ayuda en el tatami. Por eso, a menudo se ve a aikidokas que llevan tiempo entrenando que llevan su nombre bordado en la hakama o en la manga del traje. Esto no s\u00f3lo es \u00fatil para encontrar tu propio traje, en una etapa de entrenamiento cuando est\u00e1 tendido para secarse, sino tambi\u00e9n para un sensei. De este modo, podr\u00e1 llamarte por tu nombre m\u00e1s f\u00e1cilmente. <strong>Si sigues leyendo un poco m\u00e1s, pronto ser\u00e1 posible<\/strong>!<\/p><p>\u00bfTe preguntas c\u00f3mo escribir tu nombre? Utiliza el generador de nombres que encontrar\u00e1s a continuaci\u00f3n.<\/p>\t\t\t\t\t\t\t\t<\/div>\n\t\t\t\t<\/div>\n\t\t\t\t\t<\/div>\n\t\t\t\t<\/div>\n\t\t<div class=\"elementor-element elementor-element-4079593 e-flex e-con-boxed e-con e-parent\" data-id=\"4079593\" data-element_type=\"container\" data-e-type=\"container\" data-settings=\"{&quot;background_background&quot;:&quot;classic&quot;}\">\n\t\t\t\t\t<div class=\"e-con-inner\">\n\t\t<div class=\"elementor-element elementor-element-ef9ff0b e-con-full e-flex e-con e-child\" data-id=\"ef9ff0b\" data-element_type=\"container\" data-e-type=\"container\">\n\t\t\t\t<div class=\"elementor-element elementor-element-e8552b8 elementor-widget elementor-widget-text-editor\" data-id=\"e8552b8\" data-element_type=\"widget\" data-e-type=\"widget\" data-widget_type=\"text-editor.default\">\n\t\t\t\t<div class=\"elementor-widget-container\">\n\t\t\t\t\t\t\t\t\t<p>KATAKANA<\/p><h3>KANJI DESENTRA\u00d1ADO<\/h3><p><strong>\u00bfQuieres empezar a aprender katakana? Entonces empieza con este p\u00f3ster de Kanji de bonito dise\u00f1o.<\/strong><\/p>\t\t\t\t\t\t\t\t<\/div>\n\t\t\t\t<\/div>\n\t\t\t\t<div class=\"elementor-element elementor-element-dc98ee4 elementor-widget elementor-widget-text-editor\" data-id=\"dc98ee4\" data-element_type=\"widget\" data-e-type=\"widget\" data-widget_type=\"text-editor.default\">\n\t\t\t\t<div class=\"elementor-widget-container\">\n\t\t\t\t\t\t\t\t\t<p>Este p\u00f3ster muestra todas las combinaciones sonoras conocidas del katakana. Tambi\u00e9n enumera los 50 nombres m\u00e1s comunes para que practiques con estos caracteres.<\/p><p>Tambi\u00e9n puede descargar el cuaderno de ejercicios correspondiente desde esta p\u00e1gina, despl\u00e1cese un poco m\u00e1s abajo para hacerlo.<\/p>\t\t\t\t\t\t\t\t<\/div>\n\t\t\t\t<\/div>\n\t\t\t\t<\/div>\n\t\t<div class=\"elementor-element elementor-element-8dd9d00 e-con-full e-flex e-con e-child\" data-id=\"8dd9d00\" data-element_type=\"container\" data-e-type=\"container\">\n\t\t\t\t<div class=\"elementor-element elementor-element-558f8fd elementor-widget elementor-widget-image\" data-id=\"558f8fd\" data-element_type=\"widget\" data-e-type=\"widget\" data-widget_type=\"image.default\">\n\t\t\t\t<div class=\"elementor-widget-container\">\n\t\t\t\t\t\t\t\t\t\t\t\t\t\t\t<img fetchpriority=\"high\" decoding=\"async\" width=\"1500\" height=\"1500\" src=\"https:\/\/aikido-ando.nl\/wp-content\/uploads\/AikidoKanjiPoster.webp\" class=\"attachment-large size-large wp-image-1484\" alt=\"Bonito p\u00f3ster en kanji japon\u00e9s disponible en la tienda de aikido\" srcset=\"https:\/\/aikido-ando.nl\/wp-content\/uploads\/AikidoKanjiPoster.webp 1500w, https:\/\/aikido-ando.nl\/wp-content\/uploads\/AikidoKanjiPoster-768x768.webp 768w\" sizes=\"(max-width: 1500px) 100vw, 1500px\" \/>\t\t\t\t\t\t\t\t\t\t\t\t\t\t\t<\/div>\n\t\t\t\t<\/div>\n\t\t\t\t<\/div>\n\t\t\t\t\t<\/div>\n\t\t\t\t<\/div>\n\t\t<div class=\"elementor-element elementor-element-906e0ab e-con-full e-flex e-con e-parent\" data-id=\"906e0ab\" data-element_type=\"container\" data-e-type=\"container\">\n\t\t<div class=\"elementor-element elementor-element-6661f17 e-con-full e-flex e-con e-child\" data-id=\"6661f17\" data-element_type=\"container\" data-e-type=\"container\" data-settings=\"{&quot;background_background&quot;:&quot;classic&quot;}\">\n\t\t<div class=\"elementor-element elementor-element-b46128a e-con-full e-flex e-con e-child\" data-id=\"b46128a\" data-element_type=\"container\" data-e-type=\"container\">\n\t\t\t\t<div class=\"elementor-element elementor-element-e0be7e6 elementor-widget elementor-widget-heading\" data-id=\"e0be7e6\" data-element_type=\"widget\" data-e-type=\"widget\" data-widget_type=\"heading.default\">\n\t\t\t\t<div class=\"elementor-widget-container\">\n\t\t\t\t\t<span class=\"elementor-heading-title elementor-size-default\">\u00bfQu\u00e9 nombre desea traducir?<\/span>\t\t\t\t<\/div>\n\t\t\t\t<\/div>\n\t\t\t\t<div class=\"elementor-element elementor-element-8863669 elementor-widget__width-initial elementor-widget elementor-widget-html\" data-id=\"8863669\" data-element_type=\"widget\" data-e-type=\"widget\" data-widget_type=\"html.default\">\n\t\t\t\t<div class=\"elementor-widget-container\">\n\t\t\t\t\t<input type=\"text\" id=\"name\" name=\"name\" placeholder=\"Nombre\" style=\"margin-bottom: 0px;border-radius: 20px; text-align:center;border-width: 0px;\" >\r\n<script>\r\ndocument.addEventListener(\"DOMContentLoaded\", function(event) {\r\n  jQuery('#generate-button a').click(function(){\r\n\tlet text1 = \"Ziet er zo uit '\";\r\n\tlet sentence = text1.concat(document.getElementById('name').value, \"' \ud83c\uddef\ud83c\uddf5<br><div style = \\\"font-size: 52px; font-weight: 800;\\\">\", wanakana.toKatakana(document.getElementById('name').value),\"<\/div>\");\r\n\r\n  document.getElementById('generated-name').innerHTML = sentence;\r\n  });\r\n});\r\n<\/script>\r\n<script src=\"https:\/\/unpkg.com\/wanakana@5.1.0\/wanakana.min.js\"><\/script>\t\t\t\t<\/div>\n\t\t\t\t<\/div>\n\t\t\t\t<div class=\"elementor-element elementor-element-b45ae30 elementor-align-center elementor-widget elementor-widget-button\" data-id=\"b45ae30\" data-element_type=\"widget\" data-e-type=\"widget\" id=\"generate-button\" data-widget_type=\"button.default\">\n\t\t\t\t<div class=\"elementor-widget-container\">\n\t\t\t\t\t\t\t\t\t<div class=\"elementor-button-wrapper\">\n\t\t\t\t\t<a class=\"elementor-button elementor-size-sm elementor-animation-grow\" role=\"button\">\n\t\t\t\t\t\t<span class=\"elementor-button-content-wrapper\">\n\t\t\t\t\t\t\t\t\t<span class=\"elementor-button-text\">Generar \u270d<\/span>\n\t\t\t\t\t<\/span>\n\t\t\t\t\t<\/a>\n\t\t\t\t<\/div>\n\t\t\t\t\t\t\t\t<\/div>\n\t\t\t\t<\/div>\n\t\t\t\t<\/div>\n\t\t\t\t<\/div>\n\t\t<div class=\"elementor-element elementor-element-bceb7ac e-con-full e-flex e-con e-child\" data-id=\"bceb7ac\" data-element_type=\"container\" data-e-type=\"container\">\n\t\t<div class=\"elementor-element elementor-element-1dc92e6 e-con-full e-flex e-con e-child\" data-id=\"1dc92e6\" data-element_type=\"container\" data-e-type=\"container\">\n\t\t\t\t<div class=\"elementor-element elementor-element-2f27f91 elementor-widget elementor-widget-heading\" data-id=\"2f27f91\" data-element_type=\"widget\" data-e-type=\"widget\" data-widget_type=\"heading.default\">\n\t\t\t\t<div class=\"elementor-widget-container\">\n\t\t\t\t\t<span class=\"elementor-heading-title elementor-size-default\">Su nombre en kanji japon\u00e9s<\/span>\t\t\t\t<\/div>\n\t\t\t\t<\/div>\n\t\t\t\t<div class=\"elementor-element elementor-element-4d8004f elementor-widget elementor-widget-text-editor\" data-id=\"4d8004f\" data-element_type=\"widget\" data-e-type=\"widget\" id=\"generated-name\" data-widget_type=\"text-editor.default\">\n\t\t\t\t<div class=\"elementor-widget-container\">\n\t\t\t\t\t\t\t\t\t Estar\u00e1 aqu\u00ed abajo \ud83d\udc47\t\t\t\t\t\t\t\t<\/div>\n\t\t\t\t<\/div>\n\t\t\t\t<\/div>\n\t\t\t\t<\/div>\n\t\t\t\t<\/div>\n\t\t<div class=\"elementor-element elementor-element-2bb45bd e-flex e-con-boxed e-con e-parent\" data-id=\"2bb45bd\" data-element_type=\"container\" data-e-type=\"container\" data-settings=\"{&quot;background_background&quot;:&quot;classic&quot;}\">\n\t\t\t\t\t<div class=\"e-con-inner\">\n\t\t<div class=\"elementor-element elementor-element-110145e e-con-full e-flex e-con e-child\" data-id=\"110145e\" data-element_type=\"container\" data-e-type=\"container\">\n\t\t\t\t<div class=\"elementor-element elementor-element-127601e elementor-widget elementor-widget-text-editor\" data-id=\"127601e\" data-element_type=\"widget\" data-e-type=\"widget\" data-widget_type=\"text-editor.default\">\n\t\t\t\t<div class=\"elementor-widget-container\">\n\t\t\t\t\t\t\t\t\t<h2>DESVELA EL SECRETO DEL AIKIDO: KANJI JAPON\u00c9S<\/h2>\t\t\t\t\t\t\t\t<\/div>\n\t\t\t\t<\/div>\n\t\t<div class=\"elementor-element elementor-element-c654ff3 e-con-full e-flex e-con e-child\" data-id=\"c654ff3\" data-element_type=\"container\" data-e-type=\"container\">\n\t\t<div class=\"elementor-element elementor-element-e5bb399 e-con-full e-flex e-con e-child\" data-id=\"e5bb399\" data-element_type=\"container\" data-e-type=\"container\" data-settings=\"{&quot;background_background&quot;:&quot;classic&quot;}\">\n\t\t\t\t<div class=\"elementor-element elementor-element-c2bdcec elementor-widget elementor-widget-button\" data-id=\"c2bdcec\" data-element_type=\"widget\" data-e-type=\"widget\" data-widget_type=\"button.default\">\n\t\t\t\t<div class=\"elementor-widget-container\">\n\t\t\t\t\t\t\t\t\t<div class=\"elementor-button-wrapper\">\n\t\t\t\t\t<a class=\"elementor-button elementor-button-link elementor-size-sm\" href=\"https:\/\/aikido-shop.nl\/pages\/aikido-original\">\n\t\t\t\t\t\t<span class=\"elementor-button-content-wrapper\">\n\t\t\t\t\t\t\t\t\t<span class=\"elementor-button-text\">Tienda de aikido<\/span>\n\t\t\t\t\t<\/span>\n\t\t\t\t\t<\/a>\n\t\t\t\t<\/div>\n\t\t\t\t\t\t\t\t<\/div>\n\t\t\t\t<\/div>\n\t\t\t\t<\/div>\n\t\t<div class=\"elementor-element elementor-element-92d40bc e-con-full e-flex e-con e-child\" data-id=\"92d40bc\" data-element_type=\"container\" data-e-type=\"container\" data-settings=\"{&quot;background_background&quot;:&quot;classic&quot;}\">\n\t\t\t\t<div class=\"elementor-element elementor-element-6826349 elementor-widget elementor-widget-button\" data-id=\"6826349\" data-element_type=\"widget\" data-e-type=\"widget\" data-widget_type=\"button.default\">\n\t\t\t\t<div class=\"elementor-widget-container\">\n\t\t\t\t\t\t\t\t\t<div class=\"elementor-button-wrapper\">\n\t\t\t\t\t<a class=\"elementor-button elementor-button-link elementor-size-sm\" href=\"https:\/\/aikido-ando.nl\/wp-content\/uploads\/AndoAikidoKanji.pdf\">\n\t\t\t\t\t\t<span class=\"elementor-button-content-wrapper\">\n\t\t\t\t\t\t\t\t\t<span class=\"elementor-button-text\">Imprimir cartel<\/span>\n\t\t\t\t\t<\/span>\n\t\t\t\t\t<\/a>\n\t\t\t\t<\/div>\n\t\t\t\t\t\t\t\t<\/div>\n\t\t\t\t<\/div>\n\t\t\t\t<\/div>\n\t\t<div class=\"elementor-element elementor-element-eaaafd6 e-con-full e-flex e-con e-child\" data-id=\"eaaafd6\" data-element_type=\"container\" data-e-type=\"container\" data-settings=\"{&quot;background_background&quot;:&quot;classic&quot;}\">\n\t\t\t\t<div class=\"elementor-element elementor-element-006a182 elementor-widget elementor-widget-button\" data-id=\"006a182\" data-element_type=\"widget\" data-e-type=\"widget\" data-widget_type=\"button.default\">\n\t\t\t\t<div class=\"elementor-widget-container\">\n\t\t\t\t\t\t\t\t\t<div class=\"elementor-button-wrapper\">\n\t\t\t\t\t<a class=\"elementor-button elementor-button-link elementor-size-sm\" href=\"https:\/\/aikido-ando.nl\/wp-content\/uploads\/JapaneseKataganaWerkboek_Download.pdf\">\n\t\t\t\t\t\t<span class=\"elementor-button-content-wrapper\">\n\t\t\t\t\t\t\t\t\t<span class=\"elementor-button-text\">Descargar el cuaderno de ejercicios<\/span>\n\t\t\t\t\t<\/span>\n\t\t\t\t\t<\/a>\n\t\t\t\t<\/div>\n\t\t\t\t\t\t\t\t<\/div>\n\t\t\t\t<\/div>\n\t\t\t\t<\/div>\n\t\t\t\t<\/div>\n\t\t\t\t<\/div>\n\t\t<div class=\"elementor-element elementor-element-adb2821 e-con-full e-flex e-con e-child\" data-id=\"adb2821\" data-element_type=\"container\" data-e-type=\"container\">\n\t\t\t\t<div class=\"elementor-element elementor-element-f15022d elementor-widget elementor-widget-text-editor\" data-id=\"f15022d\" data-element_type=\"widget\" data-e-type=\"widget\" data-widget_type=\"text-editor.default\">\n\t\t\t\t<div class=\"elementor-widget-container\">\n\t\t\t\t\t\t\t\t\t<p>Pida el p\u00f3ster A3 ahora en Aikido-Shop.co.uk o descargue el p\u00f3ster A4 totalmente gratis. La Universidad de Aikido tambi\u00e9n ofrece un libro de trabajo gratuito para hacer su camino de aprendizaje de Aikido a\u00fan m\u00e1s divertido.<\/p>\t\t\t\t\t\t\t\t<\/div>\n\t\t\t\t<\/div>\n\t\t\t\t<div class=\"elementor-element elementor-element-756b872 elementor-widget elementor-widget-button\" data-id=\"756b872\" data-element_type=\"widget\" data-e-type=\"widget\" data-widget_type=\"button.default\">\n\t\t\t\t<div class=\"elementor-widget-container\">\n\t\t\t\t\t\t\t\t\t<div class=\"elementor-button-wrapper\">\n\t\t\t\t\t<a class=\"elementor-button elementor-button-link elementor-size-sm\" href=\"mailto:ando-aikido@gmail.com\">\n\t\t\t\t\t\t<span class=\"elementor-button-content-wrapper\">\n\t\t\t\t\t\t\t\t\t<span class=\"elementor-button-text\">Compre 1 y ll\u00e9vese 1 gratis<\/span>\n\t\t\t\t\t<\/span>\n\t\t\t\t\t<\/a>\n\t\t\t\t<\/div>\n\t\t\t\t\t\t\t\t<\/div>\n\t\t\t\t<\/div>\n\t\t\t\t<\/div>\n\t\t\t\t\t<\/div>\n\t\t\t\t<\/div>\n\t\t\t\t<\/div>","protected":false},"excerpt":{"rendered":"<p>JOUW NAAM IN HET JAPANS\u200b Aikido is Japans. En heeft een mooie en rijke cultuur. Zo hebben ze verschillende schriften waaronder katakana. Deze Kanji zoals ze dat noemen, kom je in het Aikido regelmatig tegen. Wil jij weten hoe je je naam schrijft? Lees dan verder of genereer met ons je naam in het Japans! [&hellip;]<\/p>\n","protected":false},"author":1,"featured_media":1666,"parent":0,"menu_order":0,"comment_status":"closed","ping_status":"closed","template":"elementor_header_footer","meta":{"footnotes":""},"class_list":["post-650","page","type-page","status-publish","has-post-thumbnail","hentry"],"yoast_head":"<!-- This site is optimized with the Yoast SEO Premium plugin v27.3 (Yoast SEO v27.3) - https:\/\/yoast.com\/product\/yoast-seo-premium-wordpress\/ -->\n<title>Japanese Kanji - Aikido ANDO<\/title>\n<meta name=\"description\" content=\"Leer je naam schrijven in het Japanse Kanji en ontdek de fascinerende wereld van Aikido en zijn culturele schriften.\" \/>\n<meta name=\"robots\" content=\"index, follow, max-snippet:-1, max-image-preview:large, max-video-preview:-1\" \/>\n<link rel=\"canonical\" href=\"https:\/\/aikido-ando.nl\/es\/kanji-japones\/\" \/>\n<meta property=\"og:locale\" content=\"es_ES\" \/>\n<meta property=\"og:type\" content=\"article\" \/>\n<meta property=\"og:title\" content=\"Japanese Kanji\" \/>\n<meta property=\"og:description\" content=\"Leer je naam schrijven in het Japanse Kanji en ontdek de fascinerende wereld van Aikido en zijn culturele schriften.\" \/>\n<meta property=\"og:url\" content=\"https:\/\/aikido-ando.nl\/es\/kanji-japones\/\" \/>\n<meta property=\"og:site_name\" content=\"Aikido ANDO\" \/>\n<meta property=\"article:publisher\" content=\"https:\/\/www.facebook.com\/andoaikido\" \/>\n<meta property=\"article:modified_time\" content=\"2024-12-10T13:06:09+00:00\" \/>\n<meta property=\"og:image\" content=\"https:\/\/aikido-ando.nl\/wp-content\/uploads\/Aikido_Hakama_training_End_Ando_Dojo.webp\" \/>\n\t<meta property=\"og:image:width\" content=\"1920\" \/>\n\t<meta property=\"og:image:height\" content=\"600\" \/>\n\t<meta property=\"og:image:type\" content=\"image\/webp\" \/>\n<meta name=\"twitter:card\" content=\"summary_large_image\" \/>\n<meta name=\"twitter:label1\" content=\"Tiempo de lectura\" \/>\n\t<meta name=\"twitter:data1\" content=\"3 minutos\" \/>\n<script type=\"application\/ld+json\" class=\"yoast-schema-graph\">{\"@context\":\"https:\\\/\\\/schema.org\",\"@graph\":[{\"@type\":\"WebPage\",\"@id\":\"https:\\\/\\\/aikido-ando.nl\\\/japanese-kanji\\\/\",\"url\":\"https:\\\/\\\/aikido-ando.nl\\\/japanese-kanji\\\/\",\"name\":\"Japanese Kanji - Aikido ANDO\",\"isPartOf\":{\"@id\":\"https:\\\/\\\/aikido-ando.nl\\\/#website\"},\"primaryImageOfPage\":{\"@id\":\"https:\\\/\\\/aikido-ando.nl\\\/japanese-kanji\\\/#primaryimage\"},\"image\":{\"@id\":\"https:\\\/\\\/aikido-ando.nl\\\/japanese-kanji\\\/#primaryimage\"},\"thumbnailUrl\":\"https:\\\/\\\/aikido-ando.nl\\\/wp-content\\\/uploads\\\/Aikido_Hakama_training_End_Ando_Dojo.webp\",\"datePublished\":\"2024-10-13T13:05:09+00:00\",\"dateModified\":\"2024-12-10T13:06:09+00:00\",\"description\":\"Leer je naam schrijven in het Japanse Kanji en ontdek de fascinerende wereld van Aikido en zijn culturele schriften.\",\"breadcrumb\":{\"@id\":\"https:\\\/\\\/aikido-ando.nl\\\/japanese-kanji\\\/#breadcrumb\"},\"inLanguage\":\"es\",\"potentialAction\":[{\"@type\":\"ReadAction\",\"target\":[\"https:\\\/\\\/aikido-ando.nl\\\/japanese-kanji\\\/\"]}]},{\"@type\":\"ImageObject\",\"inLanguage\":\"es\",\"@id\":\"https:\\\/\\\/aikido-ando.nl\\\/japanese-kanji\\\/#primaryimage\",\"url\":\"https:\\\/\\\/aikido-ando.nl\\\/wp-content\\\/uploads\\\/Aikido_Hakama_training_End_Ando_Dojo.webp\",\"contentUrl\":\"https:\\\/\\\/aikido-ando.nl\\\/wp-content\\\/uploads\\\/Aikido_Hakama_training_End_Ando_Dojo.webp\",\"width\":1920,\"height\":600,\"caption\":\"Aikido hakama is opgevouwen en ligt klaar op de tatami in Zaltbommel. Waar Ando een dojo heeft, net als in Geldrop en Sint-Oedenrode.\"},{\"@type\":\"BreadcrumbList\",\"@id\":\"https:\\\/\\\/aikido-ando.nl\\\/japanese-kanji\\\/#breadcrumb\",\"itemListElement\":[{\"@type\":\"ListItem\",\"position\":1,\"name\":\"Home\",\"item\":\"https:\\\/\\\/aikido-ando.nl\\\/\"},{\"@type\":\"ListItem\",\"position\":2,\"name\":\"Japanese Kanji\"}]},{\"@type\":\"WebSite\",\"@id\":\"https:\\\/\\\/aikido-ando.nl\\\/#website\",\"url\":\"https:\\\/\\\/aikido-ando.nl\\\/\",\"name\":\"Aikido Ando\",\"description\":\"\",\"publisher\":{\"@id\":\"https:\\\/\\\/aikido-ando.nl\\\/#organization\"},\"potentialAction\":[{\"@type\":\"SearchAction\",\"target\":{\"@type\":\"EntryPoint\",\"urlTemplate\":\"https:\\\/\\\/aikido-ando.nl\\\/?s={search_term_string}\"},\"query-input\":{\"@type\":\"PropertyValueSpecification\",\"valueRequired\":true,\"valueName\":\"search_term_string\"}}],\"inLanguage\":\"es\"},{\"@type\":\"Organization\",\"@id\":\"https:\\\/\\\/aikido-ando.nl\\\/#organization\",\"name\":\"Aikido Ando\",\"url\":\"https:\\\/\\\/aikido-ando.nl\\\/\",\"logo\":{\"@type\":\"ImageObject\",\"inLanguage\":\"es\",\"@id\":\"https:\\\/\\\/aikido-ando.nl\\\/#\\\/schema\\\/logo\\\/image\\\/\",\"url\":\"https:\\\/\\\/aikido-ando.nl\\\/wp-content\\\/uploads\\\/Logo.webp\",\"contentUrl\":\"https:\\\/\\\/aikido-ando.nl\\\/wp-content\\\/uploads\\\/Logo.webp\",\"width\":500,\"height\":500,\"caption\":\"Aikido Ando\"},\"image\":{\"@id\":\"https:\\\/\\\/aikido-ando.nl\\\/#\\\/schema\\\/logo\\\/image\\\/\"},\"sameAs\":[\"https:\\\/\\\/www.facebook.com\\\/andoaikido\",\"https:\\\/\\\/www.instagram.com\\\/andoaikido\\\/\",\"https:\\\/\\\/www.tiktok.com\\\/404?fromUrl=\\\/andoaikido\",\"https:\\\/\\\/www.linkedin.com\\\/company\\\/andoaikido?originalSubdomain=nl\"]}]}<\/script>\n<!-- \/ Yoast SEO Premium plugin. -->","yoast_head_json":{"title":"Kanji japon\u00e9s - Aikido ANDO","description":"Aprenda a escribir su nombre en kanji japon\u00e9s y descubra el fascinante mundo del Aikido y sus escrituras culturales.","robots":{"index":"index","follow":"follow","max-snippet":"max-snippet:-1","max-image-preview":"max-image-preview:large","max-video-preview":"max-video-preview:-1"},"canonical":"https:\/\/aikido-ando.nl\/es\/kanji-japones\/","og_locale":"es_ES","og_type":"article","og_title":"Japanese Kanji","og_description":"Leer je naam schrijven in het Japanse Kanji en ontdek de fascinerende wereld van Aikido en zijn culturele schriften.","og_url":"https:\/\/aikido-ando.nl\/es\/kanji-japones\/","og_site_name":"Aikido ANDO","article_publisher":"https:\/\/www.facebook.com\/andoaikido","article_modified_time":"2024-12-10T13:06:09+00:00","og_image":[{"width":1920,"height":600,"url":"https:\/\/aikido-ando.nl\/wp-content\/uploads\/Aikido_Hakama_training_End_Ando_Dojo.webp","type":"image\/webp"}],"twitter_card":"summary_large_image","twitter_misc":{"Tiempo de lectura":"3 minutos"},"schema":{"@context":"https:\/\/schema.org","@graph":[{"@type":"WebPage","@id":"https:\/\/aikido-ando.nl\/japanese-kanji\/","url":"https:\/\/aikido-ando.nl\/japanese-kanji\/","name":"Kanji japon\u00e9s - Aikido ANDO","isPartOf":{"@id":"https:\/\/aikido-ando.nl\/#website"},"primaryImageOfPage":{"@id":"https:\/\/aikido-ando.nl\/japanese-kanji\/#primaryimage"},"image":{"@id":"https:\/\/aikido-ando.nl\/japanese-kanji\/#primaryimage"},"thumbnailUrl":"https:\/\/aikido-ando.nl\/wp-content\/uploads\/Aikido_Hakama_training_End_Ando_Dojo.webp","datePublished":"2024-10-13T13:05:09+00:00","dateModified":"2024-12-10T13:06:09+00:00","description":"Aprenda a escribir su nombre en kanji japon\u00e9s y descubra el fascinante mundo del Aikido y sus escrituras culturales.","breadcrumb":{"@id":"https:\/\/aikido-ando.nl\/japanese-kanji\/#breadcrumb"},"inLanguage":"es","potentialAction":[{"@type":"ReadAction","target":["https:\/\/aikido-ando.nl\/japanese-kanji\/"]}]},{"@type":"ImageObject","inLanguage":"es","@id":"https:\/\/aikido-ando.nl\/japanese-kanji\/#primaryimage","url":"https:\/\/aikido-ando.nl\/wp-content\/uploads\/Aikido_Hakama_training_End_Ando_Dojo.webp","contentUrl":"https:\/\/aikido-ando.nl\/wp-content\/uploads\/Aikido_Hakama_training_End_Ando_Dojo.webp","width":1920,"height":600,"caption":"Aikido hakama is opgevouwen en ligt klaar op de tatami in Zaltbommel. Waar Ando een dojo heeft, net als in Geldrop en Sint-Oedenrode."},{"@type":"BreadcrumbList","@id":"https:\/\/aikido-ando.nl\/japanese-kanji\/#breadcrumb","itemListElement":[{"@type":"ListItem","position":1,"name":"Home","item":"https:\/\/aikido-ando.nl\/"},{"@type":"ListItem","position":2,"name":"Japanese Kanji"}]},{"@type":"WebSite","@id":"https:\/\/aikido-ando.nl\/#website","url":"https:\/\/aikido-ando.nl\/","name":"Aikido Ando","description":"","publisher":{"@id":"https:\/\/aikido-ando.nl\/#organization"},"potentialAction":[{"@type":"SearchAction","target":{"@type":"EntryPoint","urlTemplate":"https:\/\/aikido-ando.nl\/?s={search_term_string}"},"query-input":{"@type":"PropertyValueSpecification","valueRequired":true,"valueName":"search_term_string"}}],"inLanguage":"es"},{"@type":"Organization","@id":"https:\/\/aikido-ando.nl\/#organization","name":"Aikido Ando","url":"https:\/\/aikido-ando.nl\/","logo":{"@type":"ImageObject","inLanguage":"es","@id":"https:\/\/aikido-ando.nl\/#\/schema\/logo\/image\/","url":"https:\/\/aikido-ando.nl\/wp-content\/uploads\/Logo.webp","contentUrl":"https:\/\/aikido-ando.nl\/wp-content\/uploads\/Logo.webp","width":500,"height":500,"caption":"Aikido Ando"},"image":{"@id":"https:\/\/aikido-ando.nl\/#\/schema\/logo\/image\/"},"sameAs":["https:\/\/www.facebook.com\/andoaikido","https:\/\/www.instagram.com\/andoaikido\/","https:\/\/www.tiktok.com\/404?fromUrl=\/andoaikido","https:\/\/www.linkedin.com\/company\/andoaikido?originalSubdomain=nl"]}]}},"_links":{"self":[{"href":"https:\/\/aikido-ando.nl\/es\/wp-json\/wp\/v2\/pages\/650","targetHints":{"allow":["GET"]}}],"collection":[{"href":"https:\/\/aikido-ando.nl\/es\/wp-json\/wp\/v2\/pages"}],"about":[{"href":"https:\/\/aikido-ando.nl\/es\/wp-json\/wp\/v2\/types\/page"}],"author":[{"embeddable":true,"href":"https:\/\/aikido-ando.nl\/es\/wp-json\/wp\/v2\/users\/1"}],"replies":[{"embeddable":true,"href":"https:\/\/aikido-ando.nl\/es\/wp-json\/wp\/v2\/comments?post=650"}],"version-history":[{"count":0,"href":"https:\/\/aikido-ando.nl\/es\/wp-json\/wp\/v2\/pages\/650\/revisions"}],"wp:featuredmedia":[{"embeddable":true,"href":"https:\/\/aikido-ando.nl\/es\/wp-json\/wp\/v2\/media\/1666"}],"wp:attachment":[{"href":"https:\/\/aikido-ando.nl\/es\/wp-json\/wp\/v2\/media?parent=650"}],"curies":[{"name":"wp","href":"https:\/\/api.w.org\/{rel}","templated":true}]}}