{"id":184,"date":"2024-08-13T22:34:10","date_gmt":"2024-08-13T20:34:10","guid":{"rendered":"https:\/\/aikido-ando.nl\/?page_id=184"},"modified":"2025-05-25T19:53:47","modified_gmt":"2025-05-25T17:53:47","slug":"ando","status":"publish","type":"page","link":"https:\/\/aikido-ando.nl\/fr\/ando\/","title":{"rendered":"Ando Aikikai Dojo"},"content":{"rendered":"<div data-elementor-type=\"wp-page\" data-elementor-id=\"184\" class=\"elementor elementor-184\" data-elementor-post-type=\"page\">\n\t\t\t\t<div class=\"elementor-element elementor-element-01ca9ca e-flex e-con-boxed e-con e-parent\" data-id=\"01ca9ca\" data-element_type=\"container\" data-e-type=\"container\">\n\t\t\t\t\t<div class=\"e-con-inner\">\n\t\t\t\t<div class=\"elementor-element elementor-element-d06ce41 elementor-widget elementor-widget-heading\" data-id=\"d06ce41\" data-element_type=\"widget\" data-e-type=\"widget\" data-widget_type=\"heading.default\">\n\t\t\t\t<div class=\"elementor-widget-container\">\n\t\t\t\t\t<h2 class=\"elementor-heading-title elementor-size-default\">Nous sommes un dojo Aikikai<\/h2>\t\t\t\t<\/div>\n\t\t\t\t<\/div>\n\t\t\t\t<div class=\"elementor-element elementor-element-92ff42e elementor-widget elementor-widget-text-editor\" data-id=\"92ff42e\" data-element_type=\"widget\" data-e-type=\"widget\" data-widget_type=\"text-editor.default\">\n\t\t\t\t<div class=\"elementor-widget-container\">\n\t\t\t\t\t\t\t\t\t<p><strong>Ando est un dojo d'A\u00efkika\u00ef, qui est un \"style\" d'A\u00efkido. Nous vous en dirons plus dans un instant.\u00a0<\/strong><strong>Dans tout ce que nous faisons, nous pensons que chacun a besoin d'inspiration, de motivation et d'exemple pour donner le meilleur de lui-m\u00eame. Nous croyons qu'il faut penser diff\u00e9remment, qu'il faut \u00eatre conscient.<\/strong><\/p>\t\t\t\t\t\t\t\t<\/div>\n\t\t\t\t<\/div>\n\t\t\t\t<div class=\"elementor-element elementor-element-0d55a6f elementor-widget elementor-widget-text-editor\" data-id=\"0d55a6f\" data-element_type=\"widget\" data-e-type=\"widget\" data-widget_type=\"text-editor.default\">\n\t\t\t\t<div class=\"elementor-widget-container\">\n\t\t\t\t\t\t\t\t\t<p><a href=\"http:\/\/www.aikikai.or.jp\/eng\/aikido\/index.html\">Aikikai<\/a> L'A\u00efkido est un \"style\" au sein de l'A\u00efkido. Il est souvent consid\u00e9r\u00e9 comme \u00e9l\u00e9gant et efficace. Les techniques sont moins directes et donc moins maladroites.<\/p><p>Nous proposons des cours d'A\u00efkido dans le cadre d'un programme sur mesure visant \u00e0 <a href=\"https:\/\/aikido-ando.nl\/fr\/cours-daikido\/kinder-aikido-7\/\">enfants<\/a>, <a href=\"https:\/\/aikido-ando.nl\/fr\/jeugdles-aikido-12\/\">la jeunesse<\/a> et <a href=\"https:\/\/aikido-ando.nl\/fr\/volwassenles-aikido\/\">adultes<\/a>. Puissant par sa simplicit\u00e9 et ax\u00e9 sur les r\u00e9sultats. Cela se refl\u00e8te dans nos cours d'A\u00efkido, mais aussi en dehors du tapis, tout ce que nous faisons est bas\u00e9 sur cette philosophie.<\/p><p>Saviez-vous qu'Ando a \u00e9galement <a href=\"https:\/\/aikido-ando.nl\/fr\/ecole-daikido\/\">\u00c9cole-Aikido<\/a> donne dans les \u00e9coles primaires et secondaires ? <a href=\"https:\/\/aikido-ando.nl\/fr\/ecole-daikido\/\">Pour en savoir plus, cliquez ici.<\/a><\/p><p>Nous vous invitons \u00e0 parcourir notre site et \u00e0 en savoir plus sur le 'comment et le pourquoi' de l'Aikido en g\u00e9n\u00e9ral. Mais aussi \u00e0 d\u00e9couvrir le dojo d'A\u00efkido Ando the Aikikai aux Pays-Bas.<\/p><p>Si vous pr\u00e9f\u00e9rez monter directement sur le tapis, c'est bien s\u00fbr possible. Vous \u00eates bien s\u00fbr \u00e9galement le bienvenu <a href=\"https:\/\/aikido-ando.nl\/fr\/aikido-locaties-en-tijden\/\">notre dojo<\/a> pr\u00e8s de chez vous !<\/p>\t\t\t\t\t\t\t\t<\/div>\n\t\t\t\t<\/div>\n\t\t\t\t<div class=\"elementor-element elementor-element-84ff4e6 elementor-widget elementor-widget-image\" data-id=\"84ff4e6\" data-element_type=\"widget\" data-e-type=\"widget\" data-widget_type=\"image.default\">\n\t\t\t\t<div class=\"elementor-widget-container\">\n\t\t\t\t\t\t\t\t\t\t\t\t\t\t\t<img fetchpriority=\"high\" decoding=\"async\" width=\"1400\" height=\"400\" src=\"https:\/\/aikido-ando.nl\/wp-content\/uploads\/VeiligeSporten.webp\" class=\"attachment-large size-large wp-image-195\" alt=\"\" srcset=\"https:\/\/aikido-ando.nl\/wp-content\/uploads\/VeiligeSporten.webp 1400w, https:\/\/aikido-ando.nl\/wp-content\/uploads\/VeiligeSporten-768x219.webp 768w\" sizes=\"(max-width: 1400px) 100vw, 1400px\" \/>\t\t\t\t\t\t\t\t\t\t\t\t\t\t\t<\/div>\n\t\t\t\t<\/div>\n\t\t\t\t<div class=\"elementor-element elementor-element-3cd6d56 elementor-widget elementor-widget-heading\" data-id=\"3cd6d56\" data-element_type=\"widget\" data-e-type=\"widget\" data-widget_type=\"heading.default\">\n\t\t\t\t<div class=\"elementor-widget-container\">\n\t\t\t\t\t<h3 class=\"elementor-heading-title elementor-size-default\">S\u00e9curit\u00e9 et int\u00e9grit\u00e9<\/h3>\t\t\t\t<\/div>\n\t\t\t\t<\/div>\n\t\t\t\t<div class=\"elementor-element elementor-element-d9d9dc5 elementor-widget elementor-widget-text-editor\" data-id=\"d9d9dc5\" data-element_type=\"widget\" data-e-type=\"widget\" data-widget_type=\"text-editor.default\">\n\t\t\t\t<div class=\"elementor-widget-container\">\n\t\t\t\t\t\t\t\t\t<p>Tout le monde sur le tapis doit se sentir en s\u00e9curit\u00e9. Dans le cadre de la s\u00e9curit\u00e9 et de l'int\u00e9grit\u00e9 dans et autour du dojo lors de la pratique de l'A\u00efkido, du b\u00e9n\u00e9volat et du travail d'organisation, l'\u00e9cole d'A\u00efkido d'Ando a adopt\u00e9 la politique suivante.<\/p><p><b>L'\u00e9cole d'a\u00efkido ANDO maintient les r\u00e8gles de conduite<\/b> \u00e0 l'intention des formateurs et des superviseurs sur les comportements transfrontaliers, tels que les r\u00e8gles de conduite\u00a0<a href=\"https:\/\/centrumveiligesport.nl\/preventie\/gedragscodes\/gedragscode-voor-trainerscoaches-en-begeleiders\" target=\"_blank\" rel=\"noopener\">que le CNO*FNS a \u00e9labor\u00e9<\/a>.<\/p><p>- Le code de conduite de l'\u00e9cole d'a\u00efkido ANDO pour les directeurs, employ\u00e9s ou autres responsables est le suivant\u00a0<a href=\"https:\/\/aikido-ando.nl\/wp-content\/uploads\/AndoAikido_gedragscodes_Veiligesport_NOCNSF.pdf\" target=\"_blank\" rel=\"noopener\">lire\/t\u00e9l\u00e9charger ici<\/a>.<\/p><p>- L'\u00e9cole d'a\u00efkido Ando a une politique d'embauche pour les nouveaux b\u00e9n\u00e9voles.<\/p><p>- L'\u00e9cole d'a\u00efkido Ando a <b>Audrey nomm\u00e9e personne de confiance (contact)<\/b> au sein de son organisation. Elle est joignable \u00e0 l'adresse suivante <a href=\"mailto:vertrouwenspersoon@aikido-ando.nl\">vertrouwenspersoon@aikido-ando.nl<\/a>\u00a0On la retrouve aussi r\u00e9guli\u00e8rement sur le tapis lors des cours pour adultes. Elle est le premier point de contact pour les plaintes concernant les comportements transgressifs, le harc\u00e8lement sexuel, la discrimination et les comportements inacceptables.<\/p>\t\t\t\t\t\t\t\t<\/div>\n\t\t\t\t<\/div>\n\t\t\t\t\t<\/div>\n\t\t\t\t<\/div>\n\t\t<div class=\"elementor-element elementor-element-269908bb e-con-full e-flex e-con e-parent\" data-id=\"269908bb\" data-element_type=\"container\" data-e-type=\"container\">\n\t\t\t\t<div class=\"elementor-element elementor-element-e599216 elementor-widget elementor-widget-shortcode\" data-id=\"e599216\" data-element_type=\"widget\" data-e-type=\"widget\" data-widget_type=\"shortcode.default\">\n\t\t\t\t<div class=\"elementor-widget-container\">\n\t\t\t\t\t\t\t<div class=\"elementor-shortcode\">\t\t<div data-elementor-type=\"section\" data-elementor-id=\"296\" class=\"elementor elementor-296\" data-elementor-post-type=\"elementor_library\">\n\t\t\t<div class=\"elementor-element elementor-element-31eba413 e-flex e-con-boxed e-con e-parent\" data-id=\"31eba413\" data-element_type=\"container\" data-e-type=\"container\" data-settings=\"{&quot;background_background&quot;:&quot;classic&quot;}\">\n\t\t\t\t\t<div class=\"e-con-inner\">\n\t\t\t\t<div class=\"elementor-element elementor-element-15e4890e elementor-widget elementor-widget-heading\" data-id=\"15e4890e\" data-element_type=\"widget\" data-e-type=\"widget\" data-widget_type=\"heading.default\">\n\t\t\t\t<div class=\"elementor-widget-container\">\n\t\t\t\t\t<div class=\"elementor-heading-title elementor-size-default\">Personnel<br>\nla croissance entre vos mains<\/div>\t\t\t\t<\/div>\n\t\t\t\t<\/div>\n\t\t\t\t<div class=\"elementor-element elementor-element-7048f5f elementor-widget elementor-widget-heading\" data-id=\"7048f5f\" data-element_type=\"widget\" data-e-type=\"widget\" data-widget_type=\"heading.default\">\n\t\t\t\t<div class=\"elementor-widget-container\">\n\t\t\t\t\t<div class=\"elementor-heading-title elementor-size-default\">Quel que soit le domaine dans lequel vous souhaitez \u00e9voluer, l'A\u00efkido vous permettra de trouver le chemin.<\/div>\t\t\t\t<\/div>\n\t\t\t\t<\/div>\n\t\t\t\t<div class=\"elementor-element elementor-element-7c66c64b elementor-align-center elementor-widget elementor-widget-button\" data-id=\"7c66c64b\" data-element_type=\"widget\" data-e-type=\"widget\" data-widget_type=\"button.default\">\n\t\t\t\t<div class=\"elementor-widget-container\">\n\t\t\t\t\t\t\t\t\t<div class=\"elementor-button-wrapper\">\n\t\t\t\t\t<a class=\"elementor-button elementor-button-link elementor-size-sm\" href=\"https:\/\/ando-aikido.gotgrib.nl\/member\/selfservice\/registration\/628769c029bbb\">\n\t\t\t\t\t\t<span class=\"elementor-button-content-wrapper\">\n\t\t\t\t\t\t\t\t\t<span class=\"elementor-button-text\">Planifier une le\u00e7on d'introduction<\/span>\n\t\t\t\t\t<\/span>\n\t\t\t\t\t<\/a>\n\t\t\t\t<\/div>\n\t\t\t\t\t\t\t\t<\/div>\n\t\t\t\t<\/div>\n\t\t\t\t\t<\/div>\n\t\t\t\t<\/div>\n\t\t\t\t<\/div>\n\t\t<\/div>\n\t\t\t\t\t\t<\/div>\n\t\t\t\t<\/div>\n\t\t\t\t<\/div>\n\t\t\t\t<\/div>","protected":false},"excerpt":{"rendered":"<p>Wij zijn een Aikikai dojo Ando is een Aikikai Aikido dojo, dat is een &#8216;stijl&#8217; in het Aikido. Daarover vertellen we je dadelijk meer.\u00a0In alles wat we doen, geloven wij dat iedereen inspiratie, motivatie en een voorbeeld nodig heeft om het beste uit zichzelf te halen. Wij geloven in anders denken, in bewustwording. Aikikai Aikido [&hellip;]<\/p>\n","protected":false},"author":1,"featured_media":232,"parent":0,"menu_order":0,"comment_status":"closed","ping_status":"closed","template":"elementor_header_footer","meta":{"footnotes":""},"class_list":["post-184","page","type-page","status-publish","has-post-thumbnail","hentry"],"yoast_head":"<!-- This site is optimized with the Yoast SEO Premium plugin v27.3 (Yoast SEO v27.3) - https:\/\/yoast.com\/product\/yoast-seo-premium-wordpress\/ -->\n<title>Ando Aikikai Dojo - Aikido ANDO<\/title>\n<meta name=\"description\" content=\"Train Aikikai Aikido bij Ando in Eindhoven. Onze dojo biedt lessen voor alle leeftijden, geleid door ervaren instructeurs.\" \/>\n<meta name=\"robots\" content=\"index, follow, max-snippet:-1, max-image-preview:large, max-video-preview:-1\" \/>\n<link rel=\"canonical\" href=\"https:\/\/aikido-ando.nl\/fr\/ando\/\" \/>\n<meta property=\"og:locale\" content=\"fr_FR\" \/>\n<meta property=\"og:type\" content=\"article\" \/>\n<meta property=\"og:title\" content=\"Ando Aikikai Dojo\" \/>\n<meta property=\"og:description\" content=\"Train Aikikai Aikido bij Ando in Eindhoven. Onze dojo biedt lessen voor alle leeftijden, geleid door ervaren instructeurs.\" \/>\n<meta property=\"og:url\" content=\"https:\/\/aikido-ando.nl\/fr\/ando\/\" \/>\n<meta property=\"og:site_name\" content=\"Aikido ANDO\" \/>\n<meta property=\"article:publisher\" content=\"https:\/\/www.facebook.com\/andoaikido\" \/>\n<meta property=\"article:modified_time\" content=\"2025-05-25T17:53:47+00:00\" \/>\n<meta property=\"og:image\" content=\"https:\/\/aikido-ando.nl\/wp-content\/uploads\/Kotegeashi.webp\" \/>\n\t<meta property=\"og:image:width\" content=\"1920\" \/>\n\t<meta property=\"og:image:height\" content=\"1080\" \/>\n\t<meta property=\"og:image:type\" content=\"image\/webp\" \/>\n<meta name=\"twitter:card\" content=\"summary_large_image\" \/>\n<meta name=\"twitter:label1\" content=\"Dur\u00e9e de lecture estim\u00e9e\" \/>\n\t<meta name=\"twitter:data1\" content=\"2 minutes\" \/>\n<script type=\"application\/ld+json\" class=\"yoast-schema-graph\">{\"@context\":\"https:\\\/\\\/schema.org\",\"@graph\":[{\"@type\":\"WebPage\",\"@id\":\"https:\\\/\\\/aikido-ando.nl\\\/ando\\\/\",\"url\":\"https:\\\/\\\/aikido-ando.nl\\\/ando\\\/\",\"name\":\"Ando Aikikai Dojo - Aikido ANDO\",\"isPartOf\":{\"@id\":\"https:\\\/\\\/aikido-ando.nl\\\/#website\"},\"primaryImageOfPage\":{\"@id\":\"https:\\\/\\\/aikido-ando.nl\\\/ando\\\/#primaryimage\"},\"image\":{\"@id\":\"https:\\\/\\\/aikido-ando.nl\\\/ando\\\/#primaryimage\"},\"thumbnailUrl\":\"https:\\\/\\\/aikido-ando.nl\\\/wp-content\\\/uploads\\\/Kotegeashi.webp\",\"datePublished\":\"2024-08-13T20:34:10+00:00\",\"dateModified\":\"2025-05-25T17:53:47+00:00\",\"description\":\"Train Aikikai Aikido bij Ando in Eindhoven. Onze dojo biedt lessen voor alle leeftijden, geleid door ervaren instructeurs.\",\"breadcrumb\":{\"@id\":\"https:\\\/\\\/aikido-ando.nl\\\/ando\\\/#breadcrumb\"},\"inLanguage\":\"fr-FR\",\"potentialAction\":[{\"@type\":\"ReadAction\",\"target\":[\"https:\\\/\\\/aikido-ando.nl\\\/ando\\\/\"]}]},{\"@type\":\"ImageObject\",\"inLanguage\":\"fr-FR\",\"@id\":\"https:\\\/\\\/aikido-ando.nl\\\/ando\\\/#primaryimage\",\"url\":\"https:\\\/\\\/aikido-ando.nl\\\/wp-content\\\/uploads\\\/Kotegeashi.webp\",\"contentUrl\":\"https:\\\/\\\/aikido-ando.nl\\\/wp-content\\\/uploads\\\/Kotegeashi.webp\",\"width\":1920,\"height\":1080},{\"@type\":\"BreadcrumbList\",\"@id\":\"https:\\\/\\\/aikido-ando.nl\\\/ando\\\/#breadcrumb\",\"itemListElement\":[{\"@type\":\"ListItem\",\"position\":1,\"name\":\"Home\",\"item\":\"https:\\\/\\\/aikido-ando.nl\\\/\"},{\"@type\":\"ListItem\",\"position\":2,\"name\":\"Ando Aikikai Dojo\"}]},{\"@type\":\"WebSite\",\"@id\":\"https:\\\/\\\/aikido-ando.nl\\\/#website\",\"url\":\"https:\\\/\\\/aikido-ando.nl\\\/\",\"name\":\"Aikido Ando\",\"description\":\"\",\"publisher\":{\"@id\":\"https:\\\/\\\/aikido-ando.nl\\\/#organization\"},\"potentialAction\":[{\"@type\":\"SearchAction\",\"target\":{\"@type\":\"EntryPoint\",\"urlTemplate\":\"https:\\\/\\\/aikido-ando.nl\\\/?s={search_term_string}\"},\"query-input\":{\"@type\":\"PropertyValueSpecification\",\"valueRequired\":true,\"valueName\":\"search_term_string\"}}],\"inLanguage\":\"fr-FR\"},{\"@type\":\"Organization\",\"@id\":\"https:\\\/\\\/aikido-ando.nl\\\/#organization\",\"name\":\"Aikido Ando\",\"url\":\"https:\\\/\\\/aikido-ando.nl\\\/\",\"logo\":{\"@type\":\"ImageObject\",\"inLanguage\":\"fr-FR\",\"@id\":\"https:\\\/\\\/aikido-ando.nl\\\/#\\\/schema\\\/logo\\\/image\\\/\",\"url\":\"https:\\\/\\\/aikido-ando.nl\\\/wp-content\\\/uploads\\\/Logo.webp\",\"contentUrl\":\"https:\\\/\\\/aikido-ando.nl\\\/wp-content\\\/uploads\\\/Logo.webp\",\"width\":500,\"height\":500,\"caption\":\"Aikido Ando\"},\"image\":{\"@id\":\"https:\\\/\\\/aikido-ando.nl\\\/#\\\/schema\\\/logo\\\/image\\\/\"},\"sameAs\":[\"https:\\\/\\\/www.facebook.com\\\/andoaikido\",\"https:\\\/\\\/www.instagram.com\\\/andoaikido\\\/\",\"https:\\\/\\\/www.tiktok.com\\\/404?fromUrl=\\\/andoaikido\",\"https:\\\/\\\/www.linkedin.com\\\/company\\\/andoaikido?originalSubdomain=nl\"]}]}<\/script>\n<!-- \/ Yoast SEO Premium plugin. -->","yoast_head_json":{"title":"Ando Aikikai Dojo - Aikido ANDO","description":"Train Aikikai Aikido bij Ando in Eindhoven. Onze dojo biedt lessen voor alle leeftijden, geleid door ervaren instructeurs.","robots":{"index":"index","follow":"follow","max-snippet":"max-snippet:-1","max-image-preview":"max-image-preview:large","max-video-preview":"max-video-preview:-1"},"canonical":"https:\/\/aikido-ando.nl\/fr\/ando\/","og_locale":"fr_FR","og_type":"article","og_title":"Ando Aikikai Dojo","og_description":"Train Aikikai Aikido bij Ando in Eindhoven. Onze dojo biedt lessen voor alle leeftijden, geleid door ervaren instructeurs.","og_url":"https:\/\/aikido-ando.nl\/fr\/ando\/","og_site_name":"Aikido ANDO","article_publisher":"https:\/\/www.facebook.com\/andoaikido","article_modified_time":"2025-05-25T17:53:47+00:00","og_image":[{"width":1920,"height":1080,"url":"https:\/\/aikido-ando.nl\/wp-content\/uploads\/Kotegeashi.webp","type":"image\/webp"}],"twitter_card":"summary_large_image","twitter_misc":{"Dur\u00e9e de lecture estim\u00e9e":"2 minutes"},"schema":{"@context":"https:\/\/schema.org","@graph":[{"@type":"WebPage","@id":"https:\/\/aikido-ando.nl\/ando\/","url":"https:\/\/aikido-ando.nl\/ando\/","name":"Ando Aikikai Dojo - Aikido ANDO","isPartOf":{"@id":"https:\/\/aikido-ando.nl\/#website"},"primaryImageOfPage":{"@id":"https:\/\/aikido-ando.nl\/ando\/#primaryimage"},"image":{"@id":"https:\/\/aikido-ando.nl\/ando\/#primaryimage"},"thumbnailUrl":"https:\/\/aikido-ando.nl\/wp-content\/uploads\/Kotegeashi.webp","datePublished":"2024-08-13T20:34:10+00:00","dateModified":"2025-05-25T17:53:47+00:00","description":"Train Aikikai Aikido bij Ando in Eindhoven. Onze dojo biedt lessen voor alle leeftijden, geleid door ervaren instructeurs.","breadcrumb":{"@id":"https:\/\/aikido-ando.nl\/ando\/#breadcrumb"},"inLanguage":"fr-FR","potentialAction":[{"@type":"ReadAction","target":["https:\/\/aikido-ando.nl\/ando\/"]}]},{"@type":"ImageObject","inLanguage":"fr-FR","@id":"https:\/\/aikido-ando.nl\/ando\/#primaryimage","url":"https:\/\/aikido-ando.nl\/wp-content\/uploads\/Kotegeashi.webp","contentUrl":"https:\/\/aikido-ando.nl\/wp-content\/uploads\/Kotegeashi.webp","width":1920,"height":1080},{"@type":"BreadcrumbList","@id":"https:\/\/aikido-ando.nl\/ando\/#breadcrumb","itemListElement":[{"@type":"ListItem","position":1,"name":"Home","item":"https:\/\/aikido-ando.nl\/"},{"@type":"ListItem","position":2,"name":"Ando Aikikai Dojo"}]},{"@type":"WebSite","@id":"https:\/\/aikido-ando.nl\/#website","url":"https:\/\/aikido-ando.nl\/","name":"Aikido Ando","description":"","publisher":{"@id":"https:\/\/aikido-ando.nl\/#organization"},"potentialAction":[{"@type":"SearchAction","target":{"@type":"EntryPoint","urlTemplate":"https:\/\/aikido-ando.nl\/?s={search_term_string}"},"query-input":{"@type":"PropertyValueSpecification","valueRequired":true,"valueName":"search_term_string"}}],"inLanguage":"fr-FR"},{"@type":"Organization","@id":"https:\/\/aikido-ando.nl\/#organization","name":"Aikido Ando","url":"https:\/\/aikido-ando.nl\/","logo":{"@type":"ImageObject","inLanguage":"fr-FR","@id":"https:\/\/aikido-ando.nl\/#\/schema\/logo\/image\/","url":"https:\/\/aikido-ando.nl\/wp-content\/uploads\/Logo.webp","contentUrl":"https:\/\/aikido-ando.nl\/wp-content\/uploads\/Logo.webp","width":500,"height":500,"caption":"Aikido Ando"},"image":{"@id":"https:\/\/aikido-ando.nl\/#\/schema\/logo\/image\/"},"sameAs":["https:\/\/www.facebook.com\/andoaikido","https:\/\/www.instagram.com\/andoaikido\/","https:\/\/www.tiktok.com\/404?fromUrl=\/andoaikido","https:\/\/www.linkedin.com\/company\/andoaikido?originalSubdomain=nl"]}]}},"_links":{"self":[{"href":"https:\/\/aikido-ando.nl\/fr\/wp-json\/wp\/v2\/pages\/184","targetHints":{"allow":["GET"]}}],"collection":[{"href":"https:\/\/aikido-ando.nl\/fr\/wp-json\/wp\/v2\/pages"}],"about":[{"href":"https:\/\/aikido-ando.nl\/fr\/wp-json\/wp\/v2\/types\/page"}],"author":[{"embeddable":true,"href":"https:\/\/aikido-ando.nl\/fr\/wp-json\/wp\/v2\/users\/1"}],"replies":[{"embeddable":true,"href":"https:\/\/aikido-ando.nl\/fr\/wp-json\/wp\/v2\/comments?post=184"}],"version-history":[{"count":0,"href":"https:\/\/aikido-ando.nl\/fr\/wp-json\/wp\/v2\/pages\/184\/revisions"}],"wp:featuredmedia":[{"embeddable":true,"href":"https:\/\/aikido-ando.nl\/fr\/wp-json\/wp\/v2\/media\/232"}],"wp:attachment":[{"href":"https:\/\/aikido-ando.nl\/fr\/wp-json\/wp\/v2\/media?parent=184"}],"curies":[{"name":"wp","href":"https:\/\/api.w.org\/{rel}","templated":true}]}}