{"id":2213,"date":"2025-01-04T16:12:38","date_gmt":"2025-01-04T15:12:38","guid":{"rendered":"https:\/\/aikido-ando.nl\/?page_id=2213"},"modified":"2025-01-04T20:21:38","modified_gmt":"2025-01-04T19:21:38","slug":"cours-daikido-2","status":"publish","type":"page","link":"https:\/\/aikido-ando.nl\/fr\/aikido-stages\/","title":{"rendered":"Stages d'a\u00efkido"},"content":{"rendered":"<div data-elementor-type=\"wp-page\" data-elementor-id=\"2213\" class=\"elementor elementor-2213\" data-elementor-post-type=\"page\">\n\t\t\t\t<div class=\"elementor-element elementor-element-da85172 e-flex e-con-boxed e-con e-parent\" data-id=\"da85172\" data-element_type=\"container\" data-e-type=\"container\">\n\t\t\t\t\t<div class=\"e-con-inner\">\n\t\t\t\t<div class=\"elementor-element elementor-element-2cf2111 elementor-widget elementor-widget-text-editor\" data-id=\"2cf2111\" data-element_type=\"widget\" data-e-type=\"widget\" data-widget_type=\"text-editor.default\">\n\t\t\t\t<div class=\"elementor-widget-container\">\n\t\t\t\t\t\t\t\t\t<h1 class=\"p1\"><b>Stages d'a\u00efkido : Apprendre, grandir et inspirer ensemble<\/b><b><\/b><\/h1><p class=\"p3\">Les stages d'A\u00efkido sont l\u00e0 pour apprendre et grandir dans un environnement sans comp\u00e9tition. Bien que l'A\u00efkido n'ait pas de comp\u00e9titions, les stages offrent une opportunit\u00e9 d'apprendre et d'\u00e9voluer dans un environnement sans comp\u00e9tition. <strong>l'occasion unique de s'entra\u00eener avec d'autres<\/strong> en dehors de son propre dojo. Le grand avantage est que tout le monde sur le tapis partage la m\u00eame passion. En outre, vous apprenez de nouvelles perspectives et techniques aupr\u00e8s d'autres professeurs, ce qui \u00e9largit vos horizons. Vous apprenez \u00e0 conna\u00eetre les <a href=\"https:\/\/aikido-ando.nl\/fr\/communaute\/\">Communaut\u00e9 de l'a\u00efkido<\/a>, Le but est de cr\u00e9er un sentiment de connexion et d'inspiration.<\/p><p class=\"p3\">Dans votre propre dojo, vous vous entra\u00eenez souvent avec les m\u00eames personnes. Vous savez qui s'entra\u00eene agr\u00e9ablement et qui ne le fait pas. Les <strong>La valeur ajout\u00e9e des stages r\u00e9side pr\u00e9cis\u00e9ment dans la vari\u00e9t\u00e9<\/strong>Les techniques d'entra\u00eenement : vous apprenez \u00e0 faire face \u00e0 diff\u00e9rentes \u00e9nergies et \u00e0 diff\u00e9rents styles. Cela permet non seulement de mieux comprendre les techniques, mais aussi de faire face \u00e0 de nouvelles situations avec plus de force mentale.<\/p>\t\t\t\t\t\t\t\t<\/div>\n\t\t\t\t<\/div>\n\t\t\t\t\t<\/div>\n\t\t\t\t<\/div>\n\t\t<div class=\"elementor-element elementor-element-0a5dd44 e-flex e-con-boxed e-con e-parent\" data-id=\"0a5dd44\" data-element_type=\"container\" data-e-type=\"container\">\n\t\t\t\t\t<div class=\"e-con-inner\">\n\t\t\t\t<div class=\"elementor-element elementor-element-b7dcb2e elementor-widget elementor-widget-text-editor\" data-id=\"b7dcb2e\" data-element_type=\"widget\" data-e-type=\"widget\" data-widget_type=\"text-editor.default\">\n\t\t\t\t<div class=\"elementor-widget-container\">\n\t\t\t\t\t\t\t\t\t<h3 class=\"p1\"><b>Aikidokas avanc\u00e9s et d\u00e9butants m\u00e9lang\u00e9s ensemble<\/b><b><\/b><\/h3><p class=\"p3\"><strong>Tous les niveaux sont les bienvenus<\/strong> pendant un stage d'A\u00efkido. Les d\u00e9butants s'entra\u00eenent avec les \u00e9l\u00e8ves avanc\u00e9s et vice versa. L'a\u00efkido est ouvert \u00e0 tous : hommes, femmes, jeunes, vieux... tout le monde s'entra\u00eene avec les autres. Il existe \u00e9galement des pratiques sp\u00e9cifiques <i>Yudansha<\/i>-Les \u00e9tapes pour les ceintures noires ou plus.<\/p><p class=\"p3\">Normalement, les stages sont donn\u00e9s sans armes, comme le <i>tanto<\/i>, <i>m\u00e2le<\/i> ou <i>jo<\/i>. Toutefois, cela d\u00e9pend du formateur et du pays o\u00f9 se d\u00e9roule le stage. Les formateurs tiennent souvent compte du fait que les voyageurs n'apportent pas d'armes. Dans de nombreux stages, vous pouvez, si n\u00e9cessaire, emprunter une arme par l'interm\u00e9diaire de l'organisateur.<\/p>\t\t\t\t\t\t\t\t<\/div>\n\t\t\t\t<\/div>\n\t\t\t\t\t<\/div>\n\t\t\t\t<\/div>\n\t\t<div class=\"elementor-element elementor-element-dbff2ea e-flex e-con-boxed e-con e-parent\" data-id=\"dbff2ea\" data-element_type=\"container\" data-e-type=\"container\" data-settings=\"{&quot;background_background&quot;:&quot;classic&quot;}\">\n\t\t\t\t\t<div class=\"e-con-inner\">\n\t\t\t\t\t<\/div>\n\t\t\t\t<\/div>\n\t\t<div class=\"elementor-element elementor-element-68024aa e-flex e-con-boxed e-con e-parent\" data-id=\"68024aa\" data-element_type=\"container\" data-e-type=\"container\">\n\t\t\t\t\t<div class=\"e-con-inner\">\n\t\t\t\t<div class=\"elementor-element elementor-element-af45f61 elementor-widget elementor-widget-text-editor\" data-id=\"af45f61\" data-element_type=\"widget\" data-e-type=\"widget\" data-widget_type=\"text-editor.default\">\n\t\t\t\t<div class=\"elementor-widget-container\">\n\t\t\t\t\t\t\t\t\t<h3 class=\"p1\"><b>A quoi faut-il faire attention lors d'un entra\u00eenement d'A\u00efkido ?<\/b><b><\/b><\/h3><p class=\"p3\">Comme dans votre propre dojo, l'\u00e9tiquette du dojo s'applique \u00e9galement lors d'un stage. En outre, il y a quelques points \u00e0 garder \u00e0 l'esprit :<\/p><ol><li class=\"p4\"><b>Apportez votre passeport d'A\u00efkido<\/b>Vous le ferez signer par le comit\u00e9 de stage avant la formation.<\/li><li class=\"p4\"><b>Restez concentr\u00e9 sur votre propre formation<\/b>Les enfants : \u00c9vitez de trop parler avec votre partenaire, restez concentr\u00e9s.<\/li><li class=\"p4\"><b>Changer r\u00e9guli\u00e8rement de partenaire<\/b>Il y a souvent un signal qui indique qu'il est temps de changer. Essayez de vous former avec des personnes diff\u00e9rentes, y compris des dipl\u00f4m\u00e9s de haut niveau.<\/li><li class=\"p4\"><b>Suivre l'enseignant<\/b>Pendant le stage, il n'y a qu'un seul enseignant, qui est celui qui se trouve devant le groupe. Ne vous laissez pas distraire par les conseils bien intentionn\u00e9s des autres.<\/li><li class=\"p4\"><b>Soyez conscient de votre environnement<\/b>Les deux athl\u00e8tes doivent se lancer dans un endroit s\u00fbr et faire attention aux a\u00efkidokas qui les entourent afin qu'ils ne s'\u00e9crasent pas sur eux.<\/li><\/ol>\t\t\t\t\t\t\t\t<\/div>\n\t\t\t\t<\/div>\n\t\t\t\t\t<\/div>\n\t\t\t\t<\/div>\n\t\t<div class=\"elementor-element elementor-element-43c290b e-flex e-con-boxed e-con e-parent\" data-id=\"43c290b\" data-element_type=\"container\" data-e-type=\"container\">\n\t\t\t\t\t<div class=\"e-con-inner\">\n\t\t\t\t<div class=\"elementor-element elementor-element-4d1e170 elementor-widget elementor-widget-text-editor\" data-id=\"4d1e170\" data-element_type=\"widget\" data-e-type=\"widget\" data-widget_type=\"text-editor.default\">\n\t\t\t\t<div class=\"elementor-widget-container\">\n\t\t\t\t\t\t\t\t\t<h3 class=\"p1\"><b>Quel stage vous convient ?<\/b><b><\/b><\/h3><p class=\"p3\">La plupart des stages d'A\u00efkido sont ouverts \u00e0 tous. Souvent, les dojos d\u00e9couragent la participation \u00e0 des stages en dehors de leur propre style, mais \u00e0 Ando, nous voyons les choses diff\u00e9remment. Sensei<a href=\"https:\/\/aikido-ando.nl\/fr\/yoshimitsu-yamada\/\"> Yoshimitsu Yamada<\/a> nous a appris que l'A\u00efkido est unique pour chaque individu. La multiplicit\u00e9 des points de vue enrichit votre perspective et vous aide \u00e0 mieux comprendre les techniques. Un autre professeur peut vous donner l'id\u00e9e qui fait qu'une technique va soudainement faire mouche.<\/p><p class=\"p1\"><b>Quelle est la diff\u00e9rence entre un stage d'A\u00efkido et un cours normal ?<\/b><b><\/b><\/p><p class=\"p3\">Pendant les cours r\u00e9guliers, vous travaillez souvent sur la \u2018planification des examens\u2019, l'entra\u00eenement pour un niveau sp\u00e9cifique. Un stage, en revanche, est ax\u00e9 sur l'inspiration et ne doit pas en tenir compte. L'organisation ou l'enseignant choisit un th\u00e8me destin\u00e9 \u00e0 inspirer tout le monde, quel que soit le niveau.<\/p>\t\t\t\t\t\t\t\t<\/div>\n\t\t\t\t<\/div>\n\t\t\t\t\t<\/div>\n\t\t\t\t<\/div>\n\t\t<div class=\"elementor-element elementor-element-a5564dc e-flex e-con-boxed e-con e-parent\" data-id=\"a5564dc\" data-element_type=\"container\" data-e-type=\"container\">\n\t\t\t\t\t<div class=\"e-con-inner\">\n\t\t\t\t<div class=\"elementor-element elementor-element-054d83a elementor-widget elementor-widget-heading\" data-id=\"054d83a\" data-element_type=\"widget\" data-e-type=\"widget\" data-widget_type=\"heading.default\">\n\t\t\t\t<div class=\"elementor-widget-container\">\n\t\t\t\t\t<h2 class=\"elementor-heading-title elementor-size-default\">Pourquoi les stages d'A\u00efkido sont-ils importants ?<\/h2>\t\t\t\t<\/div>\n\t\t\t\t<\/div>\n\t\t\t\t<div class=\"elementor-element elementor-element-c540b49 elementor-widget elementor-widget-text-editor\" data-id=\"c540b49\" data-element_type=\"widget\" data-e-type=\"widget\" data-widget_type=\"text-editor.default\">\n\t\t\t\t<div class=\"elementor-widget-container\">\n\t\t\t\t\t\t\t\t\t<p>Grand ma\u00eetre <a href=\"https:\/\/aikido-ando.nl\/fr\/donovan-waite\/\">Donovan Waite<\/a> explique pourquoi il est si important de faire des stages d'A\u00efkido dans la vid\u00e9o ci-dessous.\u00a0<\/p>\t\t\t\t\t\t\t\t<\/div>\n\t\t\t\t<\/div>\n\t\t\t\t<div class=\"elementor-element elementor-element-24bfbd5 elementor-widget elementor-widget-video\" data-id=\"24bfbd5\" data-element_type=\"widget\" data-e-type=\"widget\" data-settings=\"{&quot;video_type&quot;:&quot;vimeo&quot;}\" data-widget_type=\"video.default\">\n\t\t\t\t<div class=\"elementor-widget-container\">\n\t\t\t\t\t\t\t<div class=\"elementor-wrapper elementor-open-inline\">\n\t\t\t<iframe class=\"elementor-video-iframe\" allowfullscreen allow=\"clipboard-write\" title=\"vimeo Video Player\" src=\"https:\/\/player.vimeo.com\/video\/789485379?color&amp;autopause=0&amp;loop=0&amp;muted=0&amp;title=0&amp;portrait=0&amp;byline=0#t=\" data-no-translation-title=\"\"><\/iframe>\t\t<\/div>\n\t\t\t\t\t\t<\/div>\n\t\t\t\t<\/div>\n\t\t\t\t\t<\/div>\n\t\t\t\t<\/div>\n\t\t<div class=\"elementor-element elementor-element-f8135e5 e-flex e-con-boxed e-con e-parent\" data-id=\"f8135e5\" data-element_type=\"container\" data-e-type=\"container\">\n\t\t\t\t\t<div class=\"e-con-inner\">\n\t\t<div class=\"elementor-element elementor-element-9f269e3 e-con-full e-flex e-con e-child\" data-id=\"9f269e3\" data-element_type=\"container\" data-e-type=\"container\">\n\t\t\t\t<div class=\"elementor-element elementor-element-bfecf51 elementor-widget elementor-widget-text-editor\" data-id=\"bfecf51\" data-element_type=\"widget\" data-e-type=\"widget\" data-widget_type=\"text-editor.default\">\n\t\t\t\t<div class=\"elementor-widget-container\">\n\t\t\t\t\t\t\t\t\t<h1 class=\"p1\"><b>Aikido pour les enfants<\/b><b><\/b><\/h1><p class=\"p3\">Chez Ando, nous organisons chaque ann\u00e9e des formations pour les enfants. Ces formations \u00e0 bas seuil sont une <a href=\"https:\/\/youtu.be\/ROLCgNhDYd0\">mani\u00e8re ludique<\/a> S'amuser sur le tapis et se faire de nouveaux amis. Les <strong>L'objectif est de rendre les enfants plus confiants<\/strong> et d'\u00e9largir leur horizon.<\/p><p class=\"p3\"><strong>Les parents jouent un r\u00f4le important \u00e0 cet \u00e9gard.<\/strong> Encouragez votre enfant \u00e0 participer \u00e0 un stage, \u00e0 l'accompagner ou \u00e0 faire en sorte qu'il soit accompagn\u00e9 d'un ami de l'A\u00efkido. <strong>Faire en sorte que l'exp\u00e9rience soit amusante<\/strong>, par exemple en prenant quelque chose pour la route, tel qu'un <a href=\"https:\/\/aikido-ando.nl\/fr\/aikido-kinderboeken\/\">Livre de puzzle sur l'a\u00efkido<\/a>.<\/p>\t\t\t\t\t\t\t\t<\/div>\n\t\t\t\t<\/div>\n\t\t\t\t<\/div>\n\t\t<div class=\"elementor-element elementor-element-57967ae e-con-full e-flex e-con e-child\" data-id=\"57967ae\" data-element_type=\"container\" data-e-type=\"container\">\n\t\t\t\t<div class=\"elementor-element elementor-element-2cc2267 elementor-widget elementor-widget-video\" data-id=\"2cc2267\" data-element_type=\"widget\" data-e-type=\"widget\" data-settings=\"{&quot;youtube_url&quot;:&quot;https:\\\/\\\/youtu.be\\\/ROLCgNhDYd0&quot;,&quot;video_type&quot;:&quot;youtube&quot;,&quot;controls&quot;:&quot;yes&quot;}\" data-widget_type=\"video.default\">\n\t\t\t\t<div class=\"elementor-widget-container\">\n\t\t\t\t\t\t\t<div class=\"elementor-wrapper elementor-open-inline\">\n\t\t\t<div class=\"elementor-video\"><\/div>\t\t<\/div>\n\t\t\t\t\t\t<\/div>\n\t\t\t\t<\/div>\n\t\t\t\t<\/div>\n\t\t\t\t\t<\/div>\n\t\t\t\t<\/div>\n\t\t<div class=\"elementor-element elementor-element-2407665 e-flex e-con-boxed e-con e-parent\" data-id=\"2407665\" data-element_type=\"container\" data-e-type=\"container\">\n\t\t\t\t\t<div class=\"e-con-inner\">\n\t\t<div class=\"elementor-element elementor-element-41e00ed e-con-full e-flex e-con e-child\" data-id=\"41e00ed\" data-element_type=\"container\" data-e-type=\"container\">\n\t\t\t\t<div class=\"elementor-element elementor-element-8b56334 elementor-widget elementor-widget-video\" data-id=\"8b56334\" data-element_type=\"widget\" data-e-type=\"widget\" data-settings=\"{&quot;youtube_url&quot;:&quot;https:\\\/\\\/www.youtube.com\\\/watch?v=ddIdBKsR8Y8&quot;,&quot;video_type&quot;:&quot;youtube&quot;,&quot;controls&quot;:&quot;yes&quot;}\" data-widget_type=\"video.default\">\n\t\t\t\t<div class=\"elementor-widget-container\">\n\t\t\t\t\t\t\t<div class=\"elementor-wrapper elementor-open-inline\">\n\t\t\t<div class=\"elementor-video\"><\/div>\t\t<\/div>\n\t\t\t\t\t\t<\/div>\n\t\t\t\t<\/div>\n\t\t\t\t<\/div>\n\t\t<div class=\"elementor-element elementor-element-64eeb3c e-con-full e-flex e-con e-child\" data-id=\"64eeb3c\" data-element_type=\"container\" data-e-type=\"container\">\n\t\t\t\t<div class=\"elementor-element elementor-element-dfd8a3a elementor-widget elementor-widget-text-editor\" data-id=\"dfd8a3a\" data-element_type=\"widget\" data-e-type=\"widget\" data-widget_type=\"text-editor.default\">\n\t\t\t\t<div class=\"elementor-widget-container\">\n\t\t\t\t\t\t\t\t\t<h3 class=\"p1\"><b>Stages \u00e0 l'\u00e9tranger<\/b><b><\/b><\/h3><p class=\"p3\">Les stages d'A\u00efkido \u00e0 l'\u00e9tranger sont au moins aussi amusants que les stages nationaux. Bien qu'il faille un peu plus de planification, c'est une occasion unique de s'immerger dans une autre culture et de rencontrer de nouvelles personnes. La passion commune pour l'a\u00efkido permet souvent d'\u00e9tablir une connexion imm\u00e9diate avec les autres.<\/p><p class=\"p3\">Par exemple, commencez par le stage d'un enseignant que vous connaissez d\u00e9j\u00e0, ou rendez-vous \u00e0 un stage national qui vous intrigue, m\u00eame si vous n'y connaissez personne. Contactez l'organisateur si vous avez des questions concernant le logement ou d'autres aspects pratiques.<\/p><p class=\"p3\">Un stage international offre \u00e9galement les avantages suivants <strong>possibilit\u00e9 de s'entra\u00eener avec des senseis que vous suivez peut-\u00eatre via les r\u00e9seaux sociaux<\/strong>\u00a0Ou que votre professeur admire. Cela peut \u00eatre un compl\u00e9ment pr\u00e9cieux \u00e0 votre parcours en A\u00efkido.<\/p><p>Le plus important est de planifier \u00e0 l'avance, de conna\u00eetre une date, de l'inscrire sur votre agenda. <a href=\"https:\/\/aikido-shop.nl\/pages\/aikido-original\">Calendrier de l'a\u00efkido<\/a>. En effet, plus vous r\u00e9servez t\u00f4t, plus vous b\u00e9n\u00e9ficiez de tarifs avantageux.<\/p>\t\t\t\t\t\t\t\t<\/div>\n\t\t\t\t<\/div>\n\t\t\t\t<\/div>\n\t\t\t\t\t<\/div>\n\t\t\t\t<\/div>\n\t\t<div class=\"elementor-element elementor-element-3211263 e-flex e-con-boxed e-con e-parent\" data-id=\"3211263\" data-element_type=\"container\" data-e-type=\"container\" data-settings=\"{&quot;background_background&quot;:&quot;classic&quot;}\">\n\t\t\t\t\t<div class=\"e-con-inner\">\n\t\t\t\t<div class=\"elementor-element elementor-element-e10f6f8 elementor-widget elementor-widget-text-editor\" data-id=\"e10f6f8\" data-element_type=\"widget\" data-e-type=\"widget\" data-widget_type=\"text-editor.default\">\n\t\t\t\t<div class=\"elementor-widget-container\">\n\t\t\t\t\t\t\t\t\t<p class=\"p1\"><b>Rendez les cours d'A\u00efkido encore plus amusants !<\/b><b><\/b><\/p><p>Rendez un stage d'A\u00efkido plus amusant en y consacrant une journ\u00e9e. Par exemple, vous pouvez combiner un voyage en Belgique avec la d\u00e9gustation de vraies frites belges dans une friterie. Mais aussi en allant avec un groupe de personnes du dojo (vos amis d'A\u00efkido), le covoiturage vers le stage est bien s\u00fbr beaucoup plus agr\u00e9able que de s'asseoir dans la voiture avec des amis d'A\u00efkido. <a href=\"https:\/\/open.spotify.com\/show\/6pOw3PYSgc9lK3upG8GlGw?si=b7ce211e60ae4115\">un podcast<\/a> en arri\u00e8re-plan. Des souvenirs tellement agr\u00e9ables sont cr\u00e9\u00e9s ensemble.<\/p><p>Vous vous demandez quels sont les stages que nous organisons ? <a href=\"https:\/\/aikido-ando.nl\/fr\/ando-seminar\/\">Stage d'a\u00efkido<\/a> que nous pr\u00e9voyons.<\/p><p>\u00a0<\/p>\t\t\t\t\t\t\t\t<\/div>\n\t\t\t\t<\/div>\n\t\t\t\t\t<\/div>\n\t\t\t\t<\/div>\n\t\t\t\t<\/div>","protected":false},"excerpt":{"rendered":"<p>Aikido Stages: Samen Leren, Groeien en Inspireren Aikido stages zijn er om te leren en te groeien in een omgeving zonder competitie. Hoewel Aikido geen wedstrijden kent, bieden stages een unieke kans om te trainen met anderen buiten je eigen dojo. Het grote voordeel is dat iedereen die op de mat staat dezelfde passie deelt. [&hellip;]<\/p>\n","protected":false},"author":1,"featured_media":1377,"parent":0,"menu_order":0,"comment_status":"closed","ping_status":"closed","template":"elementor_header_footer","meta":{"footnotes":""},"class_list":["post-2213","page","type-page","status-publish","has-post-thumbnail","hentry"],"yoast_head":"<!-- This site is optimized with the Yoast SEO Premium plugin v27.3 (Yoast SEO v27.3) - https:\/\/yoast.com\/product\/yoast-seo-premium-wordpress\/ -->\n<title>Aikido stage&#039;s - Aikido ANDO<\/title>\n<meta name=\"robots\" content=\"index, follow, max-snippet:-1, max-image-preview:large, max-video-preview:-1\" \/>\n<link rel=\"canonical\" href=\"https:\/\/aikido-ando.nl\/fr\/cours-daikido-2\/\" \/>\n<meta property=\"og:locale\" content=\"fr_FR\" \/>\n<meta property=\"og:type\" content=\"article\" \/>\n<meta property=\"og:title\" content=\"Aikido stage&#039;s\" \/>\n<meta property=\"og:description\" content=\"Aikido Stages: Samen Leren, Groeien en Inspireren Aikido stages zijn er om te leren en te groeien in een omgeving zonder competitie. Hoewel Aikido geen wedstrijden kent, bieden stages een unieke kans om te trainen met anderen buiten je eigen dojo. Het grote voordeel is dat iedereen die op de mat staat dezelfde passie deelt. [&hellip;]\" \/>\n<meta property=\"og:url\" content=\"https:\/\/aikido-ando.nl\/fr\/cours-daikido-2\/\" \/>\n<meta property=\"og:site_name\" content=\"Aikido ANDO\" \/>\n<meta property=\"article:publisher\" content=\"https:\/\/www.facebook.com\/andoaikido\" \/>\n<meta property=\"article:modified_time\" content=\"2025-01-04T19:21:38+00:00\" \/>\n<meta property=\"og:image\" content=\"https:\/\/aikido-ando.nl\/wp-content\/uploads\/Aikido_Jeugd_Eindhoven_Strijps_Meerhoven_040.webp\" \/>\n\t<meta property=\"og:image:width\" content=\"1920\" \/>\n\t<meta property=\"og:image:height\" content=\"1080\" \/>\n\t<meta property=\"og:image:type\" content=\"image\/webp\" \/>\n<meta name=\"twitter:card\" content=\"summary_large_image\" \/>\n<meta name=\"twitter:label1\" content=\"Dur\u00e9e de lecture estim\u00e9e\" \/>\n\t<meta name=\"twitter:data1\" content=\"5 minutes\" \/>\n<script type=\"application\/ld+json\" class=\"yoast-schema-graph\">{\"@context\":\"https:\\\/\\\/schema.org\",\"@graph\":[{\"@type\":\"WebPage\",\"@id\":\"https:\\\/\\\/aikido-ando.nl\\\/aikido-stages\\\/\",\"url\":\"https:\\\/\\\/aikido-ando.nl\\\/aikido-stages\\\/\",\"name\":\"Aikido stage's - Aikido ANDO\",\"isPartOf\":{\"@id\":\"https:\\\/\\\/aikido-ando.nl\\\/#website\"},\"primaryImageOfPage\":{\"@id\":\"https:\\\/\\\/aikido-ando.nl\\\/aikido-stages\\\/#primaryimage\"},\"image\":{\"@id\":\"https:\\\/\\\/aikido-ando.nl\\\/aikido-stages\\\/#primaryimage\"},\"thumbnailUrl\":\"https:\\\/\\\/aikido-ando.nl\\\/wp-content\\\/uploads\\\/Aikido_Jeugd_Eindhoven_Strijps_Meerhoven_040.webp\",\"datePublished\":\"2025-01-04T15:12:38+00:00\",\"dateModified\":\"2025-01-04T19:21:38+00:00\",\"breadcrumb\":{\"@id\":\"https:\\\/\\\/aikido-ando.nl\\\/aikido-stages\\\/#breadcrumb\"},\"inLanguage\":\"fr-FR\",\"potentialAction\":[{\"@type\":\"ReadAction\",\"target\":[\"https:\\\/\\\/aikido-ando.nl\\\/aikido-stages\\\/\"]}]},{\"@type\":\"ImageObject\",\"inLanguage\":\"fr-FR\",\"@id\":\"https:\\\/\\\/aikido-ando.nl\\\/aikido-stages\\\/#primaryimage\",\"url\":\"https:\\\/\\\/aikido-ando.nl\\\/wp-content\\\/uploads\\\/Aikido_Jeugd_Eindhoven_Strijps_Meerhoven_040.webp\",\"contentUrl\":\"https:\\\/\\\/aikido-ando.nl\\\/wp-content\\\/uploads\\\/Aikido_Jeugd_Eindhoven_Strijps_Meerhoven_040.webp\",\"width\":1920,\"height\":1080,\"caption\":\"Maak plaats voor een Aikido demonstratie van sensei Edo in de dojo. Weerbaarheid voor jeugd zonder te leren vechten.\"},{\"@type\":\"BreadcrumbList\",\"@id\":\"https:\\\/\\\/aikido-ando.nl\\\/aikido-stages\\\/#breadcrumb\",\"itemListElement\":[{\"@type\":\"ListItem\",\"position\":1,\"name\":\"Home\",\"item\":\"https:\\\/\\\/aikido-ando.nl\\\/\"},{\"@type\":\"ListItem\",\"position\":2,\"name\":\"Aikido stage&#8217;s\"}]},{\"@type\":\"WebSite\",\"@id\":\"https:\\\/\\\/aikido-ando.nl\\\/#website\",\"url\":\"https:\\\/\\\/aikido-ando.nl\\\/\",\"name\":\"Aikido Ando\",\"description\":\"\",\"publisher\":{\"@id\":\"https:\\\/\\\/aikido-ando.nl\\\/#organization\"},\"potentialAction\":[{\"@type\":\"SearchAction\",\"target\":{\"@type\":\"EntryPoint\",\"urlTemplate\":\"https:\\\/\\\/aikido-ando.nl\\\/?s={search_term_string}\"},\"query-input\":{\"@type\":\"PropertyValueSpecification\",\"valueRequired\":true,\"valueName\":\"search_term_string\"}}],\"inLanguage\":\"fr-FR\"},{\"@type\":\"Organization\",\"@id\":\"https:\\\/\\\/aikido-ando.nl\\\/#organization\",\"name\":\"Aikido Ando\",\"url\":\"https:\\\/\\\/aikido-ando.nl\\\/\",\"logo\":{\"@type\":\"ImageObject\",\"inLanguage\":\"fr-FR\",\"@id\":\"https:\\\/\\\/aikido-ando.nl\\\/#\\\/schema\\\/logo\\\/image\\\/\",\"url\":\"https:\\\/\\\/aikido-ando.nl\\\/wp-content\\\/uploads\\\/Logo.webp\",\"contentUrl\":\"https:\\\/\\\/aikido-ando.nl\\\/wp-content\\\/uploads\\\/Logo.webp\",\"width\":500,\"height\":500,\"caption\":\"Aikido Ando\"},\"image\":{\"@id\":\"https:\\\/\\\/aikido-ando.nl\\\/#\\\/schema\\\/logo\\\/image\\\/\"},\"sameAs\":[\"https:\\\/\\\/www.facebook.com\\\/andoaikido\",\"https:\\\/\\\/www.instagram.com\\\/andoaikido\\\/\",\"https:\\\/\\\/www.tiktok.com\\\/404?fromUrl=\\\/andoaikido\",\"https:\\\/\\\/www.linkedin.com\\\/company\\\/andoaikido?originalSubdomain=nl\"]}]}<\/script>\n<!-- \/ Yoast SEO Premium plugin. -->","yoast_head_json":{"title":"Stages d'a\u00efkido - Aikido ANDO","robots":{"index":"index","follow":"follow","max-snippet":"max-snippet:-1","max-image-preview":"max-image-preview:large","max-video-preview":"max-video-preview:-1"},"canonical":"https:\/\/aikido-ando.nl\/fr\/cours-daikido-2\/","og_locale":"fr_FR","og_type":"article","og_title":"Aikido stage's","og_description":"Aikido Stages: Samen Leren, Groeien en Inspireren Aikido stages zijn er om te leren en te groeien in een omgeving zonder competitie. Hoewel Aikido geen wedstrijden kent, bieden stages een unieke kans om te trainen met anderen buiten je eigen dojo. Het grote voordeel is dat iedereen die op de mat staat dezelfde passie deelt. [&hellip;]","og_url":"https:\/\/aikido-ando.nl\/fr\/cours-daikido-2\/","og_site_name":"Aikido ANDO","article_publisher":"https:\/\/www.facebook.com\/andoaikido","article_modified_time":"2025-01-04T19:21:38+00:00","og_image":[{"width":1920,"height":1080,"url":"https:\/\/aikido-ando.nl\/wp-content\/uploads\/Aikido_Jeugd_Eindhoven_Strijps_Meerhoven_040.webp","type":"image\/webp"}],"twitter_card":"summary_large_image","twitter_misc":{"Dur\u00e9e de lecture estim\u00e9e":"5 minutes"},"schema":{"@context":"https:\/\/schema.org","@graph":[{"@type":"WebPage","@id":"https:\/\/aikido-ando.nl\/aikido-stages\/","url":"https:\/\/aikido-ando.nl\/aikido-stages\/","name":"Stages d'a\u00efkido - Aikido ANDO","isPartOf":{"@id":"https:\/\/aikido-ando.nl\/#website"},"primaryImageOfPage":{"@id":"https:\/\/aikido-ando.nl\/aikido-stages\/#primaryimage"},"image":{"@id":"https:\/\/aikido-ando.nl\/aikido-stages\/#primaryimage"},"thumbnailUrl":"https:\/\/aikido-ando.nl\/wp-content\/uploads\/Aikido_Jeugd_Eindhoven_Strijps_Meerhoven_040.webp","datePublished":"2025-01-04T15:12:38+00:00","dateModified":"2025-01-04T19:21:38+00:00","breadcrumb":{"@id":"https:\/\/aikido-ando.nl\/aikido-stages\/#breadcrumb"},"inLanguage":"fr-FR","potentialAction":[{"@type":"ReadAction","target":["https:\/\/aikido-ando.nl\/aikido-stages\/"]}]},{"@type":"ImageObject","inLanguage":"fr-FR","@id":"https:\/\/aikido-ando.nl\/aikido-stages\/#primaryimage","url":"https:\/\/aikido-ando.nl\/wp-content\/uploads\/Aikido_Jeugd_Eindhoven_Strijps_Meerhoven_040.webp","contentUrl":"https:\/\/aikido-ando.nl\/wp-content\/uploads\/Aikido_Jeugd_Eindhoven_Strijps_Meerhoven_040.webp","width":1920,"height":1080,"caption":"Maak plaats voor een Aikido demonstratie van sensei Edo in de dojo. Weerbaarheid voor jeugd zonder te leren vechten."},{"@type":"BreadcrumbList","@id":"https:\/\/aikido-ando.nl\/aikido-stages\/#breadcrumb","itemListElement":[{"@type":"ListItem","position":1,"name":"Home","item":"https:\/\/aikido-ando.nl\/"},{"@type":"ListItem","position":2,"name":"Aikido stage&#8217;s"}]},{"@type":"WebSite","@id":"https:\/\/aikido-ando.nl\/#website","url":"https:\/\/aikido-ando.nl\/","name":"Aikido Ando","description":"","publisher":{"@id":"https:\/\/aikido-ando.nl\/#organization"},"potentialAction":[{"@type":"SearchAction","target":{"@type":"EntryPoint","urlTemplate":"https:\/\/aikido-ando.nl\/?s={search_term_string}"},"query-input":{"@type":"PropertyValueSpecification","valueRequired":true,"valueName":"search_term_string"}}],"inLanguage":"fr-FR"},{"@type":"Organization","@id":"https:\/\/aikido-ando.nl\/#organization","name":"Aikido Ando","url":"https:\/\/aikido-ando.nl\/","logo":{"@type":"ImageObject","inLanguage":"fr-FR","@id":"https:\/\/aikido-ando.nl\/#\/schema\/logo\/image\/","url":"https:\/\/aikido-ando.nl\/wp-content\/uploads\/Logo.webp","contentUrl":"https:\/\/aikido-ando.nl\/wp-content\/uploads\/Logo.webp","width":500,"height":500,"caption":"Aikido Ando"},"image":{"@id":"https:\/\/aikido-ando.nl\/#\/schema\/logo\/image\/"},"sameAs":["https:\/\/www.facebook.com\/andoaikido","https:\/\/www.instagram.com\/andoaikido\/","https:\/\/www.tiktok.com\/404?fromUrl=\/andoaikido","https:\/\/www.linkedin.com\/company\/andoaikido?originalSubdomain=nl"]}]}},"_links":{"self":[{"href":"https:\/\/aikido-ando.nl\/fr\/wp-json\/wp\/v2\/pages\/2213","targetHints":{"allow":["GET"]}}],"collection":[{"href":"https:\/\/aikido-ando.nl\/fr\/wp-json\/wp\/v2\/pages"}],"about":[{"href":"https:\/\/aikido-ando.nl\/fr\/wp-json\/wp\/v2\/types\/page"}],"author":[{"embeddable":true,"href":"https:\/\/aikido-ando.nl\/fr\/wp-json\/wp\/v2\/users\/1"}],"replies":[{"embeddable":true,"href":"https:\/\/aikido-ando.nl\/fr\/wp-json\/wp\/v2\/comments?post=2213"}],"version-history":[{"count":0,"href":"https:\/\/aikido-ando.nl\/fr\/wp-json\/wp\/v2\/pages\/2213\/revisions"}],"wp:featuredmedia":[{"embeddable":true,"href":"https:\/\/aikido-ando.nl\/fr\/wp-json\/wp\/v2\/media\/1377"}],"wp:attachment":[{"href":"https:\/\/aikido-ando.nl\/fr\/wp-json\/wp\/v2\/media?parent=2213"}],"curies":[{"name":"wp","href":"https:\/\/api.w.org\/{rel}","templated":true}]}}