{"id":520,"date":"2024-10-08T20:40:38","date_gmt":"2024-10-08T18:40:38","guid":{"rendered":"https:\/\/aikido-ando.nl\/?page_id=520"},"modified":"2025-08-09T20:00:08","modified_gmt":"2025-08-09T18:00:08","slug":"laikido-au-quotidien","status":"publish","type":"page","link":"https:\/\/aikido-ando.nl\/fr\/aikido-in-het-dagelijksleven\/","title":{"rendered":"L'a\u00efkido au quotidien"},"content":{"rendered":"<div data-elementor-type=\"wp-page\" data-elementor-id=\"520\" class=\"elementor elementor-520\" data-elementor-post-type=\"page\">\n\t\t\t\t<div class=\"elementor-element elementor-element-0f01fff e-flex e-con-boxed e-con e-parent\" data-id=\"0f01fff\" data-element_type=\"container\" data-e-type=\"container\">\n\t\t\t\t\t<div class=\"e-con-inner\">\n\t\t\t\t<div class=\"elementor-element elementor-element-4e67a20 elementor-widget elementor-widget-text-editor\" data-id=\"4e67a20\" data-element_type=\"widget\" data-e-type=\"widget\" data-widget_type=\"text-editor.default\">\n\t\t\t\t<div class=\"elementor-widget-container\">\n\t\t\t\t\t\t\t\t\t<h2><strong>L'AIKIDO DANS LA VIE DE TOUS LES JOURS, \u00c0 QUOI CELA RESSEMBLE-T-IL ?<\/strong><\/h2><p><strong>Le bracelet Ando est quelque chose qui fait bondir notre c\u0153ur d'A\u00efkido \u5fc3 (Kokoro). <\/strong><br \/><strong>Nous nous entra\u00eenons \u00e0 l'A\u00efkido chaque semaine, mais comme vous le savez, cet art martial ne consiste pas seulement \u00e0 apprendre des techniques et des projections pour se d\u00e9fendre. Il s'agit plut\u00f4t de se rapprocher les uns des autres. C'est l'a\u00efkido au quotidien.<\/strong><\/p>\t\t\t\t\t\t\t\t<\/div>\n\t\t\t\t<\/div>\n\t\t\t\t<div class=\"elementor-element elementor-element-1534b07 elementor-widget elementor-widget-text-editor\" data-id=\"1534b07\" data-element_type=\"widget\" data-e-type=\"widget\" data-widget_type=\"text-editor.default\">\n\t\t\t\t<div class=\"elementor-widget-container\">\n\t\t\t\t\t\t\t\t\t<p>Comme <a href=\"https:\/\/aikido-ando.nl\/fr\/aikido-als-sport\/\">Aikido<\/a> Dans le dojo, cette situation ne se pr\u00e9sente souvent que lorsque vous rencontrez quelque chose. Par exemple, pensez \u00e0 une situation o\u00f9 vous \u00eates limit\u00e9. <strong>Sur le tapis<\/strong> peut \u00eatre lorsque quelqu'un vous saisit physiquement. Au lieu de penser en termes de limitations, nous, les A\u00efkidokas, cherchons des possibilit\u00e9s et des solutions. Lorsque quelqu'un saisit le poignet, nous d\u00e9ployons un Nikyo pour nous lib\u00e9rer. <strong>Nous nous entra\u00eenons \u00e0 reconna\u00eetre les situations et \u00e0 y r\u00e9pondre de mani\u00e8re appropri\u00e9e.<\/strong>, Nous utilisons donc la pince pour avertir une personne (c'est-\u00e0-dire pour qu'elle ne se brise pas) afin d'\u00e9viter l'escalade. Ainsi, nous utilisons la pince pour avertir quelqu'un (c'est-\u00e0-dire pour qu'il ne se casse pas) comme moyen de contr\u00f4le afin d'\u00e9viter l'escalade.<\/p><p>A l'\u00e9cole, par exemple, une telle limitation pourrait \u00eatre une le\u00e7on \u00e0 laquelle vous n'avez pas envie d'assister. Gr\u00e2ce \u00e0 l'A\u00efkido, vous savez que vous ne pouvez rien changer \u00e0 la situation elle-m\u00eame. <strong>BIEN \u00e0 la fa\u00e7on dont vous voyez les choses et dont vous les g\u00e9rez.<\/strong> Vous pourriez vous dire : \u2018Heureusement que ce cours ne dure qu'une heure\u2019.<\/p><p>Il en va de m\u00eame au travail. Vous rencontrez peut-\u00eatre un probl\u00e8me avec un sup\u00e9rieur ou une situation d\u00e9licate avec un coll\u00e8gue. Vous-m\u00eame <strong>passer \u00e0 la fa\u00e7on dont vous g\u00e9rez la situation sur le tapis<\/strong> offre une perspective pour l'ext\u00e9rieur. Commencez-vous \u00e0 voir des solutions ? Et non, nous ne parlons pas de \u2018montrer tous les coins du tapis\u2019. Pensez plut\u00f4t \u00e0 la mani\u00e8re dont vous communiquez. Quelle est votre attitude lorsque vous communiquez ? R\u00e9agissez-vous vous-m\u00eame de mani\u00e8re irritable ou \u00eates-vous de travers ? Votre coll\u00e8gue est-il visuel et est-il pr\u00e9f\u00e9rable de commencer par quelque chose, ou un indice auditif est-il plus utile ? C'est \u00e9galement de cette mani\u00e8re que vous vous accordez avec votre \u2018partenaire\u2019 en dehors du tapis. Comme en A\u00efkido, ils ne portent pas de ceinture de couleur et vous ne savez donc pas \u00e0 quel niveau ils se situent.<\/p>\t\t\t\t\t\t\t\t<\/div>\n\t\t\t\t<\/div>\n\t\t\t\t\t<\/div>\n\t\t\t\t<\/div>\n\t\t<div class=\"elementor-element elementor-element-09f3c50 e-flex e-con-boxed e-con e-parent\" data-id=\"09f3c50\" data-element_type=\"container\" data-e-type=\"container\">\n\t\t\t\t\t<div class=\"e-con-inner\">\n\t\t\t\t<div class=\"elementor-element elementor-element-8438af2 elementor-widget elementor-widget-video\" data-id=\"8438af2\" data-element_type=\"widget\" data-e-type=\"widget\" data-settings=\"{&quot;video_type&quot;:&quot;vimeo&quot;}\" data-widget_type=\"video.default\">\n\t\t\t\t<div class=\"elementor-widget-container\">\n\t\t\t\t\t\t\t<div class=\"elementor-wrapper elementor-open-inline\">\n\t\t\t<iframe class=\"elementor-video-iframe\" allowfullscreen allow=\"clipboard-write\" title=\"Reproductor de v\u00eddeo vimeo\" src=\"https:\/\/player.vimeo.com\/video\/735246611?color&amp;autopause=0&amp;loop=0&amp;muted=0&amp;title=1&amp;portrait=1&amp;byline=1#t=\" data-no-translation-title=\"\"><\/iframe>\t\t<\/div>\n\t\t\t\t\t\t<\/div>\n\t\t\t\t<\/div>\n\t\t\t\t\t<\/div>\n\t\t\t\t<\/div>\n\t\t<div class=\"elementor-element elementor-element-350d3a9 e-flex e-con-boxed e-con e-parent\" data-id=\"350d3a9\" data-element_type=\"container\" data-e-type=\"container\">\n\t\t\t\t\t<div class=\"e-con-inner\">\n\t\t\t\t<div class=\"elementor-element elementor-element-794ed3a elementor-widget elementor-widget-heading\" data-id=\"794ed3a\" data-element_type=\"widget\" data-e-type=\"widget\" data-widget_type=\"heading.default\">\n\t\t\t\t<div class=\"elementor-widget-container\">\n\t\t\t\t\t<h3 class=\"elementor-heading-title elementor-size-default\">L'a\u00efkido au quotidien, plus qu'une bonne blague<\/h3>\t\t\t\t<\/div>\n\t\t\t\t<\/div>\n\t\t\t\t<div class=\"elementor-element elementor-element-2d529bb elementor-widget elementor-widget-text-editor\" data-id=\"2d529bb\" data-element_type=\"widget\" data-e-type=\"widget\" data-widget_type=\"text-editor.default\">\n\t\t\t\t<div class=\"elementor-widget-container\">\n\t\t\t\t\t\t\t\t\t<p>De nos jours, nous, les humains, sommes tellement pr\u00e9occup\u00e9s par tout ce qui nous entoure. Alors qu'il n'y a absolument aucune raison de l'\u00eatre. Par exemple, notre p\u00e8re (d\u00e9c\u00e9d\u00e9 en 2021) nous a indiqu\u00e9 un extrait de Roue Verveer (de la s\u00e9rie \u2018Heppie de Peppie\u2019, disponible sur Netflix) qui se rapporte magnifiquement \u00e0 l'A\u00efkido dans la vie de tous les jours.<\/p>\t\t\t\t\t\t\t\t<\/div>\n\t\t\t\t<\/div>\n\t\t\t\t<div class=\"elementor-element elementor-element-15024b9 elementor-widget elementor-widget-text-editor\" data-id=\"15024b9\" data-element_type=\"widget\" data-e-type=\"widget\" data-widget_type=\"text-editor.default\">\n\t\t\t\t<div class=\"elementor-widget-container\">\n\t\t\t\t\t\t\t\t\t<p>Ce que Roue souligne, c'est qu'aujourd'hui, il ne va pas de soi que tout le monde soit joyeux. <strong>Que vous avez le contr\u00f4le.<\/strong> Voir l'organigramme ci-dessous. Un message reconnaissable qui <a href=\"https:\/\/www.omdenken.nl\">Berthold Gunster<\/a> de \u2018Omdenkenken\u2019. Lors d'une s\u00e9ance d'inspiration, il a appel\u00e9 cela \u2018Jiujitsu verbal\u2019 (il ne connaissait pas l'A\u00efkido \u00e0 l'\u00e9poque). Les <strong>Omdenkmatrix nous donne des outils pour travailler avec nous-m\u00eames<\/strong>.\u00a0<\/p><p>Comme sur le tapis, l'A\u00efkido dans la vie quotidienne demande du temps pour devenir bon.<\/p><p>C'est pourquoi nous vous mettons au d\u00e9fi de <strong>66 jours<\/strong> portez ce bracelet. D\u00e8s que vous avez r\u00e9ussi \u00e0 transformer une rencontre (en exp\u00e9rience positive), changez le bracelet d'un c\u00f4t\u00e9 \u00e0 l'autre. De cette fa\u00e7on, vous vous sensibilisez et vous faites en sorte que cela devienne une habitude. Ensuite, vous verrez que vous porterez le bracelet davantage comme un bijou.<\/p><p><strong>C'est ainsi qu'\u00e0 Ando, nous souhaitons avoir un impact positif et significatif.<\/strong> Encouragez-vous \u00e0 appliquer l'A\u00efkido dans la vie quotidienne de cette mani\u00e8re ! Faites l'exp\u00e9rience de l'\u00e9vidence de l'application de l'A\u00efkido dans la vie quotidienne.<\/p>\t\t\t\t\t\t\t\t<\/div>\n\t\t\t\t<\/div>\n\t\t\t\t\t<\/div>\n\t\t\t\t<\/div>\n\t\t<div class=\"elementor-element elementor-element-728c07bb e-flex e-con-boxed e-con e-parent\" data-id=\"728c07bb\" data-element_type=\"container\" data-e-type=\"container\" data-settings=\"{&quot;background_background&quot;:&quot;classic&quot;}\">\n\t\t\t\t\t<div class=\"e-con-inner\">\n\t\t<div class=\"elementor-element elementor-element-9f9ddd8 e-con-full e-flex e-con e-child\" data-id=\"9f9ddd8\" data-element_type=\"container\" data-e-type=\"container\" data-settings=\"{&quot;background_background&quot;:&quot;classic&quot;}\">\n\t\t\t\t<\/div>\n\t\t<div class=\"elementor-element elementor-element-5fba4770 e-con-full e-flex e-con e-child\" data-id=\"5fba4770\" data-element_type=\"container\" data-e-type=\"container\" data-settings=\"{&quot;background_background&quot;:&quot;classic&quot;}\">\n\t\t\t\t<\/div>\n\t\t<div class=\"elementor-element elementor-element-4603dba2 e-con-full e-flex e-con e-child\" data-id=\"4603dba2\" data-element_type=\"container\" data-e-type=\"container\" data-settings=\"{&quot;background_background&quot;:&quot;classic&quot;}\">\n\t\t\t\t<div class=\"elementor-element elementor-element-7677ac9 elementor-widget elementor-widget-text-editor\" data-id=\"7677ac9\" data-element_type=\"widget\" data-e-type=\"widget\" data-widget_type=\"text-editor.default\">\n\t\t\t\t<div class=\"elementor-widget-container\">\n\t\t\t\t\t\t\t\t\t<p>Sensei Edo &amp; Berthold Gunster<\/p>\t\t\t\t\t\t\t\t<\/div>\n\t\t\t\t<\/div>\n\t\t\t\t<\/div>\n\t\t\t\t\t<\/div>\n\t\t\t\t<\/div>\n\t\t<div class=\"elementor-element elementor-element-dea65c7 e-flex e-con-boxed e-con e-parent\" data-id=\"dea65c7\" data-element_type=\"container\" data-e-type=\"container\" data-settings=\"{&quot;background_background&quot;:&quot;classic&quot;}\">\n\t\t\t\t\t<div class=\"e-con-inner\">\n\t\t\t\t<div class=\"elementor-element elementor-element-a864a5e elementor-widget elementor-widget-heading\" data-id=\"a864a5e\" data-element_type=\"widget\" data-e-type=\"widget\" data-widget_type=\"heading.default\">\n\t\t\t\t<div class=\"elementor-widget-container\">\n\t\t\t\t\t<div class=\"elementor-heading-title elementor-size-default\">Personnel<br>\nla croissance entre vos mains<\/div>\t\t\t\t<\/div>\n\t\t\t\t<\/div>\n\t\t\t\t<div class=\"elementor-element elementor-element-37be65f elementor-widget elementor-widget-heading\" data-id=\"37be65f\" data-element_type=\"widget\" data-e-type=\"widget\" data-widget_type=\"heading.default\">\n\t\t\t\t<div class=\"elementor-widget-container\">\n\t\t\t\t\t<div class=\"elementor-heading-title elementor-size-default\">Quel que soit le domaine dans lequel vous souhaitez \u00e9voluer, l'A\u00efkido vous permettra de trouver le chemin.<\/div>\t\t\t\t<\/div>\n\t\t\t\t<\/div>\n\t\t\t\t<div class=\"elementor-element elementor-element-7f88665e elementor-align-center elementor-widget elementor-widget-button\" data-id=\"7f88665e\" data-element_type=\"widget\" data-e-type=\"widget\" data-widget_type=\"button.default\">\n\t\t\t\t<div class=\"elementor-widget-container\">\n\t\t\t\t\t\t\t\t\t<div class=\"elementor-button-wrapper\">\n\t\t\t\t\t<a class=\"elementor-button elementor-button-link elementor-size-sm\" href=\"https:\/\/ando-aikido.gotgrib.nl\/member\/selfservice\/registration\/628769c029bbb\">\n\t\t\t\t\t\t<span class=\"elementor-button-content-wrapper\">\n\t\t\t\t\t\t\t\t\t<span class=\"elementor-button-text\">Planifier une le\u00e7on d'introduction<\/span>\n\t\t\t\t\t<\/span>\n\t\t\t\t\t<\/a>\n\t\t\t\t<\/div>\n\t\t\t\t\t\t\t\t<\/div>\n\t\t\t\t<\/div>\n\t\t\t\t\t<\/div>\n\t\t\t\t<\/div>\n\t\t\t\t<\/div>","protected":false},"excerpt":{"rendered":"<p>AIKIDO IN HET DAGELIJKS LEVEN, HOE ZIET DAT ER UIT?\u200b De Ando wristband is iets waar ons Aikido hart \u5fc3 (Kokoro) een sprongetje van maakt. We trainen elke week Aikido, maar zoals je weet gaat deze Martial Art niet alleen maar om het leren van technieken en worpen om jezelf te verdedigen. Het gaat juist [&hellip;]<\/p>\n","protected":false},"author":1,"featured_media":1657,"parent":0,"menu_order":0,"comment_status":"closed","ping_status":"closed","template":"","meta":{"footnotes":""},"class_list":["post-520","page","type-page","status-publish","has-post-thumbnail","hentry"],"yoast_head":"<!-- This site is optimized with the Yoast SEO Premium plugin v27.3 (Yoast SEO v27.3) - https:\/\/yoast.com\/product\/yoast-seo-premium-wordpress\/ -->\n<title>Aikido in het dagelijksleven - Aikido ANDO<\/title>\n<meta name=\"description\" content=\"Aikido is meer dan een sport. Ontwikkel innerlijke rust en praktische inzichten voor je dagelijks leven bij Ando in Nederland.\" \/>\n<meta name=\"robots\" content=\"index, follow, max-snippet:-1, max-image-preview:large, max-video-preview:-1\" \/>\n<link rel=\"canonical\" href=\"https:\/\/aikido-ando.nl\/fr\/laikido-au-quotidien\/\" \/>\n<meta property=\"og:locale\" content=\"fr_FR\" \/>\n<meta property=\"og:type\" content=\"article\" \/>\n<meta property=\"og:title\" content=\"Aikido in het dagelijksleven\" \/>\n<meta property=\"og:description\" content=\"Aikido is meer dan een sport. Ontwikkel innerlijke rust en praktische inzichten voor je dagelijks leven bij Ando in Nederland.\" \/>\n<meta property=\"og:url\" content=\"https:\/\/aikido-ando.nl\/fr\/laikido-au-quotidien\/\" \/>\n<meta property=\"og:site_name\" content=\"Aikido ANDO\" \/>\n<meta property=\"article:publisher\" content=\"https:\/\/www.facebook.com\/andoaikido\" \/>\n<meta property=\"article:modified_time\" content=\"2025-08-09T18:00:08+00:00\" \/>\n<meta property=\"og:image\" content=\"https:\/\/aikido-ando.nl\/wp-content\/uploads\/Aikido_Fotoshoot_Ando_Dojo_SintOedenrode_Edo_Anne_Slui_Aikikai_Dojo_Netherlands.webp\" \/>\n\t<meta property=\"og:image:width\" content=\"1920\" \/>\n\t<meta property=\"og:image:height\" content=\"600\" \/>\n\t<meta property=\"og:image:type\" content=\"image\/webp\" \/>\n<meta name=\"twitter:card\" content=\"summary_large_image\" \/>\n<meta name=\"twitter:label1\" content=\"Dur\u00e9e de lecture estim\u00e9e\" \/>\n\t<meta name=\"twitter:data1\" content=\"4 minutes\" \/>\n<script type=\"application\/ld+json\" class=\"yoast-schema-graph\">{\"@context\":\"https:\\\/\\\/schema.org\",\"@graph\":[{\"@type\":\"WebPage\",\"@id\":\"https:\\\/\\\/aikido-ando.nl\\\/aikido-in-het-dagelijksleven\\\/\",\"url\":\"https:\\\/\\\/aikido-ando.nl\\\/aikido-in-het-dagelijksleven\\\/\",\"name\":\"Aikido in het dagelijksleven - Aikido ANDO\",\"isPartOf\":{\"@id\":\"https:\\\/\\\/aikido-ando.nl\\\/#website\"},\"primaryImageOfPage\":{\"@id\":\"https:\\\/\\\/aikido-ando.nl\\\/aikido-in-het-dagelijksleven\\\/#primaryimage\"},\"image\":{\"@id\":\"https:\\\/\\\/aikido-ando.nl\\\/aikido-in-het-dagelijksleven\\\/#primaryimage\"},\"thumbnailUrl\":\"https:\\\/\\\/aikido-ando.nl\\\/wp-content\\\/uploads\\\/Aikido_Fotoshoot_Ando_Dojo_SintOedenrode_Edo_Anne_Slui_Aikikai_Dojo_Netherlands.webp\",\"datePublished\":\"2024-10-08T18:40:38+00:00\",\"dateModified\":\"2025-08-09T18:00:08+00:00\",\"description\":\"Aikido is meer dan een sport. Ontwikkel innerlijke rust en praktische inzichten voor je dagelijks leven bij Ando in Nederland.\",\"breadcrumb\":{\"@id\":\"https:\\\/\\\/aikido-ando.nl\\\/aikido-in-het-dagelijksleven\\\/#breadcrumb\"},\"inLanguage\":\"fr-FR\",\"potentialAction\":[{\"@type\":\"ReadAction\",\"target\":[\"https:\\\/\\\/aikido-ando.nl\\\/aikido-in-het-dagelijksleven\\\/\"]}]},{\"@type\":\"ImageObject\",\"inLanguage\":\"fr-FR\",\"@id\":\"https:\\\/\\\/aikido-ando.nl\\\/aikido-in-het-dagelijksleven\\\/#primaryimage\",\"url\":\"https:\\\/\\\/aikido-ando.nl\\\/wp-content\\\/uploads\\\/Aikido_Fotoshoot_Ando_Dojo_SintOedenrode_Edo_Anne_Slui_Aikikai_Dojo_Netherlands.webp\",\"contentUrl\":\"https:\\\/\\\/aikido-ando.nl\\\/wp-content\\\/uploads\\\/Aikido_Fotoshoot_Ando_Dojo_SintOedenrode_Edo_Anne_Slui_Aikikai_Dojo_Netherlands.webp\",\"width\":1920,\"height\":600,\"caption\":\"Sensei Edo met uke Anne Slui geven een Aikido demonstratie in de natuur om te laten zien hoe prachtig deze sport is die natuurlijke beweging kent.\"},{\"@type\":\"BreadcrumbList\",\"@id\":\"https:\\\/\\\/aikido-ando.nl\\\/aikido-in-het-dagelijksleven\\\/#breadcrumb\",\"itemListElement\":[{\"@type\":\"ListItem\",\"position\":1,\"name\":\"Home\",\"item\":\"https:\\\/\\\/aikido-ando.nl\\\/\"},{\"@type\":\"ListItem\",\"position\":2,\"name\":\"Aikido in het dagelijksleven\"}]},{\"@type\":\"WebSite\",\"@id\":\"https:\\\/\\\/aikido-ando.nl\\\/#website\",\"url\":\"https:\\\/\\\/aikido-ando.nl\\\/\",\"name\":\"Aikido Ando\",\"description\":\"\",\"publisher\":{\"@id\":\"https:\\\/\\\/aikido-ando.nl\\\/#organization\"},\"potentialAction\":[{\"@type\":\"SearchAction\",\"target\":{\"@type\":\"EntryPoint\",\"urlTemplate\":\"https:\\\/\\\/aikido-ando.nl\\\/?s={search_term_string}\"},\"query-input\":{\"@type\":\"PropertyValueSpecification\",\"valueRequired\":true,\"valueName\":\"search_term_string\"}}],\"inLanguage\":\"fr-FR\"},{\"@type\":\"Organization\",\"@id\":\"https:\\\/\\\/aikido-ando.nl\\\/#organization\",\"name\":\"Aikido Ando\",\"url\":\"https:\\\/\\\/aikido-ando.nl\\\/\",\"logo\":{\"@type\":\"ImageObject\",\"inLanguage\":\"fr-FR\",\"@id\":\"https:\\\/\\\/aikido-ando.nl\\\/#\\\/schema\\\/logo\\\/image\\\/\",\"url\":\"https:\\\/\\\/aikido-ando.nl\\\/wp-content\\\/uploads\\\/Logo.webp\",\"contentUrl\":\"https:\\\/\\\/aikido-ando.nl\\\/wp-content\\\/uploads\\\/Logo.webp\",\"width\":500,\"height\":500,\"caption\":\"Aikido Ando\"},\"image\":{\"@id\":\"https:\\\/\\\/aikido-ando.nl\\\/#\\\/schema\\\/logo\\\/image\\\/\"},\"sameAs\":[\"https:\\\/\\\/www.facebook.com\\\/andoaikido\",\"https:\\\/\\\/www.instagram.com\\\/andoaikido\\\/\",\"https:\\\/\\\/www.tiktok.com\\\/404?fromUrl=\\\/andoaikido\",\"https:\\\/\\\/www.linkedin.com\\\/company\\\/andoaikido?originalSubdomain=nl\"]}]}<\/script>\n<!-- \/ Yoast SEO Premium plugin. -->","yoast_head_json":{"title":"L'a\u00efkido dans la vie de tous les jours - Aikido ANDO","description":"L'a\u00efkido est plus qu'un sport. D\u00e9veloppez la paix int\u00e9rieure et des id\u00e9es pratiques pour votre vie quotidienne \u00e0 Ando aux Pays-Bas.","robots":{"index":"index","follow":"follow","max-snippet":"max-snippet:-1","max-image-preview":"max-image-preview:large","max-video-preview":"max-video-preview:-1"},"canonical":"https:\/\/aikido-ando.nl\/fr\/laikido-au-quotidien\/","og_locale":"fr_FR","og_type":"article","og_title":"Aikido in het dagelijksleven","og_description":"Aikido is meer dan een sport. Ontwikkel innerlijke rust en praktische inzichten voor je dagelijks leven bij Ando in Nederland.","og_url":"https:\/\/aikido-ando.nl\/fr\/laikido-au-quotidien\/","og_site_name":"Aikido ANDO","article_publisher":"https:\/\/www.facebook.com\/andoaikido","article_modified_time":"2025-08-09T18:00:08+00:00","og_image":[{"width":1920,"height":600,"url":"https:\/\/aikido-ando.nl\/wp-content\/uploads\/Aikido_Fotoshoot_Ando_Dojo_SintOedenrode_Edo_Anne_Slui_Aikikai_Dojo_Netherlands.webp","type":"image\/webp"}],"twitter_card":"summary_large_image","twitter_misc":{"Dur\u00e9e de lecture estim\u00e9e":"4 minutes"},"schema":{"@context":"https:\/\/schema.org","@graph":[{"@type":"WebPage","@id":"https:\/\/aikido-ando.nl\/aikido-in-het-dagelijksleven\/","url":"https:\/\/aikido-ando.nl\/aikido-in-het-dagelijksleven\/","name":"L'a\u00efkido dans la vie de tous les jours - Aikido ANDO","isPartOf":{"@id":"https:\/\/aikido-ando.nl\/#website"},"primaryImageOfPage":{"@id":"https:\/\/aikido-ando.nl\/aikido-in-het-dagelijksleven\/#primaryimage"},"image":{"@id":"https:\/\/aikido-ando.nl\/aikido-in-het-dagelijksleven\/#primaryimage"},"thumbnailUrl":"https:\/\/aikido-ando.nl\/wp-content\/uploads\/Aikido_Fotoshoot_Ando_Dojo_SintOedenrode_Edo_Anne_Slui_Aikikai_Dojo_Netherlands.webp","datePublished":"2024-10-08T18:40:38+00:00","dateModified":"2025-08-09T18:00:08+00:00","description":"L'a\u00efkido est plus qu'un sport. D\u00e9veloppez la paix int\u00e9rieure et des id\u00e9es pratiques pour votre vie quotidienne \u00e0 Ando aux Pays-Bas.","breadcrumb":{"@id":"https:\/\/aikido-ando.nl\/aikido-in-het-dagelijksleven\/#breadcrumb"},"inLanguage":"fr-FR","potentialAction":[{"@type":"ReadAction","target":["https:\/\/aikido-ando.nl\/aikido-in-het-dagelijksleven\/"]}]},{"@type":"ImageObject","inLanguage":"fr-FR","@id":"https:\/\/aikido-ando.nl\/aikido-in-het-dagelijksleven\/#primaryimage","url":"https:\/\/aikido-ando.nl\/wp-content\/uploads\/Aikido_Fotoshoot_Ando_Dojo_SintOedenrode_Edo_Anne_Slui_Aikikai_Dojo_Netherlands.webp","contentUrl":"https:\/\/aikido-ando.nl\/wp-content\/uploads\/Aikido_Fotoshoot_Ando_Dojo_SintOedenrode_Edo_Anne_Slui_Aikikai_Dojo_Netherlands.webp","width":1920,"height":600,"caption":"Sensei Edo met uke Anne Slui geven een Aikido demonstratie in de natuur om te laten zien hoe prachtig deze sport is die natuurlijke beweging kent."},{"@type":"BreadcrumbList","@id":"https:\/\/aikido-ando.nl\/aikido-in-het-dagelijksleven\/#breadcrumb","itemListElement":[{"@type":"ListItem","position":1,"name":"Home","item":"https:\/\/aikido-ando.nl\/"},{"@type":"ListItem","position":2,"name":"Aikido in het dagelijksleven"}]},{"@type":"WebSite","@id":"https:\/\/aikido-ando.nl\/#website","url":"https:\/\/aikido-ando.nl\/","name":"Aikido Ando","description":"","publisher":{"@id":"https:\/\/aikido-ando.nl\/#organization"},"potentialAction":[{"@type":"SearchAction","target":{"@type":"EntryPoint","urlTemplate":"https:\/\/aikido-ando.nl\/?s={search_term_string}"},"query-input":{"@type":"PropertyValueSpecification","valueRequired":true,"valueName":"search_term_string"}}],"inLanguage":"fr-FR"},{"@type":"Organization","@id":"https:\/\/aikido-ando.nl\/#organization","name":"Aikido Ando","url":"https:\/\/aikido-ando.nl\/","logo":{"@type":"ImageObject","inLanguage":"fr-FR","@id":"https:\/\/aikido-ando.nl\/#\/schema\/logo\/image\/","url":"https:\/\/aikido-ando.nl\/wp-content\/uploads\/Logo.webp","contentUrl":"https:\/\/aikido-ando.nl\/wp-content\/uploads\/Logo.webp","width":500,"height":500,"caption":"Aikido Ando"},"image":{"@id":"https:\/\/aikido-ando.nl\/#\/schema\/logo\/image\/"},"sameAs":["https:\/\/www.facebook.com\/andoaikido","https:\/\/www.instagram.com\/andoaikido\/","https:\/\/www.tiktok.com\/404?fromUrl=\/andoaikido","https:\/\/www.linkedin.com\/company\/andoaikido?originalSubdomain=nl"]}]}},"_links":{"self":[{"href":"https:\/\/aikido-ando.nl\/fr\/wp-json\/wp\/v2\/pages\/520","targetHints":{"allow":["GET"]}}],"collection":[{"href":"https:\/\/aikido-ando.nl\/fr\/wp-json\/wp\/v2\/pages"}],"about":[{"href":"https:\/\/aikido-ando.nl\/fr\/wp-json\/wp\/v2\/types\/page"}],"author":[{"embeddable":true,"href":"https:\/\/aikido-ando.nl\/fr\/wp-json\/wp\/v2\/users\/1"}],"replies":[{"embeddable":true,"href":"https:\/\/aikido-ando.nl\/fr\/wp-json\/wp\/v2\/comments?post=520"}],"version-history":[{"count":0,"href":"https:\/\/aikido-ando.nl\/fr\/wp-json\/wp\/v2\/pages\/520\/revisions"}],"wp:featuredmedia":[{"embeddable":true,"href":"https:\/\/aikido-ando.nl\/fr\/wp-json\/wp\/v2\/media\/1657"}],"wp:attachment":[{"href":"https:\/\/aikido-ando.nl\/fr\/wp-json\/wp\/v2\/media?parent=520"}],"curies":[{"name":"wp","href":"https:\/\/api.w.org\/{rel}","templated":true}]}}