{"id":532,"date":"2024-10-08T21:06:50","date_gmt":"2024-10-08T19:06:50","guid":{"rendered":"https:\/\/aikido-ando.nl\/?page_id=532"},"modified":"2024-12-10T13:19:35","modified_gmt":"2024-12-10T12:19:35","slug":"aikido-jip-et-janneke","status":"publish","type":"page","link":"https:\/\/aikido-ando.nl\/fr\/aikido-jip-en-janneke\/","title":{"rendered":"Aikido Jip et Janneke"},"content":{"rendered":"<div data-elementor-type=\"wp-page\" data-elementor-id=\"532\" class=\"elementor elementor-532\" data-elementor-post-type=\"page\">\n\t\t\t\t<div class=\"elementor-element elementor-element-636934f e-flex e-con-boxed e-con e-parent\" data-id=\"636934f\" data-element_type=\"container\" data-e-type=\"container\">\n\t\t\t\t\t<div class=\"e-con-inner\">\n\t\t\t\t<div class=\"elementor-element elementor-element-090e52b elementor-widget elementor-widget-text-editor\" data-id=\"090e52b\" data-element_type=\"widget\" data-e-type=\"widget\" data-widget_type=\"text-editor.default\">\n\t\t\t\t<div class=\"elementor-widget-container\">\n\t\t\t\t\t\t\t\t\t<p><strong>Ando donne des cours d'A\u00efkido \u00e0 Zaltbommel, la ville c\u00e9l\u00e8bre pour Annie M.G. Schmidt, l'auteur de l'ouvrage. <a href=\"https:\/\/nl.wikipedia.org\/wiki\/Annie_M.G._Schmidt\">\u00e9crivain<\/a> De Jip et Janneke. Inspir\u00e9s par les aventures et les sages le\u00e7ons de ses histoires, nous avons d\u00e9velopp\u00e9 \u201cAikido Jip et Janneke\u201d pour les enfants (et secr\u00e8tement amusant pour les adultes aussi).<\/strong><\/p>\t\t\t\t\t\t\t\t<\/div>\n\t\t\t\t<\/div>\n\t\t\t\t<div class=\"elementor-element elementor-element-91b018b elementor-widget elementor-widget-text-editor\" data-id=\"91b018b\" data-element_type=\"widget\" data-e-type=\"widget\" data-widget_type=\"text-editor.default\">\n\t\t\t\t<div class=\"elementor-widget-container\">\n\t\t\t\t\t\t\t\t\t<p>Par une journ\u00e9e ensoleill\u00e9e, Jip obtient <strong>bagarre dans la cour d'\u00e9cole<\/strong> avec un petit gar\u00e7on pr\u00e8s de la balan\u00e7oire. \u201cIl ne veut pas descendre\u201d, dit Jip \u00e0 Joanna avec col\u00e8re. Avant que Janneke ne puisse dire quoi que ce soit, la cloche de l'\u00e9cole sonne. \u201cC'est l'heure de rentrer\u201d, dit-elle.<\/p><p>En classe, le professeur parle d'une le\u00e7on sp\u00e9ciale. \u201c<strong>Tim donnera une conf\u00e9rence sur l'Aikido<\/strong>, et nous obtenons alors a <strong>cours de gym sp\u00e9cial par sensei Edo et Anne<\/strong>,Elle ajoute : \u201dJe suis tr\u00e8s heureuse d'\u00eatre ici.<\/p><h3>Discussion sur l'a\u00efkido<\/h3><p>Tim commence son expos\u00e9 avec enthousiasme sur l'a\u00efkido. \u201cIl s'agit d'un art martial japonais autrefois pratiqu\u00e9 par les <strong>samoura\u00efs<\/strong> a \u00e9t\u00e9 effectu\u00e9e, et qu'il n'y a pas de correspondance dans la base de donn\u00e9es des <strong>L'a\u00efkido parce qu'il ne s'agit pas d'un art martial, mais plut\u00f4t d'un art de la paix.<\/strong>.\u201d dit-il. \u201c<a href=\"https:\/\/aikido-ando.nl\/fr\/oprichter-aikido\/\">Morihei Ueshiba<\/a>, Le cr\u00e9ateur, Tim, pensait que la collaboration \u00e9tait tr\u00e8s importante\u201d. Apr\u00e8s l'intervention de Tim, tout le monde applaudit. \u201cVite, changez de v\u00eatements, nous allons au gymnase ! crie le professeur.<\/p><p>Il y a un grand tapis dans le gymnase. \u201c<strong>Regardez, un dojo<\/strong>,\u201d, dit Tim. Sensei Edo et Anne sont d\u00e9j\u00e0 pr\u00eats. \u201cCommen\u00e7ons par les salutations, c'est poli. Ils s'inclinent gentiment l'un devant l'autre et commencent.<\/p><p><strong>La le\u00e7on est passionnante.<\/strong> Ils apprennent que lorsqu'on tombe, il faut rouler. Il faut mettre le menton sur la poitrine\u2018, dit Tim. Ensuite, on devient <strong>rond comme une balle<\/strong> et tomber plus finement. Il enseigne \u00e9galement comment attraper quelqu'un par le bras et le mettre au sol. <strong>sans blesser<\/strong>. Il n'est m\u00eame pas n\u00e9cessaire d'\u00eatre fort pour cela.\u00a0<\/p><p>\u201cEcoutez, dit sensei Anne en souriant, quand nous nous disputons, nous ne pensons qu'\u00e0 ce que nous voulons pour nous-m\u00eames. Mais c'est <strong>Il est important de penser \u00e9galement \u00e0 ce que l'autre personne veut<\/strong>.\u201d Jip et Janneke \u00e9coutent attentivement. \u201cEn A\u00efkido, on apprend \u00e0 se mettre \u00e0 la place de l'autre. On voit alors les choses diff\u00e9remment et on a moins tendance \u00e0 se disputer.\u201d <strong>Jip pense au petit gar\u00e7on<\/strong> sur la balan\u00e7oire. \u201cIl se demande s'il aurait pu agir diff\u00e9remment.<\/p><h3>Cours d'a\u00efkido sages<\/h3><p>\u201c\u00c9coute bien\u201d, dit sensei Edo d'un ton calme. Le pouvoir le plus puissant que tu poss\u00e8des est appel\u00e9 \u201cKi\u2018 en japonais. <strong>C'est votre force int\u00e9rieure.<\/strong>\u201d Les enfants le regardent avec curiosit\u00e9. \u201cSi vous restez assis et que vous respirez profond\u00e9ment, vous trouverez cette force naturellement\u201d, explique-t-il. \u201cParfois, lorsque vous faites quelque chose d'excitant ou que vous n'aimez pas quelque chose, vous retenez votre souffle. C'est ce que l'on appelle <strong>le moment de rester calme<\/strong> et respirez bien. Ce pouvoir sortira alors naturellement. Les enfants essaient. Jip se sent calme et fort. \u201cC'est fou\u201d, murmure-t-il \u00e0 Joanna. \u201cJe me sens vraiment calme.\u201d<\/p><p>Apr\u00e8s la le\u00e7on, ils remercient sensei Edo et Anne. Jip dit : \u201cMerci pour la le\u00e7on d'A\u00efkido\u201d, Janneke ajoute : \u201cNous avons beaucoup appris\u201d.<\/p><h3>L'a\u00efkido dans la cour de r\u00e9cr\u00e9ation<\/h3><p>Apr\u00e8s l'\u00e9cole, Jip court vers la balan\u00e7oire, mais le petit gar\u00e7on y est d\u00e9j\u00e0. <strong>Jip se souvient de la le\u00e7on d'A\u00efkido<\/strong>. Il lui demande calmement : \u201cPourquoi veux-tu te balancer tout le temps ?\u201d. Le petit gar\u00e7on explique qu'il n'a pas de balan\u00e7oire \u00e0 la maison. \u201cJip propose de faire un concours de saut en longueur.<\/p><p>Joanna regarde avec anxi\u00e9t\u00e9 Jip et le petit gar\u00e7on jouer \u00e0 la balan\u00e7oire. <strong>Elle voit Jip voler dans les airs<\/strong>, Mais avant de tomber, il met rapidement son menton sur sa poitrine et roule dans l'herbe. \u201cIl s'en est fallu de peu\u201d, dit Joanna.<\/p><p>\u00c0 la maison, ils racontent \u00e0 leur m\u00e8re <a href=\"https:\/\/aikido-ando.nl\/fr\/aikido-als-sport\/\">Aikido<\/a>. \u201cNous avons appris \u00e0 maintenir la paix et \u00e0 nous d\u00e9fendre sans blesser\u201d, dit Jip. La m\u00e8re sourit. \u201cQuelle belle le\u00e7on !. <strong>Tout le monde devrait peut-\u00eatre apprendre l'A\u00efkido<\/strong>,\u201d, dit-elle. Jip et Janneke rient. \u201cCe serait amusant !\u201d<\/p><p>C'est ainsi que s'ach\u00e8ve l'histoire de l'A\u00efkido dans la langue de Jip et Janneke.<\/p>\t\t\t\t\t\t\t\t<\/div>\n\t\t\t\t<\/div>\n\t\t\t\t\t<\/div>\n\t\t\t\t<\/div>\n\t\t<div class=\"elementor-element elementor-element-0ea74ee e-flex e-con-boxed e-con e-parent\" data-id=\"0ea74ee\" data-element_type=\"container\" data-e-type=\"container\" data-settings=\"{&quot;background_background&quot;:&quot;classic&quot;}\">\n\t\t\t\t\t<div class=\"e-con-inner\">\n\t\t\t\t\t<\/div>\n\t\t\t\t<\/div>\n\t\t<div class=\"elementor-element elementor-element-0c09ed5 e-flex e-con-boxed e-con e-parent\" data-id=\"0c09ed5\" data-element_type=\"container\" data-e-type=\"container\" data-settings=\"{&quot;background_background&quot;:&quot;classic&quot;}\">\n\t\t\t\t\t<div class=\"e-con-inner\">\n\t\t\t\t<div class=\"elementor-element elementor-element-a4041d3 elementor-widget elementor-widget-heading\" data-id=\"a4041d3\" data-element_type=\"widget\" data-e-type=\"widget\" data-widget_type=\"heading.default\">\n\t\t\t\t<div class=\"elementor-widget-container\">\n\t\t\t\t\t<h1 class=\"elementor-heading-title elementor-size-default\">Les formateurs d'Ando apportent l'a\u00efkido&nbsp;<div>\u00e0 la vie sur et en dehors du tapis<\/div><\/h1>\t\t\t\t<\/div>\n\t\t\t\t<\/div>\n\t\t\t\t<div class=\"elementor-element elementor-element-896f882 elementor-align-center elementor-widget elementor-widget-button\" data-id=\"896f882\" data-element_type=\"widget\" data-e-type=\"widget\" data-widget_type=\"button.default\">\n\t\t\t\t<div class=\"elementor-widget-container\">\n\t\t\t\t\t\t\t\t\t<div class=\"elementor-button-wrapper\">\n\t\t\t\t\t<a class=\"elementor-button elementor-button-link elementor-size-sm\" href=\"https:\/\/aikido-ando.nl\/fr\/aikido-kinderboeken\/\">\n\t\t\t\t\t\t<span class=\"elementor-button-content-wrapper\">\n\t\t\t\t\t\t\t\t\t<span class=\"elementor-button-text\">Voir nos livres pour enfants<\/span>\n\t\t\t\t\t<\/span>\n\t\t\t\t\t<\/a>\n\t\t\t\t<\/div>\n\t\t\t\t\t\t\t\t<\/div>\n\t\t\t\t<\/div>\n\t\t\t\t\t<\/div>\n\t\t\t\t<\/div>\n\t\t<div class=\"elementor-element elementor-element-ab0bd0a e-con-full e-flex e-con e-parent\" data-id=\"ab0bd0a\" data-element_type=\"container\" data-e-type=\"container\">\n\t\t\t\t<div class=\"elementor-element elementor-element-af0c60a elementor-widget elementor-widget-shortcode\" data-id=\"af0c60a\" data-element_type=\"widget\" data-e-type=\"widget\" data-widget_type=\"shortcode.default\">\n\t\t\t\t<div class=\"elementor-widget-container\">\n\t\t\t\t\t\t\t<div class=\"elementor-shortcode\">\t\t<div data-elementor-type=\"section\" data-elementor-id=\"454\" class=\"elementor elementor-454\" data-elementor-post-type=\"elementor_library\">\n\t\t\t<div class=\"elementor-element elementor-element-9f2a222 e-flex e-con-boxed e-con e-parent\" data-id=\"9f2a222\" data-element_type=\"container\" data-e-type=\"container\" data-settings=\"{&quot;background_background&quot;:&quot;video&quot;,&quot;background_video_link&quot;:&quot;https:\\\/\\\/vimeo.com\\\/944371024?share=copy&quot;}\">\n\t\t\t\t\t<div class=\"e-con-inner\">\n\t\t<div class=\"elementor-background-video-container elementor-hidden-mobile\">\n\t\t\t\t\t\t\t<div class=\"elementor-background-video-embed\" role=\"presentation\"><\/div>\n\t\t\t\t\t\t<\/div>\t\t<div class=\"elementor-element elementor-element-49657b84 elementor-widget elementor-widget-heading\" data-id=\"49657b84\" data-element_type=\"widget\" data-e-type=\"widget\" data-widget_type=\"heading.default\">\n\t\t\t\t<div class=\"elementor-widget-container\">\n\t\t\t\t\t<div class=\"elementor-heading-title elementor-size-default\">Ludique<br>\nrenforcer la r\u00e9silience<\/div>\t\t\t\t<\/div>\n\t\t\t\t<\/div>\n\t\t\t\t<div class=\"elementor-element elementor-element-47f5274f elementor-widget elementor-widget-heading\" data-id=\"47f5274f\" data-element_type=\"widget\" data-e-type=\"widget\" data-widget_type=\"heading.default\">\n\t\t\t\t<div class=\"elementor-widget-container\">\n\t\t\t\t\t<div class=\"elementor-heading-title elementor-size-default\">Participez \u00e0 un cours d'A\u00efkido \u00e0 Zaltbommel !<\/div>\t\t\t\t<\/div>\n\t\t\t\t<\/div>\n\t\t\t\t<div class=\"elementor-element elementor-element-1efa8e9a elementor-align-center elementor-widget elementor-widget-button\" data-id=\"1efa8e9a\" data-element_type=\"widget\" data-e-type=\"widget\" data-widget_type=\"button.default\">\n\t\t\t\t<div class=\"elementor-widget-container\">\n\t\t\t\t\t\t\t\t\t<div class=\"elementor-button-wrapper\">\n\t\t\t\t\t<a class=\"elementor-button elementor-button-link elementor-size-sm\" href=\"https:\/\/ando-aikido.gotgrib.nl\/member\/selfservice\/registration\/628769c029bbb\">\n\t\t\t\t\t\t<span class=\"elementor-button-content-wrapper\">\n\t\t\t\t\t\t\t\t\t<span class=\"elementor-button-text\">Planifier la le\u00e7on d'essai gratuite<\/span>\n\t\t\t\t\t<\/span>\n\t\t\t\t\t<\/a>\n\t\t\t\t<\/div>\n\t\t\t\t\t\t\t\t<\/div>\n\t\t\t\t<\/div>\n\t\t\t\t\t<\/div>\n\t\t\t\t<\/div>\n\t\t\t\t<\/div>\n\t\t<\/div>\n\t\t\t\t\t\t<\/div>\n\t\t\t\t<\/div>\n\t\t\t\t<\/div>\n\t\t\t\t<\/div>","protected":false},"excerpt":{"rendered":"<p>Ando geeft Aikidolessen in Zaltbommel, de stad beroemd om Annie M.G. Schmidt, de schrijfster van Jip &amp; Janneke. Ge\u00efnspireerd door de avonturen en wijze lessen in haar verhalen, ontwikkelden we &#8220;Aikido Jip en Janneke&#8221; voor kinderen (en stiekem ook leuk voor volwassenen). Op een zonnige dag krijgt Jip ruzie op het schoolplein met een jongetje [&hellip;]<\/p>\n","protected":false},"author":1,"featured_media":1739,"parent":0,"menu_order":0,"comment_status":"closed","ping_status":"closed","template":"elementor_header_footer","meta":{"footnotes":""},"class_list":["post-532","page","type-page","status-publish","has-post-thumbnail","hentry"],"yoast_head":"<!-- This site is optimized with the Yoast SEO Premium plugin v27.3 (Yoast SEO v27.3) - https:\/\/yoast.com\/product\/yoast-seo-premium-wordpress\/ -->\n<title>Aikido Jip en Janneke - Aikido ANDO<\/title>\n<meta name=\"description\" content=\"Aikido voor iedereen! Begrijp de principes van balans en harmonie eenvoudig uitgelegd in Jip en Janneketaal door Ando.\" \/>\n<meta name=\"robots\" content=\"index, follow, max-snippet:-1, max-image-preview:large, max-video-preview:-1\" \/>\n<link rel=\"canonical\" href=\"https:\/\/aikido-ando.nl\/fr\/aikido-jip-et-janneke\/\" \/>\n<meta property=\"og:locale\" content=\"fr_FR\" \/>\n<meta property=\"og:type\" content=\"article\" \/>\n<meta property=\"og:title\" content=\"Aikido Jip en Janneke\" \/>\n<meta property=\"og:description\" content=\"Aikido voor iedereen! Begrijp de principes van balans en harmonie eenvoudig uitgelegd in Jip en Janneketaal door Ando.\" \/>\n<meta property=\"og:url\" content=\"https:\/\/aikido-ando.nl\/fr\/aikido-jip-et-janneke\/\" \/>\n<meta property=\"og:site_name\" content=\"Aikido ANDO\" \/>\n<meta property=\"article:publisher\" content=\"https:\/\/www.facebook.com\/andoaikido\" \/>\n<meta property=\"article:modified_time\" content=\"2024-12-10T12:19:35+00:00\" \/>\n<meta property=\"og:image\" content=\"https:\/\/aikido-ando.nl\/wp-content\/uploads\/Jip_En_Janneke_Aikido_Verhaal_Ando_Dojo_Zaltbommel.webp\" \/>\n\t<meta property=\"og:image:width\" content=\"1920\" \/>\n\t<meta property=\"og:image:height\" content=\"600\" \/>\n\t<meta property=\"og:image:type\" content=\"image\/webp\" \/>\n<meta name=\"twitter:card\" content=\"summary_large_image\" \/>\n<meta name=\"twitter:label1\" content=\"Dur\u00e9e de lecture estim\u00e9e\" \/>\n\t<meta name=\"twitter:data1\" content=\"4 minutes\" \/>\n<script type=\"application\/ld+json\" class=\"yoast-schema-graph\">{\"@context\":\"https:\\\/\\\/schema.org\",\"@graph\":[{\"@type\":\"WebPage\",\"@id\":\"https:\\\/\\\/aikido-ando.nl\\\/aikido-jip-en-janneke\\\/\",\"url\":\"https:\\\/\\\/aikido-ando.nl\\\/aikido-jip-en-janneke\\\/\",\"name\":\"Aikido Jip en Janneke - Aikido ANDO\",\"isPartOf\":{\"@id\":\"https:\\\/\\\/aikido-ando.nl\\\/#website\"},\"primaryImageOfPage\":{\"@id\":\"https:\\\/\\\/aikido-ando.nl\\\/aikido-jip-en-janneke\\\/#primaryimage\"},\"image\":{\"@id\":\"https:\\\/\\\/aikido-ando.nl\\\/aikido-jip-en-janneke\\\/#primaryimage\"},\"thumbnailUrl\":\"https:\\\/\\\/aikido-ando.nl\\\/wp-content\\\/uploads\\\/Jip_En_Janneke_Aikido_Verhaal_Ando_Dojo_Zaltbommel.webp\",\"datePublished\":\"2024-10-08T19:06:50+00:00\",\"dateModified\":\"2024-12-10T12:19:35+00:00\",\"description\":\"Aikido voor iedereen! Begrijp de principes van balans en harmonie eenvoudig uitgelegd in Jip en Janneketaal door Ando.\",\"breadcrumb\":{\"@id\":\"https:\\\/\\\/aikido-ando.nl\\\/aikido-jip-en-janneke\\\/#breadcrumb\"},\"inLanguage\":\"fr-FR\",\"potentialAction\":[{\"@type\":\"ReadAction\",\"target\":[\"https:\\\/\\\/aikido-ando.nl\\\/aikido-jip-en-janneke\\\/\"]}]},{\"@type\":\"ImageObject\",\"inLanguage\":\"fr-FR\",\"@id\":\"https:\\\/\\\/aikido-ando.nl\\\/aikido-jip-en-janneke\\\/#primaryimage\",\"url\":\"https:\\\/\\\/aikido-ando.nl\\\/wp-content\\\/uploads\\\/Jip_En_Janneke_Aikido_Verhaal_Ando_Dojo_Zaltbommel.webp\",\"contentUrl\":\"https:\\\/\\\/aikido-ando.nl\\\/wp-content\\\/uploads\\\/Jip_En_Janneke_Aikido_Verhaal_Ando_Dojo_Zaltbommel.webp\",\"width\":1920,\"height\":600,\"caption\":\"Jip past Aikido toe in de speeltuin, een verhaal dat over de Japanse zelfverdediging sport Aikido gaat. Ando Aikido geeft les in Zaltbommel, de stad van Annie m.g. Schmidt.\"},{\"@type\":\"BreadcrumbList\",\"@id\":\"https:\\\/\\\/aikido-ando.nl\\\/aikido-jip-en-janneke\\\/#breadcrumb\",\"itemListElement\":[{\"@type\":\"ListItem\",\"position\":1,\"name\":\"Home\",\"item\":\"https:\\\/\\\/aikido-ando.nl\\\/\"},{\"@type\":\"ListItem\",\"position\":2,\"name\":\"Aikido Jip en Janneke\"}]},{\"@type\":\"WebSite\",\"@id\":\"https:\\\/\\\/aikido-ando.nl\\\/#website\",\"url\":\"https:\\\/\\\/aikido-ando.nl\\\/\",\"name\":\"Aikido Ando\",\"description\":\"\",\"publisher\":{\"@id\":\"https:\\\/\\\/aikido-ando.nl\\\/#organization\"},\"potentialAction\":[{\"@type\":\"SearchAction\",\"target\":{\"@type\":\"EntryPoint\",\"urlTemplate\":\"https:\\\/\\\/aikido-ando.nl\\\/?s={search_term_string}\"},\"query-input\":{\"@type\":\"PropertyValueSpecification\",\"valueRequired\":true,\"valueName\":\"search_term_string\"}}],\"inLanguage\":\"fr-FR\"},{\"@type\":\"Organization\",\"@id\":\"https:\\\/\\\/aikido-ando.nl\\\/#organization\",\"name\":\"Aikido Ando\",\"url\":\"https:\\\/\\\/aikido-ando.nl\\\/\",\"logo\":{\"@type\":\"ImageObject\",\"inLanguage\":\"fr-FR\",\"@id\":\"https:\\\/\\\/aikido-ando.nl\\\/#\\\/schema\\\/logo\\\/image\\\/\",\"url\":\"https:\\\/\\\/aikido-ando.nl\\\/wp-content\\\/uploads\\\/Logo.webp\",\"contentUrl\":\"https:\\\/\\\/aikido-ando.nl\\\/wp-content\\\/uploads\\\/Logo.webp\",\"width\":500,\"height\":500,\"caption\":\"Aikido Ando\"},\"image\":{\"@id\":\"https:\\\/\\\/aikido-ando.nl\\\/#\\\/schema\\\/logo\\\/image\\\/\"},\"sameAs\":[\"https:\\\/\\\/www.facebook.com\\\/andoaikido\",\"https:\\\/\\\/www.instagram.com\\\/andoaikido\\\/\",\"https:\\\/\\\/www.tiktok.com\\\/404?fromUrl=\\\/andoaikido\",\"https:\\\/\\\/www.linkedin.com\\\/company\\\/andoaikido?originalSubdomain=nl\"]}]}<\/script>\n<!-- \/ Yoast SEO Premium plugin. -->","yoast_head_json":{"title":"Aikido Jip et Janneke - Aikido ANDO","description":"L'A\u00efkido pour tous ! Comprendre les principes d'\u00e9quilibre et d'harmonie expliqu\u00e9s simplement en langage Jip et Janneke par Ando.","robots":{"index":"index","follow":"follow","max-snippet":"max-snippet:-1","max-image-preview":"max-image-preview:large","max-video-preview":"max-video-preview:-1"},"canonical":"https:\/\/aikido-ando.nl\/fr\/aikido-jip-et-janneke\/","og_locale":"fr_FR","og_type":"article","og_title":"Aikido Jip en Janneke","og_description":"Aikido voor iedereen! Begrijp de principes van balans en harmonie eenvoudig uitgelegd in Jip en Janneketaal door Ando.","og_url":"https:\/\/aikido-ando.nl\/fr\/aikido-jip-et-janneke\/","og_site_name":"Aikido ANDO","article_publisher":"https:\/\/www.facebook.com\/andoaikido","article_modified_time":"2024-12-10T12:19:35+00:00","og_image":[{"width":1920,"height":600,"url":"https:\/\/aikido-ando.nl\/wp-content\/uploads\/Jip_En_Janneke_Aikido_Verhaal_Ando_Dojo_Zaltbommel.webp","type":"image\/webp"}],"twitter_card":"summary_large_image","twitter_misc":{"Dur\u00e9e de lecture estim\u00e9e":"4 minutes"},"schema":{"@context":"https:\/\/schema.org","@graph":[{"@type":"WebPage","@id":"https:\/\/aikido-ando.nl\/aikido-jip-en-janneke\/","url":"https:\/\/aikido-ando.nl\/aikido-jip-en-janneke\/","name":"Aikido Jip et Janneke - Aikido ANDO","isPartOf":{"@id":"https:\/\/aikido-ando.nl\/#website"},"primaryImageOfPage":{"@id":"https:\/\/aikido-ando.nl\/aikido-jip-en-janneke\/#primaryimage"},"image":{"@id":"https:\/\/aikido-ando.nl\/aikido-jip-en-janneke\/#primaryimage"},"thumbnailUrl":"https:\/\/aikido-ando.nl\/wp-content\/uploads\/Jip_En_Janneke_Aikido_Verhaal_Ando_Dojo_Zaltbommel.webp","datePublished":"2024-10-08T19:06:50+00:00","dateModified":"2024-12-10T12:19:35+00:00","description":"L'A\u00efkido pour tous ! Comprendre les principes d'\u00e9quilibre et d'harmonie expliqu\u00e9s simplement en langage Jip et Janneke par Ando.","breadcrumb":{"@id":"https:\/\/aikido-ando.nl\/aikido-jip-en-janneke\/#breadcrumb"},"inLanguage":"fr-FR","potentialAction":[{"@type":"ReadAction","target":["https:\/\/aikido-ando.nl\/aikido-jip-en-janneke\/"]}]},{"@type":"ImageObject","inLanguage":"fr-FR","@id":"https:\/\/aikido-ando.nl\/aikido-jip-en-janneke\/#primaryimage","url":"https:\/\/aikido-ando.nl\/wp-content\/uploads\/Jip_En_Janneke_Aikido_Verhaal_Ando_Dojo_Zaltbommel.webp","contentUrl":"https:\/\/aikido-ando.nl\/wp-content\/uploads\/Jip_En_Janneke_Aikido_Verhaal_Ando_Dojo_Zaltbommel.webp","width":1920,"height":600,"caption":"Jip past Aikido toe in de speeltuin, een verhaal dat over de Japanse zelfverdediging sport Aikido gaat. Ando Aikido geeft les in Zaltbommel, de stad van Annie m.g. Schmidt."},{"@type":"BreadcrumbList","@id":"https:\/\/aikido-ando.nl\/aikido-jip-en-janneke\/#breadcrumb","itemListElement":[{"@type":"ListItem","position":1,"name":"Home","item":"https:\/\/aikido-ando.nl\/"},{"@type":"ListItem","position":2,"name":"Aikido Jip en Janneke"}]},{"@type":"WebSite","@id":"https:\/\/aikido-ando.nl\/#website","url":"https:\/\/aikido-ando.nl\/","name":"Aikido Ando","description":"","publisher":{"@id":"https:\/\/aikido-ando.nl\/#organization"},"potentialAction":[{"@type":"SearchAction","target":{"@type":"EntryPoint","urlTemplate":"https:\/\/aikido-ando.nl\/?s={search_term_string}"},"query-input":{"@type":"PropertyValueSpecification","valueRequired":true,"valueName":"search_term_string"}}],"inLanguage":"fr-FR"},{"@type":"Organization","@id":"https:\/\/aikido-ando.nl\/#organization","name":"Aikido Ando","url":"https:\/\/aikido-ando.nl\/","logo":{"@type":"ImageObject","inLanguage":"fr-FR","@id":"https:\/\/aikido-ando.nl\/#\/schema\/logo\/image\/","url":"https:\/\/aikido-ando.nl\/wp-content\/uploads\/Logo.webp","contentUrl":"https:\/\/aikido-ando.nl\/wp-content\/uploads\/Logo.webp","width":500,"height":500,"caption":"Aikido Ando"},"image":{"@id":"https:\/\/aikido-ando.nl\/#\/schema\/logo\/image\/"},"sameAs":["https:\/\/www.facebook.com\/andoaikido","https:\/\/www.instagram.com\/andoaikido\/","https:\/\/www.tiktok.com\/404?fromUrl=\/andoaikido","https:\/\/www.linkedin.com\/company\/andoaikido?originalSubdomain=nl"]}]}},"_links":{"self":[{"href":"https:\/\/aikido-ando.nl\/fr\/wp-json\/wp\/v2\/pages\/532","targetHints":{"allow":["GET"]}}],"collection":[{"href":"https:\/\/aikido-ando.nl\/fr\/wp-json\/wp\/v2\/pages"}],"about":[{"href":"https:\/\/aikido-ando.nl\/fr\/wp-json\/wp\/v2\/types\/page"}],"author":[{"embeddable":true,"href":"https:\/\/aikido-ando.nl\/fr\/wp-json\/wp\/v2\/users\/1"}],"replies":[{"embeddable":true,"href":"https:\/\/aikido-ando.nl\/fr\/wp-json\/wp\/v2\/comments?post=532"}],"version-history":[{"count":0,"href":"https:\/\/aikido-ando.nl\/fr\/wp-json\/wp\/v2\/pages\/532\/revisions"}],"wp:featuredmedia":[{"embeddable":true,"href":"https:\/\/aikido-ando.nl\/fr\/wp-json\/wp\/v2\/media\/1739"}],"wp:attachment":[{"href":"https:\/\/aikido-ando.nl\/fr\/wp-json\/wp\/v2\/media?parent=532"}],"curies":[{"name":"wp","href":"https:\/\/api.w.org\/{rel}","templated":true}]}}