{"id":537,"date":"2024-10-08T21:12:38","date_gmt":"2024-10-08T19:12:38","guid":{"rendered":"https:\/\/aikido-ando.nl\/?page_id=537"},"modified":"2024-12-10T13:28:55","modified_gmt":"2024-12-10T12:28:55","slug":"puzzle-aikido","status":"publish","type":"page","link":"https:\/\/aikido-ando.nl\/fr\/aikido-puzzle\/","title":{"rendered":"Puzzle d'a\u00efkido"},"content":{"rendered":"<div data-elementor-type=\"wp-page\" data-elementor-id=\"537\" class=\"elementor elementor-537\" data-elementor-post-type=\"page\">\n\t\t\t\t<div class=\"elementor-element elementor-element-24b6a1a e-flex e-con-boxed e-con e-parent\" data-id=\"24b6a1a\" data-element_type=\"container\" data-e-type=\"container\">\n\t\t\t\t\t<div class=\"e-con-inner\">\n\t\t\t\t<div class=\"elementor-element elementor-element-f15a2eb elementor-widget elementor-widget-text-editor\" data-id=\"f15a2eb\" data-element_type=\"widget\" data-e-type=\"widget\" data-widget_type=\"text-editor.default\">\n\t\t\t\t<div class=\"elementor-widget-container\">\n\t\t\t\t\t\t\t\t\t<p><strong>D\u00e9verrouiller la vid\u00e9o<\/strong> en r\u00e9pondant \u00e0 la question suivante : en quelle ann\u00e9e Ando a-t-il ouvert son dojo ? Utilisez ces 4 chiffres pour lire la vid\u00e9o et comprendre ce qui s'est pass\u00e9.<\/p>\t\t\t\t\t\t\t\t<\/div>\n\t\t\t\t<\/div>\n\t\t\t\t\t<\/div>\n\t\t\t\t<\/div>\n\t\t<div class=\"elementor-element elementor-element-d6e4c9e e-flex e-con-boxed e-con e-parent\" data-id=\"d6e4c9e\" data-element_type=\"container\" data-e-type=\"container\">\n\t\t\t\t\t<div class=\"e-con-inner\">\n\t\t\t\t<div class=\"elementor-element elementor-element-70d53fe elementor-widget elementor-widget-video\" data-id=\"70d53fe\" data-element_type=\"widget\" data-e-type=\"widget\" data-settings=\"{&quot;video_type&quot;:&quot;vimeo&quot;}\" data-widget_type=\"video.default\">\n\t\t\t\t<div class=\"elementor-widget-container\">\n\t\t\t\t\t\t\t<div class=\"elementor-wrapper elementor-open-inline\">\n\t\t\t<iframe class=\"elementor-video-iframe\" allowfullscreen allow=\"clipboard-write\" title=\"Lecteur vid\u00e9o vimeo\" src=\"https:\/\/player.vimeo.com\/video\/914129559?color&amp;autopause=0&amp;loop=0&amp;muted=0&amp;title=1&amp;portrait=1&amp;byline=1#t=\" data-no-translation-title=\"\"><\/iframe>\t\t<\/div>\n\t\t\t\t\t\t<\/div>\n\t\t\t\t<\/div>\n\t\t\t\t\t<\/div>\n\t\t\t\t<\/div>\n\t\t<div class=\"elementor-element elementor-element-d67fa7b e-flex e-con-boxed e-con e-parent\" data-id=\"d67fa7b\" data-element_type=\"container\" data-e-type=\"container\">\n\t\t\t\t\t<div class=\"e-con-inner\">\n\t\t\t\t<div class=\"elementor-element elementor-element-80fdac2 elementor-widget elementor-widget-text-editor\" data-id=\"80fdac2\" data-element_type=\"widget\" data-e-type=\"widget\" data-widget_type=\"text-editor.default\">\n\t\t\t\t<div class=\"elementor-widget-container\">\n\t\t\t\t\t\t\t\t\t<h1>MYST\u00c8RE DE L'A\u00cfKIDO<\/h1><p><strong>Con\u00e7u par les Aikidokas pour les aventuriers de tous \u00e2ges, ce puzzle est l'ultime m\u00e9lange d'amusement et de d\u00e9fi. Vous \u00eates arriv\u00e9 jusqu'ici, ce qui signifie que vous \u00eates sur le point de d\u00e9chiffrer le code ! Saisissez le code pour vous plonger dans la vid\u00e9o. Mais gardez l'\u0153il ouvert ! Si vous clignez des yeux, vous risquez de manquer le final \u00e9pique. Pr\u00eat \u00e0 saisir l'indice avant qu'il ne disparaisse ?<\/strong><\/p>\t\t\t\t\t\t\t\t<\/div>\n\t\t\t\t<\/div>\n\t\t\t\t<div class=\"elementor-element elementor-element-f98b127 elementor-widget elementor-widget-text-editor\" data-id=\"f98b127\" data-element_type=\"widget\" data-e-type=\"widget\" data-widget_type=\"text-editor.default\">\n\t\t\t\t<div class=\"elementor-widget-container\">\n\t\t\t\t\t\t\t\t\t<p><strong>AVEZ-VOUS TROUV\u00c9 TOUT CELA ?<\/strong><br \/>1. Avez-vous trouv\u00e9 l'a\u00efkidoka en fauteuil roulant ?<br \/>2. Quelqu'un a perdu ses pantoufles bleues \u00e0 fleurs roses. Savez-vous o\u00f9 les trouver ?<br \/>3. Les sensei Ando ont des sacs d'armes orange, combien d'enseignants participent \u00e0 ce s\u00e9minaire ?<br \/>4. Savez-vous dans quel pays se d\u00e9roule ce s\u00e9minaire ?<br \/>5. Evy a perdu les fleurs pour le portrait, sais-tu o\u00f9 elles se trouvent ?<br \/>6. Cet atelier est-il sur le point de commencer ou est-il termin\u00e9 ?<br \/>7. Combien de porteurs de hakama sont pr\u00e9sents ?<br \/>8. Jeroen et Elan sont amoureux, sais-tu o\u00f9 ils sont ?<br \/>9. Pierre a faim, quel plat a-t-il command\u00e9 ?<br \/>10. Si vous trouvez Wendy, pourriez-vous la r\u00e9veiller ? Elle dort encore.<br \/>11. Quel animal n'est pas autoris\u00e9 ici ?<br \/>12. C'est l'anniversaire de Tim et il porte une ceinture orange. Savez-vous o\u00f9 il se trouve pour le f\u00e9liciter ?<br \/>13. Jessica a perdu un fruit, sais-tu o\u00f9 elle l'a laiss\u00e9 ?<br \/>14. Combien d'uchi deshis veillent \u00e0 la propret\u00e9 du tapis ? Chaque deshi a son propre balai.<br \/>15. Savez-vous o\u00f9 se trouve la balle qui est entr\u00e9e par la fen\u00eatre bris\u00e9e ?<\/p><p>Consultez toutes les r\u00e9ponses ici JPG.<\/p>\t\t\t\t\t\t\t\t<\/div>\n\t\t\t\t<\/div>\n\t\t\t\t\t<\/div>\n\t\t\t\t<\/div>\n\t\t\t\t<\/div>","protected":false},"excerpt":{"rendered":"<p>Unlock the video by answering the following question: which year did Ando start their dojo? Use these 4 digits to play the video and figure out what happend. https:\/\/vimeo.com\/914129559?share=copy AIKIDO MYSTERY PUZZLE \u200b Designed by Aikidokas for the adventurous hearts of all ages, this puzzle is the ultimate mix of fun and challenge. You&#8217;ve made [&hellip;]<\/p>\n","protected":false},"author":1,"featured_media":1667,"parent":0,"menu_order":0,"comment_status":"closed","ping_status":"closed","template":"elementor_header_footer","meta":{"footnotes":""},"class_list":["post-537","page","type-page","status-publish","has-post-thumbnail","hentry"],"yoast_head":"<!-- This site is optimized with the Yoast SEO Premium plugin v27.3 (Yoast SEO v27.3) - https:\/\/yoast.com\/product\/yoast-seo-premium-wordpress\/ -->\n<title>Aikido puzzle - Aikido ANDO<\/title>\n<meta name=\"description\" content=\"Een Aikido puzzel waar meer in zit, speciaal voor Aikidoka&#039;s.\" \/>\n<meta name=\"robots\" content=\"index, follow, max-snippet:-1, max-image-preview:large, max-video-preview:-1\" \/>\n<link rel=\"canonical\" href=\"https:\/\/aikido-ando.nl\/fr\/puzzle-aikido\/\" \/>\n<meta property=\"og:locale\" content=\"fr_FR\" \/>\n<meta property=\"og:type\" content=\"article\" \/>\n<meta property=\"og:title\" content=\"Aikido puzzle\" \/>\n<meta property=\"og:description\" content=\"Een Aikido puzzel waar meer in zit, speciaal voor Aikidoka&#039;s.\" \/>\n<meta property=\"og:url\" content=\"https:\/\/aikido-ando.nl\/fr\/puzzle-aikido\/\" \/>\n<meta property=\"og:site_name\" content=\"Aikido ANDO\" \/>\n<meta property=\"article:publisher\" content=\"https:\/\/www.facebook.com\/andoaikido\" \/>\n<meta property=\"article:modified_time\" content=\"2024-12-10T12:28:55+00:00\" \/>\n<meta property=\"og:image\" content=\"https:\/\/aikido-ando.nl\/wp-content\/uploads\/Aikido_Zen_meditation_Relaxation.webp\" \/>\n\t<meta property=\"og:image:width\" content=\"1920\" \/>\n\t<meta property=\"og:image:height\" content=\"600\" \/>\n\t<meta property=\"og:image:type\" content=\"image\/webp\" \/>\n<meta name=\"twitter:card\" content=\"summary_large_image\" \/>\n<meta name=\"twitter:label1\" content=\"Dur\u00e9e de lecture estim\u00e9e\" \/>\n\t<meta name=\"twitter:data1\" content=\"2 minutes\" \/>\n<script type=\"application\/ld+json\" class=\"yoast-schema-graph\">{\"@context\":\"https:\\\/\\\/schema.org\",\"@graph\":[{\"@type\":\"WebPage\",\"@id\":\"https:\\\/\\\/aikido-ando.nl\\\/aikido-puzzle\\\/\",\"url\":\"https:\\\/\\\/aikido-ando.nl\\\/aikido-puzzle\\\/\",\"name\":\"Aikido puzzle - Aikido ANDO\",\"isPartOf\":{\"@id\":\"https:\\\/\\\/aikido-ando.nl\\\/#website\"},\"primaryImageOfPage\":{\"@id\":\"https:\\\/\\\/aikido-ando.nl\\\/aikido-puzzle\\\/#primaryimage\"},\"image\":{\"@id\":\"https:\\\/\\\/aikido-ando.nl\\\/aikido-puzzle\\\/#primaryimage\"},\"thumbnailUrl\":\"https:\\\/\\\/aikido-ando.nl\\\/wp-content\\\/uploads\\\/Aikido_Zen_meditation_Relaxation.webp\",\"datePublished\":\"2024-10-08T19:12:38+00:00\",\"dateModified\":\"2024-12-10T12:28:55+00:00\",\"description\":\"Een Aikido puzzel waar meer in zit, speciaal voor Aikidoka's.\",\"breadcrumb\":{\"@id\":\"https:\\\/\\\/aikido-ando.nl\\\/aikido-puzzle\\\/#breadcrumb\"},\"inLanguage\":\"fr-FR\",\"potentialAction\":[{\"@type\":\"ReadAction\",\"target\":[\"https:\\\/\\\/aikido-ando.nl\\\/aikido-puzzle\\\/\"]}]},{\"@type\":\"ImageObject\",\"inLanguage\":\"fr-FR\",\"@id\":\"https:\\\/\\\/aikido-ando.nl\\\/aikido-puzzle\\\/#primaryimage\",\"url\":\"https:\\\/\\\/aikido-ando.nl\\\/wp-content\\\/uploads\\\/Aikido_Zen_meditation_Relaxation.webp\",\"contentUrl\":\"https:\\\/\\\/aikido-ando.nl\\\/wp-content\\\/uploads\\\/Aikido_Zen_meditation_Relaxation.webp\",\"width\":1920,\"height\":600,\"caption\":\"Aikido training gebeurt in de dojo waar beginners en gevorderde Aikidoka's samenkomen. Aikido kent geen competitie dus iedereen is gelijkwaardig.\"},{\"@type\":\"BreadcrumbList\",\"@id\":\"https:\\\/\\\/aikido-ando.nl\\\/aikido-puzzle\\\/#breadcrumb\",\"itemListElement\":[{\"@type\":\"ListItem\",\"position\":1,\"name\":\"Home\",\"item\":\"https:\\\/\\\/aikido-ando.nl\\\/\"},{\"@type\":\"ListItem\",\"position\":2,\"name\":\"Aikido puzzle\"}]},{\"@type\":\"WebSite\",\"@id\":\"https:\\\/\\\/aikido-ando.nl\\\/#website\",\"url\":\"https:\\\/\\\/aikido-ando.nl\\\/\",\"name\":\"Aikido Ando\",\"description\":\"\",\"publisher\":{\"@id\":\"https:\\\/\\\/aikido-ando.nl\\\/#organization\"},\"potentialAction\":[{\"@type\":\"SearchAction\",\"target\":{\"@type\":\"EntryPoint\",\"urlTemplate\":\"https:\\\/\\\/aikido-ando.nl\\\/?s={search_term_string}\"},\"query-input\":{\"@type\":\"PropertyValueSpecification\",\"valueRequired\":true,\"valueName\":\"search_term_string\"}}],\"inLanguage\":\"fr-FR\"},{\"@type\":\"Organization\",\"@id\":\"https:\\\/\\\/aikido-ando.nl\\\/#organization\",\"name\":\"Aikido Ando\",\"url\":\"https:\\\/\\\/aikido-ando.nl\\\/\",\"logo\":{\"@type\":\"ImageObject\",\"inLanguage\":\"fr-FR\",\"@id\":\"https:\\\/\\\/aikido-ando.nl\\\/#\\\/schema\\\/logo\\\/image\\\/\",\"url\":\"https:\\\/\\\/aikido-ando.nl\\\/wp-content\\\/uploads\\\/Logo.webp\",\"contentUrl\":\"https:\\\/\\\/aikido-ando.nl\\\/wp-content\\\/uploads\\\/Logo.webp\",\"width\":500,\"height\":500,\"caption\":\"Aikido Ando\"},\"image\":{\"@id\":\"https:\\\/\\\/aikido-ando.nl\\\/#\\\/schema\\\/logo\\\/image\\\/\"},\"sameAs\":[\"https:\\\/\\\/www.facebook.com\\\/andoaikido\",\"https:\\\/\\\/www.instagram.com\\\/andoaikido\\\/\",\"https:\\\/\\\/www.tiktok.com\\\/404?fromUrl=\\\/andoaikido\",\"https:\\\/\\\/www.linkedin.com\\\/company\\\/andoaikido?originalSubdomain=nl\"]}]}<\/script>\n<!-- \/ Yoast SEO Premium plugin. -->","yoast_head_json":{"title":"Puzzle d'a\u00efkido - Aikido ANDO","description":"Un puzzle d'A\u00efkido avec plus de d\u00e9tails, sp\u00e9cialement pour les A\u00efkidokas.","robots":{"index":"index","follow":"follow","max-snippet":"max-snippet:-1","max-image-preview":"max-image-preview:large","max-video-preview":"max-video-preview:-1"},"canonical":"https:\/\/aikido-ando.nl\/fr\/puzzle-aikido\/","og_locale":"fr_FR","og_type":"article","og_title":"Aikido puzzle","og_description":"Een Aikido puzzel waar meer in zit, speciaal voor Aikidoka's.","og_url":"https:\/\/aikido-ando.nl\/fr\/puzzle-aikido\/","og_site_name":"Aikido ANDO","article_publisher":"https:\/\/www.facebook.com\/andoaikido","article_modified_time":"2024-12-10T12:28:55+00:00","og_image":[{"width":1920,"height":600,"url":"https:\/\/aikido-ando.nl\/wp-content\/uploads\/Aikido_Zen_meditation_Relaxation.webp","type":"image\/webp"}],"twitter_card":"summary_large_image","twitter_misc":{"Dur\u00e9e de lecture estim\u00e9e":"2 minutes"},"schema":{"@context":"https:\/\/schema.org","@graph":[{"@type":"WebPage","@id":"https:\/\/aikido-ando.nl\/aikido-puzzle\/","url":"https:\/\/aikido-ando.nl\/aikido-puzzle\/","name":"Puzzle d'a\u00efkido - Aikido ANDO","isPartOf":{"@id":"https:\/\/aikido-ando.nl\/#website"},"primaryImageOfPage":{"@id":"https:\/\/aikido-ando.nl\/aikido-puzzle\/#primaryimage"},"image":{"@id":"https:\/\/aikido-ando.nl\/aikido-puzzle\/#primaryimage"},"thumbnailUrl":"https:\/\/aikido-ando.nl\/wp-content\/uploads\/Aikido_Zen_meditation_Relaxation.webp","datePublished":"2024-10-08T19:12:38+00:00","dateModified":"2024-12-10T12:28:55+00:00","description":"Un puzzle d'A\u00efkido avec plus de d\u00e9tails, sp\u00e9cialement pour les A\u00efkidokas.","breadcrumb":{"@id":"https:\/\/aikido-ando.nl\/aikido-puzzle\/#breadcrumb"},"inLanguage":"fr-FR","potentialAction":[{"@type":"ReadAction","target":["https:\/\/aikido-ando.nl\/aikido-puzzle\/"]}]},{"@type":"ImageObject","inLanguage":"fr-FR","@id":"https:\/\/aikido-ando.nl\/aikido-puzzle\/#primaryimage","url":"https:\/\/aikido-ando.nl\/wp-content\/uploads\/Aikido_Zen_meditation_Relaxation.webp","contentUrl":"https:\/\/aikido-ando.nl\/wp-content\/uploads\/Aikido_Zen_meditation_Relaxation.webp","width":1920,"height":600,"caption":"Aikido training gebeurt in de dojo waar beginners en gevorderde Aikidoka's samenkomen. Aikido kent geen competitie dus iedereen is gelijkwaardig."},{"@type":"BreadcrumbList","@id":"https:\/\/aikido-ando.nl\/aikido-puzzle\/#breadcrumb","itemListElement":[{"@type":"ListItem","position":1,"name":"Home","item":"https:\/\/aikido-ando.nl\/"},{"@type":"ListItem","position":2,"name":"Aikido puzzle"}]},{"@type":"WebSite","@id":"https:\/\/aikido-ando.nl\/#website","url":"https:\/\/aikido-ando.nl\/","name":"Aikido Ando","description":"","publisher":{"@id":"https:\/\/aikido-ando.nl\/#organization"},"potentialAction":[{"@type":"SearchAction","target":{"@type":"EntryPoint","urlTemplate":"https:\/\/aikido-ando.nl\/?s={search_term_string}"},"query-input":{"@type":"PropertyValueSpecification","valueRequired":true,"valueName":"search_term_string"}}],"inLanguage":"fr-FR"},{"@type":"Organization","@id":"https:\/\/aikido-ando.nl\/#organization","name":"Aikido Ando","url":"https:\/\/aikido-ando.nl\/","logo":{"@type":"ImageObject","inLanguage":"fr-FR","@id":"https:\/\/aikido-ando.nl\/#\/schema\/logo\/image\/","url":"https:\/\/aikido-ando.nl\/wp-content\/uploads\/Logo.webp","contentUrl":"https:\/\/aikido-ando.nl\/wp-content\/uploads\/Logo.webp","width":500,"height":500,"caption":"Aikido Ando"},"image":{"@id":"https:\/\/aikido-ando.nl\/#\/schema\/logo\/image\/"},"sameAs":["https:\/\/www.facebook.com\/andoaikido","https:\/\/www.instagram.com\/andoaikido\/","https:\/\/www.tiktok.com\/404?fromUrl=\/andoaikido","https:\/\/www.linkedin.com\/company\/andoaikido?originalSubdomain=nl"]}]}},"_links":{"self":[{"href":"https:\/\/aikido-ando.nl\/fr\/wp-json\/wp\/v2\/pages\/537","targetHints":{"allow":["GET"]}}],"collection":[{"href":"https:\/\/aikido-ando.nl\/fr\/wp-json\/wp\/v2\/pages"}],"about":[{"href":"https:\/\/aikido-ando.nl\/fr\/wp-json\/wp\/v2\/types\/page"}],"author":[{"embeddable":true,"href":"https:\/\/aikido-ando.nl\/fr\/wp-json\/wp\/v2\/users\/1"}],"replies":[{"embeddable":true,"href":"https:\/\/aikido-ando.nl\/fr\/wp-json\/wp\/v2\/comments?post=537"}],"version-history":[{"count":0,"href":"https:\/\/aikido-ando.nl\/fr\/wp-json\/wp\/v2\/pages\/537\/revisions"}],"wp:featuredmedia":[{"embeddable":true,"href":"https:\/\/aikido-ando.nl\/fr\/wp-json\/wp\/v2\/media\/1667"}],"wp:attachment":[{"href":"https:\/\/aikido-ando.nl\/fr\/wp-json\/wp\/v2\/media?parent=537"}],"curies":[{"name":"wp","href":"https:\/\/api.w.org\/{rel}","templated":true}]}}