{"id":557,"date":"2024-10-08T21:40:13","date_gmt":"2024-10-08T19:40:13","guid":{"rendered":"https:\/\/aikido-ando.nl\/?page_id=557"},"modified":"2024-12-10T13:07:38","modified_gmt":"2024-12-10T12:07:38","slug":"ligue-daikido","status":"publish","type":"page","link":"https:\/\/aikido-ando.nl\/fr\/aikido-bond\/","title":{"rendered":"Union d'a\u00efkido"},"content":{"rendered":"<div data-elementor-type=\"wp-page\" data-elementor-id=\"557\" class=\"elementor elementor-557\" data-elementor-post-type=\"page\">\n\t\t\t\t<div class=\"elementor-element elementor-element-82a71b6 e-flex e-con-boxed e-con e-parent\" data-id=\"82a71b6\" data-element_type=\"container\" data-e-type=\"container\">\n\t\t\t\t\t<div class=\"e-con-inner\">\n\t\t\t\t<div class=\"elementor-element elementor-element-6b333ee elementor-widget elementor-widget-text-editor\" data-id=\"6b333ee\" data-element_type=\"widget\" data-e-type=\"widget\" data-widget_type=\"text-editor.default\">\n\t\t\t\t<div class=\"elementor-widget-container\">\n\t\t\t\t\t\t\t\t\t<p><strong>Stichting Ando Nederland, alias SAN, fonctionne \u00e9galement comme une association d'A\u00efkido o\u00f9 l'accent est mis sur la qualit\u00e9, l'harmonie, l'individualit\u00e9 et le partage de l'A\u00efkido tel qu'il a \u00e9t\u00e9 con\u00e7u par le fondateur Morihei Ueshiba et sa famille dans la lign\u00e9e de l'A\u00efkika\u00ef. Contrairement \u00e0 d'autres f\u00e9d\u00e9rations, Ando a pris la d\u00e9cision consciente de ne pas vouloir \u00eatre politique ou comp\u00e9titif. Gr\u00e2ce \u00e0 cette d\u00e9cision, toute l'\u00e9nergie profite \u00e0 ce qui lui revient, \u00e0 savoir la croissance et le d\u00e9veloppement de l'A\u00efkido et de l'humanit\u00e9.<\/strong><\/p>\t\t\t\t\t\t\t\t<\/div>\n\t\t\t\t<\/div>\n\t\t\t\t<div class=\"elementor-element elementor-element-c855585 elementor-widget elementor-widget-text-editor\" data-id=\"c855585\" data-element_type=\"widget\" data-e-type=\"widget\" data-widget_type=\"text-editor.default\">\n\t\t\t\t<div class=\"elementor-widget-container\">\n\t\t\t\t\t\t\t\t\t<p>En A\u00efkido, il est important d'\u00eatre affili\u00e9 au Hombu dojo (si\u00e8ge au Japon) pour que les examens Dan (ceinture noire) soient reconnus au niveau international. Ando a cette reconnaissance gr\u00e2ce \u00e0 Yoshimitsu Yamada sensei et son organisation internationale Sansuikai \/ USAF (Am\u00e9rique).<br \/>Ando donne ainsi <strong>des examens et des titres reconnus au niveau international<\/strong> af. Outre les examens, Ando organise des s\u00e9minaires nationaux et internationaux avec diff\u00e9rents grands ma\u00eetres (shihan) et senseis (professeurs). Ces s\u00e9minaires sont souvent ouverts aux personnes ext\u00e9rieures.<\/p><p>Pour garantir la qualit\u00e9 sur le tapis, il faut non seulement des s\u00e9minaires de haute qualit\u00e9, mais aussi des entra\u00eeneurs qui continuent \u00e0 se d\u00e9velopper. Au sein d'Ando, nous disposons d'une plateforme (Aikido Academy) pour les entra\u00eeneurs et les assistants-entra\u00eeneurs afin de les soutenir dans leur formation de diff\u00e9rentes mani\u00e8res. L'enseignement est un art qui doit \u00eatre pris au s\u00e9rieux. Ando est tr\u00e8s conscient de ce qu'il faut faire pour aider ses formateurs en leur proposant des ateliers et des formations sp\u00e9cifiques. <b>En outre, Ando fonctionne avec un conseiller confidentiel, une VOG et un code de conduite.<\/b> Nous aimerions <b>tous les \u00e9l\u00e8ves pr\u00e9sents sur le tapis se sentent en s\u00e9curit\u00e9 sur le plan physique, mental et \u00e9motionnel<\/b>. <br \/>De plus, Ando dispose d'une assurance compl\u00e9mentaire pour ses \u00e9tudiants en cas de besoin.<\/p><p>Ando organise \u00e9galement toutes sortes d'activit\u00e9s pour ses \u00e9tudiants \u00e0 partir du syndicat. Le programme varie d'une ann\u00e9e \u00e0 l'autre. Nous essayons d'organiser des activit\u00e9s amusantes pour chaque groupe cible, telles qu'un camp, des activit\u00e9s th\u00e9matiques sp\u00e9ciales ou une ouverture\/fermeture commune de la saison. Chaque ann\u00e9e, nous offrons \u00e9galement un cadeau amusant \u00e0 nos \u00e9tudiants. Cela va d'un T-shirt Ando \u00e0 un livre d'A\u00efkido pour enfants fait maison. Ando estime qu'il est important de cr\u00e9er des liens. Ses \u00e9l\u00e8ves sont donc importants et nous aimons leur rendre la pareille autant que possible.<\/p><p>En bref, que peut-on attendre du Ando Bond ?<br \/>Examens et titres reconnus au niveau international<br \/>Passeport Ando personnel<br \/>- Paquet de bienvenue \u00e0 l'inscription<br \/>- Diverses activit\u00e9s par groupe cible tout au long de l'ann\u00e9e<br \/>- S\u00e9minaires de haut niveau dans le dojo o\u00f9 vous vous entra\u00eenez<br \/>- Entra\u00eeneur(s) qualifi\u00e9(s) qui continue(nt) \u00e0 se perfectionner, \u00e0 suivre les mises \u00e0 jour sur l'a\u00efkido, la s\u00e9curit\u00e9 et l'enseignement.<br \/>- Possibilit\u00e9 d'avancement dans l'organisation et de formation continue<br \/>- Assurance compl\u00e9mentaire lors de la formation<br \/>- Des friandises Ando amusantes tout au long de l'ann\u00e9e<\/p><p>De m\u00eame, nous disposons d'une bourse et d'un laissez-passer d'enseignant pour promouvoir la formation \u00e9galement parmi les personnes peu ou trop bien r\u00e9mun\u00e9r\u00e9es. texte voir bourse\/ laissez-passer d'enseignant.<\/p><p>Parfois, les gens demandent s'il est possible qu'un dojo rejoigne Ando ou s'il existe une sorte de contr\u00f4le de la qualit\u00e9 de l'entra\u00eenement dans un dojo. Bien s\u00fbr que c'est possible ! Nous sommes ouverts \u00e0 la discussion. Cependant, il est bon de savoir que nous sommes s\u00e9lectifs quant aux personnes avec lesquelles nous travaillons. Il doit y avoir un d\u00e9clic, un bon feeling entre les deux parties. Sinon, cela ne fonctionnera pas au bout du compte.<\/p>\t\t\t\t\t\t\t\t<\/div>\n\t\t\t\t<\/div>\n\t\t\t\t\t<\/div>\n\t\t\t\t<\/div>\n\t\t<div class=\"elementor-element elementor-element-309767e7 e-flex e-con-boxed e-con e-parent\" data-id=\"309767e7\" data-element_type=\"container\" data-e-type=\"container\" data-settings=\"{&quot;background_background&quot;:&quot;classic&quot;}\">\n\t\t\t\t\t<div class=\"e-con-inner\">\n\t\t<div class=\"elementor-element elementor-element-40def6dd e-con-full e-flex e-con e-child\" data-id=\"40def6dd\" data-element_type=\"container\" data-e-type=\"container\" data-settings=\"{&quot;background_background&quot;:&quot;classic&quot;}\">\n\t\t\t\t<div class=\"elementor-element elementor-element-516c158b elementor-widget elementor-widget-text-editor\" data-id=\"516c158b\" data-element_type=\"widget\" data-e-type=\"widget\" data-widget_type=\"text-editor.default\">\n\t\t\t\t<div class=\"elementor-widget-container\">\n\t\t\t\t\t\t\t\t\t<p>Annonce sp\u00e9ciale au groupe<\/p>\t\t\t\t\t\t\t\t<\/div>\n\t\t\t\t<\/div>\n\t\t\t\t<\/div>\n\t\t<div class=\"elementor-element elementor-element-5b925702 e-con-full e-flex e-con e-child\" data-id=\"5b925702\" data-element_type=\"container\" data-e-type=\"container\" data-settings=\"{&quot;background_background&quot;:&quot;classic&quot;}\">\n\t\t\t\t<div class=\"elementor-element elementor-element-73bef841 elementor-widget elementor-widget-text-editor\" data-id=\"73bef841\" data-element_type=\"widget\" data-e-type=\"widget\" data-widget_type=\"text-editor.default\">\n\t\t\t\t<div class=\"elementor-widget-container\">\n\t\t\t\t\t\t\t\t\t<p>Photo du s\u00e9minaire par sensei Claude Berthiaume Shihan du Canada<\/p>\t\t\t\t\t\t\t\t<\/div>\n\t\t\t\t<\/div>\n\t\t\t\t<\/div>\n\t\t<div class=\"elementor-element elementor-element-609944fc e-con-full e-flex e-con e-child\" data-id=\"609944fc\" data-element_type=\"container\" data-e-type=\"container\" data-settings=\"{&quot;background_background&quot;:&quot;classic&quot;}\">\n\t\t\t\t<div class=\"elementor-element elementor-element-2517a42f elementor-widget elementor-widget-text-editor\" data-id=\"2517a42f\" data-element_type=\"widget\" data-e-type=\"widget\" data-widget_type=\"text-editor.default\">\n\t\t\t\t<div class=\"elementor-widget-container\">\n\t\t\t\t\t\t\t\t\t<p>La carte de professeur d'Ando-Aikido<\/p>\t\t\t\t\t\t\t\t<\/div>\n\t\t\t\t<\/div>\n\t\t\t\t<\/div>\n\t\t\t\t\t<\/div>\n\t\t\t\t<\/div>\n\t\t<div class=\"elementor-element elementor-element-2b3432e e-flex e-con-boxed e-con e-parent\" data-id=\"2b3432e\" data-element_type=\"container\" data-e-type=\"container\">\n\t\t\t\t\t<div class=\"e-con-inner\">\n\t\t\t\t<div class=\"elementor-element elementor-element-918569c elementor-widget elementor-widget-text-editor\" data-id=\"918569c\" data-element_type=\"widget\" data-e-type=\"widget\" data-widget_type=\"text-editor.default\">\n\t\t\t\t<div class=\"elementor-widget-container\">\n\t\t\t\t\t\t\t\t\t<h2>Bourse d'\u00e9tudes<\/h2><p>Chaque ann\u00e9e, la ligue d'a\u00efkido \u2018Stichting Ando Nederland\u2019 offre une bourse d'a\u00efkido aux jeunes talents. Cette initiative est n\u00e9e de l'id\u00e9e que tout le monde devrait pouvoir venir s'entra\u00eener, m\u00eame s'il a des difficult\u00e9s. Il se peut que votre situation financi\u00e8re soit difficile ou que vous soyez occup\u00e9 par vos \u00e9tudes et que vous ne puissiez pas vous rendre \u00e0 l'entra\u00eenement. Mais il se peut aussi que vous ayez besoin d'un coup de pouce pour pouvoir pratiquer encore plus l'A\u00efkido.<\/p><p>Voulez-vous \u00eatre pris en consid\u00e9ration pour une bourse d'\u00e9tudes ? Envoyez un e-mail \u00e0 dojo @ aikido-ando.nl avec votre justification.<\/p>\t\t\t\t\t\t\t\t<\/div>\n\t\t\t\t<\/div>\n\t\t\t\t<div class=\"elementor-element elementor-element-cf09e34 elementor-widget elementor-widget-text-editor\" data-id=\"cf09e34\" data-element_type=\"widget\" data-e-type=\"widget\" data-widget_type=\"text-editor.default\">\n\t\t\t\t<div class=\"elementor-widget-container\">\n\t\t\t\t\t\t\t\t\t<h2>Laissez-passer de l'enseignant<\/h2><p><strong>Avec ce laissez-passer, Ando veut propager \u00e0 la fois la philosophie de l'A\u00efkido et la valeur des cours de formation.<\/strong> Pourquoi un laissez-passer pour les enseignants ? Ils connaissent mieux que quiconque la valeur ajout\u00e9e de la participation aux stages d'a\u00efkido. L'a\u00efkido, c'est le partage de la passion. <strong>Notre porte est ouverte \u00e0 tous les a\u00efkidoka, quel que soit leur lieu d'entra\u00eenement.<\/strong><\/p><p><strong>Vous n'avez pas encore de laissez-passer ?<\/strong> Alors demandez-le ! Il sera fourni une fois gratuitement via dojo @ aikido-ando.co.uk ?<\/p><ul><li>Avant d'utiliser la carte d'enseignant d'A\u00efkido, il est important de savoir ce qui suit :Cette carte d'enseignant d'a\u00efkido ne peut (actuellement) \u00eatre utilis\u00e9e que dans les cours de formation d'Ando aux Pays-Bas.<\/li><li>L'enseignant doit avoir deux \u00e9tudiants payants qui participent \u00e0 la formation en m\u00eame temps.Pour la participation gratuite \u00e0 la formation, l'enseignant et les \u00e9tudiants doivent s'inscrire.<\/li><li>Le fait d'\u00eatre entra\u00eeneur n'est pas li\u00e9 \u00e0 un grade kyu particulier. Cependant, si on vous le demande, vous devez \u00eatre en mesure de montrer que vous enseignez.<\/li><li>En cas de perte, vous pouvez demander une nouvelle carte via dojo @ aikido-ando.co.uk ?? en prenant en compte des frais administratifs de \u20ac5.00.<\/li><li>Vous devez pr\u00e9senter votre laissez-passer lors de l'inscription avant le stage.<br \/>L'acceptation de ce laissez-passer vous permet de participer gratuitement au stage si vous \u00eates accompagn\u00e9 de deux membres. Les donn\u00e9es personnelles sont exclusivement destin\u00e9es \u00e0 vous informer des nouveaux stages. La loi sur l'enregistrement des donn\u00e9es personnelles s'applique ici.<\/li><\/ul>\t\t\t\t\t\t\t\t<\/div>\n\t\t\t\t<\/div>\n\t\t\t\t\t<\/div>\n\t\t\t\t<\/div>\n\t\t\t\t<\/div>","protected":false},"excerpt":{"rendered":"<p>Stichting Ando Nederland, aka SAN, fungeert ook als Aikido Bond waar haar focus ligt op kwaliteit, harmonie, eigenheid en het delen van Aikido zoals bedoelt is door de grondlegger Morihei Ueshiba en zijn familie in de lijn van Aikikai. In tegenstelling tot andere bonden heeft Ando bewust gekozen noch politiek noch concurrerend bezig te willen [&hellip;]<\/p>\n","protected":false},"author":1,"featured_media":1670,"parent":0,"menu_order":0,"comment_status":"closed","ping_status":"closed","template":"elementor_header_footer","meta":{"footnotes":""},"class_list":["post-557","page","type-page","status-publish","has-post-thumbnail","hentry"],"yoast_head":"<!-- This site is optimized with the Yoast SEO Premium plugin v27.3 (Yoast SEO v27.3) - https:\/\/yoast.com\/product\/yoast-seo-premium-wordpress\/ -->\n<title>Aikido Bond - Aikido ANDO<\/title>\n<meta name=\"description\" content=\"Ontdek alles over de Aikido Bond Nederland bij Ando Eindhoven. Voor verbinding, ondersteuning en groei in jouw dojo.\" \/>\n<meta name=\"robots\" content=\"index, follow, max-snippet:-1, max-image-preview:large, max-video-preview:-1\" \/>\n<link rel=\"canonical\" href=\"https:\/\/aikido-ando.nl\/fr\/ligue-daikido\/\" \/>\n<meta property=\"og:locale\" content=\"fr_FR\" \/>\n<meta property=\"og:type\" content=\"article\" \/>\n<meta property=\"og:title\" content=\"Aikido Bond\" \/>\n<meta property=\"og:description\" content=\"Ontdek alles over de Aikido Bond Nederland bij Ando Eindhoven. Voor verbinding, ondersteuning en groei in jouw dojo.\" \/>\n<meta property=\"og:url\" content=\"https:\/\/aikido-ando.nl\/fr\/ligue-daikido\/\" \/>\n<meta property=\"og:site_name\" content=\"Aikido ANDO\" \/>\n<meta property=\"article:publisher\" content=\"https:\/\/www.facebook.com\/andoaikido\" \/>\n<meta property=\"article:modified_time\" content=\"2024-12-10T12:07:38+00:00\" \/>\n<meta property=\"og:image\" content=\"https:\/\/aikido-ando.nl\/wp-content\/uploads\/Seiza_Kaizen_Aikido_Ando_Dojo.webp\" \/>\n\t<meta property=\"og:image:width\" content=\"1920\" \/>\n\t<meta property=\"og:image:height\" content=\"600\" \/>\n\t<meta property=\"og:image:type\" content=\"image\/webp\" \/>\n<meta name=\"twitter:card\" content=\"summary_large_image\" \/>\n<meta name=\"twitter:label1\" content=\"Dur\u00e9e de lecture estim\u00e9e\" \/>\n\t<meta name=\"twitter:data1\" content=\"5 minutes\" \/>\n<script type=\"application\/ld+json\" class=\"yoast-schema-graph\">{\"@context\":\"https:\\\/\\\/schema.org\",\"@graph\":[{\"@type\":\"WebPage\",\"@id\":\"https:\\\/\\\/aikido-ando.nl\\\/aikido-bond\\\/\",\"url\":\"https:\\\/\\\/aikido-ando.nl\\\/aikido-bond\\\/\",\"name\":\"Aikido Bond - Aikido ANDO\",\"isPartOf\":{\"@id\":\"https:\\\/\\\/aikido-ando.nl\\\/#website\"},\"primaryImageOfPage\":{\"@id\":\"https:\\\/\\\/aikido-ando.nl\\\/aikido-bond\\\/#primaryimage\"},\"image\":{\"@id\":\"https:\\\/\\\/aikido-ando.nl\\\/aikido-bond\\\/#primaryimage\"},\"thumbnailUrl\":\"https:\\\/\\\/aikido-ando.nl\\\/wp-content\\\/uploads\\\/Seiza_Kaizen_Aikido_Ando_Dojo.webp\",\"datePublished\":\"2024-10-08T19:40:13+00:00\",\"dateModified\":\"2024-12-10T12:07:38+00:00\",\"description\":\"Ontdek alles over de Aikido Bond Nederland bij Ando Eindhoven. Voor verbinding, ondersteuning en groei in jouw dojo.\",\"breadcrumb\":{\"@id\":\"https:\\\/\\\/aikido-ando.nl\\\/aikido-bond\\\/#breadcrumb\"},\"inLanguage\":\"fr-FR\",\"potentialAction\":[{\"@type\":\"ReadAction\",\"target\":[\"https:\\\/\\\/aikido-ando.nl\\\/aikido-bond\\\/\"]}]},{\"@type\":\"ImageObject\",\"inLanguage\":\"fr-FR\",\"@id\":\"https:\\\/\\\/aikido-ando.nl\\\/aikido-bond\\\/#primaryimage\",\"url\":\"https:\\\/\\\/aikido-ando.nl\\\/wp-content\\\/uploads\\\/Seiza_Kaizen_Aikido_Ando_Dojo.webp\",\"contentUrl\":\"https:\\\/\\\/aikido-ando.nl\\\/wp-content\\\/uploads\\\/Seiza_Kaizen_Aikido_Ando_Dojo.webp\",\"width\":1920,\"height\":600,\"caption\":\"Ando Aikidoles in Nederland bij Ando die dojo's heeft in Geldrop en omstreken.\"},{\"@type\":\"BreadcrumbList\",\"@id\":\"https:\\\/\\\/aikido-ando.nl\\\/aikido-bond\\\/#breadcrumb\",\"itemListElement\":[{\"@type\":\"ListItem\",\"position\":1,\"name\":\"Home\",\"item\":\"https:\\\/\\\/aikido-ando.nl\\\/\"},{\"@type\":\"ListItem\",\"position\":2,\"name\":\"Aikido Bond\"}]},{\"@type\":\"WebSite\",\"@id\":\"https:\\\/\\\/aikido-ando.nl\\\/#website\",\"url\":\"https:\\\/\\\/aikido-ando.nl\\\/\",\"name\":\"Aikido Ando\",\"description\":\"\",\"publisher\":{\"@id\":\"https:\\\/\\\/aikido-ando.nl\\\/#organization\"},\"potentialAction\":[{\"@type\":\"SearchAction\",\"target\":{\"@type\":\"EntryPoint\",\"urlTemplate\":\"https:\\\/\\\/aikido-ando.nl\\\/?s={search_term_string}\"},\"query-input\":{\"@type\":\"PropertyValueSpecification\",\"valueRequired\":true,\"valueName\":\"search_term_string\"}}],\"inLanguage\":\"fr-FR\"},{\"@type\":\"Organization\",\"@id\":\"https:\\\/\\\/aikido-ando.nl\\\/#organization\",\"name\":\"Aikido Ando\",\"url\":\"https:\\\/\\\/aikido-ando.nl\\\/\",\"logo\":{\"@type\":\"ImageObject\",\"inLanguage\":\"fr-FR\",\"@id\":\"https:\\\/\\\/aikido-ando.nl\\\/#\\\/schema\\\/logo\\\/image\\\/\",\"url\":\"https:\\\/\\\/aikido-ando.nl\\\/wp-content\\\/uploads\\\/Logo.webp\",\"contentUrl\":\"https:\\\/\\\/aikido-ando.nl\\\/wp-content\\\/uploads\\\/Logo.webp\",\"width\":500,\"height\":500,\"caption\":\"Aikido Ando\"},\"image\":{\"@id\":\"https:\\\/\\\/aikido-ando.nl\\\/#\\\/schema\\\/logo\\\/image\\\/\"},\"sameAs\":[\"https:\\\/\\\/www.facebook.com\\\/andoaikido\",\"https:\\\/\\\/www.instagram.com\\\/andoaikido\\\/\",\"https:\\\/\\\/www.tiktok.com\\\/404?fromUrl=\\\/andoaikido\",\"https:\\\/\\\/www.linkedin.com\\\/company\\\/andoaikido?originalSubdomain=nl\"]}]}<\/script>\n<!-- \/ Yoast SEO Premium plugin. -->","yoast_head_json":{"title":"Aikido Union - Aikido ANDO","description":"D\u00e9couvrez l'Aikido Bond Nederland \u00e0 Ando Eindhoven. Pour la connexion, le soutien et la croissance dans votre dojo.","robots":{"index":"index","follow":"follow","max-snippet":"max-snippet:-1","max-image-preview":"max-image-preview:large","max-video-preview":"max-video-preview:-1"},"canonical":"https:\/\/aikido-ando.nl\/fr\/ligue-daikido\/","og_locale":"fr_FR","og_type":"article","og_title":"Aikido Bond","og_description":"Ontdek alles over de Aikido Bond Nederland bij Ando Eindhoven. Voor verbinding, ondersteuning en groei in jouw dojo.","og_url":"https:\/\/aikido-ando.nl\/fr\/ligue-daikido\/","og_site_name":"Aikido ANDO","article_publisher":"https:\/\/www.facebook.com\/andoaikido","article_modified_time":"2024-12-10T12:07:38+00:00","og_image":[{"width":1920,"height":600,"url":"https:\/\/aikido-ando.nl\/wp-content\/uploads\/Seiza_Kaizen_Aikido_Ando_Dojo.webp","type":"image\/webp"}],"twitter_card":"summary_large_image","twitter_misc":{"Dur\u00e9e de lecture estim\u00e9e":"5 minutes"},"schema":{"@context":"https:\/\/schema.org","@graph":[{"@type":"WebPage","@id":"https:\/\/aikido-ando.nl\/aikido-bond\/","url":"https:\/\/aikido-ando.nl\/aikido-bond\/","name":"Aikido Union - Aikido ANDO","isPartOf":{"@id":"https:\/\/aikido-ando.nl\/#website"},"primaryImageOfPage":{"@id":"https:\/\/aikido-ando.nl\/aikido-bond\/#primaryimage"},"image":{"@id":"https:\/\/aikido-ando.nl\/aikido-bond\/#primaryimage"},"thumbnailUrl":"https:\/\/aikido-ando.nl\/wp-content\/uploads\/Seiza_Kaizen_Aikido_Ando_Dojo.webp","datePublished":"2024-10-08T19:40:13+00:00","dateModified":"2024-12-10T12:07:38+00:00","description":"D\u00e9couvrez l'Aikido Bond Nederland \u00e0 Ando Eindhoven. Pour la connexion, le soutien et la croissance dans votre dojo.","breadcrumb":{"@id":"https:\/\/aikido-ando.nl\/aikido-bond\/#breadcrumb"},"inLanguage":"fr-FR","potentialAction":[{"@type":"ReadAction","target":["https:\/\/aikido-ando.nl\/aikido-bond\/"]}]},{"@type":"ImageObject","inLanguage":"fr-FR","@id":"https:\/\/aikido-ando.nl\/aikido-bond\/#primaryimage","url":"https:\/\/aikido-ando.nl\/wp-content\/uploads\/Seiza_Kaizen_Aikido_Ando_Dojo.webp","contentUrl":"https:\/\/aikido-ando.nl\/wp-content\/uploads\/Seiza_Kaizen_Aikido_Ando_Dojo.webp","width":1920,"height":600,"caption":"Ando Aikidoles in Nederland bij Ando die dojo's heeft in Geldrop en omstreken."},{"@type":"BreadcrumbList","@id":"https:\/\/aikido-ando.nl\/aikido-bond\/#breadcrumb","itemListElement":[{"@type":"ListItem","position":1,"name":"Home","item":"https:\/\/aikido-ando.nl\/"},{"@type":"ListItem","position":2,"name":"Aikido Bond"}]},{"@type":"WebSite","@id":"https:\/\/aikido-ando.nl\/#website","url":"https:\/\/aikido-ando.nl\/","name":"Aikido Ando","description":"","publisher":{"@id":"https:\/\/aikido-ando.nl\/#organization"},"potentialAction":[{"@type":"SearchAction","target":{"@type":"EntryPoint","urlTemplate":"https:\/\/aikido-ando.nl\/?s={search_term_string}"},"query-input":{"@type":"PropertyValueSpecification","valueRequired":true,"valueName":"search_term_string"}}],"inLanguage":"fr-FR"},{"@type":"Organization","@id":"https:\/\/aikido-ando.nl\/#organization","name":"Aikido Ando","url":"https:\/\/aikido-ando.nl\/","logo":{"@type":"ImageObject","inLanguage":"fr-FR","@id":"https:\/\/aikido-ando.nl\/#\/schema\/logo\/image\/","url":"https:\/\/aikido-ando.nl\/wp-content\/uploads\/Logo.webp","contentUrl":"https:\/\/aikido-ando.nl\/wp-content\/uploads\/Logo.webp","width":500,"height":500,"caption":"Aikido Ando"},"image":{"@id":"https:\/\/aikido-ando.nl\/#\/schema\/logo\/image\/"},"sameAs":["https:\/\/www.facebook.com\/andoaikido","https:\/\/www.instagram.com\/andoaikido\/","https:\/\/www.tiktok.com\/404?fromUrl=\/andoaikido","https:\/\/www.linkedin.com\/company\/andoaikido?originalSubdomain=nl"]}]}},"_links":{"self":[{"href":"https:\/\/aikido-ando.nl\/fr\/wp-json\/wp\/v2\/pages\/557","targetHints":{"allow":["GET"]}}],"collection":[{"href":"https:\/\/aikido-ando.nl\/fr\/wp-json\/wp\/v2\/pages"}],"about":[{"href":"https:\/\/aikido-ando.nl\/fr\/wp-json\/wp\/v2\/types\/page"}],"author":[{"embeddable":true,"href":"https:\/\/aikido-ando.nl\/fr\/wp-json\/wp\/v2\/users\/1"}],"replies":[{"embeddable":true,"href":"https:\/\/aikido-ando.nl\/fr\/wp-json\/wp\/v2\/comments?post=557"}],"version-history":[{"count":0,"href":"https:\/\/aikido-ando.nl\/fr\/wp-json\/wp\/v2\/pages\/557\/revisions"}],"wp:featuredmedia":[{"embeddable":true,"href":"https:\/\/aikido-ando.nl\/fr\/wp-json\/wp\/v2\/media\/1670"}],"wp:attachment":[{"href":"https:\/\/aikido-ando.nl\/fr\/wp-json\/wp\/v2\/media?parent=557"}],"curies":[{"name":"wp","href":"https:\/\/api.w.org\/{rel}","templated":true}]}}