{"id":563,"date":"2024-10-08T21:53:30","date_gmt":"2024-10-08T19:53:30","guid":{"rendered":"https:\/\/aikido-ando.nl\/?page_id=563"},"modified":"2026-01-26T14:51:04","modified_gmt":"2026-01-26T13:51:04","slug":"christian-tissier","status":"publish","type":"page","link":"https:\/\/aikido-ando.nl\/fr\/christian-tissier\/","title":{"rendered":"Christian Tissier"},"content":{"rendered":"<div data-elementor-type=\"wp-page\" data-elementor-id=\"563\" class=\"elementor elementor-563\" data-elementor-post-type=\"page\">\n\t\t\t\t<div class=\"elementor-element elementor-element-923237c e-flex e-con-boxed e-con e-parent\" data-id=\"923237c\" data-element_type=\"container\" data-e-type=\"container\">\n\t\t\t\t\t<div class=\"e-con-inner\">\n\t\t\t\t<div class=\"elementor-element elementor-element-93f4331 elementor-widget elementor-widget-text-editor\" data-id=\"93f4331\" data-element_type=\"widget\" data-e-type=\"widget\" data-widget_type=\"text-editor.default\">\n\t\t\t\t<div class=\"elementor-widget-container\">\n\t\t\t\t\t\t\t\t\t<p><strong>Avant que sensei Edo et Anne ne deviennent les \u00e9l\u00e8ves de Yoshimitsu Yamada shihan, ils ont \u00e9t\u00e9 les \u00e9l\u00e8ves directs du grand ma\u00eetre fran\u00e7ais Christian Tissier pendant environ huit ans. Il est \u00e9galement connu pour son \u00e9l\u00e9gant \u2018style Tissier\u2019. C'est en partie gr\u00e2ce \u00e0 lui qu'ils ont fond\u00e9 leur propre dojo \u00e0 Veldhoven.<\/strong><\/p>\t\t\t\t\t\t\t\t<\/div>\n\t\t\t\t<\/div>\n\t\t\t\t<div class=\"elementor-element elementor-element-c8c7e1d elementor-widget elementor-widget-text-editor\" data-id=\"c8c7e1d\" data-element_type=\"widget\" data-e-type=\"widget\" data-widget_type=\"text-editor.default\">\n\t\t\t\t<div class=\"elementor-widget-container\">\n\t\t\t\t\t\t\t\t\t<p>N\u00e9 \u00e0 Paris le 7 f\u00e9vrier 1951. Christian Tissier a 11 ans et pratique le judo. Apr\u00e8s le Judo, il enseigne l'A\u00efkido, \u00e0 environ trois ou quatre hommes. <strong>En A\u00efkido, il n'est pas n\u00e9cessaire d'\u00eatre fort, c'est pourquoi il a voulu essayer.<\/strong> C'est ainsi qu'il a commenc\u00e9 en 1962.<\/p><p>Son premier professeur d'A\u00efki fut Tavernier Sensei. Trois mois plus tard, Nakazono Sensei est venu du Japon \u00e0 Paris et Christian Tissier a commenc\u00e9 \u00e0 s'entra\u00eener avec lui. Nakazono Sensei \u00e9tait un Sensei important aux yeux de Christian Tissier \u00e0 cette \u00e9poque. Il avait un grand charisme et pratiquait de nombreux arts martiaux. Nakazono Sensei lui a enseign\u00e9 des choses spirituelles comme la m\u00e9ditation, en plus de l'A\u00efkido.\u00a0<\/p><p>Apr\u00e8s ses examens finaux <strong>en 1969, il part pour le Japon lointain<\/strong>. Christian Tissier a alors 18 ans. Il assiste \u00e0 tous les cours. Le Doshu est son principal professeur, il s'y rend tous les jours. Il n'avait rien du tout au Japon, pas de famille, pas de maison, mais il a \u00e9t\u00e9 bien soign\u00e9 par la suite par des amis de la famille. <strong>Yamaguchi Sensei<\/strong>.<\/p><p>Il finit par vivre dans un appartement situ\u00e9 en face de la maison et du dojo du Doshu.<\/p><p>Parmi d'autres, Endo Sensei \u00e9tait son *senpai. En outre, il a \u00e9t\u00e9 influenc\u00e9 par Osawa Sensei et Yamaguchi Sensei. Yamaguchi Sensei \u00e9tait une personne tr\u00e8s humaine. Il \u00e9tait tr\u00e8s souple, m\u00eame \u00e0 un \u00e2ge avanc\u00e9.<\/p><p>Yamaguchi Sensei n'a parl\u00e9 que de ce qu'est l'A\u00efkido et du message des techniques. <strong>\u2018L'a\u00efkido est la recherche de l'id\u00e9al de perfection du soi.\u2019<\/strong>, C'est la conviction de Christian Tissier. C'est Yamaguchi Sensei qui a pr\u00e9sent\u00e9 Christian Tissier \u00e0 Minoru Inaba, Sensei de Kenjutsu. Christian Tissier\u00a0<\/p><p>Tissier est tr\u00e8s impressionn\u00e9 par la d\u00e9monstration de cet homme. <strong>Sensei Minoru lui-m\u00eame s'est beaucoup entra\u00een\u00e9 au sabre<\/strong> mais n'a pratiquement pas donn\u00e9 de cours. Il avait pour principe : \u201cSi vous commencez quelque chose, vous devez le mener \u00e0 bien\u201d.\u00a0<\/p><p>Il s'adresse \u00e0 Christian Tissier ;<br \/>\u201cSi tu es toujours l\u00e0 au bout de six mois, j'aimerais envisager de t'enseigner\u201d. Christian Tissier a fini par s'entra\u00eener avec lui pendant 7 ans.\u00a0<\/p><p>En 1976, Christian Tissier revient en France et ouvre peu apr\u00e8s son propre dojo \u00e0 Paris, qui se trouve toujours au m\u00eame endroit aujourd'hui.<\/p><p>Int\u00e9ress\u00e9 par d'autres grands ma\u00eetres de l'A\u00efkido ? Alors lisez ici...<\/p>\t\t\t\t\t\t\t\t<\/div>\n\t\t\t\t<\/div>\n\t\t\t\t<div class=\"elementor-element elementor-element-0ec2e83 elementor-widget elementor-widget-text-editor\" data-id=\"0ec2e83\" data-element_type=\"widget\" data-e-type=\"widget\" data-widget_type=\"text-editor.default\">\n\t\t\t\t<div class=\"elementor-widget-container\">\n\t\t\t\t\t\t\t\t\t<h2>Style Tissier<\/h2><p>Sensei Christian Tissier (8e Dan Aikikai) is een prominent figuur in de wereld van het Aikido, bekend om zijn indrukwekkende demonstraties die Aikido als kunstvorm op de kaart zetten. Zijn stijl, vaak aangeduid als &#8216;Tissier-stijl&#8217;, is beroemd om de <strong>grand, \u00e9l\u00e9gant <\/strong>et<strong> mouvements dynamiques<\/strong>. (Voir la vid\u00e9o ci-dessous.) Bien que les amateurs utilisent ce terme, sensei Tissier lui-m\u00eame souligne que ses techniques sont enracin\u00e9es dans la tradition de l'A\u00efkika\u00ef.<\/p>\t\t\t\t\t\t\t\t<\/div>\n\t\t\t\t<\/div>\n\t\t\t\t\t<\/div>\n\t\t\t\t<\/div>\n\t\t<div class=\"elementor-element elementor-element-9e2aaa1 e-flex e-con-boxed e-con e-parent\" data-id=\"9e2aaa1\" data-element_type=\"container\" data-e-type=\"container\">\n\t\t\t\t\t<div class=\"e-con-inner\">\n\t\t\t\t<div class=\"elementor-element elementor-element-7a1d9e7 elementor-widget elementor-widget-video\" data-id=\"7a1d9e7\" data-element_type=\"widget\" data-e-type=\"widget\" data-settings=\"{&quot;video_type&quot;:&quot;vimeo&quot;}\" data-widget_type=\"video.default\">\n\t\t\t\t<div class=\"elementor-widget-container\">\n\t\t\t\t\t\t\t<div class=\"elementor-wrapper elementor-open-inline\">\n\t\t\t<iframe class=\"elementor-video-iframe\" allowfullscreen allow=\"clipboard-write\" title=\"Reproductor de v\u00eddeo vimeo\" src=\"https:\/\/player.vimeo.com\/video\/728945328?color&amp;autopause=0&amp;loop=0&amp;muted=0&amp;title=1&amp;portrait=1&amp;byline=1&amp;h=75db062b20#t=\" data-no-translation-title=\"\"><\/iframe>\t\t<\/div>\n\t\t\t\t\t\t<\/div>\n\t\t\t\t<\/div>\n\t\t\t\t\t<\/div>\n\t\t\t\t<\/div>\n\t\t<div class=\"elementor-element elementor-element-585a0bf e-flex e-con-boxed e-con e-parent\" data-id=\"585a0bf\" data-element_type=\"container\" data-e-type=\"container\">\n\t\t\t\t\t<div class=\"e-con-inner\">\n\t\t\t\t<div class=\"elementor-element elementor-element-abf361c elementor-widget elementor-widget-text-editor\" data-id=\"abf361c\" data-element_type=\"widget\" data-e-type=\"widget\" data-widget_type=\"text-editor.default\">\n\t\t\t\t<div class=\"elementor-widget-container\">\n\t\t\t\t\t\t\t\t\t<h2>Style Tissier Pays-Bas<\/h2>\t\t\t\t\t\t\t\t<\/div>\n\t\t\t\t<\/div>\n\t\t\t\t\t<\/div>\n\t\t\t\t<\/div>\n\t\t<div class=\"elementor-element elementor-element-143c00bb e-flex e-con-boxed e-con e-parent\" data-id=\"143c00bb\" data-element_type=\"container\" data-e-type=\"container\" data-settings=\"{&quot;background_background&quot;:&quot;classic&quot;}\">\n\t\t\t\t\t<div class=\"e-con-inner\">\n\t\t<div class=\"elementor-element elementor-element-77323f e-con-full e-flex e-con e-child\" data-id=\"77323f\" data-element_type=\"container\" data-e-type=\"container\" data-settings=\"{&quot;background_background&quot;:&quot;classic&quot;}\">\n\t\t\t\t<div class=\"elementor-element elementor-element-681452af elementor-widget elementor-widget-text-editor\" data-id=\"681452af\" data-element_type=\"widget\" data-e-type=\"widget\" data-widget_type=\"text-editor.default\">\n\t\t\t\t<div class=\"elementor-widget-container\">\n\t\t\t\t\t\t\t\t\t<p>Edo sensei en stage en France avec sensei Christian Tissier<\/p>\t\t\t\t\t\t\t\t<\/div>\n\t\t\t\t<\/div>\n\t\t\t\t<\/div>\n\t\t<div class=\"elementor-element elementor-element-fb87854 e-con-full e-flex e-con e-child\" data-id=\"fb87854\" data-element_type=\"container\" data-e-type=\"container\" data-settings=\"{&quot;background_background&quot;:&quot;classic&quot;}\">\n\t\t\t\t<div class=\"elementor-element elementor-element-5e22f2fd elementor-widget elementor-widget-text-editor\" data-id=\"5e22f2fd\" data-element_type=\"widget\" data-e-type=\"widget\" data-widget_type=\"text-editor.default\">\n\t\t\t\t<div class=\"elementor-widget-container\">\n\t\t\t\t\t\t\t\t\t<p>Anne sensei comme uke de sensei Christian Tissier<\/p>\t\t\t\t\t\t\t\t<\/div>\n\t\t\t\t<\/div>\n\t\t\t\t<\/div>\n\t\t<div class=\"elementor-element elementor-element-4405e392 e-con-full e-flex e-con e-child\" data-id=\"4405e392\" data-element_type=\"container\" data-e-type=\"container\" data-settings=\"{&quot;background_background&quot;:&quot;classic&quot;}\">\n\t\t\t\t<div class=\"elementor-element elementor-element-2acba1b elementor-widget elementor-widget-text-editor\" data-id=\"2acba1b\" data-element_type=\"widget\" data-e-type=\"widget\" data-widget_type=\"text-editor.default\">\n\t\t\t\t<div class=\"elementor-widget-container\">\n\t\t\t\t\t\t\t\t\t<p>Anne et Edo sensei passent l'examen de 1er kyu. Avec le grand ma\u00eetre Christian Tissier \u00e0 Paris dans son dojo priv\u00e9.<\/p>\t\t\t\t\t\t\t\t<\/div>\n\t\t\t\t<\/div>\n\t\t\t\t<\/div>\n\t\t\t\t\t<\/div>\n\t\t\t\t<\/div>\n\t\t<div class=\"elementor-element elementor-element-1cd251e3 e-con-full e-flex e-con e-parent\" data-id=\"1cd251e3\" data-element_type=\"container\" data-e-type=\"container\">\n\t\t\t\t<div class=\"elementor-element elementor-element-74d2b671 elementor-widget elementor-widget-shortcode\" data-id=\"74d2b671\" data-element_type=\"widget\" data-e-type=\"widget\" data-widget_type=\"shortcode.default\">\n\t\t\t\t<div class=\"elementor-widget-container\">\n\t\t\t\t\t\t\t<div class=\"elementor-shortcode\">\t\t<div data-elementor-type=\"section\" data-elementor-id=\"296\" class=\"elementor elementor-296\" data-elementor-post-type=\"elementor_library\">\n\t\t\t<div class=\"elementor-element elementor-element-31eba413 e-flex e-con-boxed e-con e-parent\" data-id=\"31eba413\" data-element_type=\"container\" data-e-type=\"container\" data-settings=\"{&quot;background_background&quot;:&quot;classic&quot;}\">\n\t\t\t\t\t<div class=\"e-con-inner\">\n\t\t\t\t<div class=\"elementor-element elementor-element-15e4890e elementor-widget elementor-widget-heading\" data-id=\"15e4890e\" data-element_type=\"widget\" data-e-type=\"widget\" data-widget_type=\"heading.default\">\n\t\t\t\t<div class=\"elementor-widget-container\">\n\t\t\t\t\t<div class=\"elementor-heading-title elementor-size-default\">Personnel<br>\nla croissance entre vos mains<\/div>\t\t\t\t<\/div>\n\t\t\t\t<\/div>\n\t\t\t\t<div class=\"elementor-element elementor-element-7048f5f elementor-widget elementor-widget-heading\" data-id=\"7048f5f\" data-element_type=\"widget\" data-e-type=\"widget\" data-widget_type=\"heading.default\">\n\t\t\t\t<div class=\"elementor-widget-container\">\n\t\t\t\t\t<div class=\"elementor-heading-title elementor-size-default\">Quel que soit le domaine dans lequel vous souhaitez \u00e9voluer, l'A\u00efkido vous permettra de trouver le chemin.<\/div>\t\t\t\t<\/div>\n\t\t\t\t<\/div>\n\t\t\t\t<div class=\"elementor-element elementor-element-7c66c64b elementor-align-center elementor-widget elementor-widget-button\" data-id=\"7c66c64b\" data-element_type=\"widget\" data-e-type=\"widget\" data-widget_type=\"button.default\">\n\t\t\t\t<div class=\"elementor-widget-container\">\n\t\t\t\t\t\t\t\t\t<div class=\"elementor-button-wrapper\">\n\t\t\t\t\t<a class=\"elementor-button elementor-button-link elementor-size-sm\" href=\"https:\/\/ando-aikido.gotgrib.nl\/member\/selfservice\/registration\/628769c029bbb\">\n\t\t\t\t\t\t<span class=\"elementor-button-content-wrapper\">\n\t\t\t\t\t\t\t\t\t<span class=\"elementor-button-text\">Planifier une le\u00e7on d'introduction<\/span>\n\t\t\t\t\t<\/span>\n\t\t\t\t\t<\/a>\n\t\t\t\t<\/div>\n\t\t\t\t\t\t\t\t<\/div>\n\t\t\t\t<\/div>\n\t\t\t\t\t<\/div>\n\t\t\t\t<\/div>\n\t\t\t\t<\/div>\n\t\t<\/div>\n\t\t\t\t\t\t<\/div>\n\t\t\t\t<\/div>\n\t\t\t\t<\/div>\n\t\t\t\t<\/div>","protected":false},"excerpt":{"rendered":"<p>Voordat sensei Edo en Anne leerling werden van Yoshimitsu Yamada shihan, waren zij zo\u2019n 8 jaar directe leerling van de Franse grootmeester Christian Tissier. Ook wel bekend om zijn elegante &#8216;Tissier Stijl&#8217;. Mede dankzij hem zijn ze hun eigen dojo begonnen in Veldhoven. Geboren in Parijs op 7 februari 1951. Christian Tissier was 11 jaar [&hellip;]<\/p>\n","protected":false},"author":1,"featured_media":1670,"parent":0,"menu_order":0,"comment_status":"closed","ping_status":"closed","template":"elementor_header_footer","meta":{"footnotes":""},"class_list":["post-563","page","type-page","status-publish","has-post-thumbnail","hentry"],"yoast_head":"<!-- This site is optimized with the Yoast SEO Premium plugin v27.3 (Yoast SEO v27.3) - https:\/\/yoast.com\/product\/yoast-seo-premium-wordpress\/ -->\n<title>Christian Tissier - Aikido ANDO<\/title>\n<meta name=\"description\" content=\"Christian Tissier&#039;s elegante Aikido-stijl wordt mede onderwezen bij Ando in Nederland. Ervaar dynamische bewegingen en diepgaande technieken.\" \/>\n<meta name=\"robots\" content=\"index, follow, max-snippet:-1, max-image-preview:large, max-video-preview:-1\" \/>\n<link rel=\"canonical\" href=\"https:\/\/aikido-ando.nl\/fr\/christian-tissier\/\" \/>\n<meta property=\"og:locale\" content=\"fr_FR\" \/>\n<meta property=\"og:type\" content=\"article\" \/>\n<meta property=\"og:title\" content=\"Christian Tissier\" \/>\n<meta property=\"og:description\" content=\"Christian Tissier&#039;s elegante Aikido-stijl wordt mede onderwezen bij Ando in Nederland. Ervaar dynamische bewegingen en diepgaande technieken.\" \/>\n<meta property=\"og:url\" content=\"https:\/\/aikido-ando.nl\/fr\/christian-tissier\/\" \/>\n<meta property=\"og:site_name\" content=\"Aikido ANDO\" \/>\n<meta property=\"article:publisher\" content=\"https:\/\/www.facebook.com\/andoaikido\" \/>\n<meta property=\"article:modified_time\" content=\"2026-01-26T13:51:04+00:00\" \/>\n<meta property=\"og:image\" content=\"https:\/\/aikido-ando.nl\/wp-content\/uploads\/Seiza_Kaizen_Aikido_Ando_Dojo.webp\" \/>\n\t<meta property=\"og:image:width\" content=\"1920\" \/>\n\t<meta property=\"og:image:height\" content=\"600\" \/>\n\t<meta property=\"og:image:type\" content=\"image\/webp\" \/>\n<meta name=\"twitter:card\" content=\"summary_large_image\" \/>\n<meta name=\"twitter:label1\" content=\"Dur\u00e9e de lecture estim\u00e9e\" \/>\n\t<meta name=\"twitter:data1\" content=\"3 minutes\" \/>\n<script type=\"application\/ld+json\" class=\"yoast-schema-graph\">{\"@context\":\"https:\\\/\\\/schema.org\",\"@graph\":[{\"@type\":\"WebPage\",\"@id\":\"https:\\\/\\\/aikido-ando.nl\\\/christian-tissier\\\/\",\"url\":\"https:\\\/\\\/aikido-ando.nl\\\/christian-tissier\\\/\",\"name\":\"Christian Tissier - Aikido ANDO\",\"isPartOf\":{\"@id\":\"https:\\\/\\\/aikido-ando.nl\\\/#website\"},\"primaryImageOfPage\":{\"@id\":\"https:\\\/\\\/aikido-ando.nl\\\/christian-tissier\\\/#primaryimage\"},\"image\":{\"@id\":\"https:\\\/\\\/aikido-ando.nl\\\/christian-tissier\\\/#primaryimage\"},\"thumbnailUrl\":\"https:\\\/\\\/aikido-ando.nl\\\/wp-content\\\/uploads\\\/Seiza_Kaizen_Aikido_Ando_Dojo.webp\",\"datePublished\":\"2024-10-08T19:53:30+00:00\",\"dateModified\":\"2026-01-26T13:51:04+00:00\",\"description\":\"Christian Tissier's elegante Aikido-stijl wordt mede onderwezen bij Ando in Nederland. Ervaar dynamische bewegingen en diepgaande technieken.\",\"breadcrumb\":{\"@id\":\"https:\\\/\\\/aikido-ando.nl\\\/christian-tissier\\\/#breadcrumb\"},\"inLanguage\":\"fr-FR\",\"potentialAction\":[{\"@type\":\"ReadAction\",\"target\":[\"https:\\\/\\\/aikido-ando.nl\\\/christian-tissier\\\/\"]}]},{\"@type\":\"ImageObject\",\"inLanguage\":\"fr-FR\",\"@id\":\"https:\\\/\\\/aikido-ando.nl\\\/christian-tissier\\\/#primaryimage\",\"url\":\"https:\\\/\\\/aikido-ando.nl\\\/wp-content\\\/uploads\\\/Seiza_Kaizen_Aikido_Ando_Dojo.webp\",\"contentUrl\":\"https:\\\/\\\/aikido-ando.nl\\\/wp-content\\\/uploads\\\/Seiza_Kaizen_Aikido_Ando_Dojo.webp\",\"width\":1920,\"height\":600,\"caption\":\"Ando Aikidoles in Nederland bij Ando die dojo's heeft in Geldrop en omstreken.\"},{\"@type\":\"BreadcrumbList\",\"@id\":\"https:\\\/\\\/aikido-ando.nl\\\/christian-tissier\\\/#breadcrumb\",\"itemListElement\":[{\"@type\":\"ListItem\",\"position\":1,\"name\":\"Home\",\"item\":\"https:\\\/\\\/aikido-ando.nl\\\/\"},{\"@type\":\"ListItem\",\"position\":2,\"name\":\"Christian Tissier\"}]},{\"@type\":\"WebSite\",\"@id\":\"https:\\\/\\\/aikido-ando.nl\\\/#website\",\"url\":\"https:\\\/\\\/aikido-ando.nl\\\/\",\"name\":\"Aikido Ando\",\"description\":\"\",\"publisher\":{\"@id\":\"https:\\\/\\\/aikido-ando.nl\\\/#organization\"},\"potentialAction\":[{\"@type\":\"SearchAction\",\"target\":{\"@type\":\"EntryPoint\",\"urlTemplate\":\"https:\\\/\\\/aikido-ando.nl\\\/?s={search_term_string}\"},\"query-input\":{\"@type\":\"PropertyValueSpecification\",\"valueRequired\":true,\"valueName\":\"search_term_string\"}}],\"inLanguage\":\"fr-FR\"},{\"@type\":\"Organization\",\"@id\":\"https:\\\/\\\/aikido-ando.nl\\\/#organization\",\"name\":\"Aikido Ando\",\"url\":\"https:\\\/\\\/aikido-ando.nl\\\/\",\"logo\":{\"@type\":\"ImageObject\",\"inLanguage\":\"fr-FR\",\"@id\":\"https:\\\/\\\/aikido-ando.nl\\\/#\\\/schema\\\/logo\\\/image\\\/\",\"url\":\"https:\\\/\\\/aikido-ando.nl\\\/wp-content\\\/uploads\\\/Logo.webp\",\"contentUrl\":\"https:\\\/\\\/aikido-ando.nl\\\/wp-content\\\/uploads\\\/Logo.webp\",\"width\":500,\"height\":500,\"caption\":\"Aikido Ando\"},\"image\":{\"@id\":\"https:\\\/\\\/aikido-ando.nl\\\/#\\\/schema\\\/logo\\\/image\\\/\"},\"sameAs\":[\"https:\\\/\\\/www.facebook.com\\\/andoaikido\",\"https:\\\/\\\/www.instagram.com\\\/andoaikido\\\/\",\"https:\\\/\\\/www.tiktok.com\\\/404?fromUrl=\\\/andoaikido\",\"https:\\\/\\\/www.linkedin.com\\\/company\\\/andoaikido?originalSubdomain=nl\"]}]}<\/script>\n<!-- \/ Yoast SEO Premium plugin. -->","yoast_head_json":{"title":"Christian Tissier - Aikido ANDO","description":"L'\u00e9l\u00e9gant style d'A\u00efkido de Christian Tissier est enseign\u00e9 \u00e0 Ando aux Pays-Bas. D\u00e9couvrez des mouvements dynamiques et des techniques profondes.","robots":{"index":"index","follow":"follow","max-snippet":"max-snippet:-1","max-image-preview":"max-image-preview:large","max-video-preview":"max-video-preview:-1"},"canonical":"https:\/\/aikido-ando.nl\/fr\/christian-tissier\/","og_locale":"fr_FR","og_type":"article","og_title":"Christian Tissier","og_description":"Christian Tissier's elegante Aikido-stijl wordt mede onderwezen bij Ando in Nederland. Ervaar dynamische bewegingen en diepgaande technieken.","og_url":"https:\/\/aikido-ando.nl\/fr\/christian-tissier\/","og_site_name":"Aikido ANDO","article_publisher":"https:\/\/www.facebook.com\/andoaikido","article_modified_time":"2026-01-26T13:51:04+00:00","og_image":[{"width":1920,"height":600,"url":"https:\/\/aikido-ando.nl\/wp-content\/uploads\/Seiza_Kaizen_Aikido_Ando_Dojo.webp","type":"image\/webp"}],"twitter_card":"summary_large_image","twitter_misc":{"Dur\u00e9e de lecture estim\u00e9e":"3 minutes"},"schema":{"@context":"https:\/\/schema.org","@graph":[{"@type":"WebPage","@id":"https:\/\/aikido-ando.nl\/christian-tissier\/","url":"https:\/\/aikido-ando.nl\/christian-tissier\/","name":"Christian Tissier - Aikido ANDO","isPartOf":{"@id":"https:\/\/aikido-ando.nl\/#website"},"primaryImageOfPage":{"@id":"https:\/\/aikido-ando.nl\/christian-tissier\/#primaryimage"},"image":{"@id":"https:\/\/aikido-ando.nl\/christian-tissier\/#primaryimage"},"thumbnailUrl":"https:\/\/aikido-ando.nl\/wp-content\/uploads\/Seiza_Kaizen_Aikido_Ando_Dojo.webp","datePublished":"2024-10-08T19:53:30+00:00","dateModified":"2026-01-26T13:51:04+00:00","description":"L'\u00e9l\u00e9gant style d'A\u00efkido de Christian Tissier est enseign\u00e9 \u00e0 Ando aux Pays-Bas. D\u00e9couvrez des mouvements dynamiques et des techniques profondes.","breadcrumb":{"@id":"https:\/\/aikido-ando.nl\/christian-tissier\/#breadcrumb"},"inLanguage":"fr-FR","potentialAction":[{"@type":"ReadAction","target":["https:\/\/aikido-ando.nl\/christian-tissier\/"]}]},{"@type":"ImageObject","inLanguage":"fr-FR","@id":"https:\/\/aikido-ando.nl\/christian-tissier\/#primaryimage","url":"https:\/\/aikido-ando.nl\/wp-content\/uploads\/Seiza_Kaizen_Aikido_Ando_Dojo.webp","contentUrl":"https:\/\/aikido-ando.nl\/wp-content\/uploads\/Seiza_Kaizen_Aikido_Ando_Dojo.webp","width":1920,"height":600,"caption":"Ando Aikidoles in Nederland bij Ando die dojo's heeft in Geldrop en omstreken."},{"@type":"BreadcrumbList","@id":"https:\/\/aikido-ando.nl\/christian-tissier\/#breadcrumb","itemListElement":[{"@type":"ListItem","position":1,"name":"Home","item":"https:\/\/aikido-ando.nl\/"},{"@type":"ListItem","position":2,"name":"Christian Tissier"}]},{"@type":"WebSite","@id":"https:\/\/aikido-ando.nl\/#website","url":"https:\/\/aikido-ando.nl\/","name":"Aikido Ando","description":"","publisher":{"@id":"https:\/\/aikido-ando.nl\/#organization"},"potentialAction":[{"@type":"SearchAction","target":{"@type":"EntryPoint","urlTemplate":"https:\/\/aikido-ando.nl\/?s={search_term_string}"},"query-input":{"@type":"PropertyValueSpecification","valueRequired":true,"valueName":"search_term_string"}}],"inLanguage":"fr-FR"},{"@type":"Organization","@id":"https:\/\/aikido-ando.nl\/#organization","name":"Aikido Ando","url":"https:\/\/aikido-ando.nl\/","logo":{"@type":"ImageObject","inLanguage":"fr-FR","@id":"https:\/\/aikido-ando.nl\/#\/schema\/logo\/image\/","url":"https:\/\/aikido-ando.nl\/wp-content\/uploads\/Logo.webp","contentUrl":"https:\/\/aikido-ando.nl\/wp-content\/uploads\/Logo.webp","width":500,"height":500,"caption":"Aikido Ando"},"image":{"@id":"https:\/\/aikido-ando.nl\/#\/schema\/logo\/image\/"},"sameAs":["https:\/\/www.facebook.com\/andoaikido","https:\/\/www.instagram.com\/andoaikido\/","https:\/\/www.tiktok.com\/404?fromUrl=\/andoaikido","https:\/\/www.linkedin.com\/company\/andoaikido?originalSubdomain=nl"]}]}},"_links":{"self":[{"href":"https:\/\/aikido-ando.nl\/fr\/wp-json\/wp\/v2\/pages\/563","targetHints":{"allow":["GET"]}}],"collection":[{"href":"https:\/\/aikido-ando.nl\/fr\/wp-json\/wp\/v2\/pages"}],"about":[{"href":"https:\/\/aikido-ando.nl\/fr\/wp-json\/wp\/v2\/types\/page"}],"author":[{"embeddable":true,"href":"https:\/\/aikido-ando.nl\/fr\/wp-json\/wp\/v2\/users\/1"}],"replies":[{"embeddable":true,"href":"https:\/\/aikido-ando.nl\/fr\/wp-json\/wp\/v2\/comments?post=563"}],"version-history":[{"count":3,"href":"https:\/\/aikido-ando.nl\/fr\/wp-json\/wp\/v2\/pages\/563\/revisions"}],"predecessor-version":[{"id":3752,"href":"https:\/\/aikido-ando.nl\/fr\/wp-json\/wp\/v2\/pages\/563\/revisions\/3752"}],"wp:featuredmedia":[{"embeddable":true,"href":"https:\/\/aikido-ando.nl\/fr\/wp-json\/wp\/v2\/media\/1670"}],"wp:attachment":[{"href":"https:\/\/aikido-ando.nl\/fr\/wp-json\/wp\/v2\/media?parent=563"}],"curies":[{"name":"wp","href":"https:\/\/api.w.org\/{rel}","templated":true}]}}