{"id":594,"date":"2024-10-08T22:32:33","date_gmt":"2024-10-08T20:32:33","guid":{"rendered":"https:\/\/aikido-ando.nl\/?page_id=594"},"modified":"2025-08-09T19:53:18","modified_gmt":"2025-08-09T17:53:18","slug":"expats-a-eindhoven","status":"publish","type":"page","link":"https:\/\/aikido-ando.nl\/fr\/expats-in-eindhoven\/","title":{"rendered":"Expats \u00e0 Eindhoven"},"content":{"rendered":"<div data-elementor-type=\"wp-page\" data-elementor-id=\"594\" class=\"elementor elementor-594\" data-elementor-post-type=\"page\">\n\t\t\t\t<div class=\"elementor-element elementor-element-7792a94 e-flex e-con-boxed e-con e-parent\" data-id=\"7792a94\" data-element_type=\"container\" data-e-type=\"container\">\n\t\t\t\t\t<div class=\"e-con-inner\">\n\t\t\t\t<div class=\"elementor-element elementor-element-4f50972 elementor-widget elementor-widget-text-editor\" data-id=\"4f50972\" data-element_type=\"widget\" data-e-type=\"widget\" data-widget_type=\"text-editor.default\">\n\t\t\t\t<div class=\"elementor-widget-container\">\n\t\t\t\t\t\t\t\t\t<p><strong>Vous \u00eates ou connaissez un expatri\u00e9 \u00e0 Eindhoven ? Alors cette page est pour vous. Apr\u00e8s tout, Ando est un dojo avec une diversit\u00e9 de nationalit\u00e9s. Des Hongrois aux Polonais, en passant par les Allemands, les Fran\u00e7ais et les Italiens, toutes les nationalit\u00e9s sont les bienvenues. En tant qu'expatri\u00e9, vous essayez naturellement de vous int\u00e9grer dans la culture n\u00e9erlandaise aussi bien et facilement que possible. Avec un sport\/art martial comme l'A\u00efkido, c'est encore plus facile.<\/strong><\/p>\t\t\t\t\t\t\t\t<\/div>\n\t\t\t\t<\/div>\n\t\t\t\t<div class=\"elementor-element elementor-element-83eb9b6 elementor-widget elementor-widget-text-editor\" data-id=\"83eb9b6\" data-element_type=\"widget\" data-e-type=\"widget\" data-widget_type=\"text-editor.default\">\n\t\t\t\t<div class=\"elementor-widget-container\">\n\t\t\t\t\t\t\t\t\t<p>Parce que l'A\u00efkido n'a pas de comp\u00e9tition, vous \u00eates tout de suite plus \u00e0 l'aise. <strong>plus d\u00e9tendu sur le tapis<\/strong>. Vous vous concentrez principalement sur les mouvements d\u00e9montr\u00e9s.<strong> Une chose que sensei Edo et Anne ne connaissent que trop bien.<\/strong> Enfants, ils \u00e9taient sur le tapis avec le grand ma\u00eetre Christian Tissier, qui parlait surtout fran\u00e7ais. C'\u00e9tait une langue qu'ils n'avaient pas encore apprise \u00e0 l'\u00e9cole. C'est pourquoi <strong>elle a appris principalement en regardant et en \u00e9coutant attentivement<\/strong>. Gr\u00e2ce \u00e0 des \u00e9tudiants assis \u00e0 c\u00f4t\u00e9 d'eux et traduisant parfois pour eux, ils ont commenc\u00e9 \u00e0 comprendre de mieux en mieux comment tout cela fonctionnait. <strong>Dans le dojo d'Ando, ce n'est pas diff\u00e9rent.<\/strong> M\u00eame dans notre groupe d'enfants, les enfants aiment s'entraider, ce qui constitue pour eux une autre excellente fa\u00e7on de mettre l'anglais en pratique.<\/p><p>En outre, les <strong>L'a\u00efkido, une communaut\u00e9 sociale<\/strong>, surtout \u00e0 Ando. Ils aiment donc se mettre au courant de toutes sortes de choses avant ou apr\u00e8s la formation. C'est un moyen facile pour un expatri\u00e9 de se faire une id\u00e9e de la fa\u00e7on dont les choses fonctionnent ici. Ce n'est pas surprenant, car le dojo d'Ando se trouve juste \u00e0 c\u00f4t\u00e9 d'ASML et de NXP. Sans oublier l'a\u00e9roport d'Eindhoven. Un a\u00e9roport que nous utilisons volontiers, car nous adorons les formations \u00e0 l'\u00e9tranger.\u00a0<\/p><p>Nous invitons \u00e9galement <strong>senseis ou grands ma\u00eetres \u00e9trangers<\/strong> pour des cours d'A\u00efkido dans notre dojo. Ce sont des experts en A\u00efkido. De plus, il arrive souvent que ces entra\u00eeneurs am\u00e8nent leur propre groupe de personnes d'Europe ou du monde \u00e0 notre dojo. C'est vraiment g\u00e9nial ! Bref, si vous \u00eates ou connaissez un expatri\u00e9 travaillant ici aux Pays-Bas, venez prendre un cours d'essai d'A\u00efkido.<\/p>\t\t\t\t\t\t\t\t<\/div>\n\t\t\t\t<\/div>\n\t\t\t\t\t<\/div>\n\t\t\t\t<\/div>\n\t\t<div class=\"elementor-element elementor-element-29e5967 e-flex e-con-boxed e-con e-parent\" data-id=\"29e5967\" data-element_type=\"container\" data-e-type=\"container\" data-settings=\"{&quot;background_background&quot;:&quot;classic&quot;}\">\n\t\t\t\t\t<div class=\"e-con-inner\">\n\t\t<div class=\"elementor-element elementor-element-febfc3b e-con-full e-flex e-con e-child\" data-id=\"febfc3b\" data-element_type=\"container\" data-e-type=\"container\" data-settings=\"{&quot;background_background&quot;:&quot;classic&quot;}\">\n\t\t\t\t<div class=\"elementor-element elementor-element-995160b elementor-widget elementor-widget-text-editor\" data-id=\"995160b\" data-element_type=\"widget\" data-e-type=\"widget\" data-widget_type=\"text-editor.default\">\n\t\t\t\t<div class=\"elementor-widget-container\">\n\t\t\t\t\t\t\t\t\tL'\u00e9cole d'a\u00efkido ANDO d'Eindhoven fait une petite d\u00e9monstration.\t\t\t\t\t\t\t\t<\/div>\n\t\t\t\t<\/div>\n\t\t\t\t<\/div>\n\t\t<div class=\"elementor-element elementor-element-0a73ec5 e-con-full e-flex e-con e-child\" data-id=\"0a73ec5\" data-element_type=\"container\" data-e-type=\"container\" data-settings=\"{&quot;background_background&quot;:&quot;classic&quot;}\">\n\t\t\t\t<div class=\"elementor-element elementor-element-879581d elementor-widget elementor-widget-text-editor\" data-id=\"879581d\" data-element_type=\"widget\" data-e-type=\"widget\" data-widget_type=\"text-editor.default\">\n\t\t\t\t<div class=\"elementor-widget-container\">\n\t\t\t\t\t\t\t\t\tJourn\u00e9e des expatri\u00e9s \u00e0 Eindhoven\t\t\t\t\t\t\t\t<\/div>\n\t\t\t\t<\/div>\n\t\t\t\t<\/div>\n\t\t\t\t\t<\/div>\n\t\t\t\t<\/div>\n\t\t<div class=\"elementor-element elementor-element-2287b762 e-con-full e-flex e-con e-parent\" data-id=\"2287b762\" data-element_type=\"container\" data-e-type=\"container\">\n\t\t\t\t<div class=\"elementor-element elementor-element-2d880746 elementor-widget elementor-widget-shortcode\" data-id=\"2d880746\" data-element_type=\"widget\" data-e-type=\"widget\" data-widget_type=\"shortcode.default\">\n\t\t\t\t<div class=\"elementor-widget-container\">\n\t\t\t\t\t\t\t<div class=\"elementor-shortcode\">\t\t<div data-elementor-type=\"section\" data-elementor-id=\"296\" class=\"elementor elementor-296\" data-elementor-post-type=\"elementor_library\">\n\t\t\t<div class=\"elementor-element elementor-element-31eba413 e-flex e-con-boxed e-con e-parent\" data-id=\"31eba413\" data-element_type=\"container\" data-e-type=\"container\" data-settings=\"{&quot;background_background&quot;:&quot;classic&quot;}\">\n\t\t\t\t\t<div class=\"e-con-inner\">\n\t\t\t\t<div class=\"elementor-element elementor-element-15e4890e elementor-widget elementor-widget-heading\" data-id=\"15e4890e\" data-element_type=\"widget\" data-e-type=\"widget\" data-widget_type=\"heading.default\">\n\t\t\t\t<div class=\"elementor-widget-container\">\n\t\t\t\t\t<div class=\"elementor-heading-title elementor-size-default\">Personnel<br>\nla croissance entre vos mains<\/div>\t\t\t\t<\/div>\n\t\t\t\t<\/div>\n\t\t\t\t<div class=\"elementor-element elementor-element-7048f5f elementor-widget elementor-widget-heading\" data-id=\"7048f5f\" data-element_type=\"widget\" data-e-type=\"widget\" data-widget_type=\"heading.default\">\n\t\t\t\t<div class=\"elementor-widget-container\">\n\t\t\t\t\t<div class=\"elementor-heading-title elementor-size-default\">Quel que soit le domaine dans lequel vous souhaitez \u00e9voluer, l'A\u00efkido vous permettra de trouver le chemin.<\/div>\t\t\t\t<\/div>\n\t\t\t\t<\/div>\n\t\t\t\t<div class=\"elementor-element elementor-element-7c66c64b elementor-align-center elementor-widget elementor-widget-button\" data-id=\"7c66c64b\" data-element_type=\"widget\" data-e-type=\"widget\" data-widget_type=\"button.default\">\n\t\t\t\t<div class=\"elementor-widget-container\">\n\t\t\t\t\t\t\t\t\t<div class=\"elementor-button-wrapper\">\n\t\t\t\t\t<a class=\"elementor-button elementor-button-link elementor-size-sm\" href=\"https:\/\/ando-aikido.gotgrib.nl\/member\/selfservice\/registration\/628769c029bbb\">\n\t\t\t\t\t\t<span class=\"elementor-button-content-wrapper\">\n\t\t\t\t\t\t\t\t\t<span class=\"elementor-button-text\">Planifier une le\u00e7on d'introduction<\/span>\n\t\t\t\t\t<\/span>\n\t\t\t\t\t<\/a>\n\t\t\t\t<\/div>\n\t\t\t\t\t\t\t\t<\/div>\n\t\t\t\t<\/div>\n\t\t\t\t\t<\/div>\n\t\t\t\t<\/div>\n\t\t\t\t<\/div>\n\t\t<\/div>\n\t\t\t\t\t\t<\/div>\n\t\t\t\t<\/div>\n\t\t\t\t<\/div>\n\t\t\t\t<\/div>","protected":false},"excerpt":{"rendered":"<p>Ben of ken je een Expat in Eindhoven? Dan is deze pagina wat voor jou. Ando is namelijk een dojo met een diversiteit aan nationaliteiten. Van Hongaars tot Pools, Duits, Frans of Italiaans alle nationaliteiten zijn hier welkom. Als expat probeer je natuurlijk zo goed en makkelijk mogelijk in de Nederlandse cultuur te integreren. Met [&hellip;]<\/p>\n","protected":false},"author":1,"featured_media":1675,"parent":0,"menu_order":0,"comment_status":"closed","ping_status":"closed","template":"elementor_header_footer","meta":{"footnotes":""},"class_list":["post-594","page","type-page","status-publish","has-post-thumbnail","hentry"],"yoast_head":"<!-- This site is optimized with the Yoast SEO Premium plugin v27.5 (Yoast SEO v27.5) - https:\/\/yoast.com\/product\/yoast-seo-premium-wordpress\/ -->\n<title>Expats in Eindhoven - Aikido ANDO<\/title>\n<meta name=\"description\" content=\"Nieuw in Nederland en op zoek naar Aikido? Ando in Eindhoven verwelkomt expats in een internationale omgeving. Doe mee en voel je thuis!\" \/>\n<meta name=\"robots\" content=\"index, follow, max-snippet:-1, max-image-preview:large, max-video-preview:-1\" \/>\n<link rel=\"canonical\" href=\"https:\/\/aikido-ando.nl\/fr\/expats-a-eindhoven\/\" \/>\n<meta property=\"og:locale\" content=\"fr_FR\" \/>\n<meta property=\"og:type\" content=\"article\" \/>\n<meta property=\"og:title\" content=\"Expats in Eindhoven\" \/>\n<meta property=\"og:description\" content=\"Nieuw in Nederland en op zoek naar Aikido? Ando in Eindhoven verwelkomt expats in een internationale omgeving. Doe mee en voel je thuis!\" \/>\n<meta property=\"og:url\" content=\"https:\/\/aikido-ando.nl\/fr\/expats-a-eindhoven\/\" \/>\n<meta property=\"og:site_name\" content=\"Aikido ANDO\" \/>\n<meta property=\"article:publisher\" content=\"https:\/\/www.facebook.com\/andoaikido\" \/>\n<meta property=\"article:modified_time\" content=\"2025-08-09T17:53:18+00:00\" \/>\n<meta property=\"og:image\" content=\"https:\/\/aikido-ando.nl\/wp-content\/uploads\/Ando_Eindhoven_Klokgebouw_AnneSlui_Sensei-1.webp\" \/>\n\t<meta property=\"og:image:width\" content=\"1920\" \/>\n\t<meta property=\"og:image:height\" content=\"600\" \/>\n\t<meta property=\"og:image:type\" content=\"image\/webp\" \/>\n<meta name=\"twitter:card\" content=\"summary_large_image\" \/>\n<meta name=\"twitter:label1\" content=\"Dur\u00e9e de lecture estim\u00e9e\" \/>\n\t<meta name=\"twitter:data1\" content=\"2 minutes\" \/>\n<script type=\"application\/ld+json\" class=\"yoast-schema-graph\">{\"@context\":\"https:\\\/\\\/schema.org\",\"@graph\":[{\"@type\":\"WebPage\",\"@id\":\"https:\\\/\\\/aikido-ando.nl\\\/expats-in-eindhoven\\\/\",\"url\":\"https:\\\/\\\/aikido-ando.nl\\\/expats-in-eindhoven\\\/\",\"name\":\"Expats in Eindhoven - Aikido ANDO\",\"isPartOf\":{\"@id\":\"https:\\\/\\\/aikido-ando.nl\\\/#website\"},\"primaryImageOfPage\":{\"@id\":\"https:\\\/\\\/aikido-ando.nl\\\/expats-in-eindhoven\\\/#primaryimage\"},\"image\":{\"@id\":\"https:\\\/\\\/aikido-ando.nl\\\/expats-in-eindhoven\\\/#primaryimage\"},\"thumbnailUrl\":\"https:\\\/\\\/aikido-ando.nl\\\/wp-content\\\/uploads\\\/Ando_Eindhoven_Klokgebouw_AnneSlui_Sensei-1.webp\",\"datePublished\":\"2024-10-08T20:32:33+00:00\",\"dateModified\":\"2025-08-09T17:53:18+00:00\",\"description\":\"Nieuw in Nederland en op zoek naar Aikido? Ando in Eindhoven verwelkomt expats in een internationale omgeving. Doe mee en voel je thuis!\",\"breadcrumb\":{\"@id\":\"https:\\\/\\\/aikido-ando.nl\\\/expats-in-eindhoven\\\/#breadcrumb\"},\"inLanguage\":\"fr-FR\",\"potentialAction\":[{\"@type\":\"ReadAction\",\"target\":[\"https:\\\/\\\/aikido-ando.nl\\\/expats-in-eindhoven\\\/\"]}]},{\"@type\":\"ImageObject\",\"inLanguage\":\"fr-FR\",\"@id\":\"https:\\\/\\\/aikido-ando.nl\\\/expats-in-eindhoven\\\/#primaryimage\",\"url\":\"https:\\\/\\\/aikido-ando.nl\\\/wp-content\\\/uploads\\\/Ando_Eindhoven_Klokgebouw_AnneSlui_Sensei-1.webp\",\"contentUrl\":\"https:\\\/\\\/aikido-ando.nl\\\/wp-content\\\/uploads\\\/Ando_Eindhoven_Klokgebouw_AnneSlui_Sensei-1.webp\",\"width\":1920,\"height\":600,\"caption\":\"Sensei Edo en Anne geven Aikido demonstratie op Strijp-S bij Klokkengebouw in Eindhoven. Ando dojo vind je in Eindhoven.\"},{\"@type\":\"BreadcrumbList\",\"@id\":\"https:\\\/\\\/aikido-ando.nl\\\/expats-in-eindhoven\\\/#breadcrumb\",\"itemListElement\":[{\"@type\":\"ListItem\",\"position\":1,\"name\":\"Home\",\"item\":\"https:\\\/\\\/aikido-ando.nl\\\/\"},{\"@type\":\"ListItem\",\"position\":2,\"name\":\"Expats in Eindhoven\"}]},{\"@type\":\"WebSite\",\"@id\":\"https:\\\/\\\/aikido-ando.nl\\\/#website\",\"url\":\"https:\\\/\\\/aikido-ando.nl\\\/\",\"name\":\"Aikido Ando\",\"description\":\"\",\"publisher\":{\"@id\":\"https:\\\/\\\/aikido-ando.nl\\\/#organization\"},\"potentialAction\":[{\"@type\":\"SearchAction\",\"target\":{\"@type\":\"EntryPoint\",\"urlTemplate\":\"https:\\\/\\\/aikido-ando.nl\\\/?s={search_term_string}\"},\"query-input\":{\"@type\":\"PropertyValueSpecification\",\"valueRequired\":true,\"valueName\":\"search_term_string\"}}],\"inLanguage\":\"fr-FR\"},{\"@type\":\"Organization\",\"@id\":\"https:\\\/\\\/aikido-ando.nl\\\/#organization\",\"name\":\"Aikido Ando\",\"url\":\"https:\\\/\\\/aikido-ando.nl\\\/\",\"logo\":{\"@type\":\"ImageObject\",\"inLanguage\":\"fr-FR\",\"@id\":\"https:\\\/\\\/aikido-ando.nl\\\/#\\\/schema\\\/logo\\\/image\\\/\",\"url\":\"https:\\\/\\\/aikido-ando.nl\\\/wp-content\\\/uploads\\\/Logo.webp\",\"contentUrl\":\"https:\\\/\\\/aikido-ando.nl\\\/wp-content\\\/uploads\\\/Logo.webp\",\"width\":500,\"height\":500,\"caption\":\"Aikido Ando\"},\"image\":{\"@id\":\"https:\\\/\\\/aikido-ando.nl\\\/#\\\/schema\\\/logo\\\/image\\\/\"},\"sameAs\":[\"https:\\\/\\\/www.facebook.com\\\/andoaikido\",\"https:\\\/\\\/www.instagram.com\\\/andoaikido\\\/\",\"https:\\\/\\\/www.tiktok.com\\\/404?fromUrl=\\\/andoaikido\",\"https:\\\/\\\/www.linkedin.com\\\/company\\\/andoaikido?originalSubdomain=nl\"]}]}<\/script>\n<!-- \/ Yoast SEO Premium plugin. -->","yoast_head_json":{"title":"Expats in Eindhoven - Aikido ANDO","description":"Vous venez d'arriver aux Pays-Bas et vous cherchez de l'A\u00efkido ? Ando \u00e0 Eindhoven accueille les expatri\u00e9s dans un environnement international. Rejoignez-nous et sentez-vous chez vous !","robots":{"index":"index","follow":"follow","max-snippet":"max-snippet:-1","max-image-preview":"max-image-preview:large","max-video-preview":"max-video-preview:-1"},"canonical":"https:\/\/aikido-ando.nl\/fr\/expats-a-eindhoven\/","og_locale":"fr_FR","og_type":"article","og_title":"Expats in Eindhoven","og_description":"Nieuw in Nederland en op zoek naar Aikido? Ando in Eindhoven verwelkomt expats in een internationale omgeving. Doe mee en voel je thuis!","og_url":"https:\/\/aikido-ando.nl\/fr\/expats-a-eindhoven\/","og_site_name":"Aikido ANDO","article_publisher":"https:\/\/www.facebook.com\/andoaikido","article_modified_time":"2025-08-09T17:53:18+00:00","og_image":[{"width":1920,"height":600,"url":"https:\/\/aikido-ando.nl\/wp-content\/uploads\/Ando_Eindhoven_Klokgebouw_AnneSlui_Sensei-1.webp","type":"image\/webp"}],"twitter_card":"summary_large_image","twitter_misc":{"Dur\u00e9e de lecture estim\u00e9e":"2 minutes"},"schema":{"@context":"https:\/\/schema.org","@graph":[{"@type":"WebPage","@id":"https:\/\/aikido-ando.nl\/expats-in-eindhoven\/","url":"https:\/\/aikido-ando.nl\/expats-in-eindhoven\/","name":"Expats in Eindhoven - Aikido ANDO","isPartOf":{"@id":"https:\/\/aikido-ando.nl\/#website"},"primaryImageOfPage":{"@id":"https:\/\/aikido-ando.nl\/expats-in-eindhoven\/#primaryimage"},"image":{"@id":"https:\/\/aikido-ando.nl\/expats-in-eindhoven\/#primaryimage"},"thumbnailUrl":"https:\/\/aikido-ando.nl\/wp-content\/uploads\/Ando_Eindhoven_Klokgebouw_AnneSlui_Sensei-1.webp","datePublished":"2024-10-08T20:32:33+00:00","dateModified":"2025-08-09T17:53:18+00:00","description":"Vous venez d'arriver aux Pays-Bas et vous cherchez de l'A\u00efkido ? Ando \u00e0 Eindhoven accueille les expatri\u00e9s dans un environnement international. Rejoignez-nous et sentez-vous chez vous !","breadcrumb":{"@id":"https:\/\/aikido-ando.nl\/expats-in-eindhoven\/#breadcrumb"},"inLanguage":"fr-FR","potentialAction":[{"@type":"ReadAction","target":["https:\/\/aikido-ando.nl\/expats-in-eindhoven\/"]}]},{"@type":"ImageObject","inLanguage":"fr-FR","@id":"https:\/\/aikido-ando.nl\/expats-in-eindhoven\/#primaryimage","url":"https:\/\/aikido-ando.nl\/wp-content\/uploads\/Ando_Eindhoven_Klokgebouw_AnneSlui_Sensei-1.webp","contentUrl":"https:\/\/aikido-ando.nl\/wp-content\/uploads\/Ando_Eindhoven_Klokgebouw_AnneSlui_Sensei-1.webp","width":1920,"height":600,"caption":"Sensei Edo en Anne geven Aikido demonstratie op Strijp-S bij Klokkengebouw in Eindhoven. Ando dojo vind je in Eindhoven."},{"@type":"BreadcrumbList","@id":"https:\/\/aikido-ando.nl\/expats-in-eindhoven\/#breadcrumb","itemListElement":[{"@type":"ListItem","position":1,"name":"Home","item":"https:\/\/aikido-ando.nl\/"},{"@type":"ListItem","position":2,"name":"Expats in Eindhoven"}]},{"@type":"WebSite","@id":"https:\/\/aikido-ando.nl\/#website","url":"https:\/\/aikido-ando.nl\/","name":"Aikido Ando","description":"","publisher":{"@id":"https:\/\/aikido-ando.nl\/#organization"},"potentialAction":[{"@type":"SearchAction","target":{"@type":"EntryPoint","urlTemplate":"https:\/\/aikido-ando.nl\/?s={search_term_string}"},"query-input":{"@type":"PropertyValueSpecification","valueRequired":true,"valueName":"search_term_string"}}],"inLanguage":"fr-FR"},{"@type":"Organization","@id":"https:\/\/aikido-ando.nl\/#organization","name":"Aikido Ando","url":"https:\/\/aikido-ando.nl\/","logo":{"@type":"ImageObject","inLanguage":"fr-FR","@id":"https:\/\/aikido-ando.nl\/#\/schema\/logo\/image\/","url":"https:\/\/aikido-ando.nl\/wp-content\/uploads\/Logo.webp","contentUrl":"https:\/\/aikido-ando.nl\/wp-content\/uploads\/Logo.webp","width":500,"height":500,"caption":"Aikido Ando"},"image":{"@id":"https:\/\/aikido-ando.nl\/#\/schema\/logo\/image\/"},"sameAs":["https:\/\/www.facebook.com\/andoaikido","https:\/\/www.instagram.com\/andoaikido\/","https:\/\/www.tiktok.com\/404?fromUrl=\/andoaikido","https:\/\/www.linkedin.com\/company\/andoaikido?originalSubdomain=nl"]}]}},"_links":{"self":[{"href":"https:\/\/aikido-ando.nl\/fr\/wp-json\/wp\/v2\/pages\/594","targetHints":{"allow":["GET"]}}],"collection":[{"href":"https:\/\/aikido-ando.nl\/fr\/wp-json\/wp\/v2\/pages"}],"about":[{"href":"https:\/\/aikido-ando.nl\/fr\/wp-json\/wp\/v2\/types\/page"}],"author":[{"embeddable":true,"href":"https:\/\/aikido-ando.nl\/fr\/wp-json\/wp\/v2\/users\/1"}],"replies":[{"embeddable":true,"href":"https:\/\/aikido-ando.nl\/fr\/wp-json\/wp\/v2\/comments?post=594"}],"version-history":[{"count":0,"href":"https:\/\/aikido-ando.nl\/fr\/wp-json\/wp\/v2\/pages\/594\/revisions"}],"wp:featuredmedia":[{"embeddable":true,"href":"https:\/\/aikido-ando.nl\/fr\/wp-json\/wp\/v2\/media\/1675"}],"wp:attachment":[{"href":"https:\/\/aikido-ando.nl\/fr\/wp-json\/wp\/v2\/media?parent=594"}],"curies":[{"name":"wp","href":"https:\/\/api.w.org\/{rel}","templated":true}]}}