{"id":599,"date":"2024-10-08T22:35:48","date_gmt":"2024-10-08T20:35:48","guid":{"rendered":"https:\/\/aikido-ando.nl\/?page_id=599"},"modified":"2025-07-31T15:21:07","modified_gmt":"2025-07-31T13:21:07","slug":"aikido-familie","status":"publish","type":"page","link":"https:\/\/aikido-ando.nl\/fr\/aikido-familie\/","title":{"rendered":"Famille de l'a\u00efkido"},"content":{"rendered":"<div data-elementor-type=\"wp-page\" data-elementor-id=\"599\" class=\"elementor elementor-599\" data-elementor-post-type=\"page\">\n\t\t\t\t<div class=\"elementor-element elementor-element-5f5b768 e-flex e-con-boxed e-con e-parent\" data-id=\"5f5b768\" data-element_type=\"container\" data-e-type=\"container\">\n\t\t\t\t\t<div class=\"e-con-inner\">\n\t\t\t\t<div class=\"elementor-element elementor-element-e387af5 elementor-widget elementor-widget-text-editor\" data-id=\"e387af5\" data-element_type=\"widget\" data-e-type=\"widget\" data-widget_type=\"text-editor.default\">\n\t\t\t\t<div class=\"elementor-widget-container\">\n\t\t\t\t\t\t\t\t\t<h2>Notre histoire<\/h2>\t\t\t\t\t\t\t\t<\/div>\n\t\t\t\t<\/div>\n\t\t\t\t<div class=\"elementor-element elementor-element-e07998d elementor-widget elementor-widget-text-editor\" data-id=\"e07998d\" data-element_type=\"widget\" data-e-type=\"widget\" data-widget_type=\"text-editor.default\">\n\t\t\t\t<div class=\"elementor-widget-container\">\n\t\t\t\t\t\t\t\t\t<p><strong>Notre r\u00eave est de vivre dans un monde d'\u00e9galit\u00e9 et de connexion. En connexion avec vous-m\u00eame et avec ceux qui vous entourent. Nous savons que les personnes qui sont dans leur propre pouvoir sont plus susceptibles de vivre une vie \u00e9panouie, de faire de meilleurs choix et de partager leur bonheur avec les autres.<\/strong><\/p>\t\t\t\t\t\t\t\t<\/div>\n\t\t\t\t<\/div>\n\t\t\t\t<div class=\"elementor-element elementor-element-e13948e elementor-widget elementor-widget-text-editor\" data-id=\"e13948e\" data-element_type=\"widget\" data-e-type=\"widget\" data-widget_type=\"text-editor.default\">\n\t\t\t\t<div class=\"elementor-widget-container\">\n\t\t\t\t\t\t\t\t\t<p>Pour suivre notre pens\u00e9e et notre mouvement, il est bon de faire un petit voyage dans le pass\u00e9, comment nous, en tant que famille de l'a\u00efkido, avons commenc\u00e9 sur une voie qui n'est pas la n\u00f4tre. <strong>le jeune \u00e2ge (14 et 16 ans)<\/strong> Pouvoir aider les autres.<\/p><p>Ando a \u00e9t\u00e9 fond\u00e9 en 2002 \u00e0 la suite de Roefelen \u00e0 Veldhoven. Roefelen a \u00e9t\u00e9 cr\u00e9\u00e9 par la Fondation Jantje Beton pour permettre aux enfants de flairer les entreprises. Marga et Wim (parents d'Edo et Anne) \u00e9taient ind\u00e9pendants et install\u00e9s dans le centre de sant\u00e9. Le comit\u00e9 grub cherchait des entreprises pour les groupes d'enfants. Marga et Wim ne pouvaient pas faire grand-chose pour eux, mais ils savaient que c'\u00e9tait toujours difficile parce qu'Edo et Anne avaient aussi l'habitude de se d\u00e9placer. Ils ont toujours aim\u00e9 cela, alors <strong>nous avons d\u00e9cid\u00e9 de nous r\u00e9unir \u00e0 quatre<\/strong>. Nous esp\u00e9rions que cela nous suffirait pour l'itin\u00e9rance, mais c'est devenu plus que cela.<\/p><p>\"De nombreux parents l'avaient trouv\u00e9 pour leur enfant. La peur de l'\u00e9chec, le TDAH, l'autisme, toutes sortes de choses ont \u00e9t\u00e9 \u00e9voqu\u00e9es \u00e0 propos de l'enfant. Cela nous a fait r\u00e9fl\u00e9chir et nous avons d\u00e9cid\u00e9 de tenter notre chance. Edo et Anne \u00e9taient sur le tapis en tant qu'entra\u00eeneurs adjoints en judo et en a\u00efkido, ils s'entra\u00eenaient \u00e0 un niveau \u00e9lev\u00e9 pour leur \u00e2ge, de sorte qu'\u00e0 cet \u00e9gard, c'\u00e9tait possible.<\/p><p>Ensemble, nous avons pr\u00e9par\u00e9 un <strong>agr\u00e9able journ\u00e9e d'a\u00efkido<\/strong> pour. Cela ne pouvait pas \u00eatre difficile, car nous \u00e9tions nous-m\u00eames enthousiastes \u00e0 ce sujet. Nous avons cr\u00e9\u00e9 un dojo au centre, pour la journ\u00e9e, et nous avons rempli les pi\u00e8ces de mat\u00e9riel d'a\u00efkido. Edo et Anne \u00e9taient jeunes (14 et 16 ans) et ils avaient l'habitude de s'entra\u00eener. <strong>\u00e9taient plus proches des enfants<\/strong> que les adultes. De plus, la vie est faite de concessions. Edo et Anne pouvaient se donner en exemple. Puisqu'ils avaient d\u00e9j\u00e0 tant re\u00e7u de l'a\u00efkido, il n'\u00e9tait pas mauvais de transmettre l'a\u00efkido. Cette question a d'abord \u00e9t\u00e9 discut\u00e9e avec le sensei d'Edo et Anne, puis avec Christian Tissier Shihan.<\/p><p>Avec son <strong>approbation nous avons suivi tout ce qui \u00e9tait requis pour cela apr\u00e8s cela<\/strong>. En tant que famille d'a\u00efkido, nous avions tout. Wim a une formation en marketing\/publicit\u00e9 et en gestion, et moi en soins de sant\u00e9. Edo et Anne ont rempli le r\u00f4le de formateurs. Wim, qui poursuivait maintenant sa carri\u00e8re dans l'\u00e9ducation, les aidait avec les le\u00e7ons et leur donnait un retour d'information. J'ai donn\u00e9 aux parents des informations sur l'a\u00efkido et sur qui nous \u00e9tions\".<\/p><p>\u00c9crit par Marga Slui- Swart \u2020 2012<\/p>\t\t\t\t\t\t\t\t<\/div>\n\t\t\t\t<\/div>\n\t\t\t\t\t<\/div>\n\t\t\t\t<\/div>\n\t\t<div class=\"elementor-element elementor-element-8a90662 e-con-full e-flex e-con e-parent\" data-id=\"8a90662\" data-element_type=\"container\" data-e-type=\"container\">\n\t\t\t\t<div class=\"elementor-element elementor-element-4264ff4 elementor-widget elementor-widget-image\" data-id=\"4264ff4\" data-element_type=\"widget\" data-e-type=\"widget\" data-widget_type=\"image.default\">\n\t\t\t\t<div class=\"elementor-widget-container\">\n\t\t\t\t\t\t\t\t\t\t\t\t\t\t\t<img fetchpriority=\"high\" decoding=\"async\" width=\"1300\" height=\"605\" src=\"https:\/\/aikido-ando.nl\/wp-content\/uploads\/AndoOuders.webp\" class=\"attachment-large size-large wp-image-239\" alt=\"Aikido Familie Slui op de foto. Van links naar rechts, jonge Edo Slui en Anne Slui, Wim Slui en Marga Slui Swart (ouders).\" srcset=\"https:\/\/aikido-ando.nl\/wp-content\/uploads\/AndoOuders.webp 1300w, https:\/\/aikido-ando.nl\/wp-content\/uploads\/AndoOuders-768x357.webp 768w\" sizes=\"(max-width: 1300px) 100vw, 1300px\" \/>\t\t\t\t\t\t\t\t\t\t\t\t\t\t\t<\/div>\n\t\t\t\t<\/div>\n\t\t\t\t<\/div>\n\t\t<div class=\"elementor-element elementor-element-ad827a6 e-flex e-con-boxed e-con e-parent\" data-id=\"ad827a6\" data-element_type=\"container\" data-e-type=\"container\">\n\t\t\t\t\t<div class=\"e-con-inner\">\n\t\t<div class=\"elementor-element elementor-element-cf5162c e-con-full e-flex e-con e-child\" data-id=\"cf5162c\" data-element_type=\"container\" data-e-type=\"container\">\n\t\t\t\t<div class=\"elementor-element elementor-element-308cd6c elementor-widget elementor-widget-image\" data-id=\"308cd6c\" data-element_type=\"widget\" data-e-type=\"widget\" data-widget_type=\"image.default\">\n\t\t\t\t<div class=\"elementor-widget-container\">\n\t\t\t\t\t\t\t\t\t\t\t\t\t\t\t<img decoding=\"async\" width=\"500\" height=\"500\" src=\"https:\/\/aikido-ando.nl\/wp-content\/uploads\/JongeEdoAnne.webp\" class=\"attachment-large size-large wp-image-240\" alt=\"Sensei Edo en Anne bij de Aikido stage van Steven Seagal in Parijs, met een grootmeester op de foto.\" \/>\t\t\t\t\t\t\t\t\t\t\t\t\t\t\t<\/div>\n\t\t\t\t<\/div>\n\t\t\t\t<\/div>\n\t\t<div class=\"elementor-element elementor-element-4d30bfd e-con-full e-flex e-con e-child\" data-id=\"4d30bfd\" data-element_type=\"container\" data-e-type=\"container\">\n\t\t\t\t<div class=\"elementor-element elementor-element-c0a6d54 elementor-widget elementor-widget-image\" data-id=\"c0a6d54\" data-element_type=\"widget\" data-e-type=\"widget\" data-widget_type=\"image.default\">\n\t\t\t\t<div class=\"elementor-widget-container\">\n\t\t\t\t\t\t\t\t\t\t\t\t\t\t\t<img decoding=\"async\" width=\"500\" height=\"500\" src=\"https:\/\/aikido-ando.nl\/wp-content\/uploads\/Roefeldag.webp\" class=\"attachment-large size-large wp-image-241\" alt=\"Eerste Aikidoles tijdens Roefeldag in Veldhoven door sensei Edo en Anne\" \/>\t\t\t\t\t\t\t\t\t\t\t\t\t\t\t<\/div>\n\t\t\t\t<\/div>\n\t\t\t\t<\/div>\n\t\t\t\t\t<\/div>\n\t\t\t\t<\/div>\n\t\t<div class=\"elementor-element elementor-element-521d40c e-flex e-con-boxed e-con e-parent\" data-id=\"521d40c\" data-element_type=\"container\" data-e-type=\"container\">\n\t\t\t\t\t<div class=\"e-con-inner\">\n\t\t\t\t<div class=\"elementor-element elementor-element-49f0a88 elementor-widget elementor-widget-text-editor\" data-id=\"49f0a88\" data-element_type=\"widget\" data-e-type=\"widget\" data-widget_type=\"text-editor.default\">\n\t\t\t\t<div class=\"elementor-widget-container\">\n\t\t\t\t\t\t\t\t\t<p>Inmiddels zijn sensei Edo en Anne Slui bekende Aikidoka&#8217;s over de hele wereld. Met hun inspirerende socialmedia account \u00a0<strong>bereiken zij zo&#8217;n 27.000 volgers<\/strong>. Laatst was sensei Anne in Montreal om haar Aikido te delen tussen diverse grootmeesters. Het verhaal is dan ook opgepikt de kranten en kwam daarmee in de <a href=\"https:\/\/www.bommelerwaardgids.nl\/sportnieuws\/sportnieuws\/19379\/sensei-anne-slui-zet-zaltbommel-op-de-kaart\">media<\/a>.<\/p>\t\t\t\t\t\t\t\t<\/div>\n\t\t\t\t<\/div>\n\t\t\t\t<div class=\"elementor-element elementor-element-b5a2e0b elementor-widget elementor-widget-button\" data-id=\"b5a2e0b\" data-element_type=\"widget\" data-e-type=\"widget\" data-widget_type=\"button.default\">\n\t\t\t\t<div class=\"elementor-widget-container\">\n\t\t\t\t\t\t\t\t\t<div class=\"elementor-button-wrapper\">\n\t\t\t\t\t<a class=\"elementor-button elementor-button-link elementor-size-sm elementor-animation-grow\" href=\"https:\/\/aikido-ando.nl\/wp-content\/uploads\/Eindhovensdagblad_Aikido_Ando_Anne_SluiKrantartikel-scaled.jpg\" target=\"_blank\">\n\t\t\t\t\t\t<span class=\"elementor-button-content-wrapper\">\n\t\t\t\t\t\t\t\t\t<span class=\"elementor-button-text\">Bekijk ED Krantenartikel<\/span>\n\t\t\t\t\t<\/span>\n\t\t\t\t\t<\/a>\n\t\t\t\t<\/div>\n\t\t\t\t\t\t\t\t<\/div>\n\t\t\t\t<\/div>\n\t\t\t\t\t<\/div>\n\t\t\t\t<\/div>\n\t\t\t\t<\/div>","protected":false},"excerpt":{"rendered":"<p>Ons verhaal Onze droom is om te leven in een wereld van gelijkheid en verbinding. In verbinding met jezelf en je omgeving. We weten dat mensen die in hun eigen kracht staan eerder een vervulde leven leiden, betere keuzes maken en hun geluk delen met anderen. Om onze gedachtegoed en beweging te kunnen volgen is [&hellip;]<\/p>\n","protected":false},"author":1,"featured_media":1679,"parent":0,"menu_order":0,"comment_status":"closed","ping_status":"closed","template":"elementor_header_footer","meta":{"footnotes":""},"class_list":["post-599","page","type-page","status-publish","has-post-thumbnail","hentry"],"yoast_head":"<!-- This site is optimized with the Yoast SEO Premium plugin v27.3 (Yoast SEO v27.3) - https:\/\/yoast.com\/product\/yoast-seo-premium-wordpress\/ -->\n<title>Aikido familie - Aikido ANDO<\/title>\n<meta name=\"description\" content=\"Ontdek Aikido bij Ando! Voor gezinnen die samen willen trainen en groeien. Probeer zelf een les en ervaar de kracht van verbinding.\" \/>\n<meta name=\"robots\" content=\"index, follow, max-snippet:-1, max-image-preview:large, max-video-preview:-1\" \/>\n<link rel=\"canonical\" href=\"https:\/\/aikido-ando.nl\/fr\/aikido-familie\/\" \/>\n<meta property=\"og:locale\" content=\"fr_FR\" \/>\n<meta property=\"og:type\" content=\"article\" \/>\n<meta property=\"og:title\" content=\"Aikido familie\" \/>\n<meta property=\"og:description\" content=\"Ontdek Aikido bij Ando! Voor gezinnen die samen willen trainen en groeien. Probeer zelf een les en ervaar de kracht van verbinding.\" \/>\n<meta property=\"og:url\" content=\"https:\/\/aikido-ando.nl\/fr\/aikido-familie\/\" \/>\n<meta property=\"og:site_name\" content=\"Aikido ANDO\" \/>\n<meta property=\"article:publisher\" content=\"https:\/\/www.facebook.com\/andoaikido\" \/>\n<meta property=\"article:modified_time\" content=\"2025-07-31T13:21:07+00:00\" \/>\n<meta property=\"og:image\" content=\"https:\/\/aikido-ando.nl\/wp-content\/uploads\/Aikido_Familie_Slui_Edo_Wim_Marga_Anne_Slui.webp\" \/>\n\t<meta property=\"og:image:width\" content=\"1920\" \/>\n\t<meta property=\"og:image:height\" content=\"600\" \/>\n\t<meta property=\"og:image:type\" content=\"image\/webp\" \/>\n<meta name=\"twitter:card\" content=\"summary_large_image\" \/>\n<meta name=\"twitter:label1\" content=\"Dur\u00e9e de lecture estim\u00e9e\" \/>\n\t<meta name=\"twitter:data1\" content=\"4 minutes\" \/>\n<script type=\"application\/ld+json\" class=\"yoast-schema-graph\">{\"@context\":\"https:\\\/\\\/schema.org\",\"@graph\":[{\"@type\":\"WebPage\",\"@id\":\"https:\\\/\\\/aikido-ando.nl\\\/aikido-familie\\\/\",\"url\":\"https:\\\/\\\/aikido-ando.nl\\\/aikido-familie\\\/\",\"name\":\"Aikido familie - Aikido ANDO\",\"isPartOf\":{\"@id\":\"https:\\\/\\\/aikido-ando.nl\\\/#website\"},\"primaryImageOfPage\":{\"@id\":\"https:\\\/\\\/aikido-ando.nl\\\/aikido-familie\\\/#primaryimage\"},\"image\":{\"@id\":\"https:\\\/\\\/aikido-ando.nl\\\/aikido-familie\\\/#primaryimage\"},\"thumbnailUrl\":\"https:\\\/\\\/aikido-ando.nl\\\/wp-content\\\/uploads\\\/Aikido_Familie_Slui_Edo_Wim_Marga_Anne_Slui.webp\",\"datePublished\":\"2024-10-08T20:35:48+00:00\",\"dateModified\":\"2025-07-31T13:21:07+00:00\",\"description\":\"Ontdek Aikido bij Ando! Voor gezinnen die samen willen trainen en groeien. Probeer zelf een les en ervaar de kracht van verbinding.\",\"breadcrumb\":{\"@id\":\"https:\\\/\\\/aikido-ando.nl\\\/aikido-familie\\\/#breadcrumb\"},\"inLanguage\":\"fr-FR\",\"potentialAction\":[{\"@type\":\"ReadAction\",\"target\":[\"https:\\\/\\\/aikido-ando.nl\\\/aikido-familie\\\/\"]}]},{\"@type\":\"ImageObject\",\"inLanguage\":\"fr-FR\",\"@id\":\"https:\\\/\\\/aikido-ando.nl\\\/aikido-familie\\\/#primaryimage\",\"url\":\"https:\\\/\\\/aikido-ando.nl\\\/wp-content\\\/uploads\\\/Aikido_Familie_Slui_Edo_Wim_Marga_Anne_Slui.webp\",\"contentUrl\":\"https:\\\/\\\/aikido-ando.nl\\\/wp-content\\\/uploads\\\/Aikido_Familie_Slui_Edo_Wim_Marga_Anne_Slui.webp\",\"width\":1920,\"height\":600,\"caption\":\"Sensei Edo en Anne Slui met de ouders Wim Slui en Marga Slui-Swart. Beide ouders zijn inmiddels overleden. Maar het werk wordt door Edo en Anne voortgezet.\"},{\"@type\":\"BreadcrumbList\",\"@id\":\"https:\\\/\\\/aikido-ando.nl\\\/aikido-familie\\\/#breadcrumb\",\"itemListElement\":[{\"@type\":\"ListItem\",\"position\":1,\"name\":\"Home\",\"item\":\"https:\\\/\\\/aikido-ando.nl\\\/\"},{\"@type\":\"ListItem\",\"position\":2,\"name\":\"Aikido familie\"}]},{\"@type\":\"WebSite\",\"@id\":\"https:\\\/\\\/aikido-ando.nl\\\/#website\",\"url\":\"https:\\\/\\\/aikido-ando.nl\\\/\",\"name\":\"Aikido Ando\",\"description\":\"\",\"publisher\":{\"@id\":\"https:\\\/\\\/aikido-ando.nl\\\/#organization\"},\"potentialAction\":[{\"@type\":\"SearchAction\",\"target\":{\"@type\":\"EntryPoint\",\"urlTemplate\":\"https:\\\/\\\/aikido-ando.nl\\\/?s={search_term_string}\"},\"query-input\":{\"@type\":\"PropertyValueSpecification\",\"valueRequired\":true,\"valueName\":\"search_term_string\"}}],\"inLanguage\":\"fr-FR\"},{\"@type\":\"Organization\",\"@id\":\"https:\\\/\\\/aikido-ando.nl\\\/#organization\",\"name\":\"Aikido Ando\",\"url\":\"https:\\\/\\\/aikido-ando.nl\\\/\",\"logo\":{\"@type\":\"ImageObject\",\"inLanguage\":\"fr-FR\",\"@id\":\"https:\\\/\\\/aikido-ando.nl\\\/#\\\/schema\\\/logo\\\/image\\\/\",\"url\":\"https:\\\/\\\/aikido-ando.nl\\\/wp-content\\\/uploads\\\/Logo.webp\",\"contentUrl\":\"https:\\\/\\\/aikido-ando.nl\\\/wp-content\\\/uploads\\\/Logo.webp\",\"width\":500,\"height\":500,\"caption\":\"Aikido Ando\"},\"image\":{\"@id\":\"https:\\\/\\\/aikido-ando.nl\\\/#\\\/schema\\\/logo\\\/image\\\/\"},\"sameAs\":[\"https:\\\/\\\/www.facebook.com\\\/andoaikido\",\"https:\\\/\\\/www.instagram.com\\\/andoaikido\\\/\",\"https:\\\/\\\/www.tiktok.com\\\/404?fromUrl=\\\/andoaikido\",\"https:\\\/\\\/www.linkedin.com\\\/company\\\/andoaikido?originalSubdomain=nl\"]}]}<\/script>\n<!-- \/ Yoast SEO Premium plugin. -->","yoast_head_json":{"title":"Aikido familie - Aikido ANDO","description":"Ontdek Aikido bij Ando! Voor gezinnen die samen willen trainen en groeien. Probeer zelf een les en ervaar de kracht van verbinding.","robots":{"index":"index","follow":"follow","max-snippet":"max-snippet:-1","max-image-preview":"max-image-preview:large","max-video-preview":"max-video-preview:-1"},"canonical":"https:\/\/aikido-ando.nl\/fr\/aikido-familie\/","og_locale":"fr_FR","og_type":"article","og_title":"Aikido familie","og_description":"Ontdek Aikido bij Ando! Voor gezinnen die samen willen trainen en groeien. Probeer zelf een les en ervaar de kracht van verbinding.","og_url":"https:\/\/aikido-ando.nl\/fr\/aikido-familie\/","og_site_name":"Aikido ANDO","article_publisher":"https:\/\/www.facebook.com\/andoaikido","article_modified_time":"2025-07-31T13:21:07+00:00","og_image":[{"width":1920,"height":600,"url":"https:\/\/aikido-ando.nl\/wp-content\/uploads\/Aikido_Familie_Slui_Edo_Wim_Marga_Anne_Slui.webp","type":"image\/webp"}],"twitter_card":"summary_large_image","twitter_misc":{"Dur\u00e9e de lecture estim\u00e9e":"4 minutes"},"schema":{"@context":"https:\/\/schema.org","@graph":[{"@type":"WebPage","@id":"https:\/\/aikido-ando.nl\/aikido-familie\/","url":"https:\/\/aikido-ando.nl\/aikido-familie\/","name":"Aikido familie - Aikido ANDO","isPartOf":{"@id":"https:\/\/aikido-ando.nl\/#website"},"primaryImageOfPage":{"@id":"https:\/\/aikido-ando.nl\/aikido-familie\/#primaryimage"},"image":{"@id":"https:\/\/aikido-ando.nl\/aikido-familie\/#primaryimage"},"thumbnailUrl":"https:\/\/aikido-ando.nl\/wp-content\/uploads\/Aikido_Familie_Slui_Edo_Wim_Marga_Anne_Slui.webp","datePublished":"2024-10-08T20:35:48+00:00","dateModified":"2025-07-31T13:21:07+00:00","description":"Ontdek Aikido bij Ando! Voor gezinnen die samen willen trainen en groeien. Probeer zelf een les en ervaar de kracht van verbinding.","breadcrumb":{"@id":"https:\/\/aikido-ando.nl\/aikido-familie\/#breadcrumb"},"inLanguage":"fr-FR","potentialAction":[{"@type":"ReadAction","target":["https:\/\/aikido-ando.nl\/aikido-familie\/"]}]},{"@type":"ImageObject","inLanguage":"fr-FR","@id":"https:\/\/aikido-ando.nl\/aikido-familie\/#primaryimage","url":"https:\/\/aikido-ando.nl\/wp-content\/uploads\/Aikido_Familie_Slui_Edo_Wim_Marga_Anne_Slui.webp","contentUrl":"https:\/\/aikido-ando.nl\/wp-content\/uploads\/Aikido_Familie_Slui_Edo_Wim_Marga_Anne_Slui.webp","width":1920,"height":600,"caption":"Sensei Edo en Anne Slui met de ouders Wim Slui en Marga Slui-Swart. Beide ouders zijn inmiddels overleden. Maar het werk wordt door Edo en Anne voortgezet."},{"@type":"BreadcrumbList","@id":"https:\/\/aikido-ando.nl\/aikido-familie\/#breadcrumb","itemListElement":[{"@type":"ListItem","position":1,"name":"Home","item":"https:\/\/aikido-ando.nl\/"},{"@type":"ListItem","position":2,"name":"Aikido familie"}]},{"@type":"WebSite","@id":"https:\/\/aikido-ando.nl\/#website","url":"https:\/\/aikido-ando.nl\/","name":"Aikido Ando","description":"","publisher":{"@id":"https:\/\/aikido-ando.nl\/#organization"},"potentialAction":[{"@type":"SearchAction","target":{"@type":"EntryPoint","urlTemplate":"https:\/\/aikido-ando.nl\/?s={search_term_string}"},"query-input":{"@type":"PropertyValueSpecification","valueRequired":true,"valueName":"search_term_string"}}],"inLanguage":"fr-FR"},{"@type":"Organization","@id":"https:\/\/aikido-ando.nl\/#organization","name":"Aikido Ando","url":"https:\/\/aikido-ando.nl\/","logo":{"@type":"ImageObject","inLanguage":"fr-FR","@id":"https:\/\/aikido-ando.nl\/#\/schema\/logo\/image\/","url":"https:\/\/aikido-ando.nl\/wp-content\/uploads\/Logo.webp","contentUrl":"https:\/\/aikido-ando.nl\/wp-content\/uploads\/Logo.webp","width":500,"height":500,"caption":"Aikido Ando"},"image":{"@id":"https:\/\/aikido-ando.nl\/#\/schema\/logo\/image\/"},"sameAs":["https:\/\/www.facebook.com\/andoaikido","https:\/\/www.instagram.com\/andoaikido\/","https:\/\/www.tiktok.com\/404?fromUrl=\/andoaikido","https:\/\/www.linkedin.com\/company\/andoaikido?originalSubdomain=nl"]}]}},"_links":{"self":[{"href":"https:\/\/aikido-ando.nl\/fr\/wp-json\/wp\/v2\/pages\/599","targetHints":{"allow":["GET"]}}],"collection":[{"href":"https:\/\/aikido-ando.nl\/fr\/wp-json\/wp\/v2\/pages"}],"about":[{"href":"https:\/\/aikido-ando.nl\/fr\/wp-json\/wp\/v2\/types\/page"}],"author":[{"embeddable":true,"href":"https:\/\/aikido-ando.nl\/fr\/wp-json\/wp\/v2\/users\/1"}],"replies":[{"embeddable":true,"href":"https:\/\/aikido-ando.nl\/fr\/wp-json\/wp\/v2\/comments?post=599"}],"version-history":[{"count":0,"href":"https:\/\/aikido-ando.nl\/fr\/wp-json\/wp\/v2\/pages\/599\/revisions"}],"wp:featuredmedia":[{"embeddable":true,"href":"https:\/\/aikido-ando.nl\/fr\/wp-json\/wp\/v2\/media\/1679"}],"wp:attachment":[{"href":"https:\/\/aikido-ando.nl\/fr\/wp-json\/wp\/v2\/media?parent=599"}],"curies":[{"name":"wp","href":"https:\/\/api.w.org\/{rel}","templated":true}]}}