{"id":617,"date":"2024-10-08T22:51:58","date_gmt":"2024-10-08T20:51:58","guid":{"rendered":"https:\/\/aikido-ando.nl\/?page_id=617"},"modified":"2024-12-10T13:27:36","modified_gmt":"2024-12-10T12:27:36","slug":"aikido-rock-and-water","status":"publish","type":"page","link":"https:\/\/aikido-ando.nl\/fr\/aikido-rots-en-water\/","title":{"rendered":"Aikido Rock and Water"},"content":{"rendered":"<div data-elementor-type=\"wp-page\" data-elementor-id=\"617\" class=\"elementor elementor-617\" data-elementor-post-type=\"page\">\n\t\t\t\t<div class=\"elementor-element elementor-element-0b5acf4 e-flex e-con-boxed e-con e-parent\" data-id=\"0b5acf4\" data-element_type=\"container\" data-e-type=\"container\">\n\t\t\t\t\t<div class=\"e-con-inner\">\n\t\t\t\t<div class=\"elementor-element elementor-element-7f16e1b elementor-widget elementor-widget-text-editor\" data-id=\"7f16e1b\" data-element_type=\"widget\" data-e-type=\"widget\" data-widget_type=\"text-editor.default\">\n\t\t\t\t<div class=\"elementor-widget-container\">\n\t\t\t\t\t\t\t\t\t<h2>L'a\u00efkido comme suite \u00e0 l'entra\u00eenement Rock and Water<\/h2><p><strong>La formation Rock and Water combine le pouvoir de la conscience de soi (Rock) et la fluidit\u00e9 de la communication (Water). Rock\u2018 repr\u00e9sente la capacit\u00e9 \u00e0 fixer ses propres limites, \u00e0 prendre des d\u00e9cisions ind\u00e9pendantes et \u00e0 tracer sa propre voie. L'eau, quant \u00e0 elle, repr\u00e9sente la capacit\u00e9 \u00e0 communiquer, \u00e0 \u00e9couter, \u00e0 trouver des solutions ensemble et \u00e0 respecter les limites des autres.<\/strong><\/p>\t\t\t\t\t\t\t\t<\/div>\n\t\t\t\t<\/div>\n\t\t\t\t<div class=\"elementor-element elementor-element-0f84fe4 elementor-widget elementor-widget-text-editor\" data-id=\"0f84fe4\" data-element_type=\"widget\" data-e-type=\"widget\" data-widget_type=\"text-editor.default\">\n\t\t\t\t<div class=\"elementor-widget-container\">\n\t\t\t\t\t\t\t\t\t<h3>L'a\u00efkido comme la pierre et l'eau<\/h3><p>A Ando, nous consid\u00e9rons l'A\u00efkido comme la suite logique de l'entra\u00eenement Rock and Water. Dans nos cours, vous avez la possibilit\u00e9 de d\u00e9velopper les comp\u00e9tences sociales que vous avez acquises pendant les cours de Rock and Water. <strong>A appris \u00e0 s'entra\u00eener sur les rochers et dans l'eau, et continue \u00e0 s'entra\u00eener chaque semaine.<\/strong>. Vous prendrez conscience de votre corps et de celui des autres au cours des sessions de formation et vous apprendrez \u00e0 \u00eatre en harmonie avec les autres. <strong>diff\u00e9rentes situations<\/strong> et <strong>\u00eatre capable de faire face \u00e0 une r\u00e9sistance (physique)<\/strong>.<\/p><p>Nos cours hebdomadaires vous offrent une excellente occasion de renforcer et de d\u00e9velopper ce que vous avez appris \u00e0 l'entra\u00eenement. Nous utilisons un <strong>approche ludique<\/strong>, Les enfants apprennent et grandissent tout en jouant. De plus, l'atmosph\u00e8re sur le tapis est toujours positive, ce qui vous donne l'occasion de vous faire de nouveaux amis. Tout cela fait que nos cours d'A\u00efkido ne sont pas seulement instructifs, mais aussi amusants et inspirants.<\/p>\t\t\t\t\t\t\t\t<\/div>\n\t\t\t\t<\/div>\n\t\t\t\t\t<\/div>\n\t\t\t\t<\/div>\n\t\t<div class=\"elementor-element elementor-element-6bbd2814 e-flex e-con-boxed e-con e-parent\" data-id=\"6bbd2814\" data-element_type=\"container\" data-e-type=\"container\" data-settings=\"{&quot;background_background&quot;:&quot;classic&quot;}\">\n\t\t\t\t\t<div class=\"e-con-inner\">\n\t\t<div class=\"elementor-element elementor-element-bbcc236 e-con-full e-flex e-con e-child\" data-id=\"bbcc236\" data-element_type=\"container\" data-e-type=\"container\" data-settings=\"{&quot;background_background&quot;:&quot;classic&quot;}\">\n\t\t\t\t<div class=\"elementor-element elementor-element-747b66de elementor-widget elementor-widget-text-editor\" data-id=\"747b66de\" data-element_type=\"widget\" data-e-type=\"widget\" data-widget_type=\"text-editor.default\">\n\t\t\t\t<div class=\"elementor-widget-container\">\n\t\t\t\t\t\t\t\t\t<p>Sensei Edo donne des cours de suivi de l'entra\u00eenement Rock and Water.<\/p>\t\t\t\t\t\t\t\t<\/div>\n\t\t\t\t<\/div>\n\t\t\t\t<\/div>\n\t\t<div class=\"elementor-element elementor-element-67e8e603 e-con-full e-flex e-con e-child\" data-id=\"67e8e603\" data-element_type=\"container\" data-e-type=\"container\" data-settings=\"{&quot;background_background&quot;:&quot;classic&quot;}\">\n\t\t\t\t<div class=\"elementor-element elementor-element-5867a749 elementor-widget elementor-widget-text-editor\" data-id=\"5867a749\" data-element_type=\"widget\" data-e-type=\"widget\" data-widget_type=\"text-editor.default\">\n\t\t\t\t<div class=\"elementor-widget-container\">\n\t\t\t\t\t\t\t\t\t<p>En travaillant ensemble avec la pose de tapis, une partie de l'entra\u00eenement sur le rocher et l'eau nous revient \u00e0 chaque cours.<\/p>\t\t\t\t\t\t\t\t<\/div>\n\t\t\t\t<\/div>\n\t\t\t\t<\/div>\n\t\t<div class=\"elementor-element elementor-element-26d3298a e-con-full e-flex e-con e-child\" data-id=\"26d3298a\" data-element_type=\"container\" data-e-type=\"container\" data-settings=\"{&quot;background_background&quot;:&quot;classic&quot;}\">\n\t\t\t\t<div class=\"elementor-element elementor-element-52779fd5 elementor-widget elementor-widget-text-editor\" data-id=\"52779fd5\" data-element_type=\"widget\" data-e-type=\"widget\" data-widget_type=\"text-editor.default\">\n\t\t\t\t<div class=\"elementor-widget-container\">\n\t\t\t\t\t\t\t\t\t<p>Ensuite, il faut passer \u00e0 des cours r\u00e9guliers avec sensei Anne.<\/p>\t\t\t\t\t\t\t\t<\/div>\n\t\t\t\t<\/div>\n\t\t\t\t<\/div>\n\t\t\t\t\t<\/div>\n\t\t\t\t<\/div>\n\t\t<div class=\"elementor-element elementor-element-7cddd2d e-flex e-con-boxed e-con e-parent\" data-id=\"7cddd2d\" data-element_type=\"container\" data-e-type=\"container\">\n\t\t\t\t\t<div class=\"e-con-inner\">\n\t\t\t\t<div class=\"elementor-element elementor-element-33e188c elementor-widget elementor-widget-text-editor\" data-id=\"33e188c\" data-element_type=\"widget\" data-e-type=\"widget\" data-widget_type=\"text-editor.default\">\n\t\t\t\t<div class=\"elementor-widget-container\">\n\t\t\t\t\t\t\t\t\t<h3>L'EFFET DE L'AIKIDO ET DE L'ENTRA\u00ceNEMENT \u00c0 L'EAU DE ROCHE<\/h3>\t\t\t\t\t\t\t\t<\/div>\n\t\t\t\t<\/div>\n\t\t\t\t<div class=\"elementor-element elementor-element-325073e elementor-widget elementor-widget-text-editor\" data-id=\"325073e\" data-element_type=\"widget\" data-e-type=\"widget\" data-widget_type=\"text-editor.default\">\n\t\t\t\t<div class=\"elementor-widget-container\">\n\t\t\t\t\t\t\t\t\t<p>Comme l'entra\u00eenement sur la roche et l'eau, l'a\u00efkido a une approche de l'eau. <strong>influence positive<\/strong> sur ceux qui la pratiquent. En participant \u00e0 nos cours \u00e0 Ando, vous d\u00e9couvrirez que vous \u00eates <strong>la confiance en soi augmente<\/strong>. L'a\u00efkido vous apprend \u00e9galement \u00e0 g\u00e9rer efficacement les situations difficiles. Une partie importante de notre formation est le<strong> apprendre \u00e0 se tenir debout en toute s\u00e9curit\u00e9<\/strong>, qui constitue une base importante sur laquelle nous nous appuyons. \u00c0 l'instar de la <strong>savoir se rattraper<\/strong> rouler \u00e0 travers. Comme le dit le proverbe japonais, \u2018tomber 7 fois, c'est se relever 8 fois\u2019. <strong>Le dojo \/ communaut\u00e9 Ando comprend<\/strong> et accueille tout le monde, quels que soient vos ant\u00e9c\u00e9dents, votre niveau de comp\u00e9tence ou votre \u2018sac \u00e0 dos\u2019. Faites-en l'exp\u00e9rience en prenant un cours d'essai d'A\u00efkido. Nos \u00e9l\u00e8ves se sentent chez eux sur le tapis.\u00a0<\/p><p>Tous ces \u00e9l\u00e9ments font de l'A\u00efkido une exp\u00e9rience enrichissante qui va au-del\u00e0 du seul entra\u00eenement physique, ou l'A\u00efkido est une bonne suite de Roche et d'Eau !<\/p><p>Nous proposons de l'A\u00efkido pour diff\u00e9rents groupes d'\u00e2ge. <strong>Enfants de 7 \u00e0 8 ans<\/strong> sont les bienvenus pour commencer nos sessions de formation de base. Pour les <strong>les enfants plus \u00e2g\u00e9s, de 11 \u00e0 12 ans<\/strong>, Pour les jeunes, nous proposons des cours sp\u00e9cifiques adapt\u00e9s \u00e0 leur niveau de d\u00e9veloppement. Nos s\u00e9ances d'entra\u00eenement sont accessibles \u00e0 plusieurs endroits, notamment \u00e0 Eindhoven, Veldhoven et Zaltbommel, de sorte que vous pouvez facilement trouver un endroit pr\u00e8s de chez vous.<\/p><p>Pour conna\u00eetre nos horaires et nos lieux de rendez-vous, cliquez ici.<\/p>\t\t\t\t\t\t\t\t<\/div>\n\t\t\t\t<\/div>\n\t\t\t\t\t<\/div>\n\t\t\t\t<\/div>\n\t\t<div class=\"elementor-element elementor-element-4bf37c5 e-flex e-con-boxed e-con e-parent\" data-id=\"4bf37c5\" data-element_type=\"container\" data-e-type=\"container\">\n\t\t\t\t\t<div class=\"e-con-inner\">\n\t\t\t\t<div class=\"elementor-element elementor-element-7655d9a elementor-widget elementor-widget-text-editor\" data-id=\"7655d9a\" data-element_type=\"widget\" data-e-type=\"widget\" data-widget_type=\"text-editor.default\">\n\t\t\t\t<div class=\"elementor-widget-container\">\n\t\t\t\t\t\t\t\t\t<h3>L'enseignant de l'eau de roche s'exprime<\/h3>\t\t\t\t\t\t\t\t<\/div>\n\t\t\t\t<\/div>\n\t\t\t\t<div class=\"elementor-element elementor-element-8b6030c elementor-widget elementor-widget-text-editor\" data-id=\"8b6030c\" data-element_type=\"widget\" data-e-type=\"widget\" data-widget_type=\"text-editor.default\">\n\t\t\t\t<div class=\"elementor-widget-container\">\n\t\t\t\t\t\t\t\t\t<p><em><strong>Tout d'abord, je voudrais vous dire que j'ai v\u00e9cu comme un privil\u00e8ge absolu le fait d'assister trois fois au cours pour enfants et de faire moi-m\u00eame l'exp\u00e9rience de l'A\u00efkido.<\/strong><\/em><\/p><p>Quels talents vous avez fait v\u00f4tres et quel bonheur de voir que vous partagez ces talents issus d'un \u2018mouvement naturel\/de la vie\u2019 avec les gens qui vous entourent !<\/p><p>Apr\u00e8s les trois fois o\u00f9 j'ai pu m'entra\u00eener avec vous, nous avons coordonn\u00e9 la mani\u00e8re dont les entra\u00eeneurs de Rock and Water pouvaient \u00eatre initi\u00e9s \u00e0 l'A\u00efkido.<\/p><p>Tout d'abord, je voudrais vous faire part de mes exp\u00e9riences\/impressions :<\/p><p>- L'A\u00efkido est un art du mouvement d'une incroyable beaut\u00e9, dans lequel le <strong>\u2018L'\u00e9l\u00e9ment \u2019eau\" (tel qu'il est nomm\u00e9 dans Rock and Water) est central.<\/strong><\/p><p>- Quelle est la <strong>une association d'a\u00efkido merveilleuse, soud\u00e9e et chaleureuse<\/strong> sont vous ; l'attitude inconditionnelle et volontaire des membres \u00e0 l'\u00e9gard des nouveaux membres, <strong>aider\/soutenir les personnes en d\u00e9veloppement)<\/strong>, L'exp\u00e9rience a \u00e9t\u00e9 tr\u00e8s agr\u00e9able.<\/p><p>- J'ai <strong>a trouv\u00e9 que les le\u00e7ons donn\u00e9es aux enfants \u00e9taient tr\u00e8s utiles.<\/strong> C'\u00e9tait formidable de pouvoir voir comment les <strong>comprendre que vous soutenez les enfants<\/strong> (se concentrer sur la personne pour la responsabiliser afin qu'elle apprenne \u00e0 d\u00e9couvrir son propre \u00e9quilibre) pendant le processus d'apprentissage ; pendant la formation finale <strong>c'\u00e9tait impressionnant<\/strong> de voir Edo guider individuellement la jeune fille (malentendante) qui avait du mal \u00e0 rouler, pendant pr\u00e8s d'une demi-heure.<\/p><p>\u2013 <strong>Pendant la le\u00e7on des enfants, le calme m'a s\u00e9duit<\/strong> (d\u00e8s que l'on marche sur le tapis), mais aussi la structure, la pr\u00e9visibilit\u00e9 (des routines \u00e9tablies telles que l'\u00e9chauffement, l'accueil, la d\u00e9monstration, l'imitation et la discipline) et la convivialit\u00e9.<\/p><p>Je pense que l'A\u00efkido est un <strong>peut \u00eatre une tr\u00e8s bonne suite \u00e0 un cours sur les racines et l'eau et peut convenir \u00e0 des \u00e9tudiants ayant des probl\u00e8mes d'adaptation (probl\u00e8mes d'harmonisation, \u00e9tudiants moins assertifs, probl\u00e8mes de contr\u00f4le de soi, etc.).<\/strong> L'absence de comp\u00e9tition fait que l'art du mouvement convient parfaitement \u00e0 notre groupe cible d'\u00e9tudiants.<\/p>\t\t\t\t\t\t\t\t<\/div>\n\t\t\t\t<\/div>\n\t\t\t\t\t<\/div>\n\t\t\t\t<\/div>\n\t\t\t\t<\/div>","protected":false},"excerpt":{"rendered":"<p>Aikido als vervolg op Rots en Water training Rots en Water training combineert de kracht van zelfbewustzijn (Rots) met de soepelheid van communicatie (Water). &#8216;Rots&#8217; vertegenwoordigt het vermogen om eigen grenzen te stellen, zelfstandig beslissingen te nemen en een persoonlijke koers te varen. &#8216;Water&#8217; daarentegen, staat voor het vermogen om te communiceren, te luisteren, samen [&hellip;]<\/p>\n","protected":false},"author":1,"featured_media":1664,"parent":0,"menu_order":0,"comment_status":"closed","ping_status":"closed","template":"elementor_header_footer","meta":{"footnotes":""},"class_list":["post-617","page","type-page","status-publish","has-post-thumbnail","hentry"],"yoast_head":"<!-- This site is optimized with the Yoast SEO Premium plugin v27.3 (Yoast SEO v27.3) - https:\/\/yoast.com\/product\/yoast-seo-premium-wordpress\/ -->\n<title>Aikido Rots en Water - Aikido ANDO<\/title>\n<meta name=\"description\" content=\"Ontdek de voordelen van Rots en Water training bij Ando in Eindhoven. Verbeter sociale vaardigheden en innerlijke kracht. Meld je nu aan!\" \/>\n<meta name=\"robots\" content=\"index, follow, max-snippet:-1, max-image-preview:large, max-video-preview:-1\" \/>\n<link rel=\"canonical\" href=\"https:\/\/aikido-ando.nl\/fr\/aikido-rock-and-water\/\" \/>\n<meta property=\"og:locale\" content=\"fr_FR\" \/>\n<meta property=\"og:type\" content=\"article\" \/>\n<meta property=\"og:title\" content=\"Aikido Rots en Water\" \/>\n<meta property=\"og:description\" content=\"Ontdek de voordelen van Rots en Water training bij Ando in Eindhoven. Verbeter sociale vaardigheden en innerlijke kracht. Meld je nu aan!\" \/>\n<meta property=\"og:url\" content=\"https:\/\/aikido-ando.nl\/fr\/aikido-rock-and-water\/\" \/>\n<meta property=\"og:site_name\" content=\"Aikido ANDO\" \/>\n<meta property=\"article:publisher\" content=\"https:\/\/www.facebook.com\/andoaikido\" \/>\n<meta property=\"article:modified_time\" content=\"2024-12-10T12:27:36+00:00\" \/>\n<meta property=\"og:image\" content=\"https:\/\/aikido-ando.nl\/wp-content\/uploads\/Sensei_Anne_Meerhoven_Instructeur_bedrijfstraining_Eindhoven.webp\" \/>\n\t<meta property=\"og:image:width\" content=\"1920\" \/>\n\t<meta property=\"og:image:height\" content=\"599\" \/>\n\t<meta property=\"og:image:type\" content=\"image\/webp\" \/>\n<meta name=\"twitter:card\" content=\"summary_large_image\" \/>\n<meta name=\"twitter:label1\" content=\"Dur\u00e9e de lecture estim\u00e9e\" \/>\n\t<meta name=\"twitter:data1\" content=\"5 minutes\" \/>\n<script type=\"application\/ld+json\" class=\"yoast-schema-graph\">{\"@context\":\"https:\\\/\\\/schema.org\",\"@graph\":[{\"@type\":\"WebPage\",\"@id\":\"https:\\\/\\\/aikido-ando.nl\\\/aikido-rots-en-water\\\/\",\"url\":\"https:\\\/\\\/aikido-ando.nl\\\/aikido-rots-en-water\\\/\",\"name\":\"Aikido Rots en Water - Aikido ANDO\",\"isPartOf\":{\"@id\":\"https:\\\/\\\/aikido-ando.nl\\\/#website\"},\"primaryImageOfPage\":{\"@id\":\"https:\\\/\\\/aikido-ando.nl\\\/aikido-rots-en-water\\\/#primaryimage\"},\"image\":{\"@id\":\"https:\\\/\\\/aikido-ando.nl\\\/aikido-rots-en-water\\\/#primaryimage\"},\"thumbnailUrl\":\"https:\\\/\\\/aikido-ando.nl\\\/wp-content\\\/uploads\\\/Sensei_Anne_Meerhoven_Instructeur_bedrijfstraining_Eindhoven.webp\",\"datePublished\":\"2024-10-08T20:51:58+00:00\",\"dateModified\":\"2024-12-10T12:27:36+00:00\",\"description\":\"Ontdek de voordelen van Rots en Water training bij Ando in Eindhoven. Verbeter sociale vaardigheden en innerlijke kracht. Meld je nu aan!\",\"breadcrumb\":{\"@id\":\"https:\\\/\\\/aikido-ando.nl\\\/aikido-rots-en-water\\\/#breadcrumb\"},\"inLanguage\":\"fr-FR\",\"potentialAction\":[{\"@type\":\"ReadAction\",\"target\":[\"https:\\\/\\\/aikido-ando.nl\\\/aikido-rots-en-water\\\/\"]}]},{\"@type\":\"ImageObject\",\"inLanguage\":\"fr-FR\",\"@id\":\"https:\\\/\\\/aikido-ando.nl\\\/aikido-rots-en-water\\\/#primaryimage\",\"url\":\"https:\\\/\\\/aikido-ando.nl\\\/wp-content\\\/uploads\\\/Sensei_Anne_Meerhoven_Instructeur_bedrijfstraining_Eindhoven.webp\",\"contentUrl\":\"https:\\\/\\\/aikido-ando.nl\\\/wp-content\\\/uploads\\\/Sensei_Anne_Meerhoven_Instructeur_bedrijfstraining_Eindhoven.webp\",\"width\":1920,\"height\":599,\"caption\":\"Sensei Anne Slui geeft les waar weerbaarheid voor vrouwen. Ze is een voorbeeld voor veel vrouwen en mannen.\"},{\"@type\":\"BreadcrumbList\",\"@id\":\"https:\\\/\\\/aikido-ando.nl\\\/aikido-rots-en-water\\\/#breadcrumb\",\"itemListElement\":[{\"@type\":\"ListItem\",\"position\":1,\"name\":\"Home\",\"item\":\"https:\\\/\\\/aikido-ando.nl\\\/\"},{\"@type\":\"ListItem\",\"position\":2,\"name\":\"Aikido Rots en Water\"}]},{\"@type\":\"WebSite\",\"@id\":\"https:\\\/\\\/aikido-ando.nl\\\/#website\",\"url\":\"https:\\\/\\\/aikido-ando.nl\\\/\",\"name\":\"Aikido Ando\",\"description\":\"\",\"publisher\":{\"@id\":\"https:\\\/\\\/aikido-ando.nl\\\/#organization\"},\"potentialAction\":[{\"@type\":\"SearchAction\",\"target\":{\"@type\":\"EntryPoint\",\"urlTemplate\":\"https:\\\/\\\/aikido-ando.nl\\\/?s={search_term_string}\"},\"query-input\":{\"@type\":\"PropertyValueSpecification\",\"valueRequired\":true,\"valueName\":\"search_term_string\"}}],\"inLanguage\":\"fr-FR\"},{\"@type\":\"Organization\",\"@id\":\"https:\\\/\\\/aikido-ando.nl\\\/#organization\",\"name\":\"Aikido Ando\",\"url\":\"https:\\\/\\\/aikido-ando.nl\\\/\",\"logo\":{\"@type\":\"ImageObject\",\"inLanguage\":\"fr-FR\",\"@id\":\"https:\\\/\\\/aikido-ando.nl\\\/#\\\/schema\\\/logo\\\/image\\\/\",\"url\":\"https:\\\/\\\/aikido-ando.nl\\\/wp-content\\\/uploads\\\/Logo.webp\",\"contentUrl\":\"https:\\\/\\\/aikido-ando.nl\\\/wp-content\\\/uploads\\\/Logo.webp\",\"width\":500,\"height\":500,\"caption\":\"Aikido Ando\"},\"image\":{\"@id\":\"https:\\\/\\\/aikido-ando.nl\\\/#\\\/schema\\\/logo\\\/image\\\/\"},\"sameAs\":[\"https:\\\/\\\/www.facebook.com\\\/andoaikido\",\"https:\\\/\\\/www.instagram.com\\\/andoaikido\\\/\",\"https:\\\/\\\/www.tiktok.com\\\/404?fromUrl=\\\/andoaikido\",\"https:\\\/\\\/www.linkedin.com\\\/company\\\/andoaikido?originalSubdomain=nl\"]}]}<\/script>\n<!-- \/ Yoast SEO Premium plugin. -->","yoast_head_json":{"title":"Aikido Rock and Water - Aikido ANDO","description":"D\u00e9couvrez les avantages de l'entra\u00eenement Rots and Water \u00e0 Ando \u00e0 Eindhoven. Am\u00e9liorez vos comp\u00e9tences sociales et votre force int\u00e9rieure. Inscrivez-vous d\u00e8s maintenant !","robots":{"index":"index","follow":"follow","max-snippet":"max-snippet:-1","max-image-preview":"max-image-preview:large","max-video-preview":"max-video-preview:-1"},"canonical":"https:\/\/aikido-ando.nl\/fr\/aikido-rock-and-water\/","og_locale":"fr_FR","og_type":"article","og_title":"Aikido Rots en Water","og_description":"Ontdek de voordelen van Rots en Water training bij Ando in Eindhoven. Verbeter sociale vaardigheden en innerlijke kracht. Meld je nu aan!","og_url":"https:\/\/aikido-ando.nl\/fr\/aikido-rock-and-water\/","og_site_name":"Aikido ANDO","article_publisher":"https:\/\/www.facebook.com\/andoaikido","article_modified_time":"2024-12-10T12:27:36+00:00","og_image":[{"width":1920,"height":599,"url":"https:\/\/aikido-ando.nl\/wp-content\/uploads\/Sensei_Anne_Meerhoven_Instructeur_bedrijfstraining_Eindhoven.webp","type":"image\/webp"}],"twitter_card":"summary_large_image","twitter_misc":{"Dur\u00e9e de lecture estim\u00e9e":"5 minutes"},"schema":{"@context":"https:\/\/schema.org","@graph":[{"@type":"WebPage","@id":"https:\/\/aikido-ando.nl\/aikido-rots-en-water\/","url":"https:\/\/aikido-ando.nl\/aikido-rots-en-water\/","name":"Aikido Rock and Water - Aikido ANDO","isPartOf":{"@id":"https:\/\/aikido-ando.nl\/#website"},"primaryImageOfPage":{"@id":"https:\/\/aikido-ando.nl\/aikido-rots-en-water\/#primaryimage"},"image":{"@id":"https:\/\/aikido-ando.nl\/aikido-rots-en-water\/#primaryimage"},"thumbnailUrl":"https:\/\/aikido-ando.nl\/wp-content\/uploads\/Sensei_Anne_Meerhoven_Instructeur_bedrijfstraining_Eindhoven.webp","datePublished":"2024-10-08T20:51:58+00:00","dateModified":"2024-12-10T12:27:36+00:00","description":"D\u00e9couvrez les avantages de l'entra\u00eenement Rots and Water \u00e0 Ando \u00e0 Eindhoven. Am\u00e9liorez vos comp\u00e9tences sociales et votre force int\u00e9rieure. Inscrivez-vous d\u00e8s maintenant !","breadcrumb":{"@id":"https:\/\/aikido-ando.nl\/aikido-rots-en-water\/#breadcrumb"},"inLanguage":"fr-FR","potentialAction":[{"@type":"ReadAction","target":["https:\/\/aikido-ando.nl\/aikido-rots-en-water\/"]}]},{"@type":"ImageObject","inLanguage":"fr-FR","@id":"https:\/\/aikido-ando.nl\/aikido-rots-en-water\/#primaryimage","url":"https:\/\/aikido-ando.nl\/wp-content\/uploads\/Sensei_Anne_Meerhoven_Instructeur_bedrijfstraining_Eindhoven.webp","contentUrl":"https:\/\/aikido-ando.nl\/wp-content\/uploads\/Sensei_Anne_Meerhoven_Instructeur_bedrijfstraining_Eindhoven.webp","width":1920,"height":599,"caption":"Sensei Anne Slui geeft les waar weerbaarheid voor vrouwen. Ze is een voorbeeld voor veel vrouwen en mannen."},{"@type":"BreadcrumbList","@id":"https:\/\/aikido-ando.nl\/aikido-rots-en-water\/#breadcrumb","itemListElement":[{"@type":"ListItem","position":1,"name":"Home","item":"https:\/\/aikido-ando.nl\/"},{"@type":"ListItem","position":2,"name":"Aikido Rots en Water"}]},{"@type":"WebSite","@id":"https:\/\/aikido-ando.nl\/#website","url":"https:\/\/aikido-ando.nl\/","name":"Aikido Ando","description":"","publisher":{"@id":"https:\/\/aikido-ando.nl\/#organization"},"potentialAction":[{"@type":"SearchAction","target":{"@type":"EntryPoint","urlTemplate":"https:\/\/aikido-ando.nl\/?s={search_term_string}"},"query-input":{"@type":"PropertyValueSpecification","valueRequired":true,"valueName":"search_term_string"}}],"inLanguage":"fr-FR"},{"@type":"Organization","@id":"https:\/\/aikido-ando.nl\/#organization","name":"Aikido Ando","url":"https:\/\/aikido-ando.nl\/","logo":{"@type":"ImageObject","inLanguage":"fr-FR","@id":"https:\/\/aikido-ando.nl\/#\/schema\/logo\/image\/","url":"https:\/\/aikido-ando.nl\/wp-content\/uploads\/Logo.webp","contentUrl":"https:\/\/aikido-ando.nl\/wp-content\/uploads\/Logo.webp","width":500,"height":500,"caption":"Aikido Ando"},"image":{"@id":"https:\/\/aikido-ando.nl\/#\/schema\/logo\/image\/"},"sameAs":["https:\/\/www.facebook.com\/andoaikido","https:\/\/www.instagram.com\/andoaikido\/","https:\/\/www.tiktok.com\/404?fromUrl=\/andoaikido","https:\/\/www.linkedin.com\/company\/andoaikido?originalSubdomain=nl"]}]}},"_links":{"self":[{"href":"https:\/\/aikido-ando.nl\/fr\/wp-json\/wp\/v2\/pages\/617","targetHints":{"allow":["GET"]}}],"collection":[{"href":"https:\/\/aikido-ando.nl\/fr\/wp-json\/wp\/v2\/pages"}],"about":[{"href":"https:\/\/aikido-ando.nl\/fr\/wp-json\/wp\/v2\/types\/page"}],"author":[{"embeddable":true,"href":"https:\/\/aikido-ando.nl\/fr\/wp-json\/wp\/v2\/users\/1"}],"replies":[{"embeddable":true,"href":"https:\/\/aikido-ando.nl\/fr\/wp-json\/wp\/v2\/comments?post=617"}],"version-history":[{"count":0,"href":"https:\/\/aikido-ando.nl\/fr\/wp-json\/wp\/v2\/pages\/617\/revisions"}],"wp:featuredmedia":[{"embeddable":true,"href":"https:\/\/aikido-ando.nl\/fr\/wp-json\/wp\/v2\/media\/1664"}],"wp:attachment":[{"href":"https:\/\/aikido-ando.nl\/fr\/wp-json\/wp\/v2\/media?parent=617"}],"curies":[{"name":"wp","href":"https:\/\/api.w.org\/{rel}","templated":true}]}}