{"id":626,"date":"2024-10-13T14:32:59","date_gmt":"2024-10-13T12:32:59","guid":{"rendered":"https:\/\/aikido-ando.nl\/?page_id=626"},"modified":"2024-12-10T14:06:52","modified_gmt":"2024-12-10T13:06:52","slug":"yoshimitsu-yamada","status":"publish","type":"page","link":"https:\/\/aikido-ando.nl\/fr\/yoshimitsu-yamada\/","title":{"rendered":"Yoshimitsu Yamada"},"content":{"rendered":"<div data-elementor-type=\"wp-page\" data-elementor-id=\"626\" class=\"elementor elementor-626\" data-elementor-post-type=\"page\">\n\t\t\t\t<div class=\"elementor-element elementor-element-a65cf6e e-flex e-con-boxed e-con e-parent\" data-id=\"a65cf6e\" data-element_type=\"container\" data-e-type=\"container\">\n\t\t\t\t\t<div class=\"e-con-inner\">\n\t\t\t\t<div class=\"elementor-element elementor-element-1e4adff elementor-widget elementor-widget-text-editor\" data-id=\"1e4adff\" data-element_type=\"widget\" data-e-type=\"widget\" data-widget_type=\"text-editor.default\">\n\t\t\t\t<div class=\"elementor-widget-container\">\n\t\t\t\t\t\t\t\t\t<p><strong>Yoshimitsu Yamada, 8e Dan, Shihan | Instructeur en chef New York Aikikai Pr\u00e9sident de la F\u00e9d\u00e9ration am\u00e9ricaine d'a\u00efkido<\/strong><\/p><p><strong>En 1955, Yamada Sensei est accept\u00e9 comme \u00e9l\u00e8ve r\u00e9sident au Honbu Dojo, pour prendre des le\u00e7ons directement aupr\u00e8s de O Sensei, le fondateur de l'Aikido. Il avait 18 ans et n'avait aucune exp\u00e9rience des arts martiaux. L'exp\u00e9rience qu'il acquit fut celle de l'a\u00efkido pur.<\/strong><\/p>\t\t\t\t\t\t\t\t<\/div>\n\t\t\t\t<\/div>\n\t\t\t\t<div class=\"elementor-element elementor-element-f062924 elementor-widget elementor-widget-text-editor\" data-id=\"f062924\" data-element_type=\"widget\" data-e-type=\"widget\" data-widget_type=\"text-editor.default\">\n\t\t\t\t<div class=\"elementor-widget-container\">\n\t\t\t\t\t\t\t\t\t<p>Outre O'Sensei, il a \u00e9galement re\u00e7u l'enseignement de ma\u00eetres d'a\u00efkido tels que Kisshomaru Ueshiba, Koichi Tohei, Kisaburo Osawa, Kenji Tomiki, Hiroshi Tada et Seigo Yamaguchi, entre autres.<\/p><p>Une invitation \u00e0 faire une d\u00e9monstration d'a\u00efkido \u00e0 l'exposition universelle de 1964 am\u00e8ne Yamada Sensei \u00e0 New York. <strong>Il y est rest\u00e9 pour devenir professeur principal \u00e0 l'A\u00efkika\u00ef de New York<\/strong>, L'objectif est d'introduire l'a\u00efkido sur la c\u00f4te est des \u00c9tats-Unis.<\/p><p>En 1972, il avait assum\u00e9 son r\u00f4le d'ambassadeur de l'a\u00efkido dans le monde entier, faisant d\u00e9couvrir son art \u00e0 des milliers d'\u00e9l\u00e8ves reconnaissants sur presque tous les continents. <strong>un style d'enseignement puissant, inspirant et joyeux<\/strong>.<\/p><p>Depuis l'\u00e9poque o\u00f9 il \u00e9tait \u00e9tudiant r\u00e9sident, l'a\u00efkido a connu une croissance mondiale \u00e9tonnante.<\/p><p>Yamada Sensei reste \u00e0 ce jour l'essence et le fondement de l'enseignement. <strong>l'\u00e2me de l'aikido<\/strong> qu'il a appris d'O'Sensei \u00e0 chaque le\u00e7on qu'il donne, que ce soit \u00e0 des d\u00e9butants ou \u00e0 des \u00e9tudiants avanc\u00e9s. Il est convaincu qu'un <strong>base solide<\/strong> dans l'a\u00efkido est cruciale pour la progression de chaque \u00e9l\u00e8ve.<\/p><p>Sans rien dire, son enseignement montre qu'il est sinc\u00e8re, <strong>une formation positive et intensive<\/strong> est la meilleure voie vers le d\u00e9veloppement physique et mental.<\/p><p>Yoshimitsu Yamada 8\u00e8me Dan, Shihan est d\u00e9c\u00e9d\u00e9 le 15-1-2023.<\/p>\t\t\t\t\t\t\t\t<\/div>\n\t\t\t\t<\/div>\n\t\t\t\t\t<\/div>\n\t\t\t\t<\/div>\n\t\t<div class=\"elementor-element elementor-element-29a917c2 e-flex e-con-boxed e-con e-parent\" data-id=\"29a917c2\" data-element_type=\"container\" data-e-type=\"container\" data-settings=\"{&quot;background_background&quot;:&quot;classic&quot;}\">\n\t\t\t\t\t<div class=\"e-con-inner\">\n\t\t<div class=\"elementor-element elementor-element-adf477d e-con-full e-flex e-con e-child\" data-id=\"adf477d\" data-element_type=\"container\" data-e-type=\"container\" data-settings=\"{&quot;background_background&quot;:&quot;classic&quot;}\">\n\t\t\t\t<div class=\"elementor-element elementor-element-37fd351c elementor-widget elementor-widget-text-editor\" data-id=\"37fd351c\" data-element_type=\"widget\" data-e-type=\"widget\" data-widget_type=\"text-editor.default\">\n\t\t\t\t<div class=\"elementor-widget-container\">\n\t\t\t\t\t\t\t\t\t<p>Tohei sensei enseigne \u00e0 Yamada sensei \u00e0 la NYA.<\/p>\t\t\t\t\t\t\t\t<\/div>\n\t\t\t\t<\/div>\n\t\t\t\t<\/div>\n\t\t<div class=\"elementor-element elementor-element-50fa79d9 e-con-full e-flex e-con e-child\" data-id=\"50fa79d9\" data-element_type=\"container\" data-e-type=\"container\" data-settings=\"{&quot;background_background&quot;:&quot;classic&quot;}\">\n\t\t\t\t<div class=\"elementor-element elementor-element-47abeea9 elementor-widget elementor-widget-text-editor\" data-id=\"47abeea9\" data-element_type=\"widget\" data-e-type=\"widget\" data-widget_type=\"text-editor.default\">\n\t\t\t\t<div class=\"elementor-widget-container\">\n\t\t\t\t\t\t\t\t\t<p>Le grand ma\u00eetre Yoshimitsu Yamada avec sensei Anne Slui.<\/p>\t\t\t\t\t\t\t\t<\/div>\n\t\t\t\t<\/div>\n\t\t\t\t<\/div>\n\t\t<div class=\"elementor-element elementor-element-1a228509 e-con-full e-flex e-con e-child\" data-id=\"1a228509\" data-element_type=\"container\" data-e-type=\"container\" data-settings=\"{&quot;background_background&quot;:&quot;classic&quot;}\">\n\t\t\t\t<div class=\"elementor-element elementor-element-242a79f2 elementor-widget elementor-widget-text-editor\" data-id=\"242a79f2\" data-element_type=\"widget\" data-e-type=\"widget\" data-widget_type=\"text-editor.default\">\n\t\t\t\t<div class=\"elementor-widget-container\">\n\t\t\t\t\t\t\t\t\t<p>Sensei Edo attaque pendant\u00a0<span style=\"font-family: var( --e-global-typography-text-font-family ), Sans-serif; text-align: var(--text-align);\">Un stage par le grand ma\u00eetre Yoshimitsu Yamada<\/span><\/p>\t\t\t\t\t\t\t\t<\/div>\n\t\t\t\t<\/div>\n\t\t\t\t<\/div>\n\t\t\t\t\t<\/div>\n\t\t\t\t<\/div>\n\t\t<div class=\"elementor-element elementor-element-c767707 e-flex e-con-boxed e-con e-parent\" data-id=\"c767707\" data-element_type=\"container\" data-e-type=\"container\">\n\t\t\t\t\t<div class=\"e-con-inner\">\n\t\t\t\t<div class=\"elementor-element elementor-element-6df8b74 elementor-widget elementor-widget-video\" data-id=\"6df8b74\" data-element_type=\"widget\" data-e-type=\"widget\" data-settings=\"{&quot;youtube_url&quot;:&quot;https:\\\/\\\/www.youtube.com\\\/watch?v=43r83q9fMjI&quot;,&quot;video_type&quot;:&quot;youtube&quot;,&quot;controls&quot;:&quot;yes&quot;}\" data-widget_type=\"video.default\">\n\t\t\t\t<div class=\"elementor-widget-container\">\n\t\t\t\t\t\t\t<div class=\"elementor-wrapper elementor-open-inline\">\n\t\t\t<div class=\"elementor-video\"><\/div>\t\t<\/div>\n\t\t\t\t\t\t<\/div>\n\t\t\t\t<\/div>\n\t\t\t\t\t<\/div>\n\t\t\t\t<\/div>\n\t\t\t\t<\/div>","protected":false},"excerpt":{"rendered":"<p>Yoshimitsu Yamada, 8th Dan, Shihan | Chief Instructor New York Aikikai President, US Aikido Federation In 1955 werd Yamada Sensei als inwonende leerling aanvaard bij de Honbu Dojo, om rechtstreeks les te volgen bij O Sensei, de grondlegger van Aikido. Hij was 18 jaar oud en hij had geen ervaring in de martiale kunsten. De [&hellip;]<\/p>\n","protected":false},"author":1,"featured_media":1674,"parent":0,"menu_order":0,"comment_status":"closed","ping_status":"closed","template":"","meta":{"footnotes":""},"class_list":["post-626","page","type-page","status-publish","has-post-thumbnail","hentry"],"yoast_head":"<!-- This site is optimized with the Yoast SEO Premium plugin v27.3 (Yoast SEO v27.3) - https:\/\/yoast.com\/product\/yoast-seo-premium-wordpress\/ -->\n<title>Yoshimitsu Yamada - Aikido ANDO<\/title>\n<meta name=\"description\" content=\"Krijg inzicht in de reis van grootmeester Yoshimitsu Yamada in de wereld van aikido. Ontdek zijn rol als hoofdleraar bij de New York Aikikai en zijn link met O Sensei.\" \/>\n<meta name=\"robots\" content=\"index, follow, max-snippet:-1, max-image-preview:large, max-video-preview:-1\" \/>\n<link rel=\"canonical\" href=\"https:\/\/aikido-ando.nl\/fr\/yoshimitsu-yamada\/\" \/>\n<meta property=\"og:locale\" content=\"fr_FR\" \/>\n<meta property=\"og:type\" content=\"article\" \/>\n<meta property=\"og:title\" content=\"Yoshimitsu Yamada\" \/>\n<meta property=\"og:description\" content=\"Krijg inzicht in de reis van grootmeester Yoshimitsu Yamada in de wereld van aikido. Ontdek zijn rol als hoofdleraar bij de New York Aikikai en zijn link met O Sensei.\" \/>\n<meta property=\"og:url\" content=\"https:\/\/aikido-ando.nl\/fr\/yoshimitsu-yamada\/\" \/>\n<meta property=\"og:site_name\" content=\"Aikido ANDO\" \/>\n<meta property=\"article:publisher\" content=\"https:\/\/www.facebook.com\/andoaikido\" \/>\n<meta property=\"article:modified_time\" content=\"2024-12-10T13:06:52+00:00\" \/>\n<meta property=\"og:image\" content=\"https:\/\/aikido-ando.nl\/wp-content\/uploads\/Yoshimitsu_Yamada_Sensei_Anne_Bernau_Uke-1.webp\" \/>\n\t<meta property=\"og:image:width\" content=\"1920\" \/>\n\t<meta property=\"og:image:height\" content=\"600\" \/>\n\t<meta property=\"og:image:type\" content=\"image\/webp\" \/>\n<meta name=\"twitter:card\" content=\"summary_large_image\" \/>\n<meta name=\"twitter:label1\" content=\"Dur\u00e9e de lecture estim\u00e9e\" \/>\n\t<meta name=\"twitter:data1\" content=\"2 minutes\" \/>\n<script type=\"application\/ld+json\" class=\"yoast-schema-graph\">{\"@context\":\"https:\\\/\\\/schema.org\",\"@graph\":[{\"@type\":\"WebPage\",\"@id\":\"https:\\\/\\\/aikido-ando.nl\\\/yoshimitsu-yamada\\\/\",\"url\":\"https:\\\/\\\/aikido-ando.nl\\\/yoshimitsu-yamada\\\/\",\"name\":\"Yoshimitsu Yamada - Aikido ANDO\",\"isPartOf\":{\"@id\":\"https:\\\/\\\/aikido-ando.nl\\\/#website\"},\"primaryImageOfPage\":{\"@id\":\"https:\\\/\\\/aikido-ando.nl\\\/yoshimitsu-yamada\\\/#primaryimage\"},\"image\":{\"@id\":\"https:\\\/\\\/aikido-ando.nl\\\/yoshimitsu-yamada\\\/#primaryimage\"},\"thumbnailUrl\":\"https:\\\/\\\/aikido-ando.nl\\\/wp-content\\\/uploads\\\/Yoshimitsu_Yamada_Sensei_Anne_Bernau_Uke-1.webp\",\"datePublished\":\"2024-10-13T12:32:59+00:00\",\"dateModified\":\"2024-12-10T13:06:52+00:00\",\"description\":\"Krijg inzicht in de reis van grootmeester Yoshimitsu Yamada in de wereld van aikido. Ontdek zijn rol als hoofdleraar bij de New York Aikikai en zijn link met O Sensei.\",\"breadcrumb\":{\"@id\":\"https:\\\/\\\/aikido-ando.nl\\\/yoshimitsu-yamada\\\/#breadcrumb\"},\"inLanguage\":\"fr-FR\",\"potentialAction\":[{\"@type\":\"ReadAction\",\"target\":[\"https:\\\/\\\/aikido-ando.nl\\\/yoshimitsu-yamada\\\/\"]}]},{\"@type\":\"ImageObject\",\"inLanguage\":\"fr-FR\",\"@id\":\"https:\\\/\\\/aikido-ando.nl\\\/yoshimitsu-yamada\\\/#primaryimage\",\"url\":\"https:\\\/\\\/aikido-ando.nl\\\/wp-content\\\/uploads\\\/Yoshimitsu_Yamada_Sensei_Anne_Bernau_Uke-1.webp\",\"contentUrl\":\"https:\\\/\\\/aikido-ando.nl\\\/wp-content\\\/uploads\\\/Yoshimitsu_Yamada_Sensei_Anne_Bernau_Uke-1.webp\",\"width\":1920,\"height\":600,\"caption\":\"Yoshimitsu Yamada shihan met Uke sensei Anne Slui in Bernau seminar\"},{\"@type\":\"BreadcrumbList\",\"@id\":\"https:\\\/\\\/aikido-ando.nl\\\/yoshimitsu-yamada\\\/#breadcrumb\",\"itemListElement\":[{\"@type\":\"ListItem\",\"position\":1,\"name\":\"Home\",\"item\":\"https:\\\/\\\/aikido-ando.nl\\\/\"},{\"@type\":\"ListItem\",\"position\":2,\"name\":\"Yoshimitsu Yamada\"}]},{\"@type\":\"WebSite\",\"@id\":\"https:\\\/\\\/aikido-ando.nl\\\/#website\",\"url\":\"https:\\\/\\\/aikido-ando.nl\\\/\",\"name\":\"Aikido Ando\",\"description\":\"\",\"publisher\":{\"@id\":\"https:\\\/\\\/aikido-ando.nl\\\/#organization\"},\"potentialAction\":[{\"@type\":\"SearchAction\",\"target\":{\"@type\":\"EntryPoint\",\"urlTemplate\":\"https:\\\/\\\/aikido-ando.nl\\\/?s={search_term_string}\"},\"query-input\":{\"@type\":\"PropertyValueSpecification\",\"valueRequired\":true,\"valueName\":\"search_term_string\"}}],\"inLanguage\":\"fr-FR\"},{\"@type\":\"Organization\",\"@id\":\"https:\\\/\\\/aikido-ando.nl\\\/#organization\",\"name\":\"Aikido Ando\",\"url\":\"https:\\\/\\\/aikido-ando.nl\\\/\",\"logo\":{\"@type\":\"ImageObject\",\"inLanguage\":\"fr-FR\",\"@id\":\"https:\\\/\\\/aikido-ando.nl\\\/#\\\/schema\\\/logo\\\/image\\\/\",\"url\":\"https:\\\/\\\/aikido-ando.nl\\\/wp-content\\\/uploads\\\/Logo.webp\",\"contentUrl\":\"https:\\\/\\\/aikido-ando.nl\\\/wp-content\\\/uploads\\\/Logo.webp\",\"width\":500,\"height\":500,\"caption\":\"Aikido Ando\"},\"image\":{\"@id\":\"https:\\\/\\\/aikido-ando.nl\\\/#\\\/schema\\\/logo\\\/image\\\/\"},\"sameAs\":[\"https:\\\/\\\/www.facebook.com\\\/andoaikido\",\"https:\\\/\\\/www.instagram.com\\\/andoaikido\\\/\",\"https:\\\/\\\/www.tiktok.com\\\/404?fromUrl=\\\/andoaikido\",\"https:\\\/\\\/www.linkedin.com\\\/company\\\/andoaikido?originalSubdomain=nl\"]}]}<\/script>\n<!-- \/ Yoast SEO Premium plugin. -->","yoast_head_json":{"title":"Yoshimitsu Yamada - Aikido ANDO","description":"D\u00e9couvrez le parcours du Grand Ma\u00eetre Yoshimitsu Yamada dans le monde de l'a\u00efkido. D\u00e9couvrez son r\u00f4le de professeur principal \u00e0 l'A\u00efkika\u00ef de New York et son lien avec O Sensei.","robots":{"index":"index","follow":"follow","max-snippet":"max-snippet:-1","max-image-preview":"max-image-preview:large","max-video-preview":"max-video-preview:-1"},"canonical":"https:\/\/aikido-ando.nl\/fr\/yoshimitsu-yamada\/","og_locale":"fr_FR","og_type":"article","og_title":"Yoshimitsu Yamada","og_description":"Krijg inzicht in de reis van grootmeester Yoshimitsu Yamada in de wereld van aikido. Ontdek zijn rol als hoofdleraar bij de New York Aikikai en zijn link met O Sensei.","og_url":"https:\/\/aikido-ando.nl\/fr\/yoshimitsu-yamada\/","og_site_name":"Aikido ANDO","article_publisher":"https:\/\/www.facebook.com\/andoaikido","article_modified_time":"2024-12-10T13:06:52+00:00","og_image":[{"width":1920,"height":600,"url":"https:\/\/aikido-ando.nl\/wp-content\/uploads\/Yoshimitsu_Yamada_Sensei_Anne_Bernau_Uke-1.webp","type":"image\/webp"}],"twitter_card":"summary_large_image","twitter_misc":{"Dur\u00e9e de lecture estim\u00e9e":"2 minutes"},"schema":{"@context":"https:\/\/schema.org","@graph":[{"@type":"WebPage","@id":"https:\/\/aikido-ando.nl\/yoshimitsu-yamada\/","url":"https:\/\/aikido-ando.nl\/yoshimitsu-yamada\/","name":"Yoshimitsu Yamada - Aikido ANDO","isPartOf":{"@id":"https:\/\/aikido-ando.nl\/#website"},"primaryImageOfPage":{"@id":"https:\/\/aikido-ando.nl\/yoshimitsu-yamada\/#primaryimage"},"image":{"@id":"https:\/\/aikido-ando.nl\/yoshimitsu-yamada\/#primaryimage"},"thumbnailUrl":"https:\/\/aikido-ando.nl\/wp-content\/uploads\/Yoshimitsu_Yamada_Sensei_Anne_Bernau_Uke-1.webp","datePublished":"2024-10-13T12:32:59+00:00","dateModified":"2024-12-10T13:06:52+00:00","description":"D\u00e9couvrez le parcours du Grand Ma\u00eetre Yoshimitsu Yamada dans le monde de l'a\u00efkido. D\u00e9couvrez son r\u00f4le de professeur principal \u00e0 l'A\u00efkika\u00ef de New York et son lien avec O Sensei.","breadcrumb":{"@id":"https:\/\/aikido-ando.nl\/yoshimitsu-yamada\/#breadcrumb"},"inLanguage":"fr-FR","potentialAction":[{"@type":"ReadAction","target":["https:\/\/aikido-ando.nl\/yoshimitsu-yamada\/"]}]},{"@type":"ImageObject","inLanguage":"fr-FR","@id":"https:\/\/aikido-ando.nl\/yoshimitsu-yamada\/#primaryimage","url":"https:\/\/aikido-ando.nl\/wp-content\/uploads\/Yoshimitsu_Yamada_Sensei_Anne_Bernau_Uke-1.webp","contentUrl":"https:\/\/aikido-ando.nl\/wp-content\/uploads\/Yoshimitsu_Yamada_Sensei_Anne_Bernau_Uke-1.webp","width":1920,"height":600,"caption":"Yoshimitsu Yamada shihan met Uke sensei Anne Slui in Bernau seminar"},{"@type":"BreadcrumbList","@id":"https:\/\/aikido-ando.nl\/yoshimitsu-yamada\/#breadcrumb","itemListElement":[{"@type":"ListItem","position":1,"name":"Home","item":"https:\/\/aikido-ando.nl\/"},{"@type":"ListItem","position":2,"name":"Yoshimitsu Yamada"}]},{"@type":"WebSite","@id":"https:\/\/aikido-ando.nl\/#website","url":"https:\/\/aikido-ando.nl\/","name":"Aikido Ando","description":"","publisher":{"@id":"https:\/\/aikido-ando.nl\/#organization"},"potentialAction":[{"@type":"SearchAction","target":{"@type":"EntryPoint","urlTemplate":"https:\/\/aikido-ando.nl\/?s={search_term_string}"},"query-input":{"@type":"PropertyValueSpecification","valueRequired":true,"valueName":"search_term_string"}}],"inLanguage":"fr-FR"},{"@type":"Organization","@id":"https:\/\/aikido-ando.nl\/#organization","name":"Aikido Ando","url":"https:\/\/aikido-ando.nl\/","logo":{"@type":"ImageObject","inLanguage":"fr-FR","@id":"https:\/\/aikido-ando.nl\/#\/schema\/logo\/image\/","url":"https:\/\/aikido-ando.nl\/wp-content\/uploads\/Logo.webp","contentUrl":"https:\/\/aikido-ando.nl\/wp-content\/uploads\/Logo.webp","width":500,"height":500,"caption":"Aikido Ando"},"image":{"@id":"https:\/\/aikido-ando.nl\/#\/schema\/logo\/image\/"},"sameAs":["https:\/\/www.facebook.com\/andoaikido","https:\/\/www.instagram.com\/andoaikido\/","https:\/\/www.tiktok.com\/404?fromUrl=\/andoaikido","https:\/\/www.linkedin.com\/company\/andoaikido?originalSubdomain=nl"]}]}},"_links":{"self":[{"href":"https:\/\/aikido-ando.nl\/fr\/wp-json\/wp\/v2\/pages\/626","targetHints":{"allow":["GET"]}}],"collection":[{"href":"https:\/\/aikido-ando.nl\/fr\/wp-json\/wp\/v2\/pages"}],"about":[{"href":"https:\/\/aikido-ando.nl\/fr\/wp-json\/wp\/v2\/types\/page"}],"author":[{"embeddable":true,"href":"https:\/\/aikido-ando.nl\/fr\/wp-json\/wp\/v2\/users\/1"}],"replies":[{"embeddable":true,"href":"https:\/\/aikido-ando.nl\/fr\/wp-json\/wp\/v2\/comments?post=626"}],"version-history":[{"count":0,"href":"https:\/\/aikido-ando.nl\/fr\/wp-json\/wp\/v2\/pages\/626\/revisions"}],"wp:featuredmedia":[{"embeddable":true,"href":"https:\/\/aikido-ando.nl\/fr\/wp-json\/wp\/v2\/media\/1674"}],"wp:attachment":[{"href":"https:\/\/aikido-ando.nl\/fr\/wp-json\/wp\/v2\/media?parent=626"}],"curies":[{"name":"wp","href":"https:\/\/api.w.org\/{rel}","templated":true}]}}