{"id":635,"date":"2024-10-13T14:41:06","date_gmt":"2024-10-13T12:41:06","guid":{"rendered":"https:\/\/aikido-ando.nl\/?page_id=635"},"modified":"2025-08-09T19:46:18","modified_gmt":"2025-08-09T17:46:18","slug":"sjors-sportif","status":"publish","type":"page","link":"https:\/\/aikido-ando.nl\/fr\/sjors-sportief\/","title":{"rendered":"Sjors Sporty"},"content":{"rendered":"<div data-elementor-type=\"wp-page\" data-elementor-id=\"635\" class=\"elementor elementor-635\" data-elementor-post-type=\"page\">\n\t\t\t\t<div class=\"elementor-element elementor-element-b80eac5 e-flex e-con-boxed e-con e-parent\" data-id=\"b80eac5\" data-element_type=\"container\" data-e-type=\"container\">\n\t\t\t\t\t<div class=\"e-con-inner\">\n\t\t\t\t<div class=\"elementor-element elementor-element-ed99bf9 elementor-widget elementor-widget-text-editor\" data-id=\"ed99bf9\" data-element_type=\"widget\" data-e-type=\"widget\" data-widget_type=\"text-editor.default\">\n\t\t\t\t<div class=\"elementor-widget-container\">\n\t\t\t\t\t\t\t\t\t<h2>D\u00e9couvrez l'A\u00efkido avec Sjors sportive<\/h2><p><strong>Sjors Sportief est une initiative municipale visant \u00e0 encourager les jeunes \u00e0 faire du sport. De mani\u00e8re simple, les enfants et les parents peuvent d\u00e9couvrir les sports locaux. Chaque ann\u00e9e, toutes les \u00e9coles primaires distribuent les c\u00e9l\u00e8bres livrets Sjors Sportief qui pr\u00e9sentent les sports pratiqu\u00e9s, dont l'a\u00efkido !<\/strong><\/p>\t\t\t\t\t\t\t\t<\/div>\n\t\t\t\t<\/div>\n\t\t\t\t<div class=\"elementor-element elementor-element-230b693 elementor-widget elementor-widget-text-editor\" data-id=\"230b693\" data-element_type=\"widget\" data-e-type=\"widget\" data-widget_type=\"text-editor.default\">\n\t\t\t\t<div class=\"elementor-widget-container\">\n\t\t\t\t\t\t\t\t\t<h3>Guide des sports de l'a\u00efkido<\/h3><p>Des \u00e9coles primaires comme De Startbaan, mais aussi Salto Internationaal \u00e0 Eindhoven, connaissent d\u00e9j\u00e0 l'\u00e9cole d'a\u00efkido Ando. En outre, l'\u00e9cole primaire De Slingertouw se trouve juste en face du palais des sports de Meerrijk, o\u00f9 Ando a son dojo. <strong>Chaque ann\u00e9e, nos professeurs d'A\u00efkido se tiennent pr\u00eats<\/strong> d'accueillir ce groupe d'enfants et de leur faire d\u00e9couvrir cette <strong>beau sport d'autod\u00e9fense<\/strong>. Depuis des ann\u00e9es, le programme d'A\u00efkido d'Ando fait na\u00eetre de grands sourires sur les visages. Dans ces cours d'A\u00efkido de base <strong>des aspects importants tels que le respect, l'\u00e9tiquette, les r\u00f4les<\/strong> mais aussi la r\u00e9silience du calme. Alors que les autres sports d'autod\u00e9fense sont souvent pratiqu\u00e9s par les gar\u00e7ons, nous constatons que les filles appr\u00e9cient \u00e9galement nos s\u00e9ances d'entra\u00eenement. <strong>pas fort<\/strong> avant.<\/p><p>Ce qui diff\u00e9rencie l'A\u00efkido des autres arts martiaux, c'est qu'il est bas\u00e9 sur le principe de rester avec soi-m\u00eame et de ne pas se laisser d\u00e9fier. <strong>Chez Ando, vous apprenez \u00e0 vous tenir plus fermement dans vos chaussures.<\/strong> Vous serez <strong>r\u00e9siliente sans avoir \u00e0 apprendre \u00e0 se battre<\/strong>. L'A\u00efkido n'\u00e9tant pas un sport de comp\u00e9tition, il n'y a pas de recherche de performance et l'accent est mis davantage sur <strong>motivation intrins\u00e8que<\/strong>. Cela favorise le d\u00e9veloppement positif des aptitudes physiques et mentales et permet d'apprendre \u00e0 g\u00e9rer les conflits de mani\u00e8re constructive.<\/p><p>Vous \u00eates curieux de savoir si l'A\u00efkido vous convient ? <a href=\"https:\/\/aikido-ando.nl\/fr\/cours-daikido\/kinder-aikido-7\/\">Pour en savoir plus, cliquez ici<\/a> sur les cours dispens\u00e9s. Ou rejoignez un cours d'A\u00efkido par l'interm\u00e9diaire de Sjors Sportief !<\/p>\t\t\t\t\t\t\t\t<\/div>\n\t\t\t\t<\/div>\n\t\t\t\t\t<\/div>\n\t\t\t\t<\/div>\n\t\t<div class=\"elementor-element elementor-element-17193379 e-flex e-con-boxed e-con e-parent\" data-id=\"17193379\" data-element_type=\"container\" data-e-type=\"container\" data-settings=\"{&quot;background_background&quot;:&quot;gradient&quot;}\">\n\t\t\t\t\t<div class=\"e-con-inner\">\n\t\t<div class=\"elementor-element elementor-element-7cb65874 e-con-full e-flex e-con e-child\" data-id=\"7cb65874\" data-element_type=\"container\" data-e-type=\"container\">\n\t\t\t\t<div class=\"elementor-element elementor-element-de5421f elementor-widget elementor-widget-text-editor\" data-id=\"de5421f\" data-element_type=\"widget\" data-e-type=\"widget\" data-widget_type=\"text-editor.default\">\n\t\t\t\t<div class=\"elementor-widget-container\">\n\t\t\t\t\t\t\t\t\t<h2>SJORS SPORTING FAVORITE<\/h2>\t\t\t\t\t\t\t\t<\/div>\n\t\t\t\t<\/div>\n\t\t<div class=\"elementor-element elementor-element-7998763 e-con-full e-flex e-con e-child\" data-id=\"7998763\" data-element_type=\"container\" data-e-type=\"container\">\n\t\t\t\t<div class=\"elementor-element elementor-element-fa271b7 elementor-widget elementor-widget-text-editor\" data-id=\"fa271b7\" data-element_type=\"widget\" data-e-type=\"widget\" data-widget_type=\"text-editor.default\">\n\t\t\t\t<div class=\"elementor-widget-container\">\n\t\t\t\t\t\t\t\t\t<p>Saviez-vous que <strong>L'a\u00efkido avec Ando est un succ\u00e8s sur TikTok<\/strong>? Sensei Edo et Anne Slui partagent leurs conseils et astuces ainsi que leurs exp\u00e9riences. <strong>beaucoup plus de contenu d'A\u00efkido amusant sur les canaux de m\u00e9dias sociaux<\/strong>. Voulez-vous recevoir leur enseignement ? Alors inscrivez-vous \u00e0 temps, car le <strong>Les places sont limit\u00e9es<\/strong>. Inscrivez-vous sur la page de Sjors Sportief ou prenez une le\u00e7on d'essai.<\/p>\t\t\t\t\t\t\t\t<\/div>\n\t\t\t\t<\/div>\n\t\t\t\t<\/div>\n\t\t<div class=\"elementor-element elementor-element-750e706d e-con-full e-flex e-con e-child\" data-id=\"750e706d\" data-element_type=\"container\" data-e-type=\"container\">\n\t\t<div class=\"elementor-element elementor-element-6deda48d e-con-full e-flex e-con e-child\" data-id=\"6deda48d\" data-element_type=\"container\" data-e-type=\"container\" data-settings=\"{&quot;background_background&quot;:&quot;classic&quot;}\">\n\t\t\t\t<\/div>\n\t\t<div class=\"elementor-element elementor-element-650c1d7d e-con-full e-flex e-con e-child\" data-id=\"650c1d7d\" data-element_type=\"container\" data-e-type=\"container\" data-settings=\"{&quot;background_background&quot;:&quot;classic&quot;}\">\n\t\t\t\t<\/div>\n\t\t<div class=\"elementor-element elementor-element-6d691d88 e-con-full e-flex e-con e-child\" data-id=\"6d691d88\" data-element_type=\"container\" data-e-type=\"container\" data-settings=\"{&quot;background_background&quot;:&quot;classic&quot;}\">\n\t\t\t\t<\/div>\n\t\t\t\t<\/div>\n\t\t\t\t<div class=\"elementor-element elementor-element-7c0d8736 elementor-widget elementor-widget-button\" data-id=\"7c0d8736\" data-element_type=\"widget\" data-e-type=\"widget\" data-widget_type=\"button.default\">\n\t\t\t\t<div class=\"elementor-widget-container\">\n\t\t\t\t\t\t\t\t\t<div class=\"elementor-button-wrapper\">\n\t\t\t\t\t<a class=\"elementor-button elementor-button-link elementor-size-sm\" href=\"https:\/\/www.youtube.com\/watch?v=ddIdBKsR8Y8&#038;list=PLZ9Y2r2g2g0Sy-VSRcnVLesXxK5qB6vxG\">\n\t\t\t\t\t\t<span class=\"elementor-button-content-wrapper\">\n\t\t\t\t\t\t\t\t\t<span class=\"elementor-button-text\">Voir les vid\u00e9os<\/span>\n\t\t\t\t\t<\/span>\n\t\t\t\t\t<\/a>\n\t\t\t\t<\/div>\n\t\t\t\t\t\t\t\t<\/div>\n\t\t\t\t<\/div>\n\t\t\t\t<\/div>\n\t\t\t\t\t<\/div>\n\t\t\t\t<\/div>\n\t\t<div class=\"elementor-element elementor-element-6a315482 e-flex e-con-boxed e-con e-parent\" data-id=\"6a315482\" data-element_type=\"container\" data-e-type=\"container\" data-settings=\"{&quot;background_background&quot;:&quot;video&quot;,&quot;background_video_link&quot;:&quot;https:\\\/\\\/vimeo.com\\\/944371024?share=copy&quot;}\">\n\t\t\t\t\t<div class=\"e-con-inner\">\n\t\t<div class=\"elementor-background-video-container elementor-hidden-mobile\">\n\t\t\t\t\t\t\t<div class=\"elementor-background-video-embed\" role=\"presentation\"><\/div>\n\t\t\t\t\t\t<\/div>\t\t<div class=\"elementor-element elementor-element-28704c07 elementor-widget elementor-widget-heading\" data-id=\"28704c07\" data-element_type=\"widget\" data-e-type=\"widget\" data-widget_type=\"heading.default\">\n\t\t\t\t<div class=\"elementor-widget-container\">\n\t\t\t\t\t<div class=\"elementor-heading-title elementor-size-default\">Plus ferme dans vos chaussures<br>\navec l'a\u00efkido et l'o<\/div>\t\t\t\t<\/div>\n\t\t\t\t<\/div>\n\t\t\t\t<div class=\"elementor-element elementor-element-467d2072 elementor-widget elementor-widget-heading\" data-id=\"467d2072\" data-element_type=\"widget\" data-e-type=\"widget\" data-widget_type=\"heading.default\">\n\t\t\t\t<div class=\"elementor-widget-container\">\n\t\t\t\t\t<div class=\"elementor-heading-title elementor-size-default\">Planifiez une le\u00e7on d'essai pr\u00e8s de chez vous !<\/div>\t\t\t\t<\/div>\n\t\t\t\t<\/div>\n\t\t\t\t<div class=\"elementor-element elementor-element-553c265d elementor-align-center elementor-widget elementor-widget-button\" data-id=\"553c265d\" data-element_type=\"widget\" data-e-type=\"widget\" data-widget_type=\"button.default\">\n\t\t\t\t<div class=\"elementor-widget-container\">\n\t\t\t\t\t\t\t\t\t<div class=\"elementor-button-wrapper\">\n\t\t\t\t\t<a class=\"elementor-button elementor-button-link elementor-size-sm\" href=\"https:\/\/ando-aikido.gotgrib.nl\/member\/selfservice\/registration\/628769c029bbb\">\n\t\t\t\t\t\t<span class=\"elementor-button-content-wrapper\">\n\t\t\t\t\t\t\t\t\t<span class=\"elementor-button-text\">Planifier une le\u00e7on d'introduction<\/span>\n\t\t\t\t\t<\/span>\n\t\t\t\t\t<\/a>\n\t\t\t\t<\/div>\n\t\t\t\t\t\t\t\t<\/div>\n\t\t\t\t<\/div>\n\t\t\t\t\t<\/div>\n\t\t\t\t<\/div>\n\t\t\t\t<\/div>","protected":false},"excerpt":{"rendered":"<p>Ontdek Aikido met Sjors sportief Sjors Sportief is een initiatief van de gemeente om jongeren aan te zetten tot sporten. Op een laagdrempelige manier kunnen kinderen en ouders kennismaken met sporten uit de buurt. Elk jaar worden op alle basisscholen de bekende Sjors Sportief-boekjes verspreid met daarin deelnemende sporten, waaronder ook Aikido! Aikido sportwijzer Basisscholen [&hellip;]<\/p>\n","protected":false},"author":1,"featured_media":1676,"parent":0,"menu_order":0,"comment_status":"closed","ping_status":"closed","template":"","meta":{"footnotes":""},"class_list":["post-635","page","type-page","status-publish","has-post-thumbnail","hentry"],"yoast_head":"<!-- This site is optimized with the Yoast SEO Premium plugin v27.3 (Yoast SEO v27.3) - https:\/\/yoast.com\/product\/yoast-seo-premium-wordpress\/ -->\n<title>Sjors Sportief - Aikido ANDO<\/title>\n<meta name=\"description\" content=\"Ontdek hoe Aikido wordt ge\u00efntroduceerd tijdens het Sjors Sportief-initiatief. Leer meer over de voordelen van deze zelfverdedigingssport voor kinderen.\" \/>\n<meta name=\"robots\" content=\"index, follow, max-snippet:-1, max-image-preview:large, max-video-preview:-1\" \/>\n<link rel=\"canonical\" href=\"https:\/\/aikido-ando.nl\/fr\/sjors-sportif\/\" \/>\n<meta property=\"og:locale\" content=\"fr_FR\" \/>\n<meta property=\"og:type\" content=\"article\" \/>\n<meta property=\"og:title\" content=\"Sjors Sportief\" \/>\n<meta property=\"og:description\" content=\"Ontdek hoe Aikido wordt ge\u00efntroduceerd tijdens het Sjors Sportief-initiatief. Leer meer over de voordelen van deze zelfverdedigingssport voor kinderen.\" \/>\n<meta property=\"og:url\" content=\"https:\/\/aikido-ando.nl\/fr\/sjors-sportif\/\" \/>\n<meta property=\"og:site_name\" content=\"Aikido ANDO\" \/>\n<meta property=\"article:publisher\" content=\"https:\/\/www.facebook.com\/andoaikido\" \/>\n<meta property=\"article:modified_time\" content=\"2025-08-09T17:46:18+00:00\" \/>\n<meta property=\"og:image\" content=\"https:\/\/aikido-ando.nl\/wp-content\/uploads\/Aikido_Celebration_Ando_Dojo.webp\" \/>\n\t<meta property=\"og:image:width\" content=\"1920\" \/>\n\t<meta property=\"og:image:height\" content=\"600\" \/>\n\t<meta property=\"og:image:type\" content=\"image\/webp\" \/>\n<meta name=\"twitter:card\" content=\"summary_large_image\" \/>\n<meta name=\"twitter:label1\" content=\"Dur\u00e9e de lecture estim\u00e9e\" \/>\n\t<meta name=\"twitter:data1\" content=\"2 minutes\" \/>\n<script type=\"application\/ld+json\" class=\"yoast-schema-graph\">{\"@context\":\"https:\\\/\\\/schema.org\",\"@graph\":[{\"@type\":\"WebPage\",\"@id\":\"https:\\\/\\\/aikido-ando.nl\\\/sjors-sportief\\\/\",\"url\":\"https:\\\/\\\/aikido-ando.nl\\\/sjors-sportief\\\/\",\"name\":\"Sjors Sportief - Aikido ANDO\",\"isPartOf\":{\"@id\":\"https:\\\/\\\/aikido-ando.nl\\\/#website\"},\"primaryImageOfPage\":{\"@id\":\"https:\\\/\\\/aikido-ando.nl\\\/sjors-sportief\\\/#primaryimage\"},\"image\":{\"@id\":\"https:\\\/\\\/aikido-ando.nl\\\/sjors-sportief\\\/#primaryimage\"},\"thumbnailUrl\":\"https:\\\/\\\/aikido-ando.nl\\\/wp-content\\\/uploads\\\/Aikido_Celebration_Ando_Dojo.webp\",\"datePublished\":\"2024-10-13T12:41:06+00:00\",\"dateModified\":\"2025-08-09T17:46:18+00:00\",\"description\":\"Ontdek hoe Aikido wordt ge\u00efntroduceerd tijdens het Sjors Sportief-initiatief. Leer meer over de voordelen van deze zelfverdedigingssport voor kinderen.\",\"breadcrumb\":{\"@id\":\"https:\\\/\\\/aikido-ando.nl\\\/sjors-sportief\\\/#breadcrumb\"},\"inLanguage\":\"fr-FR\",\"potentialAction\":[{\"@type\":\"ReadAction\",\"target\":[\"https:\\\/\\\/aikido-ando.nl\\\/sjors-sportief\\\/\"]}]},{\"@type\":\"ImageObject\",\"inLanguage\":\"fr-FR\",\"@id\":\"https:\\\/\\\/aikido-ando.nl\\\/sjors-sportief\\\/#primaryimage\",\"url\":\"https:\\\/\\\/aikido-ando.nl\\\/wp-content\\\/uploads\\\/Aikido_Celebration_Ando_Dojo.webp\",\"contentUrl\":\"https:\\\/\\\/aikido-ando.nl\\\/wp-content\\\/uploads\\\/Aikido_Celebration_Ando_Dojo.webp\",\"width\":1920,\"height\":600,\"caption\":\"Color Aikido, een feestelijke afsluiting van de seminar van Ando 15 jaar. Zowel kinder-Aikidoka's als volwassen aikidoka's deden mee. Niet te vergeten jeugd Aikidoka's.\"},{\"@type\":\"BreadcrumbList\",\"@id\":\"https:\\\/\\\/aikido-ando.nl\\\/sjors-sportief\\\/#breadcrumb\",\"itemListElement\":[{\"@type\":\"ListItem\",\"position\":1,\"name\":\"Home\",\"item\":\"https:\\\/\\\/aikido-ando.nl\\\/\"},{\"@type\":\"ListItem\",\"position\":2,\"name\":\"Sjors Sportief\"}]},{\"@type\":\"WebSite\",\"@id\":\"https:\\\/\\\/aikido-ando.nl\\\/#website\",\"url\":\"https:\\\/\\\/aikido-ando.nl\\\/\",\"name\":\"Aikido Ando\",\"description\":\"\",\"publisher\":{\"@id\":\"https:\\\/\\\/aikido-ando.nl\\\/#organization\"},\"potentialAction\":[{\"@type\":\"SearchAction\",\"target\":{\"@type\":\"EntryPoint\",\"urlTemplate\":\"https:\\\/\\\/aikido-ando.nl\\\/?s={search_term_string}\"},\"query-input\":{\"@type\":\"PropertyValueSpecification\",\"valueRequired\":true,\"valueName\":\"search_term_string\"}}],\"inLanguage\":\"fr-FR\"},{\"@type\":\"Organization\",\"@id\":\"https:\\\/\\\/aikido-ando.nl\\\/#organization\",\"name\":\"Aikido Ando\",\"url\":\"https:\\\/\\\/aikido-ando.nl\\\/\",\"logo\":{\"@type\":\"ImageObject\",\"inLanguage\":\"fr-FR\",\"@id\":\"https:\\\/\\\/aikido-ando.nl\\\/#\\\/schema\\\/logo\\\/image\\\/\",\"url\":\"https:\\\/\\\/aikido-ando.nl\\\/wp-content\\\/uploads\\\/Logo.webp\",\"contentUrl\":\"https:\\\/\\\/aikido-ando.nl\\\/wp-content\\\/uploads\\\/Logo.webp\",\"width\":500,\"height\":500,\"caption\":\"Aikido Ando\"},\"image\":{\"@id\":\"https:\\\/\\\/aikido-ando.nl\\\/#\\\/schema\\\/logo\\\/image\\\/\"},\"sameAs\":[\"https:\\\/\\\/www.facebook.com\\\/andoaikido\",\"https:\\\/\\\/www.instagram.com\\\/andoaikido\\\/\",\"https:\\\/\\\/www.tiktok.com\\\/404?fromUrl=\\\/andoaikido\",\"https:\\\/\\\/www.linkedin.com\\\/company\\\/andoaikido?originalSubdomain=nl\"]}]}<\/script>\n<!-- \/ Yoast SEO Premium plugin. -->","yoast_head_json":{"title":"Sjors Sporty - Aikido ANDO","description":"D\u00e9couvrez comment l'a\u00efkido est introduit dans le cadre de l'initiative Sjors Sportief. D\u00e9couvrez les avantages de ce sport d'autod\u00e9fense pour les enfants.","robots":{"index":"index","follow":"follow","max-snippet":"max-snippet:-1","max-image-preview":"max-image-preview:large","max-video-preview":"max-video-preview:-1"},"canonical":"https:\/\/aikido-ando.nl\/fr\/sjors-sportif\/","og_locale":"fr_FR","og_type":"article","og_title":"Sjors Sportief","og_description":"Ontdek hoe Aikido wordt ge\u00efntroduceerd tijdens het Sjors Sportief-initiatief. Leer meer over de voordelen van deze zelfverdedigingssport voor kinderen.","og_url":"https:\/\/aikido-ando.nl\/fr\/sjors-sportif\/","og_site_name":"Aikido ANDO","article_publisher":"https:\/\/www.facebook.com\/andoaikido","article_modified_time":"2025-08-09T17:46:18+00:00","og_image":[{"width":1920,"height":600,"url":"https:\/\/aikido-ando.nl\/wp-content\/uploads\/Aikido_Celebration_Ando_Dojo.webp","type":"image\/webp"}],"twitter_card":"summary_large_image","twitter_misc":{"Dur\u00e9e de lecture estim\u00e9e":"2 minutes"},"schema":{"@context":"https:\/\/schema.org","@graph":[{"@type":"WebPage","@id":"https:\/\/aikido-ando.nl\/sjors-sportief\/","url":"https:\/\/aikido-ando.nl\/sjors-sportief\/","name":"Sjors Sporty - Aikido ANDO","isPartOf":{"@id":"https:\/\/aikido-ando.nl\/#website"},"primaryImageOfPage":{"@id":"https:\/\/aikido-ando.nl\/sjors-sportief\/#primaryimage"},"image":{"@id":"https:\/\/aikido-ando.nl\/sjors-sportief\/#primaryimage"},"thumbnailUrl":"https:\/\/aikido-ando.nl\/wp-content\/uploads\/Aikido_Celebration_Ando_Dojo.webp","datePublished":"2024-10-13T12:41:06+00:00","dateModified":"2025-08-09T17:46:18+00:00","description":"D\u00e9couvrez comment l'a\u00efkido est introduit dans le cadre de l'initiative Sjors Sportief. D\u00e9couvrez les avantages de ce sport d'autod\u00e9fense pour les enfants.","breadcrumb":{"@id":"https:\/\/aikido-ando.nl\/sjors-sportief\/#breadcrumb"},"inLanguage":"fr-FR","potentialAction":[{"@type":"ReadAction","target":["https:\/\/aikido-ando.nl\/sjors-sportief\/"]}]},{"@type":"ImageObject","inLanguage":"fr-FR","@id":"https:\/\/aikido-ando.nl\/sjors-sportief\/#primaryimage","url":"https:\/\/aikido-ando.nl\/wp-content\/uploads\/Aikido_Celebration_Ando_Dojo.webp","contentUrl":"https:\/\/aikido-ando.nl\/wp-content\/uploads\/Aikido_Celebration_Ando_Dojo.webp","width":1920,"height":600,"caption":"Color Aikido, een feestelijke afsluiting van de seminar van Ando 15 jaar. Zowel kinder-Aikidoka's als volwassen aikidoka's deden mee. Niet te vergeten jeugd Aikidoka's."},{"@type":"BreadcrumbList","@id":"https:\/\/aikido-ando.nl\/sjors-sportief\/#breadcrumb","itemListElement":[{"@type":"ListItem","position":1,"name":"Home","item":"https:\/\/aikido-ando.nl\/"},{"@type":"ListItem","position":2,"name":"Sjors Sportief"}]},{"@type":"WebSite","@id":"https:\/\/aikido-ando.nl\/#website","url":"https:\/\/aikido-ando.nl\/","name":"Aikido Ando","description":"","publisher":{"@id":"https:\/\/aikido-ando.nl\/#organization"},"potentialAction":[{"@type":"SearchAction","target":{"@type":"EntryPoint","urlTemplate":"https:\/\/aikido-ando.nl\/?s={search_term_string}"},"query-input":{"@type":"PropertyValueSpecification","valueRequired":true,"valueName":"search_term_string"}}],"inLanguage":"fr-FR"},{"@type":"Organization","@id":"https:\/\/aikido-ando.nl\/#organization","name":"Aikido Ando","url":"https:\/\/aikido-ando.nl\/","logo":{"@type":"ImageObject","inLanguage":"fr-FR","@id":"https:\/\/aikido-ando.nl\/#\/schema\/logo\/image\/","url":"https:\/\/aikido-ando.nl\/wp-content\/uploads\/Logo.webp","contentUrl":"https:\/\/aikido-ando.nl\/wp-content\/uploads\/Logo.webp","width":500,"height":500,"caption":"Aikido Ando"},"image":{"@id":"https:\/\/aikido-ando.nl\/#\/schema\/logo\/image\/"},"sameAs":["https:\/\/www.facebook.com\/andoaikido","https:\/\/www.instagram.com\/andoaikido\/","https:\/\/www.tiktok.com\/404?fromUrl=\/andoaikido","https:\/\/www.linkedin.com\/company\/andoaikido?originalSubdomain=nl"]}]}},"_links":{"self":[{"href":"https:\/\/aikido-ando.nl\/fr\/wp-json\/wp\/v2\/pages\/635","targetHints":{"allow":["GET"]}}],"collection":[{"href":"https:\/\/aikido-ando.nl\/fr\/wp-json\/wp\/v2\/pages"}],"about":[{"href":"https:\/\/aikido-ando.nl\/fr\/wp-json\/wp\/v2\/types\/page"}],"author":[{"embeddable":true,"href":"https:\/\/aikido-ando.nl\/fr\/wp-json\/wp\/v2\/users\/1"}],"replies":[{"embeddable":true,"href":"https:\/\/aikido-ando.nl\/fr\/wp-json\/wp\/v2\/comments?post=635"}],"version-history":[{"count":0,"href":"https:\/\/aikido-ando.nl\/fr\/wp-json\/wp\/v2\/pages\/635\/revisions"}],"wp:featuredmedia":[{"embeddable":true,"href":"https:\/\/aikido-ando.nl\/fr\/wp-json\/wp\/v2\/media\/1676"}],"wp:attachment":[{"href":"https:\/\/aikido-ando.nl\/fr\/wp-json\/wp\/v2\/media?parent=635"}],"curies":[{"name":"wp","href":"https:\/\/api.w.org\/{rel}","templated":true}]}}