{"id":645,"date":"2024-10-13T14:53:18","date_gmt":"2024-10-13T12:53:18","guid":{"rendered":"https:\/\/aikido-ando.nl\/?page_id=645"},"modified":"2024-12-10T14:04:22","modified_gmt":"2024-12-10T13:04:22","slug":"ecole-daikido","status":"publish","type":"page","link":"https:\/\/aikido-ando.nl\/fr\/school-aikido\/","title":{"rendered":"\u00c9cole-Aikido"},"content":{"rendered":"<div data-elementor-type=\"wp-page\" data-elementor-id=\"645\" class=\"elementor elementor-645\" data-elementor-post-type=\"page\">\n\t\t\t\t<div class=\"elementor-element elementor-element-85585ed e-flex e-con-boxed e-con e-parent\" data-id=\"85585ed\" data-element_type=\"container\" data-e-type=\"container\">\n\t\t\t\t\t<div class=\"e-con-inner\">\n\t\t\t\t<div class=\"elementor-element elementor-element-66e00e8 elementor-widget elementor-widget-text-editor\" data-id=\"66e00e8\" data-element_type=\"widget\" data-e-type=\"widget\" data-widget_type=\"text-editor.default\">\n\t\t\t\t<div class=\"elementor-widget-container\">\n\t\t\t\t\t\t\t\t\t<h2>Cours d'a\u00efkido dans l'enseignement<\/h2><p><strong>L'A\u00efkido scolaire est assur\u00e9 par Ando. Nous proposons des cours d'A\u00efkido \u00e0 diff\u00e9rents niveaux, \u00e0 la fois pour les \u00e9coles primaires et secondaires. Nos formateurs adaptent \u00e0 l'avance le programme de cours aux besoins que l'\u00e9cole souhaite combler avec l'A\u00efkido scolaire.<\/strong><\/p>\t\t\t\t\t\t\t\t<\/div>\n\t\t\t\t<\/div>\n\t\t\t\t<div class=\"elementor-element elementor-element-2df6b0b elementor-widget elementor-widget-text-editor\" data-id=\"2df6b0b\" data-element_type=\"widget\" data-e-type=\"widget\" data-widget_type=\"text-editor.default\">\n\t\t\t\t<div class=\"elementor-widget-container\">\n\t\t\t\t\t\t\t\t\t<h3>A qui s'adresse l'\u00e9cole d'A\u00efkido ?<\/h3><p>Pensez aux enfants sur le <strong>\u00e9cole primaire 6-12 ans<\/strong>. Mais aussi pour les jeunes de <strong>12-16 ans \u00e0 l'\u00e9cole secondaire<\/strong> il y a <strong>des cours de formation sp\u00e9ciaux ont \u00e9t\u00e9 mis en place<\/strong> pour se familiariser avec l'A\u00efkido. Les th\u00e8mes r\u00e9currents sont \u2018l'A\u00efkido en tant que le\u00e7on d'introduction \u00e0 un art martial\u2019, mais \"l'A\u00efkido en tant que le\u00e7on d'introduction \u00e0 un art martial\". <strong>\u00e9galement la r\u00e9silience gr\u00e2ce \u00e0 l'A\u00efkido. Ando comprend<\/strong> et ne fait donc pas de distinction entre les diff\u00e9rents groupes ou \u00e9coles. Dans le pass\u00e9, nous avons \u00e9galement enseign\u00e9 \u00e0 des \u00e9l\u00e8ves malvoyants, ce qui n\u00e9cessite \u00e9videmment une approche unique et distincte.<\/p><p><strong>Important \u00e0 savoir :<\/strong><br \/>L'A\u00efkido n'est pas un art martial et n'a pas de comp\u00e9tition. C'est l'une des principales caract\u00e9ristiques qui font que l'A\u00efkido exige un engagement intrins\u00e8que plus important de votre part. <strong>Il n'est pas n\u00e9cessaire d'\u00eatre athl\u00e9tique ou fort.<\/strong>; en fait, cet art martial a \u00e9t\u00e9 d\u00e9velopp\u00e9 par son fondateur, qui ne mesurait lui-m\u00eame que 1,50 m. <strong>L'a\u00efkido est un sport que l'on peut pratiquer toute sa vie !<\/strong> Par exemple, notre grand ma\u00eetre Yoshimitsu Yamada, \u00e2g\u00e9 de 84 ans, \u00e9tait encore sur le tapis.<\/p>\t\t\t\t\t\t\t\t<\/div>\n\t\t\t\t<\/div>\n\t\t\t\t\t<\/div>\n\t\t\t\t<\/div>\n\t\t<div class=\"elementor-element elementor-element-6b0b97b e-flex e-con-boxed e-con e-parent\" data-id=\"6b0b97b\" data-element_type=\"container\" data-e-type=\"container\" data-settings=\"{&quot;background_background&quot;:&quot;classic&quot;}\">\n\t\t\t\t\t<div class=\"e-con-inner\">\n\t\t<div class=\"elementor-element elementor-element-9183106 e-con-full e-flex e-con e-child\" data-id=\"9183106\" data-element_type=\"container\" data-e-type=\"container\" data-settings=\"{&quot;background_background&quot;:&quot;classic&quot;}\">\n\t\t\t\t<div class=\"elementor-element elementor-element-1fd28d9 elementor-widget elementor-widget-text-editor\" data-id=\"1fd28d9\" data-element_type=\"widget\" data-e-type=\"widget\" data-widget_type=\"text-editor.default\">\n\t\t\t\t<div class=\"elementor-widget-container\">\n\t\t\t\t\t\t\t\t\t<p>Sensei Anne a enseign\u00e9 l'A\u00efkido \u00e0 l'\u00e9cole Fransiscusschool \u00e0 Zaltbommel.<\/p>\t\t\t\t\t\t\t\t<\/div>\n\t\t\t\t<\/div>\n\t\t\t\t<\/div>\n\t\t<div class=\"elementor-element elementor-element-86402f5 e-con-full e-flex e-con e-child\" data-id=\"86402f5\" data-element_type=\"container\" data-e-type=\"container\" data-settings=\"{&quot;background_background&quot;:&quot;classic&quot;}\">\n\t\t\t\t<div class=\"elementor-element elementor-element-34ce0e0 elementor-widget elementor-widget-text-editor\" data-id=\"34ce0e0\" data-element_type=\"widget\" data-e-type=\"widget\" data-widget_type=\"text-editor.default\">\n\t\t\t\t<div class=\"elementor-widget-container\">\n\t\t\t\t\t\t\t\t\t<p>Sensei Edo propose un entra\u00eenement d'A\u00efkido urbain, au cours duquel les enfants pratiquent l'A\u00efkido en plein air de mani\u00e8re ludique.<\/p>\t\t\t\t\t\t\t\t<\/div>\n\t\t\t\t<\/div>\n\t\t\t\t<\/div>\n\t\t\t\t\t<\/div>\n\t\t\t\t<\/div>\n\t\t<div class=\"elementor-element elementor-element-2b9e86e e-flex e-con-boxed e-con e-parent\" data-id=\"2b9e86e\" data-element_type=\"container\" data-e-type=\"container\">\n\t\t\t\t\t<div class=\"e-con-inner\">\n\t\t\t\t<div class=\"elementor-element elementor-element-98a4056 elementor-widget elementor-widget-text-editor\" data-id=\"98a4056\" data-element_type=\"widget\" data-e-type=\"widget\" data-widget_type=\"text-editor.default\">\n\t\t\t\t<div class=\"elementor-widget-container\">\n\t\t\t\t\t\t\t\t\t<h3>A quoi s'attendre \u00e0 l'\u00e9cole d'A\u00efkido<\/h3><p><strong>Chaque \u00e9cole et chaque situation sont uniques<\/strong>, C'est pourquoi nous nous effor\u00e7ons d'\u00eatre \u00e0 la pointe de la technologie. <strong>accord avec l'\u00e9cole<\/strong> pour obtenir les meilleurs r\u00e9sultats possibles. Par exemple, nous pouvons organiser des le\u00e7ons \u00e0 th\u00e8me ou une visite unique pour plusieurs groupes. Vous pouvez \u00eatre s\u00fbrs que nous garderons la <strong>Un gymnase transform\u00e9 en v\u00e9ritable dojo d'A\u00efkido<\/strong>. Nos visites d'A\u00efkido dans les \u00e9coles se d\u00e9roulent principalement i<strong>\u00e0 proximit\u00e9 de nos dojos Ando<\/strong>.<\/p><p>Avec cette formation, une contribution est convenue \u00e0 l'avance, au profit de la Fondation.<\/p><p>Vous pensez que l'A\u00efkido est une activit\u00e9 saine pour votre \u00e9cole ? Prenez contact avec nous !<\/p>\t\t\t\t\t\t\t\t<\/div>\n\t\t\t\t<\/div>\n\t\t\t\t\t<\/div>\n\t\t\t\t<\/div>\n\t\t<div class=\"elementor-element elementor-element-78ac28a e-flex e-con-boxed e-con e-parent\" data-id=\"78ac28a\" data-element_type=\"container\" data-e-type=\"container\" data-settings=\"{&quot;background_background&quot;:&quot;classic&quot;}\">\n\t\t\t\t\t<div class=\"e-con-inner\">\n\t\t\t\t<div class=\"elementor-element elementor-element-8b8b967 elementor-testimonial--skin-default elementor-testimonial--layout-image_inline elementor-testimonial--align-center elementor-arrows-yes elementor-pagination-type-bullets elementor-widget elementor-widget-testimonial-carousel\" data-id=\"8b8b967\" data-element_type=\"widget\" data-e-type=\"widget\" data-settings=\"{&quot;show_arrows&quot;:&quot;yes&quot;,&quot;pagination&quot;:&quot;bullets&quot;,&quot;speed&quot;:500,&quot;autoplay&quot;:&quot;yes&quot;,&quot;autoplay_speed&quot;:5000,&quot;loop&quot;:&quot;yes&quot;,&quot;pause_on_hover&quot;:&quot;yes&quot;,&quot;pause_on_interaction&quot;:&quot;yes&quot;,&quot;space_between&quot;:{&quot;unit&quot;:&quot;px&quot;,&quot;size&quot;:10,&quot;sizes&quot;:[]},&quot;space_between_tablet&quot;:{&quot;unit&quot;:&quot;px&quot;,&quot;size&quot;:10,&quot;sizes&quot;:[]},&quot;space_between_mobile&quot;:{&quot;unit&quot;:&quot;px&quot;,&quot;size&quot;:10,&quot;sizes&quot;:[]}}\" data-widget_type=\"testimonial-carousel.default\">\n\t\t\t\t<div class=\"elementor-widget-container\">\n\t\t\t\t\t\t\t\t\t<div class=\"elementor-swiper\">\n\t\t\t\t\t<div class=\"elementor-main-swiper swiper\" role=\"region\" aria-roledescription=\"carousel\" aria-label=\"Diapositives\">\n\t\t\t\t<div class=\"swiper-wrapper\">\n\t\t\t\t\t\t\t\t\t\t\t<div class=\"swiper-slide\" role=\"group\" aria-roledescription=\"slide\">\n\t\t\t\t\t\t\t\t\t<div class=\"elementor-testimonial\">\n\t\t\t\t\t\t\t<div class=\"elementor-testimonial__content\">\n\t\t\t\t\t<div class=\"elementor-testimonial__text\">\n\t\t\t\t\t\tAndo a organis\u00e9 une le\u00e7on ludique pendant les Jeux du Roi pour l'\u00e9cole Franciscus de Zaltbommel. La s\u0153ur d'Edo a donn\u00e9 cette le\u00e7on qui a beaucoup plu aux diff\u00e9rents groupes. Elle est tr\u00e8s exp\u00e9riment\u00e9e et a su comment faire participer les \u00e9l\u00e8ves. La communication avec Edo s'est d\u00e9roul\u00e9e sans probl\u00e8me et il aime r\u00e9fl\u00e9chir, ce qui vaut vraiment la peine d'\u00eatre r\u00e9p\u00e9t\u00e9. Merci au nom du conseil des parents de l'\u00e9cole Franciscus de Zaltbommel.\t\t\t\t\t<\/div>\n\t\t\t\t\t\t\t\t\t<\/div>\n\t\t\t\t\t\t<div class=\"elementor-testimonial__footer\">\n\t\t\t\t\t\t\t\t\t<div class=\"elementor-testimonial__image\">\n\t\t\t\t\t\t<img decoding=\"async\" src=\"https:\/\/aikido-ando.nl\/wp-content\/uploads\/Aikido_Ando_FranciscusschoolBasisonderwijs.webp\" alt=\"\u00c9cole St Francis\">\n\t\t\t\t\t\t\t\t\t\t\t<\/div>\n\t\t\t\t\t\t\t\t<cite class=\"elementor-testimonial__cite\"><span class=\"elementor-testimonial__name\">\u00c9cole St Francis<\/span><span class=\"elementor-testimonial__title\">Zaltbommel<\/span><\/cite>\t\t\t<\/div>\n\t\t<\/div>\n\t\t\t\t\t\t\t\t<\/div>\n\t\t\t\t\t\t\t\t\t\t\t<div class=\"swiper-slide\" role=\"group\" aria-roledescription=\"slide\">\n\t\t\t\t\t\t\t\t\t<div class=\"elementor-testimonial\">\n\t\t\t\t\t\t\t<div class=\"elementor-testimonial__content\">\n\t\t\t\t\t<div class=\"elementor-testimonial__text\">\n\t\t\t\t\t\tEdo a donn\u00e9 plusieurs cours au Cambium College. Nous sommes tr\u00e8s satisfaits de la mani\u00e8re dont ces cours ont \u00e9t\u00e9 dispens\u00e9s. La le\u00e7on a \u00e9t\u00e9 expliqu\u00e9e de mani\u00e8re claire et l'instruction a \u00e9t\u00e9 courte afin que les \u00e9tudiants puissent commencer rapidement. Le formateur \u00e9tait comp\u00e9tent et exp\u00e9riment\u00e9, et s'est bien adapt\u00e9 au groupe cible. La communication avec Edo a \u00e9t\u00e9 agr\u00e9able, tout \u00e9tait clair et bien organis\u00e9. De la part du Cambium College, nous pensons que cela vaut vraiment la peine d'\u00eatre r\u00e9p\u00e9t\u00e9.\t\t\t\t\t<\/div>\n\t\t\t\t\t\t\t\t\t<\/div>\n\t\t\t\t\t\t<div class=\"elementor-testimonial__footer\">\n\t\t\t\t\t\t\t\t\t<div class=\"elementor-testimonial__image\">\n\t\t\t\t\t\t<img decoding=\"async\" src=\"https:\/\/aikido-ando.nl\/wp-content\/uploads\/AndoAikido_CambiumCollege.webp\" alt=\"Coll\u00e8ge Cambium\">\n\t\t\t\t\t\t\t\t\t\t\t<\/div>\n\t\t\t\t\t\t\t\t<cite class=\"elementor-testimonial__cite\"><span class=\"elementor-testimonial__name\">Coll\u00e8ge Cambium<\/span><span class=\"elementor-testimonial__title\">Zaltbommel<\/span><\/cite>\t\t\t<\/div>\n\t\t<\/div>\n\t\t\t\t\t\t\t\t<\/div>\n\t\t\t\t\t\t\t\t\t\t\t<div class=\"swiper-slide\" role=\"group\" aria-roledescription=\"slide\">\n\t\t\t\t\t\t\t\t\t<div class=\"elementor-testimonial\">\n\t\t\t\t\t\t\t<div class=\"elementor-testimonial__content\">\n\t\t\t\t\t<div class=\"elementor-testimonial__text\">\n\t\t\t\t\t\tA plusieurs reprises, l'Aikido ando a donn\u00e9 des cours lors d'\u00e9v\u00e9nements plus ou moins importants qui se sont d\u00e9roul\u00e9s dans nos locaux.\nPendant le stage, vous voyez qu'il y a un entra\u00eeneur exp\u00e9riment\u00e9 et comp\u00e9tent qui est capable de transmettre les valeurs du sport d'une mani\u00e8re claire et ludique.\nPar groupe, ils cherchent toujours ce qui est appropri\u00e9 et ce qui s'adapte bien. En outre, la communication est toujours tr\u00e8s agr\u00e9able et claire.\t\t\t\t\t<\/div>\n\t\t\t\t\t\t\t\t\t<\/div>\n\t\t\t\t\t\t<div class=\"elementor-testimonial__footer\">\n\t\t\t\t\t\t\t\t\t<div class=\"elementor-testimonial__image\">\n\t\t\t\t\t\t<img decoding=\"async\" src=\"https:\/\/aikido-ando.nl\/wp-content\/uploads\/Spel_Zaltbommel.webp\" alt=\"Nick\">\n\t\t\t\t\t\t\t\t\t\t\t<\/div>\n\t\t\t\t\t\t\t\t<cite class=\"elementor-testimonial__cite\"><span class=\"elementor-testimonial__name\">Nick<\/span><span class=\"elementor-testimonial__title\">Entra\u00eeneur sportif de quartier<\/span><\/cite>\t\t\t<\/div>\n\t\t<\/div>\n\t\t\t\t\t\t\t\t<\/div>\n\t\t\t\t\t\t\t\t\t<\/div>\n\t\t\t\t\t\t\t\t\t\t\t\t\t\t\t<div class=\"elementor-swiper-button elementor-swiper-button-prev\" role=\"button\" tabindex=\"0\" aria-label=\"Previous\" data-no-translation-aria-label=\"\">\n\t\t\t\t\t\t\t<svg aria-hidden=\"true\" class=\"e-font-icon-svg e-eicon-chevron-left\" viewbox=\"0 0 1000 1000\" xmlns=\"http:\/\/www.w3.org\/2000\/svg\"><path d=\"M646 125C629 125 613 133 604 142L308 442C296 454 292 471 292 487 292 504 296 521 308 533L604 854C617 867 629 875 646 875 663 875 679 871 692 858 704 846 713 829 713 812 713 796 708 779 692 767L438 487 692 225C700 217 708 204 708 187 708 171 704 154 692 142 675 129 663 125 646 125Z\"><\/path><\/svg>\t\t\t\t\t\t<\/div>\n\t\t\t\t\t\t<div class=\"elementor-swiper-button elementor-swiper-button-next\" role=\"button\" tabindex=\"0\" aria-label=\"Next\" data-no-translation-aria-label=\"\">\n\t\t\t\t\t\t\t<svg aria-hidden=\"true\" class=\"e-font-icon-svg e-eicon-chevron-right\" viewbox=\"0 0 1000 1000\" xmlns=\"http:\/\/www.w3.org\/2000\/svg\"><path d=\"M696 533C708 521 713 504 713 487 713 471 708 454 696 446L400 146C388 133 375 125 354 125 338 125 325 129 313 142 300 154 292 171 292 187 292 204 296 221 308 233L563 492 304 771C292 783 288 800 288 817 288 833 296 850 308 863 321 871 338 875 354 875 371 875 388 867 400 854L696 533Z\"><\/path><\/svg>\t\t\t\t\t\t<\/div>\n\t\t\t\t\t\t\t\t\t\t\t\t\t\t\t\t<div class=\"swiper-pagination\"><\/div>\n\t\t\t\t\t\t\t\t\t\t\t\t<\/div>\n\t\t\t\t<\/div>\n\t\t\t\t\t\t\t\t<\/div>\n\t\t\t\t<\/div>\n\t\t\t\t\t<\/div>\n\t\t\t\t<\/div>\n\t\t\t\t<\/div>","protected":false},"excerpt":{"rendered":"<p>Aikido lessen in het onderwijs School Aikido wordt verzorgd door Ando. Wij bieden Aikido-lessen aan op verschillende niveaus, zowel voor het basisonderwijs als het voortgezet onderwijs. Onze trainers stemmen het lespakket van tevoren af op de behoeften die de school wil invullen met schoolaikido. Voor wie is school-Aikido Denk aan kinderen op de basisschool van [&hellip;]<\/p>\n","protected":false},"author":1,"featured_media":1677,"parent":0,"menu_order":0,"comment_status":"closed","ping_status":"closed","template":"elementor_header_footer","meta":{"footnotes":""},"class_list":["post-645","page","type-page","status-publish","has-post-thumbnail","hentry"],"yoast_head":"<!-- This site is optimized with the Yoast SEO Premium plugin v27.5 (Yoast SEO v27.5) - https:\/\/yoast.com\/product\/yoast-seo-premium-wordpress\/ -->\n<title>School-Aikido - Aikido ANDO<\/title>\n<meta name=\"description\" content=\"Ando biedt inclusieve Aikido-lessen voor scholen. Van basisschoolkinderen tot jongeren op de middelbare school, ontdek hoe Aikido de weerbaarheid en het zelfvertrouwen bevordert.\" \/>\n<meta name=\"robots\" content=\"index, follow, max-snippet:-1, max-image-preview:large, max-video-preview:-1\" \/>\n<link rel=\"canonical\" href=\"https:\/\/aikido-ando.nl\/fr\/ecole-daikido\/\" \/>\n<meta property=\"og:locale\" content=\"fr_FR\" \/>\n<meta property=\"og:type\" content=\"article\" \/>\n<meta property=\"og:title\" content=\"School-Aikido\" \/>\n<meta property=\"og:description\" content=\"Ando biedt inclusieve Aikido-lessen voor scholen. Van basisschoolkinderen tot jongeren op de middelbare school, ontdek hoe Aikido de weerbaarheid en het zelfvertrouwen bevordert.\" \/>\n<meta property=\"og:url\" content=\"https:\/\/aikido-ando.nl\/fr\/ecole-daikido\/\" \/>\n<meta property=\"og:site_name\" content=\"Aikido ANDO\" \/>\n<meta property=\"article:publisher\" content=\"https:\/\/www.facebook.com\/andoaikido\" \/>\n<meta property=\"article:modified_time\" content=\"2024-12-10T13:04:22+00:00\" \/>\n<meta property=\"og:image\" content=\"https:\/\/aikido-ando.nl\/wp-content\/uploads\/Weerbaarheid_Aikido_les_by_AnneSlui.webp\" \/>\n\t<meta property=\"og:image:width\" content=\"1920\" \/>\n\t<meta property=\"og:image:height\" content=\"600\" \/>\n\t<meta property=\"og:image:type\" content=\"image\/webp\" \/>\n<meta name=\"twitter:card\" content=\"summary_large_image\" \/>\n<meta name=\"twitter:label1\" content=\"Dur\u00e9e de lecture estim\u00e9e\" \/>\n\t<meta name=\"twitter:data1\" content=\"4 minutes\" \/>\n<script type=\"application\/ld+json\" class=\"yoast-schema-graph\">{\"@context\":\"https:\\\/\\\/schema.org\",\"@graph\":[{\"@type\":\"WebPage\",\"@id\":\"https:\\\/\\\/aikido-ando.nl\\\/school-aikido\\\/\",\"url\":\"https:\\\/\\\/aikido-ando.nl\\\/school-aikido\\\/\",\"name\":\"School-Aikido - Aikido ANDO\",\"isPartOf\":{\"@id\":\"https:\\\/\\\/aikido-ando.nl\\\/#website\"},\"primaryImageOfPage\":{\"@id\":\"https:\\\/\\\/aikido-ando.nl\\\/school-aikido\\\/#primaryimage\"},\"image\":{\"@id\":\"https:\\\/\\\/aikido-ando.nl\\\/school-aikido\\\/#primaryimage\"},\"thumbnailUrl\":\"https:\\\/\\\/aikido-ando.nl\\\/wp-content\\\/uploads\\\/Weerbaarheid_Aikido_les_by_AnneSlui.webp\",\"datePublished\":\"2024-10-13T12:53:18+00:00\",\"dateModified\":\"2024-12-10T13:04:22+00:00\",\"description\":\"Ando biedt inclusieve Aikido-lessen voor scholen. Van basisschoolkinderen tot jongeren op de middelbare school, ontdek hoe Aikido de weerbaarheid en het zelfvertrouwen bevordert.\",\"breadcrumb\":{\"@id\":\"https:\\\/\\\/aikido-ando.nl\\\/school-aikido\\\/#breadcrumb\"},\"inLanguage\":\"fr-FR\",\"potentialAction\":[{\"@type\":\"ReadAction\",\"target\":[\"https:\\\/\\\/aikido-ando.nl\\\/school-aikido\\\/\"]}]},{\"@type\":\"ImageObject\",\"inLanguage\":\"fr-FR\",\"@id\":\"https:\\\/\\\/aikido-ando.nl\\\/school-aikido\\\/#primaryimage\",\"url\":\"https:\\\/\\\/aikido-ando.nl\\\/wp-content\\\/uploads\\\/Weerbaarheid_Aikido_les_by_AnneSlui.webp\",\"contentUrl\":\"https:\\\/\\\/aikido-ando.nl\\\/wp-content\\\/uploads\\\/Weerbaarheid_Aikido_les_by_AnneSlui.webp\",\"width\":1920,\"height\":600,\"caption\":\"sensei Anne gooit een Uke in Meerhoven op de mat in de dojo. Tijdens de volwassen Aikidoles waarbij jong en oud, hoog en laag gegradueerd traint.\"},{\"@type\":\"BreadcrumbList\",\"@id\":\"https:\\\/\\\/aikido-ando.nl\\\/school-aikido\\\/#breadcrumb\",\"itemListElement\":[{\"@type\":\"ListItem\",\"position\":1,\"name\":\"Home\",\"item\":\"https:\\\/\\\/aikido-ando.nl\\\/\"},{\"@type\":\"ListItem\",\"position\":2,\"name\":\"School-Aikido\"}]},{\"@type\":\"WebSite\",\"@id\":\"https:\\\/\\\/aikido-ando.nl\\\/#website\",\"url\":\"https:\\\/\\\/aikido-ando.nl\\\/\",\"name\":\"Aikido Ando\",\"description\":\"\",\"publisher\":{\"@id\":\"https:\\\/\\\/aikido-ando.nl\\\/#organization\"},\"potentialAction\":[{\"@type\":\"SearchAction\",\"target\":{\"@type\":\"EntryPoint\",\"urlTemplate\":\"https:\\\/\\\/aikido-ando.nl\\\/?s={search_term_string}\"},\"query-input\":{\"@type\":\"PropertyValueSpecification\",\"valueRequired\":true,\"valueName\":\"search_term_string\"}}],\"inLanguage\":\"fr-FR\"},{\"@type\":\"Organization\",\"@id\":\"https:\\\/\\\/aikido-ando.nl\\\/#organization\",\"name\":\"Aikido Ando\",\"url\":\"https:\\\/\\\/aikido-ando.nl\\\/\",\"logo\":{\"@type\":\"ImageObject\",\"inLanguage\":\"fr-FR\",\"@id\":\"https:\\\/\\\/aikido-ando.nl\\\/#\\\/schema\\\/logo\\\/image\\\/\",\"url\":\"https:\\\/\\\/aikido-ando.nl\\\/wp-content\\\/uploads\\\/Logo.webp\",\"contentUrl\":\"https:\\\/\\\/aikido-ando.nl\\\/wp-content\\\/uploads\\\/Logo.webp\",\"width\":500,\"height\":500,\"caption\":\"Aikido Ando\"},\"image\":{\"@id\":\"https:\\\/\\\/aikido-ando.nl\\\/#\\\/schema\\\/logo\\\/image\\\/\"},\"sameAs\":[\"https:\\\/\\\/www.facebook.com\\\/andoaikido\",\"https:\\\/\\\/www.instagram.com\\\/andoaikido\\\/\",\"https:\\\/\\\/www.tiktok.com\\\/404?fromUrl=\\\/andoaikido\",\"https:\\\/\\\/www.linkedin.com\\\/company\\\/andoaikido?originalSubdomain=nl\"]}]}<\/script>\n<!-- \/ Yoast SEO Premium plugin. -->","yoast_head_json":{"title":"\u00c9cole-Aikido - Aikido ANDO","description":"Ando propose des cours d'A\u00efkido pour les \u00e9coles. Des enfants de l'\u00e9cole primaire aux lyc\u00e9ens, d\u00e9couvrez comment l'A\u00efkido favorise la r\u00e9silience et la confiance en soi.","robots":{"index":"index","follow":"follow","max-snippet":"max-snippet:-1","max-image-preview":"max-image-preview:large","max-video-preview":"max-video-preview:-1"},"canonical":"https:\/\/aikido-ando.nl\/fr\/ecole-daikido\/","og_locale":"fr_FR","og_type":"article","og_title":"School-Aikido","og_description":"Ando biedt inclusieve Aikido-lessen voor scholen. Van basisschoolkinderen tot jongeren op de middelbare school, ontdek hoe Aikido de weerbaarheid en het zelfvertrouwen bevordert.","og_url":"https:\/\/aikido-ando.nl\/fr\/ecole-daikido\/","og_site_name":"Aikido ANDO","article_publisher":"https:\/\/www.facebook.com\/andoaikido","article_modified_time":"2024-12-10T13:04:22+00:00","og_image":[{"width":1920,"height":600,"url":"https:\/\/aikido-ando.nl\/wp-content\/uploads\/Weerbaarheid_Aikido_les_by_AnneSlui.webp","type":"image\/webp"}],"twitter_card":"summary_large_image","twitter_misc":{"Dur\u00e9e de lecture estim\u00e9e":"4 minutes"},"schema":{"@context":"https:\/\/schema.org","@graph":[{"@type":"WebPage","@id":"https:\/\/aikido-ando.nl\/school-aikido\/","url":"https:\/\/aikido-ando.nl\/school-aikido\/","name":"\u00c9cole-Aikido - Aikido ANDO","isPartOf":{"@id":"https:\/\/aikido-ando.nl\/#website"},"primaryImageOfPage":{"@id":"https:\/\/aikido-ando.nl\/school-aikido\/#primaryimage"},"image":{"@id":"https:\/\/aikido-ando.nl\/school-aikido\/#primaryimage"},"thumbnailUrl":"https:\/\/aikido-ando.nl\/wp-content\/uploads\/Weerbaarheid_Aikido_les_by_AnneSlui.webp","datePublished":"2024-10-13T12:53:18+00:00","dateModified":"2024-12-10T13:04:22+00:00","description":"Ando propose des cours d'A\u00efkido pour les \u00e9coles. Des enfants de l'\u00e9cole primaire aux lyc\u00e9ens, d\u00e9couvrez comment l'A\u00efkido favorise la r\u00e9silience et la confiance en soi.","breadcrumb":{"@id":"https:\/\/aikido-ando.nl\/school-aikido\/#breadcrumb"},"inLanguage":"fr-FR","potentialAction":[{"@type":"ReadAction","target":["https:\/\/aikido-ando.nl\/school-aikido\/"]}]},{"@type":"ImageObject","inLanguage":"fr-FR","@id":"https:\/\/aikido-ando.nl\/school-aikido\/#primaryimage","url":"https:\/\/aikido-ando.nl\/wp-content\/uploads\/Weerbaarheid_Aikido_les_by_AnneSlui.webp","contentUrl":"https:\/\/aikido-ando.nl\/wp-content\/uploads\/Weerbaarheid_Aikido_les_by_AnneSlui.webp","width":1920,"height":600,"caption":"sensei Anne gooit een Uke in Meerhoven op de mat in de dojo. Tijdens de volwassen Aikidoles waarbij jong en oud, hoog en laag gegradueerd traint."},{"@type":"BreadcrumbList","@id":"https:\/\/aikido-ando.nl\/school-aikido\/#breadcrumb","itemListElement":[{"@type":"ListItem","position":1,"name":"Home","item":"https:\/\/aikido-ando.nl\/"},{"@type":"ListItem","position":2,"name":"School-Aikido"}]},{"@type":"WebSite","@id":"https:\/\/aikido-ando.nl\/#website","url":"https:\/\/aikido-ando.nl\/","name":"Aikido Ando","description":"","publisher":{"@id":"https:\/\/aikido-ando.nl\/#organization"},"potentialAction":[{"@type":"SearchAction","target":{"@type":"EntryPoint","urlTemplate":"https:\/\/aikido-ando.nl\/?s={search_term_string}"},"query-input":{"@type":"PropertyValueSpecification","valueRequired":true,"valueName":"search_term_string"}}],"inLanguage":"fr-FR"},{"@type":"Organization","@id":"https:\/\/aikido-ando.nl\/#organization","name":"Aikido Ando","url":"https:\/\/aikido-ando.nl\/","logo":{"@type":"ImageObject","inLanguage":"fr-FR","@id":"https:\/\/aikido-ando.nl\/#\/schema\/logo\/image\/","url":"https:\/\/aikido-ando.nl\/wp-content\/uploads\/Logo.webp","contentUrl":"https:\/\/aikido-ando.nl\/wp-content\/uploads\/Logo.webp","width":500,"height":500,"caption":"Aikido Ando"},"image":{"@id":"https:\/\/aikido-ando.nl\/#\/schema\/logo\/image\/"},"sameAs":["https:\/\/www.facebook.com\/andoaikido","https:\/\/www.instagram.com\/andoaikido\/","https:\/\/www.tiktok.com\/404?fromUrl=\/andoaikido","https:\/\/www.linkedin.com\/company\/andoaikido?originalSubdomain=nl"]}]}},"_links":{"self":[{"href":"https:\/\/aikido-ando.nl\/fr\/wp-json\/wp\/v2\/pages\/645","targetHints":{"allow":["GET"]}}],"collection":[{"href":"https:\/\/aikido-ando.nl\/fr\/wp-json\/wp\/v2\/pages"}],"about":[{"href":"https:\/\/aikido-ando.nl\/fr\/wp-json\/wp\/v2\/types\/page"}],"author":[{"embeddable":true,"href":"https:\/\/aikido-ando.nl\/fr\/wp-json\/wp\/v2\/users\/1"}],"replies":[{"embeddable":true,"href":"https:\/\/aikido-ando.nl\/fr\/wp-json\/wp\/v2\/comments?post=645"}],"version-history":[{"count":0,"href":"https:\/\/aikido-ando.nl\/fr\/wp-json\/wp\/v2\/pages\/645\/revisions"}],"wp:featuredmedia":[{"embeddable":true,"href":"https:\/\/aikido-ando.nl\/fr\/wp-json\/wp\/v2\/media\/1677"}],"wp:attachment":[{"href":"https:\/\/aikido-ando.nl\/fr\/wp-json\/wp\/v2\/media?parent=645"}],"curies":[{"name":"wp","href":"https:\/\/api.w.org\/{rel}","templated":true}]}}