{"id":650,"date":"2024-10-13T15:05:09","date_gmt":"2024-10-13T13:05:09","guid":{"rendered":"https:\/\/aikido-ando.nl\/?page_id=650"},"modified":"2024-12-10T14:06:09","modified_gmt":"2024-12-10T13:06:09","slug":"kanji-japonais","status":"publish","type":"page","link":"https:\/\/aikido-ando.nl\/fr\/japanese-kanji\/","title":{"rendered":"Kanji japonais"},"content":{"rendered":"<div data-elementor-type=\"wp-page\" data-elementor-id=\"650\" class=\"elementor elementor-650\" data-elementor-post-type=\"page\">\n\t\t\t\t<div class=\"elementor-element elementor-element-e16da8d e-flex e-con-boxed e-con e-parent\" data-id=\"e16da8d\" data-element_type=\"container\" data-e-type=\"container\">\n\t\t\t\t\t<div class=\"e-con-inner\">\n\t\t\t\t<div class=\"elementor-element elementor-element-32427be elementor-widget elementor-widget-text-editor\" data-id=\"32427be\" data-element_type=\"widget\" data-e-type=\"widget\" data-widget_type=\"text-editor.default\">\n\t\t\t\t<div class=\"elementor-widget-container\">\n\t\t\t\t\t\t\t\t\t<h2>VOTRE NOM EN JAPONAIS<\/h2><p><strong>L'a\u00efkido est japonais. Il poss\u00e8de une culture riche et magnifique. Par exemple, il existe diff\u00e9rentes \u00e9critures, dont le katakana. Ces Kanji, comme ils les appellent, sont fr\u00e9quemment rencontr\u00e9s en A\u00efkido. Voulez-vous savoir comment \u00e9crire votre nom ? Lisez la suite ou g\u00e9n\u00e9rez votre nom en japonais avec nous !<\/strong><\/p>\t\t\t\t\t\t\t\t<\/div>\n\t\t\t\t<\/div>\n\t\t\t\t<div class=\"elementor-element elementor-element-693edd2 elementor-widget elementor-widget-text-editor\" data-id=\"693edd2\" data-element_type=\"widget\" data-e-type=\"widget\" data-widget_type=\"text-editor.default\">\n\t\t\t\t<div class=\"elementor-widget-container\">\n\t\t\t\t\t\t\t\t\t<p>Les Katakana sont utilis\u00e9s pour d\u00e9crire les mots de <strong>origine non japonaise<\/strong> affichage. Il peut s'agir de mots emprunt\u00e9s tels que caf\u00e9 ou bi\u00e8re. Le katakana s'utilise par le son ou l'imitation du son. <strong>Il s'agit donc de phon\u00e9tique<\/strong>. Par exemple, vous \u00e9crivez boulanger mais vous le prononcez bah-ker (vous pouvez \u00e9galement trouver cela dans un dictionnaire). De cette mani\u00e8re, tout peut s'\u00e9crire en japonais.\u00a0<\/p><p>Apprendre ces Kanji japonais est une activit\u00e9 amusante, parce qu'ils semblent sournois apr\u00e8s tout. <strong>une sorte d'\u00e9criture secr\u00e8te<\/strong>! ? Cette \u00e9criture vous aide \u00e9galement sur le tapis. Ainsi, on voit souvent des a\u00efkidokas qui s'entra\u00eenent depuis un certain temps faire broder leur nom sur l'hakama ou la manche de leur tenue. Cela n'est pas seulement pratique pour retrouver sa propre tenue, lors d'une phase d'entra\u00eenement, lorsqu'elle est mise \u00e0 s\u00e9cher, mais aussi pour un sensei. De cette fa\u00e7on, il peut vous appeler par votre nom plus facilement. <strong>Si vous lisez un peu plus loin, ce sera bient\u00f4t possible<\/strong>!<\/p><p>Vous vous demandez comment \u00e9crire votre nom ? Utilisez le g\u00e9n\u00e9rateur de noms ci-dessous !<\/p>\t\t\t\t\t\t\t\t<\/div>\n\t\t\t\t<\/div>\n\t\t\t\t\t<\/div>\n\t\t\t\t<\/div>\n\t\t<div class=\"elementor-element elementor-element-4079593 e-flex e-con-boxed e-con e-parent\" data-id=\"4079593\" data-element_type=\"container\" data-e-type=\"container\" data-settings=\"{&quot;background_background&quot;:&quot;classic&quot;}\">\n\t\t\t\t\t<div class=\"e-con-inner\">\n\t\t<div class=\"elementor-element elementor-element-ef9ff0b e-con-full e-flex e-con e-child\" data-id=\"ef9ff0b\" data-element_type=\"container\" data-e-type=\"container\">\n\t\t\t\t<div class=\"elementor-element elementor-element-e8552b8 elementor-widget elementor-widget-text-editor\" data-id=\"e8552b8\" data-element_type=\"widget\" data-e-type=\"widget\" data-widget_type=\"text-editor.default\">\n\t\t\t\t<div class=\"elementor-widget-container\">\n\t\t\t\t\t\t\t\t\t<p>KATAKANA<\/p><h3>KANJI D\u00c9M\u00caL\u00c9S<\/h3><p><strong>Vous voulez commencer \u00e0 apprendre les Katakana vous-m\u00eame ? Commencez par ce superbe poster sur les Kanji.<\/strong><\/p>\t\t\t\t\t\t\t\t<\/div>\n\t\t\t\t<\/div>\n\t\t\t\t<div class=\"elementor-element elementor-element-dc98ee4 elementor-widget elementor-widget-text-editor\" data-id=\"dc98ee4\" data-element_type=\"widget\" data-e-type=\"widget\" data-widget_type=\"text-editor.default\">\n\t\t\t\t<div class=\"elementor-widget-container\">\n\t\t\t\t\t\t\t\t\t<p>Ce poster pr\u00e9sente toutes les combinaisons de sons connues en katakana. Il r\u00e9pertorie \u00e9galement les 50 noms les plus courants pour vous permettre de vous entra\u00eener avec ces caract\u00e8res.<\/p><p>Vous pouvez \u00e9galement t\u00e9l\u00e9charger le cahier d'exercices correspondant \u00e0 partir de cette page, en faisant d\u00e9filer la page un peu plus bas.<\/p>\t\t\t\t\t\t\t\t<\/div>\n\t\t\t\t<\/div>\n\t\t\t\t<\/div>\n\t\t<div class=\"elementor-element elementor-element-8dd9d00 e-con-full e-flex e-con e-child\" data-id=\"8dd9d00\" data-element_type=\"container\" data-e-type=\"container\">\n\t\t\t\t<div class=\"elementor-element elementor-element-558f8fd elementor-widget elementor-widget-image\" data-id=\"558f8fd\" data-element_type=\"widget\" data-e-type=\"widget\" data-widget_type=\"image.default\">\n\t\t\t\t<div class=\"elementor-widget-container\">\n\t\t\t\t\t\t\t\t\t\t\t\t\t\t\t<img fetchpriority=\"high\" decoding=\"async\" width=\"1500\" height=\"1500\" src=\"https:\/\/aikido-ando.nl\/wp-content\/uploads\/AikidoKanjiPoster.webp\" class=\"attachment-large size-large wp-image-1484\" alt=\"Magnifique poster de kanji japonais disponible dans la boutique d&#039;a\u00efkido\" srcset=\"https:\/\/aikido-ando.nl\/wp-content\/uploads\/AikidoKanjiPoster.webp 1500w, https:\/\/aikido-ando.nl\/wp-content\/uploads\/AikidoKanjiPoster-768x768.webp 768w\" sizes=\"(max-width: 1500px) 100vw, 1500px\" \/>\t\t\t\t\t\t\t\t\t\t\t\t\t\t\t<\/div>\n\t\t\t\t<\/div>\n\t\t\t\t<\/div>\n\t\t\t\t\t<\/div>\n\t\t\t\t<\/div>\n\t\t<div class=\"elementor-element elementor-element-906e0ab e-con-full e-flex e-con e-parent\" data-id=\"906e0ab\" data-element_type=\"container\" data-e-type=\"container\">\n\t\t<div class=\"elementor-element elementor-element-6661f17 e-con-full e-flex e-con e-child\" data-id=\"6661f17\" data-element_type=\"container\" data-e-type=\"container\" data-settings=\"{&quot;background_background&quot;:&quot;classic&quot;}\">\n\t\t<div class=\"elementor-element elementor-element-b46128a e-con-full e-flex e-con e-child\" data-id=\"b46128a\" data-element_type=\"container\" data-e-type=\"container\">\n\t\t\t\t<div class=\"elementor-element elementor-element-e0be7e6 elementor-widget elementor-widget-heading\" data-id=\"e0be7e6\" data-element_type=\"widget\" data-e-type=\"widget\" data-widget_type=\"heading.default\">\n\t\t\t\t<div class=\"elementor-widget-container\">\n\t\t\t\t\t<span class=\"elementor-heading-title elementor-size-default\">Quel nom voulez-vous traduire ?<\/span>\t\t\t\t<\/div>\n\t\t\t\t<\/div>\n\t\t\t\t<div class=\"elementor-element elementor-element-8863669 elementor-widget__width-initial elementor-widget elementor-widget-html\" data-id=\"8863669\" data-element_type=\"widget\" data-e-type=\"widget\" data-widget_type=\"html.default\">\n\t\t\t\t<div class=\"elementor-widget-container\">\n\t\t\t\t\t<input type=\"text\" id=\"name\" name=\"name\" placeholder=\"Nom\" style=\"margin-bottom: 0px;border-radius: 20px; text-align:center;border-width: 0px;\" >\r\n<script>\r\ndocument.addEventListener(\"DOMContentLoaded\", function(event) {\r\n  jQuery('#generate-button a').click(function(){\r\n\tlet text1 = \"Ziet er zo uit '\";\r\n\tlet sentence = text1.concat(document.getElementById('name').value, \"' \ud83c\uddef\ud83c\uddf5<br><div style = \\\"font-size: 52px; font-weight: 800;\\\">\", wanakana.toKatakana(document.getElementById('name').value),\"<\/div>\");\r\n\r\n  document.getElementById('generated-name').innerHTML = sentence;\r\n  });\r\n});\r\n<\/script>\r\n<script src=\"https:\/\/unpkg.com\/wanakana@5.1.0\/wanakana.min.js\"><\/script>\t\t\t\t<\/div>\n\t\t\t\t<\/div>\n\t\t\t\t<div class=\"elementor-element elementor-element-b45ae30 elementor-align-center elementor-widget elementor-widget-button\" data-id=\"b45ae30\" data-element_type=\"widget\" data-e-type=\"widget\" id=\"generate-button\" data-widget_type=\"button.default\">\n\t\t\t\t<div class=\"elementor-widget-container\">\n\t\t\t\t\t\t\t\t\t<div class=\"elementor-button-wrapper\">\n\t\t\t\t\t<a class=\"elementor-button elementor-size-sm elementor-animation-grow\" role=\"button\">\n\t\t\t\t\t\t<span class=\"elementor-button-content-wrapper\">\n\t\t\t\t\t\t\t\t\t<span class=\"elementor-button-text\">G\u00e9n\u00e9rer \u270d<\/span>\n\t\t\t\t\t<\/span>\n\t\t\t\t\t<\/a>\n\t\t\t\t<\/div>\n\t\t\t\t\t\t\t\t<\/div>\n\t\t\t\t<\/div>\n\t\t\t\t<\/div>\n\t\t\t\t<\/div>\n\t\t<div class=\"elementor-element elementor-element-bceb7ac e-con-full e-flex e-con e-child\" data-id=\"bceb7ac\" data-element_type=\"container\" data-e-type=\"container\">\n\t\t<div class=\"elementor-element elementor-element-1dc92e6 e-con-full e-flex e-con e-child\" data-id=\"1dc92e6\" data-element_type=\"container\" data-e-type=\"container\">\n\t\t\t\t<div class=\"elementor-element elementor-element-2f27f91 elementor-widget elementor-widget-heading\" data-id=\"2f27f91\" data-element_type=\"widget\" data-e-type=\"widget\" data-widget_type=\"heading.default\">\n\t\t\t\t<div class=\"elementor-widget-container\">\n\t\t\t\t\t<span class=\"elementor-heading-title elementor-size-default\">Votre nom en kanji japonais<\/span>\t\t\t\t<\/div>\n\t\t\t\t<\/div>\n\t\t\t\t<div class=\"elementor-element elementor-element-4d8004f elementor-widget elementor-widget-text-editor\" data-id=\"4d8004f\" data-element_type=\"widget\" data-e-type=\"widget\" id=\"generated-name\" data-widget_type=\"text-editor.default\">\n\t\t\t\t<div class=\"elementor-widget-container\">\n\t\t\t\t\t\t\t\t\t Je serai en dessous ici \ud83d\udc47\t\t\t\t\t\t\t\t<\/div>\n\t\t\t\t<\/div>\n\t\t\t\t<\/div>\n\t\t\t\t<\/div>\n\t\t\t\t<\/div>\n\t\t<div class=\"elementor-element elementor-element-2bb45bd e-flex e-con-boxed e-con e-parent\" data-id=\"2bb45bd\" data-element_type=\"container\" data-e-type=\"container\" data-settings=\"{&quot;background_background&quot;:&quot;classic&quot;}\">\n\t\t\t\t\t<div class=\"e-con-inner\">\n\t\t<div class=\"elementor-element elementor-element-110145e e-con-full e-flex e-con e-child\" data-id=\"110145e\" data-element_type=\"container\" data-e-type=\"container\">\n\t\t\t\t<div class=\"elementor-element elementor-element-127601e elementor-widget elementor-widget-text-editor\" data-id=\"127601e\" data-element_type=\"widget\" data-e-type=\"widget\" data-widget_type=\"text-editor.default\">\n\t\t\t\t<div class=\"elementor-widget-container\">\n\t\t\t\t\t\t\t\t\t<h2>PERCER LE SECRET DE L'AIKIDO : KANJI JAPONAIS<\/h2>\t\t\t\t\t\t\t\t<\/div>\n\t\t\t\t<\/div>\n\t\t<div class=\"elementor-element elementor-element-c654ff3 e-con-full e-flex e-con e-child\" data-id=\"c654ff3\" data-element_type=\"container\" data-e-type=\"container\">\n\t\t<div class=\"elementor-element elementor-element-e5bb399 e-con-full e-flex e-con e-child\" data-id=\"e5bb399\" data-element_type=\"container\" data-e-type=\"container\" data-settings=\"{&quot;background_background&quot;:&quot;classic&quot;}\">\n\t\t\t\t<div class=\"elementor-element elementor-element-c2bdcec elementor-widget elementor-widget-button\" data-id=\"c2bdcec\" data-element_type=\"widget\" data-e-type=\"widget\" data-widget_type=\"button.default\">\n\t\t\t\t<div class=\"elementor-widget-container\">\n\t\t\t\t\t\t\t\t\t<div class=\"elementor-button-wrapper\">\n\t\t\t\t\t<a class=\"elementor-button elementor-button-link elementor-size-sm\" href=\"https:\/\/aikido-shop.nl\/pages\/aikido-original\">\n\t\t\t\t\t\t<span class=\"elementor-button-content-wrapper\">\n\t\t\t\t\t\t\t\t\t<span class=\"elementor-button-text\">Boutique d'a\u00efkido<\/span>\n\t\t\t\t\t<\/span>\n\t\t\t\t\t<\/a>\n\t\t\t\t<\/div>\n\t\t\t\t\t\t\t\t<\/div>\n\t\t\t\t<\/div>\n\t\t\t\t<\/div>\n\t\t<div class=\"elementor-element elementor-element-92d40bc e-con-full e-flex e-con e-child\" data-id=\"92d40bc\" data-element_type=\"container\" data-e-type=\"container\" data-settings=\"{&quot;background_background&quot;:&quot;classic&quot;}\">\n\t\t\t\t<div class=\"elementor-element elementor-element-6826349 elementor-widget elementor-widget-button\" data-id=\"6826349\" data-element_type=\"widget\" data-e-type=\"widget\" data-widget_type=\"button.default\">\n\t\t\t\t<div class=\"elementor-widget-container\">\n\t\t\t\t\t\t\t\t\t<div class=\"elementor-button-wrapper\">\n\t\t\t\t\t<a class=\"elementor-button elementor-button-link elementor-size-sm\" href=\"https:\/\/aikido-ando.nl\/wp-content\/uploads\/AndoAikidoKanji.pdf\">\n\t\t\t\t\t\t<span class=\"elementor-button-content-wrapper\">\n\t\t\t\t\t\t\t\t\t<span class=\"elementor-button-text\">Imprimer l'affiche<\/span>\n\t\t\t\t\t<\/span>\n\t\t\t\t\t<\/a>\n\t\t\t\t<\/div>\n\t\t\t\t\t\t\t\t<\/div>\n\t\t\t\t<\/div>\n\t\t\t\t<\/div>\n\t\t<div class=\"elementor-element elementor-element-eaaafd6 e-con-full e-flex e-con e-child\" data-id=\"eaaafd6\" data-element_type=\"container\" data-e-type=\"container\" data-settings=\"{&quot;background_background&quot;:&quot;classic&quot;}\">\n\t\t\t\t<div class=\"elementor-element elementor-element-006a182 elementor-widget elementor-widget-button\" data-id=\"006a182\" data-element_type=\"widget\" data-e-type=\"widget\" data-widget_type=\"button.default\">\n\t\t\t\t<div class=\"elementor-widget-container\">\n\t\t\t\t\t\t\t\t\t<div class=\"elementor-button-wrapper\">\n\t\t\t\t\t<a class=\"elementor-button elementor-button-link elementor-size-sm\" href=\"https:\/\/aikido-ando.nl\/wp-content\/uploads\/JapaneseKataganaWerkboek_Download.pdf\">\n\t\t\t\t\t\t<span class=\"elementor-button-content-wrapper\">\n\t\t\t\t\t\t\t\t\t<span class=\"elementor-button-text\">T\u00e9l\u00e9charger le cahier d'exercices<\/span>\n\t\t\t\t\t<\/span>\n\t\t\t\t\t<\/a>\n\t\t\t\t<\/div>\n\t\t\t\t\t\t\t\t<\/div>\n\t\t\t\t<\/div>\n\t\t\t\t<\/div>\n\t\t\t\t<\/div>\n\t\t\t\t<\/div>\n\t\t<div class=\"elementor-element elementor-element-adb2821 e-con-full e-flex e-con e-child\" data-id=\"adb2821\" data-element_type=\"container\" data-e-type=\"container\">\n\t\t\t\t<div class=\"elementor-element elementor-element-f15022d elementor-widget elementor-widget-text-editor\" data-id=\"f15022d\" data-element_type=\"widget\" data-e-type=\"widget\" data-widget_type=\"text-editor.default\">\n\t\t\t\t<div class=\"elementor-widget-container\">\n\t\t\t\t\t\t\t\t\t<p>Commandez l'impression A3 d\u00e8s maintenant sur Aikido-Shop.co.uk ou t\u00e9l\u00e9chargez gratuitement le poster A4. L'Universit\u00e9 d'A\u00efkido propose \u00e9galement un cahier d'exercices gratuit pour rendre votre apprentissage de l'A\u00efkido encore plus amusant.<\/p>\t\t\t\t\t\t\t\t<\/div>\n\t\t\t\t<\/div>\n\t\t\t\t<div class=\"elementor-element elementor-element-756b872 elementor-widget elementor-widget-button\" data-id=\"756b872\" data-element_type=\"widget\" data-e-type=\"widget\" data-widget_type=\"button.default\">\n\t\t\t\t<div class=\"elementor-widget-container\">\n\t\t\t\t\t\t\t\t\t<div class=\"elementor-button-wrapper\">\n\t\t\t\t\t<a class=\"elementor-button elementor-button-link elementor-size-sm\" href=\"mailto:ando-aikido@gmail.com\">\n\t\t\t\t\t\t<span class=\"elementor-button-content-wrapper\">\n\t\t\t\t\t\t\t\t\t<span class=\"elementor-button-text\">Achetez-en 1, obtenez-en 1 gratuitement<\/span>\n\t\t\t\t\t<\/span>\n\t\t\t\t\t<\/a>\n\t\t\t\t<\/div>\n\t\t\t\t\t\t\t\t<\/div>\n\t\t\t\t<\/div>\n\t\t\t\t<\/div>\n\t\t\t\t\t<\/div>\n\t\t\t\t<\/div>\n\t\t\t\t<\/div>","protected":false},"excerpt":{"rendered":"<p>JOUW NAAM IN HET JAPANS\u200b Aikido is Japans. En heeft een mooie en rijke cultuur. Zo hebben ze verschillende schriften waaronder katakana. Deze Kanji zoals ze dat noemen, kom je in het Aikido regelmatig tegen. Wil jij weten hoe je je naam schrijft? Lees dan verder of genereer met ons je naam in het Japans! [&hellip;]<\/p>\n","protected":false},"author":1,"featured_media":1666,"parent":0,"menu_order":0,"comment_status":"closed","ping_status":"closed","template":"elementor_header_footer","meta":{"footnotes":""},"class_list":["post-650","page","type-page","status-publish","has-post-thumbnail","hentry"],"yoast_head":"<!-- This site is optimized with the Yoast SEO Premium plugin v27.3 (Yoast SEO v27.3) - https:\/\/yoast.com\/product\/yoast-seo-premium-wordpress\/ -->\n<title>Japanese Kanji - Aikido ANDO<\/title>\n<meta name=\"description\" content=\"Leer je naam schrijven in het Japanse Kanji en ontdek de fascinerende wereld van Aikido en zijn culturele schriften.\" \/>\n<meta name=\"robots\" content=\"index, follow, max-snippet:-1, max-image-preview:large, max-video-preview:-1\" \/>\n<link rel=\"canonical\" href=\"https:\/\/aikido-ando.nl\/fr\/kanji-japonais\/\" \/>\n<meta property=\"og:locale\" content=\"fr_FR\" \/>\n<meta property=\"og:type\" content=\"article\" \/>\n<meta property=\"og:title\" content=\"Japanese Kanji\" \/>\n<meta property=\"og:description\" content=\"Leer je naam schrijven in het Japanse Kanji en ontdek de fascinerende wereld van Aikido en zijn culturele schriften.\" \/>\n<meta property=\"og:url\" content=\"https:\/\/aikido-ando.nl\/fr\/kanji-japonais\/\" \/>\n<meta property=\"og:site_name\" content=\"Aikido ANDO\" \/>\n<meta property=\"article:publisher\" content=\"https:\/\/www.facebook.com\/andoaikido\" \/>\n<meta property=\"article:modified_time\" content=\"2024-12-10T13:06:09+00:00\" \/>\n<meta property=\"og:image\" content=\"https:\/\/aikido-ando.nl\/wp-content\/uploads\/Aikido_Hakama_training_End_Ando_Dojo.webp\" \/>\n\t<meta property=\"og:image:width\" content=\"1920\" \/>\n\t<meta property=\"og:image:height\" content=\"600\" \/>\n\t<meta property=\"og:image:type\" content=\"image\/webp\" \/>\n<meta name=\"twitter:card\" content=\"summary_large_image\" \/>\n<meta name=\"twitter:label1\" content=\"Dur\u00e9e de lecture estim\u00e9e\" \/>\n\t<meta name=\"twitter:data1\" content=\"3 minutes\" \/>\n<script type=\"application\/ld+json\" class=\"yoast-schema-graph\">{\"@context\":\"https:\\\/\\\/schema.org\",\"@graph\":[{\"@type\":\"WebPage\",\"@id\":\"https:\\\/\\\/aikido-ando.nl\\\/japanese-kanji\\\/\",\"url\":\"https:\\\/\\\/aikido-ando.nl\\\/japanese-kanji\\\/\",\"name\":\"Japanese Kanji - Aikido ANDO\",\"isPartOf\":{\"@id\":\"https:\\\/\\\/aikido-ando.nl\\\/#website\"},\"primaryImageOfPage\":{\"@id\":\"https:\\\/\\\/aikido-ando.nl\\\/japanese-kanji\\\/#primaryimage\"},\"image\":{\"@id\":\"https:\\\/\\\/aikido-ando.nl\\\/japanese-kanji\\\/#primaryimage\"},\"thumbnailUrl\":\"https:\\\/\\\/aikido-ando.nl\\\/wp-content\\\/uploads\\\/Aikido_Hakama_training_End_Ando_Dojo.webp\",\"datePublished\":\"2024-10-13T13:05:09+00:00\",\"dateModified\":\"2024-12-10T13:06:09+00:00\",\"description\":\"Leer je naam schrijven in het Japanse Kanji en ontdek de fascinerende wereld van Aikido en zijn culturele schriften.\",\"breadcrumb\":{\"@id\":\"https:\\\/\\\/aikido-ando.nl\\\/japanese-kanji\\\/#breadcrumb\"},\"inLanguage\":\"fr-FR\",\"potentialAction\":[{\"@type\":\"ReadAction\",\"target\":[\"https:\\\/\\\/aikido-ando.nl\\\/japanese-kanji\\\/\"]}]},{\"@type\":\"ImageObject\",\"inLanguage\":\"fr-FR\",\"@id\":\"https:\\\/\\\/aikido-ando.nl\\\/japanese-kanji\\\/#primaryimage\",\"url\":\"https:\\\/\\\/aikido-ando.nl\\\/wp-content\\\/uploads\\\/Aikido_Hakama_training_End_Ando_Dojo.webp\",\"contentUrl\":\"https:\\\/\\\/aikido-ando.nl\\\/wp-content\\\/uploads\\\/Aikido_Hakama_training_End_Ando_Dojo.webp\",\"width\":1920,\"height\":600,\"caption\":\"Aikido hakama is opgevouwen en ligt klaar op de tatami in Zaltbommel. Waar Ando een dojo heeft, net als in Geldrop en Sint-Oedenrode.\"},{\"@type\":\"BreadcrumbList\",\"@id\":\"https:\\\/\\\/aikido-ando.nl\\\/japanese-kanji\\\/#breadcrumb\",\"itemListElement\":[{\"@type\":\"ListItem\",\"position\":1,\"name\":\"Home\",\"item\":\"https:\\\/\\\/aikido-ando.nl\\\/\"},{\"@type\":\"ListItem\",\"position\":2,\"name\":\"Japanese Kanji\"}]},{\"@type\":\"WebSite\",\"@id\":\"https:\\\/\\\/aikido-ando.nl\\\/#website\",\"url\":\"https:\\\/\\\/aikido-ando.nl\\\/\",\"name\":\"Aikido Ando\",\"description\":\"\",\"publisher\":{\"@id\":\"https:\\\/\\\/aikido-ando.nl\\\/#organization\"},\"potentialAction\":[{\"@type\":\"SearchAction\",\"target\":{\"@type\":\"EntryPoint\",\"urlTemplate\":\"https:\\\/\\\/aikido-ando.nl\\\/?s={search_term_string}\"},\"query-input\":{\"@type\":\"PropertyValueSpecification\",\"valueRequired\":true,\"valueName\":\"search_term_string\"}}],\"inLanguage\":\"fr-FR\"},{\"@type\":\"Organization\",\"@id\":\"https:\\\/\\\/aikido-ando.nl\\\/#organization\",\"name\":\"Aikido Ando\",\"url\":\"https:\\\/\\\/aikido-ando.nl\\\/\",\"logo\":{\"@type\":\"ImageObject\",\"inLanguage\":\"fr-FR\",\"@id\":\"https:\\\/\\\/aikido-ando.nl\\\/#\\\/schema\\\/logo\\\/image\\\/\",\"url\":\"https:\\\/\\\/aikido-ando.nl\\\/wp-content\\\/uploads\\\/Logo.webp\",\"contentUrl\":\"https:\\\/\\\/aikido-ando.nl\\\/wp-content\\\/uploads\\\/Logo.webp\",\"width\":500,\"height\":500,\"caption\":\"Aikido Ando\"},\"image\":{\"@id\":\"https:\\\/\\\/aikido-ando.nl\\\/#\\\/schema\\\/logo\\\/image\\\/\"},\"sameAs\":[\"https:\\\/\\\/www.facebook.com\\\/andoaikido\",\"https:\\\/\\\/www.instagram.com\\\/andoaikido\\\/\",\"https:\\\/\\\/www.tiktok.com\\\/404?fromUrl=\\\/andoaikido\",\"https:\\\/\\\/www.linkedin.com\\\/company\\\/andoaikido?originalSubdomain=nl\"]}]}<\/script>\n<!-- \/ Yoast SEO Premium plugin. -->","yoast_head_json":{"title":"Kanji japonais - Aikido ANDO","description":"Apprenez \u00e0 \u00e9crire votre nom en kanji japonais et d\u00e9couvrez le monde fascinant de l'a\u00efkido et de ses \u00e9critures culturelles.","robots":{"index":"index","follow":"follow","max-snippet":"max-snippet:-1","max-image-preview":"max-image-preview:large","max-video-preview":"max-video-preview:-1"},"canonical":"https:\/\/aikido-ando.nl\/fr\/kanji-japonais\/","og_locale":"fr_FR","og_type":"article","og_title":"Japanese Kanji","og_description":"Leer je naam schrijven in het Japanse Kanji en ontdek de fascinerende wereld van Aikido en zijn culturele schriften.","og_url":"https:\/\/aikido-ando.nl\/fr\/kanji-japonais\/","og_site_name":"Aikido ANDO","article_publisher":"https:\/\/www.facebook.com\/andoaikido","article_modified_time":"2024-12-10T13:06:09+00:00","og_image":[{"width":1920,"height":600,"url":"https:\/\/aikido-ando.nl\/wp-content\/uploads\/Aikido_Hakama_training_End_Ando_Dojo.webp","type":"image\/webp"}],"twitter_card":"summary_large_image","twitter_misc":{"Dur\u00e9e de lecture estim\u00e9e":"3 minutes"},"schema":{"@context":"https:\/\/schema.org","@graph":[{"@type":"WebPage","@id":"https:\/\/aikido-ando.nl\/japanese-kanji\/","url":"https:\/\/aikido-ando.nl\/japanese-kanji\/","name":"Kanji japonais - Aikido ANDO","isPartOf":{"@id":"https:\/\/aikido-ando.nl\/#website"},"primaryImageOfPage":{"@id":"https:\/\/aikido-ando.nl\/japanese-kanji\/#primaryimage"},"image":{"@id":"https:\/\/aikido-ando.nl\/japanese-kanji\/#primaryimage"},"thumbnailUrl":"https:\/\/aikido-ando.nl\/wp-content\/uploads\/Aikido_Hakama_training_End_Ando_Dojo.webp","datePublished":"2024-10-13T13:05:09+00:00","dateModified":"2024-12-10T13:06:09+00:00","description":"Apprenez \u00e0 \u00e9crire votre nom en kanji japonais et d\u00e9couvrez le monde fascinant de l'a\u00efkido et de ses \u00e9critures culturelles.","breadcrumb":{"@id":"https:\/\/aikido-ando.nl\/japanese-kanji\/#breadcrumb"},"inLanguage":"fr-FR","potentialAction":[{"@type":"ReadAction","target":["https:\/\/aikido-ando.nl\/japanese-kanji\/"]}]},{"@type":"ImageObject","inLanguage":"fr-FR","@id":"https:\/\/aikido-ando.nl\/japanese-kanji\/#primaryimage","url":"https:\/\/aikido-ando.nl\/wp-content\/uploads\/Aikido_Hakama_training_End_Ando_Dojo.webp","contentUrl":"https:\/\/aikido-ando.nl\/wp-content\/uploads\/Aikido_Hakama_training_End_Ando_Dojo.webp","width":1920,"height":600,"caption":"Aikido hakama is opgevouwen en ligt klaar op de tatami in Zaltbommel. Waar Ando een dojo heeft, net als in Geldrop en Sint-Oedenrode."},{"@type":"BreadcrumbList","@id":"https:\/\/aikido-ando.nl\/japanese-kanji\/#breadcrumb","itemListElement":[{"@type":"ListItem","position":1,"name":"Home","item":"https:\/\/aikido-ando.nl\/"},{"@type":"ListItem","position":2,"name":"Japanese Kanji"}]},{"@type":"WebSite","@id":"https:\/\/aikido-ando.nl\/#website","url":"https:\/\/aikido-ando.nl\/","name":"Aikido Ando","description":"","publisher":{"@id":"https:\/\/aikido-ando.nl\/#organization"},"potentialAction":[{"@type":"SearchAction","target":{"@type":"EntryPoint","urlTemplate":"https:\/\/aikido-ando.nl\/?s={search_term_string}"},"query-input":{"@type":"PropertyValueSpecification","valueRequired":true,"valueName":"search_term_string"}}],"inLanguage":"fr-FR"},{"@type":"Organization","@id":"https:\/\/aikido-ando.nl\/#organization","name":"Aikido Ando","url":"https:\/\/aikido-ando.nl\/","logo":{"@type":"ImageObject","inLanguage":"fr-FR","@id":"https:\/\/aikido-ando.nl\/#\/schema\/logo\/image\/","url":"https:\/\/aikido-ando.nl\/wp-content\/uploads\/Logo.webp","contentUrl":"https:\/\/aikido-ando.nl\/wp-content\/uploads\/Logo.webp","width":500,"height":500,"caption":"Aikido Ando"},"image":{"@id":"https:\/\/aikido-ando.nl\/#\/schema\/logo\/image\/"},"sameAs":["https:\/\/www.facebook.com\/andoaikido","https:\/\/www.instagram.com\/andoaikido\/","https:\/\/www.tiktok.com\/404?fromUrl=\/andoaikido","https:\/\/www.linkedin.com\/company\/andoaikido?originalSubdomain=nl"]}]}},"_links":{"self":[{"href":"https:\/\/aikido-ando.nl\/fr\/wp-json\/wp\/v2\/pages\/650","targetHints":{"allow":["GET"]}}],"collection":[{"href":"https:\/\/aikido-ando.nl\/fr\/wp-json\/wp\/v2\/pages"}],"about":[{"href":"https:\/\/aikido-ando.nl\/fr\/wp-json\/wp\/v2\/types\/page"}],"author":[{"embeddable":true,"href":"https:\/\/aikido-ando.nl\/fr\/wp-json\/wp\/v2\/users\/1"}],"replies":[{"embeddable":true,"href":"https:\/\/aikido-ando.nl\/fr\/wp-json\/wp\/v2\/comments?post=650"}],"version-history":[{"count":0,"href":"https:\/\/aikido-ando.nl\/fr\/wp-json\/wp\/v2\/pages\/650\/revisions"}],"wp:featuredmedia":[{"embeddable":true,"href":"https:\/\/aikido-ando.nl\/fr\/wp-json\/wp\/v2\/media\/1666"}],"wp:attachment":[{"href":"https:\/\/aikido-ando.nl\/fr\/wp-json\/wp\/v2\/media?parent=650"}],"curies":[{"name":"wp","href":"https:\/\/api.w.org\/{rel}","templated":true}]}}